{"id":48,"date":"2024-02-22T10:29:05","date_gmt":"2024-02-22T09:29:05","guid":{"rendered":"https:\/\/nyforetagarcentrum.se\/nacka\/?page_id=48"},"modified":"2025-04-10T13:44:01","modified_gmt":"2025-04-10T11:44:01","slug":"erbjudanden","status":"publish","type":"page","link":"https:\/\/nyforetagarcentrum.se\/nacka\/erbjudanden\/","title":{"rendered":"Erbjudanden"},"content":{"rendered":"<section  class=\"nfc-block-hero alignfull\">\n\n    <img loading=\"lazy\" decoding=\"async\" width=\"1512\" height=\"745\" src=\"https:\/\/nyforetagarcentrum.se\/nacka\/wp-content\/uploads\/sites\/64\/2024\/02\/Topp-banner-2.png\" class=\"attachment-landscape size-landscape\" alt=\"\" srcset=\"https:\/\/nyforetagarcentrum.se\/nacka\/wp-content\/uploads\/sites\/64\/2024\/02\/Topp-banner-2.png 1512w, https:\/\/nyforetagarcentrum.se\/nacka\/wp-content\/uploads\/sites\/64\/2024\/02\/Topp-banner-2-300x148.png 300w, https:\/\/nyforetagarcentrum.se\/nacka\/wp-content\/uploads\/sites\/64\/2024\/02\/Topp-banner-2-1024x505.png 1024w, https:\/\/nyforetagarcentrum.se\/nacka\/wp-content\/uploads\/sites\/64\/2024\/02\/Topp-banner-2-768x378.png 768w\" sizes=\"(max-width: 1512px) 100vw, 1512px\" \/>\n    <div class=\"contained\">\n        <h1 class=\"nfc-block-hero__heading\">V\u00e5ra erbjudanden till dig som \u00e4r f\u00f6retagare<\/h1>\n\n            <\/div>\n<\/section>\n\n\n<div style=\"height:50px\" aria-hidden=\"true\" class=\"wp-block-spacer\"><\/div>\n\n\n<section  class=\"nfc-block-breadcrumbs\">\n    <div class=\"wrapper contained\">\n        <ol class=\"breadcrumbs\" itemscope itemtype=\"https:\/\/schema.org\/BreadcrumbList\">\n            <li itemprop=\"itemListElement\" itemscope itemtype=\"https:\/\/schema.org\/ListItem\">\n            \n\n                            <span class=\"current\" itemprop=\"name\">Hem<\/span>\n            \n            <meta itemprop=\"position\" content=\"1\" \/>\n        <\/li>\n    <\/ol>    <\/div>\n<\/section>\n\n\n<h2 class=\"wp-block-heading alignwide has-x-large-font-size\">Ta del av exklusiva erbjudanden<\/h2>\n\n\n<section  class=\"nfc-block-offer_grid alignwide layout-small\">\n    <div class=\"contained\">\n\n        <div class=\"filter-row\">\n            \n                            <button id=\"local-offers-button\">\n                    Lokala partners\n                <\/button>\n                <button id=\"national-offers-button\" class=\"outlined\">\n                    Nationella partners\n                <\/button>\n                    <\/div>\n\n        <div class=\"grid\" id=\"offers-grid\">\n            <div class=\"offer-card\">\n\n    <div class=\"gallery-wrapper\">\n                    <div class=\"selected-media\">\n                                    <img loading=\"lazy\" decoding=\"async\" width=\"683\" height=\"1024\" src=\"https:\/\/nyforetagarcentrum.se\/nacka\/wp-content\/uploads\/sites\/64\/2024\/02\/074fbd4f185748329fcc0d3630a184b2-720x1080-1-683x1024.png\" class=\"attachment-large size-large\" alt=\"\" srcset=\"https:\/\/nyforetagarcentrum.se\/nacka\/wp-content\/uploads\/sites\/64\/2024\/02\/074fbd4f185748329fcc0d3630a184b2-720x1080-1-683x1024.png 683w, https:\/\/nyforetagarcentrum.se\/nacka\/wp-content\/uploads\/sites\/64\/2024\/02\/074fbd4f185748329fcc0d3630a184b2-720x1080-1-200x300.png 200w, https:\/\/nyforetagarcentrum.se\/nacka\/wp-content\/uploads\/sites\/64\/2024\/02\/074fbd4f185748329fcc0d3630a184b2-720x1080-1.png 720w\" sizes=\"(max-width: 683px) 100vw, 683px\" \/>                            <\/div>\n        \n            <\/div>\n\n\n    <div class=\"content-wrapper\">\n        \n        <h3>Om oss<\/h3>\n\n        \n        <div class=\"content\">\n            <p>Nyf\u00f6retagarCentrum Nacka V\u00e4rmd\u00f6 Tyres\u00f6 \u00e4r en icke-vinstdrivande stiftelse som funnits sedan 1994. Vi erbjuder dig kostnadsfri r\u00e5dgivning. V\u00e5ra r\u00e5dgivare \u00e4r egna f\u00f6retagare med ett stort lokalt kontaktn\u00e4t som hj\u00e4lper dig med din aff\u00e4rsid\u00e9, dina allm\u00e4nna fr\u00e5gor kring budget, marknadsf\u00f6ring eller annat som r\u00f6r ditt f\u00f6retagande och som individ.<\/p>\n<p>N\u00e4r du har varit p\u00e5 m\u00f6te eller r\u00e5dgivning hos oss kommer du att vara b\u00e4ttre f\u00f6rberedd. Det enda vi kr\u00e4ver av dig \u00e4r ditt engagemang och att du tror p\u00e5 din id\u00e9.<\/p>\n<p>R\u00e5dgivningen \u00e4r helt kostnadsfri tack vare v\u00e5rt n\u00e4tverk av samarbetspartners som st\u00f6der oss, b\u00e5de med finansiella medel och med personlig expertis och engagemang.<\/p>\n<p><img loading=\"lazy\" decoding=\"async\" class=\"alignnone size-medium wp-image-319\" src=\"https:\/\/nyforetagarcentrum.se\/nacka\/wp-content\/uploads\/sites\/64\/2024\/02\/Nacka-300x130.jpg\" alt=\"Certifierat Nyf\u00f6retagarCentrum\" width=\"300\" height=\"130\" srcset=\"https:\/\/nyforetagarcentrum.se\/nacka\/wp-content\/uploads\/sites\/64\/2024\/02\/Nacka-300x130.jpg 300w, https:\/\/nyforetagarcentrum.se\/nacka\/wp-content\/uploads\/sites\/64\/2024\/02\/Nacka.jpg 366w\" sizes=\"(max-width: 300px) 100vw, 300px\" \/><\/p>\n        <\/div>\n\n            <\/div>\n<\/div>        <\/div>\n    <\/div>\n<\/section>\n\n\n<div style=\"height:80px\" aria-hidden=\"true\" class=\"wp-block-spacer\"><\/div>\n","protected":false},"excerpt":{"rendered":"<p>Ta del av exklusiva erbjudanden<\/p>\n","protected":false},"author":1,"featured_media":0,"parent":0,"menu_order":0,"comment_status":"closed","ping_status":"closed","template":"","meta":{"footnotes":""},"acf":[],"yoast_head":"<!-- This site is optimized with the Yoast SEO plugin v22.9 - https:\/\/yoast.com\/wordpress\/plugins\/seo\/ -->\n<title>Erbjudanden - Nacka V\u00e4rmd\u00f6 Tyres\u00f6<\/title>\n<meta name=\"robots\" content=\"index, follow, max-snippet:-1, max-image-preview:large, max-video-preview:-1\" \/>\n<link rel=\"canonical\" href=\"https:\/\/nyforetagarcentrum.se\/nacka\/erbjudanden\/\" \/>\n<meta property=\"og:locale\" content=\"sv_SE\" \/>\n<meta property=\"og:type\" content=\"article\" \/>\n<meta property=\"og:title\" content=\"Erbjudanden - Nacka V\u00e4rmd\u00f6 Tyres\u00f6\" \/>\n<meta property=\"og:description\" content=\"Ta del av exklusiva erbjudanden\" \/>\n<meta property=\"og:url\" content=\"https:\/\/nyforetagarcentrum.se\/nacka\/erbjudanden\/\" \/>\n<meta property=\"og:site_name\" content=\"Nacka V\u00e4rmd\u00f6 Tyres\u00f6\" \/>\n<meta property=\"article:modified_time\" content=\"2025-04-10T11:44:01+00:00\" \/>\n<meta name=\"twitter:card\" content=\"summary_large_image\" \/>\n<meta name=\"twitter:label1\" content=\"Ber\u00e4knad l\u00e4stid\" \/>\n\t<meta name=\"twitter:data1\" content=\"1 minut\" \/>\n<script type=\"application\/ld+json\" class=\"yoast-schema-graph\">{\"@context\":\"https:\/\/schema.org\",\"@graph\":[{\"@type\":\"WebPage\",\"@id\":\"https:\/\/nyforetagarcentrum.se\/nacka\/erbjudanden\/\",\"url\":\"https:\/\/nyforetagarcentrum.se\/nacka\/erbjudanden\/\",\"name\":\"Erbjudanden - Nacka V\u00e4rmd\u00f6 Tyres\u00f6\",\"isPartOf\":{\"@id\":\"https:\/\/nyforetagarcentrum.se\/nacka\/#website\"},\"datePublished\":\"2024-02-22T09:29:05+00:00\",\"dateModified\":\"2025-04-10T11:44:01+00:00\",\"breadcrumb\":{\"@id\":\"https:\/\/nyforetagarcentrum.se\/nacka\/erbjudanden\/#breadcrumb\"},\"inLanguage\":\"sv-SE\",\"potentialAction\":[{\"@type\":\"ReadAction\",\"target\":[\"https:\/\/nyforetagarcentrum.se\/nacka\/erbjudanden\/\"]}]},{\"@type\":\"BreadcrumbList\",\"@id\":\"https:\/\/nyforetagarcentrum.se\/nacka\/erbjudanden\/#breadcrumb\",\"itemListElement\":[{\"@type\":\"ListItem\",\"position\":1,\"name\":\"Hem\",\"item\":\"https:\/\/nyforetagarcentrum.se\/nacka\/\"},{\"@type\":\"ListItem\",\"position\":2,\"name\":\"Erbjudanden\"}]},{\"@type\":\"WebSite\",\"@id\":\"https:\/\/nyforetagarcentrum.se\/nacka\/#website\",\"url\":\"https:\/\/nyforetagarcentrum.se\/nacka\/\",\"name\":\"Nacka V\u00e4rmd\u00f6 Tyres\u00f6\",\"description\":\"Sveriges ledande kraft f\u00f6r fler nya livskraftiga f\u00f6retag\",\"publisher\":{\"@id\":\"https:\/\/nyforetagarcentrum.se\/nacka\/#organization\"},\"potentialAction\":[{\"@type\":\"SearchAction\",\"target\":{\"@type\":\"EntryPoint\",\"urlTemplate\":\"https:\/\/nyforetagarcentrum.se\/nacka\/?s={search_term_string}\"},\"query-input\":\"required name=search_term_string\"}],\"inLanguage\":\"sv-SE\"},{\"@type\":\"Organization\",\"@id\":\"https:\/\/nyforetagarcentrum.se\/nacka\/#organization\",\"name\":\"Nacka V\u00e4rmd\u00f6 Tyres\u00f6\",\"url\":\"https:\/\/nyforetagarcentrum.se\/nacka\/\",\"logo\":{\"@type\":\"ImageObject\",\"inLanguage\":\"sv-SE\",\"@id\":\"https:\/\/nyforetagarcentrum.se\/nacka\/#\/schema\/logo\/image\/\",\"url\":\"https:\/\/nyforetagarcentrum.se\/nacka\/wp-content\/uploads\/sites\/64\/2024\/04\/nacka-varmdo-tyreso-1.png\",\"contentUrl\":\"https:\/\/nyforetagarcentrum.se\/nacka\/wp-content\/uploads\/sites\/64\/2024\/04\/nacka-varmdo-tyreso-1.png\",\"width\":1082,\"height\":542,\"caption\":\"Nacka V\u00e4rmd\u00f6 Tyres\u00f6\"},\"image\":{\"@id\":\"https:\/\/nyforetagarcentrum.se\/nacka\/#\/schema\/logo\/image\/\"}}]}<\/script>\n<!-- \/ Yoast SEO plugin. -->","yoast_head_json":{"title":"Erbjudanden - Nacka V\u00e4rmd\u00f6 Tyres\u00f6","robots":{"index":"index","follow":"follow","max-snippet":"max-snippet:-1","max-image-preview":"max-image-preview:large","max-video-preview":"max-video-preview:-1"},"canonical":"https:\/\/nyforetagarcentrum.se\/nacka\/erbjudanden\/","og_locale":"sv_SE","og_type":"article","og_title":"Erbjudanden - Nacka V\u00e4rmd\u00f6 Tyres\u00f6","og_description":"Ta del av exklusiva erbjudanden","og_url":"https:\/\/nyforetagarcentrum.se\/nacka\/erbjudanden\/","og_site_name":"Nacka V\u00e4rmd\u00f6 Tyres\u00f6","article_modified_time":"2025-04-10T11:44:01+00:00","twitter_card":"summary_large_image","twitter_misc":{"Ber\u00e4knad l\u00e4stid":"1 minut"},"schema":{"@context":"https:\/\/schema.org","@graph":[{"@type":"WebPage","@id":"https:\/\/nyforetagarcentrum.se\/nacka\/erbjudanden\/","url":"https:\/\/nyforetagarcentrum.se\/nacka\/erbjudanden\/","name":"Erbjudanden - Nacka V\u00e4rmd\u00f6 Tyres\u00f6","isPartOf":{"@id":"https:\/\/nyforetagarcentrum.se\/nacka\/#website"},"datePublished":"2024-02-22T09:29:05+00:00","dateModified":"2025-04-10T11:44:01+00:00","breadcrumb":{"@id":"https:\/\/nyforetagarcentrum.se\/nacka\/erbjudanden\/#breadcrumb"},"inLanguage":"sv-SE","potentialAction":[{"@type":"ReadAction","target":["https:\/\/nyforetagarcentrum.se\/nacka\/erbjudanden\/"]}]},{"@type":"BreadcrumbList","@id":"https:\/\/nyforetagarcentrum.se\/nacka\/erbjudanden\/#breadcrumb","itemListElement":[{"@type":"ListItem","position":1,"name":"Hem","item":"https:\/\/nyforetagarcentrum.se\/nacka\/"},{"@type":"ListItem","position":2,"name":"Erbjudanden"}]},{"@type":"WebSite","@id":"https:\/\/nyforetagarcentrum.se\/nacka\/#website","url":"https:\/\/nyforetagarcentrum.se\/nacka\/","name":"Nacka V\u00e4rmd\u00f6 Tyres\u00f6","description":"Sveriges ledande kraft f\u00f6r fler nya livskraftiga f\u00f6retag","publisher":{"@id":"https:\/\/nyforetagarcentrum.se\/nacka\/#organization"},"potentialAction":[{"@type":"SearchAction","target":{"@type":"EntryPoint","urlTemplate":"https:\/\/nyforetagarcentrum.se\/nacka\/?s={search_term_string}"},"query-input":"required name=search_term_string"}],"inLanguage":"sv-SE"},{"@type":"Organization","@id":"https:\/\/nyforetagarcentrum.se\/nacka\/#organization","name":"Nacka V\u00e4rmd\u00f6 Tyres\u00f6","url":"https:\/\/nyforetagarcentrum.se\/nacka\/","logo":{"@type":"ImageObject","inLanguage":"sv-SE","@id":"https:\/\/nyforetagarcentrum.se\/nacka\/#\/schema\/logo\/image\/","url":"https:\/\/nyforetagarcentrum.se\/nacka\/wp-content\/uploads\/sites\/64\/2024\/04\/nacka-varmdo-tyreso-1.png","contentUrl":"https:\/\/nyforetagarcentrum.se\/nacka\/wp-content\/uploads\/sites\/64\/2024\/04\/nacka-varmdo-tyreso-1.png","width":1082,"height":542,"caption":"Nacka V\u00e4rmd\u00f6 Tyres\u00f6"},"image":{"@id":"https:\/\/nyforetagarcentrum.se\/nacka\/#\/schema\/logo\/image\/"}}]}},"_links":{"self":[{"href":"https:\/\/nyforetagarcentrum.se\/nacka\/wp-json\/wp\/v2\/pages\/48"}],"collection":[{"href":"https:\/\/nyforetagarcentrum.se\/nacka\/wp-json\/wp\/v2\/pages"}],"about":[{"href":"https:\/\/nyforetagarcentrum.se\/nacka\/wp-json\/wp\/v2\/types\/page"}],"author":[{"embeddable":true,"href":"https:\/\/nyforetagarcentrum.se\/nacka\/wp-json\/wp\/v2\/users\/1"}],"replies":[{"embeddable":true,"href":"https:\/\/nyforetagarcentrum.se\/nacka\/wp-json\/wp\/v2\/comments?post=48"}],"version-history":[{"count":9,"href":"https:\/\/nyforetagarcentrum.se\/nacka\/wp-json\/wp\/v2\/pages\/48\/revisions"}],"predecessor-version":[{"id":476,"href":"https:\/\/nyforetagarcentrum.se\/nacka\/wp-json\/wp\/v2\/pages\/48\/revisions\/476"}],"wp:attachment":[{"href":"https:\/\/nyforetagarcentrum.se\/nacka\/wp-json\/wp\/v2\/media?parent=48"}],"curies":[{"name":"wp","href":"https:\/\/api.w.org\/{rel}","templated":true}]}}