{"id":362,"date":"2024-05-15T15:48:27","date_gmt":"2024-05-15T13:48:27","guid":{"rendered":"https:\/\/nyforetagarcentrum.se\/nacka\/?page_id=362"},"modified":"2025-02-18T13:30:06","modified_gmt":"2025-02-18T12:30:06","slug":"var-styrelse","status":"publish","type":"page","link":"https:\/\/nyforetagarcentrum.se\/nacka\/var-styrelse\/","title":{"rendered":"V\u00e5r styrelse"},"content":{"rendered":"<section  class=\"nfc-block-hero alignfull\">\n\n    <img loading=\"lazy\" decoding=\"async\" width=\"1512\" height=\"745\" src=\"https:\/\/nyforetagarcentrum.se\/nacka\/wp-content\/uploads\/sites\/64\/2024\/02\/Topp-banner-2.png\" class=\"attachment-landscape size-landscape\" alt=\"\" srcset=\"https:\/\/nyforetagarcentrum.se\/nacka\/wp-content\/uploads\/sites\/64\/2024\/02\/Topp-banner-2.png 1512w, https:\/\/nyforetagarcentrum.se\/nacka\/wp-content\/uploads\/sites\/64\/2024\/02\/Topp-banner-2-300x148.png 300w, https:\/\/nyforetagarcentrum.se\/nacka\/wp-content\/uploads\/sites\/64\/2024\/02\/Topp-banner-2-1024x505.png 1024w, https:\/\/nyforetagarcentrum.se\/nacka\/wp-content\/uploads\/sites\/64\/2024\/02\/Topp-banner-2-768x378.png 768w\" sizes=\"(max-width: 1512px) 100vw, 1512px\" \/>\n    <div class=\"contained\">\n        <h1 class=\"nfc-block-hero__heading\">V\u00e5r styrelse<\/h1>\n\n            <\/div>\n<\/section>\n\n<section  class=\"nfc-block-person_grid alignwide layout-large-no-image\">\n    <div class=\"contained\">\n        <div class=\"grid\">\n            <div class=\"person-large-card\">\n    <div class=\"content-wrapper\">\n        <h3>Harry Goldman<\/h3>\n\n                    <div class=\"excerpt\">\n                Ordf\u00f6rande<br \/>\r\nVD, Nyf\u00f6retagarCentrum Sverige            <\/div>\n        \n        \n        <div class=\"links\">\n\n            \n                            <a href=\"mailto:harry.goldman@nyforetagarcentrum.se\">\n                    harry.goldman@nyforetagarcentrum.se                <\/a>\n                    <\/div>\n        \n    <\/div>\n<\/div><div class=\"person-large-card\">\n    <div class=\"content-wrapper\">\n        <h3>Anders Andersson<\/h3>\n\n                    <div class=\"excerpt\">\n                Ordinarie ledamot<br \/>\r\nEgenf\u00f6retagare            <\/div>\n        \n        \n        <div class=\"links\">\n\n            \n                            <a href=\"mailto: anders@andersandersson.se\">\n                     anders@andersandersson.se                <\/a>\n                    <\/div>\n        \n    <\/div>\n<\/div><div class=\"person-large-card\">\n    <div class=\"content-wrapper\">\n        <h3>Jonas Frid<\/h3>\n\n                    <div class=\"excerpt\">\n                Ordinarie ledamot<br \/>\r\nSvedea            <\/div>\n        \n        \n        <div class=\"links\">\n\n            \n                            <a href=\"mailto:jonas.frid@svedea.se\">\n                    jonas.frid@svedea.se                <\/a>\n                    <\/div>\n        \n    <\/div>\n<\/div><div class=\"person-large-card\">\n    <div class=\"content-wrapper\">\n        <h3>Mathias Forsberg<\/h3>\n\n                    <div class=\"excerpt\">\n                Ordinarie ledamot<br \/>\r\nN\u00e4ringslivsdirekt\u00f6r, Nacka kommun            <\/div>\n        \n        \n        <div class=\"links\">\n\n            \n                            <a href=\"mailto:mathias.forsberg@nacka.se\">\n                    mathias.forsberg@nacka.se                <\/a>\n                    <\/div>\n        \n    <\/div>\n<\/div><div class=\"person-large-card\">\n    <div class=\"content-wrapper\">\n        <h3>Gunilla Berg<\/h3>\n\n                    <div class=\"excerpt\">\n                Ordinarie ledamot,<br \/>\r\nN\u00e4ringslivschef, Tyres\u00f6 kommun            <\/div>\n        \n        \n        <div class=\"links\">\n\n            \n                            <a href=\"mailto:gunilla.berg@tyreso.se\">\n                    gunilla.berg@tyreso.se                <\/a>\n                    <\/div>\n        \n    <\/div>\n<\/div><div class=\"person-large-card\">\n    <div class=\"content-wrapper\">\n        <h3>Kristin J\u00f6rnsved<\/h3>\n\n                    <div class=\"excerpt\">\n                Ordinarie ledamot<br \/>\r\nN\u00e4ringslivssamordnare, V\u00e4rmd\u00f6 kommun            <\/div>\n        \n        \n        <div class=\"links\">\n\n            \n                            <a href=\"mailto:kristin.jornsved@varmdo.se\">\n                    kristin.jornsved@varmdo.se                <\/a>\n                    <\/div>\n        \n    <\/div>\n<\/div><div class=\"person-large-card\">\n    <div class=\"content-wrapper\">\n        <h3>Fredrik Lundstr\u00f6m<\/h3>\n\n                    <div class=\"excerpt\">\n                Ordinarie ledamot<br \/>\r\nAnsvarig samarbeten &#038; Partnerskap, Nyf\u00f6retagarCentrum Sverige            <\/div>\n        \n        \n        <div class=\"links\">\n\n            \n                            <a href=\"mailto:fredrik.lundstrom@nyforetagarcentrum.se\">\n                    fredrik.lundstrom@nyforetagarcentrum.se                <\/a>\n                    <\/div>\n        \n    <\/div>\n<\/div><div class=\"person-large-card\">\n    <div class=\"content-wrapper\">\n        <h3>Wanja Bellander<\/h3>\n\n                    <div class=\"excerpt\">\n                Ordinarie ledamot<br \/>\r\nEgen f\u00f6retagare, V\u00e4rmd\u00f6            <\/div>\n        \n        \n        <div class=\"links\">\n\n            \n                            <a href=\"mailto:wanja.bellander@binnova.se\">\n                    wanja.bellander@binnova.se                <\/a>\n                    <\/div>\n        \n    <\/div>\n<\/div><div class=\"person-large-card\">\n    <div class=\"content-wrapper\">\n        <h3>Annika Trogen<\/h3>\n\n                    <div class=\"excerpt\">\n                Ordinarie ledamot<br \/>\r\nEgenf\u00f6retagare, Trogen Havet            <\/div>\n        \n        \n        <div class=\"links\">\n\n            \n                            <a href=\"mailto:info@trogenhavet.se\">\n                    info@trogenhavet.se                <\/a>\n                    <\/div>\n        \n    <\/div>\n<\/div><div class=\"person-large-card\">\n    <div class=\"content-wrapper\">\n        <h3>Malin Ahlgren<\/h3>\n\n                    <div class=\"excerpt\">\n                Ordinarie ledamot<br \/>\r\n            <\/div>\n        \n        \n        <div class=\"links\">\n\n            \n                    <\/div>\n        \n    <\/div>\n<\/div><div class=\"person-large-card\">\n    <div class=\"content-wrapper\">\n        <h3>Anders B\u00f6rjesson<\/h3>\n\n                    <div class=\"excerpt\">\n                Adjungerad<br \/>\r\nBitr\u00e4dande N\u00e4ringslivsdirekt\u00f6r, Nacka Kommun &#038; VD Centrala Nacka            <\/div>\n        \n        \n        <div class=\"links\">\n\n            \n                    <\/div>\n        \n    <\/div>\n<\/div><div class=\"person-large-card\">\n    <div class=\"content-wrapper\">\n        <h3>Anette Klingeborn Skoglund<\/h3>\n\n                    <div class=\"excerpt\">\n                Adjungerad<br \/>\r\nVerksamhetsledare Nacka Tyres\u00f6 V\u00e4rmd\u00f6            <\/div>\n        \n        \n        <div class=\"links\">\n\n            \n                            <a href=\"mailto:anette@nyforetagarcentrum.se\">\n                    anette@nyforetagarcentrum.se                <\/a>\n                    <\/div>\n        \n    <\/div>\n<\/div>        <\/div>\n    <\/div>\n<\/section>\n\n\n<p><\/p>\n","protected":false},"excerpt":{"rendered":"","protected":false},"author":39,"featured_media":0,"parent":0,"menu_order":0,"comment_status":"closed","ping_status":"closed","template":"","meta":{"footnotes":""},"acf":[],"yoast_head":"<!-- This site is optimized with the Yoast SEO plugin v22.9 - https:\/\/yoast.com\/wordpress\/plugins\/seo\/ -->\n<title>V\u00e5r styrelse - Nacka V\u00e4rmd\u00f6 Tyres\u00f6<\/title>\n<meta name=\"robots\" content=\"index, follow, max-snippet:-1, max-image-preview:large, max-video-preview:-1\" \/>\n<link rel=\"canonical\" href=\"https:\/\/nyforetagarcentrum.se\/nacka\/var-styrelse\/\" \/>\n<meta property=\"og:locale\" content=\"sv_SE\" \/>\n<meta property=\"og:type\" content=\"article\" \/>\n<meta property=\"og:title\" content=\"V\u00e5r styrelse - Nacka V\u00e4rmd\u00f6 Tyres\u00f6\" \/>\n<meta property=\"og:url\" content=\"https:\/\/nyforetagarcentrum.se\/nacka\/var-styrelse\/\" \/>\n<meta property=\"og:site_name\" content=\"Nacka V\u00e4rmd\u00f6 Tyres\u00f6\" \/>\n<meta property=\"article:modified_time\" content=\"2025-02-18T12:30:06+00:00\" \/>\n<meta name=\"twitter:card\" content=\"summary_large_image\" \/>\n<script type=\"application\/ld+json\" class=\"yoast-schema-graph\">{\"@context\":\"https:\/\/schema.org\",\"@graph\":[{\"@type\":\"WebPage\",\"@id\":\"https:\/\/nyforetagarcentrum.se\/nacka\/var-styrelse\/\",\"url\":\"https:\/\/nyforetagarcentrum.se\/nacka\/var-styrelse\/\",\"name\":\"V\u00e5r styrelse - Nacka V\u00e4rmd\u00f6 Tyres\u00f6\",\"isPartOf\":{\"@id\":\"https:\/\/nyforetagarcentrum.se\/nacka\/#website\"},\"datePublished\":\"2024-05-15T13:48:27+00:00\",\"dateModified\":\"2025-02-18T12:30:06+00:00\",\"breadcrumb\":{\"@id\":\"https:\/\/nyforetagarcentrum.se\/nacka\/var-styrelse\/#breadcrumb\"},\"inLanguage\":\"sv-SE\",\"potentialAction\":[{\"@type\":\"ReadAction\",\"target\":[\"https:\/\/nyforetagarcentrum.se\/nacka\/var-styrelse\/\"]}]},{\"@type\":\"BreadcrumbList\",\"@id\":\"https:\/\/nyforetagarcentrum.se\/nacka\/var-styrelse\/#breadcrumb\",\"itemListElement\":[{\"@type\":\"ListItem\",\"position\":1,\"name\":\"Hem\",\"item\":\"https:\/\/nyforetagarcentrum.se\/nacka\/\"},{\"@type\":\"ListItem\",\"position\":2,\"name\":\"V\u00e5r styrelse\"}]},{\"@type\":\"WebSite\",\"@id\":\"https:\/\/nyforetagarcentrum.se\/nacka\/#website\",\"url\":\"https:\/\/nyforetagarcentrum.se\/nacka\/\",\"name\":\"Nacka V\u00e4rmd\u00f6 Tyres\u00f6\",\"description\":\"Sveriges ledande kraft f\u00f6r fler nya livskraftiga f\u00f6retag\",\"publisher\":{\"@id\":\"https:\/\/nyforetagarcentrum.se\/nacka\/#organization\"},\"potentialAction\":[{\"@type\":\"SearchAction\",\"target\":{\"@type\":\"EntryPoint\",\"urlTemplate\":\"https:\/\/nyforetagarcentrum.se\/nacka\/?s={search_term_string}\"},\"query-input\":\"required name=search_term_string\"}],\"inLanguage\":\"sv-SE\"},{\"@type\":\"Organization\",\"@id\":\"https:\/\/nyforetagarcentrum.se\/nacka\/#organization\",\"name\":\"Nacka V\u00e4rmd\u00f6 Tyres\u00f6\",\"url\":\"https:\/\/nyforetagarcentrum.se\/nacka\/\",\"logo\":{\"@type\":\"ImageObject\",\"inLanguage\":\"sv-SE\",\"@id\":\"https:\/\/nyforetagarcentrum.se\/nacka\/#\/schema\/logo\/image\/\",\"url\":\"https:\/\/nyforetagarcentrum.se\/nacka\/wp-content\/uploads\/sites\/64\/2024\/04\/nacka-varmdo-tyreso-1.png\",\"contentUrl\":\"https:\/\/nyforetagarcentrum.se\/nacka\/wp-content\/uploads\/sites\/64\/2024\/04\/nacka-varmdo-tyreso-1.png\",\"width\":1082,\"height\":542,\"caption\":\"Nacka V\u00e4rmd\u00f6 Tyres\u00f6\"},\"image\":{\"@id\":\"https:\/\/nyforetagarcentrum.se\/nacka\/#\/schema\/logo\/image\/\"}}]}<\/script>\n<!-- \/ Yoast SEO plugin. -->","yoast_head_json":{"title":"V\u00e5r styrelse - Nacka V\u00e4rmd\u00f6 Tyres\u00f6","robots":{"index":"index","follow":"follow","max-snippet":"max-snippet:-1","max-image-preview":"max-image-preview:large","max-video-preview":"max-video-preview:-1"},"canonical":"https:\/\/nyforetagarcentrum.se\/nacka\/var-styrelse\/","og_locale":"sv_SE","og_type":"article","og_title":"V\u00e5r styrelse - Nacka V\u00e4rmd\u00f6 Tyres\u00f6","og_url":"https:\/\/nyforetagarcentrum.se\/nacka\/var-styrelse\/","og_site_name":"Nacka V\u00e4rmd\u00f6 Tyres\u00f6","article_modified_time":"2025-02-18T12:30:06+00:00","twitter_card":"summary_large_image","schema":{"@context":"https:\/\/schema.org","@graph":[{"@type":"WebPage","@id":"https:\/\/nyforetagarcentrum.se\/nacka\/var-styrelse\/","url":"https:\/\/nyforetagarcentrum.se\/nacka\/var-styrelse\/","name":"V\u00e5r styrelse - Nacka V\u00e4rmd\u00f6 Tyres\u00f6","isPartOf":{"@id":"https:\/\/nyforetagarcentrum.se\/nacka\/#website"},"datePublished":"2024-05-15T13:48:27+00:00","dateModified":"2025-02-18T12:30:06+00:00","breadcrumb":{"@id":"https:\/\/nyforetagarcentrum.se\/nacka\/var-styrelse\/#breadcrumb"},"inLanguage":"sv-SE","potentialAction":[{"@type":"ReadAction","target":["https:\/\/nyforetagarcentrum.se\/nacka\/var-styrelse\/"]}]},{"@type":"BreadcrumbList","@id":"https:\/\/nyforetagarcentrum.se\/nacka\/var-styrelse\/#breadcrumb","itemListElement":[{"@type":"ListItem","position":1,"name":"Hem","item":"https:\/\/nyforetagarcentrum.se\/nacka\/"},{"@type":"ListItem","position":2,"name":"V\u00e5r styrelse"}]},{"@type":"WebSite","@id":"https:\/\/nyforetagarcentrum.se\/nacka\/#website","url":"https:\/\/nyforetagarcentrum.se\/nacka\/","name":"Nacka V\u00e4rmd\u00f6 Tyres\u00f6","description":"Sveriges ledande kraft f\u00f6r fler nya livskraftiga f\u00f6retag","publisher":{"@id":"https:\/\/nyforetagarcentrum.se\/nacka\/#organization"},"potentialAction":[{"@type":"SearchAction","target":{"@type":"EntryPoint","urlTemplate":"https:\/\/nyforetagarcentrum.se\/nacka\/?s={search_term_string}"},"query-input":"required name=search_term_string"}],"inLanguage":"sv-SE"},{"@type":"Organization","@id":"https:\/\/nyforetagarcentrum.se\/nacka\/#organization","name":"Nacka V\u00e4rmd\u00f6 Tyres\u00f6","url":"https:\/\/nyforetagarcentrum.se\/nacka\/","logo":{"@type":"ImageObject","inLanguage":"sv-SE","@id":"https:\/\/nyforetagarcentrum.se\/nacka\/#\/schema\/logo\/image\/","url":"https:\/\/nyforetagarcentrum.se\/nacka\/wp-content\/uploads\/sites\/64\/2024\/04\/nacka-varmdo-tyreso-1.png","contentUrl":"https:\/\/nyforetagarcentrum.se\/nacka\/wp-content\/uploads\/sites\/64\/2024\/04\/nacka-varmdo-tyreso-1.png","width":1082,"height":542,"caption":"Nacka V\u00e4rmd\u00f6 Tyres\u00f6"},"image":{"@id":"https:\/\/nyforetagarcentrum.se\/nacka\/#\/schema\/logo\/image\/"}}]}},"_links":{"self":[{"href":"https:\/\/nyforetagarcentrum.se\/nacka\/wp-json\/wp\/v2\/pages\/362"}],"collection":[{"href":"https:\/\/nyforetagarcentrum.se\/nacka\/wp-json\/wp\/v2\/pages"}],"about":[{"href":"https:\/\/nyforetagarcentrum.se\/nacka\/wp-json\/wp\/v2\/types\/page"}],"author":[{"embeddable":true,"href":"https:\/\/nyforetagarcentrum.se\/nacka\/wp-json\/wp\/v2\/users\/39"}],"replies":[{"embeddable":true,"href":"https:\/\/nyforetagarcentrum.se\/nacka\/wp-json\/wp\/v2\/comments?post=362"}],"version-history":[{"count":16,"href":"https:\/\/nyforetagarcentrum.se\/nacka\/wp-json\/wp\/v2\/pages\/362\/revisions"}],"predecessor-version":[{"id":463,"href":"https:\/\/nyforetagarcentrum.se\/nacka\/wp-json\/wp\/v2\/pages\/362\/revisions\/463"}],"wp:attachment":[{"href":"https:\/\/nyforetagarcentrum.se\/nacka\/wp-json\/wp\/v2\/media?parent=362"}],"curies":[{"name":"wp","href":"https:\/\/api.w.org\/{rel}","templated":true}]}}