{"id":128,"date":"2024-02-22T11:27:10","date_gmt":"2024-02-22T10:27:10","guid":{"rendered":"https:\/\/nyforetagarcentrum.se\/nacka\/?page_id=128"},"modified":"2024-05-15T10:13:40","modified_gmt":"2024-05-15T08:13:40","slug":"mentor","status":"publish","type":"page","link":"https:\/\/nyforetagarcentrum.se\/nacka\/mentor\/","title":{"rendered":"Mentor"},"content":{"rendered":"<section  class=\"nfc-block-breadcrumbs alignwide\">\n    <div class=\"wrapper contained\">\n        <ol class=\"breadcrumbs\" itemscope itemtype=\"https:\/\/schema.org\/BreadcrumbList\">\n            <li itemprop=\"itemListElement\" itemscope itemtype=\"https:\/\/schema.org\/ListItem\">\n            \n\n                            <span class=\"current\" itemprop=\"name\">Hem<\/span>\n            \n            <meta itemprop=\"position\" content=\"1\" \/>\n        <\/li>\n    <\/ol>    <\/div>\n<\/section>\n\n\n<div style=\"height:var(--wp--preset--spacing--50)\" aria-hidden=\"true\" class=\"wp-block-spacer\"><\/div>\n\n\n<section  class=\"nfc-block-split_screen alignwide image_alignment-left\">\n    <div class=\"wrapper\">\n        <div class=\"nfc-block-split_screen__image-wrapper\">\n            <img loading=\"lazy\" decoding=\"async\" width=\"1080\" height=\"1080\" src=\"https:\/\/nyforetagarcentrum.se\/nacka\/wp-content\/uploads\/sites\/64\/2024\/05\/Mentor-natverk-SEB-9102-1080x1080.webp\" class=\"attachment-landscape size-landscape\" alt=\"Mentor n\u00e4tverk\" srcset=\"https:\/\/nyforetagarcentrum.se\/nacka\/wp-content\/uploads\/sites\/64\/2024\/05\/Mentor-natverk-SEB-9102-1080x1080.webp 1080w, https:\/\/nyforetagarcentrum.se\/nacka\/wp-content\/uploads\/sites\/64\/2024\/05\/Mentor-natverk-SEB-9102-300x300.webp 300w, https:\/\/nyforetagarcentrum.se\/nacka\/wp-content\/uploads\/sites\/64\/2024\/05\/Mentor-natverk-SEB-9102-1024x1024.webp 1024w, https:\/\/nyforetagarcentrum.se\/nacka\/wp-content\/uploads\/sites\/64\/2024\/05\/Mentor-natverk-SEB-9102-150x150.webp 150w, https:\/\/nyforetagarcentrum.se\/nacka\/wp-content\/uploads\/sites\/64\/2024\/05\/Mentor-natverk-SEB-9102-768x768.webp 768w, https:\/\/nyforetagarcentrum.se\/nacka\/wp-content\/uploads\/sites\/64\/2024\/05\/Mentor-natverk-SEB-9102.webp 1200w\" sizes=\"(max-width: 1080px) 100vw, 1080px\" \/>        <\/div>\n\n        <div class=\"nfc-block-split_screen__content-wrapper\">\n            <h2>Mentorskap<\/h2>\n<div>\n<p>Vi deltar i det nationella programmet\u00a0<a href=\"http:\/\/www.mentoregetforetag.se\/\"><strong>Mentor Eget F\u00f6retag<\/strong><\/a>, ett program som drivs av v\u00e5r moderorganisation Nyf\u00f6retagarcentrum Sverige. Programmet inneb\u00e4r att en nyf\u00f6retagare kostnadsfritt f\u00e5r tillg\u00e5ng till en mentor, som bidrar med sina erfarenheter och sitt n\u00e4tverk p\u00e5 ideell basis under ett \u00e5r. P\u00e5 s\u00e5 s\u00e4tt f\u00e5r man en b\u00e4ttre f\u00f6retagsstart och m\u00f6jlighet till l\u00f6nsamhet och framg\u00e5ng.<\/p>\n<p>Vi p\u00e5 Nyf\u00f6retagarCentrum har ett begr\u00e4nsat antal par: mentor \u2013 nyf\u00f6retagare, varje \u00e5r. Alla som vill kan tyv\u00e4rr inte f\u00e5 en egen mentor, men vi g\u00f6r allt vad vi kan f\u00f6r alla som anm\u00e4ler sig.<\/p>\n<p>Har du redan haft ditt f\u00f6retag ig\u00e5ng under ett eller flera \u00e5r ska du v\u00e4nda dig till\u00a0<a href=\"https:\/\/www.almi.se\/\" target=\"_blank\" rel=\"noopener noreferrer\">ALMI<\/a>\u00a0i f\u00f6rsta hand.<\/p>\n<\/div>\n\n                            <div class=\"nfc-block-split_screen__buttons\">\n                                            <a href=\"https:\/\/www.mentoregetforetag.se\/\" class=\"button primary\">L\u00e4s mer om Mentor Eget F\u00f6retag<\/a>\n                                    <\/div>\n            \n        <\/div>\n    <\/div>\n<\/section>\n\n\n<div style=\"height:100px\" aria-hidden=\"true\" class=\"wp-block-spacer\"><\/div>\n\n\n\n<h2 class=\"wp-block-heading alignwide has-x-large-font-size\">Mentorhandledare hos Nyf\u00f6retagarCentrum Nacka V\u00e4rmd\u00f6 Tyres\u00f6<\/h2>\n\n\n<section  class=\"nfc-block-person_grid alignwide layout-featured\">\n    <div class=\"contained\">\n        <div class=\"grid\">\n            <div class=\"person-featured-card\">\n    \n    <div class=\"featured_image\">\n                    <img loading=\"lazy\" decoding=\"async\" width=\"714\" height=\"892\" src=\"https:\/\/nyforetagarcentrum.se\/nacka\/wp-content\/uploads\/sites\/64\/2024\/02\/Raoul_Tommy_Sultan.webp\" class=\"attachment-large size-large\" alt=\"\" srcset=\"https:\/\/nyforetagarcentrum.se\/nacka\/wp-content\/uploads\/sites\/64\/2024\/02\/Raoul_Tommy_Sultan.webp 714w, https:\/\/nyforetagarcentrum.se\/nacka\/wp-content\/uploads\/sites\/64\/2024\/02\/Raoul_Tommy_Sultan-240x300.webp 240w\" sizes=\"(max-width: 714px) 100vw, 714px\" \/>            <\/div>\n\n    <div class=\"content-wrapper\">\n        <h3>Raoul Tommy Sultan<\/h3>\n\n                    <div class=\"tags\">\n                Inriktning:\n                                    <span class=\"tag small\">Mentor<\/span>\n                            <\/div>\n        \n                    <div class=\"excerpt\">\n                Kontakt mentorprogrammet<br \/>\r\n<br \/>\r\n\u00c4r erfaren F\u00f6retagsledare ifr\u00e5n bl.a Dagligvaruhandeln FMCG med inriktning p\u00e5 de Nordiska l\u00e4nderna.  Har l\u00e5ng erfarenhet med inom f\u00f6rs\u00e4ljning, marknadsf\u00f6ring och ledarskap inklusive rekrytering.                 <br\/>\n                            <\/div>\n        \n            <\/div>\n<\/div>        <\/div>\n    <\/div>\n<\/section>\n\n\n<div style=\"height:100px\" aria-hidden=\"true\" class=\"wp-block-spacer\"><\/div>\n","protected":false},"excerpt":{"rendered":"<p>Mentorhandledare hos Nyf\u00f6retagarCentrum Nacka V\u00e4rmd\u00f6 Tyres\u00f6<\/p>\n","protected":false},"author":1,"featured_media":0,"parent":0,"menu_order":0,"comment_status":"closed","ping_status":"closed","template":"","meta":{"footnotes":""},"acf":[],"yoast_head":"<!-- This site is optimized with the Yoast SEO plugin v22.9 - https:\/\/yoast.com\/wordpress\/plugins\/seo\/ -->\n<title>Mentor - Nacka V\u00e4rmd\u00f6 Tyres\u00f6<\/title>\n<meta name=\"robots\" content=\"index, follow, max-snippet:-1, max-image-preview:large, max-video-preview:-1\" \/>\n<link rel=\"canonical\" href=\"https:\/\/nyforetagarcentrum.se\/nacka\/mentor\/\" \/>\n<meta property=\"og:locale\" content=\"sv_SE\" \/>\n<meta property=\"og:type\" content=\"article\" \/>\n<meta property=\"og:title\" content=\"Mentor - Nacka V\u00e4rmd\u00f6 Tyres\u00f6\" \/>\n<meta property=\"og:description\" content=\"Mentorhandledare hos Nyf\u00f6retagarCentrum Nacka V\u00e4rmd\u00f6 Tyres\u00f6\" \/>\n<meta property=\"og:url\" content=\"https:\/\/nyforetagarcentrum.se\/nacka\/mentor\/\" \/>\n<meta property=\"og:site_name\" content=\"Nacka V\u00e4rmd\u00f6 Tyres\u00f6\" \/>\n<meta property=\"article:modified_time\" content=\"2024-05-15T08:13:40+00:00\" \/>\n<meta name=\"twitter:card\" content=\"summary_large_image\" \/>\n<script type=\"application\/ld+json\" class=\"yoast-schema-graph\">{\"@context\":\"https:\/\/schema.org\",\"@graph\":[{\"@type\":\"WebPage\",\"@id\":\"https:\/\/nyforetagarcentrum.se\/nacka\/mentor\/\",\"url\":\"https:\/\/nyforetagarcentrum.se\/nacka\/mentor\/\",\"name\":\"Mentor - Nacka V\u00e4rmd\u00f6 Tyres\u00f6\",\"isPartOf\":{\"@id\":\"https:\/\/nyforetagarcentrum.se\/nacka\/#website\"},\"datePublished\":\"2024-02-22T10:27:10+00:00\",\"dateModified\":\"2024-05-15T08:13:40+00:00\",\"breadcrumb\":{\"@id\":\"https:\/\/nyforetagarcentrum.se\/nacka\/mentor\/#breadcrumb\"},\"inLanguage\":\"sv-SE\",\"potentialAction\":[{\"@type\":\"ReadAction\",\"target\":[\"https:\/\/nyforetagarcentrum.se\/nacka\/mentor\/\"]}]},{\"@type\":\"BreadcrumbList\",\"@id\":\"https:\/\/nyforetagarcentrum.se\/nacka\/mentor\/#breadcrumb\",\"itemListElement\":[{\"@type\":\"ListItem\",\"position\":1,\"name\":\"Hem\",\"item\":\"https:\/\/nyforetagarcentrum.se\/nacka\/\"},{\"@type\":\"ListItem\",\"position\":2,\"name\":\"Mentor\"}]},{\"@type\":\"WebSite\",\"@id\":\"https:\/\/nyforetagarcentrum.se\/nacka\/#website\",\"url\":\"https:\/\/nyforetagarcentrum.se\/nacka\/\",\"name\":\"Nacka V\u00e4rmd\u00f6 Tyres\u00f6\",\"description\":\"Sveriges ledande kraft f\u00f6r fler nya livskraftiga f\u00f6retag\",\"publisher\":{\"@id\":\"https:\/\/nyforetagarcentrum.se\/nacka\/#organization\"},\"potentialAction\":[{\"@type\":\"SearchAction\",\"target\":{\"@type\":\"EntryPoint\",\"urlTemplate\":\"https:\/\/nyforetagarcentrum.se\/nacka\/?s={search_term_string}\"},\"query-input\":\"required name=search_term_string\"}],\"inLanguage\":\"sv-SE\"},{\"@type\":\"Organization\",\"@id\":\"https:\/\/nyforetagarcentrum.se\/nacka\/#organization\",\"name\":\"Nacka V\u00e4rmd\u00f6 Tyres\u00f6\",\"url\":\"https:\/\/nyforetagarcentrum.se\/nacka\/\",\"logo\":{\"@type\":\"ImageObject\",\"inLanguage\":\"sv-SE\",\"@id\":\"https:\/\/nyforetagarcentrum.se\/nacka\/#\/schema\/logo\/image\/\",\"url\":\"https:\/\/nyforetagarcentrum.se\/nacka\/wp-content\/uploads\/sites\/64\/2024\/04\/nacka-varmdo-tyreso-1.png\",\"contentUrl\":\"https:\/\/nyforetagarcentrum.se\/nacka\/wp-content\/uploads\/sites\/64\/2024\/04\/nacka-varmdo-tyreso-1.png\",\"width\":1082,\"height\":542,\"caption\":\"Nacka V\u00e4rmd\u00f6 Tyres\u00f6\"},\"image\":{\"@id\":\"https:\/\/nyforetagarcentrum.se\/nacka\/#\/schema\/logo\/image\/\"}}]}<\/script>\n<!-- \/ Yoast SEO plugin. -->","yoast_head_json":{"title":"Mentor - Nacka V\u00e4rmd\u00f6 Tyres\u00f6","robots":{"index":"index","follow":"follow","max-snippet":"max-snippet:-1","max-image-preview":"max-image-preview:large","max-video-preview":"max-video-preview:-1"},"canonical":"https:\/\/nyforetagarcentrum.se\/nacka\/mentor\/","og_locale":"sv_SE","og_type":"article","og_title":"Mentor - Nacka V\u00e4rmd\u00f6 Tyres\u00f6","og_description":"Mentorhandledare hos Nyf\u00f6retagarCentrum Nacka V\u00e4rmd\u00f6 Tyres\u00f6","og_url":"https:\/\/nyforetagarcentrum.se\/nacka\/mentor\/","og_site_name":"Nacka V\u00e4rmd\u00f6 Tyres\u00f6","article_modified_time":"2024-05-15T08:13:40+00:00","twitter_card":"summary_large_image","schema":{"@context":"https:\/\/schema.org","@graph":[{"@type":"WebPage","@id":"https:\/\/nyforetagarcentrum.se\/nacka\/mentor\/","url":"https:\/\/nyforetagarcentrum.se\/nacka\/mentor\/","name":"Mentor - Nacka V\u00e4rmd\u00f6 Tyres\u00f6","isPartOf":{"@id":"https:\/\/nyforetagarcentrum.se\/nacka\/#website"},"datePublished":"2024-02-22T10:27:10+00:00","dateModified":"2024-05-15T08:13:40+00:00","breadcrumb":{"@id":"https:\/\/nyforetagarcentrum.se\/nacka\/mentor\/#breadcrumb"},"inLanguage":"sv-SE","potentialAction":[{"@type":"ReadAction","target":["https:\/\/nyforetagarcentrum.se\/nacka\/mentor\/"]}]},{"@type":"BreadcrumbList","@id":"https:\/\/nyforetagarcentrum.se\/nacka\/mentor\/#breadcrumb","itemListElement":[{"@type":"ListItem","position":1,"name":"Hem","item":"https:\/\/nyforetagarcentrum.se\/nacka\/"},{"@type":"ListItem","position":2,"name":"Mentor"}]},{"@type":"WebSite","@id":"https:\/\/nyforetagarcentrum.se\/nacka\/#website","url":"https:\/\/nyforetagarcentrum.se\/nacka\/","name":"Nacka V\u00e4rmd\u00f6 Tyres\u00f6","description":"Sveriges ledande kraft f\u00f6r fler nya livskraftiga f\u00f6retag","publisher":{"@id":"https:\/\/nyforetagarcentrum.se\/nacka\/#organization"},"potentialAction":[{"@type":"SearchAction","target":{"@type":"EntryPoint","urlTemplate":"https:\/\/nyforetagarcentrum.se\/nacka\/?s={search_term_string}"},"query-input":"required name=search_term_string"}],"inLanguage":"sv-SE"},{"@type":"Organization","@id":"https:\/\/nyforetagarcentrum.se\/nacka\/#organization","name":"Nacka V\u00e4rmd\u00f6 Tyres\u00f6","url":"https:\/\/nyforetagarcentrum.se\/nacka\/","logo":{"@type":"ImageObject","inLanguage":"sv-SE","@id":"https:\/\/nyforetagarcentrum.se\/nacka\/#\/schema\/logo\/image\/","url":"https:\/\/nyforetagarcentrum.se\/nacka\/wp-content\/uploads\/sites\/64\/2024\/04\/nacka-varmdo-tyreso-1.png","contentUrl":"https:\/\/nyforetagarcentrum.se\/nacka\/wp-content\/uploads\/sites\/64\/2024\/04\/nacka-varmdo-tyreso-1.png","width":1082,"height":542,"caption":"Nacka V\u00e4rmd\u00f6 Tyres\u00f6"},"image":{"@id":"https:\/\/nyforetagarcentrum.se\/nacka\/#\/schema\/logo\/image\/"}}]}},"_links":{"self":[{"href":"https:\/\/nyforetagarcentrum.se\/nacka\/wp-json\/wp\/v2\/pages\/128"}],"collection":[{"href":"https:\/\/nyforetagarcentrum.se\/nacka\/wp-json\/wp\/v2\/pages"}],"about":[{"href":"https:\/\/nyforetagarcentrum.se\/nacka\/wp-json\/wp\/v2\/types\/page"}],"author":[{"embeddable":true,"href":"https:\/\/nyforetagarcentrum.se\/nacka\/wp-json\/wp\/v2\/users\/1"}],"replies":[{"embeddable":true,"href":"https:\/\/nyforetagarcentrum.se\/nacka\/wp-json\/wp\/v2\/comments?post=128"}],"version-history":[{"count":20,"href":"https:\/\/nyforetagarcentrum.se\/nacka\/wp-json\/wp\/v2\/pages\/128\/revisions"}],"predecessor-version":[{"id":334,"href":"https:\/\/nyforetagarcentrum.se\/nacka\/wp-json\/wp\/v2\/pages\/128\/revisions\/334"}],"wp:attachment":[{"href":"https:\/\/nyforetagarcentrum.se\/nacka\/wp-json\/wp\/v2\/media?parent=128"}],"curies":[{"name":"wp","href":"https:\/\/api.w.org\/{rel}","templated":true}]}}