{"id":239,"date":"2024-02-29T13:59:39","date_gmt":"2024-02-29T12:59:39","guid":{"rendered":"https:\/\/nyforetagarcentrum.se\/sundsvall\/?page_id=239"},"modified":"2025-05-30T15:07:42","modified_gmt":"2025-05-30T13:07:42","slug":"vara-radgivare","status":"publish","type":"page","link":"https:\/\/nyforetagarcentrum.se\/mitt\/vara-radgivare\/","title":{"rendered":"V\u00e5ra r\u00e5dgivare"},"content":{"rendered":"<section  class=\"nfc-block-hero alignfull\">\n\n    <img loading=\"lazy\" decoding=\"async\" width=\"1476\" height=\"984\" src=\"https:\/\/nyforetagarcentrum.se\/mitt\/wp-content\/uploads\/sites\/70\/2024\/02\/Nyforetagare-ung-LOW.jpg\" class=\"attachment-landscape size-landscape\" alt=\"\" srcset=\"https:\/\/nyforetagarcentrum.se\/mitt\/wp-content\/uploads\/sites\/70\/2024\/02\/Nyforetagare-ung-LOW.jpg 1476w, https:\/\/nyforetagarcentrum.se\/mitt\/wp-content\/uploads\/sites\/70\/2024\/02\/Nyforetagare-ung-LOW-300x200.jpg 300w, https:\/\/nyforetagarcentrum.se\/mitt\/wp-content\/uploads\/sites\/70\/2024\/02\/Nyforetagare-ung-LOW-1024x683.jpg 1024w, https:\/\/nyforetagarcentrum.se\/mitt\/wp-content\/uploads\/sites\/70\/2024\/02\/Nyforetagare-ung-LOW-768x512.jpg 768w\" sizes=\"(max-width: 1476px) 100vw, 1476px\" \/>\n    <div class=\"contained\">\n        <h1 class=\"nfc-block-hero__heading\">V\u00e5ra r\u00e5dgivare<\/h1>\n\n            <\/div>\n<\/section>\n\n\n<div style=\"height:49px\" aria-hidden=\"true\" class=\"wp-block-spacer\"><\/div>\n\n\n<section  class=\"nfc-block-breadcrumbs alignwide\">\n    <div class=\"wrapper contained\">\n        <ol class=\"breadcrumbs\" itemscope itemtype=\"https:\/\/schema.org\/BreadcrumbList\">\n            <li itemprop=\"itemListElement\" itemscope itemtype=\"https:\/\/schema.org\/ListItem\">\n            \n\n                            <span class=\"current\" itemprop=\"name\">Hem<\/span>\n            \n            <meta itemprop=\"position\" content=\"1\" \/>\n        <\/li>\n    <\/ol>    <\/div>\n<\/section>\n\n<section  class=\"nfc-block-split_screen alignwide image_alignment-left\">\n    <div class=\"wrapper\">\n        <div class=\"nfc-block-split_screen__image-wrapper\">\n            <img loading=\"lazy\" decoding=\"async\" width=\"1470\" height=\"980\" src=\"https:\/\/nyforetagarcentrum.se\/mitt\/wp-content\/uploads\/sites\/70\/2024\/02\/Medium_JM.png\" class=\"attachment-landscape size-landscape\" alt=\"\" srcset=\"https:\/\/nyforetagarcentrum.se\/mitt\/wp-content\/uploads\/sites\/70\/2024\/02\/Medium_JM.png 1470w, https:\/\/nyforetagarcentrum.se\/mitt\/wp-content\/uploads\/sites\/70\/2024\/02\/Medium_JM-300x200.png 300w, https:\/\/nyforetagarcentrum.se\/mitt\/wp-content\/uploads\/sites\/70\/2024\/02\/Medium_JM-1024x683.png 1024w, https:\/\/nyforetagarcentrum.se\/mitt\/wp-content\/uploads\/sites\/70\/2024\/02\/Medium_JM-768x512.png 768w\" sizes=\"(max-width: 1470px) 100vw, 1470px\" \/>        <\/div>\n\n        <div class=\"nfc-block-split_screen__content-wrapper\">\n            <h2><strong>Vi \u00e4r verksamma p\u00e5 Nyf\u00f6retagarCentrum Mitt<\/strong><\/h2>\n<p>V\u00e5ra r\u00e5dgivare \u00e4r sj\u00e4lva egna f\u00f6retagare, med erfarenhet av vad det inneb\u00e4r att ta steget till eget f\u00f6retag och att driva f\u00f6retag. De har ocks\u00e5 n\u00e4tverk i sina respektive hemorter, en lokal f\u00f6rankring och kan guida dig till kontakter inom n\u00e4ringslivet som du kan ha stor nytta av i ditt blivande f\u00f6retagande.<\/p>\n\n                            <div class=\"nfc-block-split_screen__buttons\">\n                                            <a href=\"https:\/\/jobsdata-nyforetagarcentrum.se\/ExternBooking?OfficeId=9223cdd6-5496-e811-80d7-0050568571f4&#038;_gl=1*1cto5jm*_ga*MjM3MzkyMTUuMTcwODU0OTMxNg..*_ga_9RRJJK0Y4R*MTcxMjIzNzM3MS4xLjEuMTcxMjIzOTYzOC4xMi4wLjA.\" class=\"button primary\">Boka r\u00e5dgivning h\u00e4r<\/a>\n                                    <\/div>\n            \n        <\/div>\n    <\/div>\n<\/section>\n\n\n<p><\/p>\n\n\n<section  class=\"nfc-block-person_grid alignfull layout-large\">\n    <div class=\"contained\">\n        <div class=\"grid\">\n            <div class=\"person-large-card\">\n    \n    <div class=\"featured_image\">\n                    <img loading=\"lazy\" decoding=\"async\" width=\"768\" height=\"1024\" src=\"https:\/\/nyforetagarcentrum.se\/mitt\/wp-content\/uploads\/sites\/70\/2024\/04\/Lotta-Uvhage-768x1024.jpg\" class=\"attachment-large size-large\" alt=\"\" srcset=\"https:\/\/nyforetagarcentrum.se\/mitt\/wp-content\/uploads\/sites\/70\/2024\/04\/Lotta-Uvhage-768x1024.jpg 768w, https:\/\/nyforetagarcentrum.se\/mitt\/wp-content\/uploads\/sites\/70\/2024\/04\/Lotta-Uvhage-225x300.jpg 225w, https:\/\/nyforetagarcentrum.se\/mitt\/wp-content\/uploads\/sites\/70\/2024\/04\/Lotta-Uvhage-1152x1536.jpg 1152w, https:\/\/nyforetagarcentrum.se\/mitt\/wp-content\/uploads\/sites\/70\/2024\/04\/Lotta-Uvhage-1536x2048.jpg 1536w, https:\/\/nyforetagarcentrum.se\/mitt\/wp-content\/uploads\/sites\/70\/2024\/04\/Lotta-Uvhage-810x1080.jpg 810w, https:\/\/nyforetagarcentrum.se\/mitt\/wp-content\/uploads\/sites\/70\/2024\/04\/Lotta-Uvhage-scaled.jpg 1920w\" sizes=\"(max-width: 768px) 100vw, 768px\" \/>            <\/div>\n\n    <div class=\"content-wrapper\">\n        <h3>Lotta Uvhage<\/h3>\n\n                    <div class=\"excerpt\">\n                Sundsvall och Timr\u00e5 +digitalt            <\/div>\n        \n        <div class=\"links\">\n\n            \n                            <a href=\"mailto:lotta.uvhage@nyforetagarcentrum.se\">\n                    lotta.uvhage@nyforetagarcentrum.se                <\/a>\n                    <\/div>\n        \n    <\/div>\n<\/div><div class=\"person-large-card\">\n    \n    <div class=\"featured_image\">\n                    <img loading=\"lazy\" decoding=\"async\" width=\"250\" height=\"279\" src=\"https:\/\/nyforetagarcentrum.se\/mitt\/wp-content\/uploads\/sites\/70\/2024\/04\/Goran-Kejerhag-250x279-1.png\" class=\"attachment-large size-large\" alt=\"\" \/>            <\/div>\n\n    <div class=\"content-wrapper\">\n        <h3>G\u00f6ran Kejerhag<\/h3>\n\n                    <div class=\"excerpt\">\n                H\u00e4rn\u00f6sand            <\/div>\n        \n        <div class=\"links\">\n\n            \n                            <a href=\"mailto:goran.kejerhag@nyforetagarcentrum.se\">\n                    goran.kejerhag@nyforetagarcentrum.se                <\/a>\n                    <\/div>\n        \n    <\/div>\n<\/div><div class=\"person-large-card\">\n    \n    <div class=\"featured_image\">\n                    <img loading=\"lazy\" decoding=\"async\" width=\"792\" height=\"1024\" src=\"https:\/\/nyforetagarcentrum.se\/mitt\/wp-content\/uploads\/sites\/70\/2024\/04\/Gunilla--792x1024.jpeg\" class=\"attachment-large size-large\" alt=\"\" srcset=\"https:\/\/nyforetagarcentrum.se\/mitt\/wp-content\/uploads\/sites\/70\/2024\/04\/Gunilla--792x1024.jpeg 792w, https:\/\/nyforetagarcentrum.se\/mitt\/wp-content\/uploads\/sites\/70\/2024\/04\/Gunilla--232x300.jpeg 232w, https:\/\/nyforetagarcentrum.se\/mitt\/wp-content\/uploads\/sites\/70\/2024\/04\/Gunilla--768x993.jpeg 768w, https:\/\/nyforetagarcentrum.se\/mitt\/wp-content\/uploads\/sites\/70\/2024\/04\/Gunilla--1188x1536.jpeg 1188w, https:\/\/nyforetagarcentrum.se\/mitt\/wp-content\/uploads\/sites\/70\/2024\/04\/Gunilla--1583x2048.jpeg 1583w, https:\/\/nyforetagarcentrum.se\/mitt\/wp-content\/uploads\/sites\/70\/2024\/04\/Gunilla--835x1080.jpeg 835w, https:\/\/nyforetagarcentrum.se\/mitt\/wp-content\/uploads\/sites\/70\/2024\/04\/Gunilla--scaled.jpeg 1979w\" sizes=\"(max-width: 792px) 100vw, 792px\" \/>            <\/div>\n\n    <div class=\"content-wrapper\">\n        <h3>Gunilla \u00d6sterholm<\/h3>\n\n                    <div class=\"excerpt\">\n                Sundsvall och Timr\u00e5            <\/div>\n        \n        <div class=\"links\">\n\n            \n                            <a href=\"mailto:gunilla.osterholm@nyforetagarcentrum.se\">\n                    gunilla.osterholm@nyforetagarcentrum.se                <\/a>\n                    <\/div>\n        \n    <\/div>\n<\/div>        <\/div>\n    <\/div>\n<\/section>\n\n\n<div style=\"height:100px\" aria-hidden=\"true\" class=\"wp-block-spacer\"><\/div>\n\n\n\n<div class=\"wp-block-group alignfull is-layout-constrained wp-block-group-is-layout-constrained\"><\/div>\n\n\n\n<div style=\"height:100px\" aria-hidden=\"true\" class=\"wp-block-spacer\"><\/div>\n","protected":false},"excerpt":{"rendered":"","protected":false},"author":1,"featured_media":0,"parent":0,"menu_order":0,"comment_status":"closed","ping_status":"closed","template":"","meta":{"footnotes":""},"acf":[],"yoast_head":"<!-- This site is optimized with the Yoast SEO plugin v22.9 - https:\/\/yoast.com\/wordpress\/plugins\/seo\/ -->\n<title>V\u00e5ra r\u00e5dgivare - Mitt<\/title>\n<meta name=\"robots\" content=\"index, follow, max-snippet:-1, max-image-preview:large, max-video-preview:-1\" \/>\n<link rel=\"canonical\" href=\"https:\/\/nyforetagarcentrum.se\/mitt\/vara-radgivare\/\" \/>\n<meta property=\"og:locale\" content=\"sv_SE\" \/>\n<meta property=\"og:type\" content=\"article\" \/>\n<meta property=\"og:title\" content=\"V\u00e5ra r\u00e5dgivare - Mitt\" \/>\n<meta property=\"og:url\" content=\"https:\/\/nyforetagarcentrum.se\/mitt\/vara-radgivare\/\" \/>\n<meta property=\"og:site_name\" content=\"Mitt\" \/>\n<meta property=\"article:modified_time\" content=\"2025-05-30T13:07:42+00:00\" \/>\n<meta name=\"twitter:card\" content=\"summary_large_image\" \/>\n<script type=\"application\/ld+json\" class=\"yoast-schema-graph\">{\"@context\":\"https:\/\/schema.org\",\"@graph\":[{\"@type\":\"WebPage\",\"@id\":\"https:\/\/nyforetagarcentrum.se\/mitt\/vara-radgivare\/\",\"url\":\"https:\/\/nyforetagarcentrum.se\/mitt\/vara-radgivare\/\",\"name\":\"V\u00e5ra r\u00e5dgivare - Mitt\",\"isPartOf\":{\"@id\":\"https:\/\/nyforetagarcentrum.se\/mitt\/#website\"},\"datePublished\":\"2024-02-29T12:59:39+00:00\",\"dateModified\":\"2025-05-30T13:07:42+00:00\",\"breadcrumb\":{\"@id\":\"https:\/\/nyforetagarcentrum.se\/mitt\/vara-radgivare\/#breadcrumb\"},\"inLanguage\":\"sv-SE\",\"potentialAction\":[{\"@type\":\"ReadAction\",\"target\":[\"https:\/\/nyforetagarcentrum.se\/mitt\/vara-radgivare\/\"]}]},{\"@type\":\"BreadcrumbList\",\"@id\":\"https:\/\/nyforetagarcentrum.se\/mitt\/vara-radgivare\/#breadcrumb\",\"itemListElement\":[{\"@type\":\"ListItem\",\"position\":1,\"name\":\"Hem\",\"item\":\"https:\/\/nyforetagarcentrum.se\/mitt\/\"},{\"@type\":\"ListItem\",\"position\":2,\"name\":\"V\u00e5ra r\u00e5dgivare\"}]},{\"@type\":\"WebSite\",\"@id\":\"https:\/\/nyforetagarcentrum.se\/mitt\/#website\",\"url\":\"https:\/\/nyforetagarcentrum.se\/mitt\/\",\"name\":\"Mitt\",\"description\":\"Sveriges ledande kraft f\u00f6r fler nya livskraftiga f\u00f6retag\",\"publisher\":{\"@id\":\"https:\/\/nyforetagarcentrum.se\/mitt\/#organization\"},\"potentialAction\":[{\"@type\":\"SearchAction\",\"target\":{\"@type\":\"EntryPoint\",\"urlTemplate\":\"https:\/\/nyforetagarcentrum.se\/mitt\/?s={search_term_string}\"},\"query-input\":\"required name=search_term_string\"}],\"inLanguage\":\"sv-SE\"},{\"@type\":\"Organization\",\"@id\":\"https:\/\/nyforetagarcentrum.se\/mitt\/#organization\",\"name\":\"Mitt\",\"url\":\"https:\/\/nyforetagarcentrum.se\/mitt\/\",\"logo\":{\"@type\":\"ImageObject\",\"inLanguage\":\"sv-SE\",\"@id\":\"https:\/\/nyforetagarcentrum.se\/mitt\/#\/schema\/logo\/image\/\",\"url\":\"https:\/\/nyforetagarcentrum.se\/mitt\/wp-content\/uploads\/sites\/70\/2024\/05\/cropped-Outlook-derytox1.png\",\"contentUrl\":\"https:\/\/nyforetagarcentrum.se\/mitt\/wp-content\/uploads\/sites\/70\/2024\/05\/cropped-Outlook-derytox1.png\",\"width\":1082,\"height\":542,\"caption\":\"Mitt\"},\"image\":{\"@id\":\"https:\/\/nyforetagarcentrum.se\/mitt\/#\/schema\/logo\/image\/\"}}]}<\/script>\n<!-- \/ Yoast SEO plugin. -->","yoast_head_json":{"title":"V\u00e5ra r\u00e5dgivare - Mitt","robots":{"index":"index","follow":"follow","max-snippet":"max-snippet:-1","max-image-preview":"max-image-preview:large","max-video-preview":"max-video-preview:-1"},"canonical":"https:\/\/nyforetagarcentrum.se\/mitt\/vara-radgivare\/","og_locale":"sv_SE","og_type":"article","og_title":"V\u00e5ra r\u00e5dgivare - Mitt","og_url":"https:\/\/nyforetagarcentrum.se\/mitt\/vara-radgivare\/","og_site_name":"Mitt","article_modified_time":"2025-05-30T13:07:42+00:00","twitter_card":"summary_large_image","schema":{"@context":"https:\/\/schema.org","@graph":[{"@type":"WebPage","@id":"https:\/\/nyforetagarcentrum.se\/mitt\/vara-radgivare\/","url":"https:\/\/nyforetagarcentrum.se\/mitt\/vara-radgivare\/","name":"V\u00e5ra r\u00e5dgivare - Mitt","isPartOf":{"@id":"https:\/\/nyforetagarcentrum.se\/mitt\/#website"},"datePublished":"2024-02-29T12:59:39+00:00","dateModified":"2025-05-30T13:07:42+00:00","breadcrumb":{"@id":"https:\/\/nyforetagarcentrum.se\/mitt\/vara-radgivare\/#breadcrumb"},"inLanguage":"sv-SE","potentialAction":[{"@type":"ReadAction","target":["https:\/\/nyforetagarcentrum.se\/mitt\/vara-radgivare\/"]}]},{"@type":"BreadcrumbList","@id":"https:\/\/nyforetagarcentrum.se\/mitt\/vara-radgivare\/#breadcrumb","itemListElement":[{"@type":"ListItem","position":1,"name":"Hem","item":"https:\/\/nyforetagarcentrum.se\/mitt\/"},{"@type":"ListItem","position":2,"name":"V\u00e5ra r\u00e5dgivare"}]},{"@type":"WebSite","@id":"https:\/\/nyforetagarcentrum.se\/mitt\/#website","url":"https:\/\/nyforetagarcentrum.se\/mitt\/","name":"Mitt","description":"Sveriges ledande kraft f\u00f6r fler nya livskraftiga f\u00f6retag","publisher":{"@id":"https:\/\/nyforetagarcentrum.se\/mitt\/#organization"},"potentialAction":[{"@type":"SearchAction","target":{"@type":"EntryPoint","urlTemplate":"https:\/\/nyforetagarcentrum.se\/mitt\/?s={search_term_string}"},"query-input":"required name=search_term_string"}],"inLanguage":"sv-SE"},{"@type":"Organization","@id":"https:\/\/nyforetagarcentrum.se\/mitt\/#organization","name":"Mitt","url":"https:\/\/nyforetagarcentrum.se\/mitt\/","logo":{"@type":"ImageObject","inLanguage":"sv-SE","@id":"https:\/\/nyforetagarcentrum.se\/mitt\/#\/schema\/logo\/image\/","url":"https:\/\/nyforetagarcentrum.se\/mitt\/wp-content\/uploads\/sites\/70\/2024\/05\/cropped-Outlook-derytox1.png","contentUrl":"https:\/\/nyforetagarcentrum.se\/mitt\/wp-content\/uploads\/sites\/70\/2024\/05\/cropped-Outlook-derytox1.png","width":1082,"height":542,"caption":"Mitt"},"image":{"@id":"https:\/\/nyforetagarcentrum.se\/mitt\/#\/schema\/logo\/image\/"}}]}},"_links":{"self":[{"href":"https:\/\/nyforetagarcentrum.se\/mitt\/wp-json\/wp\/v2\/pages\/239"}],"collection":[{"href":"https:\/\/nyforetagarcentrum.se\/mitt\/wp-json\/wp\/v2\/pages"}],"about":[{"href":"https:\/\/nyforetagarcentrum.se\/mitt\/wp-json\/wp\/v2\/types\/page"}],"author":[{"embeddable":true,"href":"https:\/\/nyforetagarcentrum.se\/mitt\/wp-json\/wp\/v2\/users\/1"}],"replies":[{"embeddable":true,"href":"https:\/\/nyforetagarcentrum.se\/mitt\/wp-json\/wp\/v2\/comments?post=239"}],"version-history":[{"count":67,"href":"https:\/\/nyforetagarcentrum.se\/mitt\/wp-json\/wp\/v2\/pages\/239\/revisions"}],"predecessor-version":[{"id":1741,"href":"https:\/\/nyforetagarcentrum.se\/mitt\/wp-json\/wp\/v2\/pages\/239\/revisions\/1741"}],"wp:attachment":[{"href":"https:\/\/nyforetagarcentrum.se\/mitt\/wp-json\/wp\/v2\/media?parent=239"}],"curies":[{"name":"wp","href":"https:\/\/api.w.org\/{rel}","templated":true}]}}