{"id":164,"date":"2024-02-27T16:05:17","date_gmt":"2024-02-27T15:05:17","guid":{"rendered":"https:\/\/nyforetagarcentrum.se\/sundsvall\/?page_id=164"},"modified":"2025-08-25T21:02:07","modified_gmt":"2025-08-25T19:02:07","slug":"var-styrelse","status":"publish","type":"page","link":"https:\/\/nyforetagarcentrum.se\/mitt\/var-styrelse\/","title":{"rendered":"V\u00e5r styrelse"},"content":{"rendered":"<section  class=\"nfc-block-hero alignfull\">\n\n    <img loading=\"lazy\" decoding=\"async\" width=\"1476\" height=\"984\" src=\"https:\/\/nyforetagarcentrum.se\/mitt\/wp-content\/uploads\/sites\/70\/2024\/02\/Nyforetagare-kultur-LOW.jpg\" class=\"attachment-landscape size-landscape\" alt=\"\" srcset=\"https:\/\/nyforetagarcentrum.se\/mitt\/wp-content\/uploads\/sites\/70\/2024\/02\/Nyforetagare-kultur-LOW.jpg 1476w, https:\/\/nyforetagarcentrum.se\/mitt\/wp-content\/uploads\/sites\/70\/2024\/02\/Nyforetagare-kultur-LOW-300x200.jpg 300w, https:\/\/nyforetagarcentrum.se\/mitt\/wp-content\/uploads\/sites\/70\/2024\/02\/Nyforetagare-kultur-LOW-1024x683.jpg 1024w, https:\/\/nyforetagarcentrum.se\/mitt\/wp-content\/uploads\/sites\/70\/2024\/02\/Nyforetagare-kultur-LOW-768x512.jpg 768w\" sizes=\"(max-width: 1476px) 100vw, 1476px\" \/>\n    <div class=\"contained\">\n        <h1 class=\"nfc-block-hero__heading\">V\u00e5r styrelse<\/h1>\n\n            <\/div>\n<\/section>\n\n\n<div style=\"height:50px\" aria-hidden=\"true\" class=\"wp-block-spacer\"><\/div>\n\n\n<section  class=\"nfc-block-breadcrumbs alignwide\">\n    <div class=\"wrapper contained\">\n        <ol class=\"breadcrumbs\" itemscope itemtype=\"https:\/\/schema.org\/BreadcrumbList\">\n            <li itemprop=\"itemListElement\" itemscope itemtype=\"https:\/\/schema.org\/ListItem\">\n            \n\n                            <span class=\"current\" itemprop=\"name\">Hem<\/span>\n            \n            <meta itemprop=\"position\" content=\"1\" \/>\n        <\/li>\n    <\/ol>    <\/div>\n<\/section>\n\n<section  class=\"nfc-block-person_grid alignwide layout-small\">\n    <div class=\"contained\">\n        <div class=\"grid\">\n            <div class=\"person-card\">\n    \n            <div class=\"featured_image\">\n            <img loading=\"lazy\" decoding=\"async\" width=\"150\" height=\"150\" src=\"https:\/\/nyforetagarcentrum.se\/mitt\/wp-content\/uploads\/sites\/70\/2024\/04\/Lasse-150x150.png\" class=\"attachment-thumbnail size-thumbnail\" alt=\"\" \/>        <\/div>\n    \n    <div class=\"content-wrapper\">\n        <div class=\"top\">\n                    <\/div>\n        \n        <h3>Lars S\u00f6rling<\/h3>\n\n        <div class=\"excerpt\">\n            Styrelseordf\u00f6rande        <\/div>\n\n        <div class=\"links\">\n                            <a href=\"tel:070-306 44 41\">\n                    Telefon: 070-306 44 41                <\/a>\n            \n                            <a href=\"mailto:lars.sorling@gmail.com\">\n                    MAIL: lars.sorling@gmail.com                <\/a>\n                    <\/div>\n        \n    <\/div>\n<\/div><div class=\"person-card\">\n    \n    \n    <div class=\"content-wrapper\">\n        <div class=\"top\">\n                    <\/div>\n        \n        <h3>Lars Nolander<\/h3>\n\n        <div class=\"excerpt\">\n            Vice ordf\u00f6rande<br \/>\r\nSCA Skog AB<br \/>\r\n        <\/div>\n\n        <div class=\"links\">\n                            <a href=\"tel:070-601 64 00\">\n                    Telefon: 070-601 64 00                <\/a>\n            \n                            <a href=\"mailto:lars.nolander@sca.com\">\n                    MAIL: lars.nolander@sca.com                <\/a>\n                    <\/div>\n        \n    <\/div>\n<\/div><div class=\"person-card\">\n    \n    \n    <div class=\"content-wrapper\">\n        <div class=\"top\">\n                    <\/div>\n        \n        <h3>Jenny Holm<\/h3>\n\n        <div class=\"excerpt\">\n            Ledamot<br \/>\r\nJenny Holm AB        <\/div>\n\n        <div class=\"links\">\n                            <a href=\"tel:070-343 40 54\">\n                    Telefon: 070-343 40 54                <\/a>\n            \n                            <a href=\"mailto:kontakt@jennyholm.se\">\n                    MAIL: kontakt@jennyholm.se                <\/a>\n                    <\/div>\n        \n    <\/div>\n<\/div><div class=\"person-card\">\n    \n    \n    <div class=\"content-wrapper\">\n        <div class=\"top\">\n                    <\/div>\n        \n        <h3>Elisabet Funseth<\/h3>\n\n        <div class=\"excerpt\">\n            Ledamot<br \/>\r\nGrant Thornton Sundsvall        <\/div>\n\n        <div class=\"links\">\n                            <a href=\"tel:070-268 49 27\">\n                    Telefon: 070-268 49 27                <\/a>\n            \n                            <a href=\"mailto:elisabet.funseth@se.gt.com\">\n                    MAIL: elisabet.funseth@se.gt.com                <\/a>\n                    <\/div>\n        \n    <\/div>\n<\/div><div class=\"person-card\">\n    \n    \n    <div class=\"content-wrapper\">\n        <div class=\"top\">\n                    <\/div>\n        \n        <h3>Anna Engnell<\/h3>\n\n        <div class=\"excerpt\">\n            Ledamot<br \/>\r\nTillv\u00e4xt Timr\u00e5        <\/div>\n\n        <div class=\"links\">\n                            <a href=\"tel:076-102 37 96\">\n                    Telefon: 076-102 37 96                <\/a>\n            \n                            <a href=\"mailto:anna.engnell@timra.se\">\n                    MAIL: anna.engnell@timra.se                <\/a>\n                    <\/div>\n        \n    <\/div>\n<\/div><div class=\"person-card\">\n    \n    \n    <div class=\"content-wrapper\">\n        <div class=\"top\">\n                    <\/div>\n        \n        <h3>Laila Bergstr\u00f6m<\/h3>\n\n        <div class=\"excerpt\">\n            Ledamot<br \/>\r\nN\u00e4ringsliv och Tillv\u00e4xt, Sundsvall        <\/div>\n\n        <div class=\"links\">\n                            <a href=\"tel:072-147 14 72\">\n                    Telefon: 072-147 14 72                <\/a>\n            \n                            <a href=\"mailto:laila.bergstrom@sundsvall.se\">\n                    MAIL: laila.bergstrom@sundsvall.se                <\/a>\n                    <\/div>\n        \n    <\/div>\n<\/div><div class=\"person-card\">\n    \n    \n    <div class=\"content-wrapper\">\n        <div class=\"top\">\n                    <\/div>\n        \n        <h3>Anna Hassel<\/h3>\n\n        <div class=\"excerpt\">\n            Ledamot<br \/>\r\nDina F\u00f6rs\u00e4kringar        <\/div>\n\n        <div class=\"links\">\n                            <a href=\"tel:076-768 15 15\">\n                    Telefon: 076-768 15 15                <\/a>\n            \n                            <a href=\"mailto:anna.hassel@dina.se\">\n                    MAIL: anna.hassel@dina.se                <\/a>\n                    <\/div>\n        \n    <\/div>\n<\/div><div class=\"person-card\">\n    \n    \n    <div class=\"content-wrapper\">\n        <div class=\"top\">\n                    <\/div>\n        \n        <h3>Mats Norberg<\/h3>\n\n        <div class=\"excerpt\">\n            Ledamot<br \/>\r\nMats Norberg AB<br \/>\r\n        <\/div>\n\n        <div class=\"links\">\n                            <a href=\"tel: 070-213 39 74\">\n                    Telefon:  070-213 39 74                <\/a>\n            \n                            <a href=\"mailto:mats@manab.se\">\n                    MAIL: mats@manab.se                <\/a>\n                    <\/div>\n        \n    <\/div>\n<\/div><div class=\"person-card\">\n    \n    \n    <div class=\"content-wrapper\">\n        <div class=\"top\">\n                    <\/div>\n        \n        <h3>Jonas Wessling<\/h3>\n\n        <div class=\"excerpt\">\n            Ledamot<br \/>\r\nN\u00e4ringslivsenheten, H\u00e4rn\u00f6sand        <\/div>\n\n        <div class=\"links\">\n                            <a href=\"tel:073-270 45 55\">\n                    Telefon: 073-270 45 55                <\/a>\n            \n                            <a href=\"mailto: jonas.wessling@harnosand.se \">\n                    MAIL:  jonas.wessling@harnosand.se                 <\/a>\n                    <\/div>\n        \n    <\/div>\n<\/div><div class=\"person-card\">\n    \n    \n    <div class=\"content-wrapper\">\n        <div class=\"top\">\n                    <\/div>\n        \n        <h3>Ellinor Wallner<\/h3>\n\n        <div class=\"excerpt\">\n            Ledamot<br \/>\r\nDanske Bank<br \/>\r\n        <\/div>\n\n        <div class=\"links\">\n                            <a href=\"tel:076-721 54 85\">\n                    Telefon: 076-721 54 85                <\/a>\n            \n                            <a href=\"mailto:ellinor.wallner@danskebank.se\">\n                    MAIL: ellinor.wallner@danskebank.se                <\/a>\n                    <\/div>\n        \n    <\/div>\n<\/div>        <\/div>\n    <\/div>\n<\/section>\n\n\n<div style=\"height:100px\" aria-hidden=\"true\" class=\"wp-block-spacer\"><\/div>\n","protected":false},"excerpt":{"rendered":"","protected":false},"author":1,"featured_media":0,"parent":0,"menu_order":0,"comment_status":"closed","ping_status":"closed","template":"","meta":{"footnotes":""},"acf":[],"yoast_head":"<!-- This site is optimized with the Yoast SEO plugin v22.9 - https:\/\/yoast.com\/wordpress\/plugins\/seo\/ -->\n<title>V\u00e5r styrelse - Mitt<\/title>\n<meta name=\"robots\" content=\"index, follow, max-snippet:-1, max-image-preview:large, max-video-preview:-1\" \/>\n<link rel=\"canonical\" href=\"https:\/\/nyforetagarcentrum.se\/mitt\/var-styrelse\/\" \/>\n<meta property=\"og:locale\" content=\"sv_SE\" \/>\n<meta property=\"og:type\" content=\"article\" \/>\n<meta property=\"og:title\" content=\"V\u00e5r styrelse - Mitt\" \/>\n<meta property=\"og:url\" content=\"https:\/\/nyforetagarcentrum.se\/mitt\/var-styrelse\/\" \/>\n<meta property=\"og:site_name\" content=\"Mitt\" \/>\n<meta property=\"article:modified_time\" content=\"2025-08-25T19:02:07+00:00\" \/>\n<meta name=\"twitter:card\" content=\"summary_large_image\" \/>\n<script type=\"application\/ld+json\" class=\"yoast-schema-graph\">{\"@context\":\"https:\/\/schema.org\",\"@graph\":[{\"@type\":\"WebPage\",\"@id\":\"https:\/\/nyforetagarcentrum.se\/mitt\/var-styrelse\/\",\"url\":\"https:\/\/nyforetagarcentrum.se\/mitt\/var-styrelse\/\",\"name\":\"V\u00e5r styrelse - Mitt\",\"isPartOf\":{\"@id\":\"https:\/\/nyforetagarcentrum.se\/mitt\/#website\"},\"datePublished\":\"2024-02-27T15:05:17+00:00\",\"dateModified\":\"2025-08-25T19:02:07+00:00\",\"breadcrumb\":{\"@id\":\"https:\/\/nyforetagarcentrum.se\/mitt\/var-styrelse\/#breadcrumb\"},\"inLanguage\":\"sv-SE\",\"potentialAction\":[{\"@type\":\"ReadAction\",\"target\":[\"https:\/\/nyforetagarcentrum.se\/mitt\/var-styrelse\/\"]}]},{\"@type\":\"BreadcrumbList\",\"@id\":\"https:\/\/nyforetagarcentrum.se\/mitt\/var-styrelse\/#breadcrumb\",\"itemListElement\":[{\"@type\":\"ListItem\",\"position\":1,\"name\":\"Hem\",\"item\":\"https:\/\/nyforetagarcentrum.se\/mitt\/\"},{\"@type\":\"ListItem\",\"position\":2,\"name\":\"V\u00e5r styrelse\"}]},{\"@type\":\"WebSite\",\"@id\":\"https:\/\/nyforetagarcentrum.se\/mitt\/#website\",\"url\":\"https:\/\/nyforetagarcentrum.se\/mitt\/\",\"name\":\"Mitt\",\"description\":\"Sveriges ledande kraft f\u00f6r fler nya livskraftiga f\u00f6retag\",\"publisher\":{\"@id\":\"https:\/\/nyforetagarcentrum.se\/mitt\/#organization\"},\"potentialAction\":[{\"@type\":\"SearchAction\",\"target\":{\"@type\":\"EntryPoint\",\"urlTemplate\":\"https:\/\/nyforetagarcentrum.se\/mitt\/?s={search_term_string}\"},\"query-input\":\"required name=search_term_string\"}],\"inLanguage\":\"sv-SE\"},{\"@type\":\"Organization\",\"@id\":\"https:\/\/nyforetagarcentrum.se\/mitt\/#organization\",\"name\":\"Mitt\",\"url\":\"https:\/\/nyforetagarcentrum.se\/mitt\/\",\"logo\":{\"@type\":\"ImageObject\",\"inLanguage\":\"sv-SE\",\"@id\":\"https:\/\/nyforetagarcentrum.se\/mitt\/#\/schema\/logo\/image\/\",\"url\":\"https:\/\/nyforetagarcentrum.se\/mitt\/wp-content\/uploads\/sites\/70\/2024\/05\/cropped-Outlook-derytox1.png\",\"contentUrl\":\"https:\/\/nyforetagarcentrum.se\/mitt\/wp-content\/uploads\/sites\/70\/2024\/05\/cropped-Outlook-derytox1.png\",\"width\":1082,\"height\":542,\"caption\":\"Mitt\"},\"image\":{\"@id\":\"https:\/\/nyforetagarcentrum.se\/mitt\/#\/schema\/logo\/image\/\"}}]}<\/script>\n<!-- \/ Yoast SEO plugin. -->","yoast_head_json":{"title":"V\u00e5r styrelse - Mitt","robots":{"index":"index","follow":"follow","max-snippet":"max-snippet:-1","max-image-preview":"max-image-preview:large","max-video-preview":"max-video-preview:-1"},"canonical":"https:\/\/nyforetagarcentrum.se\/mitt\/var-styrelse\/","og_locale":"sv_SE","og_type":"article","og_title":"V\u00e5r styrelse - Mitt","og_url":"https:\/\/nyforetagarcentrum.se\/mitt\/var-styrelse\/","og_site_name":"Mitt","article_modified_time":"2025-08-25T19:02:07+00:00","twitter_card":"summary_large_image","schema":{"@context":"https:\/\/schema.org","@graph":[{"@type":"WebPage","@id":"https:\/\/nyforetagarcentrum.se\/mitt\/var-styrelse\/","url":"https:\/\/nyforetagarcentrum.se\/mitt\/var-styrelse\/","name":"V\u00e5r styrelse - Mitt","isPartOf":{"@id":"https:\/\/nyforetagarcentrum.se\/mitt\/#website"},"datePublished":"2024-02-27T15:05:17+00:00","dateModified":"2025-08-25T19:02:07+00:00","breadcrumb":{"@id":"https:\/\/nyforetagarcentrum.se\/mitt\/var-styrelse\/#breadcrumb"},"inLanguage":"sv-SE","potentialAction":[{"@type":"ReadAction","target":["https:\/\/nyforetagarcentrum.se\/mitt\/var-styrelse\/"]}]},{"@type":"BreadcrumbList","@id":"https:\/\/nyforetagarcentrum.se\/mitt\/var-styrelse\/#breadcrumb","itemListElement":[{"@type":"ListItem","position":1,"name":"Hem","item":"https:\/\/nyforetagarcentrum.se\/mitt\/"},{"@type":"ListItem","position":2,"name":"V\u00e5r styrelse"}]},{"@type":"WebSite","@id":"https:\/\/nyforetagarcentrum.se\/mitt\/#website","url":"https:\/\/nyforetagarcentrum.se\/mitt\/","name":"Mitt","description":"Sveriges ledande kraft f\u00f6r fler nya livskraftiga f\u00f6retag","publisher":{"@id":"https:\/\/nyforetagarcentrum.se\/mitt\/#organization"},"potentialAction":[{"@type":"SearchAction","target":{"@type":"EntryPoint","urlTemplate":"https:\/\/nyforetagarcentrum.se\/mitt\/?s={search_term_string}"},"query-input":"required name=search_term_string"}],"inLanguage":"sv-SE"},{"@type":"Organization","@id":"https:\/\/nyforetagarcentrum.se\/mitt\/#organization","name":"Mitt","url":"https:\/\/nyforetagarcentrum.se\/mitt\/","logo":{"@type":"ImageObject","inLanguage":"sv-SE","@id":"https:\/\/nyforetagarcentrum.se\/mitt\/#\/schema\/logo\/image\/","url":"https:\/\/nyforetagarcentrum.se\/mitt\/wp-content\/uploads\/sites\/70\/2024\/05\/cropped-Outlook-derytox1.png","contentUrl":"https:\/\/nyforetagarcentrum.se\/mitt\/wp-content\/uploads\/sites\/70\/2024\/05\/cropped-Outlook-derytox1.png","width":1082,"height":542,"caption":"Mitt"},"image":{"@id":"https:\/\/nyforetagarcentrum.se\/mitt\/#\/schema\/logo\/image\/"}}]}},"_links":{"self":[{"href":"https:\/\/nyforetagarcentrum.se\/mitt\/wp-json\/wp\/v2\/pages\/164"}],"collection":[{"href":"https:\/\/nyforetagarcentrum.se\/mitt\/wp-json\/wp\/v2\/pages"}],"about":[{"href":"https:\/\/nyforetagarcentrum.se\/mitt\/wp-json\/wp\/v2\/types\/page"}],"author":[{"embeddable":true,"href":"https:\/\/nyforetagarcentrum.se\/mitt\/wp-json\/wp\/v2\/users\/1"}],"replies":[{"embeddable":true,"href":"https:\/\/nyforetagarcentrum.se\/mitt\/wp-json\/wp\/v2\/comments?post=164"}],"version-history":[{"count":25,"href":"https:\/\/nyforetagarcentrum.se\/mitt\/wp-json\/wp\/v2\/pages\/164\/revisions"}],"predecessor-version":[{"id":1761,"href":"https:\/\/nyforetagarcentrum.se\/mitt\/wp-json\/wp\/v2\/pages\/164\/revisions\/1761"}],"wp:attachment":[{"href":"https:\/\/nyforetagarcentrum.se\/mitt\/wp-json\/wp\/v2\/media?parent=164"}],"curies":[{"name":"wp","href":"https:\/\/api.w.org\/{rel}","templated":true}]}}