{"id":161,"date":"2024-02-27T16:04:37","date_gmt":"2024-02-27T15:04:37","guid":{"rendered":"https:\/\/nyforetagarcentrum.se\/sundsvall\/?page_id=161"},"modified":"2025-05-27T09:21:50","modified_gmt":"2025-05-27T07:21:50","slug":"om-oss","status":"publish","type":"page","link":"https:\/\/nyforetagarcentrum.se\/mitt\/om-oss\/","title":{"rendered":"Om oss"},"content":{"rendered":"<section  class=\"nfc-block-hero alignfull\">\n\n    <img loading=\"lazy\" decoding=\"async\" width=\"714\" height=\"622\" src=\"https:\/\/nyforetagarcentrum.se\/mitt\/wp-content\/uploads\/sites\/70\/2024\/02\/ySLeov8m_8.png\" class=\"attachment-landscape size-landscape\" alt=\"\" srcset=\"https:\/\/nyforetagarcentrum.se\/mitt\/wp-content\/uploads\/sites\/70\/2024\/02\/ySLeov8m_8.png 714w, https:\/\/nyforetagarcentrum.se\/mitt\/wp-content\/uploads\/sites\/70\/2024\/02\/ySLeov8m_8-300x261.png 300w\" sizes=\"(max-width: 714px) 100vw, 714px\" \/>\n    <div class=\"contained\">\n        <h1 class=\"nfc-block-hero__heading\">Om oss<\/h1>\n\n            <\/div>\n<\/section>\n\n\n<div style=\"height:50px\" aria-hidden=\"true\" class=\"wp-block-spacer\"><\/div>\n\n\n<section  class=\"nfc-block-breadcrumbs alignwide\">\n    <div class=\"wrapper contained\">\n        <ol class=\"breadcrumbs\" itemscope itemtype=\"https:\/\/schema.org\/BreadcrumbList\">\n            <li itemprop=\"itemListElement\" itemscope itemtype=\"https:\/\/schema.org\/ListItem\">\n            \n\n                            <span class=\"current\" itemprop=\"name\">Hem<\/span>\n            \n            <meta itemprop=\"position\" content=\"1\" \/>\n        <\/li>\n    <\/ol>    <\/div>\n<\/section>\n\n\n<div style=\"height:51px\" aria-hidden=\"true\" class=\"wp-block-spacer\"><\/div>\n\n\n\n<div class=\"wp-block-buttons is-layout-flex wp-block-buttons-is-layout-flex\">\n<div class=\"wp-block-button\"><a class=\"wp-block-button__link wp-element-button\" href=\"https:\/\/nyforetagarcentrum.se\/sundsvall\/vara-radgivare\/\">V\u00e5ra r\u00e5dgivare<\/a><\/div>\n\n\n\n<div class=\"wp-block-button\"><a class=\"wp-block-button__link wp-element-button\" href=\"https:\/\/nyforetagarcentrum.se\/sundsvall\/var-styrelse\/\">V\u00e5r styrelse<\/a><\/div>\n\n\n\n<div class=\"wp-block-button\"><a class=\"wp-block-button__link wp-element-button\" href=\"https:\/\/nyforetagarcentrum.se\/sundsvall\/vara-samarbetspartners\/\">V\u00e5ra samarbetspartners<\/a><\/div>\n<\/div>\n\n\n<section  class=\"nfc-block-split_screen alignwide image_alignment-left\">\n    <div class=\"wrapper\">\n        <div class=\"nfc-block-split_screen__image-wrapper\">\n            <img loading=\"lazy\" decoding=\"async\" width=\"1476\" height=\"984\" src=\"https:\/\/nyforetagarcentrum.se\/mitt\/wp-content\/uploads\/sites\/70\/2024\/02\/Natverk-seminarium-LOW.jpg\" class=\"attachment-landscape size-landscape\" alt=\"\" srcset=\"https:\/\/nyforetagarcentrum.se\/mitt\/wp-content\/uploads\/sites\/70\/2024\/02\/Natverk-seminarium-LOW.jpg 1476w, https:\/\/nyforetagarcentrum.se\/mitt\/wp-content\/uploads\/sites\/70\/2024\/02\/Natverk-seminarium-LOW-300x200.jpg 300w, https:\/\/nyforetagarcentrum.se\/mitt\/wp-content\/uploads\/sites\/70\/2024\/02\/Natverk-seminarium-LOW-1024x683.jpg 1024w, https:\/\/nyforetagarcentrum.se\/mitt\/wp-content\/uploads\/sites\/70\/2024\/02\/Natverk-seminarium-LOW-768x512.jpg 768w\" sizes=\"(max-width: 1476px) 100vw, 1476px\" \/>        <\/div>\n\n        <div class=\"nfc-block-split_screen__content-wrapper\">\n            <h2>V\u00e5r verksamhet<\/h2>\n<p>Nyf\u00f6retagarCentrum ger dig som funderar p\u00e5 att starta eget f\u00f6retag \u2013 eller redan har startat \u2013 kostnadsfri r\u00e5dgivning. Vi har erfarna r\u00e5dgivare som hj\u00e4lper dig med din aff\u00e4rsid\u00e9, fr\u00e5gor kring budget, marknadsf\u00f6ring eller vad du vill som r\u00f6r ditt f\u00f6retagande.<\/p>\n<p>N\u00e4r du har varit p\u00e5 r\u00e5dgivning hos oss kommer du att vara v\u00e4l f\u00f6rberedd f\u00f6r livet som egenf\u00f6retagare. Det enda vi kr\u00e4ver av dig \u00e4r ditt engagemang och att du tror p\u00e5 din id\u00e9.<\/p>\n<p>R\u00e5dgivningen \u00e4r helt kostnadsfri tack vare v\u00e5rt n\u00e4tverk av samarbetspartners som st\u00f6der oss, b\u00e5de med finansiella medel och med personlig expertis och engagemang.<\/p>\n\n                            <div class=\"nfc-block-split_screen__buttons\">\n                                            <a href=\"https:\/\/jobsdata-nyforetagarcentrum.se\/ExternBooking?OfficeId=9223cdd6-5496-e811-80d7-0050568571f4&amp;_gl=1*1uel4wt*_ga*MjM3MzkyMTUuMTcwODU0OTMxNg..*_ga_9RRJJK0Y4R*MTcxMjIzNzM3MS4xLjEuMTcxMjIzOTYxNi4zNC4wLjA.\" class=\"button primary\">Boka r\u00e5dgvining<\/a>\n                                    <\/div>\n            \n        <\/div>\n    <\/div>\n<\/section>\n\n\n<div style=\"height:50px\" aria-hidden=\"true\" class=\"wp-block-spacer\"><\/div>\n\n\n\n<h2 class=\"wp-block-heading has-text-align-center\">\u00c4r ditt f\u00f6retag eller organisation intresserad av att st\u00f6dja Nyf\u00f6retagarCentrum Mitts arbete?<\/h2>\n\n\n\n<div class=\"wp-block-group alignfull is-layout-constrained wp-block-group-is-layout-constrained\"><section  class=\"nfc-block-form aligncontent layout-small\">\n    <div class=\"contained\">\n\n        <form data-nfc-form=\"block_79201bb73f69f852e5526b7eb0c6cb00\" data-nfc-page=\"161\">\n            <label class=\"input-wrapper required\" for=\"namn\">\n    <span>Namn<\/span>\n    <input type=\"text\" name=\"namn\" id=\"namn\" placeholder=\"\" required>\n<\/label><label class=\"input-wrapper required\" for=\"foretag-eller-organisation\">\n    <span>F\u00f6retag eller organisation<\/span>\n    <input type=\"text\" name=\"foretag-eller-organisation\" id=\"foretag-eller-organisation\" placeholder=\"\" required>\n<\/label><label class=\"input-wrapper required\" for=\"e-post\">\n    <span>E-post<\/span>\n    <input type=\"text\" name=\"e-post\" id=\"e-post\" placeholder=\"\" required>\n<\/label>\n            <div class=\"input-wrapper\">\n                <button type=\"submit\" class=\"button\">Skicka<\/button>\n            <\/div>\n        <\/form>\n    <\/div>\n<\/section><\/div>\n\n\n\n<div style=\"height:100px\" aria-hidden=\"true\" class=\"wp-block-spacer\"><\/div>\n","protected":false},"excerpt":{"rendered":"<p>\u00c4r ditt f\u00f6retag eller organisation intresserad av att st\u00f6dja Nyf\u00f6retagarCentrum Mitts arbete?<\/p>\n","protected":false},"author":1,"featured_media":0,"parent":0,"menu_order":0,"comment_status":"closed","ping_status":"closed","template":"","meta":{"footnotes":""},"acf":[],"yoast_head":"<!-- This site is optimized with the Yoast SEO plugin v22.9 - https:\/\/yoast.com\/wordpress\/plugins\/seo\/ -->\n<title>Om oss - Mitt<\/title>\n<meta name=\"robots\" content=\"index, follow, max-snippet:-1, max-image-preview:large, max-video-preview:-1\" \/>\n<link rel=\"canonical\" href=\"https:\/\/nyforetagarcentrum.se\/mitt\/om-oss\/\" \/>\n<meta property=\"og:locale\" content=\"sv_SE\" \/>\n<meta property=\"og:type\" content=\"article\" \/>\n<meta property=\"og:title\" content=\"Om oss - Mitt\" \/>\n<meta property=\"og:description\" content=\"\u00c4r ditt f\u00f6retag eller organisation intresserad av att st\u00f6dja Nyf\u00f6retagarCentrum Mitts arbete?\" \/>\n<meta property=\"og:url\" content=\"https:\/\/nyforetagarcentrum.se\/mitt\/om-oss\/\" \/>\n<meta property=\"og:site_name\" content=\"Mitt\" \/>\n<meta property=\"article:modified_time\" content=\"2025-05-27T07:21:50+00:00\" \/>\n<meta name=\"twitter:card\" content=\"summary_large_image\" \/>\n<meta name=\"twitter:label1\" content=\"Ber\u00e4knad l\u00e4stid\" \/>\n\t<meta name=\"twitter:data1\" content=\"1 minut\" \/>\n<script type=\"application\/ld+json\" class=\"yoast-schema-graph\">{\"@context\":\"https:\/\/schema.org\",\"@graph\":[{\"@type\":\"WebPage\",\"@id\":\"https:\/\/nyforetagarcentrum.se\/mitt\/om-oss\/\",\"url\":\"https:\/\/nyforetagarcentrum.se\/mitt\/om-oss\/\",\"name\":\"Om oss - Mitt\",\"isPartOf\":{\"@id\":\"https:\/\/nyforetagarcentrum.se\/mitt\/#website\"},\"datePublished\":\"2024-02-27T15:04:37+00:00\",\"dateModified\":\"2025-05-27T07:21:50+00:00\",\"breadcrumb\":{\"@id\":\"https:\/\/nyforetagarcentrum.se\/mitt\/om-oss\/#breadcrumb\"},\"inLanguage\":\"sv-SE\",\"potentialAction\":[{\"@type\":\"ReadAction\",\"target\":[\"https:\/\/nyforetagarcentrum.se\/mitt\/om-oss\/\"]}]},{\"@type\":\"BreadcrumbList\",\"@id\":\"https:\/\/nyforetagarcentrum.se\/mitt\/om-oss\/#breadcrumb\",\"itemListElement\":[{\"@type\":\"ListItem\",\"position\":1,\"name\":\"Hem\",\"item\":\"https:\/\/nyforetagarcentrum.se\/mitt\/\"},{\"@type\":\"ListItem\",\"position\":2,\"name\":\"Om oss\"}]},{\"@type\":\"WebSite\",\"@id\":\"https:\/\/nyforetagarcentrum.se\/mitt\/#website\",\"url\":\"https:\/\/nyforetagarcentrum.se\/mitt\/\",\"name\":\"Mitt\",\"description\":\"Sveriges ledande kraft f\u00f6r fler nya livskraftiga f\u00f6retag\",\"publisher\":{\"@id\":\"https:\/\/nyforetagarcentrum.se\/mitt\/#organization\"},\"potentialAction\":[{\"@type\":\"SearchAction\",\"target\":{\"@type\":\"EntryPoint\",\"urlTemplate\":\"https:\/\/nyforetagarcentrum.se\/mitt\/?s={search_term_string}\"},\"query-input\":\"required name=search_term_string\"}],\"inLanguage\":\"sv-SE\"},{\"@type\":\"Organization\",\"@id\":\"https:\/\/nyforetagarcentrum.se\/mitt\/#organization\",\"name\":\"Mitt\",\"url\":\"https:\/\/nyforetagarcentrum.se\/mitt\/\",\"logo\":{\"@type\":\"ImageObject\",\"inLanguage\":\"sv-SE\",\"@id\":\"https:\/\/nyforetagarcentrum.se\/mitt\/#\/schema\/logo\/image\/\",\"url\":\"https:\/\/nyforetagarcentrum.se\/mitt\/wp-content\/uploads\/sites\/70\/2024\/05\/cropped-Outlook-derytox1.png\",\"contentUrl\":\"https:\/\/nyforetagarcentrum.se\/mitt\/wp-content\/uploads\/sites\/70\/2024\/05\/cropped-Outlook-derytox1.png\",\"width\":1082,\"height\":542,\"caption\":\"Mitt\"},\"image\":{\"@id\":\"https:\/\/nyforetagarcentrum.se\/mitt\/#\/schema\/logo\/image\/\"}}]}<\/script>\n<!-- \/ Yoast SEO plugin. -->","yoast_head_json":{"title":"Om oss - Mitt","robots":{"index":"index","follow":"follow","max-snippet":"max-snippet:-1","max-image-preview":"max-image-preview:large","max-video-preview":"max-video-preview:-1"},"canonical":"https:\/\/nyforetagarcentrum.se\/mitt\/om-oss\/","og_locale":"sv_SE","og_type":"article","og_title":"Om oss - Mitt","og_description":"\u00c4r ditt f\u00f6retag eller organisation intresserad av att st\u00f6dja Nyf\u00f6retagarCentrum Mitts arbete?","og_url":"https:\/\/nyforetagarcentrum.se\/mitt\/om-oss\/","og_site_name":"Mitt","article_modified_time":"2025-05-27T07:21:50+00:00","twitter_card":"summary_large_image","twitter_misc":{"Ber\u00e4knad l\u00e4stid":"1 minut"},"schema":{"@context":"https:\/\/schema.org","@graph":[{"@type":"WebPage","@id":"https:\/\/nyforetagarcentrum.se\/mitt\/om-oss\/","url":"https:\/\/nyforetagarcentrum.se\/mitt\/om-oss\/","name":"Om oss - Mitt","isPartOf":{"@id":"https:\/\/nyforetagarcentrum.se\/mitt\/#website"},"datePublished":"2024-02-27T15:04:37+00:00","dateModified":"2025-05-27T07:21:50+00:00","breadcrumb":{"@id":"https:\/\/nyforetagarcentrum.se\/mitt\/om-oss\/#breadcrumb"},"inLanguage":"sv-SE","potentialAction":[{"@type":"ReadAction","target":["https:\/\/nyforetagarcentrum.se\/mitt\/om-oss\/"]}]},{"@type":"BreadcrumbList","@id":"https:\/\/nyforetagarcentrum.se\/mitt\/om-oss\/#breadcrumb","itemListElement":[{"@type":"ListItem","position":1,"name":"Hem","item":"https:\/\/nyforetagarcentrum.se\/mitt\/"},{"@type":"ListItem","position":2,"name":"Om oss"}]},{"@type":"WebSite","@id":"https:\/\/nyforetagarcentrum.se\/mitt\/#website","url":"https:\/\/nyforetagarcentrum.se\/mitt\/","name":"Mitt","description":"Sveriges ledande kraft f\u00f6r fler nya livskraftiga f\u00f6retag","publisher":{"@id":"https:\/\/nyforetagarcentrum.se\/mitt\/#organization"},"potentialAction":[{"@type":"SearchAction","target":{"@type":"EntryPoint","urlTemplate":"https:\/\/nyforetagarcentrum.se\/mitt\/?s={search_term_string}"},"query-input":"required name=search_term_string"}],"inLanguage":"sv-SE"},{"@type":"Organization","@id":"https:\/\/nyforetagarcentrum.se\/mitt\/#organization","name":"Mitt","url":"https:\/\/nyforetagarcentrum.se\/mitt\/","logo":{"@type":"ImageObject","inLanguage":"sv-SE","@id":"https:\/\/nyforetagarcentrum.se\/mitt\/#\/schema\/logo\/image\/","url":"https:\/\/nyforetagarcentrum.se\/mitt\/wp-content\/uploads\/sites\/70\/2024\/05\/cropped-Outlook-derytox1.png","contentUrl":"https:\/\/nyforetagarcentrum.se\/mitt\/wp-content\/uploads\/sites\/70\/2024\/05\/cropped-Outlook-derytox1.png","width":1082,"height":542,"caption":"Mitt"},"image":{"@id":"https:\/\/nyforetagarcentrum.se\/mitt\/#\/schema\/logo\/image\/"}}]}},"_links":{"self":[{"href":"https:\/\/nyforetagarcentrum.se\/mitt\/wp-json\/wp\/v2\/pages\/161"}],"collection":[{"href":"https:\/\/nyforetagarcentrum.se\/mitt\/wp-json\/wp\/v2\/pages"}],"about":[{"href":"https:\/\/nyforetagarcentrum.se\/mitt\/wp-json\/wp\/v2\/types\/page"}],"author":[{"embeddable":true,"href":"https:\/\/nyforetagarcentrum.se\/mitt\/wp-json\/wp\/v2\/users\/1"}],"replies":[{"embeddable":true,"href":"https:\/\/nyforetagarcentrum.se\/mitt\/wp-json\/wp\/v2\/comments?post=161"}],"version-history":[{"count":54,"href":"https:\/\/nyforetagarcentrum.se\/mitt\/wp-json\/wp\/v2\/pages\/161\/revisions"}],"predecessor-version":[{"id":1727,"href":"https:\/\/nyforetagarcentrum.se\/mitt\/wp-json\/wp\/v2\/pages\/161\/revisions\/1727"}],"wp:attachment":[{"href":"https:\/\/nyforetagarcentrum.se\/mitt\/wp-json\/wp\/v2\/media?parent=161"}],"curies":[{"name":"wp","href":"https:\/\/api.w.org\/{rel}","templated":true}]}}