{"id":2047,"date":"2024-06-12T09:24:59","date_gmt":"2024-06-12T07:24:59","guid":{"rendered":"https:\/\/nyforetagarcentrum.se\/mellerstaostergotland\/?page_id=2047"},"modified":"2026-04-02T09:26:06","modified_gmt":"2026-04-02T07:26:06","slug":"event-seminarier-2","status":"publish","type":"page","link":"https:\/\/nyforetagarcentrum.se\/mellerstaostergotland\/event-seminarier-2\/","title":{"rendered":"Evenemang och f\u00f6rel\u00e4sningar"},"content":{"rendered":"\n<div style=\"height:24px\" aria-hidden=\"true\" class=\"wp-block-spacer\"><\/div>\n\n\n<section  class=\"nfc-block-breadcrumbs alignwide\">\n    <div class=\"wrapper contained\">\n        <ol class=\"breadcrumbs\" itemscope itemtype=\"https:\/\/schema.org\/BreadcrumbList\">\n            <li itemprop=\"itemListElement\" itemscope itemtype=\"https:\/\/schema.org\/ListItem\">\n            \n\n                            <span class=\"current\" itemprop=\"name\">Hem<\/span>\n            \n            <meta itemprop=\"position\" content=\"1\" \/>\n        <\/li>\n    <\/ol>    <\/div>\n<\/section>\n\n\n<div style=\"height:24px\" aria-hidden=\"true\" class=\"wp-block-spacer\"><\/div>\n\n\n<section  class=\"nfc-block-split_screen alignwide image_alignment-left\">\n    <div class=\"wrapper\">\n        <div class=\"nfc-block-split_screen__image-wrapper\">\n            <img loading=\"lazy\" decoding=\"async\" width=\"1014\" height=\"1052\" src=\"https:\/\/nyforetagarcentrum.se\/mellerstaostergotland\/wp-content\/uploads\/sites\/12\/2024\/07\/NFC-12-1-1025x1536-annu-mindre.png\" class=\"attachment-landscape size-landscape\" alt=\"\" srcset=\"https:\/\/nyforetagarcentrum.se\/mellerstaostergotland\/wp-content\/uploads\/sites\/12\/2024\/07\/NFC-12-1-1025x1536-annu-mindre.png 1014w, https:\/\/nyforetagarcentrum.se\/mellerstaostergotland\/wp-content\/uploads\/sites\/12\/2024\/07\/NFC-12-1-1025x1536-annu-mindre-289x300.png 289w, https:\/\/nyforetagarcentrum.se\/mellerstaostergotland\/wp-content\/uploads\/sites\/12\/2024\/07\/NFC-12-1-1025x1536-annu-mindre-987x1024.png 987w, https:\/\/nyforetagarcentrum.se\/mellerstaostergotland\/wp-content\/uploads\/sites\/12\/2024\/07\/NFC-12-1-1025x1536-annu-mindre-768x797.png 768w\" sizes=\"(max-width: 1014px) 100vw, 1014px\" \/>        <\/div>\n\n        <div class=\"nfc-block-split_screen__content-wrapper\">\n            <h1>Evenemang och f\u00f6rel\u00e4sningar<\/h1>\n<div>\n<p>Vi h\u00e5ller m\u00e5nga f\u00f6rel\u00e4sningar och utbildningar d\u00e4r du som nyf\u00f6retagare f\u00e5r v\u00e4rdefull kunskap och m\u00f6jlighet att st\u00e4lla fr\u00e5gor till experter, helt kostnadsfritt. Vi erbjuder \u00e4ven flera n\u00e4tverkstillf\u00e4llen samt starta eget-utbildningar. Fler f\u00f6rel\u00e4sningar kommer att l\u00e4ggas till p\u00e5 den h\u00e4r listan allt eftersom.<\/p>\n<h3><strong>V\u00e5ren 2026<\/strong><\/h3>\n<h3><a href=\"https:\/\/jobsdata-nyforetagarcentrum.se\/ExternBooking\/Index?OfficeId=3c27aa7e-4396-e811-80d7-0050568571f4&amp;blockList=18\">F\u00f6rel\u00e4sningar<\/a><\/h3>\n<p>12\/2 Framg\u00e5ngsrik p\u00e5 sociala medier \u2013 Sluta viska, b\u00f6rja synas<br \/>\n3\/3 S\u00e5 v\u00e4xer du och ditt f\u00f6retag<br \/>\n4\/3 Dropshipping<br \/>\n24\/3 Hemsida, SEO, Google ads \u2013 \u00d6ka din synlighet med digital marknadsf\u00f6ring<br \/>\n13\/4 Du och ditt f\u00f6retag<br \/>\n15\/4 Kontorsinvigning och f\u00f6rel\u00e4sning \u2013 Skapa aff\u00e4rsnytta med LinkedIn<br \/>\n20\/4 Ekonomi i ditt f\u00f6retag<br \/>\n23\/4 N\u00e4tverksfrukost och f\u00f6rel\u00e4sning i Norrk\u00f6ping \u2013 Skapa aff\u00e4rsnytta med LinkedIn<br \/>\n27\/4 F\u00f6rs\u00e4ljning och marknadsf\u00f6ring<br \/>\n12\/5 S\u00e5 v\u00e4xer du och ditt f\u00f6retag<br \/>\n17\/6 Juridik f\u00f6r nyf\u00f6retagare<\/p>\n<h3>Digitala introduktionsf\u00f6rel\u00e4sningar<\/h3>\n<h4><a href=\"https:\/\/jobsdata-nyforetagarcentrum.se\/ExternBooking\/Index?OfficeId=3c27aa7e-4396-e811-80d7-0050568571f4&amp;blockList=32\">Allm\u00e4n info starta f\u00f6retag<\/a><\/h4>\n<p>Januari: 8\/1, 20\/1<br \/>\nFebruari: 16\/2<br \/>\nMars: 6\/3, 30\/3,<br \/>\nApril: 13\/4, 28\/4<br \/>\nMaj: 13\/5<br \/>\nJuni: 16\/6<\/p>\n<h4><a href=\"https:\/\/jobsdata-nyforetagarcentrum.se\/ExternBooking\/Index?OfficeId=3c27aa7e-4396-e811-80d7-0050568571f4&amp;blockList=143\">Aff\u00e4rsplan &amp; budget<\/a><\/h4>\n<p>Januari: 13\/1<br \/>\nFebruari: 3\/2<br \/>\nMars: 6\/3<br \/>\nApril: 31\/3, 21\/4<br \/>\nMaj: 21\/5<br \/>\nJuni: 22\/6<\/p>\n<h4><a href=\"https:\/\/jobsdata-nyforetagarcentrum.se\/ExternBooking\/Index?OfficeId=3c27aa7e-4396-e811-80d7-0050568571f4&amp;blockList=316\">M\u00f6ten inom mentorprogrammet<\/a><\/h4>\n<h3><a href=\"https:\/\/jobsdata-nyforetagarcentrum.se\/ExternBooking\/Index?OfficeId=3c27aa7e-4396-e811-80d7-0050568571f4&amp;blockList=313\">Starta eget-kurser<\/a><\/h3>\n<p><strong>KURS I LINK\u00d6PING\u00a0<\/strong><\/p>\n<p>Start tisdag 3\/2 2026<br \/>\nTid: tisdagar kl 16.30-19.30<br \/>\n3\/2 Du och ditt f\u00f6retag<br \/>\n10\/2 Ekonomi i ditt f\u00f6retag<br \/>\n24\/2 F\u00f6rs\u00e4ljning och marknadsf\u00f6ring<\/p>\n<p><strong>KURS I NORRK\u00d6PING<\/strong><\/p>\n<p>Start m\u00e5ndag 9\/3.<br \/>\nTid: M\u00e5ndagar kl 16.30-19.30<br \/>\n9\/3 Du och ditt f\u00f6retag<br \/>\n16\/3 Ekonomi i ditt f\u00f6retag<br \/>\n23\/3 F\u00f6rs\u00e4ljning och marknadsf\u00f6ring<\/p>\n<p><strong>DIGITAL KURS<\/strong><\/p>\n<p>Start m\u00e5ndag 13\/4<br \/>\nM\u00e5ndagar kl 16.30-19.30<br \/>\n13\/4 Du och ditt f\u00f6retag<br \/>\n20\/4 Ekonomi i ditt f\u00f6retag<br \/>\n27\/4 F\u00f6rs\u00e4ljning och marknadsf\u00f6ring<\/p>\n<\/div>\n\n                            <div class=\"nfc-block-split_screen__buttons\">\n                                            <a href=\"https:\/\/nyforetagarcentrum.se\/mellerstaostergotland\/evenemang\/\" class=\"button primary\">V\u00e5ra evenemang<\/a>\n                                    <\/div>\n            \n        <\/div>\n    <\/div>\n<\/section>\n\n\n<div style=\"height:50px\" aria-hidden=\"true\" class=\"wp-block-spacer\"><\/div>\n","protected":false},"excerpt":{"rendered":"","protected":false},"author":1,"featured_media":0,"parent":0,"menu_order":0,"comment_status":"closed","ping_status":"closed","template":"","meta":{"footnotes":""},"acf":[],"yoast_head":"<!-- This site is optimized with the Yoast SEO plugin v22.9 - https:\/\/yoast.com\/wordpress\/plugins\/seo\/ -->\n<title>Evenemang och f\u00f6rel\u00e4sningar - Mellersta \u00d6sterg\u00f6tland<\/title>\n<meta name=\"description\" content=\"H\u00e4r kan du ta del av v\u00e5ra kostnadsfria evenemang och f\u00f6rel\u00e4sningar. Perfekt information f\u00f6r dig som redan har eller t\u00e4nker starta eget.\" \/>\n<meta name=\"robots\" content=\"index, follow, max-snippet:-1, max-image-preview:large, max-video-preview:-1\" \/>\n<link rel=\"canonical\" href=\"https:\/\/nyforetagarcentrum.se\/mellerstaostergotland\/event-seminarier-2\/\" \/>\n<meta property=\"og:locale\" content=\"sv_SE\" \/>\n<meta property=\"og:type\" content=\"article\" \/>\n<meta property=\"og:title\" content=\"Evenemang och f\u00f6rel\u00e4sningar - Mellersta \u00d6sterg\u00f6tland\" \/>\n<meta property=\"og:description\" content=\"H\u00e4r kan du ta del av v\u00e5ra kostnadsfria evenemang och f\u00f6rel\u00e4sningar. Perfekt information f\u00f6r dig som redan har eller t\u00e4nker starta eget.\" \/>\n<meta property=\"og:url\" content=\"https:\/\/nyforetagarcentrum.se\/mellerstaostergotland\/event-seminarier-2\/\" \/>\n<meta property=\"og:site_name\" content=\"Mellersta \u00d6sterg\u00f6tland\" \/>\n<meta property=\"article:modified_time\" content=\"2026-04-02T07:26:06+00:00\" \/>\n<meta name=\"twitter:card\" content=\"summary_large_image\" \/>\n<script type=\"application\/ld+json\" class=\"yoast-schema-graph\">{\"@context\":\"https:\/\/schema.org\",\"@graph\":[{\"@type\":\"WebPage\",\"@id\":\"https:\/\/nyforetagarcentrum.se\/mellerstaostergotland\/event-seminarier-2\/\",\"url\":\"https:\/\/nyforetagarcentrum.se\/mellerstaostergotland\/event-seminarier-2\/\",\"name\":\"Evenemang och f\u00f6rel\u00e4sningar - Mellersta \u00d6sterg\u00f6tland\",\"isPartOf\":{\"@id\":\"https:\/\/nyforetagarcentrum.se\/mellerstaostergotland\/#website\"},\"datePublished\":\"2024-06-12T07:24:59+00:00\",\"dateModified\":\"2026-04-02T07:26:06+00:00\",\"description\":\"H\u00e4r kan du ta del av v\u00e5ra kostnadsfria evenemang och f\u00f6rel\u00e4sningar. Perfekt information f\u00f6r dig som redan har eller t\u00e4nker starta eget.\",\"breadcrumb\":{\"@id\":\"https:\/\/nyforetagarcentrum.se\/mellerstaostergotland\/event-seminarier-2\/#breadcrumb\"},\"inLanguage\":\"sv-SE\",\"potentialAction\":[{\"@type\":\"ReadAction\",\"target\":[\"https:\/\/nyforetagarcentrum.se\/mellerstaostergotland\/event-seminarier-2\/\"]}]},{\"@type\":\"BreadcrumbList\",\"@id\":\"https:\/\/nyforetagarcentrum.se\/mellerstaostergotland\/event-seminarier-2\/#breadcrumb\",\"itemListElement\":[{\"@type\":\"ListItem\",\"position\":1,\"name\":\"Hem\",\"item\":\"https:\/\/nyforetagarcentrum.se\/mellerstaostergotland\/\"},{\"@type\":\"ListItem\",\"position\":2,\"name\":\"Evenemang och f\u00f6rel\u00e4sningar\"}]},{\"@type\":\"WebSite\",\"@id\":\"https:\/\/nyforetagarcentrum.se\/mellerstaostergotland\/#website\",\"url\":\"https:\/\/nyforetagarcentrum.se\/mellerstaostergotland\/\",\"name\":\"Mellersta \u00d6sterg\u00f6tland\",\"description\":\"Sveriges ledande kraft f\u00f6r fler nya livskraftiga f\u00f6retag\",\"publisher\":{\"@id\":\"https:\/\/nyforetagarcentrum.se\/mellerstaostergotland\/#organization\"},\"potentialAction\":[{\"@type\":\"SearchAction\",\"target\":{\"@type\":\"EntryPoint\",\"urlTemplate\":\"https:\/\/nyforetagarcentrum.se\/mellerstaostergotland\/?s={search_term_string}\"},\"query-input\":\"required name=search_term_string\"}],\"inLanguage\":\"sv-SE\"},{\"@type\":\"Organization\",\"@id\":\"https:\/\/nyforetagarcentrum.se\/mellerstaostergotland\/#organization\",\"name\":\"Mellersta \u00d6sterg\u00f6tland\",\"url\":\"https:\/\/nyforetagarcentrum.se\/mellerstaostergotland\/\",\"logo\":{\"@type\":\"ImageObject\",\"inLanguage\":\"sv-SE\",\"@id\":\"https:\/\/nyforetagarcentrum.se\/mellerstaostergotland\/#\/schema\/logo\/image\/\",\"url\":\"https:\/\/nyforetagarcentrum.se\/mellerstaostergotland\/wp-content\/uploads\/sites\/12\/2025\/03\/cropped-NyFC_Mellersta_Ostergotland_big.png\",\"contentUrl\":\"https:\/\/nyforetagarcentrum.se\/mellerstaostergotland\/wp-content\/uploads\/sites\/12\/2025\/03\/cropped-NyFC_Mellersta_Ostergotland_big.png\",\"width\":1000,\"height\":463,\"caption\":\"Mellersta \u00d6sterg\u00f6tland\"},\"image\":{\"@id\":\"https:\/\/nyforetagarcentrum.se\/mellerstaostergotland\/#\/schema\/logo\/image\/\"}}]}<\/script>\n<!-- \/ Yoast SEO plugin. -->","yoast_head_json":{"title":"Evenemang och f\u00f6rel\u00e4sningar - Mellersta \u00d6sterg\u00f6tland","description":"H\u00e4r kan du ta del av v\u00e5ra kostnadsfria evenemang och f\u00f6rel\u00e4sningar. Perfekt information f\u00f6r dig som redan har eller t\u00e4nker starta eget.","robots":{"index":"index","follow":"follow","max-snippet":"max-snippet:-1","max-image-preview":"max-image-preview:large","max-video-preview":"max-video-preview:-1"},"canonical":"https:\/\/nyforetagarcentrum.se\/mellerstaostergotland\/event-seminarier-2\/","og_locale":"sv_SE","og_type":"article","og_title":"Evenemang och f\u00f6rel\u00e4sningar - Mellersta \u00d6sterg\u00f6tland","og_description":"H\u00e4r kan du ta del av v\u00e5ra kostnadsfria evenemang och f\u00f6rel\u00e4sningar. Perfekt information f\u00f6r dig som redan har eller t\u00e4nker starta eget.","og_url":"https:\/\/nyforetagarcentrum.se\/mellerstaostergotland\/event-seminarier-2\/","og_site_name":"Mellersta \u00d6sterg\u00f6tland","article_modified_time":"2026-04-02T07:26:06+00:00","twitter_card":"summary_large_image","schema":{"@context":"https:\/\/schema.org","@graph":[{"@type":"WebPage","@id":"https:\/\/nyforetagarcentrum.se\/mellerstaostergotland\/event-seminarier-2\/","url":"https:\/\/nyforetagarcentrum.se\/mellerstaostergotland\/event-seminarier-2\/","name":"Evenemang och f\u00f6rel\u00e4sningar - Mellersta \u00d6sterg\u00f6tland","isPartOf":{"@id":"https:\/\/nyforetagarcentrum.se\/mellerstaostergotland\/#website"},"datePublished":"2024-06-12T07:24:59+00:00","dateModified":"2026-04-02T07:26:06+00:00","description":"H\u00e4r kan du ta del av v\u00e5ra kostnadsfria evenemang och f\u00f6rel\u00e4sningar. Perfekt information f\u00f6r dig som redan har eller t\u00e4nker starta eget.","breadcrumb":{"@id":"https:\/\/nyforetagarcentrum.se\/mellerstaostergotland\/event-seminarier-2\/#breadcrumb"},"inLanguage":"sv-SE","potentialAction":[{"@type":"ReadAction","target":["https:\/\/nyforetagarcentrum.se\/mellerstaostergotland\/event-seminarier-2\/"]}]},{"@type":"BreadcrumbList","@id":"https:\/\/nyforetagarcentrum.se\/mellerstaostergotland\/event-seminarier-2\/#breadcrumb","itemListElement":[{"@type":"ListItem","position":1,"name":"Hem","item":"https:\/\/nyforetagarcentrum.se\/mellerstaostergotland\/"},{"@type":"ListItem","position":2,"name":"Evenemang och f\u00f6rel\u00e4sningar"}]},{"@type":"WebSite","@id":"https:\/\/nyforetagarcentrum.se\/mellerstaostergotland\/#website","url":"https:\/\/nyforetagarcentrum.se\/mellerstaostergotland\/","name":"Mellersta \u00d6sterg\u00f6tland","description":"Sveriges ledande kraft f\u00f6r fler nya livskraftiga f\u00f6retag","publisher":{"@id":"https:\/\/nyforetagarcentrum.se\/mellerstaostergotland\/#organization"},"potentialAction":[{"@type":"SearchAction","target":{"@type":"EntryPoint","urlTemplate":"https:\/\/nyforetagarcentrum.se\/mellerstaostergotland\/?s={search_term_string}"},"query-input":"required name=search_term_string"}],"inLanguage":"sv-SE"},{"@type":"Organization","@id":"https:\/\/nyforetagarcentrum.se\/mellerstaostergotland\/#organization","name":"Mellersta \u00d6sterg\u00f6tland","url":"https:\/\/nyforetagarcentrum.se\/mellerstaostergotland\/","logo":{"@type":"ImageObject","inLanguage":"sv-SE","@id":"https:\/\/nyforetagarcentrum.se\/mellerstaostergotland\/#\/schema\/logo\/image\/","url":"https:\/\/nyforetagarcentrum.se\/mellerstaostergotland\/wp-content\/uploads\/sites\/12\/2025\/03\/cropped-NyFC_Mellersta_Ostergotland_big.png","contentUrl":"https:\/\/nyforetagarcentrum.se\/mellerstaostergotland\/wp-content\/uploads\/sites\/12\/2025\/03\/cropped-NyFC_Mellersta_Ostergotland_big.png","width":1000,"height":463,"caption":"Mellersta \u00d6sterg\u00f6tland"},"image":{"@id":"https:\/\/nyforetagarcentrum.se\/mellerstaostergotland\/#\/schema\/logo\/image\/"}}]}},"_links":{"self":[{"href":"https:\/\/nyforetagarcentrum.se\/mellerstaostergotland\/wp-json\/wp\/v2\/pages\/2047"}],"collection":[{"href":"https:\/\/nyforetagarcentrum.se\/mellerstaostergotland\/wp-json\/wp\/v2\/pages"}],"about":[{"href":"https:\/\/nyforetagarcentrum.se\/mellerstaostergotland\/wp-json\/wp\/v2\/types\/page"}],"author":[{"embeddable":true,"href":"https:\/\/nyforetagarcentrum.se\/mellerstaostergotland\/wp-json\/wp\/v2\/users\/1"}],"replies":[{"embeddable":true,"href":"https:\/\/nyforetagarcentrum.se\/mellerstaostergotland\/wp-json\/wp\/v2\/comments?post=2047"}],"version-history":[{"count":279,"href":"https:\/\/nyforetagarcentrum.se\/mellerstaostergotland\/wp-json\/wp\/v2\/pages\/2047\/revisions"}],"predecessor-version":[{"id":6048,"href":"https:\/\/nyforetagarcentrum.se\/mellerstaostergotland\/wp-json\/wp\/v2\/pages\/2047\/revisions\/6048"}],"wp:attachment":[{"href":"https:\/\/nyforetagarcentrum.se\/mellerstaostergotland\/wp-json\/wp\/v2\/media?parent=2047"}],"curies":[{"name":"wp","href":"https:\/\/api.w.org\/{rel}","templated":true}]}}