{"id":169,"date":"2024-02-27T16:06:59","date_gmt":"2024-02-27T15:06:59","guid":{"rendered":"https:\/\/nyforetagarcentrum.se\/mellerstaostergotland\/?page_id=169"},"modified":"2026-01-05T10:48:17","modified_gmt":"2026-01-05T09:48:17","slug":"kontakta-oss","status":"publish","type":"page","link":"https:\/\/nyforetagarcentrum.se\/mellerstaostergotland\/kontakta-oss\/","title":{"rendered":"Kontakta oss"},"content":{"rendered":"<section  class=\"nfc-block-breadcrumbs alignwide\">\n    <div class=\"wrapper contained\">\n        <ol class=\"breadcrumbs\" itemscope itemtype=\"https:\/\/schema.org\/BreadcrumbList\">\n            <li itemprop=\"itemListElement\" itemscope itemtype=\"https:\/\/schema.org\/ListItem\">\n            \n\n                            <span class=\"current\" itemprop=\"name\">Hem<\/span>\n            \n            <meta itemprop=\"position\" content=\"1\" \/>\n        <\/li>\n    <\/ol>    <\/div>\n<\/section>\n\n\n<div style=\"height:100px\" aria-hidden=\"true\" class=\"wp-block-spacer\"><\/div>\n\n\n<section  class=\"nfc-block-split_screen alignwide image_alignment-right theme-dark\">\n    <div class=\"wrapper\">\n        <div class=\"nfc-block-split_screen__image-wrapper\">\n            <img loading=\"lazy\" decoding=\"async\" width=\"1157\" height=\"1080\" src=\"https:\/\/nyforetagarcentrum.se\/mellerstaostergotland\/wp-content\/uploads\/sites\/12\/2025\/02\/20250214_131720-kopia-1157x1080.jpg\" class=\"attachment-landscape size-landscape\" alt=\"\" srcset=\"https:\/\/nyforetagarcentrum.se\/mellerstaostergotland\/wp-content\/uploads\/sites\/12\/2025\/02\/20250214_131720-kopia-1157x1080.jpg 1157w, https:\/\/nyforetagarcentrum.se\/mellerstaostergotland\/wp-content\/uploads\/sites\/12\/2025\/02\/20250214_131720-kopia-300x280.jpg 300w, https:\/\/nyforetagarcentrum.se\/mellerstaostergotland\/wp-content\/uploads\/sites\/12\/2025\/02\/20250214_131720-kopia-1024x956.jpg 1024w, https:\/\/nyforetagarcentrum.se\/mellerstaostergotland\/wp-content\/uploads\/sites\/12\/2025\/02\/20250214_131720-kopia-768x717.jpg 768w, https:\/\/nyforetagarcentrum.se\/mellerstaostergotland\/wp-content\/uploads\/sites\/12\/2025\/02\/20250214_131720-kopia-1536x1434.jpg 1536w, https:\/\/nyforetagarcentrum.se\/mellerstaostergotland\/wp-content\/uploads\/sites\/12\/2025\/02\/20250214_131720-kopia-2048x1912.jpg 2048w\" sizes=\"(max-width: 1157px) 100vw, 1157px\" \/>        <\/div>\n\n        <div class=\"nfc-block-split_screen__content-wrapper\">\n            <h2>Kontakta oss<\/h2>\n<p><strong>Nyf\u00f6retagarCentrum Mellersta \u00d6sterg\u00f6tland<\/strong><\/p>\n<p>Vi n\u00e5s i f\u00f6rsta hand via v\u00e5r mail:<br \/>\n<span style=\"text-decoration: underline\"><strong><a style=\"color: white;text-decoration: underline\" href=\"mailto:mellerstaostergotland@nyforetagarcentrum.se\">mellerstaostergotland@nyforetagarcentrum.se\u00a0<\/a><\/strong><\/span><\/p>\n<p>Vi \u00e4ven n\u00e5s p\u00e5 <span style=\"text-decoration: underline\"><a style=\"color: white;text-decoration: underline\" href=\"tel:+46738089707\">073-808 97 07<\/a><\/span> d\u00e4r vi svarar i m\u00e5n av tid.<\/p>\n<p>Du bokar r\u00e5dgivning via v\u00e5rt\u00a0<strong><a style=\"color: white\" href=\"https:\/\/nyforetagarcentrum.se\/mellerstaostergotland\/radgivning\/\"><span style=\"text-decoration: underline\">onlinebokningssystem<\/span><\/a>.<\/strong><\/p>\n<p><strong>Pernilla H\u00f6rwing<\/strong><br \/>\nVerksamhetsledare Nyf\u00f6retagarcentrum Mellersta \u00d6sterg\u00f6tland.<br \/>\nE-post:<span style=\"text-decoration: underline\"><strong> <a style=\"color: white;text-decoration: underline\" href=\"mailto:pernilla.horwing@nyforetagarcentrum.se\">pernilla.horwing@nyforetagarcentrum.se<\/a><\/strong><\/span><br \/>\nTelefon: <span style=\"text-decoration: underline\"><strong><a style=\"color: white;text-decoration: underline\" href=\"tel:+46708824417\">070-882 44 17<\/a><\/strong><\/span><\/p>\n\n            \n        <\/div>\n    <\/div>\n<\/section>\n\n\n<div style=\"height:100px\" aria-hidden=\"true\" class=\"wp-block-spacer\"><\/div>\n\n\n\n<h2 class=\"wp-block-heading has-text-align-left\">\u00c4r ditt f\u00f6retag eller organisation intresserad av att st\u00f6dja Nyf\u00f6retagarCentrum Mellersta \u00d6sterg\u00f6tlands arbete?<\/h2>\n\n\n<section  class=\"nfc-block-form aligncontent layout-small\">\n    <div class=\"contained\">\n\n        <form data-nfc-form=\"block_613503bacfd287e6815a3889532df1f6\" data-nfc-page=\"169\">\n            <label class=\"input-wrapper required\" for=\"namn\">\n    <span>Namn<\/span>\n    <input type=\"text\" name=\"namn\" id=\"namn\" placeholder=\"\" required>\n<\/label><label class=\"input-wrapper required\" for=\"foretag-eller-organisation\">\n    <span>F\u00f6retag eller organisation<\/span>\n    <input type=\"text\" name=\"foretag-eller-organisation\" id=\"foretag-eller-organisation\" placeholder=\"\" required>\n<\/label><label class=\"input-wrapper required\" for=\"e-post\">\n    <span>E-post<\/span>\n    <input type=\"text\" name=\"e-post\" id=\"e-post\" placeholder=\"\" required>\n<\/label>\n            <div class=\"input-wrapper\">\n                <button type=\"submit\" class=\"button\">Skicka<\/button>\n            <\/div>\n        <\/form>\n    <\/div>\n<\/section>\n\n\n<div style=\"height:100px\" aria-hidden=\"true\" class=\"wp-block-spacer\"><\/div>\n\n\n<script>const member_map_block_55288fec97fbcc9015ca418061f9fda4 = [{\"id\":\"12-1073\",\"lng\":\"15.634791267710074\",\"lat\":\"57.98766428386983\",\"title\":\"Nyf\\u00f6retagarCentrum Mellersta \\u00d6sterg\\u00f6tland (Kinda)\",\"address\":\"Storgatan 20, 590 38 Kisa\"},{\"id\":\"12-1075\",\"lng\":\"15.617447715342635\",\"lat\":\"58.42028898917126\",\"title\":\"Nyf\\u00f6retagarCentrum Mellersta \\u00d6sterg\\u00f6tland (Link\\u00f6ping)\",\"address\":\"Industrigatan 5 , 582 77 Link\\u00f6ping\"},{\"id\":\"12-1077\",\"lng\":\"15.1255199\",\"lat\":\"58.3252187\",\"title\":\"Nyf\\u00f6retagarCentrum Mellersta \\u00d6sterg\\u00f6tland (Mj\\u00f6lby)\",\"address\":\"Kontorshotell1 i Mj\\u00f6lby, Jerikodalsgatan 6, 595 30 Mj\\u00f6lby\"},{\"id\":\"12-1079\",\"lng\":\"16.180830573013953\",\"lat\":\"58.58911189786452\",\"title\":\"Nyf\\u00f6retagarCentrum Mellersta \\u00d6sterg\\u00f6tland (Norrk\\u00f6ping)\",\"address\":\"St Persgatan 99, 602 32  Norrk\\u00f6ping\"},{\"id\":\"12-1081\",\"lng\":\"16.005729068981232\",\"lat\":\"58.20015348660641\",\"title\":\"Nyf\\u00f6retagarCentrum Mellersta \\u00d6sterg\\u00f6tland (\\u00c5tvidaberg)\",\"address\":\"Stortorget 1, 597 30  \\u00c5tvidaberg\"}];<\/script>\n\n<!-- Loads the google map api. -->\n<script type=\"text\/javascript\" src=\"\/\/maps.googleapis.com\/maps\/api\/js?key=AIzaSyDGhZjiYRUYd9Gp8cEzhhoiQNx5apfS6jM&#038;sensor=false\"><\/script>\n\n<section id=\"karta\" class=\"nfc-block-locations alignwide\">\n\n    <div class=\"search-wrapper\">\n        <input type=\"text\" id=\"search-location\" placeholder=\"S\u00f6k p\u00e5 ort eller adress\">\n    <\/div>\n\n    <div class=\"location-list\">\n\n                    <div class=\"location\" id=\"location-12-1073\">\n                <h2 class=\"location-title\">Nyf\u00f6retagarCentrum Mellersta \u00d6sterg\u00f6tland (Kinda)<\/h2>\n\n                <div class=\"address-container\">\n                    <p>Storgatan 20<\/p>\n                    <p>590 38 Kisa<\/p>\n                <\/div>\n\n                                    <a href=\"https:\/\/www.nyforetagarcentrum.se\/mellerstaostergotland\" class=\"location-link\" target=\"_blank\" rel=\"noopener noreferrer\">https:\/\/www.nyforetagarcentrum.se\/mellerstaostergotland<\/a>\n                \n            <\/div>\n                    <div class=\"location\" id=\"location-12-1075\">\n                <h2 class=\"location-title\">Nyf\u00f6retagarCentrum Mellersta \u00d6sterg\u00f6tland (Link\u00f6ping)<\/h2>\n\n                <div class=\"address-container\">\n                    <p>Industrigatan 5 <\/p>\n                    <p>582 77 Link\u00f6ping<\/p>\n                <\/div>\n\n                                    <a href=\"https:\/\/www.nyforetagarcentrum.se\/mellerstaostergotland\" class=\"location-link\" target=\"_blank\" rel=\"noopener noreferrer\">https:\/\/www.nyforetagarcentrum.se\/mellerstaostergotland<\/a>\n                \n            <\/div>\n                    <div class=\"location\" id=\"location-12-1077\">\n                <h2 class=\"location-title\">Nyf\u00f6retagarCentrum Mellersta \u00d6sterg\u00f6tland (Mj\u00f6lby)<\/h2>\n\n                <div class=\"address-container\">\n                    <p>Kontorshotell1 i Mj\u00f6lby, Jerikodalsgatan 6<\/p>\n                    <p>595 30 Mj\u00f6lby<\/p>\n                <\/div>\n\n                                    <a href=\"https:\/\/www.nyforetagarcentrum.se\/mellerstaostergotland\" class=\"location-link\" target=\"_blank\" rel=\"noopener noreferrer\">https:\/\/www.nyforetagarcentrum.se\/mellerstaostergotland<\/a>\n                \n            <\/div>\n                    <div class=\"location\" id=\"location-12-1079\">\n                <h2 class=\"location-title\">Nyf\u00f6retagarCentrum Mellersta \u00d6sterg\u00f6tland (Norrk\u00f6ping)<\/h2>\n\n                <div class=\"address-container\">\n                    <p>St Persgatan 99<\/p>\n                    <p>602 32  Norrk\u00f6ping<\/p>\n                <\/div>\n\n                                    <a href=\"https:\/\/www.nyforetagarcentrum.se\/mellerstaostergotland\" class=\"location-link\" target=\"_blank\" rel=\"noopener noreferrer\">https:\/\/www.nyforetagarcentrum.se\/mellerstaostergotland<\/a>\n                \n            <\/div>\n                    <div class=\"location\" id=\"location-12-1081\">\n                <h2 class=\"location-title\">Nyf\u00f6retagarCentrum Mellersta \u00d6sterg\u00f6tland (\u00c5tvidaberg)<\/h2>\n\n                <div class=\"address-container\">\n                    <p>Stortorget 1<\/p>\n                    <p>597 30  \u00c5tvidaberg<\/p>\n                <\/div>\n\n                                    <a href=\"https:\/\/www.nyforetagarcentrum.se\/mellerstaostergotland\" class=\"location-link\" target=\"_blank\" rel=\"noopener noreferrer\">https:\/\/www.nyforetagarcentrum.se\/mellerstaostergotland<\/a>\n                \n            <\/div>\n        \n    <\/div>\n    <div class=\"location-map\" id=\"map\">\n        <noscript><p>JavaScript is required to render the Google Map.<\/p><\/noscript>\n    <\/div>\n<\/section>\n\n\n\n<script>\n\n\t\/\/ Initialize and add the map\n\tlet map;\n\n\tasync function initMap() {\n\n        \/\/ Fetch the current position based on the user's IP address.\n        const userLocation = await fetch('https:\/\/ipapi.co\/json\/')\n            .then(response => response.json())\n            .then(data => {\n                return {\n                    lat: data.latitude,\n                    lng: data.longitude\n                };\n            })\n            .catch(error => {\n                console.error('Error:', error);\n            });\n\n\n\n\t\t\/\/ Request needed libraries.\n\t\tconst { Map } = await google.maps.importLibrary(\"maps\");\n\t\tconst { AdvancedMarkerElement } = await google.maps.importLibrary(\"marker\");\n\n\t\t\/\/ The map, centered at Uluru\n\t\tmap = new google.maps.Map(document.getElementById(\"map\"), {\n\t\t\tzoom: 5,\n\t\t\tmapId: \"7883236a355b0892\"\n\t\t});\n\n\n\t\t\/\/ Add the pins\n\t\tconst pins = member_map_block_55288fec97fbcc9015ca418061f9fda4;\n\t\tconst markers = pins.map(pin => {\n\n\t\t\tconst marker = new AdvancedMarkerElement({\n\t\t\t\tposition: { lat: Number(pin.lat), lng: Number(pin.lng) },\n\t\t\t\tmap,\n\t\t\t\ttitle: pin.title,\n\t\t\t});\n\n\t\t\tmarker.addListener('gmp-click', () => {\n                const el = document.getElementById('location-' + pin.id);\n                if ( ! el ) {\n                    return;\n                }\n\n                el.scrollIntoView({ behavior: 'smooth', block: 'nearest', inline: 'start' })\n                el.classList.add('highlighted');\n                setTimeout(() => el.classList.remove('highlighted'), 1000);\n\t\t\t})\n\n\t\t\treturn {marker, pin};\n\t\t});\n\n\n        const bounds = new google.maps.LatLngBounds();\n        markers.forEach(marker => bounds.extend(marker.marker.position));\n\n\n        \/\/ Center the map on the user location\n        if (userLocation && bounds.contains(userLocation)) {\n            map.setCenter(userLocation);\n            map.setZoom(9);\n        } else {\n            map.fitBounds(bounds);\n        }\n\n        google.maps.event.addListener(map, 'idle', function() {\n            if (markers.some(marker => map.getBounds().contains(marker.marker.position))) {\n            } else {\n                map.setZoom(map.getZoom() - 1);\n            }\n        });\n\n\n\n        const searchInput = document.getElementById('search-location');\n        if (searchInput) {\n            searchInput.addEventListener('input', (e) => {\n                const search = e.target.value.toLowerCase();\n                const locations = document.querySelectorAll('.location');\n                locations.forEach(location => {\n                    const title = location.querySelector('.location-title').textContent.toLowerCase();\n                    const address = location.querySelector('.address-container').textContent.toLowerCase();\n                    if (title.includes(search) || address.includes(search)) {\n                        location.style.display = 'block';\n                    } else {\n                        location.style.display = 'none';\n                    }\n                });\n\n                const bounds = new google.maps.LatLngBounds();\n\n\n                let hasMarker = false;\n                markers.forEach(marker => {\n                    const title = marker.pin.title.toLowerCase();\n                    const address = marker.pin.address.toLowerCase();\n                    if (title.includes(search) || address.includes(search)) {\n                        marker.marker.setMap(map);\n                        bounds.extend(marker.marker.position)\n                        hasMarker = true;\n                    } else {\n                        marker.marker.setMap(null);\n                    }\n                });\n\n                if (!hasMarker) {\n                    map.setCenter({ lat: 62.3908, lng: 16.3252 });\n                    map.setZoom(5);\n                } else {\n                    map.fitBounds(bounds);\n                }\n            });\n        }\n\t}\n\n\tinitMap();\n\n\n<\/script>\n\n\n<div style=\"height:100px\" aria-hidden=\"true\" class=\"wp-block-spacer\"><\/div>\n","protected":false},"excerpt":{"rendered":"<p>\u00c4r ditt f\u00f6retag eller organisation intresserad av att st\u00f6dja Nyf\u00f6retagarCentrum Mellersta \u00d6sterg\u00f6tlands arbete?<\/p>\n","protected":false},"author":1,"featured_media":0,"parent":0,"menu_order":0,"comment_status":"closed","ping_status":"closed","template":"","meta":{"footnotes":""},"acf":[],"yoast_head":"<!-- This site is optimized with the Yoast SEO plugin v22.9 - https:\/\/yoast.com\/wordpress\/plugins\/seo\/ -->\n<title>Kontakta oss - Mellersta \u00d6sterg\u00f6tland<\/title>\n<meta name=\"robots\" content=\"index, follow, max-snippet:-1, max-image-preview:large, max-video-preview:-1\" \/>\n<link rel=\"canonical\" href=\"https:\/\/nyforetagarcentrum.se\/mellerstaostergotland\/kontakta-oss\/\" \/>\n<meta property=\"og:locale\" content=\"sv_SE\" \/>\n<meta property=\"og:type\" content=\"article\" \/>\n<meta property=\"og:title\" content=\"Kontakta oss - Mellersta \u00d6sterg\u00f6tland\" \/>\n<meta property=\"og:description\" content=\"\u00c4r ditt f\u00f6retag eller organisation intresserad av att st\u00f6dja Nyf\u00f6retagarCentrum Mellersta \u00d6sterg\u00f6tlands arbete?\" \/>\n<meta property=\"og:url\" content=\"https:\/\/nyforetagarcentrum.se\/mellerstaostergotland\/kontakta-oss\/\" \/>\n<meta property=\"og:site_name\" content=\"Mellersta \u00d6sterg\u00f6tland\" \/>\n<meta property=\"article:modified_time\" content=\"2026-01-05T09:48:17+00:00\" \/>\n<meta name=\"twitter:card\" content=\"summary_large_image\" \/>\n<meta name=\"twitter:label1\" content=\"Ber\u00e4knad l\u00e4stid\" \/>\n\t<meta name=\"twitter:data1\" content=\"1 minut\" \/>\n<script type=\"application\/ld+json\" class=\"yoast-schema-graph\">{\"@context\":\"https:\/\/schema.org\",\"@graph\":[{\"@type\":\"WebPage\",\"@id\":\"https:\/\/nyforetagarcentrum.se\/mellerstaostergotland\/kontakta-oss\/\",\"url\":\"https:\/\/nyforetagarcentrum.se\/mellerstaostergotland\/kontakta-oss\/\",\"name\":\"Kontakta oss - Mellersta \u00d6sterg\u00f6tland\",\"isPartOf\":{\"@id\":\"https:\/\/nyforetagarcentrum.se\/mellerstaostergotland\/#website\"},\"datePublished\":\"2024-02-27T15:06:59+00:00\",\"dateModified\":\"2026-01-05T09:48:17+00:00\",\"breadcrumb\":{\"@id\":\"https:\/\/nyforetagarcentrum.se\/mellerstaostergotland\/kontakta-oss\/#breadcrumb\"},\"inLanguage\":\"sv-SE\",\"potentialAction\":[{\"@type\":\"ReadAction\",\"target\":[\"https:\/\/nyforetagarcentrum.se\/mellerstaostergotland\/kontakta-oss\/\"]}]},{\"@type\":\"BreadcrumbList\",\"@id\":\"https:\/\/nyforetagarcentrum.se\/mellerstaostergotland\/kontakta-oss\/#breadcrumb\",\"itemListElement\":[{\"@type\":\"ListItem\",\"position\":1,\"name\":\"Hem\",\"item\":\"https:\/\/nyforetagarcentrum.se\/mellerstaostergotland\/\"},{\"@type\":\"ListItem\",\"position\":2,\"name\":\"Kontakta oss\"}]},{\"@type\":\"WebSite\",\"@id\":\"https:\/\/nyforetagarcentrum.se\/mellerstaostergotland\/#website\",\"url\":\"https:\/\/nyforetagarcentrum.se\/mellerstaostergotland\/\",\"name\":\"Mellersta \u00d6sterg\u00f6tland\",\"description\":\"Sveriges ledande kraft f\u00f6r fler nya livskraftiga f\u00f6retag\",\"publisher\":{\"@id\":\"https:\/\/nyforetagarcentrum.se\/mellerstaostergotland\/#organization\"},\"potentialAction\":[{\"@type\":\"SearchAction\",\"target\":{\"@type\":\"EntryPoint\",\"urlTemplate\":\"https:\/\/nyforetagarcentrum.se\/mellerstaostergotland\/?s={search_term_string}\"},\"query-input\":\"required name=search_term_string\"}],\"inLanguage\":\"sv-SE\"},{\"@type\":\"Organization\",\"@id\":\"https:\/\/nyforetagarcentrum.se\/mellerstaostergotland\/#organization\",\"name\":\"Mellersta \u00d6sterg\u00f6tland\",\"url\":\"https:\/\/nyforetagarcentrum.se\/mellerstaostergotland\/\",\"logo\":{\"@type\":\"ImageObject\",\"inLanguage\":\"sv-SE\",\"@id\":\"https:\/\/nyforetagarcentrum.se\/mellerstaostergotland\/#\/schema\/logo\/image\/\",\"url\":\"https:\/\/nyforetagarcentrum.se\/mellerstaostergotland\/wp-content\/uploads\/sites\/12\/2025\/03\/cropped-NyFC_Mellersta_Ostergotland_big.png\",\"contentUrl\":\"https:\/\/nyforetagarcentrum.se\/mellerstaostergotland\/wp-content\/uploads\/sites\/12\/2025\/03\/cropped-NyFC_Mellersta_Ostergotland_big.png\",\"width\":1000,\"height\":463,\"caption\":\"Mellersta \u00d6sterg\u00f6tland\"},\"image\":{\"@id\":\"https:\/\/nyforetagarcentrum.se\/mellerstaostergotland\/#\/schema\/logo\/image\/\"}}]}<\/script>\n<!-- \/ Yoast SEO plugin. -->","yoast_head_json":{"title":"Kontakta oss - Mellersta \u00d6sterg\u00f6tland","robots":{"index":"index","follow":"follow","max-snippet":"max-snippet:-1","max-image-preview":"max-image-preview:large","max-video-preview":"max-video-preview:-1"},"canonical":"https:\/\/nyforetagarcentrum.se\/mellerstaostergotland\/kontakta-oss\/","og_locale":"sv_SE","og_type":"article","og_title":"Kontakta oss - Mellersta \u00d6sterg\u00f6tland","og_description":"\u00c4r ditt f\u00f6retag eller organisation intresserad av att st\u00f6dja Nyf\u00f6retagarCentrum Mellersta \u00d6sterg\u00f6tlands arbete?","og_url":"https:\/\/nyforetagarcentrum.se\/mellerstaostergotland\/kontakta-oss\/","og_site_name":"Mellersta \u00d6sterg\u00f6tland","article_modified_time":"2026-01-05T09:48:17+00:00","twitter_card":"summary_large_image","twitter_misc":{"Ber\u00e4knad l\u00e4stid":"1 minut"},"schema":{"@context":"https:\/\/schema.org","@graph":[{"@type":"WebPage","@id":"https:\/\/nyforetagarcentrum.se\/mellerstaostergotland\/kontakta-oss\/","url":"https:\/\/nyforetagarcentrum.se\/mellerstaostergotland\/kontakta-oss\/","name":"Kontakta oss - Mellersta \u00d6sterg\u00f6tland","isPartOf":{"@id":"https:\/\/nyforetagarcentrum.se\/mellerstaostergotland\/#website"},"datePublished":"2024-02-27T15:06:59+00:00","dateModified":"2026-01-05T09:48:17+00:00","breadcrumb":{"@id":"https:\/\/nyforetagarcentrum.se\/mellerstaostergotland\/kontakta-oss\/#breadcrumb"},"inLanguage":"sv-SE","potentialAction":[{"@type":"ReadAction","target":["https:\/\/nyforetagarcentrum.se\/mellerstaostergotland\/kontakta-oss\/"]}]},{"@type":"BreadcrumbList","@id":"https:\/\/nyforetagarcentrum.se\/mellerstaostergotland\/kontakta-oss\/#breadcrumb","itemListElement":[{"@type":"ListItem","position":1,"name":"Hem","item":"https:\/\/nyforetagarcentrum.se\/mellerstaostergotland\/"},{"@type":"ListItem","position":2,"name":"Kontakta oss"}]},{"@type":"WebSite","@id":"https:\/\/nyforetagarcentrum.se\/mellerstaostergotland\/#website","url":"https:\/\/nyforetagarcentrum.se\/mellerstaostergotland\/","name":"Mellersta \u00d6sterg\u00f6tland","description":"Sveriges ledande kraft f\u00f6r fler nya livskraftiga f\u00f6retag","publisher":{"@id":"https:\/\/nyforetagarcentrum.se\/mellerstaostergotland\/#organization"},"potentialAction":[{"@type":"SearchAction","target":{"@type":"EntryPoint","urlTemplate":"https:\/\/nyforetagarcentrum.se\/mellerstaostergotland\/?s={search_term_string}"},"query-input":"required name=search_term_string"}],"inLanguage":"sv-SE"},{"@type":"Organization","@id":"https:\/\/nyforetagarcentrum.se\/mellerstaostergotland\/#organization","name":"Mellersta \u00d6sterg\u00f6tland","url":"https:\/\/nyforetagarcentrum.se\/mellerstaostergotland\/","logo":{"@type":"ImageObject","inLanguage":"sv-SE","@id":"https:\/\/nyforetagarcentrum.se\/mellerstaostergotland\/#\/schema\/logo\/image\/","url":"https:\/\/nyforetagarcentrum.se\/mellerstaostergotland\/wp-content\/uploads\/sites\/12\/2025\/03\/cropped-NyFC_Mellersta_Ostergotland_big.png","contentUrl":"https:\/\/nyforetagarcentrum.se\/mellerstaostergotland\/wp-content\/uploads\/sites\/12\/2025\/03\/cropped-NyFC_Mellersta_Ostergotland_big.png","width":1000,"height":463,"caption":"Mellersta \u00d6sterg\u00f6tland"},"image":{"@id":"https:\/\/nyforetagarcentrum.se\/mellerstaostergotland\/#\/schema\/logo\/image\/"}}]}},"_links":{"self":[{"href":"https:\/\/nyforetagarcentrum.se\/mellerstaostergotland\/wp-json\/wp\/v2\/pages\/169"}],"collection":[{"href":"https:\/\/nyforetagarcentrum.se\/mellerstaostergotland\/wp-json\/wp\/v2\/pages"}],"about":[{"href":"https:\/\/nyforetagarcentrum.se\/mellerstaostergotland\/wp-json\/wp\/v2\/types\/page"}],"author":[{"embeddable":true,"href":"https:\/\/nyforetagarcentrum.se\/mellerstaostergotland\/wp-json\/wp\/v2\/users\/1"}],"replies":[{"embeddable":true,"href":"https:\/\/nyforetagarcentrum.se\/mellerstaostergotland\/wp-json\/wp\/v2\/comments?post=169"}],"version-history":[{"count":95,"href":"https:\/\/nyforetagarcentrum.se\/mellerstaostergotland\/wp-json\/wp\/v2\/pages\/169\/revisions"}],"predecessor-version":[{"id":5377,"href":"https:\/\/nyforetagarcentrum.se\/mellerstaostergotland\/wp-json\/wp\/v2\/pages\/169\/revisions\/5377"}],"wp:attachment":[{"href":"https:\/\/nyforetagarcentrum.se\/mellerstaostergotland\/wp-json\/wp\/v2\/media?parent=169"}],"curies":[{"name":"wp","href":"https:\/\/api.w.org\/{rel}","templated":true}]}}