{"id":161,"date":"2024-02-27T16:04:37","date_gmt":"2024-02-27T15:04:37","guid":{"rendered":"https:\/\/nyforetagarcentrum.se\/mellerstaostergotland\/?page_id=161"},"modified":"2026-03-04T10:43:07","modified_gmt":"2026-03-04T09:43:07","slug":"var-organisation","status":"publish","type":"page","link":"https:\/\/nyforetagarcentrum.se\/mellerstaostergotland\/var-organisation\/","title":{"rendered":"V\u00e5r organisation"},"content":{"rendered":"\n<div style=\"height:50px\" aria-hidden=\"true\" class=\"wp-block-spacer\"><\/div>\n\n\n<section  class=\"nfc-block-breadcrumbs alignwide\">\n    <div class=\"wrapper contained\">\n        <ol class=\"breadcrumbs\" itemscope itemtype=\"https:\/\/schema.org\/BreadcrumbList\">\n            <li itemprop=\"itemListElement\" itemscope itemtype=\"https:\/\/schema.org\/ListItem\">\n            \n\n                            <span class=\"current\" itemprop=\"name\">Hem<\/span>\n            \n            <meta itemprop=\"position\" content=\"1\" \/>\n        <\/li>\n    <\/ol>    <\/div>\n<\/section>\n\n\n<div style=\"height:51px\" aria-hidden=\"true\" class=\"wp-block-spacer\"><\/div>\n\n\n<section  class=\"nfc-block-split_screen alignwide image_alignment-left\">\n    <div class=\"wrapper\">\n        <div class=\"nfc-block-split_screen__image-wrapper\">\n            <img loading=\"lazy\" decoding=\"async\" width=\"1014\" height=\"1052\" src=\"https:\/\/nyforetagarcentrum.se\/mellerstaostergotland\/wp-content\/uploads\/sites\/12\/2024\/07\/NFC-12-1-1025x1536-annu-mindre.png\" class=\"attachment-landscape size-landscape\" alt=\"\" srcset=\"https:\/\/nyforetagarcentrum.se\/mellerstaostergotland\/wp-content\/uploads\/sites\/12\/2024\/07\/NFC-12-1-1025x1536-annu-mindre.png 1014w, https:\/\/nyforetagarcentrum.se\/mellerstaostergotland\/wp-content\/uploads\/sites\/12\/2024\/07\/NFC-12-1-1025x1536-annu-mindre-289x300.png 289w, https:\/\/nyforetagarcentrum.se\/mellerstaostergotland\/wp-content\/uploads\/sites\/12\/2024\/07\/NFC-12-1-1025x1536-annu-mindre-987x1024.png 987w, https:\/\/nyforetagarcentrum.se\/mellerstaostergotland\/wp-content\/uploads\/sites\/12\/2024\/07\/NFC-12-1-1025x1536-annu-mindre-768x797.png 768w\" sizes=\"(max-width: 1014px) 100vw, 1014px\" \/>        <\/div>\n\n        <div class=\"nfc-block-split_screen__content-wrapper\">\n            <h1>Nyf\u00f6retagarCentrum Mellersta \u00d6sterg\u00f6tland<\/h1>\n<p>Nyf\u00f6retagarCentrums syfte \u00e4r att fr\u00e4mja entrepren\u00f6rskap och medverka till start av fler nya livskraftiga f\u00f6retag i Sverige. Tillsammans med v\u00e5ra partners ges nyf\u00f6retagaren b\u00e4ttre f\u00f6ruts\u00e4ttningar till att starta, driva f\u00f6retag, bygga n\u00e4tverk och f\u00f6rverkliga sina dr\u00f6mmar.<\/p>\n<p>Nyf\u00f6retagarCentrum ger dig som funderar p\u00e5 att starta eget f\u00f6retag \u2013 eller redan har startat \u2013 kostnadsfri r\u00e5dgivning. Vi har erfarna r\u00e5dgivare som hj\u00e4lper dig med din aff\u00e4rsid\u00e9, fr\u00e5gor kring budget, marknadsf\u00f6ring eller vad du vill som r\u00f6r ditt f\u00f6retagande.<\/p>\n<p>N\u00e4r du har varit p\u00e5 r\u00e5dgivning hos oss kommer du att vara v\u00e4l f\u00f6rberedd f\u00f6r livet som egenf\u00f6retagare. Det enda vi kr\u00e4ver av dig \u00e4r ditt engagemang och att du tror p\u00e5 din id\u00e9.<\/p>\n<p>R\u00e5dgivningen \u00e4r helt kostnadsfri tack vare v\u00e5rt n\u00e4tverk av samarbetspartners som st\u00f6der oss, b\u00e5de med finansiella medel och med personlig expertis och engagemang.<\/p>\n\n                            <div class=\"nfc-block-split_screen__buttons\">\n                                            <a href=\"https:\/\/nyforetagarcentrum.se\/mellerstaostergotland\/radgivning\/\" class=\"button primary\">Boka r\u00e5dgvining<\/a>\n                                    <\/div>\n            \n        <\/div>\n    <\/div>\n<\/section>\n\n\n<div style=\"height:50px\" aria-hidden=\"true\" class=\"wp-block-spacer\"><\/div>\n\n\n\n<h2 class=\"wp-block-heading has-text-align-center\">\u00c4r ditt f\u00f6retag eller organisation intresserad av att st\u00f6da Nyf\u00f6retagarCentrum Mellersta \u00d6sterg\u00f6tlands arbete?<\/h2>\n\n\n\n<div class=\"wp-block-group alignfull is-layout-constrained wp-block-group-is-layout-constrained\"><section  class=\"nfc-block-form aligncontent layout-small\">\n    <div class=\"contained\">\n\n        <form data-nfc-form=\"block_c71f4bd71f8f39ef50177cb1cee0435e\" data-nfc-page=\"161\">\n            <label class=\"input-wrapper required\" for=\"namn\">\n    <span>Namn<\/span>\n    <input type=\"text\" name=\"namn\" id=\"namn\" placeholder=\"\" required>\n<\/label><label class=\"input-wrapper required\" for=\"foretag-eller-organisation\">\n    <span>F\u00f6retag eller organisation<\/span>\n    <input type=\"text\" name=\"foretag-eller-organisation\" id=\"foretag-eller-organisation\" placeholder=\"\" required>\n<\/label><label class=\"input-wrapper required\" for=\"e-post\">\n    <span>E-post<\/span>\n    <input type=\"text\" name=\"e-post\" id=\"e-post\" placeholder=\"\" required>\n<\/label>\n            <div class=\"input-wrapper\">\n                <button type=\"submit\" class=\"button\">Skicka<\/button>\n            <\/div>\n        <\/form>\n    <\/div>\n<\/section><\/div>\n\n\n\n<div style=\"height:50px\" aria-hidden=\"true\" class=\"wp-block-spacer\"><\/div>\n\n\n<section  class=\"nfc-block-split_screen alignwide image_alignment-right theme-dark\">\n    <div class=\"wrapper\">\n        <div class=\"nfc-block-split_screen__image-wrapper\">\n            <img loading=\"lazy\" decoding=\"async\" width=\"1157\" height=\"1080\" src=\"https:\/\/nyforetagarcentrum.se\/mellerstaostergotland\/wp-content\/uploads\/sites\/12\/2025\/02\/20250214_131720-kopia-1157x1080.jpg\" class=\"attachment-landscape size-landscape\" alt=\"\" srcset=\"https:\/\/nyforetagarcentrum.se\/mellerstaostergotland\/wp-content\/uploads\/sites\/12\/2025\/02\/20250214_131720-kopia-1157x1080.jpg 1157w, https:\/\/nyforetagarcentrum.se\/mellerstaostergotland\/wp-content\/uploads\/sites\/12\/2025\/02\/20250214_131720-kopia-300x280.jpg 300w, https:\/\/nyforetagarcentrum.se\/mellerstaostergotland\/wp-content\/uploads\/sites\/12\/2025\/02\/20250214_131720-kopia-1024x956.jpg 1024w, https:\/\/nyforetagarcentrum.se\/mellerstaostergotland\/wp-content\/uploads\/sites\/12\/2025\/02\/20250214_131720-kopia-768x717.jpg 768w, https:\/\/nyforetagarcentrum.se\/mellerstaostergotland\/wp-content\/uploads\/sites\/12\/2025\/02\/20250214_131720-kopia-1536x1434.jpg 1536w, https:\/\/nyforetagarcentrum.se\/mellerstaostergotland\/wp-content\/uploads\/sites\/12\/2025\/02\/20250214_131720-kopia-2048x1912.jpg 2048w\" sizes=\"(max-width: 1157px) 100vw, 1157px\" \/>        <\/div>\n\n        <div class=\"nfc-block-split_screen__content-wrapper\">\n            <h2>Kontakta oss<\/h2>\n<p><strong>Nyf\u00f6retagarCentrum Mellersta \u00d6sterg\u00f6tland<\/strong><\/p>\n<p><strong>Tel nr<\/strong>: 073-808 97 07<br \/>\n<strong>E-post<\/strong>: mellerstaostergotland@nyforetagarcentrum.se<br \/>\n<strong>Org nr<\/strong>: 802539-4936<\/p>\n<p><strong>Pernilla H\u00f6rwing<\/strong><br \/>\nVerksamhetsledare Nyf\u00f6retagarcentrum Mellersta \u00d6sterg\u00f6tland.<br \/>\nE-post: pernilla.horwing@nyforetagarcentrum.se<\/p>\n\n            \n        <\/div>\n    <\/div>\n<\/section>\n\n\n<div class=\"wp-block-columns is-layout-flex wp-container-core-columns-is-layout-1 wp-block-columns-is-layout-flex\">\n<div class=\"wp-block-column is-layout-flow wp-block-column-is-layout-flow\">\n<h2 class=\"wp-block-heading has-text-align-center\"><strong>Vill du bes\u00f6ka oss?&nbsp;<\/strong><\/h2>\n\n\n\n<p class=\"has-text-align-center\">\ud83c\udfd9\ufe0f I Norrk\u00f6ping finns vi p\u00e5 Dospace Innerstan, p\u00e5&nbsp;<a href=\"https:\/\/www.dospace.se\/norrkping-city\" target=\"_blank\" rel=\"noreferrer noopener\">St Persgatan 99<\/a><\/p>\n\n\n\n<p class=\"has-text-align-center\">\ud83c\udf06 I Link\u00f6ping finns vi p\u00e5 Dospace Alfa, p\u00e5&nbsp;<a href=\"https:\/\/maps.app.goo.gl\/zr2XnTueRq1zETn46\" target=\"_blank\" rel=\"noreferrer noopener\">Industrigatan 5<\/a><\/p>\n\n\n\n<p class=\"has-text-align-center\">\ud83c\udff0 I Mj\u00f6lby finns vi i Tingshuset p\u00e5&nbsp;<a href=\"https:\/\/maps.app.goo.gl\/A1yaetQzKKEzTT897\" target=\"_blank\" rel=\"noreferrer noopener\">Lagmansgatan 26<\/a><\/p>\n\n\n\n<p class=\"has-text-align-center\">\ud83c\udfe2I \u00c5tvidaberg finns vi hos N\u00e4ringslivscentrum p\u00e5&nbsp;<a href=\"https:\/\/maps.app.goo.gl\/Gc2eW93qd8J9DAFfA\" rel=\"noreferrer noopener\" target=\"_blank\">Stortorget 1<\/a><\/p>\n\n\n\n<p class=\"has-text-align-center\">\ud83c\udfe1 I Kisa finns vi i Sveahuset p\u00e5&nbsp;<a href=\"https:\/\/maps.app.goo.gl\/2LbswKN3FSp5ujmq8\" target=\"_blank\" rel=\"noreferrer noopener\">Storgatan 20<\/a><\/p>\n\n\n\n<p class=\"has-text-align-center\">\ud83c\udfe6 Bokad r\u00e5dgivning i \u00d6sterbymo sker i&nbsp;<a href=\"https:\/\/maps.app.goo.gl\/FH7poVs9dPxjbdrA6\" target=\"_blank\" rel=\"noreferrer noopener\">Kinda Ydre Sparbank<\/a><\/p>\n\n\n\n<p class=\"has-text-align-center\">Kom dock ih\u00e5g att du m\u00e5ste anm\u00e4la ditt bes\u00f6k till oss innan bara.<\/p>\n<\/div>\n<\/div>\n","protected":false},"excerpt":{"rendered":"<p>\u00c4r ditt f\u00f6retag eller organisation intresserad av att st\u00f6da Nyf\u00f6retagarCentrum Mellersta \u00d6sterg\u00f6tlands arbete? Vill du bes\u00f6ka oss?&nbsp; \ud83c\udfd9\ufe0f I Norrk\u00f6ping finns vi p\u00e5 Dospace Innerstan, p\u00e5&nbsp;St Persgatan 99 \ud83c\udf06 I Link\u00f6ping finns vi p\u00e5 Dospace Alfa, p\u00e5&nbsp;Industrigatan 5 \ud83c\udff0 I Mj\u00f6lby finns vi i Tingshuset p\u00e5&nbsp;Lagmansgatan 26 \ud83c\udfe2I \u00c5tvidaberg finns vi hos N\u00e4ringslivscentrum p\u00e5&nbsp;Stortorget 1 [&hellip;]<\/p>\n","protected":false},"author":1,"featured_media":0,"parent":0,"menu_order":0,"comment_status":"closed","ping_status":"closed","template":"","meta":{"footnotes":""},"acf":[],"yoast_head":"<!-- This site is optimized with the Yoast SEO plugin v22.9 - https:\/\/yoast.com\/wordpress\/plugins\/seo\/ -->\n<title>V\u00e5r organisation - Mellersta \u00d6sterg\u00f6tland<\/title>\n<meta name=\"robots\" content=\"index, follow, max-snippet:-1, max-image-preview:large, max-video-preview:-1\" \/>\n<link rel=\"canonical\" href=\"https:\/\/nyforetagarcentrum.se\/mellerstaostergotland\/var-organisation\/\" \/>\n<meta property=\"og:locale\" content=\"sv_SE\" \/>\n<meta property=\"og:type\" content=\"article\" \/>\n<meta property=\"og:title\" content=\"V\u00e5r organisation - Mellersta \u00d6sterg\u00f6tland\" \/>\n<meta property=\"og:description\" content=\"\u00c4r ditt f\u00f6retag eller organisation intresserad av att st\u00f6da Nyf\u00f6retagarCentrum Mellersta \u00d6sterg\u00f6tlands arbete? Vill du bes\u00f6ka oss?&nbsp; \ud83c\udfd9\ufe0f I Norrk\u00f6ping finns vi p\u00e5 Dospace Innerstan, p\u00e5&nbsp;St Persgatan 99 \ud83c\udf06 I Link\u00f6ping finns vi p\u00e5 Dospace Alfa, p\u00e5&nbsp;Industrigatan 5 \ud83c\udff0 I Mj\u00f6lby finns vi i Tingshuset p\u00e5&nbsp;Lagmansgatan 26 \ud83c\udfe2I \u00c5tvidaberg finns vi hos N\u00e4ringslivscentrum p\u00e5&nbsp;Stortorget 1 [&hellip;]\" \/>\n<meta property=\"og:url\" content=\"https:\/\/nyforetagarcentrum.se\/mellerstaostergotland\/var-organisation\/\" \/>\n<meta property=\"og:site_name\" content=\"Mellersta \u00d6sterg\u00f6tland\" \/>\n<meta property=\"article:modified_time\" content=\"2026-03-04T09:43:07+00:00\" \/>\n<meta name=\"twitter:card\" content=\"summary_large_image\" \/>\n<meta name=\"twitter:label1\" content=\"Ber\u00e4knad l\u00e4stid\" \/>\n\t<meta name=\"twitter:data1\" content=\"1 minut\" \/>\n<script type=\"application\/ld+json\" class=\"yoast-schema-graph\">{\"@context\":\"https:\/\/schema.org\",\"@graph\":[{\"@type\":\"WebPage\",\"@id\":\"https:\/\/nyforetagarcentrum.se\/mellerstaostergotland\/var-organisation\/\",\"url\":\"https:\/\/nyforetagarcentrum.se\/mellerstaostergotland\/var-organisation\/\",\"name\":\"V\u00e5r organisation - Mellersta \u00d6sterg\u00f6tland\",\"isPartOf\":{\"@id\":\"https:\/\/nyforetagarcentrum.se\/mellerstaostergotland\/#website\"},\"datePublished\":\"2024-02-27T15:04:37+00:00\",\"dateModified\":\"2026-03-04T09:43:07+00:00\",\"breadcrumb\":{\"@id\":\"https:\/\/nyforetagarcentrum.se\/mellerstaostergotland\/var-organisation\/#breadcrumb\"},\"inLanguage\":\"sv-SE\",\"potentialAction\":[{\"@type\":\"ReadAction\",\"target\":[\"https:\/\/nyforetagarcentrum.se\/mellerstaostergotland\/var-organisation\/\"]}]},{\"@type\":\"BreadcrumbList\",\"@id\":\"https:\/\/nyforetagarcentrum.se\/mellerstaostergotland\/var-organisation\/#breadcrumb\",\"itemListElement\":[{\"@type\":\"ListItem\",\"position\":1,\"name\":\"Hem\",\"item\":\"https:\/\/nyforetagarcentrum.se\/mellerstaostergotland\/\"},{\"@type\":\"ListItem\",\"position\":2,\"name\":\"V\u00e5r organisation\"}]},{\"@type\":\"WebSite\",\"@id\":\"https:\/\/nyforetagarcentrum.se\/mellerstaostergotland\/#website\",\"url\":\"https:\/\/nyforetagarcentrum.se\/mellerstaostergotland\/\",\"name\":\"Mellersta \u00d6sterg\u00f6tland\",\"description\":\"Sveriges ledande kraft f\u00f6r fler nya livskraftiga f\u00f6retag\",\"publisher\":{\"@id\":\"https:\/\/nyforetagarcentrum.se\/mellerstaostergotland\/#organization\"},\"potentialAction\":[{\"@type\":\"SearchAction\",\"target\":{\"@type\":\"EntryPoint\",\"urlTemplate\":\"https:\/\/nyforetagarcentrum.se\/mellerstaostergotland\/?s={search_term_string}\"},\"query-input\":\"required name=search_term_string\"}],\"inLanguage\":\"sv-SE\"},{\"@type\":\"Organization\",\"@id\":\"https:\/\/nyforetagarcentrum.se\/mellerstaostergotland\/#organization\",\"name\":\"Mellersta \u00d6sterg\u00f6tland\",\"url\":\"https:\/\/nyforetagarcentrum.se\/mellerstaostergotland\/\",\"logo\":{\"@type\":\"ImageObject\",\"inLanguage\":\"sv-SE\",\"@id\":\"https:\/\/nyforetagarcentrum.se\/mellerstaostergotland\/#\/schema\/logo\/image\/\",\"url\":\"https:\/\/nyforetagarcentrum.se\/mellerstaostergotland\/wp-content\/uploads\/sites\/12\/2025\/03\/cropped-NyFC_Mellersta_Ostergotland_big.png\",\"contentUrl\":\"https:\/\/nyforetagarcentrum.se\/mellerstaostergotland\/wp-content\/uploads\/sites\/12\/2025\/03\/cropped-NyFC_Mellersta_Ostergotland_big.png\",\"width\":1000,\"height\":463,\"caption\":\"Mellersta \u00d6sterg\u00f6tland\"},\"image\":{\"@id\":\"https:\/\/nyforetagarcentrum.se\/mellerstaostergotland\/#\/schema\/logo\/image\/\"}}]}<\/script>\n<!-- \/ Yoast SEO plugin. -->","yoast_head_json":{"title":"V\u00e5r organisation - Mellersta \u00d6sterg\u00f6tland","robots":{"index":"index","follow":"follow","max-snippet":"max-snippet:-1","max-image-preview":"max-image-preview:large","max-video-preview":"max-video-preview:-1"},"canonical":"https:\/\/nyforetagarcentrum.se\/mellerstaostergotland\/var-organisation\/","og_locale":"sv_SE","og_type":"article","og_title":"V\u00e5r organisation - Mellersta \u00d6sterg\u00f6tland","og_description":"\u00c4r ditt f\u00f6retag eller organisation intresserad av att st\u00f6da Nyf\u00f6retagarCentrum Mellersta \u00d6sterg\u00f6tlands arbete? Vill du bes\u00f6ka oss?&nbsp; \ud83c\udfd9\ufe0f I Norrk\u00f6ping finns vi p\u00e5 Dospace Innerstan, p\u00e5&nbsp;St Persgatan 99 \ud83c\udf06 I Link\u00f6ping finns vi p\u00e5 Dospace Alfa, p\u00e5&nbsp;Industrigatan 5 \ud83c\udff0 I Mj\u00f6lby finns vi i Tingshuset p\u00e5&nbsp;Lagmansgatan 26 \ud83c\udfe2I \u00c5tvidaberg finns vi hos N\u00e4ringslivscentrum p\u00e5&nbsp;Stortorget 1 [&hellip;]","og_url":"https:\/\/nyforetagarcentrum.se\/mellerstaostergotland\/var-organisation\/","og_site_name":"Mellersta \u00d6sterg\u00f6tland","article_modified_time":"2026-03-04T09:43:07+00:00","twitter_card":"summary_large_image","twitter_misc":{"Ber\u00e4knad l\u00e4stid":"1 minut"},"schema":{"@context":"https:\/\/schema.org","@graph":[{"@type":"WebPage","@id":"https:\/\/nyforetagarcentrum.se\/mellerstaostergotland\/var-organisation\/","url":"https:\/\/nyforetagarcentrum.se\/mellerstaostergotland\/var-organisation\/","name":"V\u00e5r organisation - Mellersta \u00d6sterg\u00f6tland","isPartOf":{"@id":"https:\/\/nyforetagarcentrum.se\/mellerstaostergotland\/#website"},"datePublished":"2024-02-27T15:04:37+00:00","dateModified":"2026-03-04T09:43:07+00:00","breadcrumb":{"@id":"https:\/\/nyforetagarcentrum.se\/mellerstaostergotland\/var-organisation\/#breadcrumb"},"inLanguage":"sv-SE","potentialAction":[{"@type":"ReadAction","target":["https:\/\/nyforetagarcentrum.se\/mellerstaostergotland\/var-organisation\/"]}]},{"@type":"BreadcrumbList","@id":"https:\/\/nyforetagarcentrum.se\/mellerstaostergotland\/var-organisation\/#breadcrumb","itemListElement":[{"@type":"ListItem","position":1,"name":"Hem","item":"https:\/\/nyforetagarcentrum.se\/mellerstaostergotland\/"},{"@type":"ListItem","position":2,"name":"V\u00e5r organisation"}]},{"@type":"WebSite","@id":"https:\/\/nyforetagarcentrum.se\/mellerstaostergotland\/#website","url":"https:\/\/nyforetagarcentrum.se\/mellerstaostergotland\/","name":"Mellersta \u00d6sterg\u00f6tland","description":"Sveriges ledande kraft f\u00f6r fler nya livskraftiga f\u00f6retag","publisher":{"@id":"https:\/\/nyforetagarcentrum.se\/mellerstaostergotland\/#organization"},"potentialAction":[{"@type":"SearchAction","target":{"@type":"EntryPoint","urlTemplate":"https:\/\/nyforetagarcentrum.se\/mellerstaostergotland\/?s={search_term_string}"},"query-input":"required name=search_term_string"}],"inLanguage":"sv-SE"},{"@type":"Organization","@id":"https:\/\/nyforetagarcentrum.se\/mellerstaostergotland\/#organization","name":"Mellersta \u00d6sterg\u00f6tland","url":"https:\/\/nyforetagarcentrum.se\/mellerstaostergotland\/","logo":{"@type":"ImageObject","inLanguage":"sv-SE","@id":"https:\/\/nyforetagarcentrum.se\/mellerstaostergotland\/#\/schema\/logo\/image\/","url":"https:\/\/nyforetagarcentrum.se\/mellerstaostergotland\/wp-content\/uploads\/sites\/12\/2025\/03\/cropped-NyFC_Mellersta_Ostergotland_big.png","contentUrl":"https:\/\/nyforetagarcentrum.se\/mellerstaostergotland\/wp-content\/uploads\/sites\/12\/2025\/03\/cropped-NyFC_Mellersta_Ostergotland_big.png","width":1000,"height":463,"caption":"Mellersta \u00d6sterg\u00f6tland"},"image":{"@id":"https:\/\/nyforetagarcentrum.se\/mellerstaostergotland\/#\/schema\/logo\/image\/"}}]}},"_links":{"self":[{"href":"https:\/\/nyforetagarcentrum.se\/mellerstaostergotland\/wp-json\/wp\/v2\/pages\/161"}],"collection":[{"href":"https:\/\/nyforetagarcentrum.se\/mellerstaostergotland\/wp-json\/wp\/v2\/pages"}],"about":[{"href":"https:\/\/nyforetagarcentrum.se\/mellerstaostergotland\/wp-json\/wp\/v2\/types\/page"}],"author":[{"embeddable":true,"href":"https:\/\/nyforetagarcentrum.se\/mellerstaostergotland\/wp-json\/wp\/v2\/users\/1"}],"replies":[{"embeddable":true,"href":"https:\/\/nyforetagarcentrum.se\/mellerstaostergotland\/wp-json\/wp\/v2\/comments?post=161"}],"version-history":[{"count":70,"href":"https:\/\/nyforetagarcentrum.se\/mellerstaostergotland\/wp-json\/wp\/v2\/pages\/161\/revisions"}],"predecessor-version":[{"id":5791,"href":"https:\/\/nyforetagarcentrum.se\/mellerstaostergotland\/wp-json\/wp\/v2\/pages\/161\/revisions\/5791"}],"wp:attachment":[{"href":"https:\/\/nyforetagarcentrum.se\/mellerstaostergotland\/wp-json\/wp\/v2\/media?parent=161"}],"curies":[{"name":"wp","href":"https:\/\/api.w.org\/{rel}","templated":true}]}}