{"id":1580,"date":"2024-05-27T12:00:46","date_gmt":"2024-05-27T10:00:46","guid":{"rendered":"https:\/\/nyforetagarcentrum.se\/mellerstaostergotland\/?page_id=1580"},"modified":"2025-11-12T14:50:39","modified_gmt":"2025-11-12T13:50:39","slug":"nyforetagarcentrum-i-mellersta-ostergotland","status":"publish","type":"page","link":"https:\/\/nyforetagarcentrum.se\/mellerstaostergotland\/nyforetagarcentrum-i-mellersta-ostergotland\/","title":{"rendered":"H\u00e4r finns Nyf\u00f6retagarCentrum Mellersta \u00d6sterg\u00f6tland"},"content":{"rendered":"\n<div style=\"height:51px\" aria-hidden=\"true\" class=\"wp-block-spacer\"><\/div>\n\n\n<section  class=\"nfc-block-split_screen alignwide image_alignment-right\">\n    <div class=\"wrapper\">\n        <div class=\"nfc-block-split_screen__image-wrapper\">\n                    <\/div>\n\n        <div class=\"nfc-block-split_screen__content-wrapper\">\n            <h1>H\u00e4r finns Nyf\u00f6retagarCentrum Mellersta \u00d6sterg\u00f6tland<\/h1>\n<p>Link\u00f6ping, Norrk\u00f6ping, Kinda, Mj\u00f6lby, Ydre och \u00c5tvidaberg<\/p>\n<p>&nbsp;<\/p>\n<p>&nbsp;<\/p>\n<p>&nbsp;<\/p>\n\n                            <div class=\"nfc-block-split_screen__buttons\">\n                                            <a href=\"https:\/\/nyforetagarcentrum.se\/mellerstaostergotland\/kontakta-oss\/#karta\" class=\"button primary\">Karta \u00f6ver v\u00e5ra kontor<\/a>\n                                    <\/div>\n            \n        <\/div>\n    <\/div>\n<\/section>\n\n\n<div style=\"height:51px\" aria-hidden=\"true\" class=\"wp-block-spacer\"><\/div>\n\n\n<section  class=\"nfc-block-split_screen alignwide image_alignment-right\">\n    <div class=\"wrapper\">\n        <div class=\"nfc-block-split_screen__image-wrapper\">\n            <img loading=\"lazy\" decoding=\"async\" width=\"683\" height=\"731\" src=\"https:\/\/nyforetagarcentrum.se\/mellerstaostergotland\/wp-content\/uploads\/sites\/12\/2024\/06\/industrigatan1.png\" class=\"attachment-landscape size-landscape\" alt=\"\" srcset=\"https:\/\/nyforetagarcentrum.se\/mellerstaostergotland\/wp-content\/uploads\/sites\/12\/2024\/06\/industrigatan1.png 683w, https:\/\/nyforetagarcentrum.se\/mellerstaostergotland\/wp-content\/uploads\/sites\/12\/2024\/06\/industrigatan1-280x300.png 280w\" sizes=\"(max-width: 683px) 100vw, 683px\" \/>        <\/div>\n\n        <div class=\"nfc-block-split_screen__content-wrapper\">\n            <h2>Nyf\u00f6retagarCentrum i Link\u00f6ping<\/h2>\n<p>Vi finns p\u00e5 cooworkingspace <a href=\"https:\/\/maps.app.goo.gl\/zr2XnTueRq1zETn46\">Dospace Alfabetet<\/a><br \/>\np\u00e5 Industrigatan 5. (n\u00e4ra fj\u00e4rrbussterminalen)<br \/>\nDu g\u00e5r in genom Dospace Alfas entr\u00e9 i gatuplanet, en halvtrappa upp och in i Dospace lounge.<\/p>\n<p><a href=\"https:\/\/maps.app.goo.gl\/zr2XnTueRq1zETn46\">Dospace Alfabetet<\/a><\/p>\n<p>Du bokar tid f\u00f6r att bes\u00f6ka oss, via v\u00e5r <a href=\"https:\/\/nyforetagarcentrum.se\/mellerstaostergotland\/radgivning\/\">onlinebokning<\/a>.<br \/>\nDu n\u00e5r Nyf\u00f6retagarcentrum via mail: <a href=\"mailto:mellerstaostergotland@nyforetagarcentrum.se\">mellerstaostergotland@nyforetagarcentrum.se<\/a>.<br \/>\nVi svarar i telefon i m\u00e5n av tid: <a href=\"tel:0738089707\">073-808 97 07.<\/a><\/p>\n<p>N\u00e4rmaste parkering heter J\u00e4rnv\u00e4gsgatan 2B. Du betalar med Easypark-appen.<\/p>\n\n            \n        <\/div>\n    <\/div>\n<\/section>\n\n<section  class=\"nfc-block-split_screen alignwide image_alignment-left\">\n    <div class=\"wrapper\">\n        <div class=\"nfc-block-split_screen__image-wrapper\">\n            <img loading=\"lazy\" decoding=\"async\" width=\"1440\" height=\"1080\" src=\"https:\/\/nyforetagarcentrum.se\/mellerstaostergotland\/wp-content\/uploads\/sites\/12\/2024\/06\/EntrekontorshotelletDOSPACEInnerstanNorrkoping-1440x1080.jpg\" class=\"attachment-landscape size-landscape\" alt=\"\" srcset=\"https:\/\/nyforetagarcentrum.se\/mellerstaostergotland\/wp-content\/uploads\/sites\/12\/2024\/06\/EntrekontorshotelletDOSPACEInnerstanNorrkoping-1440x1080.jpg 1440w, https:\/\/nyforetagarcentrum.se\/mellerstaostergotland\/wp-content\/uploads\/sites\/12\/2024\/06\/EntrekontorshotelletDOSPACEInnerstanNorrkoping-300x225.jpg 300w, https:\/\/nyforetagarcentrum.se\/mellerstaostergotland\/wp-content\/uploads\/sites\/12\/2024\/06\/EntrekontorshotelletDOSPACEInnerstanNorrkoping-1024x768.jpg 1024w, https:\/\/nyforetagarcentrum.se\/mellerstaostergotland\/wp-content\/uploads\/sites\/12\/2024\/06\/EntrekontorshotelletDOSPACEInnerstanNorrkoping-768x576.jpg 768w, https:\/\/nyforetagarcentrum.se\/mellerstaostergotland\/wp-content\/uploads\/sites\/12\/2024\/06\/EntrekontorshotelletDOSPACEInnerstanNorrkoping-1536x1152.jpg 1536w, https:\/\/nyforetagarcentrum.se\/mellerstaostergotland\/wp-content\/uploads\/sites\/12\/2024\/06\/EntrekontorshotelletDOSPACEInnerstanNorrkoping.jpg 2016w\" sizes=\"(max-width: 1440px) 100vw, 1440px\" \/>        <\/div>\n\n        <div class=\"nfc-block-split_screen__content-wrapper\">\n            <h2>Nyf\u00f6retagarCentrum i Norrk\u00f6ping<\/h2>\n<p>Vi finns p\u00e5 cooworkingspace <a href=\"https:\/\/www.dospace.se\/norrkping-city\">Dospace Innerstan<\/a>\u00a0i Spiralengallerian\u00a0<a href=\"https:\/\/www.google.com\/maps\/place\/DOSPACE+Innerstan\/@58.5863522,16.187607,17z\/data=!3m1!4b1!4m6!3m5!1s0x46593be96ccc390f:0x986dcfa4b96d34cf!8m2!3d58.5863522!4d16.1901819!16s%2Fg%2F11vjh09754?entry=tts\">p\u00e5 Sankt Persgatan 99<\/a>.<\/p>\n<p>Observera att Dospace har separat entr\u00e9 fr\u00e5n Sanktpersgatan. Du g\u00e5r in genom Dospace entr\u00e9 i gatuplanet och en trappa upp.<\/p>\n<p>Du bokar tid f\u00f6r att bes\u00f6ka oss, via v\u00e5r <a href=\"https:\/\/nyforetagarcentrum.se\/mellerstaostergotland\/radgivning\/\">onlinebokning<\/a>.<br \/>\nDu n\u00e5r Nyf\u00f6retagarcentrum via mail: <a href=\"mailto:mellerstaostergotland@nyforetagarcentrum.se\">mellerstaostergotland@nyforetagarcentrum.se<\/a>.<br \/>\nVi svarar i telefon i m\u00e5n av tid: <a href=\"tel:0738089707\">073-808 97 07. <\/a><\/p>\n<p>&nbsp;<\/p>\n\n            \n        <\/div>\n    <\/div>\n<\/section>\n\n<section  class=\"nfc-block-split_screen alignwide image_alignment-right\">\n    <div class=\"wrapper\">\n        <div class=\"nfc-block-split_screen__image-wrapper\">\n            <img loading=\"lazy\" decoding=\"async\" width=\"526\" height=\"657\" src=\"https:\/\/nyforetagarcentrum.se\/mellerstaostergotland\/wp-content\/uploads\/sites\/12\/2024\/06\/aadasd.png\" class=\"attachment-landscape size-landscape\" alt=\"\" srcset=\"https:\/\/nyforetagarcentrum.se\/mellerstaostergotland\/wp-content\/uploads\/sites\/12\/2024\/06\/aadasd.png 526w, https:\/\/nyforetagarcentrum.se\/mellerstaostergotland\/wp-content\/uploads\/sites\/12\/2024\/06\/aadasd-240x300.png 240w\" sizes=\"(max-width: 526px) 100vw, 526px\" \/>        <\/div>\n\n        <div class=\"nfc-block-split_screen__content-wrapper\">\n            <h2>Nyf\u00f6retagarCentrum i Kinda<\/h2>\n<p>Nyf\u00f6retagarCentrum i Kinda finns i Sveahuset, Storgatan 20 (fd Arbetsf\u00f6rmedlingens lokal) i Kisa.<\/p>\n<p>V\u00e5r lokala r\u00e5dgivare i Kinda \u00e4r Eva Torell. Du kan kontakta Eva f\u00f6r att boka tid f\u00f6r r\u00e5dgivning i Kisa, p\u00e5 telefon <a href=\"http:\/\/070-555%2033%2031\/\">070-555 33 31<\/a> eller via mail <a href=\"mailto:eva.torell@nyforetagarcentrum.se\">eva.torell@nyforetagarcentrum.se<\/a>.<\/p>\n<p>Du kan ocks\u00e5 boka tid via v\u00e5r <a href=\"https:\/\/nyforetagarcentrum.se\/mellerstaostergotland\/radgivning\/\">onlinebokning<\/a>.<br \/>\nDu n\u00e5r Nyf\u00f6retagarcentrum via mail: <a href=\"mailto:mellerstaostergotland@nyforetagarcentrum.se\">mellerstaostergotland@nyforetagarcentrum.se<\/a>.<br \/>\nVi svarar i telefon i m\u00e5n av tid: <a href=\"tel:0738089707\">073-808 97 07. <\/a><\/p>\n<p>&nbsp;<\/p>\n<p>&nbsp;<\/p>\n\n            \n        <\/div>\n    <\/div>\n<\/section>\n\n\n<div style=\"height:51px\" aria-hidden=\"true\" class=\"wp-block-spacer\"><\/div>\n\n\n\n<div style=\"height:51px\" aria-hidden=\"true\" class=\"wp-block-spacer\"><\/div>\n\n\n<section  class=\"nfc-block-split_screen alignwide image_alignment-left\">\n    <div class=\"wrapper\">\n        <div class=\"nfc-block-split_screen__image-wrapper\">\n            <img loading=\"lazy\" decoding=\"async\" width=\"810\" height=\"1080\" src=\"https:\/\/nyforetagarcentrum.se\/mellerstaostergotland\/wp-content\/uploads\/sites\/12\/2025\/11\/IMG_7173-810x1080.jpg\" class=\"attachment-landscape size-landscape\" alt=\"nyf\u00f6retagarcentrum mj\u00f6lby\" srcset=\"https:\/\/nyforetagarcentrum.se\/mellerstaostergotland\/wp-content\/uploads\/sites\/12\/2025\/11\/IMG_7173-810x1080.jpg 810w, https:\/\/nyforetagarcentrum.se\/mellerstaostergotland\/wp-content\/uploads\/sites\/12\/2025\/11\/IMG_7173-225x300.jpg 225w, https:\/\/nyforetagarcentrum.se\/mellerstaostergotland\/wp-content\/uploads\/sites\/12\/2025\/11\/IMG_7173-768x1024.jpg 768w, https:\/\/nyforetagarcentrum.se\/mellerstaostergotland\/wp-content\/uploads\/sites\/12\/2025\/11\/IMG_7173-1152x1536.jpg 1152w, https:\/\/nyforetagarcentrum.se\/mellerstaostergotland\/wp-content\/uploads\/sites\/12\/2025\/11\/IMG_7173-1536x2048.jpg 1536w, https:\/\/nyforetagarcentrum.se\/mellerstaostergotland\/wp-content\/uploads\/sites\/12\/2025\/11\/IMG_7173-scaled.jpg 1920w\" sizes=\"(max-width: 810px) 100vw, 810px\" \/>        <\/div>\n\n        <div class=\"nfc-block-split_screen__content-wrapper\">\n            <h2>Nyf\u00f6retagarCentrum i Mj\u00f6lby<\/h2>\n<p>Vi har precis flyttat och finns nu p\u00e5 <a href=\"https:\/\/www.google.se\/maps\/place\/Jerikodalsgatan+6,+595+30+Mj%C3%B6lby\/@58.3255828,15.1234499,17z\/data=!3m1!4b1!4m6!3m5!1s0x465bd65f8fa47b6d:0x4636b23050327982!8m2!3d58.3255828!4d15.1260248!16s%2Fg%2F11c2b2bvxd?entry=ttu&amp;g_ep=EgoyMDI1MTEwOS4wIKXMDSoASAFQAw%3D%3D\">Jerikodalsgatan 6<\/a>, 595 30 Mj\u00f6lby. Det st\u00e5r KH1 KONTORSHOTELL1 p\u00e5 ytterd\u00f6rren, som ligger mitt emot ing\u00e5ngen till Gallerian. V\u00e5rt kontor finns en trappa upp. Det finns kostnadsfri parkering p\u00e5 taket till Gallerian.<\/p>\n<p>Du bokar tid f\u00f6r att bes\u00f6ka oss, via v\u00e5r <a href=\"https:\/\/nyforetagarcentrum.se\/mellerstaostergotland\/radgivning\/\">onlinebokning<\/a>. Du kan \u00e4ven maila f\u00f6r att boka en tid i Mj\u00f6lby. Du n\u00e5r Nyf\u00f6retagarcentrum via mail: <a href=\"mailto:mellerstaostergotland@nyforetagarcentrum.se\">mellerstaostergotland@nyforetagarcentrum.se<\/a>.<\/p>\n<p>Vi svarar i telefon i m\u00e5n av tid: <a href=\"tel:0738089707\">073-808 97 07. <\/a><\/p>\n\n                            <div class=\"nfc-block-split_screen__buttons\">\n                                            <a href=\"\" class=\"button primary\">Klicka h\u00e4r<\/a>\n                                    <\/div>\n            \n        <\/div>\n    <\/div>\n<\/section>\n\n\n<div style=\"height:51px\" aria-hidden=\"true\" class=\"wp-block-spacer\"><\/div>\n\n\n\n<div style=\"height:51px\" aria-hidden=\"true\" class=\"wp-block-spacer\"><\/div>\n\n\n<section  class=\"nfc-block-split_screen alignwide image_alignment-right\">\n    <div class=\"wrapper\">\n        <div class=\"nfc-block-split_screen__image-wrapper\">\n            <img loading=\"lazy\" decoding=\"async\" width=\"1080\" height=\"1080\" src=\"https:\/\/nyforetagarcentrum.se\/mellerstaostergotland\/wp-content\/uploads\/sites\/12\/2024\/06\/Lokalen_var2024_1500x1500-1080x1080.jpg\" class=\"attachment-landscape size-landscape\" alt=\"Nyf\u00f6retagarcentrum i mellersta \u00d6sterg\u00f6tland\" srcset=\"https:\/\/nyforetagarcentrum.se\/mellerstaostergotland\/wp-content\/uploads\/sites\/12\/2024\/06\/Lokalen_var2024_1500x1500-1080x1080.jpg 1080w, https:\/\/nyforetagarcentrum.se\/mellerstaostergotland\/wp-content\/uploads\/sites\/12\/2024\/06\/Lokalen_var2024_1500x1500-300x300.jpg 300w, https:\/\/nyforetagarcentrum.se\/mellerstaostergotland\/wp-content\/uploads\/sites\/12\/2024\/06\/Lokalen_var2024_1500x1500-1024x1024.jpg 1024w, https:\/\/nyforetagarcentrum.se\/mellerstaostergotland\/wp-content\/uploads\/sites\/12\/2024\/06\/Lokalen_var2024_1500x1500-150x150.jpg 150w, https:\/\/nyforetagarcentrum.se\/mellerstaostergotland\/wp-content\/uploads\/sites\/12\/2024\/06\/Lokalen_var2024_1500x1500-768x768.jpg 768w, https:\/\/nyforetagarcentrum.se\/mellerstaostergotland\/wp-content\/uploads\/sites\/12\/2024\/06\/Lokalen_var2024_1500x1500.jpg 1500w\" sizes=\"(max-width: 1080px) 100vw, 1080px\" \/>        <\/div>\n\n        <div class=\"nfc-block-split_screen__content-wrapper\">\n            <h2>Nyf\u00f6retagarCentrum i \u00c5tvidaberg<\/h2>\n<p>Vi finns p\u00e5\u00a0<a href=\"https:\/\/www.google.com\/maps\/place\/Stortorget+1,+597+30+%C3%85tvidaberg\/@58.2013375,15.9960771,17z\/data=!3m1!4b1!4m6!3m5!1s0x46590f37145a7fa9:0x1558234bdbbcee3b!8m2!3d58.2013347!4d15.998652!16s%2Fg%2F11c43vqt7n?entry=ttu\">Stortorget 1<\/a> i \u00c5tvidaberg, i samma lokal som N\u00e4ringslivscentrum \u00c5tvidaberg.<\/p>\n<p>V\u00e5r lokala r\u00e5dgivare i \u00c5tvidaberg \u00e4r Erik \u00d6sterberg. Du kan kontakta Erik direkt f\u00f6r att boka tid f\u00f6r r\u00e5dgivning i \u00c5tvidaberg via mail <a href=\"mailto:erik.osterberg@nyforetagarcentrum.se\">erik.osterberg@nyforetagarcentrum.se<\/a>. eller via telefon 070-836 93 99.<\/p>\n<p>Du kan ocks\u00e5 boka tid via v\u00e5r <a href=\"https:\/\/nyforetagarcentrum.se\/mellerstaostergotland\/radgivning\/\">onlinebokning<\/a>.<br \/>\nDu n\u00e5r Nyf\u00f6retagarcentrum via mail: <a href=\"mailto:mellerstaostergotland@nyforetagarcentrum.se\">mellerstaostergotland@nyforetagarcentrum.se<\/a>.<br \/>\nVi svarar i telefon i m\u00e5n av tid: <a href=\"tel:0738089707\">073-808 97 07. <\/a><\/p>\n\n            \n        <\/div>\n    <\/div>\n<\/section>\n\n\n<div style=\"height:51px\" aria-hidden=\"true\" class=\"wp-block-spacer\"><\/div>\n\n\n<section  class=\"nfc-block-split_screen alignwide image_alignment-left\">\n    <div class=\"wrapper\">\n        <div class=\"nfc-block-split_screen__image-wrapper\">\n            <img loading=\"lazy\" decoding=\"async\" width=\"1080\" height=\"1080\" src=\"https:\/\/nyforetagarcentrum.se\/mellerstaostergotland\/wp-content\/uploads\/sites\/12\/2024\/06\/ydre.png\" class=\"attachment-landscape size-landscape\" alt=\"Nyf\u00f6retagarcentrum i mellersta \u00d6sterg\u00f6tland\" srcset=\"https:\/\/nyforetagarcentrum.se\/mellerstaostergotland\/wp-content\/uploads\/sites\/12\/2024\/06\/ydre.png 1080w, https:\/\/nyforetagarcentrum.se\/mellerstaostergotland\/wp-content\/uploads\/sites\/12\/2024\/06\/ydre-300x300.png 300w, https:\/\/nyforetagarcentrum.se\/mellerstaostergotland\/wp-content\/uploads\/sites\/12\/2024\/06\/ydre-1024x1024.png 1024w, https:\/\/nyforetagarcentrum.se\/mellerstaostergotland\/wp-content\/uploads\/sites\/12\/2024\/06\/ydre-150x150.png 150w, https:\/\/nyforetagarcentrum.se\/mellerstaostergotland\/wp-content\/uploads\/sites\/12\/2024\/06\/ydre-768x768.png 768w\" sizes=\"(max-width: 1080px) 100vw, 1080px\" \/>        <\/div>\n\n        <div class=\"nfc-block-split_screen__content-wrapper\">\n            <h2>Nyf\u00f6retagarCentrum i Ydre<\/h2>\n<p>Vi erbjuder lokal r\u00e5dgivning i Ydre eller i Kisa. I Kisa finns vi p\u00e5 Sveahuset, Storgatan 20 (fd Arbetsf\u00f6rmedlingens lokal). I Ydre finns vi, efter bokning, i Kinda Ydre Sparbanks lokaler p\u00e5 <a href=\"https:\/\/goo.gl\/maps\/sNgbjC8RfWQgEX2g7\">Kisav\u00e4gen 2, \u00d6sterbymo<\/a>.<\/p>\n<p>V\u00e5r lokala r\u00e5dgivare i Ydre \u00e4r Eva Torell. Du kan kontakta Eva f\u00f6r att boka tid f\u00f6r r\u00e5dgivning i Kisa eller \u00d6sterbymo, p\u00e5 telefon <a href=\"http:\/\/070-555%2033%2031\/\">070-555 33 31<\/a> eller via mail <a href=\"mailto:eva.torell@nyforetagarcentrum.se\">eva.torell@nyforetagarcentrum.se<\/a>.<\/p>\n<p>Du kan ocks\u00e5 boka tid via v\u00e5r <a href=\"https:\/\/nyforetagarcentrum.se\/mellerstaostergotland\/radgivning\/\">onlinebokning<\/a>.<br \/>\nDu n\u00e5r Nyf\u00f6retagarcentrum via mail: <a href=\"mailto:mellerstaostergotland@nyforetagarcentrum.se\">mellerstaostergotland@nyforetagarcentrum.se<\/a>.<br \/>\nVi svarar i telefon i m\u00e5n av tid: <a href=\"tel:0738089707\">073-808 97 07. <\/a><\/p>\n\n            \n        <\/div>\n    <\/div>\n<\/section>\n\n\n<div style=\"height:51px\" aria-hidden=\"true\" class=\"wp-block-spacer\"><\/div>\n","protected":false},"excerpt":{"rendered":"","protected":false},"author":1,"featured_media":0,"parent":0,"menu_order":0,"comment_status":"closed","ping_status":"closed","template":"","meta":{"footnotes":""},"acf":[],"yoast_head":"<!-- This site is optimized with the Yoast SEO plugin v22.9 - https:\/\/yoast.com\/wordpress\/plugins\/seo\/ -->\n<title>H\u00e4r finns Nyf\u00f6retagarCentrum Mellersta \u00d6sterg\u00f6tland - Mellersta \u00d6sterg\u00f6tland<\/title>\n<meta name=\"description\" content=\"H\u00e4r finns Nyf\u00f6retagarCentrum Mellersta \u00d6sterg\u00f6tland - H\u00e4r hittar du kontaktinformation samt v\u00e5ra olika kontor.\" \/>\n<meta name=\"robots\" content=\"index, follow, max-snippet:-1, max-image-preview:large, max-video-preview:-1\" \/>\n<link rel=\"canonical\" href=\"https:\/\/nyforetagarcentrum.se\/mellerstaostergotland\/nyforetagarcentrum-i-mellersta-ostergotland\/\" \/>\n<meta property=\"og:locale\" content=\"sv_SE\" \/>\n<meta property=\"og:type\" content=\"article\" \/>\n<meta property=\"og:title\" content=\"H\u00e4r finns Nyf\u00f6retagarCentrum Mellersta \u00d6sterg\u00f6tland - Mellersta \u00d6sterg\u00f6tland\" \/>\n<meta property=\"og:description\" content=\"H\u00e4r finns Nyf\u00f6retagarCentrum Mellersta \u00d6sterg\u00f6tland - H\u00e4r hittar du kontaktinformation samt v\u00e5ra olika kontor.\" \/>\n<meta property=\"og:url\" content=\"https:\/\/nyforetagarcentrum.se\/mellerstaostergotland\/nyforetagarcentrum-i-mellersta-ostergotland\/\" \/>\n<meta property=\"og:site_name\" content=\"Mellersta \u00d6sterg\u00f6tland\" \/>\n<meta property=\"article:modified_time\" content=\"2025-11-12T13:50:39+00:00\" \/>\n<meta name=\"twitter:card\" content=\"summary_large_image\" \/>\n<script type=\"application\/ld+json\" class=\"yoast-schema-graph\">{\"@context\":\"https:\/\/schema.org\",\"@graph\":[{\"@type\":\"WebPage\",\"@id\":\"https:\/\/nyforetagarcentrum.se\/mellerstaostergotland\/nyforetagarcentrum-i-mellersta-ostergotland\/\",\"url\":\"https:\/\/nyforetagarcentrum.se\/mellerstaostergotland\/nyforetagarcentrum-i-mellersta-ostergotland\/\",\"name\":\"H\u00e4r finns Nyf\u00f6retagarCentrum Mellersta \u00d6sterg\u00f6tland - Mellersta \u00d6sterg\u00f6tland\",\"isPartOf\":{\"@id\":\"https:\/\/nyforetagarcentrum.se\/mellerstaostergotland\/#website\"},\"datePublished\":\"2024-05-27T10:00:46+00:00\",\"dateModified\":\"2025-11-12T13:50:39+00:00\",\"description\":\"H\u00e4r finns Nyf\u00f6retagarCentrum Mellersta \u00d6sterg\u00f6tland - H\u00e4r hittar du kontaktinformation samt v\u00e5ra olika kontor.\",\"breadcrumb\":{\"@id\":\"https:\/\/nyforetagarcentrum.se\/mellerstaostergotland\/nyforetagarcentrum-i-mellersta-ostergotland\/#breadcrumb\"},\"inLanguage\":\"sv-SE\",\"potentialAction\":[{\"@type\":\"ReadAction\",\"target\":[\"https:\/\/nyforetagarcentrum.se\/mellerstaostergotland\/nyforetagarcentrum-i-mellersta-ostergotland\/\"]}]},{\"@type\":\"BreadcrumbList\",\"@id\":\"https:\/\/nyforetagarcentrum.se\/mellerstaostergotland\/nyforetagarcentrum-i-mellersta-ostergotland\/#breadcrumb\",\"itemListElement\":[{\"@type\":\"ListItem\",\"position\":1,\"name\":\"Hem\",\"item\":\"https:\/\/nyforetagarcentrum.se\/mellerstaostergotland\/\"},{\"@type\":\"ListItem\",\"position\":2,\"name\":\"H\u00e4r finns Nyf\u00f6retagarCentrum Mellersta \u00d6sterg\u00f6tland\"}]},{\"@type\":\"WebSite\",\"@id\":\"https:\/\/nyforetagarcentrum.se\/mellerstaostergotland\/#website\",\"url\":\"https:\/\/nyforetagarcentrum.se\/mellerstaostergotland\/\",\"name\":\"Mellersta \u00d6sterg\u00f6tland\",\"description\":\"Sveriges ledande kraft f\u00f6r fler nya livskraftiga f\u00f6retag\",\"publisher\":{\"@id\":\"https:\/\/nyforetagarcentrum.se\/mellerstaostergotland\/#organization\"},\"potentialAction\":[{\"@type\":\"SearchAction\",\"target\":{\"@type\":\"EntryPoint\",\"urlTemplate\":\"https:\/\/nyforetagarcentrum.se\/mellerstaostergotland\/?s={search_term_string}\"},\"query-input\":\"required name=search_term_string\"}],\"inLanguage\":\"sv-SE\"},{\"@type\":\"Organization\",\"@id\":\"https:\/\/nyforetagarcentrum.se\/mellerstaostergotland\/#organization\",\"name\":\"Mellersta \u00d6sterg\u00f6tland\",\"url\":\"https:\/\/nyforetagarcentrum.se\/mellerstaostergotland\/\",\"logo\":{\"@type\":\"ImageObject\",\"inLanguage\":\"sv-SE\",\"@id\":\"https:\/\/nyforetagarcentrum.se\/mellerstaostergotland\/#\/schema\/logo\/image\/\",\"url\":\"https:\/\/nyforetagarcentrum.se\/mellerstaostergotland\/wp-content\/uploads\/sites\/12\/2025\/03\/cropped-NyFC_Mellersta_Ostergotland_big.png\",\"contentUrl\":\"https:\/\/nyforetagarcentrum.se\/mellerstaostergotland\/wp-content\/uploads\/sites\/12\/2025\/03\/cropped-NyFC_Mellersta_Ostergotland_big.png\",\"width\":1000,\"height\":463,\"caption\":\"Mellersta \u00d6sterg\u00f6tland\"},\"image\":{\"@id\":\"https:\/\/nyforetagarcentrum.se\/mellerstaostergotland\/#\/schema\/logo\/image\/\"}}]}<\/script>\n<!-- \/ Yoast SEO plugin. -->","yoast_head_json":{"title":"H\u00e4r finns Nyf\u00f6retagarCentrum Mellersta \u00d6sterg\u00f6tland - Mellersta \u00d6sterg\u00f6tland","description":"H\u00e4r finns Nyf\u00f6retagarCentrum Mellersta \u00d6sterg\u00f6tland - H\u00e4r hittar du kontaktinformation samt v\u00e5ra olika kontor.","robots":{"index":"index","follow":"follow","max-snippet":"max-snippet:-1","max-image-preview":"max-image-preview:large","max-video-preview":"max-video-preview:-1"},"canonical":"https:\/\/nyforetagarcentrum.se\/mellerstaostergotland\/nyforetagarcentrum-i-mellersta-ostergotland\/","og_locale":"sv_SE","og_type":"article","og_title":"H\u00e4r finns Nyf\u00f6retagarCentrum Mellersta \u00d6sterg\u00f6tland - Mellersta \u00d6sterg\u00f6tland","og_description":"H\u00e4r finns Nyf\u00f6retagarCentrum Mellersta \u00d6sterg\u00f6tland - H\u00e4r hittar du kontaktinformation samt v\u00e5ra olika kontor.","og_url":"https:\/\/nyforetagarcentrum.se\/mellerstaostergotland\/nyforetagarcentrum-i-mellersta-ostergotland\/","og_site_name":"Mellersta \u00d6sterg\u00f6tland","article_modified_time":"2025-11-12T13:50:39+00:00","twitter_card":"summary_large_image","schema":{"@context":"https:\/\/schema.org","@graph":[{"@type":"WebPage","@id":"https:\/\/nyforetagarcentrum.se\/mellerstaostergotland\/nyforetagarcentrum-i-mellersta-ostergotland\/","url":"https:\/\/nyforetagarcentrum.se\/mellerstaostergotland\/nyforetagarcentrum-i-mellersta-ostergotland\/","name":"H\u00e4r finns Nyf\u00f6retagarCentrum Mellersta \u00d6sterg\u00f6tland - Mellersta \u00d6sterg\u00f6tland","isPartOf":{"@id":"https:\/\/nyforetagarcentrum.se\/mellerstaostergotland\/#website"},"datePublished":"2024-05-27T10:00:46+00:00","dateModified":"2025-11-12T13:50:39+00:00","description":"H\u00e4r finns Nyf\u00f6retagarCentrum Mellersta \u00d6sterg\u00f6tland - H\u00e4r hittar du kontaktinformation samt v\u00e5ra olika kontor.","breadcrumb":{"@id":"https:\/\/nyforetagarcentrum.se\/mellerstaostergotland\/nyforetagarcentrum-i-mellersta-ostergotland\/#breadcrumb"},"inLanguage":"sv-SE","potentialAction":[{"@type":"ReadAction","target":["https:\/\/nyforetagarcentrum.se\/mellerstaostergotland\/nyforetagarcentrum-i-mellersta-ostergotland\/"]}]},{"@type":"BreadcrumbList","@id":"https:\/\/nyforetagarcentrum.se\/mellerstaostergotland\/nyforetagarcentrum-i-mellersta-ostergotland\/#breadcrumb","itemListElement":[{"@type":"ListItem","position":1,"name":"Hem","item":"https:\/\/nyforetagarcentrum.se\/mellerstaostergotland\/"},{"@type":"ListItem","position":2,"name":"H\u00e4r finns Nyf\u00f6retagarCentrum Mellersta \u00d6sterg\u00f6tland"}]},{"@type":"WebSite","@id":"https:\/\/nyforetagarcentrum.se\/mellerstaostergotland\/#website","url":"https:\/\/nyforetagarcentrum.se\/mellerstaostergotland\/","name":"Mellersta \u00d6sterg\u00f6tland","description":"Sveriges ledande kraft f\u00f6r fler nya livskraftiga f\u00f6retag","publisher":{"@id":"https:\/\/nyforetagarcentrum.se\/mellerstaostergotland\/#organization"},"potentialAction":[{"@type":"SearchAction","target":{"@type":"EntryPoint","urlTemplate":"https:\/\/nyforetagarcentrum.se\/mellerstaostergotland\/?s={search_term_string}"},"query-input":"required name=search_term_string"}],"inLanguage":"sv-SE"},{"@type":"Organization","@id":"https:\/\/nyforetagarcentrum.se\/mellerstaostergotland\/#organization","name":"Mellersta \u00d6sterg\u00f6tland","url":"https:\/\/nyforetagarcentrum.se\/mellerstaostergotland\/","logo":{"@type":"ImageObject","inLanguage":"sv-SE","@id":"https:\/\/nyforetagarcentrum.se\/mellerstaostergotland\/#\/schema\/logo\/image\/","url":"https:\/\/nyforetagarcentrum.se\/mellerstaostergotland\/wp-content\/uploads\/sites\/12\/2025\/03\/cropped-NyFC_Mellersta_Ostergotland_big.png","contentUrl":"https:\/\/nyforetagarcentrum.se\/mellerstaostergotland\/wp-content\/uploads\/sites\/12\/2025\/03\/cropped-NyFC_Mellersta_Ostergotland_big.png","width":1000,"height":463,"caption":"Mellersta \u00d6sterg\u00f6tland"},"image":{"@id":"https:\/\/nyforetagarcentrum.se\/mellerstaostergotland\/#\/schema\/logo\/image\/"}}]}},"_links":{"self":[{"href":"https:\/\/nyforetagarcentrum.se\/mellerstaostergotland\/wp-json\/wp\/v2\/pages\/1580"}],"collection":[{"href":"https:\/\/nyforetagarcentrum.se\/mellerstaostergotland\/wp-json\/wp\/v2\/pages"}],"about":[{"href":"https:\/\/nyforetagarcentrum.se\/mellerstaostergotland\/wp-json\/wp\/v2\/types\/page"}],"author":[{"embeddable":true,"href":"https:\/\/nyforetagarcentrum.se\/mellerstaostergotland\/wp-json\/wp\/v2\/users\/1"}],"replies":[{"embeddable":true,"href":"https:\/\/nyforetagarcentrum.se\/mellerstaostergotland\/wp-json\/wp\/v2\/comments?post=1580"}],"version-history":[{"count":128,"href":"https:\/\/nyforetagarcentrum.se\/mellerstaostergotland\/wp-json\/wp\/v2\/pages\/1580\/revisions"}],"predecessor-version":[{"id":5072,"href":"https:\/\/nyforetagarcentrum.se\/mellerstaostergotland\/wp-json\/wp\/v2\/pages\/1580\/revisions\/5072"}],"wp:attachment":[{"href":"https:\/\/nyforetagarcentrum.se\/mellerstaostergotland\/wp-json\/wp\/v2\/media?parent=1580"}],"curies":[{"name":"wp","href":"https:\/\/api.w.org\/{rel}","templated":true}]}}