{"id":1571,"date":"2024-05-27T11:57:09","date_gmt":"2024-05-27T09:57:09","guid":{"rendered":"https:\/\/nyforetagarcentrum.se\/mellerstaostergotland\/?page_id=1571"},"modified":"2024-12-30T14:17:25","modified_gmt":"2024-12-30T13:17:25","slug":"event-seminarier","status":"publish","type":"page","link":"https:\/\/nyforetagarcentrum.se\/mellerstaostergotland\/event-seminarier\/","title":{"rendered":"Evenemang och seminarier"},"content":{"rendered":"\n<div style=\"height:50px\" aria-hidden=\"true\" class=\"wp-block-spacer\"><\/div>\n\n\n<section  class=\"nfc-block-breadcrumbs alignwide\">\n    <div class=\"wrapper contained\">\n        <ol class=\"breadcrumbs\" itemscope itemtype=\"https:\/\/schema.org\/BreadcrumbList\">\n            <li itemprop=\"itemListElement\" itemscope itemtype=\"https:\/\/schema.org\/ListItem\">\n            \n\n                            <span class=\"current\" itemprop=\"name\">Hem<\/span>\n            \n            <meta itemprop=\"position\" content=\"1\" \/>\n        <\/li>\n    <\/ol>    <\/div>\n<\/section>\n\n\n<div style=\"height:51px\" aria-hidden=\"true\" class=\"wp-block-spacer\"><\/div>\n\n\n<section  class=\"nfc-block-split_screen alignwide image_alignment-left\">\n    <div class=\"wrapper\">\n        <div class=\"nfc-block-split_screen__image-wrapper\">\n            <img loading=\"lazy\" decoding=\"async\" width=\"822\" height=\"1080\" src=\"https:\/\/nyforetagarcentrum.se\/mellerstaostergotland\/wp-content\/uploads\/sites\/12\/2024\/07\/ilte-storre-gruppbild-822x1080.png\" class=\"attachment-landscape size-landscape\" alt=\"\" srcset=\"https:\/\/nyforetagarcentrum.se\/mellerstaostergotland\/wp-content\/uploads\/sites\/12\/2024\/07\/ilte-storre-gruppbild-822x1080.png 822w, https:\/\/nyforetagarcentrum.se\/mellerstaostergotland\/wp-content\/uploads\/sites\/12\/2024\/07\/ilte-storre-gruppbild-228x300.png 228w, https:\/\/nyforetagarcentrum.se\/mellerstaostergotland\/wp-content\/uploads\/sites\/12\/2024\/07\/ilte-storre-gruppbild-779x1024.png 779w, https:\/\/nyforetagarcentrum.se\/mellerstaostergotland\/wp-content\/uploads\/sites\/12\/2024\/07\/ilte-storre-gruppbild-768x1009.png 768w, https:\/\/nyforetagarcentrum.se\/mellerstaostergotland\/wp-content\/uploads\/sites\/12\/2024\/07\/ilte-storre-gruppbild-1169x1536.png 1169w, https:\/\/nyforetagarcentrum.se\/mellerstaostergotland\/wp-content\/uploads\/sites\/12\/2024\/07\/ilte-storre-gruppbild.png 1453w\" sizes=\"(max-width: 822px) 100vw, 822px\" \/>        <\/div>\n\n        <div class=\"nfc-block-split_screen__content-wrapper\">\n            <h2>Evenemang och seminarier<\/h2>\n<p>Vi h\u00e5ller m\u00e5nga utbildningar och seminarier d\u00e4r du som nyf\u00f6retagare f\u00e5r v\u00e4rdefull kunskap och m\u00f6jlighet att st\u00e4lla fr\u00e5gor till experter helt kostnadsfritt. Vi erbjuder \u00e4ven flera n\u00e4tverkstillf\u00e4llen.<\/p>\n<p>Vi erbjuder ocks\u00e5<strong> starta eget-kurser<\/strong>. 5 tillf\u00e4llen \u00e1 3 timmar.<br \/>\nFysisk kurs i Link\u00f6ping startar startar onsdag 26 februari kl 16-19. Den p\u00e5g\u00e5r sedan fyra tisdagar d\u00e4refter. L\u00e4s mera h\u00e4r.<\/p>\n<p>28\/8 <strong>Allm\u00e4n info starta f\u00f6retag<br \/>\n<\/strong>4\/9\u00a0<strong>Ekonomi &#8211; &#8221;Planera ditt f\u00f6retags \u00e5r &#8211; och f\u00f6lj upp&#8221;<\/strong><br \/>\n11\/9<strong>\u00a0Marknadsf\u00f6ring &#8211; S\u00e4lj mer med din hemsida och google ads<br \/>\n<\/strong>16\/9\u00a0<strong>Starta f\u00f6retag &#8211; digital information m Skatteverket<\/strong><br \/>\n23\/9\u00a0<strong>Starta Enskild firma &#8211; digital information m Skatteverket<\/strong><br \/>\n30\/9\u00a0<strong>Starta Aktiebolag &#8211; digital information m Skatteverket<br \/>\n<\/strong>1\/10<strong> Marknadsf\u00f6ring &#8211; S\u00e5 n\u00e5r du dina kunder!<br \/>\n<\/strong>8\/10<strong> Grundl\u00e4ggande ekonomi och bokf\u00f6ring<\/strong><\/p>\n\n                            <div class=\"nfc-block-split_screen__buttons\">\n                                            <a href=\"https:\/\/nyforetagarcentrum.se\/mellerstaostergotland\/evenemang\/\" class=\"button primary\">V\u00e5ra evenemang och seminarier<\/a>\n                                    <\/div>\n            \n        <\/div>\n    <\/div>\n<\/section>\n\n\n<div style=\"height:50px\" aria-hidden=\"true\" class=\"wp-block-spacer\"><\/div>\n","protected":false},"excerpt":{"rendered":"","protected":false},"author":1,"featured_media":0,"parent":0,"menu_order":0,"comment_status":"closed","ping_status":"closed","template":"","meta":{"footnotes":""},"acf":[],"yoast_head":"<!-- This site is optimized with the Yoast SEO plugin v22.9 - https:\/\/yoast.com\/wordpress\/plugins\/seo\/ -->\n<title>Evenemang och seminarier - Mellersta \u00d6sterg\u00f6tland<\/title>\n<meta name=\"description\" content=\"V\u00e5ra kostnadsfria evenemang och seminarier \u00e4r viktiga delar i v\u00e5rt erbjudande. H\u00e4r kan du hitta och boka in dig, och bli en b\u00e4ttre f\u00f6retagare\" \/>\n<meta name=\"robots\" content=\"index, follow, max-snippet:-1, max-image-preview:large, max-video-preview:-1\" \/>\n<link rel=\"canonical\" href=\"https:\/\/nyforetagarcentrum.se\/mellerstaostergotland\/event-seminarier\/\" \/>\n<meta property=\"og:locale\" content=\"sv_SE\" \/>\n<meta property=\"og:type\" content=\"article\" \/>\n<meta property=\"og:title\" content=\"Evenemang och seminarier - Mellersta \u00d6sterg\u00f6tland\" \/>\n<meta property=\"og:description\" content=\"V\u00e5ra kostnadsfria evenemang och seminarier \u00e4r viktiga delar i v\u00e5rt erbjudande. H\u00e4r kan du hitta och boka in dig, och bli en b\u00e4ttre f\u00f6retagare\" \/>\n<meta property=\"og:url\" content=\"https:\/\/nyforetagarcentrum.se\/mellerstaostergotland\/event-seminarier\/\" \/>\n<meta property=\"og:site_name\" content=\"Mellersta \u00d6sterg\u00f6tland\" \/>\n<meta property=\"article:modified_time\" content=\"2024-12-30T13:17:25+00:00\" \/>\n<meta name=\"twitter:card\" content=\"summary_large_image\" \/>\n<script type=\"application\/ld+json\" class=\"yoast-schema-graph\">{\"@context\":\"https:\/\/schema.org\",\"@graph\":[{\"@type\":\"WebPage\",\"@id\":\"https:\/\/nyforetagarcentrum.se\/mellerstaostergotland\/event-seminarier\/\",\"url\":\"https:\/\/nyforetagarcentrum.se\/mellerstaostergotland\/event-seminarier\/\",\"name\":\"Evenemang och seminarier - Mellersta \u00d6sterg\u00f6tland\",\"isPartOf\":{\"@id\":\"https:\/\/nyforetagarcentrum.se\/mellerstaostergotland\/#website\"},\"datePublished\":\"2024-05-27T09:57:09+00:00\",\"dateModified\":\"2024-12-30T13:17:25+00:00\",\"description\":\"V\u00e5ra kostnadsfria evenemang och seminarier \u00e4r viktiga delar i v\u00e5rt erbjudande. H\u00e4r kan du hitta och boka in dig, och bli en b\u00e4ttre f\u00f6retagare\",\"breadcrumb\":{\"@id\":\"https:\/\/nyforetagarcentrum.se\/mellerstaostergotland\/event-seminarier\/#breadcrumb\"},\"inLanguage\":\"sv-SE\",\"potentialAction\":[{\"@type\":\"ReadAction\",\"target\":[\"https:\/\/nyforetagarcentrum.se\/mellerstaostergotland\/event-seminarier\/\"]}]},{\"@type\":\"BreadcrumbList\",\"@id\":\"https:\/\/nyforetagarcentrum.se\/mellerstaostergotland\/event-seminarier\/#breadcrumb\",\"itemListElement\":[{\"@type\":\"ListItem\",\"position\":1,\"name\":\"Hem\",\"item\":\"https:\/\/nyforetagarcentrum.se\/mellerstaostergotland\/\"},{\"@type\":\"ListItem\",\"position\":2,\"name\":\"Evenemang och seminarier\"}]},{\"@type\":\"WebSite\",\"@id\":\"https:\/\/nyforetagarcentrum.se\/mellerstaostergotland\/#website\",\"url\":\"https:\/\/nyforetagarcentrum.se\/mellerstaostergotland\/\",\"name\":\"Mellersta \u00d6sterg\u00f6tland\",\"description\":\"Sveriges ledande kraft f\u00f6r fler nya livskraftiga f\u00f6retag\",\"publisher\":{\"@id\":\"https:\/\/nyforetagarcentrum.se\/mellerstaostergotland\/#organization\"},\"potentialAction\":[{\"@type\":\"SearchAction\",\"target\":{\"@type\":\"EntryPoint\",\"urlTemplate\":\"https:\/\/nyforetagarcentrum.se\/mellerstaostergotland\/?s={search_term_string}\"},\"query-input\":\"required name=search_term_string\"}],\"inLanguage\":\"sv-SE\"},{\"@type\":\"Organization\",\"@id\":\"https:\/\/nyforetagarcentrum.se\/mellerstaostergotland\/#organization\",\"name\":\"Mellersta \u00d6sterg\u00f6tland\",\"url\":\"https:\/\/nyforetagarcentrum.se\/mellerstaostergotland\/\",\"logo\":{\"@type\":\"ImageObject\",\"inLanguage\":\"sv-SE\",\"@id\":\"https:\/\/nyforetagarcentrum.se\/mellerstaostergotland\/#\/schema\/logo\/image\/\",\"url\":\"https:\/\/nyforetagarcentrum.se\/mellerstaostergotland\/wp-content\/uploads\/sites\/12\/2025\/03\/cropped-NyFC_Mellersta_Ostergotland_big.png\",\"contentUrl\":\"https:\/\/nyforetagarcentrum.se\/mellerstaostergotland\/wp-content\/uploads\/sites\/12\/2025\/03\/cropped-NyFC_Mellersta_Ostergotland_big.png\",\"width\":1000,\"height\":463,\"caption\":\"Mellersta \u00d6sterg\u00f6tland\"},\"image\":{\"@id\":\"https:\/\/nyforetagarcentrum.se\/mellerstaostergotland\/#\/schema\/logo\/image\/\"}}]}<\/script>\n<!-- \/ Yoast SEO plugin. -->","yoast_head_json":{"title":"Evenemang och seminarier - Mellersta \u00d6sterg\u00f6tland","description":"V\u00e5ra kostnadsfria evenemang och seminarier \u00e4r viktiga delar i v\u00e5rt erbjudande. H\u00e4r kan du hitta och boka in dig, och bli en b\u00e4ttre f\u00f6retagare","robots":{"index":"index","follow":"follow","max-snippet":"max-snippet:-1","max-image-preview":"max-image-preview:large","max-video-preview":"max-video-preview:-1"},"canonical":"https:\/\/nyforetagarcentrum.se\/mellerstaostergotland\/event-seminarier\/","og_locale":"sv_SE","og_type":"article","og_title":"Evenemang och seminarier - Mellersta \u00d6sterg\u00f6tland","og_description":"V\u00e5ra kostnadsfria evenemang och seminarier \u00e4r viktiga delar i v\u00e5rt erbjudande. H\u00e4r kan du hitta och boka in dig, och bli en b\u00e4ttre f\u00f6retagare","og_url":"https:\/\/nyforetagarcentrum.se\/mellerstaostergotland\/event-seminarier\/","og_site_name":"Mellersta \u00d6sterg\u00f6tland","article_modified_time":"2024-12-30T13:17:25+00:00","twitter_card":"summary_large_image","schema":{"@context":"https:\/\/schema.org","@graph":[{"@type":"WebPage","@id":"https:\/\/nyforetagarcentrum.se\/mellerstaostergotland\/event-seminarier\/","url":"https:\/\/nyforetagarcentrum.se\/mellerstaostergotland\/event-seminarier\/","name":"Evenemang och seminarier - Mellersta \u00d6sterg\u00f6tland","isPartOf":{"@id":"https:\/\/nyforetagarcentrum.se\/mellerstaostergotland\/#website"},"datePublished":"2024-05-27T09:57:09+00:00","dateModified":"2024-12-30T13:17:25+00:00","description":"V\u00e5ra kostnadsfria evenemang och seminarier \u00e4r viktiga delar i v\u00e5rt erbjudande. H\u00e4r kan du hitta och boka in dig, och bli en b\u00e4ttre f\u00f6retagare","breadcrumb":{"@id":"https:\/\/nyforetagarcentrum.se\/mellerstaostergotland\/event-seminarier\/#breadcrumb"},"inLanguage":"sv-SE","potentialAction":[{"@type":"ReadAction","target":["https:\/\/nyforetagarcentrum.se\/mellerstaostergotland\/event-seminarier\/"]}]},{"@type":"BreadcrumbList","@id":"https:\/\/nyforetagarcentrum.se\/mellerstaostergotland\/event-seminarier\/#breadcrumb","itemListElement":[{"@type":"ListItem","position":1,"name":"Hem","item":"https:\/\/nyforetagarcentrum.se\/mellerstaostergotland\/"},{"@type":"ListItem","position":2,"name":"Evenemang och seminarier"}]},{"@type":"WebSite","@id":"https:\/\/nyforetagarcentrum.se\/mellerstaostergotland\/#website","url":"https:\/\/nyforetagarcentrum.se\/mellerstaostergotland\/","name":"Mellersta \u00d6sterg\u00f6tland","description":"Sveriges ledande kraft f\u00f6r fler nya livskraftiga f\u00f6retag","publisher":{"@id":"https:\/\/nyforetagarcentrum.se\/mellerstaostergotland\/#organization"},"potentialAction":[{"@type":"SearchAction","target":{"@type":"EntryPoint","urlTemplate":"https:\/\/nyforetagarcentrum.se\/mellerstaostergotland\/?s={search_term_string}"},"query-input":"required name=search_term_string"}],"inLanguage":"sv-SE"},{"@type":"Organization","@id":"https:\/\/nyforetagarcentrum.se\/mellerstaostergotland\/#organization","name":"Mellersta \u00d6sterg\u00f6tland","url":"https:\/\/nyforetagarcentrum.se\/mellerstaostergotland\/","logo":{"@type":"ImageObject","inLanguage":"sv-SE","@id":"https:\/\/nyforetagarcentrum.se\/mellerstaostergotland\/#\/schema\/logo\/image\/","url":"https:\/\/nyforetagarcentrum.se\/mellerstaostergotland\/wp-content\/uploads\/sites\/12\/2025\/03\/cropped-NyFC_Mellersta_Ostergotland_big.png","contentUrl":"https:\/\/nyforetagarcentrum.se\/mellerstaostergotland\/wp-content\/uploads\/sites\/12\/2025\/03\/cropped-NyFC_Mellersta_Ostergotland_big.png","width":1000,"height":463,"caption":"Mellersta \u00d6sterg\u00f6tland"},"image":{"@id":"https:\/\/nyforetagarcentrum.se\/mellerstaostergotland\/#\/schema\/logo\/image\/"}}]}},"_links":{"self":[{"href":"https:\/\/nyforetagarcentrum.se\/mellerstaostergotland\/wp-json\/wp\/v2\/pages\/1571"}],"collection":[{"href":"https:\/\/nyforetagarcentrum.se\/mellerstaostergotland\/wp-json\/wp\/v2\/pages"}],"about":[{"href":"https:\/\/nyforetagarcentrum.se\/mellerstaostergotland\/wp-json\/wp\/v2\/types\/page"}],"author":[{"embeddable":true,"href":"https:\/\/nyforetagarcentrum.se\/mellerstaostergotland\/wp-json\/wp\/v2\/users\/1"}],"replies":[{"embeddable":true,"href":"https:\/\/nyforetagarcentrum.se\/mellerstaostergotland\/wp-json\/wp\/v2\/comments?post=1571"}],"version-history":[{"count":23,"href":"https:\/\/nyforetagarcentrum.se\/mellerstaostergotland\/wp-json\/wp\/v2\/pages\/1571\/revisions"}],"predecessor-version":[{"id":3063,"href":"https:\/\/nyforetagarcentrum.se\/mellerstaostergotland\/wp-json\/wp\/v2\/pages\/1571\/revisions\/3063"}],"wp:attachment":[{"href":"https:\/\/nyforetagarcentrum.se\/mellerstaostergotland\/wp-json\/wp\/v2\/media?parent=1571"}],"curies":[{"name":"wp","href":"https:\/\/api.w.org\/{rel}","templated":true}]}}