{"id":1511,"date":"2024-05-27T11:14:46","date_gmt":"2024-05-27T09:14:46","guid":{"rendered":"https:\/\/nyforetagarcentrum.se\/mellerstaostergotland\/?page_id=1511"},"modified":"2026-03-04T10:53:14","modified_gmt":"2026-03-04T09:53:14","slug":"vara-resultat","status":"publish","type":"page","link":"https:\/\/nyforetagarcentrum.se\/mellerstaostergotland\/vara-resultat\/","title":{"rendered":"V\u00e5ra resultat"},"content":{"rendered":"\n<div style=\"height:50px\" aria-hidden=\"true\" class=\"wp-block-spacer\"><\/div>\n\n\n<section  class=\"nfc-block-breadcrumbs alignwide\">\n    <div class=\"wrapper contained\">\n        <ol class=\"breadcrumbs\" itemscope itemtype=\"https:\/\/schema.org\/BreadcrumbList\">\n            <li itemprop=\"itemListElement\" itemscope itemtype=\"https:\/\/schema.org\/ListItem\">\n            \n\n                            <span class=\"current\" itemprop=\"name\">Hem<\/span>\n            \n            <meta itemprop=\"position\" content=\"1\" \/>\n        <\/li>\n    <\/ol>    <\/div>\n<\/section>\n\n\n<div style=\"height:50px\" aria-hidden=\"true\" class=\"wp-block-spacer\"><\/div>\n\n\n<section  class=\"nfc-block-split_screen alignwide image_alignment-left\">\n    <div class=\"wrapper\">\n        <div class=\"nfc-block-split_screen__image-wrapper\">\n            <img loading=\"lazy\" decoding=\"async\" width=\"1014\" height=\"1052\" src=\"https:\/\/nyforetagarcentrum.se\/mellerstaostergotland\/wp-content\/uploads\/sites\/12\/2024\/07\/NFC-12-1-1025x1536-annu-mindre-1.png\" class=\"attachment-landscape size-landscape\" alt=\"\" srcset=\"https:\/\/nyforetagarcentrum.se\/mellerstaostergotland\/wp-content\/uploads\/sites\/12\/2024\/07\/NFC-12-1-1025x1536-annu-mindre-1.png 1014w, https:\/\/nyforetagarcentrum.se\/mellerstaostergotland\/wp-content\/uploads\/sites\/12\/2024\/07\/NFC-12-1-1025x1536-annu-mindre-1-289x300.png 289w, https:\/\/nyforetagarcentrum.se\/mellerstaostergotland\/wp-content\/uploads\/sites\/12\/2024\/07\/NFC-12-1-1025x1536-annu-mindre-1-987x1024.png 987w, https:\/\/nyforetagarcentrum.se\/mellerstaostergotland\/wp-content\/uploads\/sites\/12\/2024\/07\/NFC-12-1-1025x1536-annu-mindre-1-768x797.png 768w\" sizes=\"(max-width: 1014px) 100vw, 1014px\" \/>        <\/div>\n\n        <div class=\"nfc-block-split_screen__content-wrapper\">\n            <h1>Vi skapar fler nya livskraftiga f\u00f6retag<\/h1>\n<p class=\"p1\">Nyf\u00f6retagarCentrum \u00e4r landets fr\u00e4msta organisation f\u00f6r nyf\u00f6retagande och t\u00e4cker fler \u00e4n 220 kommuner. Verksamheten bygger p\u00e5 evidens och bepr\u00f6vad erfarenhet. Vi st\u00e5r f\u00f6r 10% av alla nya f\u00f6retag som startas i Sverige.<\/p>\n<p class=\"p1\">2025 startades drygt 6 000 nya f\u00f6retag genom Nyf\u00f6retagarCentrum \u2013 ett viktigt tillskott f\u00f6r \u00f6kat entrepren\u00f6rskap. 2025 bidrog dessa f\u00f6retag med 10 000 nya jobb. Ca 3 miljarder kronor tillf\u00f6rs i skatteint\u00e4kter \u00e5rligen.<\/p>\n<p class=\"p1\">Nyf\u00f6retagarCentrums insatser leder till en markant h\u00f6gre \u00f6verlevnad av de f\u00f6retag som startas genom oss. Andelen konkurser \u00e4r endast 1-2% och 82% \u00e4r fortsatt verksamma efter 3 \u00e5r. Med mentorprogrammet Mentor Eget F\u00f6retag som komplement till r\u00e5dgivningen \u00e4r motsvarande siffra 87%. H\u00e4r finns en \u00e4nnu h\u00f6gre l\u00f6nsamhet.<\/p>\n<p>Nyf\u00f6retagarcentrum Mellersta \u00d6sterg\u00f6tland bidrog till 337 startade f\u00f6retag 2025.<\/p>\n<p><a href=\"https:\/\/nyforetagarcentrum.se\/mellerstaostergotland\/wp-content\/uploads\/sites\/12\/2026\/03\/2025-Arsrapport-Mellersta-Ostergotland-med-ortsrapporter.pdf\">Ta g\u00e4rna del av v\u00e5ra resultat i v\u00e5r \u00e5rsrapport 2025.<\/a><\/p>\n\n            \n        <\/div>\n    <\/div>\n<\/section>\n\n\n<div style=\"height:50px\" aria-hidden=\"true\" class=\"wp-block-spacer\"><\/div>\n\n\n\n<div class=\"wp-block-group alignfull has-white-background-color has-background is-layout-constrained wp-block-group-is-layout-constrained\">\n<div style=\"height:51px\" aria-hidden=\"true\" class=\"wp-block-spacer\"><\/div>\n\n\n\n<div class=\"wp-block-columns alignwide is-layout-flex wp-container-core-columns-is-layout-1 wp-block-columns-is-layout-flex\">\n<div class=\"wp-block-column is-layout-flow wp-block-column-is-layout-flow\">\n<p class=\"no-margin\" style=\"font-size:100px;font-style:normal;font-weight:700\">92%<\/p>\n\n\n\n<p class=\"has-text-color has-link-color wp-elements-7891826e490fddadef6573bc4eaeeefc\" style=\"color:#4d4d4d\">92% rekommenderar Nyf\u00f6retagarcentrum som \u00e4r landets fr\u00e4msta organisation f\u00f6r nyf\u00f6retagande och t\u00e4cker fler \u00e4n 220 kommuner. Vi st\u00e5r f\u00f6r 10% av alla nya f\u00f6retag som startas i Sverige.<\/p>\n<\/div>\n\n\n\n<div class=\"wp-block-column is-layout-flow wp-block-column-is-layout-flow\">\n<p class=\"no-margin\" style=\"font-size:100px;font-style:normal;font-weight:700\">82%<\/p>\n\n\n\n<p class=\"has-text-color has-link-color wp-elements-82b1848d1c89451f33c8a2fce5da2a20\" style=\"color:#4d4d4d\">82% av de f\u00f6retag som startas med hj\u00e4lp av oss \u00e4r fortsatt verksamma efter tre \u00e5r. Med mentorprogrammet Mentor Eget F\u00f6retag som komplement till r\u00e5dgivningen \u00e4r motsvarande siffra 87%<\/p>\n<\/div>\n\n\n\n<div class=\"wp-block-column is-layout-flow wp-block-column-is-layout-flow\">\n<p class=\"no-margin\" style=\"font-size:100px;font-style:normal;font-weight:700\">6000<\/p>\n\n\n\n<p class=\"has-text-color has-link-color wp-elements-32cac105fa5d26d53b49ab338e3016c3\" style=\"color:#4d4d4d\">2024 startades 6 000 nya f\u00f6retag genom Nyf\u00f6retagarCentrum \u2013 ett viktigt tillskott f\u00f6r \u00f6kat entrepren\u00f6rskap. 2024 bidrog dessa f\u00f6retag med 10 000 nya jobb. Ca 3 miljarder kronor tillf\u00f6rs i skatteint\u00e4kter \u00e5rligen.<\/p>\n<\/div>\n<\/div>\n\n\n\n<h1 class=\"wp-block-heading has-text-align-center\"><\/h1>\n\n\n\n<div style=\"height:51px\" aria-hidden=\"true\" class=\"wp-block-spacer\"><\/div>\n<\/div>\n\n\n\n<div style=\"height:50px\" aria-hidden=\"true\" class=\"wp-block-spacer\"><\/div>\n\n\n\n<div class=\"wp-block-columns is-layout-flex wp-container-core-columns-is-layout-2 wp-block-columns-is-layout-flex\">\n<div class=\"wp-block-column is-layout-flow wp-block-column-is-layout-flow\" style=\"flex-basis:66.66%\">\n<figure class=\"wp-block-image size-full is-resized\"><img loading=\"lazy\" decoding=\"async\" width=\"1404\" height=\"1536\" src=\"https:\/\/nyforetagarcentrum.se\/mellerstaostergotland\/wp-content\/uploads\/sites\/12\/2025\/08\/NFC-i-siffror_Sverigekarta-2024_farg-1404x1536-1.jpg\" alt=\"\" class=\"wp-image-4386\" style=\"width:1080px\" srcset=\"https:\/\/nyforetagarcentrum.se\/mellerstaostergotland\/wp-content\/uploads\/sites\/12\/2025\/08\/NFC-i-siffror_Sverigekarta-2024_farg-1404x1536-1.jpg 1404w, https:\/\/nyforetagarcentrum.se\/mellerstaostergotland\/wp-content\/uploads\/sites\/12\/2025\/08\/NFC-i-siffror_Sverigekarta-2024_farg-1404x1536-1-274x300.jpg 274w, https:\/\/nyforetagarcentrum.se\/mellerstaostergotland\/wp-content\/uploads\/sites\/12\/2025\/08\/NFC-i-siffror_Sverigekarta-2024_farg-1404x1536-1-936x1024.jpg 936w, https:\/\/nyforetagarcentrum.se\/mellerstaostergotland\/wp-content\/uploads\/sites\/12\/2025\/08\/NFC-i-siffror_Sverigekarta-2024_farg-1404x1536-1-768x840.jpg 768w, https:\/\/nyforetagarcentrum.se\/mellerstaostergotland\/wp-content\/uploads\/sites\/12\/2025\/08\/NFC-i-siffror_Sverigekarta-2024_farg-1404x1536-1-987x1080.jpg 987w\" sizes=\"(max-width: 1404px) 100vw, 1404px\" \/><\/figure>\n<\/div>\n\n\n\n<div class=\"wp-block-column is-layout-flow wp-block-column-is-layout-flow\" style=\"flex-basis:33.33%\">\n<p><\/p>\n\n\n\n<p><\/p>\n\n\n\n<p><\/p>\n\n\n\n<p><\/p>\n\n\n\n<p><\/p>\n\n\n\n<p><\/p>\n\n\n\n<h2 class=\"wp-block-heading\"><strong>Varje dag hj\u00e4lper vi n\u00e5gon i Sverige att komma n\u00e4rmare sin aff\u00e4rsid\u00e9. <\/strong><\/h2>\n\n\n\n<h2 class=\"wp-block-heading\"><strong>Vi tar steget tillsammans f\u00f6r att du ska lyckas med din dr\u00f6m utan att fastna i n\u00e5gra on\u00f6diga gropar.<\/strong><\/h2>\n<\/div>\n<\/div>\n","protected":false},"excerpt":{"rendered":"<p>92% 92% rekommenderar Nyf\u00f6retagarcentrum som \u00e4r landets fr\u00e4msta organisation f\u00f6r nyf\u00f6retagande och t\u00e4cker fler \u00e4n 220 kommuner. Vi st\u00e5r f\u00f6r 10% av alla nya f\u00f6retag som startas i Sverige. 82% 82% av de f\u00f6retag som startas med hj\u00e4lp av oss \u00e4r fortsatt verksamma efter tre \u00e5r. Med mentorprogrammet Mentor Eget F\u00f6retag som komplement till r\u00e5dgivningen [&hellip;]<\/p>\n","protected":false},"author":1,"featured_media":0,"parent":0,"menu_order":0,"comment_status":"closed","ping_status":"closed","template":"","meta":{"footnotes":""},"acf":[],"yoast_head":"<!-- This site is optimized with the Yoast SEO plugin v22.9 - https:\/\/yoast.com\/wordpress\/plugins\/seo\/ -->\n<title>V\u00e5ra resultat - Mellersta \u00d6sterg\u00f6tland<\/title>\n<meta name=\"robots\" content=\"index, follow, max-snippet:-1, max-image-preview:large, max-video-preview:-1\" \/>\n<link rel=\"canonical\" href=\"https:\/\/nyforetagarcentrum.se\/mellerstaostergotland\/vara-resultat\/\" \/>\n<meta property=\"og:locale\" content=\"sv_SE\" \/>\n<meta property=\"og:type\" content=\"article\" \/>\n<meta property=\"og:title\" content=\"V\u00e5ra resultat - Mellersta \u00d6sterg\u00f6tland\" \/>\n<meta property=\"og:description\" content=\"92% 92% rekommenderar Nyf\u00f6retagarcentrum som \u00e4r landets fr\u00e4msta organisation f\u00f6r nyf\u00f6retagande och t\u00e4cker fler \u00e4n 220 kommuner. Vi st\u00e5r f\u00f6r 10% av alla nya f\u00f6retag som startas i Sverige. 82% 82% av de f\u00f6retag som startas med hj\u00e4lp av oss \u00e4r fortsatt verksamma efter tre \u00e5r. Med mentorprogrammet Mentor Eget F\u00f6retag som komplement till r\u00e5dgivningen [&hellip;]\" \/>\n<meta property=\"og:url\" content=\"https:\/\/nyforetagarcentrum.se\/mellerstaostergotland\/vara-resultat\/\" \/>\n<meta property=\"og:site_name\" content=\"Mellersta \u00d6sterg\u00f6tland\" \/>\n<meta property=\"article:modified_time\" content=\"2026-03-04T09:53:14+00:00\" \/>\n<meta property=\"og:image\" content=\"https:\/\/nyforetagarcentrum.se\/mellerstaostergotland\/wp-content\/uploads\/sites\/12\/2025\/08\/NFC-i-siffror_Sverigekarta-2024_farg-1404x1536-1.jpg\" \/>\n<meta name=\"twitter:card\" content=\"summary_large_image\" \/>\n<meta name=\"twitter:label1\" content=\"Ber\u00e4knad l\u00e4stid\" \/>\n\t<meta name=\"twitter:data1\" content=\"1 minut\" \/>\n<script type=\"application\/ld+json\" class=\"yoast-schema-graph\">{\"@context\":\"https:\/\/schema.org\",\"@graph\":[{\"@type\":\"WebPage\",\"@id\":\"https:\/\/nyforetagarcentrum.se\/mellerstaostergotland\/vara-resultat\/\",\"url\":\"https:\/\/nyforetagarcentrum.se\/mellerstaostergotland\/vara-resultat\/\",\"name\":\"V\u00e5ra resultat - Mellersta \u00d6sterg\u00f6tland\",\"isPartOf\":{\"@id\":\"https:\/\/nyforetagarcentrum.se\/mellerstaostergotland\/#website\"},\"primaryImageOfPage\":{\"@id\":\"https:\/\/nyforetagarcentrum.se\/mellerstaostergotland\/vara-resultat\/#primaryimage\"},\"image\":{\"@id\":\"https:\/\/nyforetagarcentrum.se\/mellerstaostergotland\/vara-resultat\/#primaryimage\"},\"thumbnailUrl\":\"https:\/\/nyforetagarcentrum.se\/mellerstaostergotland\/wp-content\/uploads\/sites\/12\/2025\/08\/NFC-i-siffror_Sverigekarta-2024_farg-1404x1536-1.jpg\",\"datePublished\":\"2024-05-27T09:14:46+00:00\",\"dateModified\":\"2026-03-04T09:53:14+00:00\",\"breadcrumb\":{\"@id\":\"https:\/\/nyforetagarcentrum.se\/mellerstaostergotland\/vara-resultat\/#breadcrumb\"},\"inLanguage\":\"sv-SE\",\"potentialAction\":[{\"@type\":\"ReadAction\",\"target\":[\"https:\/\/nyforetagarcentrum.se\/mellerstaostergotland\/vara-resultat\/\"]}]},{\"@type\":\"ImageObject\",\"inLanguage\":\"sv-SE\",\"@id\":\"https:\/\/nyforetagarcentrum.se\/mellerstaostergotland\/vara-resultat\/#primaryimage\",\"url\":\"https:\/\/nyforetagarcentrum.se\/mellerstaostergotland\/wp-content\/uploads\/sites\/12\/2025\/08\/NFC-i-siffror_Sverigekarta-2024_farg-1404x1536-1.jpg\",\"contentUrl\":\"https:\/\/nyforetagarcentrum.se\/mellerstaostergotland\/wp-content\/uploads\/sites\/12\/2025\/08\/NFC-i-siffror_Sverigekarta-2024_farg-1404x1536-1.jpg\",\"width\":1404,\"height\":1536},{\"@type\":\"BreadcrumbList\",\"@id\":\"https:\/\/nyforetagarcentrum.se\/mellerstaostergotland\/vara-resultat\/#breadcrumb\",\"itemListElement\":[{\"@type\":\"ListItem\",\"position\":1,\"name\":\"Hem\",\"item\":\"https:\/\/nyforetagarcentrum.se\/mellerstaostergotland\/\"},{\"@type\":\"ListItem\",\"position\":2,\"name\":\"V\u00e5ra resultat\"}]},{\"@type\":\"WebSite\",\"@id\":\"https:\/\/nyforetagarcentrum.se\/mellerstaostergotland\/#website\",\"url\":\"https:\/\/nyforetagarcentrum.se\/mellerstaostergotland\/\",\"name\":\"Mellersta \u00d6sterg\u00f6tland\",\"description\":\"Sveriges ledande kraft f\u00f6r fler nya livskraftiga f\u00f6retag\",\"publisher\":{\"@id\":\"https:\/\/nyforetagarcentrum.se\/mellerstaostergotland\/#organization\"},\"potentialAction\":[{\"@type\":\"SearchAction\",\"target\":{\"@type\":\"EntryPoint\",\"urlTemplate\":\"https:\/\/nyforetagarcentrum.se\/mellerstaostergotland\/?s={search_term_string}\"},\"query-input\":\"required name=search_term_string\"}],\"inLanguage\":\"sv-SE\"},{\"@type\":\"Organization\",\"@id\":\"https:\/\/nyforetagarcentrum.se\/mellerstaostergotland\/#organization\",\"name\":\"Mellersta \u00d6sterg\u00f6tland\",\"url\":\"https:\/\/nyforetagarcentrum.se\/mellerstaostergotland\/\",\"logo\":{\"@type\":\"ImageObject\",\"inLanguage\":\"sv-SE\",\"@id\":\"https:\/\/nyforetagarcentrum.se\/mellerstaostergotland\/#\/schema\/logo\/image\/\",\"url\":\"https:\/\/nyforetagarcentrum.se\/mellerstaostergotland\/wp-content\/uploads\/sites\/12\/2025\/03\/cropped-NyFC_Mellersta_Ostergotland_big.png\",\"contentUrl\":\"https:\/\/nyforetagarcentrum.se\/mellerstaostergotland\/wp-content\/uploads\/sites\/12\/2025\/03\/cropped-NyFC_Mellersta_Ostergotland_big.png\",\"width\":1000,\"height\":463,\"caption\":\"Mellersta \u00d6sterg\u00f6tland\"},\"image\":{\"@id\":\"https:\/\/nyforetagarcentrum.se\/mellerstaostergotland\/#\/schema\/logo\/image\/\"}}]}<\/script>\n<!-- \/ Yoast SEO plugin. -->","yoast_head_json":{"title":"V\u00e5ra resultat - Mellersta \u00d6sterg\u00f6tland","robots":{"index":"index","follow":"follow","max-snippet":"max-snippet:-1","max-image-preview":"max-image-preview:large","max-video-preview":"max-video-preview:-1"},"canonical":"https:\/\/nyforetagarcentrum.se\/mellerstaostergotland\/vara-resultat\/","og_locale":"sv_SE","og_type":"article","og_title":"V\u00e5ra resultat - Mellersta \u00d6sterg\u00f6tland","og_description":"92% 92% rekommenderar Nyf\u00f6retagarcentrum som \u00e4r landets fr\u00e4msta organisation f\u00f6r nyf\u00f6retagande och t\u00e4cker fler \u00e4n 220 kommuner. Vi st\u00e5r f\u00f6r 10% av alla nya f\u00f6retag som startas i Sverige. 82% 82% av de f\u00f6retag som startas med hj\u00e4lp av oss \u00e4r fortsatt verksamma efter tre \u00e5r. Med mentorprogrammet Mentor Eget F\u00f6retag som komplement till r\u00e5dgivningen [&hellip;]","og_url":"https:\/\/nyforetagarcentrum.se\/mellerstaostergotland\/vara-resultat\/","og_site_name":"Mellersta \u00d6sterg\u00f6tland","article_modified_time":"2026-03-04T09:53:14+00:00","og_image":[{"url":"https:\/\/nyforetagarcentrum.se\/mellerstaostergotland\/wp-content\/uploads\/sites\/12\/2025\/08\/NFC-i-siffror_Sverigekarta-2024_farg-1404x1536-1.jpg"}],"twitter_card":"summary_large_image","twitter_misc":{"Ber\u00e4knad l\u00e4stid":"1 minut"},"schema":{"@context":"https:\/\/schema.org","@graph":[{"@type":"WebPage","@id":"https:\/\/nyforetagarcentrum.se\/mellerstaostergotland\/vara-resultat\/","url":"https:\/\/nyforetagarcentrum.se\/mellerstaostergotland\/vara-resultat\/","name":"V\u00e5ra resultat - Mellersta \u00d6sterg\u00f6tland","isPartOf":{"@id":"https:\/\/nyforetagarcentrum.se\/mellerstaostergotland\/#website"},"primaryImageOfPage":{"@id":"https:\/\/nyforetagarcentrum.se\/mellerstaostergotland\/vara-resultat\/#primaryimage"},"image":{"@id":"https:\/\/nyforetagarcentrum.se\/mellerstaostergotland\/vara-resultat\/#primaryimage"},"thumbnailUrl":"https:\/\/nyforetagarcentrum.se\/mellerstaostergotland\/wp-content\/uploads\/sites\/12\/2025\/08\/NFC-i-siffror_Sverigekarta-2024_farg-1404x1536-1.jpg","datePublished":"2024-05-27T09:14:46+00:00","dateModified":"2026-03-04T09:53:14+00:00","breadcrumb":{"@id":"https:\/\/nyforetagarcentrum.se\/mellerstaostergotland\/vara-resultat\/#breadcrumb"},"inLanguage":"sv-SE","potentialAction":[{"@type":"ReadAction","target":["https:\/\/nyforetagarcentrum.se\/mellerstaostergotland\/vara-resultat\/"]}]},{"@type":"ImageObject","inLanguage":"sv-SE","@id":"https:\/\/nyforetagarcentrum.se\/mellerstaostergotland\/vara-resultat\/#primaryimage","url":"https:\/\/nyforetagarcentrum.se\/mellerstaostergotland\/wp-content\/uploads\/sites\/12\/2025\/08\/NFC-i-siffror_Sverigekarta-2024_farg-1404x1536-1.jpg","contentUrl":"https:\/\/nyforetagarcentrum.se\/mellerstaostergotland\/wp-content\/uploads\/sites\/12\/2025\/08\/NFC-i-siffror_Sverigekarta-2024_farg-1404x1536-1.jpg","width":1404,"height":1536},{"@type":"BreadcrumbList","@id":"https:\/\/nyforetagarcentrum.se\/mellerstaostergotland\/vara-resultat\/#breadcrumb","itemListElement":[{"@type":"ListItem","position":1,"name":"Hem","item":"https:\/\/nyforetagarcentrum.se\/mellerstaostergotland\/"},{"@type":"ListItem","position":2,"name":"V\u00e5ra resultat"}]},{"@type":"WebSite","@id":"https:\/\/nyforetagarcentrum.se\/mellerstaostergotland\/#website","url":"https:\/\/nyforetagarcentrum.se\/mellerstaostergotland\/","name":"Mellersta \u00d6sterg\u00f6tland","description":"Sveriges ledande kraft f\u00f6r fler nya livskraftiga f\u00f6retag","publisher":{"@id":"https:\/\/nyforetagarcentrum.se\/mellerstaostergotland\/#organization"},"potentialAction":[{"@type":"SearchAction","target":{"@type":"EntryPoint","urlTemplate":"https:\/\/nyforetagarcentrum.se\/mellerstaostergotland\/?s={search_term_string}"},"query-input":"required name=search_term_string"}],"inLanguage":"sv-SE"},{"@type":"Organization","@id":"https:\/\/nyforetagarcentrum.se\/mellerstaostergotland\/#organization","name":"Mellersta \u00d6sterg\u00f6tland","url":"https:\/\/nyforetagarcentrum.se\/mellerstaostergotland\/","logo":{"@type":"ImageObject","inLanguage":"sv-SE","@id":"https:\/\/nyforetagarcentrum.se\/mellerstaostergotland\/#\/schema\/logo\/image\/","url":"https:\/\/nyforetagarcentrum.se\/mellerstaostergotland\/wp-content\/uploads\/sites\/12\/2025\/03\/cropped-NyFC_Mellersta_Ostergotland_big.png","contentUrl":"https:\/\/nyforetagarcentrum.se\/mellerstaostergotland\/wp-content\/uploads\/sites\/12\/2025\/03\/cropped-NyFC_Mellersta_Ostergotland_big.png","width":1000,"height":463,"caption":"Mellersta \u00d6sterg\u00f6tland"},"image":{"@id":"https:\/\/nyforetagarcentrum.se\/mellerstaostergotland\/#\/schema\/logo\/image\/"}}]}},"_links":{"self":[{"href":"https:\/\/nyforetagarcentrum.se\/mellerstaostergotland\/wp-json\/wp\/v2\/pages\/1511"}],"collection":[{"href":"https:\/\/nyforetagarcentrum.se\/mellerstaostergotland\/wp-json\/wp\/v2\/pages"}],"about":[{"href":"https:\/\/nyforetagarcentrum.se\/mellerstaostergotland\/wp-json\/wp\/v2\/types\/page"}],"author":[{"embeddable":true,"href":"https:\/\/nyforetagarcentrum.se\/mellerstaostergotland\/wp-json\/wp\/v2\/users\/1"}],"replies":[{"embeddable":true,"href":"https:\/\/nyforetagarcentrum.se\/mellerstaostergotland\/wp-json\/wp\/v2\/comments?post=1511"}],"version-history":[{"count":42,"href":"https:\/\/nyforetagarcentrum.se\/mellerstaostergotland\/wp-json\/wp\/v2\/pages\/1511\/revisions"}],"predecessor-version":[{"id":6056,"href":"https:\/\/nyforetagarcentrum.se\/mellerstaostergotland\/wp-json\/wp\/v2\/pages\/1511\/revisions\/6056"}],"wp:attachment":[{"href":"https:\/\/nyforetagarcentrum.se\/mellerstaostergotland\/wp-json\/wp\/v2\/media?parent=1511"}],"curies":[{"name":"wp","href":"https:\/\/api.w.org\/{rel}","templated":true}]}}