{"id":1503,"date":"2024-05-27T11:13:40","date_gmt":"2024-05-27T09:13:40","guid":{"rendered":"https:\/\/nyforetagarcentrum.se\/mellerstaostergotland\/?page_id=1503"},"modified":"2026-01-05T10:30:03","modified_gmt":"2026-01-05T09:30:03","slug":"bli-partner","status":"publish","type":"page","link":"https:\/\/nyforetagarcentrum.se\/mellerstaostergotland\/bli-partner\/","title":{"rendered":"Bli partner"},"content":{"rendered":"\n<div style=\"height:50px\" aria-hidden=\"true\" class=\"wp-block-spacer\"><\/div>\n\n\n<section  class=\"nfc-block-breadcrumbs alignwide\">\n    <div class=\"wrapper contained\">\n        <ol class=\"breadcrumbs\" itemscope itemtype=\"https:\/\/schema.org\/BreadcrumbList\">\n            <li itemprop=\"itemListElement\" itemscope itemtype=\"https:\/\/schema.org\/ListItem\">\n            \n\n                            <span class=\"current\" itemprop=\"name\">Hem<\/span>\n            \n            <meta itemprop=\"position\" content=\"1\" \/>\n        <\/li>\n    <\/ol>    <\/div>\n<\/section>\n\n\n<div style=\"height:50px\" aria-hidden=\"true\" class=\"wp-block-spacer\"><\/div>\n\n\n<section  class=\"nfc-block-split_screen alignwide image_alignment-right\">\n    <div class=\"wrapper\">\n        <div class=\"nfc-block-split_screen__image-wrapper\">\n            <img loading=\"lazy\" decoding=\"async\" width=\"1014\" height=\"1052\" src=\"https:\/\/nyforetagarcentrum.se\/mellerstaostergotland\/wp-content\/uploads\/sites\/12\/2024\/07\/NFC-12-1-1025x1536-annu-mindre-1.png\" class=\"attachment-landscape size-landscape\" alt=\"\" srcset=\"https:\/\/nyforetagarcentrum.se\/mellerstaostergotland\/wp-content\/uploads\/sites\/12\/2024\/07\/NFC-12-1-1025x1536-annu-mindre-1.png 1014w, https:\/\/nyforetagarcentrum.se\/mellerstaostergotland\/wp-content\/uploads\/sites\/12\/2024\/07\/NFC-12-1-1025x1536-annu-mindre-1-289x300.png 289w, https:\/\/nyforetagarcentrum.se\/mellerstaostergotland\/wp-content\/uploads\/sites\/12\/2024\/07\/NFC-12-1-1025x1536-annu-mindre-1-987x1024.png 987w, https:\/\/nyforetagarcentrum.se\/mellerstaostergotland\/wp-content\/uploads\/sites\/12\/2024\/07\/NFC-12-1-1025x1536-annu-mindre-1-768x797.png 768w\" sizes=\"(max-width: 1014px) 100vw, 1014px\" \/>        <\/div>\n\n        <div class=\"nfc-block-split_screen__content-wrapper\">\n            <h1>Bli partner<\/h1>\n<p>Med ett starkt n\u00e4tverk av partners och medlemmar kan vi tillsammans skapa en h\u00e5llbar framtid f\u00f6r nyf\u00f6retagandet i Mellersta \u00d6sterg\u00f6tland. Vi ser fram emot att v\u00e4lkomna er som en del av v\u00e5r gemenskap! <\/p>\n<p>Som partner till Nyf\u00f6retagarCentrum Mellersta \u00d6sterg\u00f6tland st\u00f6djer ni v\u00e5r verksamhet och bidrar till regionens ekonomiska tillv\u00e4xt. F\u00f6rdelarna med att vara partner inkluderar:<\/p>\n<ul>\n<li><strong>Exponering<\/strong>: Synlighet i v\u00e5ra marknadsf\u00f6ringsaktiviteter och event.<\/li>\n<li><strong>N\u00e4tverk<\/strong>: Tillg\u00e5ng till ett omfattande n\u00e4tverk av andra akt\u00f6rer inom n\u00e4ringslivet.<\/li>\n<li><strong>Bidra till utveckling<\/strong>: Aktivt st\u00f6dja utvecklingen av ett h\u00e5llbart och framg\u00e5ngsrikt n\u00e4ringsliv.<\/li>\n<\/ul>\n<p>Kontakta oss idag f\u00f6r att bli partner och g\u00f6ra en verklig skillnad!<\/p>\n\n            \n        <\/div>\n    <\/div>\n<\/section>\n\n\n<div style=\"height:50px\" aria-hidden=\"true\" class=\"wp-block-spacer\"><\/div>\n\n\n\n<div class=\"wp-block-group alignwide is-layout-flow wp-block-group-is-layout-flow\">\n<div class=\"wp-block-columns alignwide is-layout-flex wp-container-core-columns-is-layout-1 wp-block-columns-is-layout-flex\">\n<div class=\"wp-block-column is-vertically-aligned-center is-layout-flow wp-block-column-is-layout-flow\">\n<figure class=\"wp-block-image size-large\"><img loading=\"lazy\" decoding=\"async\" width=\"1024\" height=\"760\" src=\"https:\/\/nyforetagarcentrum.se\/mellerstaostergotland\/wp-content\/uploads\/sites\/12\/2024\/02\/Allman-bild-22-1024x760.png\" alt=\"\" class=\"wp-image-232\" style=\"object-fit:cover\" srcset=\"https:\/\/nyforetagarcentrum.se\/mellerstaostergotland\/wp-content\/uploads\/sites\/12\/2024\/02\/Allman-bild-22-1024x760.png 1024w, https:\/\/nyforetagarcentrum.se\/mellerstaostergotland\/wp-content\/uploads\/sites\/12\/2024\/02\/Allman-bild-22-300x223.png 300w, https:\/\/nyforetagarcentrum.se\/mellerstaostergotland\/wp-content\/uploads\/sites\/12\/2024\/02\/Allman-bild-22-768x570.png 768w, https:\/\/nyforetagarcentrum.se\/mellerstaostergotland\/wp-content\/uploads\/sites\/12\/2024\/02\/Allman-bild-22.png 1241w\" sizes=\"(max-width: 1024px) 100vw, 1024px\" \/><\/figure>\n<\/div>\n\n\n\n<div class=\"wp-block-column is-vertically-aligned-center is-layout-flow wp-block-column-is-layout-flow\"><section  class=\"nfc-block-form aligncenter layout-small\">\n    <div class=\"contained\">\n\n        <form data-nfc-form=\"block_f8d6fdb693e6af187f6d5e9ca3a0835d\" data-nfc-page=\"1503\">\n            <label class=\"input-wrapper required\" for=\"namn-och-efternamn\">\n    <span>Namn och Efternamn<\/span>\n    <input type=\"text\" name=\"namn-och-efternamn\" id=\"namn-och-efternamn\" placeholder=\"Ditt namn\" required>\n<\/label><label class=\"input-wrapper required\" for=\"mailadress\">\n    <span>Mailadress<\/span>\n    <input type=\"text\" name=\"mailadress\" id=\"mailadress\" placeholder=\"Din mailadress\" required>\n<\/label><label class=\"input-wrapper\" for=\"telefonnummer\">\n    <span>Telefonnummer<\/span>\n    <input type=\"number\" name=\"telefonnummer\" id=\"telefonnummer\" placeholder=\"Ditt telefonnummer\" >\n<\/label><label class=\"input-wrapper required\" for=\"meddelande\">\n    <span>Meddelande<\/span>\n    <textarea type=\"text\" name=\"meddelande\" id=\"meddelande\" placeholder=\"Skriv ditt meddelande h\u00e4r\" required rows=\"6\"><\/textarea>\n<\/label>\n            <div class=\"input-wrapper\">\n                <button type=\"submit\" class=\"button\">Skicka<\/button>\n            <\/div>\n        <\/form>\n    <\/div>\n<\/section><\/div>\n<\/div>\n<\/div>\n\n\n\n<div style=\"height:50px\" aria-hidden=\"true\" class=\"wp-block-spacer\"><\/div>\n\n\n\n<h2 class=\"wp-block-heading has-text-align-left\">\u00c4r ditt f\u00f6retag eller organisation intresserad av att st\u00f6dja Nyf\u00f6retagarCentrum Mellersta \u00d6sterg\u00f6tlands arbete?<\/h2>\n\n\n<section  class=\"nfc-block-form aligncontent layout-small\">\n    <div class=\"contained\">\n\n        <form data-nfc-form=\"block_90b8dde35adc2746b7d68a2059297f9d\" data-nfc-page=\"1503\">\n            <label class=\"input-wrapper required\" for=\"namn\">\n    <span>Namn<\/span>\n    <input type=\"text\" name=\"namn\" id=\"namn\" placeholder=\"\" required>\n<\/label><label class=\"input-wrapper required\" for=\"foretag-eller-organisation\">\n    <span>F\u00f6retag eller organisation<\/span>\n    <input type=\"text\" name=\"foretag-eller-organisation\" id=\"foretag-eller-organisation\" placeholder=\"\" required>\n<\/label><label class=\"input-wrapper required\" for=\"e-post\">\n    <span>E-post<\/span>\n    <input type=\"text\" name=\"e-post\" id=\"e-post\" placeholder=\"\" required>\n<\/label>\n            <div class=\"input-wrapper\">\n                <button type=\"submit\" class=\"button\">Skicka<\/button>\n            <\/div>\n        <\/form>\n    <\/div>\n<\/section>\n\n\n<div style=\"height:50px\" aria-hidden=\"true\" class=\"wp-block-spacer\"><\/div>\n","protected":false},"excerpt":{"rendered":"<p>\u00c4r ditt f\u00f6retag eller organisation intresserad av att st\u00f6dja Nyf\u00f6retagarCentrum Mellersta \u00d6sterg\u00f6tlands arbete?<\/p>\n","protected":false},"author":1,"featured_media":0,"parent":0,"menu_order":0,"comment_status":"closed","ping_status":"closed","template":"","meta":{"footnotes":""},"acf":[],"yoast_head":"<!-- This site is optimized with the Yoast SEO plugin v22.9 - https:\/\/yoast.com\/wordpress\/plugins\/seo\/ -->\n<title>Bli partner - Mellersta \u00d6sterg\u00f6tland<\/title>\n<meta name=\"robots\" content=\"index, follow, max-snippet:-1, max-image-preview:large, max-video-preview:-1\" \/>\n<link rel=\"canonical\" href=\"https:\/\/nyforetagarcentrum.se\/mellerstaostergotland\/bli-partner\/\" \/>\n<meta property=\"og:locale\" content=\"sv_SE\" \/>\n<meta property=\"og:type\" content=\"article\" \/>\n<meta property=\"og:title\" content=\"Bli partner - Mellersta \u00d6sterg\u00f6tland\" \/>\n<meta property=\"og:description\" content=\"\u00c4r ditt f\u00f6retag eller organisation intresserad av att st\u00f6dja Nyf\u00f6retagarCentrum Mellersta \u00d6sterg\u00f6tlands arbete?\" \/>\n<meta property=\"og:url\" content=\"https:\/\/nyforetagarcentrum.se\/mellerstaostergotland\/bli-partner\/\" \/>\n<meta property=\"og:site_name\" content=\"Mellersta \u00d6sterg\u00f6tland\" \/>\n<meta property=\"article:modified_time\" content=\"2026-01-05T09:30:03+00:00\" \/>\n<meta property=\"og:image\" content=\"https:\/\/nyforetagarcentrum.se\/mellerstaostergotland\/wp-content\/uploads\/sites\/12\/2024\/02\/Allman-bild-22-1024x760.png\" \/>\n<meta name=\"twitter:card\" content=\"summary_large_image\" \/>\n<meta name=\"twitter:label1\" content=\"Ber\u00e4knad l\u00e4stid\" \/>\n\t<meta name=\"twitter:data1\" content=\"1 minut\" \/>\n<script type=\"application\/ld+json\" class=\"yoast-schema-graph\">{\"@context\":\"https:\/\/schema.org\",\"@graph\":[{\"@type\":\"WebPage\",\"@id\":\"https:\/\/nyforetagarcentrum.se\/mellerstaostergotland\/bli-partner\/\",\"url\":\"https:\/\/nyforetagarcentrum.se\/mellerstaostergotland\/bli-partner\/\",\"name\":\"Bli partner - Mellersta \u00d6sterg\u00f6tland\",\"isPartOf\":{\"@id\":\"https:\/\/nyforetagarcentrum.se\/mellerstaostergotland\/#website\"},\"primaryImageOfPage\":{\"@id\":\"https:\/\/nyforetagarcentrum.se\/mellerstaostergotland\/bli-partner\/#primaryimage\"},\"image\":{\"@id\":\"https:\/\/nyforetagarcentrum.se\/mellerstaostergotland\/bli-partner\/#primaryimage\"},\"thumbnailUrl\":\"https:\/\/nyforetagarcentrum.se\/mellerstaostergotland\/wp-content\/uploads\/sites\/12\/2024\/02\/Allman-bild-22-1024x760.png\",\"datePublished\":\"2024-05-27T09:13:40+00:00\",\"dateModified\":\"2026-01-05T09:30:03+00:00\",\"breadcrumb\":{\"@id\":\"https:\/\/nyforetagarcentrum.se\/mellerstaostergotland\/bli-partner\/#breadcrumb\"},\"inLanguage\":\"sv-SE\",\"potentialAction\":[{\"@type\":\"ReadAction\",\"target\":[\"https:\/\/nyforetagarcentrum.se\/mellerstaostergotland\/bli-partner\/\"]}]},{\"@type\":\"ImageObject\",\"inLanguage\":\"sv-SE\",\"@id\":\"https:\/\/nyforetagarcentrum.se\/mellerstaostergotland\/bli-partner\/#primaryimage\",\"url\":\"https:\/\/nyforetagarcentrum.se\/mellerstaostergotland\/wp-content\/uploads\/sites\/12\/2024\/02\/Allman-bild-22.png\",\"contentUrl\":\"https:\/\/nyforetagarcentrum.se\/mellerstaostergotland\/wp-content\/uploads\/sites\/12\/2024\/02\/Allman-bild-22.png\",\"width\":1241,\"height\":921,\"caption\":\"Vad ska en aff\u00e4rsplan inneh\u00e5lla?\"},{\"@type\":\"BreadcrumbList\",\"@id\":\"https:\/\/nyforetagarcentrum.se\/mellerstaostergotland\/bli-partner\/#breadcrumb\",\"itemListElement\":[{\"@type\":\"ListItem\",\"position\":1,\"name\":\"Hem\",\"item\":\"https:\/\/nyforetagarcentrum.se\/mellerstaostergotland\/\"},{\"@type\":\"ListItem\",\"position\":2,\"name\":\"Bli partner\"}]},{\"@type\":\"WebSite\",\"@id\":\"https:\/\/nyforetagarcentrum.se\/mellerstaostergotland\/#website\",\"url\":\"https:\/\/nyforetagarcentrum.se\/mellerstaostergotland\/\",\"name\":\"Mellersta \u00d6sterg\u00f6tland\",\"description\":\"Sveriges ledande kraft f\u00f6r fler nya livskraftiga f\u00f6retag\",\"publisher\":{\"@id\":\"https:\/\/nyforetagarcentrum.se\/mellerstaostergotland\/#organization\"},\"potentialAction\":[{\"@type\":\"SearchAction\",\"target\":{\"@type\":\"EntryPoint\",\"urlTemplate\":\"https:\/\/nyforetagarcentrum.se\/mellerstaostergotland\/?s={search_term_string}\"},\"query-input\":\"required name=search_term_string\"}],\"inLanguage\":\"sv-SE\"},{\"@type\":\"Organization\",\"@id\":\"https:\/\/nyforetagarcentrum.se\/mellerstaostergotland\/#organization\",\"name\":\"Mellersta \u00d6sterg\u00f6tland\",\"url\":\"https:\/\/nyforetagarcentrum.se\/mellerstaostergotland\/\",\"logo\":{\"@type\":\"ImageObject\",\"inLanguage\":\"sv-SE\",\"@id\":\"https:\/\/nyforetagarcentrum.se\/mellerstaostergotland\/#\/schema\/logo\/image\/\",\"url\":\"https:\/\/nyforetagarcentrum.se\/mellerstaostergotland\/wp-content\/uploads\/sites\/12\/2025\/03\/cropped-NyFC_Mellersta_Ostergotland_big.png\",\"contentUrl\":\"https:\/\/nyforetagarcentrum.se\/mellerstaostergotland\/wp-content\/uploads\/sites\/12\/2025\/03\/cropped-NyFC_Mellersta_Ostergotland_big.png\",\"width\":1000,\"height\":463,\"caption\":\"Mellersta \u00d6sterg\u00f6tland\"},\"image\":{\"@id\":\"https:\/\/nyforetagarcentrum.se\/mellerstaostergotland\/#\/schema\/logo\/image\/\"}}]}<\/script>\n<!-- \/ Yoast SEO plugin. -->","yoast_head_json":{"title":"Bli partner - Mellersta \u00d6sterg\u00f6tland","robots":{"index":"index","follow":"follow","max-snippet":"max-snippet:-1","max-image-preview":"max-image-preview:large","max-video-preview":"max-video-preview:-1"},"canonical":"https:\/\/nyforetagarcentrum.se\/mellerstaostergotland\/bli-partner\/","og_locale":"sv_SE","og_type":"article","og_title":"Bli partner - Mellersta \u00d6sterg\u00f6tland","og_description":"\u00c4r ditt f\u00f6retag eller organisation intresserad av att st\u00f6dja Nyf\u00f6retagarCentrum Mellersta \u00d6sterg\u00f6tlands arbete?","og_url":"https:\/\/nyforetagarcentrum.se\/mellerstaostergotland\/bli-partner\/","og_site_name":"Mellersta \u00d6sterg\u00f6tland","article_modified_time":"2026-01-05T09:30:03+00:00","og_image":[{"url":"https:\/\/nyforetagarcentrum.se\/mellerstaostergotland\/wp-content\/uploads\/sites\/12\/2024\/02\/Allman-bild-22-1024x760.png"}],"twitter_card":"summary_large_image","twitter_misc":{"Ber\u00e4knad l\u00e4stid":"1 minut"},"schema":{"@context":"https:\/\/schema.org","@graph":[{"@type":"WebPage","@id":"https:\/\/nyforetagarcentrum.se\/mellerstaostergotland\/bli-partner\/","url":"https:\/\/nyforetagarcentrum.se\/mellerstaostergotland\/bli-partner\/","name":"Bli partner - Mellersta \u00d6sterg\u00f6tland","isPartOf":{"@id":"https:\/\/nyforetagarcentrum.se\/mellerstaostergotland\/#website"},"primaryImageOfPage":{"@id":"https:\/\/nyforetagarcentrum.se\/mellerstaostergotland\/bli-partner\/#primaryimage"},"image":{"@id":"https:\/\/nyforetagarcentrum.se\/mellerstaostergotland\/bli-partner\/#primaryimage"},"thumbnailUrl":"https:\/\/nyforetagarcentrum.se\/mellerstaostergotland\/wp-content\/uploads\/sites\/12\/2024\/02\/Allman-bild-22-1024x760.png","datePublished":"2024-05-27T09:13:40+00:00","dateModified":"2026-01-05T09:30:03+00:00","breadcrumb":{"@id":"https:\/\/nyforetagarcentrum.se\/mellerstaostergotland\/bli-partner\/#breadcrumb"},"inLanguage":"sv-SE","potentialAction":[{"@type":"ReadAction","target":["https:\/\/nyforetagarcentrum.se\/mellerstaostergotland\/bli-partner\/"]}]},{"@type":"ImageObject","inLanguage":"sv-SE","@id":"https:\/\/nyforetagarcentrum.se\/mellerstaostergotland\/bli-partner\/#primaryimage","url":"https:\/\/nyforetagarcentrum.se\/mellerstaostergotland\/wp-content\/uploads\/sites\/12\/2024\/02\/Allman-bild-22.png","contentUrl":"https:\/\/nyforetagarcentrum.se\/mellerstaostergotland\/wp-content\/uploads\/sites\/12\/2024\/02\/Allman-bild-22.png","width":1241,"height":921,"caption":"Vad ska en aff\u00e4rsplan inneh\u00e5lla?"},{"@type":"BreadcrumbList","@id":"https:\/\/nyforetagarcentrum.se\/mellerstaostergotland\/bli-partner\/#breadcrumb","itemListElement":[{"@type":"ListItem","position":1,"name":"Hem","item":"https:\/\/nyforetagarcentrum.se\/mellerstaostergotland\/"},{"@type":"ListItem","position":2,"name":"Bli partner"}]},{"@type":"WebSite","@id":"https:\/\/nyforetagarcentrum.se\/mellerstaostergotland\/#website","url":"https:\/\/nyforetagarcentrum.se\/mellerstaostergotland\/","name":"Mellersta \u00d6sterg\u00f6tland","description":"Sveriges ledande kraft f\u00f6r fler nya livskraftiga f\u00f6retag","publisher":{"@id":"https:\/\/nyforetagarcentrum.se\/mellerstaostergotland\/#organization"},"potentialAction":[{"@type":"SearchAction","target":{"@type":"EntryPoint","urlTemplate":"https:\/\/nyforetagarcentrum.se\/mellerstaostergotland\/?s={search_term_string}"},"query-input":"required name=search_term_string"}],"inLanguage":"sv-SE"},{"@type":"Organization","@id":"https:\/\/nyforetagarcentrum.se\/mellerstaostergotland\/#organization","name":"Mellersta \u00d6sterg\u00f6tland","url":"https:\/\/nyforetagarcentrum.se\/mellerstaostergotland\/","logo":{"@type":"ImageObject","inLanguage":"sv-SE","@id":"https:\/\/nyforetagarcentrum.se\/mellerstaostergotland\/#\/schema\/logo\/image\/","url":"https:\/\/nyforetagarcentrum.se\/mellerstaostergotland\/wp-content\/uploads\/sites\/12\/2025\/03\/cropped-NyFC_Mellersta_Ostergotland_big.png","contentUrl":"https:\/\/nyforetagarcentrum.se\/mellerstaostergotland\/wp-content\/uploads\/sites\/12\/2025\/03\/cropped-NyFC_Mellersta_Ostergotland_big.png","width":1000,"height":463,"caption":"Mellersta \u00d6sterg\u00f6tland"},"image":{"@id":"https:\/\/nyforetagarcentrum.se\/mellerstaostergotland\/#\/schema\/logo\/image\/"}}]}},"_links":{"self":[{"href":"https:\/\/nyforetagarcentrum.se\/mellerstaostergotland\/wp-json\/wp\/v2\/pages\/1503"}],"collection":[{"href":"https:\/\/nyforetagarcentrum.se\/mellerstaostergotland\/wp-json\/wp\/v2\/pages"}],"about":[{"href":"https:\/\/nyforetagarcentrum.se\/mellerstaostergotland\/wp-json\/wp\/v2\/types\/page"}],"author":[{"embeddable":true,"href":"https:\/\/nyforetagarcentrum.se\/mellerstaostergotland\/wp-json\/wp\/v2\/users\/1"}],"replies":[{"embeddable":true,"href":"https:\/\/nyforetagarcentrum.se\/mellerstaostergotland\/wp-json\/wp\/v2\/comments?post=1503"}],"version-history":[{"count":24,"href":"https:\/\/nyforetagarcentrum.se\/mellerstaostergotland\/wp-json\/wp\/v2\/pages\/1503\/revisions"}],"predecessor-version":[{"id":5372,"href":"https:\/\/nyforetagarcentrum.se\/mellerstaostergotland\/wp-json\/wp\/v2\/pages\/1503\/revisions\/5372"}],"wp:attachment":[{"href":"https:\/\/nyforetagarcentrum.se\/mellerstaostergotland\/wp-json\/wp\/v2\/media?parent=1503"}],"curies":[{"name":"wp","href":"https:\/\/api.w.org\/{rel}","templated":true}]}}