{"id":48,"date":"2024-02-22T10:29:05","date_gmt":"2024-02-22T09:29:05","guid":{"rendered":"https:\/\/nyforetagarcentrum.se\/mellerstadalarna\/?page_id=48"},"modified":"2025-05-26T10:45:22","modified_gmt":"2025-05-26T08:45:22","slug":"erbjudanden","status":"publish","type":"page","link":"https:\/\/nyforetagarcentrum.se\/mellerstadalarna\/erbjudanden\/","title":{"rendered":"Erbjudanden"},"content":{"rendered":"<section  class=\"nfc-block-hero alignfull\">\n\n    <img loading=\"lazy\" decoding=\"async\" width=\"1512\" height=\"745\" src=\"https:\/\/nyforetagarcentrum.se\/mellerstadalarna\/wp-content\/uploads\/sites\/7\/2024\/02\/Topp-banner-2.png\" class=\"attachment-landscape size-landscape\" alt=\"\" srcset=\"https:\/\/nyforetagarcentrum.se\/mellerstadalarna\/wp-content\/uploads\/sites\/7\/2024\/02\/Topp-banner-2.png 1512w, https:\/\/nyforetagarcentrum.se\/mellerstadalarna\/wp-content\/uploads\/sites\/7\/2024\/02\/Topp-banner-2-300x148.png 300w, https:\/\/nyforetagarcentrum.se\/mellerstadalarna\/wp-content\/uploads\/sites\/7\/2024\/02\/Topp-banner-2-1024x505.png 1024w, https:\/\/nyforetagarcentrum.se\/mellerstadalarna\/wp-content\/uploads\/sites\/7\/2024\/02\/Topp-banner-2-768x378.png 768w\" sizes=\"(max-width: 1512px) 100vw, 1512px\" \/>\n    <div class=\"contained\">\n        <h1 class=\"nfc-block-hero__heading\">V\u00e5ra erbjudanden till dig som \u00e4r f\u00f6retagare<\/h1>\n\n            <\/div>\n<\/section>\n\n\n<div style=\"height:50px\" aria-hidden=\"true\" class=\"wp-block-spacer\"><\/div>\n\n\n\n<h2 class=\"wp-block-heading alignwide has-x-large-font-size\">Ta del av exklusiva erbjudanden<\/h2>\n\n\n\n<div style=\"height:50px\" aria-hidden=\"true\" class=\"wp-block-spacer\"><\/div>\n\n\n<section  class=\"nfc-block-offer_grid alignwide layout-small\">\n    <div class=\"contained\">\n\n        <div class=\"filter-row\">\n            \n                            <button id=\"local-offers-button\">\n                    Lokala partners\n                <\/button>\n                <button id=\"national-offers-button\" class=\"outlined\">\n                    Nationella partners\n                <\/button>\n                    <\/div>\n\n        <div class=\"grid\" id=\"offers-grid\">\n            <div class=\"offer-card\">\n\n    <div class=\"gallery-wrapper\">\n                    <div class=\"selected-media\">\n                                    <img loading=\"lazy\" decoding=\"async\" width=\"1024\" height=\"853\" src=\"https:\/\/nyforetagarcentrum.se\/mellerstadalarna\/wp-content\/uploads\/sites\/7\/2024\/10\/LF-Dalarnas--1024x853.jpg\" class=\"attachment-large size-large\" alt=\"\" srcset=\"https:\/\/nyforetagarcentrum.se\/mellerstadalarna\/wp-content\/uploads\/sites\/7\/2024\/10\/LF-Dalarnas--1024x853.jpg 1024w, https:\/\/nyforetagarcentrum.se\/mellerstadalarna\/wp-content\/uploads\/sites\/7\/2024\/10\/LF-Dalarnas--300x250.jpg 300w, https:\/\/nyforetagarcentrum.se\/mellerstadalarna\/wp-content\/uploads\/sites\/7\/2024\/10\/LF-Dalarnas--768x640.jpg 768w, https:\/\/nyforetagarcentrum.se\/mellerstadalarna\/wp-content\/uploads\/sites\/7\/2024\/10\/LF-Dalarnas-.jpg 1134w\" sizes=\"(max-width: 1024px) 100vw, 1024px\" \/>                            <\/div>\n        \n            <\/div>\n\n\n    <div class=\"content-wrapper\">\n        \n        <h3>LF Dalarnas<\/h3>\n\n        \n        <div class=\"content\">\n            <p><span style=\"font-size: 16px\">LF Dalarnas kan hj\u00e4lpa dig med alla f\u00f6rs\u00e4kringar du beh\u00f6ver f\u00f6r att trygg i ditt f\u00f6retagande. Du m\u00e5ste b\u00e5de f\u00f6rs\u00e4kra ditt f\u00f6retag och sig sj\u00e4lv. Beskriv din aff\u00e4rsid\u00e9 s\u00e5 f\u00e5r du en skr\u00e4ddarsydd l\u00f6sning utifr\u00e5n den typ av f\u00f6retag som du ska bedriva.<\/span><\/p>\n        <\/div>\n\n                    <a href=\"http:\/\/www.dalarnas.se\" class=\"offer-button button outlined\" target=\"_blank\">\n                LF Dalarnas                                    <div class=\"icon icon-external\"><\/div>\n                            <\/a>\n            <\/div>\n<\/div><div class=\"offer-card\">\n\n    <div class=\"gallery-wrapper\">\n                    <div class=\"selected-media\">\n                                    <img loading=\"lazy\" decoding=\"async\" width=\"728\" height=\"404\" src=\"https:\/\/nyforetagarcentrum.se\/mellerstadalarna\/wp-content\/uploads\/sites\/7\/2024\/10\/Skarmavbild-2024-06-24-kl.-11.49.58-1.png\" class=\"attachment-large size-large\" alt=\"\" srcset=\"https:\/\/nyforetagarcentrum.se\/mellerstadalarna\/wp-content\/uploads\/sites\/7\/2024\/10\/Skarmavbild-2024-06-24-kl.-11.49.58-1.png 728w, https:\/\/nyforetagarcentrum.se\/mellerstadalarna\/wp-content\/uploads\/sites\/7\/2024\/10\/Skarmavbild-2024-06-24-kl.-11.49.58-1-300x166.png 300w\" sizes=\"(max-width: 728px) 100vw, 728px\" \/>                            <\/div>\n        \n            <\/div>\n\n\n    <div class=\"content-wrapper\">\n        \n        <h3>Lokalt i<\/h3>\n\n        \n        <div class=\"content\">\n            <p><span style=\"font-size: 16px\">Annonsbladet \u00e4r Dalarnas st\u00f6rsta gratistidning. Genom att annonsera i tidningen kan du n\u00e5 hela 104 000 hush\u00e5ll och med 85 000 l\u00e4sare. Du kan v\u00e4lja att annonser i en eller flera upplagor beroende p\u00e5 vilket omr\u00e5de du vill n\u00e5. Tidningen delas ut varje s\u00f6ndag, \u00e4r mycket popul\u00e4r att l\u00e4sa och blir hos m\u00e5nga liggandes som hela veckans tidning.<\/span><\/p>\n<div class=\"content\">\n<p>Lokalt i har tagit fram ett special erbjudande till dig som varit p\u00e5 r\u00e5dgivning hos Nyf\u00f6retagarCentrum.<\/p>\n<\/div>\n        <\/div>\n\n                    <a href=\"https:\/\/lokalti.se\/nfc\/\" class=\"offer-button button outlined\" target=\"\">\n                Erbjudande fr\u00e5n LokaltI                            <\/a>\n            <\/div>\n<\/div><div class=\"offer-card\">\n\n    <div class=\"gallery-wrapper\">\n                    <div class=\"selected-media\">\n                                    <img loading=\"lazy\" decoding=\"async\" width=\"134\" height=\"72\" src=\"https:\/\/nyforetagarcentrum.se\/mellerstadalarna\/wp-content\/uploads\/sites\/7\/2024\/03\/13_partner.png\" class=\"attachment-large size-large\" alt=\"\" \/>                            <\/div>\n        \n            <\/div>\n\n\n    <div class=\"content-wrapper\">\n        \n        <h3>SEB<\/h3>\n\n        \n        <div class=\"content\">\n            <div class=\"pw-use-green\">\n<h1 id=\"vart-foretagserbjudande\" class=\"h1 pw-hero__heading\">V\u00e5rt f\u00f6retagserbjudande<\/h1>\n<\/div>\n<div>\n<div class=\"pw-hero__body\">\n<ul class=\"pw-usp pw-preamble\">\n<li>Personlig r\u00e5dgivning digitalt, via telefon eller p\u00e5 kontor.<\/li>\n<li>De viktigaste banktj\u00e4nsterna \u2013 helt kostnadsfritt i 6 m\u00e5nader (v\u00e4rde 780 kr).<\/li>\n<li>Halva priset p\u00e5 f\u00f6retagsf\u00f6rs\u00e4kring i\u00a0<span class=\"pw-nowrap\">1 \u00e5r<\/span>\u00a0<span class=\"pw-nowrap\">(v\u00e4rde fr\u00e5n 2 000 kr)<\/span>\u00a0och kostnadsfri sjukf\u00f6rs\u00e4kring i\u00a0<span class=\"pw-nowrap\">2 \u00e5r<\/span>\u00a0<span class=\"pw-nowrap\">(v\u00e4rde 1 400 kr)<\/span>.<\/li>\n<\/ul>\n<\/div>\n<\/div>\n        <\/div>\n\n                    <a href=\"https:\/\/seb.se\/foretag\/erbjudande-och-bli-foretagskund\/vart-erbjudande-till-dig-som-foretagare\" class=\"offer-button button outlined\" target=\"\">\n                Erbjudande fr\u00e5n SEB                            <\/a>\n            <\/div>\n<\/div><div class=\"offer-card\">\n\n    <div class=\"gallery-wrapper\">\n                    <div class=\"selected-media\">\n                                    <img loading=\"lazy\" decoding=\"async\" width=\"683\" height=\"1024\" src=\"https:\/\/nyforetagarcentrum.se\/mellerstadalarna\/wp-content\/uploads\/sites\/7\/2024\/02\/074fbd4f185748329fcc0d3630a184b2-720x1080-1-683x1024.png\" class=\"attachment-large size-large\" alt=\"\" srcset=\"https:\/\/nyforetagarcentrum.se\/mellerstadalarna\/wp-content\/uploads\/sites\/7\/2024\/02\/074fbd4f185748329fcc0d3630a184b2-720x1080-1-683x1024.png 683w, https:\/\/nyforetagarcentrum.se\/mellerstadalarna\/wp-content\/uploads\/sites\/7\/2024\/02\/074fbd4f185748329fcc0d3630a184b2-720x1080-1-200x300.png 200w, https:\/\/nyforetagarcentrum.se\/mellerstadalarna\/wp-content\/uploads\/sites\/7\/2024\/02\/074fbd4f185748329fcc0d3630a184b2-720x1080-1.png 720w\" sizes=\"(max-width: 683px) 100vw, 683px\" \/>                            <\/div>\n        \n            <\/div>\n\n\n    <div class=\"content-wrapper\">\n        \n        <h3>Lokala erbjudanden<\/h3>\n\n        \n        <div class=\"content\">\n            <p>H\u00e4r fyller vi kontinuerligt p\u00e5 med nya lokala erbjudanden.<\/p>\n        <\/div>\n\n            <\/div>\n<\/div>        <\/div>\n    <\/div>\n<\/section>\n\n\n<div style=\"height:50px\" aria-hidden=\"true\" class=\"wp-block-spacer\"><\/div>\n\n\n<section  class=\"nfc-block-breadcrumbs alignwide\">\n    <div class=\"wrapper contained\">\n        <ol class=\"breadcrumbs\" itemscope itemtype=\"https:\/\/schema.org\/BreadcrumbList\">\n            <li itemprop=\"itemListElement\" itemscope itemtype=\"https:\/\/schema.org\/ListItem\">\n            \n\n                            <span class=\"current\" itemprop=\"name\">Hem<\/span>\n            \n            <meta itemprop=\"position\" content=\"1\" \/>\n        <\/li>\n    <\/ol>    <\/div>\n<\/section>\n\n\n<div class=\"wp-block-columns is-layout-flex wp-container-core-columns-is-layout-1 wp-block-columns-is-layout-flex\">\n<div class=\"wp-block-column is-layout-flow wp-block-column-is-layout-flow\"><\/div>\n<\/div>\n\n\n\n<div class=\"wp-block-buttons is-content-justification-right is-layout-flex wp-container-core-buttons-is-layout-1 wp-block-buttons-is-layout-flex\"><\/div>\n","protected":false},"excerpt":{"rendered":"<p>Ta del av exklusiva erbjudanden<\/p>\n","protected":false},"author":1,"featured_media":196,"parent":0,"menu_order":0,"comment_status":"closed","ping_status":"closed","template":"","meta":{"footnotes":""},"acf":[],"yoast_head":"<!-- This site is optimized with the Yoast SEO plugin v22.9 - https:\/\/yoast.com\/wordpress\/plugins\/seo\/ -->\n<title>Erbjudande till f\u00f6retagare | NFC Mellersta Dalarna<\/title>\n<meta name=\"description\" content=\"Erbjudanden och f\u00f6rm\u00e5ner f\u00f6r nya f\u00f6retagare i Mellersta Dalarna hos NFC. F\u00e5 resurser och verktyg som hj\u00e4lper dig att kickstarta ditt f\u00f6retag!\" \/>\n<meta name=\"robots\" content=\"index, follow, max-snippet:-1, max-image-preview:large, max-video-preview:-1\" \/>\n<link rel=\"canonical\" href=\"https:\/\/nyforetagarcentrum.se\/mellerstadalarna\/erbjudanden\/\" \/>\n<meta property=\"og:locale\" content=\"sv_SE\" \/>\n<meta property=\"og:type\" content=\"article\" \/>\n<meta property=\"og:title\" content=\"Erbjudande till f\u00f6retagare | NFC Mellersta Dalarna\" \/>\n<meta property=\"og:description\" content=\"Erbjudanden och f\u00f6rm\u00e5ner f\u00f6r nya f\u00f6retagare i Mellersta Dalarna hos NFC. F\u00e5 resurser och verktyg som hj\u00e4lper dig att kickstarta ditt f\u00f6retag!\" \/>\n<meta property=\"og:url\" content=\"https:\/\/nyforetagarcentrum.se\/mellerstadalarna\/erbjudanden\/\" \/>\n<meta property=\"og:site_name\" content=\"Mellersta Dalarna\" \/>\n<meta property=\"article:modified_time\" content=\"2025-05-26T08:45:22+00:00\" \/>\n<meta property=\"og:image\" content=\"https:\/\/nyforetagarcentrum.se\/mellerstadalarna\/wp-content\/uploads\/sites\/7\/2024\/02\/Nyforetagare-kultur-LOW.jpg\" \/>\n\t<meta property=\"og:image:width\" content=\"1476\" \/>\n\t<meta property=\"og:image:height\" content=\"984\" \/>\n\t<meta property=\"og:image:type\" content=\"image\/jpeg\" \/>\n<meta name=\"twitter:card\" content=\"summary_large_image\" \/>\n<meta name=\"twitter:label1\" content=\"Ber\u00e4knad l\u00e4stid\" \/>\n\t<meta name=\"twitter:data1\" content=\"1 minut\" \/>\n<script type=\"application\/ld+json\" class=\"yoast-schema-graph\">{\"@context\":\"https:\/\/schema.org\",\"@graph\":[{\"@type\":\"WebPage\",\"@id\":\"https:\/\/nyforetagarcentrum.se\/mellerstadalarna\/erbjudanden\/\",\"url\":\"https:\/\/nyforetagarcentrum.se\/mellerstadalarna\/erbjudanden\/\",\"name\":\"Erbjudande till f\u00f6retagare | NFC Mellersta Dalarna\",\"isPartOf\":{\"@id\":\"https:\/\/nyforetagarcentrum.se\/mellerstadalarna\/#website\"},\"primaryImageOfPage\":{\"@id\":\"https:\/\/nyforetagarcentrum.se\/mellerstadalarna\/erbjudanden\/#primaryimage\"},\"image\":{\"@id\":\"https:\/\/nyforetagarcentrum.se\/mellerstadalarna\/erbjudanden\/#primaryimage\"},\"thumbnailUrl\":\"https:\/\/nyforetagarcentrum.se\/mellerstadalarna\/wp-content\/uploads\/sites\/7\/2024\/02\/Nyforetagare-kultur-LOW.jpg\",\"datePublished\":\"2024-02-22T09:29:05+00:00\",\"dateModified\":\"2025-05-26T08:45:22+00:00\",\"description\":\"Erbjudanden och f\u00f6rm\u00e5ner f\u00f6r nya f\u00f6retagare i Mellersta Dalarna hos NFC. F\u00e5 resurser och verktyg som hj\u00e4lper dig att kickstarta ditt f\u00f6retag!\",\"breadcrumb\":{\"@id\":\"https:\/\/nyforetagarcentrum.se\/mellerstadalarna\/erbjudanden\/#breadcrumb\"},\"inLanguage\":\"sv-SE\",\"potentialAction\":[{\"@type\":\"ReadAction\",\"target\":[\"https:\/\/nyforetagarcentrum.se\/mellerstadalarna\/erbjudanden\/\"]}]},{\"@type\":\"ImageObject\",\"inLanguage\":\"sv-SE\",\"@id\":\"https:\/\/nyforetagarcentrum.se\/mellerstadalarna\/erbjudanden\/#primaryimage\",\"url\":\"https:\/\/nyforetagarcentrum.se\/mellerstadalarna\/wp-content\/uploads\/sites\/7\/2024\/02\/Nyforetagare-kultur-LOW.jpg\",\"contentUrl\":\"https:\/\/nyforetagarcentrum.se\/mellerstadalarna\/wp-content\/uploads\/sites\/7\/2024\/02\/Nyforetagare-kultur-LOW.jpg\",\"width\":1476,\"height\":984},{\"@type\":\"BreadcrumbList\",\"@id\":\"https:\/\/nyforetagarcentrum.se\/mellerstadalarna\/erbjudanden\/#breadcrumb\",\"itemListElement\":[{\"@type\":\"ListItem\",\"position\":1,\"name\":\"Hem\",\"item\":\"https:\/\/nyforetagarcentrum.se\/mellerstadalarna\/\"},{\"@type\":\"ListItem\",\"position\":2,\"name\":\"Erbjudanden\"}]},{\"@type\":\"WebSite\",\"@id\":\"https:\/\/nyforetagarcentrum.se\/mellerstadalarna\/#website\",\"url\":\"https:\/\/nyforetagarcentrum.se\/mellerstadalarna\/\",\"name\":\"Mellersta Dalarna\",\"description\":\"Sveriges ledande kraft f\u00f6r fler nya livskraftiga f\u00f6retag\",\"publisher\":{\"@id\":\"https:\/\/nyforetagarcentrum.se\/mellerstadalarna\/#organization\"},\"potentialAction\":[{\"@type\":\"SearchAction\",\"target\":{\"@type\":\"EntryPoint\",\"urlTemplate\":\"https:\/\/nyforetagarcentrum.se\/mellerstadalarna\/?s={search_term_string}\"},\"query-input\":\"required name=search_term_string\"}],\"inLanguage\":\"sv-SE\"},{\"@type\":\"Organization\",\"@id\":\"https:\/\/nyforetagarcentrum.se\/mellerstadalarna\/#organization\",\"name\":\"Mellersta Dalarna\",\"url\":\"https:\/\/nyforetagarcentrum.se\/mellerstadalarna\/\",\"logo\":{\"@type\":\"ImageObject\",\"inLanguage\":\"sv-SE\",\"@id\":\"https:\/\/nyforetagarcentrum.se\/mellerstadalarna\/#\/schema\/logo\/image\/\",\"url\":\"https:\/\/nyforetagarcentrum.se\/mellerstadalarna\/wp-content\/uploads\/sites\/7\/2026\/04\/mellerstadalarna_bla.png\",\"contentUrl\":\"https:\/\/nyforetagarcentrum.se\/mellerstadalarna\/wp-content\/uploads\/sites\/7\/2026\/04\/mellerstadalarna_bla.png\",\"width\":870,\"height\":355,\"caption\":\"Mellersta Dalarna\"},\"image\":{\"@id\":\"https:\/\/nyforetagarcentrum.se\/mellerstadalarna\/#\/schema\/logo\/image\/\"}}]}<\/script>\n<!-- \/ Yoast SEO plugin. -->","yoast_head_json":{"title":"Erbjudande till f\u00f6retagare | NFC Mellersta Dalarna","description":"Erbjudanden och f\u00f6rm\u00e5ner f\u00f6r nya f\u00f6retagare i Mellersta Dalarna hos NFC. F\u00e5 resurser och verktyg som hj\u00e4lper dig att kickstarta ditt f\u00f6retag!","robots":{"index":"index","follow":"follow","max-snippet":"max-snippet:-1","max-image-preview":"max-image-preview:large","max-video-preview":"max-video-preview:-1"},"canonical":"https:\/\/nyforetagarcentrum.se\/mellerstadalarna\/erbjudanden\/","og_locale":"sv_SE","og_type":"article","og_title":"Erbjudande till f\u00f6retagare | NFC Mellersta Dalarna","og_description":"Erbjudanden och f\u00f6rm\u00e5ner f\u00f6r nya f\u00f6retagare i Mellersta Dalarna hos NFC. F\u00e5 resurser och verktyg som hj\u00e4lper dig att kickstarta ditt f\u00f6retag!","og_url":"https:\/\/nyforetagarcentrum.se\/mellerstadalarna\/erbjudanden\/","og_site_name":"Mellersta Dalarna","article_modified_time":"2025-05-26T08:45:22+00:00","og_image":[{"width":1476,"height":984,"url":"https:\/\/nyforetagarcentrum.se\/mellerstadalarna\/wp-content\/uploads\/sites\/7\/2024\/02\/Nyforetagare-kultur-LOW.jpg","type":"image\/jpeg"}],"twitter_card":"summary_large_image","twitter_misc":{"Ber\u00e4knad l\u00e4stid":"1 minut"},"schema":{"@context":"https:\/\/schema.org","@graph":[{"@type":"WebPage","@id":"https:\/\/nyforetagarcentrum.se\/mellerstadalarna\/erbjudanden\/","url":"https:\/\/nyforetagarcentrum.se\/mellerstadalarna\/erbjudanden\/","name":"Erbjudande till f\u00f6retagare | NFC Mellersta Dalarna","isPartOf":{"@id":"https:\/\/nyforetagarcentrum.se\/mellerstadalarna\/#website"},"primaryImageOfPage":{"@id":"https:\/\/nyforetagarcentrum.se\/mellerstadalarna\/erbjudanden\/#primaryimage"},"image":{"@id":"https:\/\/nyforetagarcentrum.se\/mellerstadalarna\/erbjudanden\/#primaryimage"},"thumbnailUrl":"https:\/\/nyforetagarcentrum.se\/mellerstadalarna\/wp-content\/uploads\/sites\/7\/2024\/02\/Nyforetagare-kultur-LOW.jpg","datePublished":"2024-02-22T09:29:05+00:00","dateModified":"2025-05-26T08:45:22+00:00","description":"Erbjudanden och f\u00f6rm\u00e5ner f\u00f6r nya f\u00f6retagare i Mellersta Dalarna hos NFC. F\u00e5 resurser och verktyg som hj\u00e4lper dig att kickstarta ditt f\u00f6retag!","breadcrumb":{"@id":"https:\/\/nyforetagarcentrum.se\/mellerstadalarna\/erbjudanden\/#breadcrumb"},"inLanguage":"sv-SE","potentialAction":[{"@type":"ReadAction","target":["https:\/\/nyforetagarcentrum.se\/mellerstadalarna\/erbjudanden\/"]}]},{"@type":"ImageObject","inLanguage":"sv-SE","@id":"https:\/\/nyforetagarcentrum.se\/mellerstadalarna\/erbjudanden\/#primaryimage","url":"https:\/\/nyforetagarcentrum.se\/mellerstadalarna\/wp-content\/uploads\/sites\/7\/2024\/02\/Nyforetagare-kultur-LOW.jpg","contentUrl":"https:\/\/nyforetagarcentrum.se\/mellerstadalarna\/wp-content\/uploads\/sites\/7\/2024\/02\/Nyforetagare-kultur-LOW.jpg","width":1476,"height":984},{"@type":"BreadcrumbList","@id":"https:\/\/nyforetagarcentrum.se\/mellerstadalarna\/erbjudanden\/#breadcrumb","itemListElement":[{"@type":"ListItem","position":1,"name":"Hem","item":"https:\/\/nyforetagarcentrum.se\/mellerstadalarna\/"},{"@type":"ListItem","position":2,"name":"Erbjudanden"}]},{"@type":"WebSite","@id":"https:\/\/nyforetagarcentrum.se\/mellerstadalarna\/#website","url":"https:\/\/nyforetagarcentrum.se\/mellerstadalarna\/","name":"Mellersta Dalarna","description":"Sveriges ledande kraft f\u00f6r fler nya livskraftiga f\u00f6retag","publisher":{"@id":"https:\/\/nyforetagarcentrum.se\/mellerstadalarna\/#organization"},"potentialAction":[{"@type":"SearchAction","target":{"@type":"EntryPoint","urlTemplate":"https:\/\/nyforetagarcentrum.se\/mellerstadalarna\/?s={search_term_string}"},"query-input":"required name=search_term_string"}],"inLanguage":"sv-SE"},{"@type":"Organization","@id":"https:\/\/nyforetagarcentrum.se\/mellerstadalarna\/#organization","name":"Mellersta Dalarna","url":"https:\/\/nyforetagarcentrum.se\/mellerstadalarna\/","logo":{"@type":"ImageObject","inLanguage":"sv-SE","@id":"https:\/\/nyforetagarcentrum.se\/mellerstadalarna\/#\/schema\/logo\/image\/","url":"https:\/\/nyforetagarcentrum.se\/mellerstadalarna\/wp-content\/uploads\/sites\/7\/2026\/04\/mellerstadalarna_bla.png","contentUrl":"https:\/\/nyforetagarcentrum.se\/mellerstadalarna\/wp-content\/uploads\/sites\/7\/2026\/04\/mellerstadalarna_bla.png","width":870,"height":355,"caption":"Mellersta Dalarna"},"image":{"@id":"https:\/\/nyforetagarcentrum.se\/mellerstadalarna\/#\/schema\/logo\/image\/"}}]}},"_links":{"self":[{"href":"https:\/\/nyforetagarcentrum.se\/mellerstadalarna\/wp-json\/wp\/v2\/pages\/48"}],"collection":[{"href":"https:\/\/nyforetagarcentrum.se\/mellerstadalarna\/wp-json\/wp\/v2\/pages"}],"about":[{"href":"https:\/\/nyforetagarcentrum.se\/mellerstadalarna\/wp-json\/wp\/v2\/types\/page"}],"author":[{"embeddable":true,"href":"https:\/\/nyforetagarcentrum.se\/mellerstadalarna\/wp-json\/wp\/v2\/users\/1"}],"replies":[{"embeddable":true,"href":"https:\/\/nyforetagarcentrum.se\/mellerstadalarna\/wp-json\/wp\/v2\/comments?post=48"}],"version-history":[{"count":21,"href":"https:\/\/nyforetagarcentrum.se\/mellerstadalarna\/wp-json\/wp\/v2\/pages\/48\/revisions"}],"predecessor-version":[{"id":966,"href":"https:\/\/nyforetagarcentrum.se\/mellerstadalarna\/wp-json\/wp\/v2\/pages\/48\/revisions\/966"}],"wp:featuredmedia":[{"embeddable":true,"href":"https:\/\/nyforetagarcentrum.se\/mellerstadalarna\/wp-json\/wp\/v2\/media\/196"}],"wp:attachment":[{"href":"https:\/\/nyforetagarcentrum.se\/mellerstadalarna\/wp-json\/wp\/v2\/media?parent=48"}],"curies":[{"name":"wp","href":"https:\/\/api.w.org\/{rel}","templated":true}]}}