{"id":164,"date":"2024-02-27T16:05:17","date_gmt":"2024-02-27T15:05:17","guid":{"rendered":"https:\/\/nyforetagarcentrum.se\/mellerstadalarna\/?page_id=164"},"modified":"2024-09-24T11:01:06","modified_gmt":"2024-09-24T09:01:06","slug":"var-styrelse","status":"publish","type":"page","link":"https:\/\/nyforetagarcentrum.se\/mellerstadalarna\/var-styrelse\/","title":{"rendered":"V\u00e5r styrelse"},"content":{"rendered":"<section  class=\"nfc-block-hero alignfull\">\n\n    <img loading=\"lazy\" decoding=\"async\" width=\"1476\" height=\"984\" src=\"https:\/\/nyforetagarcentrum.se\/mellerstadalarna\/wp-content\/uploads\/sites\/7\/2024\/02\/Nyforetagare-kultur-LOW.jpg\" class=\"attachment-landscape size-landscape\" alt=\"\" srcset=\"https:\/\/nyforetagarcentrum.se\/mellerstadalarna\/wp-content\/uploads\/sites\/7\/2024\/02\/Nyforetagare-kultur-LOW.jpg 1476w, https:\/\/nyforetagarcentrum.se\/mellerstadalarna\/wp-content\/uploads\/sites\/7\/2024\/02\/Nyforetagare-kultur-LOW-300x200.jpg 300w, https:\/\/nyforetagarcentrum.se\/mellerstadalarna\/wp-content\/uploads\/sites\/7\/2024\/02\/Nyforetagare-kultur-LOW-1024x683.jpg 1024w, https:\/\/nyforetagarcentrum.se\/mellerstadalarna\/wp-content\/uploads\/sites\/7\/2024\/02\/Nyforetagare-kultur-LOW-768x512.jpg 768w\" sizes=\"(max-width: 1476px) 100vw, 1476px\" \/>\n    <div class=\"contained\">\n        <h1 class=\"nfc-block-hero__heading\">V\u00e5r styrelse<\/h1>\n\n            <\/div>\n<\/section>\n\n\n<div style=\"height:50px\" aria-hidden=\"true\" class=\"wp-block-spacer\"><\/div>\n\n\n<section  class=\"nfc-block-breadcrumbs alignwide\">\n    <div class=\"wrapper contained\">\n        <ol class=\"breadcrumbs\" itemscope itemtype=\"https:\/\/schema.org\/BreadcrumbList\">\n            <li itemprop=\"itemListElement\" itemscope itemtype=\"https:\/\/schema.org\/ListItem\">\n            \n\n                            <span class=\"current\" itemprop=\"name\">Hem<\/span>\n            \n            <meta itemprop=\"position\" content=\"1\" \/>\n        <\/li>\n    <\/ol>    <\/div>\n<\/section>\n\n<section  class=\"nfc-block-person_grid alignwide layout-small\">\n    <div class=\"contained\">\n        <div class=\"grid\">\n            <div class=\"person-card\">\n    \n    \n    <div class=\"content-wrapper\">\n        <div class=\"top\">\n                    <\/div>\n        \n        <h3>Bengt-Ove Dahlqvist<\/h3>\n\n        <div class=\"excerpt\">\n            Ledamot &amp; mentor<br \/>\r\n<br \/>\r\nDomnarvsg\u00e5rden         <\/div>\n\n        <div class=\"links\">\n            \n                    <\/div>\n        \n    <\/div>\n<\/div><div class=\"person-card\">\n    \n    \n    <div class=\"content-wrapper\">\n        <div class=\"top\">\n                    <\/div>\n        \n        <h3>Tomas Kristoffersson<\/h3>\n\n        <div class=\"excerpt\">\n            Ordf\u00f6rande        <\/div>\n\n        <div class=\"links\">\n                            <a href=\"tel:0243-24 80 52\">\n                    Telefon: 0243-24 80 52                <\/a>\n            \n                            <a href=\"mailto:tomas.kristoffersson@fbregionen.se\">\n                    MAIL: tomas.kristoffersson@fbregionen.se                <\/a>\n                    <\/div>\n        \n    <\/div>\n<\/div><div class=\"person-card\">\n    \n    \n    <div class=\"content-wrapper\">\n        <div class=\"top\">\n                    <\/div>\n        \n        <h3>Evylina Hanser<\/h3>\n\n        <div class=\"excerpt\">\n            Ledamot &amp; mentor<br \/>\r\n<br \/>\r\nS\u00e4ters kommun        <\/div>\n\n        <div class=\"links\">\n            \n                    <\/div>\n        \n    <\/div>\n<\/div><div class=\"person-card\">\n    \n    \n    <div class=\"content-wrapper\">\n        <div class=\"top\">\n                    <\/div>\n        \n        <h3>Tobias M\u00e5rtensson<\/h3>\n\n        <div class=\"excerpt\">\n            Ledamot<br \/>\r\n<br \/>\r\nLeksands kommun        <\/div>\n\n        <div class=\"links\">\n            \n                    <\/div>\n        \n    <\/div>\n<\/div><div class=\"person-card\">\n    \n    \n    <div class=\"content-wrapper\">\n        <div class=\"top\">\n                    <\/div>\n        \n        <h3>Andreas Nordkvist<\/h3>\n\n        <div class=\"excerpt\">\n            Ledamot<br \/>\r\n<br \/>\r\nGagnef kommun        <\/div>\n\n        <div class=\"links\">\n            \n                    <\/div>\n        \n    <\/div>\n<\/div><div class=\"person-card\">\n    \n    \n    <div class=\"content-wrapper\">\n        <div class=\"top\">\n                    <\/div>\n        \n        <h3>Sofi Olsson<\/h3>\n\n        <div class=\"excerpt\">\n            Ledamot<br \/>\r\n<br \/>\r\nBorl\u00e4nge kommun        <\/div>\n\n        <div class=\"links\">\n            \n                    <\/div>\n        \n    <\/div>\n<\/div><div class=\"person-card\">\n    \n    \n    <div class=\"content-wrapper\">\n        <div class=\"top\">\n                    <\/div>\n        \n        <h3>H\u00e5kan L\u00f6fn\u00e4s<\/h3>\n\n        <div class=\"excerpt\">\n            Ledamot<br \/>\r\n<br \/>\r\nLeksands Sparbank        <\/div>\n\n        <div class=\"links\">\n            \n                    <\/div>\n        \n    <\/div>\n<\/div><div class=\"person-card\">\n    \n    \n    <div class=\"content-wrapper\">\n        <div class=\"top\">\n                    <\/div>\n        \n        <h3>Dick Gottberg<\/h3>\n\n        <div class=\"excerpt\">\n            Ledamot<br \/>\r\n<br \/>\r\nVeteranpoolen Dalarna\/F\u00f6retagarna Borl\u00e4nge        <\/div>\n\n        <div class=\"links\">\n            \n                    <\/div>\n        \n    <\/div>\n<\/div><div class=\"person-card\">\n    \n    \n    <div class=\"content-wrapper\">\n        <div class=\"top\">\n                    <\/div>\n        \n        <h3>Victor Nordqvist<\/h3>\n\n        <div class=\"excerpt\">\n            Ledamot<br \/>\r\n<br \/>\r\nSwedbank        <\/div>\n\n        <div class=\"links\">\n            \n                    <\/div>\n        \n    <\/div>\n<\/div><div class=\"person-card\">\n    \n    \n    <div class=\"content-wrapper\">\n        <div class=\"top\">\n                    <\/div>\n        \n        <h3>Jonas Eriksson<\/h3>\n\n        <div class=\"excerpt\">\n            Ledamot<br \/>\r\n<br \/>\r\nSEB        <\/div>\n\n        <div class=\"links\">\n            \n                    <\/div>\n        \n    <\/div>\n<\/div><div class=\"person-card\">\n    \n    \n    <div class=\"content-wrapper\">\n        <div class=\"top\">\n                    <\/div>\n        \n        <h3>Felicia Dakkour<\/h3>\n\n        <div class=\"excerpt\">\n            Ledamot<br \/>\r\n<br \/>\r\nDalarna Science Park        <\/div>\n\n        <div class=\"links\">\n            \n                    <\/div>\n        \n    <\/div>\n<\/div><div class=\"person-card\">\n    \n    \n    <div class=\"content-wrapper\">\n        <div class=\"top\">\n                    <\/div>\n        \n        <h3>Farhad Nekoee<\/h3>\n\n        <div class=\"excerpt\">\n            Ledamot <br \/>\r\n<br \/>\r\nIUC Dalarna        <\/div>\n\n        <div class=\"links\">\n            \n                    <\/div>\n        \n    <\/div>\n<\/div><div class=\"person-card\">\n    \n    \n    <div class=\"content-wrapper\">\n        <div class=\"top\">\n                    <\/div>\n        \n        <h3>Jan Forsstedt<\/h3>\n\n        <div class=\"excerpt\">\n            Ledamot &amp; mentor<br \/>\r\n<br \/>\r\nTango Meetings<br \/>\r\n<br \/>\r\n        <\/div>\n\n        <div class=\"links\">\n            \n                    <\/div>\n        \n    <\/div>\n<\/div>        <\/div>\n    <\/div>\n<\/section>\n\n\n<div style=\"height:100px\" aria-hidden=\"true\" class=\"wp-block-spacer\"><\/div>\n","protected":false},"excerpt":{"rendered":"","protected":false},"author":1,"featured_media":202,"parent":0,"menu_order":0,"comment_status":"closed","ping_status":"closed","template":"","meta":{"footnotes":""},"acf":[],"yoast_head":"<!-- This site is optimized with the Yoast SEO plugin v22.9 - https:\/\/yoast.com\/wordpress\/plugins\/seo\/ -->\n<title>V\u00e5r styrelse | NFC Mellersta Dalarna<\/title>\n<meta name=\"description\" content=\"L\u00e4r k\u00e4nna medlemmarna i v\u00e5r styrelse i Mellanstadalarna hos NFC. Se hur deras erfarenhet och engagemang st\u00f6djer lokala f\u00f6retagare och entrepren\u00f6rskap.\" \/>\n<meta name=\"robots\" content=\"index, follow, max-snippet:-1, max-image-preview:large, max-video-preview:-1\" \/>\n<link rel=\"canonical\" href=\"https:\/\/nyforetagarcentrum.se\/mellerstadalarna\/var-styrelse\/\" \/>\n<meta property=\"og:locale\" content=\"sv_SE\" \/>\n<meta property=\"og:type\" content=\"article\" \/>\n<meta property=\"og:title\" content=\"V\u00e5r styrelse | NFC Mellersta Dalarna\" \/>\n<meta property=\"og:description\" content=\"L\u00e4r k\u00e4nna medlemmarna i v\u00e5r styrelse i Mellanstadalarna hos NFC. Se hur deras erfarenhet och engagemang st\u00f6djer lokala f\u00f6retagare och entrepren\u00f6rskap.\" \/>\n<meta property=\"og:url\" content=\"https:\/\/nyforetagarcentrum.se\/mellerstadalarna\/var-styrelse\/\" \/>\n<meta property=\"og:site_name\" content=\"Mellersta Dalarna\" \/>\n<meta property=\"article:modified_time\" content=\"2024-09-24T09:01:06+00:00\" \/>\n<meta property=\"og:image\" content=\"https:\/\/nyforetagarcentrum.se\/mellerstadalarna\/wp-content\/uploads\/sites\/7\/2024\/02\/Nyforetagare-UF-LOW.jpg\" \/>\n\t<meta property=\"og:image:width\" content=\"1476\" \/>\n\t<meta property=\"og:image:height\" content=\"984\" \/>\n\t<meta property=\"og:image:type\" content=\"image\/jpeg\" \/>\n<meta name=\"twitter:card\" content=\"summary_large_image\" \/>\n<meta name=\"twitter:label1\" content=\"Ber\u00e4knad l\u00e4stid\" \/>\n\t<meta name=\"twitter:data1\" content=\"1 minut\" \/>\n<script type=\"application\/ld+json\" class=\"yoast-schema-graph\">{\"@context\":\"https:\/\/schema.org\",\"@graph\":[{\"@type\":\"WebPage\",\"@id\":\"https:\/\/nyforetagarcentrum.se\/mellerstadalarna\/var-styrelse\/\",\"url\":\"https:\/\/nyforetagarcentrum.se\/mellerstadalarna\/var-styrelse\/\",\"name\":\"V\u00e5r styrelse | NFC Mellersta Dalarna\",\"isPartOf\":{\"@id\":\"https:\/\/nyforetagarcentrum.se\/mellerstadalarna\/#website\"},\"primaryImageOfPage\":{\"@id\":\"https:\/\/nyforetagarcentrum.se\/mellerstadalarna\/var-styrelse\/#primaryimage\"},\"image\":{\"@id\":\"https:\/\/nyforetagarcentrum.se\/mellerstadalarna\/var-styrelse\/#primaryimage\"},\"thumbnailUrl\":\"https:\/\/nyforetagarcentrum.se\/mellerstadalarna\/wp-content\/uploads\/sites\/7\/2024\/02\/Nyforetagare-UF-LOW.jpg\",\"datePublished\":\"2024-02-27T15:05:17+00:00\",\"dateModified\":\"2024-09-24T09:01:06+00:00\",\"description\":\"L\u00e4r k\u00e4nna medlemmarna i v\u00e5r styrelse i Mellanstadalarna hos NFC. Se hur deras erfarenhet och engagemang st\u00f6djer lokala f\u00f6retagare och entrepren\u00f6rskap.\",\"breadcrumb\":{\"@id\":\"https:\/\/nyforetagarcentrum.se\/mellerstadalarna\/var-styrelse\/#breadcrumb\"},\"inLanguage\":\"sv-SE\",\"potentialAction\":[{\"@type\":\"ReadAction\",\"target\":[\"https:\/\/nyforetagarcentrum.se\/mellerstadalarna\/var-styrelse\/\"]}]},{\"@type\":\"ImageObject\",\"inLanguage\":\"sv-SE\",\"@id\":\"https:\/\/nyforetagarcentrum.se\/mellerstadalarna\/var-styrelse\/#primaryimage\",\"url\":\"https:\/\/nyforetagarcentrum.se\/mellerstadalarna\/wp-content\/uploads\/sites\/7\/2024\/02\/Nyforetagare-UF-LOW.jpg\",\"contentUrl\":\"https:\/\/nyforetagarcentrum.se\/mellerstadalarna\/wp-content\/uploads\/sites\/7\/2024\/02\/Nyforetagare-UF-LOW.jpg\",\"width\":1476,\"height\":984},{\"@type\":\"BreadcrumbList\",\"@id\":\"https:\/\/nyforetagarcentrum.se\/mellerstadalarna\/var-styrelse\/#breadcrumb\",\"itemListElement\":[{\"@type\":\"ListItem\",\"position\":1,\"name\":\"Hem\",\"item\":\"https:\/\/nyforetagarcentrum.se\/mellerstadalarna\/\"},{\"@type\":\"ListItem\",\"position\":2,\"name\":\"V\u00e5r styrelse\"}]},{\"@type\":\"WebSite\",\"@id\":\"https:\/\/nyforetagarcentrum.se\/mellerstadalarna\/#website\",\"url\":\"https:\/\/nyforetagarcentrum.se\/mellerstadalarna\/\",\"name\":\"Mellersta Dalarna\",\"description\":\"Sveriges ledande kraft f\u00f6r fler nya livskraftiga f\u00f6retag\",\"publisher\":{\"@id\":\"https:\/\/nyforetagarcentrum.se\/mellerstadalarna\/#organization\"},\"potentialAction\":[{\"@type\":\"SearchAction\",\"target\":{\"@type\":\"EntryPoint\",\"urlTemplate\":\"https:\/\/nyforetagarcentrum.se\/mellerstadalarna\/?s={search_term_string}\"},\"query-input\":\"required name=search_term_string\"}],\"inLanguage\":\"sv-SE\"},{\"@type\":\"Organization\",\"@id\":\"https:\/\/nyforetagarcentrum.se\/mellerstadalarna\/#organization\",\"name\":\"Mellersta Dalarna\",\"url\":\"https:\/\/nyforetagarcentrum.se\/mellerstadalarna\/\",\"logo\":{\"@type\":\"ImageObject\",\"inLanguage\":\"sv-SE\",\"@id\":\"https:\/\/nyforetagarcentrum.se\/mellerstadalarna\/#\/schema\/logo\/image\/\",\"url\":\"https:\/\/nyforetagarcentrum.se\/mellerstadalarna\/wp-content\/uploads\/sites\/7\/2024\/03\/cropped-NyFC_mellersta_dalarna_hemsida-removebg-preview.png\",\"contentUrl\":\"https:\/\/nyforetagarcentrum.se\/mellerstadalarna\/wp-content\/uploads\/sites\/7\/2024\/03\/cropped-NyFC_mellersta_dalarna_hemsida-removebg-preview.png\",\"width\":208,\"height\":96,\"caption\":\"Mellersta Dalarna\"},\"image\":{\"@id\":\"https:\/\/nyforetagarcentrum.se\/mellerstadalarna\/#\/schema\/logo\/image\/\"}}]}<\/script>\n<!-- \/ Yoast SEO plugin. -->","yoast_head_json":{"title":"V\u00e5r styrelse | NFC Mellersta Dalarna","description":"L\u00e4r k\u00e4nna medlemmarna i v\u00e5r styrelse i Mellanstadalarna hos NFC. Se hur deras erfarenhet och engagemang st\u00f6djer lokala f\u00f6retagare och entrepren\u00f6rskap.","robots":{"index":"index","follow":"follow","max-snippet":"max-snippet:-1","max-image-preview":"max-image-preview:large","max-video-preview":"max-video-preview:-1"},"canonical":"https:\/\/nyforetagarcentrum.se\/mellerstadalarna\/var-styrelse\/","og_locale":"sv_SE","og_type":"article","og_title":"V\u00e5r styrelse | NFC Mellersta Dalarna","og_description":"L\u00e4r k\u00e4nna medlemmarna i v\u00e5r styrelse i Mellanstadalarna hos NFC. Se hur deras erfarenhet och engagemang st\u00f6djer lokala f\u00f6retagare och entrepren\u00f6rskap.","og_url":"https:\/\/nyforetagarcentrum.se\/mellerstadalarna\/var-styrelse\/","og_site_name":"Mellersta Dalarna","article_modified_time":"2024-09-24T09:01:06+00:00","og_image":[{"width":1476,"height":984,"url":"https:\/\/nyforetagarcentrum.se\/mellerstadalarna\/wp-content\/uploads\/sites\/7\/2024\/02\/Nyforetagare-UF-LOW.jpg","type":"image\/jpeg"}],"twitter_card":"summary_large_image","twitter_misc":{"Ber\u00e4knad l\u00e4stid":"1 minut"},"schema":{"@context":"https:\/\/schema.org","@graph":[{"@type":"WebPage","@id":"https:\/\/nyforetagarcentrum.se\/mellerstadalarna\/var-styrelse\/","url":"https:\/\/nyforetagarcentrum.se\/mellerstadalarna\/var-styrelse\/","name":"V\u00e5r styrelse | NFC Mellersta Dalarna","isPartOf":{"@id":"https:\/\/nyforetagarcentrum.se\/mellerstadalarna\/#website"},"primaryImageOfPage":{"@id":"https:\/\/nyforetagarcentrum.se\/mellerstadalarna\/var-styrelse\/#primaryimage"},"image":{"@id":"https:\/\/nyforetagarcentrum.se\/mellerstadalarna\/var-styrelse\/#primaryimage"},"thumbnailUrl":"https:\/\/nyforetagarcentrum.se\/mellerstadalarna\/wp-content\/uploads\/sites\/7\/2024\/02\/Nyforetagare-UF-LOW.jpg","datePublished":"2024-02-27T15:05:17+00:00","dateModified":"2024-09-24T09:01:06+00:00","description":"L\u00e4r k\u00e4nna medlemmarna i v\u00e5r styrelse i Mellanstadalarna hos NFC. Se hur deras erfarenhet och engagemang st\u00f6djer lokala f\u00f6retagare och entrepren\u00f6rskap.","breadcrumb":{"@id":"https:\/\/nyforetagarcentrum.se\/mellerstadalarna\/var-styrelse\/#breadcrumb"},"inLanguage":"sv-SE","potentialAction":[{"@type":"ReadAction","target":["https:\/\/nyforetagarcentrum.se\/mellerstadalarna\/var-styrelse\/"]}]},{"@type":"ImageObject","inLanguage":"sv-SE","@id":"https:\/\/nyforetagarcentrum.se\/mellerstadalarna\/var-styrelse\/#primaryimage","url":"https:\/\/nyforetagarcentrum.se\/mellerstadalarna\/wp-content\/uploads\/sites\/7\/2024\/02\/Nyforetagare-UF-LOW.jpg","contentUrl":"https:\/\/nyforetagarcentrum.se\/mellerstadalarna\/wp-content\/uploads\/sites\/7\/2024\/02\/Nyforetagare-UF-LOW.jpg","width":1476,"height":984},{"@type":"BreadcrumbList","@id":"https:\/\/nyforetagarcentrum.se\/mellerstadalarna\/var-styrelse\/#breadcrumb","itemListElement":[{"@type":"ListItem","position":1,"name":"Hem","item":"https:\/\/nyforetagarcentrum.se\/mellerstadalarna\/"},{"@type":"ListItem","position":2,"name":"V\u00e5r styrelse"}]},{"@type":"WebSite","@id":"https:\/\/nyforetagarcentrum.se\/mellerstadalarna\/#website","url":"https:\/\/nyforetagarcentrum.se\/mellerstadalarna\/","name":"Mellersta Dalarna","description":"Sveriges ledande kraft f\u00f6r fler nya livskraftiga f\u00f6retag","publisher":{"@id":"https:\/\/nyforetagarcentrum.se\/mellerstadalarna\/#organization"},"potentialAction":[{"@type":"SearchAction","target":{"@type":"EntryPoint","urlTemplate":"https:\/\/nyforetagarcentrum.se\/mellerstadalarna\/?s={search_term_string}"},"query-input":"required name=search_term_string"}],"inLanguage":"sv-SE"},{"@type":"Organization","@id":"https:\/\/nyforetagarcentrum.se\/mellerstadalarna\/#organization","name":"Mellersta Dalarna","url":"https:\/\/nyforetagarcentrum.se\/mellerstadalarna\/","logo":{"@type":"ImageObject","inLanguage":"sv-SE","@id":"https:\/\/nyforetagarcentrum.se\/mellerstadalarna\/#\/schema\/logo\/image\/","url":"https:\/\/nyforetagarcentrum.se\/mellerstadalarna\/wp-content\/uploads\/sites\/7\/2024\/03\/cropped-NyFC_mellersta_dalarna_hemsida-removebg-preview.png","contentUrl":"https:\/\/nyforetagarcentrum.se\/mellerstadalarna\/wp-content\/uploads\/sites\/7\/2024\/03\/cropped-NyFC_mellersta_dalarna_hemsida-removebg-preview.png","width":208,"height":96,"caption":"Mellersta Dalarna"},"image":{"@id":"https:\/\/nyforetagarcentrum.se\/mellerstadalarna\/#\/schema\/logo\/image\/"}}]}},"_links":{"self":[{"href":"https:\/\/nyforetagarcentrum.se\/mellerstadalarna\/wp-json\/wp\/v2\/pages\/164"}],"collection":[{"href":"https:\/\/nyforetagarcentrum.se\/mellerstadalarna\/wp-json\/wp\/v2\/pages"}],"about":[{"href":"https:\/\/nyforetagarcentrum.se\/mellerstadalarna\/wp-json\/wp\/v2\/types\/page"}],"author":[{"embeddable":true,"href":"https:\/\/nyforetagarcentrum.se\/mellerstadalarna\/wp-json\/wp\/v2\/users\/1"}],"replies":[{"embeddable":true,"href":"https:\/\/nyforetagarcentrum.se\/mellerstadalarna\/wp-json\/wp\/v2\/comments?post=164"}],"version-history":[{"count":20,"href":"https:\/\/nyforetagarcentrum.se\/mellerstadalarna\/wp-json\/wp\/v2\/pages\/164\/revisions"}],"predecessor-version":[{"id":396,"href":"https:\/\/nyforetagarcentrum.se\/mellerstadalarna\/wp-json\/wp\/v2\/pages\/164\/revisions\/396"}],"wp:featuredmedia":[{"embeddable":true,"href":"https:\/\/nyforetagarcentrum.se\/mellerstadalarna\/wp-json\/wp\/v2\/media\/202"}],"wp:attachment":[{"href":"https:\/\/nyforetagarcentrum.se\/mellerstadalarna\/wp-json\/wp\/v2\/media?parent=164"}],"curies":[{"name":"wp","href":"https:\/\/api.w.org\/{rel}","templated":true}]}}