{"id":48,"date":"2024-02-22T10:29:05","date_gmt":"2024-02-22T09:29:05","guid":{"rendered":"https:\/\/nyforetagarcentrum.se\/mark\/?page_id=48"},"modified":"2024-04-13T14:30:17","modified_gmt":"2024-04-13T12:30:17","slug":"erbjudanden","status":"publish","type":"page","link":"https:\/\/nyforetagarcentrum.se\/mark\/erbjudanden\/","title":{"rendered":"Erbjudanden"},"content":{"rendered":"<section  class=\"nfc-block-hero alignfull\">\n\n    <img loading=\"lazy\" decoding=\"async\" width=\"1920\" height=\"793\" src=\"https:\/\/nyforetagarcentrum.se\/mark\/wp-content\/uploads\/sites\/36\/2024\/04\/nyforetagarcentrum-mark-2024-erbjudanden.jpg\" class=\"attachment-landscape size-landscape\" alt=\"\" srcset=\"https:\/\/nyforetagarcentrum.se\/mark\/wp-content\/uploads\/sites\/36\/2024\/04\/nyforetagarcentrum-mark-2024-erbjudanden.jpg 1920w, https:\/\/nyforetagarcentrum.se\/mark\/wp-content\/uploads\/sites\/36\/2024\/04\/nyforetagarcentrum-mark-2024-erbjudanden-300x124.jpg 300w, https:\/\/nyforetagarcentrum.se\/mark\/wp-content\/uploads\/sites\/36\/2024\/04\/nyforetagarcentrum-mark-2024-erbjudanden-1024x423.jpg 1024w, https:\/\/nyforetagarcentrum.se\/mark\/wp-content\/uploads\/sites\/36\/2024\/04\/nyforetagarcentrum-mark-2024-erbjudanden-768x317.jpg 768w, https:\/\/nyforetagarcentrum.se\/mark\/wp-content\/uploads\/sites\/36\/2024\/04\/nyforetagarcentrum-mark-2024-erbjudanden-1536x634.jpg 1536w\" sizes=\"(max-width: 1920px) 100vw, 1920px\" \/>\n    <div class=\"contained\">\n        <h1 class=\"nfc-block-hero__heading\">V\u00e5ra erbjudanden till dig som \u00e4r f\u00f6retagare<\/h1>\n\n            <\/div>\n<\/section>\n\n\n<div style=\"height:50px\" aria-hidden=\"true\" class=\"wp-block-spacer\"><\/div>\n\n\n<section  class=\"nfc-block-breadcrumbs\">\n    <div class=\"wrapper contained\">\n        <ol class=\"breadcrumbs\" itemscope itemtype=\"https:\/\/schema.org\/BreadcrumbList\">\n            <li itemprop=\"itemListElement\" itemscope itemtype=\"https:\/\/schema.org\/ListItem\">\n            \n\n                            <span class=\"current\" itemprop=\"name\">Hem<\/span>\n            \n            <meta itemprop=\"position\" content=\"1\" \/>\n        <\/li>\n    <\/ol>    <\/div>\n<\/section>\n\n\n<h2 class=\"wp-block-heading alignwide has-x-large-font-size\">Ta del av exklusiva erbjudanden<\/h2>\n\n\n<section  class=\"nfc-block-offer_grid alignwide layout-small\">\n    <div class=\"contained\">\n\n        <div class=\"filter-row\">\n                            <select name=\"offers-category\" id=\"offers-category\" class=\"styled\">\n                    <option value=\"\">Alla kategorier<\/option>\n                                            <option value=\"bank\">Bank (1)<\/option>\n                                            <option value=\"forsakring\">F\u00f6rs\u00e4kring (1)<\/option>\n                                            <option value=\"it-webb\">IT &amp; webb (1)<\/option>\n                                    <\/select>\n            \n                            <button id=\"local-offers-button\">\n                    Lokala partners\n                <\/button>\n                <button id=\"national-offers-button\" class=\"outlined\">\n                    Nationella partners\n                <\/button>\n                    <\/div>\n\n        <div class=\"grid\" id=\"offers-grid\">\n            <div class=\"offer-card\">\n\n    <div class=\"gallery-wrapper\">\n                    <div class=\"selected-media\">\n                                    <img loading=\"lazy\" decoding=\"async\" width=\"595\" height=\"595\" src=\"https:\/\/nyforetagarcentrum.se\/mark\/wp-content\/uploads\/sites\/36\/2024\/04\/test-erbjudande.jpg\" class=\"attachment-large size-large\" alt=\"\" srcset=\"https:\/\/nyforetagarcentrum.se\/mark\/wp-content\/uploads\/sites\/36\/2024\/04\/test-erbjudande.jpg 595w, https:\/\/nyforetagarcentrum.se\/mark\/wp-content\/uploads\/sites\/36\/2024\/04\/test-erbjudande-300x300.jpg 300w, https:\/\/nyforetagarcentrum.se\/mark\/wp-content\/uploads\/sites\/36\/2024\/04\/test-erbjudande-150x150.jpg 150w\" sizes=\"(max-width: 595px) 100vw, 595px\" \/>                            <\/div>\n        \n            <\/div>\n\n\n    <div class=\"content-wrapper\">\n                    <div class=\"logo-wrapper\">\n                <img loading=\"lazy\" decoding=\"async\" width=\"300\" height=\"175\" src=\"https:\/\/nyforetagarcentrum.se\/mark\/wp-content\/uploads\/sites\/36\/2024\/04\/Hemsideverkstaden-i-Mark-web-vit-300x175.jpg\" class=\"attachment-medium size-medium\" alt=\"\" srcset=\"https:\/\/nyforetagarcentrum.se\/mark\/wp-content\/uploads\/sites\/36\/2024\/04\/Hemsideverkstaden-i-Mark-web-vit-300x175.jpg 300w, https:\/\/nyforetagarcentrum.se\/mark\/wp-content\/uploads\/sites\/36\/2024\/04\/Hemsideverkstaden-i-Mark-web-vit.jpg 600w\" sizes=\"(max-width: 300px) 100vw, 300px\" \/>            <\/div>\n        \n        <h3>F\u00e5 hj\u00e4lp i den digitala djungeln<\/h3>\n\n                    <div class=\"spacer s\"><\/div>\n            <div class=\"categories\">\n                                    <div class=\"tag small\">IT &amp; webb<\/div>\n                            <\/div>\n        \n        <div class=\"content\">\n            <p>N\u00e4r du ska starta ditt f\u00f6retags digitala liv \u00e4r det lite av en djungel att hitta r\u00e4tt med dom\u00e4n, e-post och s\u00e5 vidare. V\u00e5r samarbetspartner Hemsideverkstaden bjuder dig p\u00e5 en timmes r\u00e5dgivning d\u00e4r du kan st\u00e4lla alla fr\u00e5gor du har och f\u00e5 hj\u00e4lp och v\u00e4gledning till den l\u00f6sning som kan vara b\u00e4st f\u00f6r dig.<\/p>\n<p>&nbsp;<\/p>\n        <\/div>\n\n                    <a href=\"https:\/\/hemsideverkstaden.se\/kontakt\/\" class=\"offer-button button outlined\" target=\"_blank\">\n                Ta kontakt med Hemsideverkstaden                                    <div class=\"icon icon-external\"><\/div>\n                            <\/a>\n            <\/div>\n<\/div><div class=\"offer-card\">\n\n    <div class=\"gallery-wrapper\">\n                    <div class=\"selected-media\">\n                                    <img loading=\"lazy\" decoding=\"async\" width=\"800\" height=\"550\" src=\"https:\/\/nyforetagarcentrum.se\/mark\/wp-content\/uploads\/sites\/36\/2024\/04\/For-all-arbetstid_lansforsakringar.jpg\" class=\"attachment-large size-large\" alt=\"\" srcset=\"https:\/\/nyforetagarcentrum.se\/mark\/wp-content\/uploads\/sites\/36\/2024\/04\/For-all-arbetstid_lansforsakringar.jpg 800w, https:\/\/nyforetagarcentrum.se\/mark\/wp-content\/uploads\/sites\/36\/2024\/04\/For-all-arbetstid_lansforsakringar-300x206.jpg 300w, https:\/\/nyforetagarcentrum.se\/mark\/wp-content\/uploads\/sites\/36\/2024\/04\/For-all-arbetstid_lansforsakringar-768x528.jpg 768w\" sizes=\"(max-width: 800px) 100vw, 800px\" \/>                            <\/div>\n        \n            <\/div>\n\n\n    <div class=\"content-wrapper\">\n                    <div class=\"logo-wrapper\">\n                <img loading=\"lazy\" decoding=\"async\" width=\"300\" height=\"61\" src=\"https:\/\/nyforetagarcentrum.se\/mark\/wp-content\/uploads\/sites\/36\/2024\/04\/1-lansforsakringar-800-300x61.jpg\" class=\"attachment-medium size-medium\" alt=\"\" srcset=\"https:\/\/nyforetagarcentrum.se\/mark\/wp-content\/uploads\/sites\/36\/2024\/04\/1-lansforsakringar-800-300x61.jpg 300w, https:\/\/nyforetagarcentrum.se\/mark\/wp-content\/uploads\/sites\/36\/2024\/04\/1-lansforsakringar-800-768x156.jpg 768w, https:\/\/nyforetagarcentrum.se\/mark\/wp-content\/uploads\/sites\/36\/2024\/04\/1-lansforsakringar-800.jpg 800w\" sizes=\"(max-width: 300px) 100vw, 300px\" \/>            <\/div>\n        \n        <h3>Vi vill ge dig en bra start! &#8211; L\u00e4nsf\u00f6rs\u00e4kringar \u00c4lvsborg<\/h3>\n\n                    <div class=\"spacer s\"><\/div>\n            <div class=\"categories\">\n                                    <div class=\"tag small\">Bank<\/div>\n                                    <div class=\"tag small\">F\u00f6rs\u00e4kring<\/div>\n                            <\/div>\n        \n        <div class=\"content\">\n            <p>Grattis till ditt nystartade f\u00f6retag. Vi vet att det \u00e4r mycket att t\u00e4nka p\u00e5 s\u00e5 h\u00e4r i b\u00f6rjan. D\u00e4rf\u00f6r hoppas vi kunna hj\u00e4lpa dig med det vi \u00e4r experter p\u00e5, s\u00e5 kan du fokusera p\u00e5 att utveckla verksamheten ist\u00e4llet.<\/p>\n<p>Vi \u00e4r inte som andra f\u00f6rs\u00e4kringsbolag. Vi \u00e4r lokala, vilket inneb\u00e4r att vi k\u00e4nner till din marknad och din verklighet. Dessutom \u00e4gs vi av v\u00e5ra kunder. G\u00e5r det bra f\u00f6r L\u00e4nsf\u00f6rs\u00e4kringar \u00c4lvsborg \u00e4r det inga externa aktie\u00e4gare som gynnas. Ist\u00e4llet delar alla v\u00e5ra kunder p\u00e5 \u00e5terb\u00e4ringen.<\/p>\n<p><strong>Just nu f\u00e5r du som nyligen startat bolag 25 procents rabatt p\u00e5 premien under det f\u00f6rsta \u00e5ret. Du kan ocks\u00e5 teckna en f\u00f6rm\u00e5nlig starta f\u00f6retag-f\u00f6rs\u00e4kring via v\u00e5r webbplats, den ger dig sex m\u00e5naders f\u00f6rs\u00e4kring f\u00f6r 1 000 kronor.<\/strong><\/p>\n        <\/div>\n\n                    <a href=\"https:\/\/www.lansforsakringar.se\/alvsborg\/foretag\/\" class=\"offer-button button outlined\" target=\"_blank\">\n                Till L\u00e4nsf\u00f6rs\u00e4kringar \u00c4lvsborgs webbplats                                    <div class=\"icon icon-external\"><\/div>\n                            <\/a>\n            <\/div>\n<\/div>        <\/div>\n    <\/div>\n<\/section>\n\n\n<div style=\"height:80px\" aria-hidden=\"true\" class=\"wp-block-spacer\"><\/div>\n","protected":false},"excerpt":{"rendered":"<p>Ta del av exklusiva erbjudanden<\/p>\n","protected":false},"author":1,"featured_media":0,"parent":0,"menu_order":0,"comment_status":"closed","ping_status":"closed","template":"","meta":{"footnotes":""},"acf":[],"yoast_head":"<!-- This site is optimized with the Yoast SEO plugin v22.9 - https:\/\/yoast.com\/wordpress\/plugins\/seo\/ -->\n<title>Erbjudanden - Mark<\/title>\n<meta name=\"robots\" content=\"index, follow, max-snippet:-1, max-image-preview:large, max-video-preview:-1\" \/>\n<link rel=\"canonical\" href=\"https:\/\/nyforetagarcentrum.se\/mark\/erbjudanden\/\" \/>\n<meta property=\"og:locale\" content=\"sv_SE\" \/>\n<meta property=\"og:type\" content=\"article\" \/>\n<meta property=\"og:title\" content=\"Erbjudanden - Mark\" \/>\n<meta property=\"og:description\" content=\"Ta del av exklusiva erbjudanden\" \/>\n<meta property=\"og:url\" content=\"https:\/\/nyforetagarcentrum.se\/mark\/erbjudanden\/\" \/>\n<meta property=\"og:site_name\" content=\"Mark\" \/>\n<meta property=\"article:modified_time\" content=\"2024-04-13T12:30:17+00:00\" \/>\n<meta name=\"twitter:card\" content=\"summary_large_image\" \/>\n<script type=\"application\/ld+json\" class=\"yoast-schema-graph\">{\"@context\":\"https:\/\/schema.org\",\"@graph\":[{\"@type\":\"WebPage\",\"@id\":\"https:\/\/nyforetagarcentrum.se\/mark\/erbjudanden\/\",\"url\":\"https:\/\/nyforetagarcentrum.se\/mark\/erbjudanden\/\",\"name\":\"Erbjudanden - Mark\",\"isPartOf\":{\"@id\":\"https:\/\/nyforetagarcentrum.se\/mark\/#website\"},\"datePublished\":\"2024-02-22T09:29:05+00:00\",\"dateModified\":\"2024-04-13T12:30:17+00:00\",\"breadcrumb\":{\"@id\":\"https:\/\/nyforetagarcentrum.se\/mark\/erbjudanden\/#breadcrumb\"},\"inLanguage\":\"sv-SE\",\"potentialAction\":[{\"@type\":\"ReadAction\",\"target\":[\"https:\/\/nyforetagarcentrum.se\/mark\/erbjudanden\/\"]}]},{\"@type\":\"BreadcrumbList\",\"@id\":\"https:\/\/nyforetagarcentrum.se\/mark\/erbjudanden\/#breadcrumb\",\"itemListElement\":[{\"@type\":\"ListItem\",\"position\":1,\"name\":\"Hem\",\"item\":\"https:\/\/nyforetagarcentrum.se\/mark\/\"},{\"@type\":\"ListItem\",\"position\":2,\"name\":\"Erbjudanden\"}]},{\"@type\":\"WebSite\",\"@id\":\"https:\/\/nyforetagarcentrum.se\/mark\/#website\",\"url\":\"https:\/\/nyforetagarcentrum.se\/mark\/\",\"name\":\"Mark\",\"description\":\"Sveriges ledande kraft f\u00f6r fler nya livskraftiga f\u00f6retag\",\"publisher\":{\"@id\":\"https:\/\/nyforetagarcentrum.se\/mark\/#organization\"},\"potentialAction\":[{\"@type\":\"SearchAction\",\"target\":{\"@type\":\"EntryPoint\",\"urlTemplate\":\"https:\/\/nyforetagarcentrum.se\/mark\/?s={search_term_string}\"},\"query-input\":\"required name=search_term_string\"}],\"inLanguage\":\"sv-SE\"},{\"@type\":\"Organization\",\"@id\":\"https:\/\/nyforetagarcentrum.se\/mark\/#organization\",\"name\":\"Mark\",\"url\":\"https:\/\/nyforetagarcentrum.se\/mark\/\",\"logo\":{\"@type\":\"ImageObject\",\"inLanguage\":\"sv-SE\",\"@id\":\"https:\/\/nyforetagarcentrum.se\/mark\/#\/schema\/logo\/image\/\",\"url\":\"https:\/\/nyforetagarcentrum.se\/mark\/wp-content\/uploads\/sites\/36\/2024\/04\/Mark-1.png\",\"contentUrl\":\"https:\/\/nyforetagarcentrum.se\/mark\/wp-content\/uploads\/sites\/36\/2024\/04\/Mark-1.png\",\"width\":1082,\"height\":542,\"caption\":\"Mark\"},\"image\":{\"@id\":\"https:\/\/nyforetagarcentrum.se\/mark\/#\/schema\/logo\/image\/\"}}]}<\/script>\n<!-- \/ Yoast SEO plugin. -->","yoast_head_json":{"title":"Erbjudanden - Mark","robots":{"index":"index","follow":"follow","max-snippet":"max-snippet:-1","max-image-preview":"max-image-preview:large","max-video-preview":"max-video-preview:-1"},"canonical":"https:\/\/nyforetagarcentrum.se\/mark\/erbjudanden\/","og_locale":"sv_SE","og_type":"article","og_title":"Erbjudanden - Mark","og_description":"Ta del av exklusiva erbjudanden","og_url":"https:\/\/nyforetagarcentrum.se\/mark\/erbjudanden\/","og_site_name":"Mark","article_modified_time":"2024-04-13T12:30:17+00:00","twitter_card":"summary_large_image","schema":{"@context":"https:\/\/schema.org","@graph":[{"@type":"WebPage","@id":"https:\/\/nyforetagarcentrum.se\/mark\/erbjudanden\/","url":"https:\/\/nyforetagarcentrum.se\/mark\/erbjudanden\/","name":"Erbjudanden - Mark","isPartOf":{"@id":"https:\/\/nyforetagarcentrum.se\/mark\/#website"},"datePublished":"2024-02-22T09:29:05+00:00","dateModified":"2024-04-13T12:30:17+00:00","breadcrumb":{"@id":"https:\/\/nyforetagarcentrum.se\/mark\/erbjudanden\/#breadcrumb"},"inLanguage":"sv-SE","potentialAction":[{"@type":"ReadAction","target":["https:\/\/nyforetagarcentrum.se\/mark\/erbjudanden\/"]}]},{"@type":"BreadcrumbList","@id":"https:\/\/nyforetagarcentrum.se\/mark\/erbjudanden\/#breadcrumb","itemListElement":[{"@type":"ListItem","position":1,"name":"Hem","item":"https:\/\/nyforetagarcentrum.se\/mark\/"},{"@type":"ListItem","position":2,"name":"Erbjudanden"}]},{"@type":"WebSite","@id":"https:\/\/nyforetagarcentrum.se\/mark\/#website","url":"https:\/\/nyforetagarcentrum.se\/mark\/","name":"Mark","description":"Sveriges ledande kraft f\u00f6r fler nya livskraftiga f\u00f6retag","publisher":{"@id":"https:\/\/nyforetagarcentrum.se\/mark\/#organization"},"potentialAction":[{"@type":"SearchAction","target":{"@type":"EntryPoint","urlTemplate":"https:\/\/nyforetagarcentrum.se\/mark\/?s={search_term_string}"},"query-input":"required name=search_term_string"}],"inLanguage":"sv-SE"},{"@type":"Organization","@id":"https:\/\/nyforetagarcentrum.se\/mark\/#organization","name":"Mark","url":"https:\/\/nyforetagarcentrum.se\/mark\/","logo":{"@type":"ImageObject","inLanguage":"sv-SE","@id":"https:\/\/nyforetagarcentrum.se\/mark\/#\/schema\/logo\/image\/","url":"https:\/\/nyforetagarcentrum.se\/mark\/wp-content\/uploads\/sites\/36\/2024\/04\/Mark-1.png","contentUrl":"https:\/\/nyforetagarcentrum.se\/mark\/wp-content\/uploads\/sites\/36\/2024\/04\/Mark-1.png","width":1082,"height":542,"caption":"Mark"},"image":{"@id":"https:\/\/nyforetagarcentrum.se\/mark\/#\/schema\/logo\/image\/"}}]}},"_links":{"self":[{"href":"https:\/\/nyforetagarcentrum.se\/mark\/wp-json\/wp\/v2\/pages\/48"}],"collection":[{"href":"https:\/\/nyforetagarcentrum.se\/mark\/wp-json\/wp\/v2\/pages"}],"about":[{"href":"https:\/\/nyforetagarcentrum.se\/mark\/wp-json\/wp\/v2\/types\/page"}],"author":[{"embeddable":true,"href":"https:\/\/nyforetagarcentrum.se\/mark\/wp-json\/wp\/v2\/users\/1"}],"replies":[{"embeddable":true,"href":"https:\/\/nyforetagarcentrum.se\/mark\/wp-json\/wp\/v2\/comments?post=48"}],"version-history":[{"count":10,"href":"https:\/\/nyforetagarcentrum.se\/mark\/wp-json\/wp\/v2\/pages\/48\/revisions"}],"predecessor-version":[{"id":414,"href":"https:\/\/nyforetagarcentrum.se\/mark\/wp-json\/wp\/v2\/pages\/48\/revisions\/414"}],"wp:attachment":[{"href":"https:\/\/nyforetagarcentrum.se\/mark\/wp-json\/wp\/v2\/media?parent=48"}],"curies":[{"name":"wp","href":"https:\/\/api.w.org\/{rel}","templated":true}]}}