{"id":41,"date":"2024-02-22T10:24:51","date_gmt":"2024-02-22T09:24:51","guid":{"rendered":"https:\/\/nyforetagarcentrum.se\/mark\/?page_id=41"},"modified":"2025-06-09T14:59:24","modified_gmt":"2025-06-09T12:59:24","slug":"vara-samarbetspartners","status":"publish","type":"page","link":"https:\/\/nyforetagarcentrum.se\/mark\/vara-samarbetspartners\/","title":{"rendered":"V\u00e5ra samarbetspartners"},"content":{"rendered":"<section  class=\"nfc-block-hero alignfull\">\n\n    <img loading=\"lazy\" decoding=\"async\" width=\"1920\" height=\"793\" src=\"https:\/\/nyforetagarcentrum.se\/mark\/wp-content\/uploads\/sites\/36\/2024\/04\/nyforetagarcentrum-mark-2024-samarbetspartner.jpg\" class=\"attachment-landscape size-landscape\" alt=\"\" srcset=\"https:\/\/nyforetagarcentrum.se\/mark\/wp-content\/uploads\/sites\/36\/2024\/04\/nyforetagarcentrum-mark-2024-samarbetspartner.jpg 1920w, https:\/\/nyforetagarcentrum.se\/mark\/wp-content\/uploads\/sites\/36\/2024\/04\/nyforetagarcentrum-mark-2024-samarbetspartner-300x124.jpg 300w, https:\/\/nyforetagarcentrum.se\/mark\/wp-content\/uploads\/sites\/36\/2024\/04\/nyforetagarcentrum-mark-2024-samarbetspartner-1024x423.jpg 1024w, https:\/\/nyforetagarcentrum.se\/mark\/wp-content\/uploads\/sites\/36\/2024\/04\/nyforetagarcentrum-mark-2024-samarbetspartner-768x317.jpg 768w, https:\/\/nyforetagarcentrum.se\/mark\/wp-content\/uploads\/sites\/36\/2024\/04\/nyforetagarcentrum-mark-2024-samarbetspartner-1536x634.jpg 1536w\" sizes=\"(max-width: 1920px) 100vw, 1920px\" \/>\n    <div class=\"contained\">\n        <h1 class=\"nfc-block-hero__heading\">V\u00e5ra samarbetspartners<\/h1>\n\n            <\/div>\n<\/section>\n\n<section  class=\"block-our-partners nfc-block-partners\">\n    <div class=\"contained\">\n            <\/div>\n<\/section>\n\n\n<div style=\"height:50px\" aria-hidden=\"true\" class=\"wp-block-spacer\"><\/div>\n\n\n<section  class=\"nfc-block-breadcrumbs\">\n    <div class=\"wrapper contained\">\n        <ol class=\"breadcrumbs\" itemscope itemtype=\"https:\/\/schema.org\/BreadcrumbList\">\n            <li itemprop=\"itemListElement\" itemscope itemtype=\"https:\/\/schema.org\/ListItem\">\n            \n\n                            <span class=\"current\" itemprop=\"name\">Hem<\/span>\n            \n            <meta itemprop=\"position\" content=\"1\" \/>\n        <\/li>\n    <\/ol>    <\/div>\n<\/section>\n\n\n<p>Vill du ocks\u00e5 bli samarbetspartner med oss? Du \u00e4r i s\u00e5 fall i gott s\u00e4llskap, se nedan.<\/p>\n\n\n\n<p>Ta kontakt med Gunnar Martinsson p\u00e5 telefon 0320-79 48 00 eller mejladress mark@nyforetagarcentrum.se!<\/p>\n\n\n\n<div style=\"height:51px\" aria-hidden=\"true\" class=\"wp-block-spacer\"><\/div>\n\n\n\n<h2 class=\"wp-block-heading\">Samarbetspartner Platina<\/h2>\n\n\n<section  class=\"block-our-partners nfc-block-partners\">\n    <div class=\"contained\">\n                                    <div class=\"partner-card\">\n                    <div class=\"logo-wrapper\">\n                        <img decoding=\"async\" src=\"https:\/\/nyforetagarcentrum.se\/mark\/wp-content\/uploads\/sites\/36\/2024\/04\/sparbanken-sjuharad.jpg\" alt=\"\">\n                    <\/div>\n                    \n                                            <div class=\"h4\"><b>Sparbanksstiftelsen Sjuh\u00e4rad<\/b><\/div>\n                                                                                                                            <div class=\"item link\"><b><a href=\"https:\/\/sparbankensjuharad.se\/\" target=\"_blank\" > Sparbanken Sjuh\u00e4rad<\/a><\/b><\/div>\n                                    <\/div>\n                            <div class=\"partner-card\">\n                    <div class=\"logo-wrapper\">\n                        <img decoding=\"async\" src=\"https:\/\/nyforetagarcentrum.se\/mark\/wp-content\/uploads\/sites\/36\/2024\/04\/1-markbladet-scaled.jpg\" alt=\"\">\n                    <\/div>\n                    \n                                            <div class=\"h4\"><b>Markbladet<\/b><\/div>\n                                                                                                                            <div class=\"item link\"><b><a href=\"https:\/\/www.markbladet.se\/\" target=\"_blank\" > Markbladet<\/a><\/b><\/div>\n                                    <\/div>\n                            <div class=\"partner-card\">\n                    <div class=\"logo-wrapper\">\n                        <img decoding=\"async\" src=\"https:\/\/nyforetagarcentrum.se\/mark\/wp-content\/uploads\/sites\/36\/2024\/04\/1-Marks-kommun-Vapen.jpg\" alt=\"\">\n                    <\/div>\n                    \n                                            <div class=\"h4\"><b>Marks kommun<\/b><\/div>\n                                                                                                                            <div class=\"item link\"><b><a href=\"https:\/\/www.mark.se\/\" target=\"_blank\" > Marks kommun<\/a><\/b><\/div>\n                                    <\/div>\n                        <\/div>\n<\/section>\n\n\n<h2 class=\"wp-block-heading\">Samarbetspartner Guld<\/h2>\n\n\n<section  class=\"block-our-partners nfc-block-partners\">\n    <div class=\"contained\">\n                                    <div class=\"partner-card\">\n                    <div class=\"logo-wrapper\">\n                        <img decoding=\"async\" src=\"https:\/\/nyforetagarcentrum.se\/mark\/wp-content\/uploads\/sites\/36\/2024\/04\/Hajoms-utvecklings-AB-800.jpg\" alt=\"\">\n                    <\/div>\n                    \n                                            <div class=\"h4\"><b>Hajoms Utvecklings AB<\/b><\/div>\n                                                                                                                            <div class=\"item link\"><b><a href=\"https:\/\/ihajom.se\/se\/startsida.aspx\" target=\"_blank\" > Till Hajoms Utvecklings ABs webbplats<\/a><\/b><\/div>\n                                    <\/div>\n                            <div class=\"partner-card\">\n                    <div class=\"logo-wrapper\">\n                        <img decoding=\"async\" src=\"https:\/\/nyforetagarcentrum.se\/mark\/wp-content\/uploads\/sites\/36\/2024\/04\/1-foretagarna-mark.jpg\" alt=\"\">\n                    <\/div>\n                    \n                                            <div class=\"h4\"><b>F\u00f6retagarna Mark<\/b><\/div>\n                                                                                                                            <div class=\"item link\"><b><a href=\"https:\/\/www.foretagarna.se\/foreningar\/mark\/\" target=\"_blank\" > F\u00f6retagarna Mark<\/a><\/b><\/div>\n                                    <\/div>\n                            <div class=\"partner-card\">\n                    <div class=\"logo-wrapper\">\n                        <img decoding=\"async\" src=\"https:\/\/nyforetagarcentrum.se\/mark\/wp-content\/uploads\/sites\/36\/2024\/04\/KP-Webbsida_Logotyp_skarm.png\" alt=\"\">\n                    <\/div>\n                    \n                                            <div class=\"h4\"><b>KP revision ab<\/b><\/div>\n                                                                                                                            <div class=\"item link\"><b><a href=\"https:\/\/www.kprevision.se\/\" target=\"_blank\" > Till KP revisions webbplats<\/a><\/b><\/div>\n                                    <\/div>\n                            <div class=\"partner-card\">\n                    <div class=\"logo-wrapper\">\n                        <img decoding=\"async\" src=\"https:\/\/nyforetagarcentrum.se\/mark\/wp-content\/uploads\/sites\/36\/2024\/04\/seb-800.jpg\" alt=\"\">\n                    <\/div>\n                    \n                                            <div class=\"h4\"><b>SEB<\/b><\/div>\n                                                                                                                            <div class=\"item link\"><b><a href=\"https:\/\/seb.se\/foretag\/erbjudande-och-bli-foretagskund\" target=\"_blank\" > Till SEBs webbplats<\/a><\/b><\/div>\n                                    <\/div>\n                            <div class=\"partner-card\">\n                    <div class=\"logo-wrapper\">\n                        <img decoding=\"async\" src=\"https:\/\/nyforetagarcentrum.se\/mark\/wp-content\/uploads\/sites\/36\/2024\/04\/1-lansforsakringar-800.jpg\" alt=\"\">\n                    <\/div>\n                    \n                                            <div class=\"h4\"><b>L\u00e4nsf\u00f6rs\u00e4kringar \u00c4lvsborg<\/b><\/div>\n                                                                                                                            <div class=\"item link\"><b><a href=\"https:\/\/www.lansforsakringar.se\/alvsborg\/foretag\/\" target=\"_blank\" > Till L\u00e4nsf\u00f6rs\u00e4kringar \u00c4lvsborgs webbplats<\/a><\/b><\/div>\n                                    <\/div>\n                        <\/div>\n<\/section>\n\n\n<div style=\"height:80px\" aria-hidden=\"true\" class=\"wp-block-spacer\"><\/div>\n\n\n\n<h2 class=\"wp-block-heading\">Samarbetspartner silver<\/h2>\n\n\n<section  class=\"block-our-partners nfc-block-partners\">\n    <div class=\"contained\">\n                                    <div class=\"partner-card\">\n                    <div class=\"logo-wrapper\">\n                        <img decoding=\"async\" src=\"https:\/\/nyforetagarcentrum.se\/mark\/wp-content\/uploads\/sites\/36\/2024\/04\/epok-i-kinna.jpg\" alt=\"\">\n                    <\/div>\n                    \n                                            <div class=\"h4\"><b>Epok i Kinna<\/b><\/div>\n                                                                                                                            <div class=\"item link\"><b><a href=\"https:\/\/www.epokikinna.se\/\" target=\"_blank\" > Till Epoks webbplats<\/a><\/b><\/div>\n                                    <\/div>\n                            <div class=\"partner-card\">\n                    <div class=\"logo-wrapper\">\n                        <img decoding=\"async\" src=\"https:\/\/nyforetagarcentrum.se\/mark\/wp-content\/uploads\/sites\/36\/2024\/04\/dcos.jpg\" alt=\"\">\n                    <\/div>\n                    \n                                            <div class=\"h4\"><b>DCOS Automation<\/b><\/div>\n                                                                                                                            <div class=\"item link\"><b><a href=\"https:\/\/dcos.se\/\" target=\"_blank\" > Till DCOSs webbplats<\/a><\/b><\/div>\n                                    <\/div>\n                            <div class=\"partner-card\">\n                    <div class=\"logo-wrapper\">\n                        <img decoding=\"async\" src=\"https:\/\/nyforetagarcentrum.se\/mark\/wp-content\/uploads\/sites\/36\/2024\/04\/1-Rondellen-Maskin-800.jpg\" alt=\"\">\n                    <\/div>\n                    \n                                            <div class=\"h4\"><b>Rondellen Maskin<\/b><\/div>\n                                                                                                                            <div class=\"item link\"><b><a href=\"https:\/\/rondellenmaskin.se\/\" target=\"_blank\" > Till Rondellen maskins webbplats<\/a><\/b><\/div>\n                                    <\/div>\n                            <div class=\"partner-card\">\n                    <div class=\"logo-wrapper\">\n                        <img decoding=\"async\" src=\"https:\/\/nyforetagarcentrum.se\/mark\/wp-content\/uploads\/sites\/36\/2024\/04\/1-Franzens-textil-logo-2008-800.jpg\" alt=\"\">\n                    <\/div>\n                    \n                                            <div class=\"h4\"><b>Franz\u00e9ns textil<\/b><\/div>\n                                                                                                                            <div class=\"item link\"><b><a href=\"https:\/\/franzenstextil.se\/\" target=\"_blank\" > Till Franz\u00e9ns textils webbplats<\/a><\/b><\/div>\n                                    <\/div>\n                            <div class=\"partner-card\">\n                    <div class=\"logo-wrapper\">\n                        <img decoding=\"async\" src=\"https:\/\/nyforetagarcentrum.se\/mark\/wp-content\/uploads\/sites\/36\/2024\/04\/FK-logga-med-stampel.png\" alt=\"\">\n                    <\/div>\n                    \n                                            <div class=\"h4\"><b>Byggnadsfirman Fransson &amp; Karlsson AB<\/b><\/div>\n                                                                                                                            <div class=\"item link\"><b><a href=\"https:\/\/fkbygg.com\/\" target=\"_blank\" > Till FKbyggs webbplats<\/a><\/b><\/div>\n                                    <\/div>\n                            <div class=\"partner-card\">\n                    <div class=\"logo-wrapper\">\n                        <img decoding=\"async\" src=\"https:\/\/nyforetagarcentrum.se\/mark\/wp-content\/uploads\/sites\/36\/2024\/04\/Hemsideverkstaden-i-Mark-web-vit.jpg\" alt=\"\">\n                    <\/div>\n                    \n                                            <div class=\"h4\"><b>Hemsideverkstaden<\/b><\/div>\n                                                                                                                            <div class=\"item link\"><b><a href=\"https:\/\/hemsideverkstaden.se\/\" target=\"_blank\" > Till Hemsideverkstadens webbplats<\/a><\/b><\/div>\n                                    <\/div>\n                            <div class=\"partner-card\">\n                    <div class=\"logo-wrapper\">\n                        <img decoding=\"async\" src=\"https:\/\/nyforetagarcentrum.se\/mark\/wp-content\/uploads\/sites\/36\/2024\/04\/1-markekonomerna-logo-2017.jpg\" alt=\"\">\n                    <\/div>\n                    \n                                            <div class=\"h4\"><b>Markekonomerna<\/b><\/div>\n                                                                                                                            <div class=\"item link\"><b><a href=\"https:\/\/markekonomerna.se\/\" target=\"_blank\" > Till Markekonomernas webbplats<\/a><\/b><\/div>\n                                    <\/div>\n                            <div class=\"partner-card\">\n                    <div class=\"logo-wrapper\">\n                        <img decoding=\"async\" src=\"https:\/\/nyforetagarcentrum.se\/mark\/wp-content\/uploads\/sites\/36\/2024\/04\/1-Textile-tube-ill-800h.jpg\" alt=\"\">\n                    <\/div>\n                    \n                                            <div class=\"h4\"><b>Textile tube<\/b><\/div>\n                                                                                                                    <\/div>\n                        <\/div>\n<\/section>\n\n\n<h2 class=\"wp-block-heading\">Samarbetspartner brons<\/h2>\n\n\n<section  class=\"block-our-partners nfc-block-partners\">\n    <div class=\"contained\">\n                                    <div class=\"partner-card\">\n                    <div class=\"logo-wrapper\">\n                        <img decoding=\"async\" src=\"https:\/\/nyforetagarcentrum.se\/mark\/wp-content\/uploads\/sites\/36\/2024\/04\/Ulab_itpartner_SV_001.jpg\" alt=\"\">\n                    <\/div>\n                    \n                                            <div class=\"h4\"><b>ulab it-partner<\/b><\/div>\n                                                                                                                            <div class=\"item link\"><b><a href=\"https:\/\/ulabitpartner.se\/\" target=\"_blank\" > Till Ulabs webbplats<\/a><\/b><\/div>\n                                    <\/div>\n                            <div class=\"partner-card\">\n                    <div class=\"logo-wrapper\">\n                        <img decoding=\"async\" src=\"https:\/\/nyforetagarcentrum.se\/mark\/wp-content\/uploads\/sites\/36\/2024\/04\/1-ekonomipoolen.jpg\" alt=\"\">\n                    <\/div>\n                    \n                                            <div class=\"h4\"><b>Ekonomipoolen<\/b><\/div>\n                                                                                                                            <div class=\"item link\"><b><a href=\"https:\/\/www.ekonomipoolen.se\/\" target=\"_blank\" > Till Ekonomipoolens webbplats<\/a><\/b><\/div>\n                                    <\/div>\n                            <div class=\"partner-card\">\n                    <div class=\"logo-wrapper\">\n                        <img decoding=\"async\" src=\"https:\/\/nyforetagarcentrum.se\/mark\/wp-content\/uploads\/sites\/36\/2024\/04\/bjorketorps-foretagshus-forslag.jpg\" alt=\"\">\n                    <\/div>\n                    \n                                            <div class=\"h4\"><b>Bj\u00f6rketorps F\u00f6retagshus<\/b><\/div>\n                                                                                                                            <div class=\"item link\"><b><a href=\"https:\/\/fkbygg.com\/kontakt\/\" target=\"_blank\" > Kontakt f\u00f6r Bj\u00f6rketorps F\u00f6retagshus<\/a><\/b><\/div>\n                                    <\/div>\n                            <div class=\"partner-card\">\n                    <div class=\"logo-wrapper\">\n                        <img decoding=\"async\" src=\"https:\/\/nyforetagarcentrum.se\/mark\/wp-content\/uploads\/sites\/36\/2024\/04\/advokatolson.jpg\" alt=\"\">\n                    <\/div>\n                    \n                                            <div class=\"h4\"><b>Advokatbyr\u00e5 J\u00f6rgen Olson<\/b><\/div>\n                                                                                                                            <div class=\"item link\"><b><a href=\"https:\/\/advokatolson.se\/\" target=\"\" > Till Advokatbyr\u00e5 J\u00f6rgen Olsons webbplats<\/a><\/b><\/div>\n                                    <\/div>\n                            <div class=\"partner-card\">\n                    <div class=\"logo-wrapper\">\n                        <img decoding=\"async\" src=\"https:\/\/nyforetagarcentrum.se\/mark\/wp-content\/uploads\/sites\/36\/2024\/04\/1-satila-bygg-800.jpg\" alt=\"\">\n                    <\/div>\n                    \n                                            <div class=\"h4\"><b>S\u00e4tila bygg<\/b><\/div>\n                                                                                                                            <div class=\"item link\"><b><a href=\"https:\/\/satilabygg.se\/\" target=\"_blank\" > Till S\u00e4tila byggs webbplats<\/a><\/b><\/div>\n                                    <\/div>\n                        <\/div>\n<\/section>","protected":false},"excerpt":{"rendered":"<p>Vill du ocks\u00e5 bli samarbetspartner med oss? Du \u00e4r i s\u00e5 fall i gott s\u00e4llskap, se nedan. Ta kontakt med Gunnar Martinsson p\u00e5 telefon 0320-79 48 00 eller mejladress mark@nyforetagarcentrum.se! Samarbetspartner Platina Samarbetspartner Guld Samarbetspartner silver Samarbetspartner brons<\/p>\n","protected":false},"author":1,"featured_media":0,"parent":0,"menu_order":0,"comment_status":"closed","ping_status":"closed","template":"","meta":{"footnotes":""},"acf":[],"yoast_head":"<!-- This site is optimized with the Yoast SEO plugin v22.9 - https:\/\/yoast.com\/wordpress\/plugins\/seo\/ -->\n<title>V\u00e5ra samarbetspartners - Mark<\/title>\n<meta name=\"robots\" content=\"index, follow, max-snippet:-1, max-image-preview:large, max-video-preview:-1\" \/>\n<link rel=\"canonical\" href=\"https:\/\/nyforetagarcentrum.se\/mark\/vara-samarbetspartners\/\" \/>\n<meta property=\"og:locale\" content=\"sv_SE\" \/>\n<meta property=\"og:type\" content=\"article\" \/>\n<meta property=\"og:title\" content=\"V\u00e5ra samarbetspartners - Mark\" \/>\n<meta property=\"og:description\" content=\"Vill du ocks\u00e5 bli samarbetspartner med oss? Du \u00e4r i s\u00e5 fall i gott s\u00e4llskap, se nedan. Ta kontakt med Gunnar Martinsson p\u00e5 telefon 0320-79 48 00 eller mejladress mark@nyforetagarcentrum.se! Samarbetspartner Platina Samarbetspartner Guld Samarbetspartner silver Samarbetspartner brons\" \/>\n<meta property=\"og:url\" content=\"https:\/\/nyforetagarcentrum.se\/mark\/vara-samarbetspartners\/\" \/>\n<meta property=\"og:site_name\" content=\"Mark\" \/>\n<meta property=\"article:modified_time\" content=\"2025-06-09T12:59:24+00:00\" \/>\n<meta name=\"twitter:card\" content=\"summary_large_image\" \/>\n<meta name=\"twitter:label1\" content=\"Ber\u00e4knad l\u00e4stid\" \/>\n\t<meta name=\"twitter:data1\" content=\"1 minut\" \/>\n<script type=\"application\/ld+json\" class=\"yoast-schema-graph\">{\"@context\":\"https:\/\/schema.org\",\"@graph\":[{\"@type\":\"WebPage\",\"@id\":\"https:\/\/nyforetagarcentrum.se\/mark\/vara-samarbetspartners\/\",\"url\":\"https:\/\/nyforetagarcentrum.se\/mark\/vara-samarbetspartners\/\",\"name\":\"V\u00e5ra samarbetspartners - Mark\",\"isPartOf\":{\"@id\":\"https:\/\/nyforetagarcentrum.se\/mark\/#website\"},\"datePublished\":\"2024-02-22T09:24:51+00:00\",\"dateModified\":\"2025-06-09T12:59:24+00:00\",\"breadcrumb\":{\"@id\":\"https:\/\/nyforetagarcentrum.se\/mark\/vara-samarbetspartners\/#breadcrumb\"},\"inLanguage\":\"sv-SE\",\"potentialAction\":[{\"@type\":\"ReadAction\",\"target\":[\"https:\/\/nyforetagarcentrum.se\/mark\/vara-samarbetspartners\/\"]}]},{\"@type\":\"BreadcrumbList\",\"@id\":\"https:\/\/nyforetagarcentrum.se\/mark\/vara-samarbetspartners\/#breadcrumb\",\"itemListElement\":[{\"@type\":\"ListItem\",\"position\":1,\"name\":\"Hem\",\"item\":\"https:\/\/nyforetagarcentrum.se\/mark\/\"},{\"@type\":\"ListItem\",\"position\":2,\"name\":\"V\u00e5ra samarbetspartners\"}]},{\"@type\":\"WebSite\",\"@id\":\"https:\/\/nyforetagarcentrum.se\/mark\/#website\",\"url\":\"https:\/\/nyforetagarcentrum.se\/mark\/\",\"name\":\"Mark\",\"description\":\"Sveriges ledande kraft f\u00f6r fler nya livskraftiga f\u00f6retag\",\"publisher\":{\"@id\":\"https:\/\/nyforetagarcentrum.se\/mark\/#organization\"},\"potentialAction\":[{\"@type\":\"SearchAction\",\"target\":{\"@type\":\"EntryPoint\",\"urlTemplate\":\"https:\/\/nyforetagarcentrum.se\/mark\/?s={search_term_string}\"},\"query-input\":\"required name=search_term_string\"}],\"inLanguage\":\"sv-SE\"},{\"@type\":\"Organization\",\"@id\":\"https:\/\/nyforetagarcentrum.se\/mark\/#organization\",\"name\":\"Mark\",\"url\":\"https:\/\/nyforetagarcentrum.se\/mark\/\",\"logo\":{\"@type\":\"ImageObject\",\"inLanguage\":\"sv-SE\",\"@id\":\"https:\/\/nyforetagarcentrum.se\/mark\/#\/schema\/logo\/image\/\",\"url\":\"https:\/\/nyforetagarcentrum.se\/mark\/wp-content\/uploads\/sites\/36\/2024\/04\/Mark-1.png\",\"contentUrl\":\"https:\/\/nyforetagarcentrum.se\/mark\/wp-content\/uploads\/sites\/36\/2024\/04\/Mark-1.png\",\"width\":1082,\"height\":542,\"caption\":\"Mark\"},\"image\":{\"@id\":\"https:\/\/nyforetagarcentrum.se\/mark\/#\/schema\/logo\/image\/\"}}]}<\/script>\n<!-- \/ Yoast SEO plugin. -->","yoast_head_json":{"title":"V\u00e5ra samarbetspartners - Mark","robots":{"index":"index","follow":"follow","max-snippet":"max-snippet:-1","max-image-preview":"max-image-preview:large","max-video-preview":"max-video-preview:-1"},"canonical":"https:\/\/nyforetagarcentrum.se\/mark\/vara-samarbetspartners\/","og_locale":"sv_SE","og_type":"article","og_title":"V\u00e5ra samarbetspartners - Mark","og_description":"Vill du ocks\u00e5 bli samarbetspartner med oss? Du \u00e4r i s\u00e5 fall i gott s\u00e4llskap, se nedan. Ta kontakt med Gunnar Martinsson p\u00e5 telefon 0320-79 48 00 eller mejladress mark@nyforetagarcentrum.se! Samarbetspartner Platina Samarbetspartner Guld Samarbetspartner silver Samarbetspartner brons","og_url":"https:\/\/nyforetagarcentrum.se\/mark\/vara-samarbetspartners\/","og_site_name":"Mark","article_modified_time":"2025-06-09T12:59:24+00:00","twitter_card":"summary_large_image","twitter_misc":{"Ber\u00e4knad l\u00e4stid":"1 minut"},"schema":{"@context":"https:\/\/schema.org","@graph":[{"@type":"WebPage","@id":"https:\/\/nyforetagarcentrum.se\/mark\/vara-samarbetspartners\/","url":"https:\/\/nyforetagarcentrum.se\/mark\/vara-samarbetspartners\/","name":"V\u00e5ra samarbetspartners - Mark","isPartOf":{"@id":"https:\/\/nyforetagarcentrum.se\/mark\/#website"},"datePublished":"2024-02-22T09:24:51+00:00","dateModified":"2025-06-09T12:59:24+00:00","breadcrumb":{"@id":"https:\/\/nyforetagarcentrum.se\/mark\/vara-samarbetspartners\/#breadcrumb"},"inLanguage":"sv-SE","potentialAction":[{"@type":"ReadAction","target":["https:\/\/nyforetagarcentrum.se\/mark\/vara-samarbetspartners\/"]}]},{"@type":"BreadcrumbList","@id":"https:\/\/nyforetagarcentrum.se\/mark\/vara-samarbetspartners\/#breadcrumb","itemListElement":[{"@type":"ListItem","position":1,"name":"Hem","item":"https:\/\/nyforetagarcentrum.se\/mark\/"},{"@type":"ListItem","position":2,"name":"V\u00e5ra samarbetspartners"}]},{"@type":"WebSite","@id":"https:\/\/nyforetagarcentrum.se\/mark\/#website","url":"https:\/\/nyforetagarcentrum.se\/mark\/","name":"Mark","description":"Sveriges ledande kraft f\u00f6r fler nya livskraftiga f\u00f6retag","publisher":{"@id":"https:\/\/nyforetagarcentrum.se\/mark\/#organization"},"potentialAction":[{"@type":"SearchAction","target":{"@type":"EntryPoint","urlTemplate":"https:\/\/nyforetagarcentrum.se\/mark\/?s={search_term_string}"},"query-input":"required name=search_term_string"}],"inLanguage":"sv-SE"},{"@type":"Organization","@id":"https:\/\/nyforetagarcentrum.se\/mark\/#organization","name":"Mark","url":"https:\/\/nyforetagarcentrum.se\/mark\/","logo":{"@type":"ImageObject","inLanguage":"sv-SE","@id":"https:\/\/nyforetagarcentrum.se\/mark\/#\/schema\/logo\/image\/","url":"https:\/\/nyforetagarcentrum.se\/mark\/wp-content\/uploads\/sites\/36\/2024\/04\/Mark-1.png","contentUrl":"https:\/\/nyforetagarcentrum.se\/mark\/wp-content\/uploads\/sites\/36\/2024\/04\/Mark-1.png","width":1082,"height":542,"caption":"Mark"},"image":{"@id":"https:\/\/nyforetagarcentrum.se\/mark\/#\/schema\/logo\/image\/"}}]}},"_links":{"self":[{"href":"https:\/\/nyforetagarcentrum.se\/mark\/wp-json\/wp\/v2\/pages\/41"}],"collection":[{"href":"https:\/\/nyforetagarcentrum.se\/mark\/wp-json\/wp\/v2\/pages"}],"about":[{"href":"https:\/\/nyforetagarcentrum.se\/mark\/wp-json\/wp\/v2\/types\/page"}],"author":[{"embeddable":true,"href":"https:\/\/nyforetagarcentrum.se\/mark\/wp-json\/wp\/v2\/users\/1"}],"replies":[{"embeddable":true,"href":"https:\/\/nyforetagarcentrum.se\/mark\/wp-json\/wp\/v2\/comments?post=41"}],"version-history":[{"count":33,"href":"https:\/\/nyforetagarcentrum.se\/mark\/wp-json\/wp\/v2\/pages\/41\/revisions"}],"predecessor-version":[{"id":633,"href":"https:\/\/nyforetagarcentrum.se\/mark\/wp-json\/wp\/v2\/pages\/41\/revisions\/633"}],"wp:attachment":[{"href":"https:\/\/nyforetagarcentrum.se\/mark\/wp-json\/wp\/v2\/media?parent=41"}],"curies":[{"name":"wp","href":"https:\/\/api.w.org\/{rel}","templated":true}]}}