{"id":239,"date":"2024-02-29T13:59:39","date_gmt":"2024-02-29T12:59:39","guid":{"rendered":"https:\/\/nyforetagarcentrum.se\/mark\/?page_id=239"},"modified":"2024-04-14T21:55:24","modified_gmt":"2024-04-14T19:55:24","slug":"vara-radgivare","status":"publish","type":"page","link":"https:\/\/nyforetagarcentrum.se\/mark\/vara-radgivare\/","title":{"rendered":"V\u00e5ra r\u00e5dgivare"},"content":{"rendered":"<section  class=\"nfc-block-hero alignfull\">\n\n    <img loading=\"lazy\" decoding=\"async\" width=\"1920\" height=\"793\" src=\"https:\/\/nyforetagarcentrum.se\/mark\/wp-content\/uploads\/sites\/36\/2024\/04\/nyforetagarcentrum-mark-2024-radgivning.jpg\" class=\"attachment-landscape size-landscape\" alt=\"\" srcset=\"https:\/\/nyforetagarcentrum.se\/mark\/wp-content\/uploads\/sites\/36\/2024\/04\/nyforetagarcentrum-mark-2024-radgivning.jpg 1920w, https:\/\/nyforetagarcentrum.se\/mark\/wp-content\/uploads\/sites\/36\/2024\/04\/nyforetagarcentrum-mark-2024-radgivning-300x124.jpg 300w, https:\/\/nyforetagarcentrum.se\/mark\/wp-content\/uploads\/sites\/36\/2024\/04\/nyforetagarcentrum-mark-2024-radgivning-1024x423.jpg 1024w, https:\/\/nyforetagarcentrum.se\/mark\/wp-content\/uploads\/sites\/36\/2024\/04\/nyforetagarcentrum-mark-2024-radgivning-768x317.jpg 768w, https:\/\/nyforetagarcentrum.se\/mark\/wp-content\/uploads\/sites\/36\/2024\/04\/nyforetagarcentrum-mark-2024-radgivning-1536x634.jpg 1536w\" sizes=\"(max-width: 1920px) 100vw, 1920px\" \/>\n    <div class=\"contained\">\n        <h1 class=\"nfc-block-hero__heading\">V\u00e5ra r\u00e5dgivare<\/h1>\n\n            <\/div>\n<\/section>\n\n\n<div style=\"height:49px\" aria-hidden=\"true\" class=\"wp-block-spacer\"><\/div>\n\n\n<section  class=\"nfc-block-breadcrumbs\">\n    <div class=\"wrapper contained\">\n        <ol class=\"breadcrumbs\" itemscope itemtype=\"https:\/\/schema.org\/BreadcrumbList\">\n            <li itemprop=\"itemListElement\" itemscope itemtype=\"https:\/\/schema.org\/ListItem\">\n            \n\n                            <span class=\"current\" itemprop=\"name\">Hem<\/span>\n            \n            <meta itemprop=\"position\" content=\"1\" \/>\n        <\/li>\n    <\/ol>    <\/div>\n<\/section>\n\n\n<div style=\"height:100px\" aria-hidden=\"true\" class=\"wp-block-spacer\"><\/div>\n\n\n<section  class=\"nfc-block-person_grid alignwide layout-featured\">\n    <div class=\"contained\">\n        <div class=\"grid\">\n            <div class=\"person-featured-card\">\n    \n    <div class=\"featured_image\">\n                    <img loading=\"lazy\" decoding=\"async\" width=\"800\" height=\"800\" src=\"https:\/\/nyforetagarcentrum.se\/mark\/wp-content\/uploads\/sites\/36\/2024\/02\/Gunnar-Martinsson-3s.jpg\" class=\"attachment-large size-large\" alt=\"\" srcset=\"https:\/\/nyforetagarcentrum.se\/mark\/wp-content\/uploads\/sites\/36\/2024\/02\/Gunnar-Martinsson-3s.jpg 800w, https:\/\/nyforetagarcentrum.se\/mark\/wp-content\/uploads\/sites\/36\/2024\/02\/Gunnar-Martinsson-3s-300x300.jpg 300w, https:\/\/nyforetagarcentrum.se\/mark\/wp-content\/uploads\/sites\/36\/2024\/02\/Gunnar-Martinsson-3s-150x150.jpg 150w, https:\/\/nyforetagarcentrum.se\/mark\/wp-content\/uploads\/sites\/36\/2024\/02\/Gunnar-Martinsson-3s-768x768.jpg 768w\" sizes=\"(max-width: 800px) 100vw, 800px\" \/>            <\/div>\n\n    <div class=\"content-wrapper\">\n        <h3>Gunnar Martinsson<\/h3>\n\n        \n                    <div class=\"excerpt\">\n                M\u00e5ng\u00e5rig erfarenhet som aff\u00e4rsutvecklare f\u00f6r f\u00f6retag inom regionen. \u00c4ven gedigen erfarenhet som f\u00f6retagare.                <br\/>\n                            <\/div>\n        \n                    <a href=\"https:\/\/jobsdata-nyforetagarcentrum.se\/ExternBooking?OfficeId=584fe9ec-b6e6-ea11-90fb-005056854b61\" class=\"booking-button button outlined\">Boka r\u00e5dgivning<\/a>\n            <\/div>\n<\/div>        <\/div>\n    <\/div>\n<\/section>\n\n\n<div style=\"height:100px\" aria-hidden=\"true\" class=\"wp-block-spacer\"><\/div>\n","protected":false},"excerpt":{"rendered":"","protected":false},"author":1,"featured_media":0,"parent":0,"menu_order":0,"comment_status":"closed","ping_status":"closed","template":"","meta":{"footnotes":""},"acf":[],"yoast_head":"<!-- This site is optimized with the Yoast SEO plugin v22.9 - https:\/\/yoast.com\/wordpress\/plugins\/seo\/ -->\n<title>V\u00e5ra r\u00e5dgivare - Mark<\/title>\n<meta name=\"robots\" content=\"index, follow, max-snippet:-1, max-image-preview:large, max-video-preview:-1\" \/>\n<link rel=\"canonical\" href=\"https:\/\/nyforetagarcentrum.se\/mark\/vara-radgivare\/\" \/>\n<meta property=\"og:locale\" content=\"sv_SE\" \/>\n<meta property=\"og:type\" content=\"article\" \/>\n<meta property=\"og:title\" content=\"V\u00e5ra r\u00e5dgivare - Mark\" \/>\n<meta property=\"og:url\" content=\"https:\/\/nyforetagarcentrum.se\/mark\/vara-radgivare\/\" \/>\n<meta property=\"og:site_name\" content=\"Mark\" \/>\n<meta property=\"article:modified_time\" content=\"2024-04-14T19:55:24+00:00\" \/>\n<meta name=\"twitter:card\" content=\"summary_large_image\" \/>\n<script type=\"application\/ld+json\" class=\"yoast-schema-graph\">{\"@context\":\"https:\/\/schema.org\",\"@graph\":[{\"@type\":\"WebPage\",\"@id\":\"https:\/\/nyforetagarcentrum.se\/mark\/vara-radgivare\/\",\"url\":\"https:\/\/nyforetagarcentrum.se\/mark\/vara-radgivare\/\",\"name\":\"V\u00e5ra r\u00e5dgivare - Mark\",\"isPartOf\":{\"@id\":\"https:\/\/nyforetagarcentrum.se\/mark\/#website\"},\"datePublished\":\"2024-02-29T12:59:39+00:00\",\"dateModified\":\"2024-04-14T19:55:24+00:00\",\"breadcrumb\":{\"@id\":\"https:\/\/nyforetagarcentrum.se\/mark\/vara-radgivare\/#breadcrumb\"},\"inLanguage\":\"sv-SE\",\"potentialAction\":[{\"@type\":\"ReadAction\",\"target\":[\"https:\/\/nyforetagarcentrum.se\/mark\/vara-radgivare\/\"]}]},{\"@type\":\"BreadcrumbList\",\"@id\":\"https:\/\/nyforetagarcentrum.se\/mark\/vara-radgivare\/#breadcrumb\",\"itemListElement\":[{\"@type\":\"ListItem\",\"position\":1,\"name\":\"Hem\",\"item\":\"https:\/\/nyforetagarcentrum.se\/mark\/\"},{\"@type\":\"ListItem\",\"position\":2,\"name\":\"V\u00e5ra r\u00e5dgivare\"}]},{\"@type\":\"WebSite\",\"@id\":\"https:\/\/nyforetagarcentrum.se\/mark\/#website\",\"url\":\"https:\/\/nyforetagarcentrum.se\/mark\/\",\"name\":\"Mark\",\"description\":\"Sveriges ledande kraft f\u00f6r fler nya livskraftiga f\u00f6retag\",\"publisher\":{\"@id\":\"https:\/\/nyforetagarcentrum.se\/mark\/#organization\"},\"potentialAction\":[{\"@type\":\"SearchAction\",\"target\":{\"@type\":\"EntryPoint\",\"urlTemplate\":\"https:\/\/nyforetagarcentrum.se\/mark\/?s={search_term_string}\"},\"query-input\":\"required name=search_term_string\"}],\"inLanguage\":\"sv-SE\"},{\"@type\":\"Organization\",\"@id\":\"https:\/\/nyforetagarcentrum.se\/mark\/#organization\",\"name\":\"Mark\",\"url\":\"https:\/\/nyforetagarcentrum.se\/mark\/\",\"logo\":{\"@type\":\"ImageObject\",\"inLanguage\":\"sv-SE\",\"@id\":\"https:\/\/nyforetagarcentrum.se\/mark\/#\/schema\/logo\/image\/\",\"url\":\"https:\/\/nyforetagarcentrum.se\/mark\/wp-content\/uploads\/sites\/36\/2024\/07\/mark_bla.png\",\"contentUrl\":\"https:\/\/nyforetagarcentrum.se\/mark\/wp-content\/uploads\/sites\/36\/2024\/07\/mark_bla.png\",\"width\":870,\"height\":355,\"caption\":\"Mark\"},\"image\":{\"@id\":\"https:\/\/nyforetagarcentrum.se\/mark\/#\/schema\/logo\/image\/\"}}]}<\/script>\n<!-- \/ Yoast SEO plugin. -->","yoast_head_json":{"title":"V\u00e5ra r\u00e5dgivare - Mark","robots":{"index":"index","follow":"follow","max-snippet":"max-snippet:-1","max-image-preview":"max-image-preview:large","max-video-preview":"max-video-preview:-1"},"canonical":"https:\/\/nyforetagarcentrum.se\/mark\/vara-radgivare\/","og_locale":"sv_SE","og_type":"article","og_title":"V\u00e5ra r\u00e5dgivare - Mark","og_url":"https:\/\/nyforetagarcentrum.se\/mark\/vara-radgivare\/","og_site_name":"Mark","article_modified_time":"2024-04-14T19:55:24+00:00","twitter_card":"summary_large_image","schema":{"@context":"https:\/\/schema.org","@graph":[{"@type":"WebPage","@id":"https:\/\/nyforetagarcentrum.se\/mark\/vara-radgivare\/","url":"https:\/\/nyforetagarcentrum.se\/mark\/vara-radgivare\/","name":"V\u00e5ra r\u00e5dgivare - Mark","isPartOf":{"@id":"https:\/\/nyforetagarcentrum.se\/mark\/#website"},"datePublished":"2024-02-29T12:59:39+00:00","dateModified":"2024-04-14T19:55:24+00:00","breadcrumb":{"@id":"https:\/\/nyforetagarcentrum.se\/mark\/vara-radgivare\/#breadcrumb"},"inLanguage":"sv-SE","potentialAction":[{"@type":"ReadAction","target":["https:\/\/nyforetagarcentrum.se\/mark\/vara-radgivare\/"]}]},{"@type":"BreadcrumbList","@id":"https:\/\/nyforetagarcentrum.se\/mark\/vara-radgivare\/#breadcrumb","itemListElement":[{"@type":"ListItem","position":1,"name":"Hem","item":"https:\/\/nyforetagarcentrum.se\/mark\/"},{"@type":"ListItem","position":2,"name":"V\u00e5ra r\u00e5dgivare"}]},{"@type":"WebSite","@id":"https:\/\/nyforetagarcentrum.se\/mark\/#website","url":"https:\/\/nyforetagarcentrum.se\/mark\/","name":"Mark","description":"Sveriges ledande kraft f\u00f6r fler nya livskraftiga f\u00f6retag","publisher":{"@id":"https:\/\/nyforetagarcentrum.se\/mark\/#organization"},"potentialAction":[{"@type":"SearchAction","target":{"@type":"EntryPoint","urlTemplate":"https:\/\/nyforetagarcentrum.se\/mark\/?s={search_term_string}"},"query-input":"required name=search_term_string"}],"inLanguage":"sv-SE"},{"@type":"Organization","@id":"https:\/\/nyforetagarcentrum.se\/mark\/#organization","name":"Mark","url":"https:\/\/nyforetagarcentrum.se\/mark\/","logo":{"@type":"ImageObject","inLanguage":"sv-SE","@id":"https:\/\/nyforetagarcentrum.se\/mark\/#\/schema\/logo\/image\/","url":"https:\/\/nyforetagarcentrum.se\/mark\/wp-content\/uploads\/sites\/36\/2024\/07\/mark_bla.png","contentUrl":"https:\/\/nyforetagarcentrum.se\/mark\/wp-content\/uploads\/sites\/36\/2024\/07\/mark_bla.png","width":870,"height":355,"caption":"Mark"},"image":{"@id":"https:\/\/nyforetagarcentrum.se\/mark\/#\/schema\/logo\/image\/"}}]}},"_links":{"self":[{"href":"https:\/\/nyforetagarcentrum.se\/mark\/wp-json\/wp\/v2\/pages\/239"}],"collection":[{"href":"https:\/\/nyforetagarcentrum.se\/mark\/wp-json\/wp\/v2\/pages"}],"about":[{"href":"https:\/\/nyforetagarcentrum.se\/mark\/wp-json\/wp\/v2\/types\/page"}],"author":[{"embeddable":true,"href":"https:\/\/nyforetagarcentrum.se\/mark\/wp-json\/wp\/v2\/users\/1"}],"replies":[{"embeddable":true,"href":"https:\/\/nyforetagarcentrum.se\/mark\/wp-json\/wp\/v2\/comments?post=239"}],"version-history":[{"count":7,"href":"https:\/\/nyforetagarcentrum.se\/mark\/wp-json\/wp\/v2\/pages\/239\/revisions"}],"predecessor-version":[{"id":510,"href":"https:\/\/nyforetagarcentrum.se\/mark\/wp-json\/wp\/v2\/pages\/239\/revisions\/510"}],"wp:attachment":[{"href":"https:\/\/nyforetagarcentrum.se\/mark\/wp-json\/wp\/v2\/media?parent=239"}],"curies":[{"name":"wp","href":"https:\/\/api.w.org\/{rel}","templated":true}]}}