{"id":161,"date":"2024-02-27T16:04:37","date_gmt":"2024-02-27T15:04:37","guid":{"rendered":"https:\/\/nyforetagarcentrum.se\/mark\/?page_id=161"},"modified":"2024-04-23T20:32:05","modified_gmt":"2024-04-23T18:32:05","slug":"om-oss","status":"publish","type":"page","link":"https:\/\/nyforetagarcentrum.se\/mark\/om-oss\/","title":{"rendered":"Om oss"},"content":{"rendered":"<section  class=\"nfc-block-hero alignfull\">\n\n    <img loading=\"lazy\" decoding=\"async\" width=\"714\" height=\"622\" src=\"https:\/\/nyforetagarcentrum.se\/mark\/wp-content\/uploads\/sites\/36\/2024\/02\/ySLeov8m_8.png\" class=\"attachment-landscape size-landscape\" alt=\"\" srcset=\"https:\/\/nyforetagarcentrum.se\/mark\/wp-content\/uploads\/sites\/36\/2024\/02\/ySLeov8m_8.png 714w, https:\/\/nyforetagarcentrum.se\/mark\/wp-content\/uploads\/sites\/36\/2024\/02\/ySLeov8m_8-300x261.png 300w\" sizes=\"(max-width: 714px) 100vw, 714px\" \/>\n    <div class=\"contained\">\n        <h1 class=\"nfc-block-hero__heading\">Om oss<\/h1>\n\n            <\/div>\n<\/section>\n\n\n<div style=\"height:50px\" aria-hidden=\"true\" class=\"wp-block-spacer\"><\/div>\n\n\n<section  class=\"nfc-block-breadcrumbs\">\n    <div class=\"wrapper contained\">\n        <ol class=\"breadcrumbs\" itemscope itemtype=\"https:\/\/schema.org\/BreadcrumbList\">\n            <li itemprop=\"itemListElement\" itemscope itemtype=\"https:\/\/schema.org\/ListItem\">\n            \n\n                            <span class=\"current\" itemprop=\"name\">Hem<\/span>\n            \n            <meta itemprop=\"position\" content=\"1\" \/>\n        <\/li>\n    <\/ol>    <\/div>\n<\/section>\n\n\n<div style=\"height:51px\" aria-hidden=\"true\" class=\"wp-block-spacer\"><\/div>\n\n\n<section  class=\"nfc-block-split_screen alignwide image_alignment-left\">\n    <div class=\"wrapper\">\n        <div class=\"nfc-block-split_screen__image-wrapper\">\n            <img loading=\"lazy\" decoding=\"async\" width=\"1469\" height=\"981\" src=\"https:\/\/nyforetagarcentrum.se\/mark\/wp-content\/uploads\/sites\/36\/2024\/02\/4083b98ac6a43f162142a286decbc08f.png\" class=\"attachment-landscape size-landscape\" alt=\"\" srcset=\"https:\/\/nyforetagarcentrum.se\/mark\/wp-content\/uploads\/sites\/36\/2024\/02\/4083b98ac6a43f162142a286decbc08f.png 1469w, https:\/\/nyforetagarcentrum.se\/mark\/wp-content\/uploads\/sites\/36\/2024\/02\/4083b98ac6a43f162142a286decbc08f-300x200.png 300w, https:\/\/nyforetagarcentrum.se\/mark\/wp-content\/uploads\/sites\/36\/2024\/02\/4083b98ac6a43f162142a286decbc08f-1024x684.png 1024w, https:\/\/nyforetagarcentrum.se\/mark\/wp-content\/uploads\/sites\/36\/2024\/02\/4083b98ac6a43f162142a286decbc08f-768x513.png 768w\" sizes=\"(max-width: 1469px) 100vw, 1469px\" \/>        <\/div>\n\n        <div class=\"nfc-block-split_screen__content-wrapper\">\n            <h2>V\u00e5r verksamhet<\/h2>\n<p>H\u00e4r kan du fylla i lite om ditt lokala Nyf\u00f6retagarCentrum. Vad \u00e4r er historia, vilka resultat har uppn\u00e5tts? Finns det n\u00e5got som s\u00e4rskiljer er som akt\u00f6rer p\u00e5 den lokala marknaden? Den h\u00e4r delen kan vara s\u00e5 l\u00e5ng\/kort som k\u00e4nns rimligt f\u00f6r er. Saker att redigera V\u00e4lj en bild som reflekterar er Fyll p\u00e5 lite text Beh\u00f6vs mer utrymme eller l\u00e4nkning till er samarbetspartner sida kan det g\u00f6ras med det som heter \u201cknapp\u201d nedanf\u00f6r. Fyll i d\u00e4r vad som ska st\u00e5 p\u00e5 knappen samt vart den ska l\u00e4nka. (s\u00f6k p\u00e5 sidan letar igenom hemsidan s\u00e5 att du l\u00e4tt kan hitta r\u00e4tt).<\/p>\n\n                            <div class=\"nfc-block-split_screen__buttons\">\n                                            <a href=\"vara-samarbetspartners\/\" class=\"button outlined\">V\u00e5ra samarbetspartners<\/a>\n                                    <\/div>\n            \n        <\/div>\n    <\/div>\n<\/section>\n\n\n<div style=\"height:50px\" aria-hidden=\"true\" class=\"wp-block-spacer\"><\/div>\n\n\n\n<div class=\"wp-block-group alignfull has-white-background-color has-background is-layout-constrained wp-block-group-is-layout-constrained\">\n<div style=\"height:51px\" aria-hidden=\"true\" class=\"wp-block-spacer\"><\/div>\n\n\n<section  class=\"nfc-block-quote contained alignfull\">\n    <div class=\"wrapper contained\">\n        <p class=\"quote h2\">Skriv ett bra sitat om era resultat under \u00e5ret eller n\u00e5gon typ av statistik som du vill presentera.<\/p>\n        <div class=\"author\">\n            <div class=\"avatar\">\n                <img loading=\"lazy\" decoding=\"async\" width=\"150\" height=\"150\" src=\"https:\/\/nyforetagarcentrum.se\/mark\/wp-content\/uploads\/sites\/36\/2024\/02\/cropped-NFC_CMYK_2010_logo-150x150.png\" class=\"attachment-thumbnail size-thumbnail\" alt=\"\" srcset=\"https:\/\/nyforetagarcentrum.se\/mark\/wp-content\/uploads\/sites\/36\/2024\/02\/cropped-NFC_CMYK_2010_logo-150x150.png 150w, https:\/\/nyforetagarcentrum.se\/mark\/wp-content\/uploads\/sites\/36\/2024\/02\/cropped-NFC_CMYK_2010_logo-300x300.png 300w, https:\/\/nyforetagarcentrum.se\/mark\/wp-content\/uploads\/sites\/36\/2024\/02\/cropped-NFC_CMYK_2010_logo.png 512w\" sizes=\"(max-width: 150px) 100vw, 150px\" \/>            <\/div>\n            <div class=\"text\">\n                <p class=\"name\">Namn Efternamn<\/p>\n                <p class=\"subtitle\">Solna<\/p>\n            <\/div>\n        <\/div>\n    <\/div>\n<\/section>\n\n\n<div style=\"height:51px\" aria-hidden=\"true\" class=\"wp-block-spacer\"><\/div>\n\n\n\n<div class=\"wp-block-columns alignwide is-layout-flex wp-container-core-columns-is-layout-1 wp-block-columns-is-layout-flex\">\n<div class=\"wp-block-column is-layout-flow wp-block-column-is-layout-flow\">\n<p class=\"no-margin\" style=\"font-size:100px;font-style:normal;font-weight:700\">57%<\/p>\n\n\n\n<p class=\"has-text-color has-link-color wp-elements-dbb9d6a20bfc1440459cdff053fd55cc\" style=\"color:#4d4d4d\">Av de f\u00f6retag vi hj\u00e4lper s\u00e5 \u00e4r runt 57% kvar om 3 \u00e5r<\/p>\n<\/div>\n\n\n\n<div class=\"wp-block-column is-layout-flow wp-block-column-is-layout-flow\">\n<p class=\"no-margin\" style=\"font-size:100px;font-style:normal;font-weight:700\">203<\/p>\n\n\n\n<p class=\"has-text-color has-link-color wp-elements-70d5967c868720aaaabb2d9473259407\" style=\"color:#4d4d4d\">F\u00f6rra \u00e5ret hj\u00e4lpte vi 203 st nyf\u00f6retagare med personlig r\u00e5dgivning<\/p>\n<\/div>\n\n\n\n<div class=\"wp-block-column is-layout-flow wp-block-column-is-layout-flow\">\n<p class=\"no-margin\" style=\"font-size:100px;font-style:normal;font-weight:700\">17 053<\/p>\n\n\n\n<p class=\"has-text-color has-link-color wp-elements-70d5967c868720aaaabb2d9473259407\" style=\"color:#4d4d4d\">F\u00f6rra \u00e5ret hj\u00e4lpte vi 203 st nyf\u00f6retagare med personlig r\u00e5dgivning<\/p>\n<\/div>\n<\/div>\n\n\n\n<div style=\"height:51px\" aria-hidden=\"true\" class=\"wp-block-spacer\"><\/div>\n\n\n\n<div class=\"wp-block-buttons alignwide is-layout-flex wp-block-buttons-is-layout-flex\">\n<div class=\"wp-block-button is-style-outline\"><a class=\"wp-block-button__link wp-element-button\">V\u00e5ra resultat<\/a><\/div>\n<\/div>\n\n\n\n<div style=\"height:51px\" aria-hidden=\"true\" class=\"wp-block-spacer\"><\/div>\n<\/div>\n\n\n\n<div style=\"height:50px\" aria-hidden=\"true\" class=\"wp-block-spacer\"><\/div>\n\n\n\n<h2 class=\"wp-block-heading has-text-align-center\">\u00c4r ditt f\u00f6retag eller organisation intresserad av att st\u00f6da Nyf\u00f6retagarCentrum [ortsnamn]s arbete?<\/h2>\n\n\n\n<div class=\"wp-block-group alignfull is-layout-constrained wp-block-group-is-layout-constrained\"><section  class=\"nfc-block-form aligncontent layout-small\">\n    <div class=\"contained\">\n\n        <form data-nfc-form=\"block_38e545087eac1b7abbb70a02fcd78d72\" data-nfc-page=\"161\">\n            <label class=\"input-wrapper\" for=\"namn\">\n    <span>Namn<\/span>\n    <input type=\"text\" name=\"namn\" id=\"namn\" placeholder=\"\" >\n<\/label><label class=\"input-wrapper\" for=\"foretag-eller-organisation\">\n    <span>F\u00f6retag eller organisation<\/span>\n    <input type=\"text\" name=\"foretag-eller-organisation\" id=\"foretag-eller-organisation\" placeholder=\"\" >\n<\/label><label class=\"input-wrapper\" for=\"e-post\">\n    <span>E-post<\/span>\n    <input type=\"text\" name=\"e-post\" id=\"e-post\" placeholder=\"\" >\n<\/label>\n            <div class=\"input-wrapper\">\n                <button type=\"submit\" class=\"button\">Skicka<\/button>\n            <\/div>\n        <\/form>\n    <\/div>\n<\/section><\/div>\n\n\n\n<div style=\"height:100px\" aria-hidden=\"true\" class=\"wp-block-spacer\"><\/div>\n","protected":false},"excerpt":{"rendered":"<p>57% Av de f\u00f6retag vi hj\u00e4lper s\u00e5 \u00e4r runt 57% kvar om 3 \u00e5r 203 F\u00f6rra \u00e5ret hj\u00e4lpte vi 203 st nyf\u00f6retagare med personlig r\u00e5dgivning 17 053 F\u00f6rra \u00e5ret hj\u00e4lpte vi 203 st nyf\u00f6retagare med personlig r\u00e5dgivning \u00c4r ditt f\u00f6retag eller organisation intresserad av att st\u00f6da Nyf\u00f6retagarCentrum [ortsnamn]s arbete?<\/p>\n","protected":false},"author":1,"featured_media":0,"parent":0,"menu_order":0,"comment_status":"closed","ping_status":"closed","template":"","meta":{"footnotes":""},"acf":[],"yoast_head":"<!-- This site is optimized with the Yoast SEO plugin v22.9 - https:\/\/yoast.com\/wordpress\/plugins\/seo\/ -->\n<title>Om oss - Mark<\/title>\n<meta name=\"robots\" content=\"index, follow, max-snippet:-1, max-image-preview:large, max-video-preview:-1\" \/>\n<link rel=\"canonical\" href=\"https:\/\/nyforetagarcentrum.se\/mark\/om-oss\/\" \/>\n<meta property=\"og:locale\" content=\"sv_SE\" \/>\n<meta property=\"og:type\" content=\"article\" \/>\n<meta property=\"og:title\" content=\"Om oss - Mark\" \/>\n<meta property=\"og:description\" content=\"57% Av de f\u00f6retag vi hj\u00e4lper s\u00e5 \u00e4r runt 57% kvar om 3 \u00e5r 203 F\u00f6rra \u00e5ret hj\u00e4lpte vi 203 st nyf\u00f6retagare med personlig r\u00e5dgivning 17 053 F\u00f6rra \u00e5ret hj\u00e4lpte vi 203 st nyf\u00f6retagare med personlig r\u00e5dgivning \u00c4r ditt f\u00f6retag eller organisation intresserad av att st\u00f6da Nyf\u00f6retagarCentrum [ortsnamn]s arbete?\" \/>\n<meta property=\"og:url\" content=\"https:\/\/nyforetagarcentrum.se\/mark\/om-oss\/\" \/>\n<meta property=\"og:site_name\" content=\"Mark\" \/>\n<meta property=\"article:modified_time\" content=\"2024-04-23T18:32:05+00:00\" \/>\n<meta name=\"twitter:card\" content=\"summary_large_image\" \/>\n<script type=\"application\/ld+json\" class=\"yoast-schema-graph\">{\"@context\":\"https:\/\/schema.org\",\"@graph\":[{\"@type\":\"WebPage\",\"@id\":\"https:\/\/nyforetagarcentrum.se\/mark\/om-oss\/\",\"url\":\"https:\/\/nyforetagarcentrum.se\/mark\/om-oss\/\",\"name\":\"Om oss - Mark\",\"isPartOf\":{\"@id\":\"https:\/\/nyforetagarcentrum.se\/mark\/#website\"},\"datePublished\":\"2024-02-27T15:04:37+00:00\",\"dateModified\":\"2024-04-23T18:32:05+00:00\",\"breadcrumb\":{\"@id\":\"https:\/\/nyforetagarcentrum.se\/mark\/om-oss\/#breadcrumb\"},\"inLanguage\":\"sv-SE\",\"potentialAction\":[{\"@type\":\"ReadAction\",\"target\":[\"https:\/\/nyforetagarcentrum.se\/mark\/om-oss\/\"]}]},{\"@type\":\"BreadcrumbList\",\"@id\":\"https:\/\/nyforetagarcentrum.se\/mark\/om-oss\/#breadcrumb\",\"itemListElement\":[{\"@type\":\"ListItem\",\"position\":1,\"name\":\"Hem\",\"item\":\"https:\/\/nyforetagarcentrum.se\/mark\/\"},{\"@type\":\"ListItem\",\"position\":2,\"name\":\"Om oss\"}]},{\"@type\":\"WebSite\",\"@id\":\"https:\/\/nyforetagarcentrum.se\/mark\/#website\",\"url\":\"https:\/\/nyforetagarcentrum.se\/mark\/\",\"name\":\"Mark\",\"description\":\"Sveriges ledande kraft f\u00f6r fler nya livskraftiga f\u00f6retag\",\"publisher\":{\"@id\":\"https:\/\/nyforetagarcentrum.se\/mark\/#organization\"},\"potentialAction\":[{\"@type\":\"SearchAction\",\"target\":{\"@type\":\"EntryPoint\",\"urlTemplate\":\"https:\/\/nyforetagarcentrum.se\/mark\/?s={search_term_string}\"},\"query-input\":\"required name=search_term_string\"}],\"inLanguage\":\"sv-SE\"},{\"@type\":\"Organization\",\"@id\":\"https:\/\/nyforetagarcentrum.se\/mark\/#organization\",\"name\":\"Mark\",\"url\":\"https:\/\/nyforetagarcentrum.se\/mark\/\",\"logo\":{\"@type\":\"ImageObject\",\"inLanguage\":\"sv-SE\",\"@id\":\"https:\/\/nyforetagarcentrum.se\/mark\/#\/schema\/logo\/image\/\",\"url\":\"https:\/\/nyforetagarcentrum.se\/mark\/wp-content\/uploads\/sites\/36\/2024\/04\/Mark-1.png\",\"contentUrl\":\"https:\/\/nyforetagarcentrum.se\/mark\/wp-content\/uploads\/sites\/36\/2024\/04\/Mark-1.png\",\"width\":1082,\"height\":542,\"caption\":\"Mark\"},\"image\":{\"@id\":\"https:\/\/nyforetagarcentrum.se\/mark\/#\/schema\/logo\/image\/\"}}]}<\/script>\n<!-- \/ Yoast SEO plugin. -->","yoast_head_json":{"title":"Om oss - Mark","robots":{"index":"index","follow":"follow","max-snippet":"max-snippet:-1","max-image-preview":"max-image-preview:large","max-video-preview":"max-video-preview:-1"},"canonical":"https:\/\/nyforetagarcentrum.se\/mark\/om-oss\/","og_locale":"sv_SE","og_type":"article","og_title":"Om oss - Mark","og_description":"57% Av de f\u00f6retag vi hj\u00e4lper s\u00e5 \u00e4r runt 57% kvar om 3 \u00e5r 203 F\u00f6rra \u00e5ret hj\u00e4lpte vi 203 st nyf\u00f6retagare med personlig r\u00e5dgivning 17 053 F\u00f6rra \u00e5ret hj\u00e4lpte vi 203 st nyf\u00f6retagare med personlig r\u00e5dgivning \u00c4r ditt f\u00f6retag eller organisation intresserad av att st\u00f6da Nyf\u00f6retagarCentrum [ortsnamn]s arbete?","og_url":"https:\/\/nyforetagarcentrum.se\/mark\/om-oss\/","og_site_name":"Mark","article_modified_time":"2024-04-23T18:32:05+00:00","twitter_card":"summary_large_image","schema":{"@context":"https:\/\/schema.org","@graph":[{"@type":"WebPage","@id":"https:\/\/nyforetagarcentrum.se\/mark\/om-oss\/","url":"https:\/\/nyforetagarcentrum.se\/mark\/om-oss\/","name":"Om oss - Mark","isPartOf":{"@id":"https:\/\/nyforetagarcentrum.se\/mark\/#website"},"datePublished":"2024-02-27T15:04:37+00:00","dateModified":"2024-04-23T18:32:05+00:00","breadcrumb":{"@id":"https:\/\/nyforetagarcentrum.se\/mark\/om-oss\/#breadcrumb"},"inLanguage":"sv-SE","potentialAction":[{"@type":"ReadAction","target":["https:\/\/nyforetagarcentrum.se\/mark\/om-oss\/"]}]},{"@type":"BreadcrumbList","@id":"https:\/\/nyforetagarcentrum.se\/mark\/om-oss\/#breadcrumb","itemListElement":[{"@type":"ListItem","position":1,"name":"Hem","item":"https:\/\/nyforetagarcentrum.se\/mark\/"},{"@type":"ListItem","position":2,"name":"Om oss"}]},{"@type":"WebSite","@id":"https:\/\/nyforetagarcentrum.se\/mark\/#website","url":"https:\/\/nyforetagarcentrum.se\/mark\/","name":"Mark","description":"Sveriges ledande kraft f\u00f6r fler nya livskraftiga f\u00f6retag","publisher":{"@id":"https:\/\/nyforetagarcentrum.se\/mark\/#organization"},"potentialAction":[{"@type":"SearchAction","target":{"@type":"EntryPoint","urlTemplate":"https:\/\/nyforetagarcentrum.se\/mark\/?s={search_term_string}"},"query-input":"required name=search_term_string"}],"inLanguage":"sv-SE"},{"@type":"Organization","@id":"https:\/\/nyforetagarcentrum.se\/mark\/#organization","name":"Mark","url":"https:\/\/nyforetagarcentrum.se\/mark\/","logo":{"@type":"ImageObject","inLanguage":"sv-SE","@id":"https:\/\/nyforetagarcentrum.se\/mark\/#\/schema\/logo\/image\/","url":"https:\/\/nyforetagarcentrum.se\/mark\/wp-content\/uploads\/sites\/36\/2024\/04\/Mark-1.png","contentUrl":"https:\/\/nyforetagarcentrum.se\/mark\/wp-content\/uploads\/sites\/36\/2024\/04\/Mark-1.png","width":1082,"height":542,"caption":"Mark"},"image":{"@id":"https:\/\/nyforetagarcentrum.se\/mark\/#\/schema\/logo\/image\/"}}]}},"_links":{"self":[{"href":"https:\/\/nyforetagarcentrum.se\/mark\/wp-json\/wp\/v2\/pages\/161"}],"collection":[{"href":"https:\/\/nyforetagarcentrum.se\/mark\/wp-json\/wp\/v2\/pages"}],"about":[{"href":"https:\/\/nyforetagarcentrum.se\/mark\/wp-json\/wp\/v2\/types\/page"}],"author":[{"embeddable":true,"href":"https:\/\/nyforetagarcentrum.se\/mark\/wp-json\/wp\/v2\/users\/1"}],"replies":[{"embeddable":true,"href":"https:\/\/nyforetagarcentrum.se\/mark\/wp-json\/wp\/v2\/comments?post=161"}],"version-history":[{"count":13,"href":"https:\/\/nyforetagarcentrum.se\/mark\/wp-json\/wp\/v2\/pages\/161\/revisions"}],"predecessor-version":[{"id":601,"href":"https:\/\/nyforetagarcentrum.se\/mark\/wp-json\/wp\/v2\/pages\/161\/revisions\/601"}],"wp:attachment":[{"href":"https:\/\/nyforetagarcentrum.se\/mark\/wp-json\/wp\/v2\/media?parent=161"}],"curies":[{"name":"wp","href":"https:\/\/api.w.org\/{rel}","templated":true}]}}