{"id":911,"date":"2024-05-23T14:22:50","date_gmt":"2024-05-23T12:22:50","guid":{"rendered":"https:\/\/nyforetagarcentrum.se\/lund\/?page_id=911"},"modified":"2024-05-23T14:40:35","modified_gmt":"2024-05-23T12:40:35","slug":"bli-stodforetag","status":"publish","type":"page","link":"https:\/\/nyforetagarcentrum.se\/lund\/vara-samarbetspartners\/bli-stodforetag\/","title":{"rendered":"Bli st\u00f6df\u00f6retag"},"content":{"rendered":"\n<div style=\"height:24px\" aria-hidden=\"true\" class=\"wp-block-spacer\"><\/div>\n\n\n<section  class=\"nfc-block-breadcrumbs alignwide\">\n    <div class=\"wrapper contained\">\n        <ol class=\"breadcrumbs\" itemscope itemtype=\"https:\/\/schema.org\/BreadcrumbList\">\n            <li itemprop=\"itemListElement\" itemscope itemtype=\"https:\/\/schema.org\/ListItem\">\n            \n\n                            <span class=\"current\" itemprop=\"name\">Hem<\/span>\n            \n            <meta itemprop=\"position\" content=\"1\" \/>\n        <\/li>\n    <\/ol>    <\/div>\n<\/section>\n\n\n<div style=\"height:48px\" aria-hidden=\"true\" class=\"wp-block-spacer\"><\/div>\n\n\n\n<div class=\"wp-block-group is-layout-constrained wp-block-group-is-layout-constrained\">\n<h1 class=\"wp-block-heading\">Bli st\u00f6df\u00f6retag<\/h1>\n\n\n\n<p class=\"has-medium-font-size\">Som st\u00f6df\u00f6retag till Stiftelsen Lunds Nyf\u00f6retagarCentrum bidrar man till att n\u00e4ringslivet i Lundaregionen utvecklas och man tar del i ansvaret f\u00f6r att regionens entrepren\u00f6rer skall f\u00e5 den b\u00e4sta m\u00f6jliga hj\u00e4lpen att utveckla sina id\u00e9er och starta nya livskraftiga f\u00f6retag.<\/p>\n<\/div>\n\n\n\n<div style=\"height:48px\" aria-hidden=\"true\" class=\"wp-block-spacer\"><\/div>\n\n\n\n<h2 class=\"wp-block-heading alignwide\">LNC har till uppgift att<\/h2>\n\n\n<section  class=\"nfc-block-text_cards alignwide show_numbers\">\n    <div class=\"wrapper contained\">\n                    <div class=\"text-card\">\n                <div class=\"text-card__content\">\n                    <h3 class=\"heading\" data-number=\"1\">Medverka till att skapa och st\u00f6dja livskraftiga f\u00f6retag i Lundaregionen.<\/h3>\n\n                    \n                    \n                <\/div>\n            <\/div>\n                    <div class=\"text-card\">\n                <div class=\"text-card__content\">\n                    <h3 class=\"heading\" data-number=\"2\">Verka f\u00f6r att f\u00f6retag i tidiga faser kan utvecklas och v\u00e4xa.<\/h3>\n\n                    \n                    \n                <\/div>\n            <\/div>\n                    <div class=\"text-card\">\n                <div class=\"text-card__content\">\n                    <h3 class=\"heading\" data-number=\"3\">Verka som mentor och st\u00f6d till nya f\u00f6retag under de f\u00f6rsta verksamhets\u00e5ren.<\/h3>\n\n                    \n                    \n                <\/div>\n            <\/div>\n                    <div class=\"text-card\">\n                <div class=\"text-card__content\">\n                    <h3 class=\"heading\" data-number=\"4\">Skapa aff\u00e4rsn\u00e4tverk som stimulans och kontaktresurs f\u00f6r nya v\u00e4xande f\u00f6retag.<\/h3>\n\n                    \n                    \n                <\/div>\n            <\/div>\n                    <div class=\"text-card\">\n                <div class=\"text-card__content\">\n                    <h3 class=\"heading\" data-number=\"5\">Bredda n\u00e4ringslivet i Lundaregionen.<\/h3>\n\n                    \n                    \n                <\/div>\n            <\/div>\n                    <div class=\"text-card\">\n                <div class=\"text-card__content\">\n                    <h3 class=\"heading\" data-number=\"6\">I samverkan med aktiva f\u00f6retag skapa ett positivt f\u00f6retagsklimat i regionen<\/h3>\n\n                    \n                    \n                <\/div>\n            <\/div>\n                    <div class=\"text-card\">\n                <div class=\"text-card__content\">\n                    <h3 class=\"heading\" data-number=\"7\">Ge blivande och nystartade f\u00f6retagare objektiv, konfidentiell och kostnadsfri r\u00e5dgivning.<\/h3>\n\n                    \n                    \n                <\/div>\n            <\/div>\n            <\/div>\n<\/section>\n\n\n<div style=\"height:48px\" aria-hidden=\"true\" class=\"wp-block-spacer\"><\/div>\n\n\n<section  class=\"nfc-block-split_screen alignwide image_alignment-right\">\n    <div class=\"wrapper\">\n        <div class=\"nfc-block-split_screen__image-wrapper\">\n            <img loading=\"lazy\" decoding=\"async\" width=\"1475\" height=\"1080\" src=\"https:\/\/nyforetagarcentrum.se\/lund\/wp-content\/uploads\/sites\/62\/2024\/02\/Nyforetagare-natverk-grupp-LOW.jpg\" class=\"attachment-landscape size-landscape\" alt=\"\" srcset=\"https:\/\/nyforetagarcentrum.se\/lund\/wp-content\/uploads\/sites\/62\/2024\/02\/Nyforetagare-natverk-grupp-LOW.jpg 1476w, https:\/\/nyforetagarcentrum.se\/lund\/wp-content\/uploads\/sites\/62\/2024\/02\/Nyforetagare-natverk-grupp-LOW-300x220.jpg 300w, https:\/\/nyforetagarcentrum.se\/lund\/wp-content\/uploads\/sites\/62\/2024\/02\/Nyforetagare-natverk-grupp-LOW-1024x750.jpg 1024w, https:\/\/nyforetagarcentrum.se\/lund\/wp-content\/uploads\/sites\/62\/2024\/02\/Nyforetagare-natverk-grupp-LOW-768x562.jpg 768w\" sizes=\"(max-width: 1475px) 100vw, 1475px\" \/>        <\/div>\n\n        <div class=\"nfc-block-split_screen__content-wrapper\">\n            <h2><strong>St\u00f6df\u00f6retaget st\u00f6ttar LNCs verksamhet<\/strong><\/h2>\n<p>Du bidrar ocks\u00e5, om du s\u00e5 \u00f6nskar, med kompetens, erfarenhet och kunskap inom sitt verksamhetsomr\u00e5de. Omfattningen avg\u00f6rs fr\u00e5n fall till fall i samf\u00f6rst\u00e5nd och d\u00e4r St\u00f6df\u00f6retaget alltid har r\u00e4tt att avb\u00f6ja ett engagemang. St\u00f6det kan best\u00e5 i ett mentorskap, deltaga i en skuggstyrelse, f\u00f6rel\u00e4sare i en seminarieserie, agera som coach, mm.<\/p>\n\n                            <div class=\"nfc-block-split_screen__buttons\">\n                                            <a href=\"\/lund\/kontakt\" class=\"button primary\">Kontakta oss<\/a>\n                                    <\/div>\n            \n        <\/div>\n    <\/div>\n<\/section>\n\n\n<div style=\"height:100px\" aria-hidden=\"true\" class=\"wp-block-spacer\"><\/div>\n\n\n\n<div class=\"wp-block-group is-layout-constrained wp-block-group-is-layout-constrained\">\n<h2 class=\"wp-block-heading has-large-font-size\">F\u00f6rdelar f\u00f6r dig som st\u00f6df\u00f6retag<\/h2>\n\n\n\n<p class=\"has-medium-font-size\">Som\u00a0st\u00f6df\u00f6retag f\u00e5r du tillg\u00e5ng till ett antal olika aktiviteter och m\u00f6jligheter att aktivt bidra till utvecklingen av n\u00e4ringslivsklimatet i Lund. Du kan ocks\u00e5 kommunicera med LNCs n\u00e4tverk p\u00e5 olika s\u00e4tt och sprida kunskap om ditt f\u00f6retag och dina produkter. Du f\u00e5r:<\/p>\n\n\n\n<ul class=\"has-medium-font-size\">\n<li>M\u00f6jlighet att f\u00f6rel\u00e4sa p\u00e5 LNCs seminarier och kurser f\u00f6r nyf\u00f6retagare.<\/li>\n\n\n\n<li>M\u00f6jlighet att, i samarbete med LNC, planera och genomf\u00f6ra seminarier och workshops f\u00f6r nyf\u00f6retagare<\/li>\n\n\n\n<li>M\u00f6jlighet att enligt \u00f6verenskommelse anv\u00e4nda sig av LNC:s namn och\/eller logotyp i egen profilering.<\/li>\n\n\n\n<li>Inbjudan till alla LNC-luncher och andra st\u00f6df\u00f6retagsevenemang.<\/li>\n\n\n\n<li>Deltaga med obegr\u00e4nsat antal, betalande representanter i LNC luncherna.<\/li>\n\n\n\n<li>Presentera sitt f\u00f6retag p\u00e5 en LNC-lunch.<\/li>\n\n\n\n<li>Presentera aktuella nyheter p\u00e5 LNC-luncherna.<\/li>\n\n\n\n<li>Aktivt anv\u00e4nda p\u00e5 LNCs digitala kanaler f\u00f6r kommunikation med n\u00e4tverket.<\/li>\n\n\n\n<li>Publicera sin logotyp p\u00e5 LNCs hemsida med l\u00e4nk till St\u00f6df\u00f6retagets egen hemsida.<\/li>\n\n\n\n<li>Utnyttja utrymme i LNC lokal f\u00f6r utplacering av informationsmaterial, mm.<\/li>\n\n\n\n<li>Finnas representerade i information som LNC l\u00e4mnar om St\u00f6df\u00f6retagen och N\u00e4tverket<\/li>\n\n\n\n<li>Vid behov anv\u00e4nda LNCs r\u00e5dgivare som bollplank\/speaking partners.<\/li>\n\n\n\n<li>M\u00f6jlighet att vid behov erh\u00e5lla konsulthj\u00e4lp av LNC, vid f\u00f6r\u00e4ndringsarbete, etc.<\/li>\n\n\n\n<li>M\u00f6jlighet att LNC mot en sk\u00e4lig ers\u00e4ttning skapar och genomf\u00f6r, f\u00f6r st\u00f6df\u00f6retaget specialdesignade, \u201dStarta Eget kurser\u201d vid \u00f6vertalighet, etc.<\/li>\n\n\n\n<li>Deltaga med representanter i LNCs \u00e5rliga utlandsstudieresa till sj\u00e4lvkostnadspris.<\/li>\n\n\n\n<li>Deltaga med representanter den \u00e5rliga LNC Golfen<\/li>\n<\/ul>\n\n\n\n<div class=\"wp-block-buttons is-layout-flex wp-block-buttons-is-layout-flex\">\n<div class=\"wp-block-button\"><a class=\"wp-block-button__link wp-element-button\" href=\"https:\/\/nyforetagarcentrum.se\/lund\/kontakt\/\">Kontakta oss<\/a><\/div>\n<\/div>\n<\/div>\n\n\n\n<div style=\"height:100px\" aria-hidden=\"true\" class=\"wp-block-spacer\"><\/div>\n","protected":false},"excerpt":{"rendered":"<p>Bli st\u00f6df\u00f6retag Som st\u00f6df\u00f6retag till Stiftelsen Lunds Nyf\u00f6retagarCentrum bidrar man till att n\u00e4ringslivet i Lundaregionen utvecklas och man tar del i ansvaret f\u00f6r att regionens entrepren\u00f6rer skall f\u00e5 den b\u00e4sta m\u00f6jliga hj\u00e4lpen att utveckla sina id\u00e9er och starta nya livskraftiga f\u00f6retag. LNC har till uppgift att F\u00f6rdelar f\u00f6r dig som st\u00f6df\u00f6retag Som\u00a0st\u00f6df\u00f6retag f\u00e5r du tillg\u00e5ng [&hellip;]<\/p>\n","protected":false},"author":34,"featured_media":0,"parent":41,"menu_order":0,"comment_status":"closed","ping_status":"closed","template":"","meta":{"footnotes":""},"acf":[],"yoast_head":"<!-- This site is optimized with the Yoast SEO plugin v22.9 - https:\/\/yoast.com\/wordpress\/plugins\/seo\/ -->\n<title>Bli st\u00f6df\u00f6retag - Lund<\/title>\n<meta name=\"robots\" content=\"index, follow, max-snippet:-1, max-image-preview:large, max-video-preview:-1\" \/>\n<link rel=\"canonical\" href=\"https:\/\/nyforetagarcentrum.se\/lund\/vara-samarbetspartners\/bli-stodforetag\/\" \/>\n<meta property=\"og:locale\" content=\"sv_SE\" \/>\n<meta property=\"og:type\" content=\"article\" \/>\n<meta property=\"og:title\" content=\"Bli st\u00f6df\u00f6retag - Lund\" \/>\n<meta property=\"og:description\" content=\"Bli st\u00f6df\u00f6retag Som st\u00f6df\u00f6retag till Stiftelsen Lunds Nyf\u00f6retagarCentrum bidrar man till att n\u00e4ringslivet i Lundaregionen utvecklas och man tar del i ansvaret f\u00f6r att regionens entrepren\u00f6rer skall f\u00e5 den b\u00e4sta m\u00f6jliga hj\u00e4lpen att utveckla sina id\u00e9er och starta nya livskraftiga f\u00f6retag. LNC har till uppgift att F\u00f6rdelar f\u00f6r dig som st\u00f6df\u00f6retag Som\u00a0st\u00f6df\u00f6retag f\u00e5r du tillg\u00e5ng [&hellip;]\" \/>\n<meta property=\"og:url\" content=\"https:\/\/nyforetagarcentrum.se\/lund\/vara-samarbetspartners\/bli-stodforetag\/\" \/>\n<meta property=\"og:site_name\" content=\"Lund\" \/>\n<meta property=\"article:modified_time\" content=\"2024-05-23T12:40:35+00:00\" \/>\n<meta name=\"twitter:card\" content=\"summary_large_image\" \/>\n<meta name=\"twitter:label1\" content=\"Ber\u00e4knad l\u00e4stid\" \/>\n\t<meta name=\"twitter:data1\" content=\"2 minuter\" \/>\n<script type=\"application\/ld+json\" class=\"yoast-schema-graph\">{\"@context\":\"https:\/\/schema.org\",\"@graph\":[{\"@type\":\"WebPage\",\"@id\":\"https:\/\/nyforetagarcentrum.se\/lund\/vara-samarbetspartners\/bli-stodforetag\/\",\"url\":\"https:\/\/nyforetagarcentrum.se\/lund\/vara-samarbetspartners\/bli-stodforetag\/\",\"name\":\"Bli st\u00f6df\u00f6retag - Lund\",\"isPartOf\":{\"@id\":\"https:\/\/nyforetagarcentrum.se\/lund\/#website\"},\"datePublished\":\"2024-05-23T12:22:50+00:00\",\"dateModified\":\"2024-05-23T12:40:35+00:00\",\"breadcrumb\":{\"@id\":\"https:\/\/nyforetagarcentrum.se\/lund\/vara-samarbetspartners\/bli-stodforetag\/#breadcrumb\"},\"inLanguage\":\"sv-SE\",\"potentialAction\":[{\"@type\":\"ReadAction\",\"target\":[\"https:\/\/nyforetagarcentrum.se\/lund\/vara-samarbetspartners\/bli-stodforetag\/\"]}]},{\"@type\":\"BreadcrumbList\",\"@id\":\"https:\/\/nyforetagarcentrum.se\/lund\/vara-samarbetspartners\/bli-stodforetag\/#breadcrumb\",\"itemListElement\":[{\"@type\":\"ListItem\",\"position\":1,\"name\":\"Hem\",\"item\":\"https:\/\/nyforetagarcentrum.se\/lund\/\"},{\"@type\":\"ListItem\",\"position\":2,\"name\":\"V\u00e5ra samarbetspartners\",\"item\":\"https:\/\/nyforetagarcentrum.se\/lund\/vara-samarbetspartners\/\"},{\"@type\":\"ListItem\",\"position\":3,\"name\":\"Bli st\u00f6df\u00f6retag\"}]},{\"@type\":\"WebSite\",\"@id\":\"https:\/\/nyforetagarcentrum.se\/lund\/#website\",\"url\":\"https:\/\/nyforetagarcentrum.se\/lund\/\",\"name\":\"Lund\",\"description\":\"Sveriges ledande kraft f\u00f6r fler nya livskraftiga f\u00f6retag\",\"publisher\":{\"@id\":\"https:\/\/nyforetagarcentrum.se\/lund\/#organization\"},\"potentialAction\":[{\"@type\":\"SearchAction\",\"target\":{\"@type\":\"EntryPoint\",\"urlTemplate\":\"https:\/\/nyforetagarcentrum.se\/lund\/?s={search_term_string}\"},\"query-input\":\"required name=search_term_string\"}],\"inLanguage\":\"sv-SE\"},{\"@type\":\"Organization\",\"@id\":\"https:\/\/nyforetagarcentrum.se\/lund\/#organization\",\"name\":\"Lund\",\"url\":\"https:\/\/nyforetagarcentrum.se\/lund\/\",\"logo\":{\"@type\":\"ImageObject\",\"inLanguage\":\"sv-SE\",\"@id\":\"https:\/\/nyforetagarcentrum.se\/lund\/#\/schema\/logo\/image\/\",\"url\":\"https:\/\/nyforetagarcentrum.se\/lund\/wp-content\/uploads\/sites\/62\/2024\/04\/Lund-1.png\",\"contentUrl\":\"https:\/\/nyforetagarcentrum.se\/lund\/wp-content\/uploads\/sites\/62\/2024\/04\/Lund-1.png\",\"width\":1082,\"height\":542,\"caption\":\"Lund\"},\"image\":{\"@id\":\"https:\/\/nyforetagarcentrum.se\/lund\/#\/schema\/logo\/image\/\"}}]}<\/script>\n<!-- \/ Yoast SEO plugin. -->","yoast_head_json":{"title":"Bli st\u00f6df\u00f6retag - Lund","robots":{"index":"index","follow":"follow","max-snippet":"max-snippet:-1","max-image-preview":"max-image-preview:large","max-video-preview":"max-video-preview:-1"},"canonical":"https:\/\/nyforetagarcentrum.se\/lund\/vara-samarbetspartners\/bli-stodforetag\/","og_locale":"sv_SE","og_type":"article","og_title":"Bli st\u00f6df\u00f6retag - Lund","og_description":"Bli st\u00f6df\u00f6retag Som st\u00f6df\u00f6retag till Stiftelsen Lunds Nyf\u00f6retagarCentrum bidrar man till att n\u00e4ringslivet i Lundaregionen utvecklas och man tar del i ansvaret f\u00f6r att regionens entrepren\u00f6rer skall f\u00e5 den b\u00e4sta m\u00f6jliga hj\u00e4lpen att utveckla sina id\u00e9er och starta nya livskraftiga f\u00f6retag. LNC har till uppgift att F\u00f6rdelar f\u00f6r dig som st\u00f6df\u00f6retag Som\u00a0st\u00f6df\u00f6retag f\u00e5r du tillg\u00e5ng [&hellip;]","og_url":"https:\/\/nyforetagarcentrum.se\/lund\/vara-samarbetspartners\/bli-stodforetag\/","og_site_name":"Lund","article_modified_time":"2024-05-23T12:40:35+00:00","twitter_card":"summary_large_image","twitter_misc":{"Ber\u00e4knad l\u00e4stid":"2 minuter"},"schema":{"@context":"https:\/\/schema.org","@graph":[{"@type":"WebPage","@id":"https:\/\/nyforetagarcentrum.se\/lund\/vara-samarbetspartners\/bli-stodforetag\/","url":"https:\/\/nyforetagarcentrum.se\/lund\/vara-samarbetspartners\/bli-stodforetag\/","name":"Bli st\u00f6df\u00f6retag - Lund","isPartOf":{"@id":"https:\/\/nyforetagarcentrum.se\/lund\/#website"},"datePublished":"2024-05-23T12:22:50+00:00","dateModified":"2024-05-23T12:40:35+00:00","breadcrumb":{"@id":"https:\/\/nyforetagarcentrum.se\/lund\/vara-samarbetspartners\/bli-stodforetag\/#breadcrumb"},"inLanguage":"sv-SE","potentialAction":[{"@type":"ReadAction","target":["https:\/\/nyforetagarcentrum.se\/lund\/vara-samarbetspartners\/bli-stodforetag\/"]}]},{"@type":"BreadcrumbList","@id":"https:\/\/nyforetagarcentrum.se\/lund\/vara-samarbetspartners\/bli-stodforetag\/#breadcrumb","itemListElement":[{"@type":"ListItem","position":1,"name":"Hem","item":"https:\/\/nyforetagarcentrum.se\/lund\/"},{"@type":"ListItem","position":2,"name":"V\u00e5ra samarbetspartners","item":"https:\/\/nyforetagarcentrum.se\/lund\/vara-samarbetspartners\/"},{"@type":"ListItem","position":3,"name":"Bli st\u00f6df\u00f6retag"}]},{"@type":"WebSite","@id":"https:\/\/nyforetagarcentrum.se\/lund\/#website","url":"https:\/\/nyforetagarcentrum.se\/lund\/","name":"Lund","description":"Sveriges ledande kraft f\u00f6r fler nya livskraftiga f\u00f6retag","publisher":{"@id":"https:\/\/nyforetagarcentrum.se\/lund\/#organization"},"potentialAction":[{"@type":"SearchAction","target":{"@type":"EntryPoint","urlTemplate":"https:\/\/nyforetagarcentrum.se\/lund\/?s={search_term_string}"},"query-input":"required name=search_term_string"}],"inLanguage":"sv-SE"},{"@type":"Organization","@id":"https:\/\/nyforetagarcentrum.se\/lund\/#organization","name":"Lund","url":"https:\/\/nyforetagarcentrum.se\/lund\/","logo":{"@type":"ImageObject","inLanguage":"sv-SE","@id":"https:\/\/nyforetagarcentrum.se\/lund\/#\/schema\/logo\/image\/","url":"https:\/\/nyforetagarcentrum.se\/lund\/wp-content\/uploads\/sites\/62\/2024\/04\/Lund-1.png","contentUrl":"https:\/\/nyforetagarcentrum.se\/lund\/wp-content\/uploads\/sites\/62\/2024\/04\/Lund-1.png","width":1082,"height":542,"caption":"Lund"},"image":{"@id":"https:\/\/nyforetagarcentrum.se\/lund\/#\/schema\/logo\/image\/"}}]}},"_links":{"self":[{"href":"https:\/\/nyforetagarcentrum.se\/lund\/wp-json\/wp\/v2\/pages\/911"}],"collection":[{"href":"https:\/\/nyforetagarcentrum.se\/lund\/wp-json\/wp\/v2\/pages"}],"about":[{"href":"https:\/\/nyforetagarcentrum.se\/lund\/wp-json\/wp\/v2\/types\/page"}],"author":[{"embeddable":true,"href":"https:\/\/nyforetagarcentrum.se\/lund\/wp-json\/wp\/v2\/users\/34"}],"replies":[{"embeddable":true,"href":"https:\/\/nyforetagarcentrum.se\/lund\/wp-json\/wp\/v2\/comments?post=911"}],"version-history":[{"count":36,"href":"https:\/\/nyforetagarcentrum.se\/lund\/wp-json\/wp\/v2\/pages\/911\/revisions"}],"predecessor-version":[{"id":954,"href":"https:\/\/nyforetagarcentrum.se\/lund\/wp-json\/wp\/v2\/pages\/911\/revisions\/954"}],"up":[{"embeddable":true,"href":"https:\/\/nyforetagarcentrum.se\/lund\/wp-json\/wp\/v2\/pages\/41"}],"wp:attachment":[{"href":"https:\/\/nyforetagarcentrum.se\/lund\/wp-json\/wp\/v2\/media?parent=911"}],"curies":[{"name":"wp","href":"https:\/\/api.w.org\/{rel}","templated":true}]}}