{"id":852,"date":"2024-05-23T09:57:40","date_gmt":"2024-05-23T07:57:40","guid":{"rendered":"https:\/\/nyforetagarcentrum.se\/lund\/?page_id=852"},"modified":"2024-05-23T10:02:46","modified_gmt":"2024-05-23T08:02:46","slug":"starta-eget-kurs","status":"publish","type":"page","link":"https:\/\/nyforetagarcentrum.se\/lund\/starta-eget-kurs\/","title":{"rendered":"Starta eget-kurs"},"content":{"rendered":"<section  class=\"nfc-block-breadcrumbs alignwide\">\n    <div class=\"wrapper contained\">\n        <ol class=\"breadcrumbs\" itemscope itemtype=\"https:\/\/schema.org\/BreadcrumbList\">\n            <li itemprop=\"itemListElement\" itemscope itemtype=\"https:\/\/schema.org\/ListItem\">\n            \n\n                            <span class=\"current\" itemprop=\"name\">Hem<\/span>\n            \n            <meta itemprop=\"position\" content=\"1\" \/>\n        <\/li>\n    <\/ol>    <\/div>\n<\/section>\n\n\n<div style=\"height:var(--wp--preset--spacing--50)\" aria-hidden=\"true\" class=\"wp-block-spacer\"><\/div>\n\n\n<section  class=\"nfc-block-split_screen alignwide image_alignment-left\">\n    <div class=\"wrapper\">\n        <div class=\"nfc-block-split_screen__image-wrapper\">\n            <img loading=\"lazy\" decoding=\"async\" width=\"1476\" height=\"984\" src=\"https:\/\/nyforetagarcentrum.se\/lund\/wp-content\/uploads\/sites\/62\/2024\/02\/Nyforetagare-ung-LOW.jpg\" class=\"attachment-landscape size-landscape\" alt=\"\" srcset=\"https:\/\/nyforetagarcentrum.se\/lund\/wp-content\/uploads\/sites\/62\/2024\/02\/Nyforetagare-ung-LOW.jpg 1476w, https:\/\/nyforetagarcentrum.se\/lund\/wp-content\/uploads\/sites\/62\/2024\/02\/Nyforetagare-ung-LOW-300x200.jpg 300w, https:\/\/nyforetagarcentrum.se\/lund\/wp-content\/uploads\/sites\/62\/2024\/02\/Nyforetagare-ung-LOW-1024x683.jpg 1024w, https:\/\/nyforetagarcentrum.se\/lund\/wp-content\/uploads\/sites\/62\/2024\/02\/Nyforetagare-ung-LOW-768x512.jpg 768w\" sizes=\"(max-width: 1476px) 100vw, 1476px\" \/>        <\/div>\n\n        <div class=\"nfc-block-split_screen__content-wrapper\">\n            <h2>Starta eget-kurs i grupp<\/h2>\n<div>\n<p>Denna kurs har vi utvecklat f\u00f6r att passa v\u00e5ra lokala f\u00f6ruts\u00e4ttningar p\u00e5 b\u00e4sta s\u00e4tt. Den ger dig som funderar p\u00e5 att starta f\u00f6retag en bra \u00f6verblick \u00f6ver vad det inneb\u00e4r.<\/p>\n<p><strong>Starta-Eget-Kursinfo:<\/strong><\/p>\n<ul>\n<li>Varje onsdag (utom sommarm\u00e5naderna)<\/li>\n<li>Kl 16:00 \u2013 18:00 p\u00e5 LNC<\/li>\n<li>Vi bjuder p\u00e5 kaffe\/te i pausen.<\/li>\n<li>Sista onsdagen i m\u00e5naden h\u00e5lls kursen p\u00e5 engelska<\/li>\n<\/ul>\n<\/div>\n\n                            <div class=\"nfc-block-split_screen__buttons\">\n                                            <a href=\"https:\/\/jobsdata-nyforetagarcentrum.se\/ExternBooking\/Index?OfficeId=19123f06-b120-e911-90f7-005056854b61&amp;typeList=121&amp;_gl=1*7k99vg*_ga*MTQ5NDc1ODMxMy4xNzA5NzE2NTI4*_ga_9RRJJK0Y4R*MTcxNjQ0OTYxMS4yMi4xLjE3MTY0NTA4ODEuNTQuMC4w\" class=\"button primary\">Boka Starta-Eget-kurs<\/a>\n                                    <\/div>\n            \n        <\/div>\n    <\/div>\n<\/section>\n\n\n<div style=\"height:19px\" aria-hidden=\"true\" class=\"wp-block-spacer\"><\/div>\n\n\n\n<h2 class=\"wp-block-heading has-text-align-center has-x-large-font-size\">Vanliga fr\u00e5gor om r\u00e5dgivning<\/h2>\n\n\n            <script type=\"application\/ld+json\">\n                {\n                    \"@context\": \"https:\/\/schema.org\",\n                    \"@type\": \"FAQPage\",\n                    \"mainEntity\": [\n                                                    {\n                                \"@type\": \"Question\",\n                                \"name\": \"\u00c4r r\u00e5dgivningen kostnadsfri?\",\n                                \"acceptedAnswer\": {\n                                    \"@type\": \"Answer\",\n                                    \"text\": \"<p>Ja! R\u00e5dgivning hos Lunds Nyf\u00f6retagarCentrum \u00e4r helt kostnadsfri.<\/p>\"\n                                }\n                            },                                                    {\n                                \"@type\": \"Question\",\n                                \"name\": \"\u00c4r r\u00e5dgivningen konfidentiell?\",\n                                \"acceptedAnswer\": {\n                                    \"@type\": \"Answer\",\n                                    \"text\": \"<p>V\u00e5r r\u00e5dgivning \u00e4r konfidentiell vilket inneb\u00e4r att den r\u00e5dgivare du g\u00e5r till f\u00e5r inte tala om f\u00f6r n\u00e5gon att du varit hos oss eller vad din aff\u00e4rsid\u00e9 handlar om. Den dag du registrerar ditt f\u00f6retag s\u00e5 kommer det att bli offentliga uppgifter.<\/p>\"\n                                }\n                            },                                                    {\n                                \"@type\": \"Question\",\n                                \"name\": \"Jag ska k\u00f6pa ett redan befintligt f\u00f6retag. Kan jag fortfarande f\u00e5 hj\u00e4lp av er?\",\n                                \"acceptedAnswer\": {\n                                    \"@type\": \"Answer\",\n                                    \"text\": \"<div class=\"faq-item active\">\n<div class=\"faq-body\">\n<p>\u00c4ven n\u00e4r man tar \u00f6ver ett familjef\u00f6retag eller om man k\u00f6per ett f\u00f6retag s\u00e5 \u00e4r man ju ny som f\u00f6retagare och \u00e4r sj\u00e4lvklart v\u00e4lkommen till oss f\u00f6r hj\u00e4lp.<\/p>\n<\/div>\n<\/div>\"\n                                }\n                            }                                            ]\n                }\n            <\/script>\n        <section  class=\"nfc-block-accordions alignwide\">\n    <div class=\"wrapper contained\">\n        <div class=\"accordions\">\n\n                            <div class=\"accordion\">\n                    <h3>\n                        <button \n                            class=\"accordion-header\"\n                            aria-expanded=\"true\"\n                            aria-controls=\"accordion-panel-0\"\n                            id=\"accordion-header-0\"\n                            data-accordion-header\n                        >\n                            <span>\u00c4r r\u00e5dgivningen kostnadsfri?<\/span>\n                            <div class=\"icon icon-down\"><\/div>\n                        <\/button>\n                    <\/h3>\n                    <section id=\"accordion-panel-0\" aria-labelledby=\"accordion-header-0\">\n                        <span>\n                            <p>Ja! R\u00e5dgivning hos Lunds Nyf\u00f6retagarCentrum \u00e4r helt kostnadsfri.<\/p>\n                        <\/span>\n                    <\/section>\n                <\/div>\n                            <div class=\"accordion\">\n                    <h3>\n                        <button \n                            class=\"accordion-header\"\n                            aria-expanded=\"true\"\n                            aria-controls=\"accordion-panel-1\"\n                            id=\"accordion-header-1\"\n                            data-accordion-header\n                        >\n                            <span>\u00c4r r\u00e5dgivningen konfidentiell?<\/span>\n                            <div class=\"icon icon-down\"><\/div>\n                        <\/button>\n                    <\/h3>\n                    <section id=\"accordion-panel-1\" aria-labelledby=\"accordion-header-1\">\n                        <span>\n                            <p>V\u00e5r r\u00e5dgivning \u00e4r konfidentiell vilket inneb\u00e4r att den r\u00e5dgivare du g\u00e5r till f\u00e5r inte tala om f\u00f6r n\u00e5gon att du varit hos oss eller vad din aff\u00e4rsid\u00e9 handlar om. Den dag du registrerar ditt f\u00f6retag s\u00e5 kommer det att bli offentliga uppgifter.<\/p>\n                        <\/span>\n                    <\/section>\n                <\/div>\n                            <div class=\"accordion\">\n                    <h3>\n                        <button \n                            class=\"accordion-header\"\n                            aria-expanded=\"true\"\n                            aria-controls=\"accordion-panel-2\"\n                            id=\"accordion-header-2\"\n                            data-accordion-header\n                        >\n                            <span>Jag ska k\u00f6pa ett redan befintligt f\u00f6retag. Kan jag fortfarande f\u00e5 hj\u00e4lp av er?<\/span>\n                            <div class=\"icon icon-down\"><\/div>\n                        <\/button>\n                    <\/h3>\n                    <section id=\"accordion-panel-2\" aria-labelledby=\"accordion-header-2\">\n                        <span>\n                            <div class=\"faq-item active\">\n<div class=\"faq-body\">\n<p>\u00c4ven n\u00e4r man tar \u00f6ver ett familjef\u00f6retag eller om man k\u00f6per ett f\u00f6retag s\u00e5 \u00e4r man ju ny som f\u00f6retagare och \u00e4r sj\u00e4lvklart v\u00e4lkommen till oss f\u00f6r hj\u00e4lp.<\/p>\n<\/div>\n<\/div>\n                        <\/span>\n                    <\/section>\n                <\/div>\n                    <\/div>\n    <\/div>\n    <noscript>\n        <style>\n            .accordion-header .icon {\n                display: none !important;\n            }\n        <\/style>\n    <\/noscript>\n<\/section>\n\n\n\n<div style=\"height:var(--wp--preset--spacing--80)\" aria-hidden=\"true\" class=\"wp-block-spacer\"><\/div>\n","protected":false},"excerpt":{"rendered":"<p>Vanliga fr\u00e5gor om r\u00e5dgivning<\/p>\n","protected":false},"author":34,"featured_media":0,"parent":0,"menu_order":0,"comment_status":"closed","ping_status":"closed","template":"","meta":{"footnotes":""},"acf":[],"yoast_head":"<!-- This site is optimized with the Yoast SEO plugin v22.9 - https:\/\/yoast.com\/wordpress\/plugins\/seo\/ -->\n<title>Starta eget-kurs - Lund<\/title>\n<meta name=\"robots\" content=\"index, follow, max-snippet:-1, max-image-preview:large, max-video-preview:-1\" \/>\n<link rel=\"canonical\" href=\"https:\/\/nyforetagarcentrum.se\/lund\/starta-eget-kurs\/\" \/>\n<meta property=\"og:locale\" content=\"sv_SE\" \/>\n<meta property=\"og:type\" content=\"article\" \/>\n<meta property=\"og:title\" content=\"Starta eget-kurs - Lund\" \/>\n<meta property=\"og:description\" content=\"Vanliga fr\u00e5gor om r\u00e5dgivning\" \/>\n<meta property=\"og:url\" content=\"https:\/\/nyforetagarcentrum.se\/lund\/starta-eget-kurs\/\" \/>\n<meta property=\"og:site_name\" content=\"Lund\" \/>\n<meta property=\"article:modified_time\" content=\"2024-05-23T08:02:46+00:00\" \/>\n<meta name=\"twitter:card\" content=\"summary_large_image\" \/>\n<script type=\"application\/ld+json\" class=\"yoast-schema-graph\">{\"@context\":\"https:\/\/schema.org\",\"@graph\":[{\"@type\":\"WebPage\",\"@id\":\"https:\/\/nyforetagarcentrum.se\/lund\/starta-eget-kurs\/\",\"url\":\"https:\/\/nyforetagarcentrum.se\/lund\/starta-eget-kurs\/\",\"name\":\"Starta eget-kurs - Lund\",\"isPartOf\":{\"@id\":\"https:\/\/nyforetagarcentrum.se\/lund\/#website\"},\"datePublished\":\"2024-05-23T07:57:40+00:00\",\"dateModified\":\"2024-05-23T08:02:46+00:00\",\"breadcrumb\":{\"@id\":\"https:\/\/nyforetagarcentrum.se\/lund\/starta-eget-kurs\/#breadcrumb\"},\"inLanguage\":\"sv-SE\",\"potentialAction\":[{\"@type\":\"ReadAction\",\"target\":[\"https:\/\/nyforetagarcentrum.se\/lund\/starta-eget-kurs\/\"]}]},{\"@type\":\"BreadcrumbList\",\"@id\":\"https:\/\/nyforetagarcentrum.se\/lund\/starta-eget-kurs\/#breadcrumb\",\"itemListElement\":[{\"@type\":\"ListItem\",\"position\":1,\"name\":\"Hem\",\"item\":\"https:\/\/nyforetagarcentrum.se\/lund\/\"},{\"@type\":\"ListItem\",\"position\":2,\"name\":\"Starta eget-kurs\"}]},{\"@type\":\"WebSite\",\"@id\":\"https:\/\/nyforetagarcentrum.se\/lund\/#website\",\"url\":\"https:\/\/nyforetagarcentrum.se\/lund\/\",\"name\":\"Lund\",\"description\":\"Sveriges ledande kraft f\u00f6r fler nya livskraftiga f\u00f6retag\",\"publisher\":{\"@id\":\"https:\/\/nyforetagarcentrum.se\/lund\/#organization\"},\"potentialAction\":[{\"@type\":\"SearchAction\",\"target\":{\"@type\":\"EntryPoint\",\"urlTemplate\":\"https:\/\/nyforetagarcentrum.se\/lund\/?s={search_term_string}\"},\"query-input\":\"required name=search_term_string\"}],\"inLanguage\":\"sv-SE\"},{\"@type\":\"Organization\",\"@id\":\"https:\/\/nyforetagarcentrum.se\/lund\/#organization\",\"name\":\"Lund\",\"url\":\"https:\/\/nyforetagarcentrum.se\/lund\/\",\"logo\":{\"@type\":\"ImageObject\",\"inLanguage\":\"sv-SE\",\"@id\":\"https:\/\/nyforetagarcentrum.se\/lund\/#\/schema\/logo\/image\/\",\"url\":\"https:\/\/nyforetagarcentrum.se\/lund\/wp-content\/uploads\/sites\/62\/2024\/04\/Lund-1.png\",\"contentUrl\":\"https:\/\/nyforetagarcentrum.se\/lund\/wp-content\/uploads\/sites\/62\/2024\/04\/Lund-1.png\",\"width\":1082,\"height\":542,\"caption\":\"Lund\"},\"image\":{\"@id\":\"https:\/\/nyforetagarcentrum.se\/lund\/#\/schema\/logo\/image\/\"}}]}<\/script>\n<!-- \/ Yoast SEO plugin. -->","yoast_head_json":{"title":"Starta eget-kurs - Lund","robots":{"index":"index","follow":"follow","max-snippet":"max-snippet:-1","max-image-preview":"max-image-preview:large","max-video-preview":"max-video-preview:-1"},"canonical":"https:\/\/nyforetagarcentrum.se\/lund\/starta-eget-kurs\/","og_locale":"sv_SE","og_type":"article","og_title":"Starta eget-kurs - Lund","og_description":"Vanliga fr\u00e5gor om r\u00e5dgivning","og_url":"https:\/\/nyforetagarcentrum.se\/lund\/starta-eget-kurs\/","og_site_name":"Lund","article_modified_time":"2024-05-23T08:02:46+00:00","twitter_card":"summary_large_image","schema":{"@context":"https:\/\/schema.org","@graph":[{"@type":"WebPage","@id":"https:\/\/nyforetagarcentrum.se\/lund\/starta-eget-kurs\/","url":"https:\/\/nyforetagarcentrum.se\/lund\/starta-eget-kurs\/","name":"Starta eget-kurs - Lund","isPartOf":{"@id":"https:\/\/nyforetagarcentrum.se\/lund\/#website"},"datePublished":"2024-05-23T07:57:40+00:00","dateModified":"2024-05-23T08:02:46+00:00","breadcrumb":{"@id":"https:\/\/nyforetagarcentrum.se\/lund\/starta-eget-kurs\/#breadcrumb"},"inLanguage":"sv-SE","potentialAction":[{"@type":"ReadAction","target":["https:\/\/nyforetagarcentrum.se\/lund\/starta-eget-kurs\/"]}]},{"@type":"BreadcrumbList","@id":"https:\/\/nyforetagarcentrum.se\/lund\/starta-eget-kurs\/#breadcrumb","itemListElement":[{"@type":"ListItem","position":1,"name":"Hem","item":"https:\/\/nyforetagarcentrum.se\/lund\/"},{"@type":"ListItem","position":2,"name":"Starta eget-kurs"}]},{"@type":"WebSite","@id":"https:\/\/nyforetagarcentrum.se\/lund\/#website","url":"https:\/\/nyforetagarcentrum.se\/lund\/","name":"Lund","description":"Sveriges ledande kraft f\u00f6r fler nya livskraftiga f\u00f6retag","publisher":{"@id":"https:\/\/nyforetagarcentrum.se\/lund\/#organization"},"potentialAction":[{"@type":"SearchAction","target":{"@type":"EntryPoint","urlTemplate":"https:\/\/nyforetagarcentrum.se\/lund\/?s={search_term_string}"},"query-input":"required name=search_term_string"}],"inLanguage":"sv-SE"},{"@type":"Organization","@id":"https:\/\/nyforetagarcentrum.se\/lund\/#organization","name":"Lund","url":"https:\/\/nyforetagarcentrum.se\/lund\/","logo":{"@type":"ImageObject","inLanguage":"sv-SE","@id":"https:\/\/nyforetagarcentrum.se\/lund\/#\/schema\/logo\/image\/","url":"https:\/\/nyforetagarcentrum.se\/lund\/wp-content\/uploads\/sites\/62\/2024\/04\/Lund-1.png","contentUrl":"https:\/\/nyforetagarcentrum.se\/lund\/wp-content\/uploads\/sites\/62\/2024\/04\/Lund-1.png","width":1082,"height":542,"caption":"Lund"},"image":{"@id":"https:\/\/nyforetagarcentrum.se\/lund\/#\/schema\/logo\/image\/"}}]}},"_links":{"self":[{"href":"https:\/\/nyforetagarcentrum.se\/lund\/wp-json\/wp\/v2\/pages\/852"}],"collection":[{"href":"https:\/\/nyforetagarcentrum.se\/lund\/wp-json\/wp\/v2\/pages"}],"about":[{"href":"https:\/\/nyforetagarcentrum.se\/lund\/wp-json\/wp\/v2\/types\/page"}],"author":[{"embeddable":true,"href":"https:\/\/nyforetagarcentrum.se\/lund\/wp-json\/wp\/v2\/users\/34"}],"replies":[{"embeddable":true,"href":"https:\/\/nyforetagarcentrum.se\/lund\/wp-json\/wp\/v2\/comments?post=852"}],"version-history":[{"count":5,"href":"https:\/\/nyforetagarcentrum.se\/lund\/wp-json\/wp\/v2\/pages\/852\/revisions"}],"predecessor-version":[{"id":1224,"href":"https:\/\/nyforetagarcentrum.se\/lund\/wp-json\/wp\/v2\/pages\/852\/revisions\/1224"}],"wp:attachment":[{"href":"https:\/\/nyforetagarcentrum.se\/lund\/wp-json\/wp\/v2\/media?parent=852"}],"curies":[{"name":"wp","href":"https:\/\/api.w.org\/{rel}","templated":true}]}}