{"id":821,"date":"2024-05-22T16:19:00","date_gmt":"2024-05-22T14:19:00","guid":{"rendered":"https:\/\/nyforetagarcentrum.se\/lund\/?page_id=821"},"modified":"2024-05-23T17:25:34","modified_gmt":"2024-05-23T15:25:34","slug":"vanliga-fragor","status":"publish","type":"page","link":"https:\/\/nyforetagarcentrum.se\/lund\/vanliga-fragor\/","title":{"rendered":"Vanliga fr\u00e5gor"},"content":{"rendered":"\n<div style=\"height:24px\" aria-hidden=\"true\" class=\"wp-block-spacer\"><\/div>\n\n\n<section  class=\"nfc-block-breadcrumbs alignwide\">\n    <div class=\"wrapper contained\">\n        <ol class=\"breadcrumbs\" itemscope itemtype=\"https:\/\/schema.org\/BreadcrumbList\">\n            <li itemprop=\"itemListElement\" itemscope itemtype=\"https:\/\/schema.org\/ListItem\">\n            \n\n                            <span class=\"current\" itemprop=\"name\">Hem<\/span>\n            \n            <meta itemprop=\"position\" content=\"1\" \/>\n        <\/li>\n    <\/ol>    <\/div>\n<\/section>\n\n\n<div style=\"height:24px\" aria-hidden=\"true\" class=\"wp-block-spacer\"><\/div>\n\n\n\n<h1 class=\"wp-block-heading alignwide\">Vanliga fr\u00e5gor<\/h1>\n\n\n            <script type=\"application\/ld+json\">\n                {\n                    \"@context\": \"https:\/\/schema.org\",\n                    \"@type\": \"FAQPage\",\n                    \"mainEntity\": [\n                                                    {\n                                \"@type\": \"Question\",\n                                \"name\": \"\u00c4r r\u00e5dgivningen gratis?\",\n                                \"acceptedAnswer\": {\n                                    \"@type\": \"Answer\",\n                                    \"text\": \"<p>Ja, r\u00e5dgivning fr\u00e5n Lunds Nyf\u00f6retagarCentrum \u00e4r kostnadsfri.<\/p>\"\n                                }\n                            },                                                    {\n                                \"@type\": \"Question\",\n                                \"name\": \"Hur finansierar Lunds Nyf\u00f6retagarCentrum sin verksamhet?\",\n                                \"acceptedAnswer\": {\n                                    \"@type\": \"Answer\",\n                                    \"text\": \"<p>Lunds Nyf\u00f6retagarCentrums finansieras av stora och sm\u00e5 f\u00f6retag, organisationer, kommunen och staten\/myndigheter.<\/p>\"\n                                }\n                            },                                                    {\n                                \"@type\": \"Question\",\n                                \"name\": \"Jag vill starta f\u00f6retag, men vet inte hur jag ska b\u00f6rja?\",\n                                \"acceptedAnswer\": {\n                                    \"@type\": \"Answer\",\n                                    \"text\": \"<p>Boka tid hos oss. Vill du f\u00f6rbereda din start f\u00f6re ditt m\u00f6te med Lunds Nyf\u00f6retagarCentrum \u00e4r det bra att ocks\u00e5 titta i <strong><a href=\"https:\/\/nyforetagarcentrum.se\/lund\/starta-eget-guiden\/\" target=\"_blank\" rel=\"noopener\">starta eget guide<\/a><\/strong>\u00a0som v\u00e4gledning. Anv\u00e4nd ocks\u00e5\u00a0<a href=\"https:\/\/affarsplanen.com\/\" target=\"_blank\" rel=\"noopener\">affarsplanen.com<\/a>.<\/p>\"\n                                }\n                            },                                                    {\n                                \"@type\": \"Question\",\n                                \"name\": \"Jag f\u00f6rs\u00f6ker logga in p\u00e5 min aff\u00e4rsplan men lyckas inte. Vad ska jag g\u00f6ra?\",\n                                \"acceptedAnswer\": {\n                                    \"@type\": \"Answer\",\n                                    \"text\": \"<p>B\u00f6rja med att kontrollera s\u00e5 att mejladressen och l\u00f6senordet du anv\u00e4nder \u00e4r samma som du anv\u00e4nde n\u00e4r du skapade kontot. Om det inte fungerar \u00e4r det b\u00e4st att du anv\u00e4nder knappen \u201cHar du gl\u00f6mt ditt l\u00f6senord?\u201d under inloggningsrutan f\u00f6r att \u00e5terst\u00e4lla ditt l\u00f6senord.<\/p>\"\n                                }\n                            },                                                    {\n                                \"@type\": \"Question\",\n                                \"name\": \"Jag f\u00f6rs\u00f6ker skriva ut min aff\u00e4rsplan men sidan laddas inte in n\u00e4r jag klickar p\u00e5 skrivarikonen. Vad ska jag g\u00f6ra?\",\n                                \"acceptedAnswer\": {\n                                    \"@type\": \"Answer\",\n                                    \"text\": \"<p>Det tar oftast n\u00e5gon minut f\u00f6r aff\u00e4rsplanen att sammanst\u00e4lla och ladda in din aff\u00e4rsplan till en PDF kopia. V\u00e4nta lite efter att du har klickat p\u00e5 utskriftsknappen s\u00e5 kommer din aff\u00e4rsplan skapas som PDF.<\/p>\"\n                                }\n                            },                                                    {\n                                \"@type\": \"Question\",\n                                \"name\": \"Jag vill s\u00f6ka starta eget bidrag fr\u00e5n arbetsf\u00f6rmedlingen. Kan jag s\u00f6ka starta eget bidrag via Nyf\u00f6retagarCentrum?\",\n                                \"acceptedAnswer\": {\n                                    \"@type\": \"Answer\",\n                                    \"text\": \"<p>Arbetsf\u00f6rmedlingen hanterar starta eget bidrag. F\u00f6r att s\u00f6ka starta eget bidrag m\u00e5ste du ta kontakt med arbetsf\u00f6rmedlingen. Du kan l\u00e4sa mer om starta eget bidraget <a href=\"https:\/\/arbetsformedlingen.se\/for-arbetssokande\/extra-stod\/stod-a-o\/starta-eget-stod-till-start-av-naringsverksamhet\" target=\"_blank\" rel=\"noopener\">h\u00e4r<\/a>.<\/p>\"\n                                }\n                            },                                                    {\n                                \"@type\": \"Question\",\n                                \"name\": \"Jag har inget personnummer eller samordningsnummer, vad ska jag g\u00f6ra?\",\n                                \"acceptedAnswer\": {\n                                    \"@type\": \"Answer\",\n                                    \"text\": \"<p>Om du inte har ett personnummer eller samordningsnummer kommer du beh\u00f6va ans\u00f6ka om ett samordningsnummer. Du kan ans\u00f6ka om samordningsnummer genom Skatteverket. <a href=\"https:\/\/www.skatteverket.se\/privat\/folkbokforing\/samordningsnummer.4.5c281c7015abecc2e201130b.html\" target=\"_blank\" rel=\"noopener\">Du kan l\u00e4sa mer om samordningsnummer h\u00e4r<\/a>.<\/p>\"\n                                }\n                            },                                                    {\n                                \"@type\": \"Question\",\n                                \"name\": \"Hur kan jag f\u00e5 en mentor?\",\n                                \"acceptedAnswer\": {\n                                    \"@type\": \"Answer\",\n                                    \"text\": \"<p>F\u00f6r att f\u00e5 en mentor m\u00e5ste du boka in dig f\u00f6r r\u00e5dgivning hos Lunds Nyf\u00f6retagarCentrum. Det finns ett begr\u00e4nsat antal som ges plats p\u00e5 mentorprogrammet.<\/p>\"\n                                }\n                            },                                                    {\n                                \"@type\": \"Question\",\n                                \"name\": \"Jag ska k\u00f6pa ett redan befintligt f\u00f6retag. Kan jag fortfarande f\u00e5 hj\u00e4lp av er?\",\n                                \"acceptedAnswer\": {\n                                    \"@type\": \"Answer\",\n                                    \"text\": \"<p>Ja, det kan vara klokt att boka r\u00e5dgivning hos Lunds Nyf\u00f6retagarCentrum.<\/p>\"\n                                }\n                            }                                            ]\n                }\n            <\/script>\n        <section  class=\"nfc-block-accordions alignwide\">\n    <div class=\"wrapper contained\">\n        <div class=\"accordions\">\n\n                            <div class=\"accordion\">\n                    <h3>\n                        <button \n                            class=\"accordion-header\"\n                            aria-expanded=\"true\"\n                            aria-controls=\"accordion-panel-0\"\n                            id=\"accordion-header-0\"\n                            data-accordion-header\n                        >\n                            <span>\u00c4r r\u00e5dgivningen gratis?<\/span>\n                            <div class=\"icon icon-down\"><\/div>\n                        <\/button>\n                    <\/h3>\n                    <section id=\"accordion-panel-0\" aria-labelledby=\"accordion-header-0\">\n                        <span>\n                            <p>Ja, r\u00e5dgivning fr\u00e5n Lunds Nyf\u00f6retagarCentrum \u00e4r kostnadsfri.<\/p>\n                        <\/span>\n                    <\/section>\n                <\/div>\n                            <div class=\"accordion\">\n                    <h3>\n                        <button \n                            class=\"accordion-header\"\n                            aria-expanded=\"true\"\n                            aria-controls=\"accordion-panel-1\"\n                            id=\"accordion-header-1\"\n                            data-accordion-header\n                        >\n                            <span>Hur finansierar Lunds Nyf\u00f6retagarCentrum sin verksamhet?<\/span>\n                            <div class=\"icon icon-down\"><\/div>\n                        <\/button>\n                    <\/h3>\n                    <section id=\"accordion-panel-1\" aria-labelledby=\"accordion-header-1\">\n                        <span>\n                            <p>Lunds Nyf\u00f6retagarCentrums finansieras av stora och sm\u00e5 f\u00f6retag, organisationer, kommunen och staten\/myndigheter.<\/p>\n                        <\/span>\n                    <\/section>\n                <\/div>\n                            <div class=\"accordion\">\n                    <h3>\n                        <button \n                            class=\"accordion-header\"\n                            aria-expanded=\"true\"\n                            aria-controls=\"accordion-panel-2\"\n                            id=\"accordion-header-2\"\n                            data-accordion-header\n                        >\n                            <span>Jag vill starta f\u00f6retag, men vet inte hur jag ska b\u00f6rja?<\/span>\n                            <div class=\"icon icon-down\"><\/div>\n                        <\/button>\n                    <\/h3>\n                    <section id=\"accordion-panel-2\" aria-labelledby=\"accordion-header-2\">\n                        <span>\n                            <p>Boka tid hos oss. Vill du f\u00f6rbereda din start f\u00f6re ditt m\u00f6te med Lunds Nyf\u00f6retagarCentrum \u00e4r det bra att ocks\u00e5 titta i <strong><a href=\"https:\/\/nyforetagarcentrum.se\/lund\/starta-eget-guiden\/\" target=\"_blank\" rel=\"noopener\">starta eget guide<\/a><\/strong>\u00a0som v\u00e4gledning. Anv\u00e4nd ocks\u00e5\u00a0<a href=\"https:\/\/affarsplanen.com\/\" target=\"_blank\" rel=\"noopener\">affarsplanen.com<\/a>.<\/p>\n                        <\/span>\n                    <\/section>\n                <\/div>\n                            <div class=\"accordion\">\n                    <h3>\n                        <button \n                            class=\"accordion-header\"\n                            aria-expanded=\"true\"\n                            aria-controls=\"accordion-panel-3\"\n                            id=\"accordion-header-3\"\n                            data-accordion-header\n                        >\n                            <span>Jag f\u00f6rs\u00f6ker logga in p\u00e5 min aff\u00e4rsplan men lyckas inte. Vad ska jag g\u00f6ra?<\/span>\n                            <div class=\"icon icon-down\"><\/div>\n                        <\/button>\n                    <\/h3>\n                    <section id=\"accordion-panel-3\" aria-labelledby=\"accordion-header-3\">\n                        <span>\n                            <p>B\u00f6rja med att kontrollera s\u00e5 att mejladressen och l\u00f6senordet du anv\u00e4nder \u00e4r samma som du anv\u00e4nde n\u00e4r du skapade kontot. Om det inte fungerar \u00e4r det b\u00e4st att du anv\u00e4nder knappen \u201cHar du gl\u00f6mt ditt l\u00f6senord?\u201d under inloggningsrutan f\u00f6r att \u00e5terst\u00e4lla ditt l\u00f6senord.<\/p>\n                        <\/span>\n                    <\/section>\n                <\/div>\n                            <div class=\"accordion\">\n                    <h3>\n                        <button \n                            class=\"accordion-header\"\n                            aria-expanded=\"true\"\n                            aria-controls=\"accordion-panel-4\"\n                            id=\"accordion-header-4\"\n                            data-accordion-header\n                        >\n                            <span>Jag f\u00f6rs\u00f6ker skriva ut min aff\u00e4rsplan men sidan laddas inte in n\u00e4r jag klickar p\u00e5 skrivarikonen. Vad ska jag g\u00f6ra?<\/span>\n                            <div class=\"icon icon-down\"><\/div>\n                        <\/button>\n                    <\/h3>\n                    <section id=\"accordion-panel-4\" aria-labelledby=\"accordion-header-4\">\n                        <span>\n                            <p>Det tar oftast n\u00e5gon minut f\u00f6r aff\u00e4rsplanen att sammanst\u00e4lla och ladda in din aff\u00e4rsplan till en PDF kopia. V\u00e4nta lite efter att du har klickat p\u00e5 utskriftsknappen s\u00e5 kommer din aff\u00e4rsplan skapas som PDF.<\/p>\n                        <\/span>\n                    <\/section>\n                <\/div>\n                            <div class=\"accordion\">\n                    <h3>\n                        <button \n                            class=\"accordion-header\"\n                            aria-expanded=\"true\"\n                            aria-controls=\"accordion-panel-5\"\n                            id=\"accordion-header-5\"\n                            data-accordion-header\n                        >\n                            <span>Jag vill s\u00f6ka starta eget bidrag fr\u00e5n arbetsf\u00f6rmedlingen. Kan jag s\u00f6ka starta eget bidrag via Nyf\u00f6retagarCentrum?<\/span>\n                            <div class=\"icon icon-down\"><\/div>\n                        <\/button>\n                    <\/h3>\n                    <section id=\"accordion-panel-5\" aria-labelledby=\"accordion-header-5\">\n                        <span>\n                            <p>Arbetsf\u00f6rmedlingen hanterar starta eget bidrag. F\u00f6r att s\u00f6ka starta eget bidrag m\u00e5ste du ta kontakt med arbetsf\u00f6rmedlingen. Du kan l\u00e4sa mer om starta eget bidraget <a href=\"https:\/\/arbetsformedlingen.se\/for-arbetssokande\/extra-stod\/stod-a-o\/starta-eget-stod-till-start-av-naringsverksamhet\" target=\"_blank\" rel=\"noopener\">h\u00e4r<\/a>.<\/p>\n                        <\/span>\n                    <\/section>\n                <\/div>\n                            <div class=\"accordion\">\n                    <h3>\n                        <button \n                            class=\"accordion-header\"\n                            aria-expanded=\"true\"\n                            aria-controls=\"accordion-panel-6\"\n                            id=\"accordion-header-6\"\n                            data-accordion-header\n                        >\n                            <span>Jag har inget personnummer eller samordningsnummer, vad ska jag g\u00f6ra?<\/span>\n                            <div class=\"icon icon-down\"><\/div>\n                        <\/button>\n                    <\/h3>\n                    <section id=\"accordion-panel-6\" aria-labelledby=\"accordion-header-6\">\n                        <span>\n                            <p>Om du inte har ett personnummer eller samordningsnummer kommer du beh\u00f6va ans\u00f6ka om ett samordningsnummer. Du kan ans\u00f6ka om samordningsnummer genom Skatteverket. <a href=\"https:\/\/www.skatteverket.se\/privat\/folkbokforing\/samordningsnummer.4.5c281c7015abecc2e201130b.html\" target=\"_blank\" rel=\"noopener\">Du kan l\u00e4sa mer om samordningsnummer h\u00e4r<\/a>.<\/p>\n                        <\/span>\n                    <\/section>\n                <\/div>\n                            <div class=\"accordion\">\n                    <h3>\n                        <button \n                            class=\"accordion-header\"\n                            aria-expanded=\"true\"\n                            aria-controls=\"accordion-panel-7\"\n                            id=\"accordion-header-7\"\n                            data-accordion-header\n                        >\n                            <span>Hur kan jag f\u00e5 en mentor?<\/span>\n                            <div class=\"icon icon-down\"><\/div>\n                        <\/button>\n                    <\/h3>\n                    <section id=\"accordion-panel-7\" aria-labelledby=\"accordion-header-7\">\n                        <span>\n                            <p>F\u00f6r att f\u00e5 en mentor m\u00e5ste du boka in dig f\u00f6r r\u00e5dgivning hos Lunds Nyf\u00f6retagarCentrum. Det finns ett begr\u00e4nsat antal som ges plats p\u00e5 mentorprogrammet.<\/p>\n                        <\/span>\n                    <\/section>\n                <\/div>\n                            <div class=\"accordion\">\n                    <h3>\n                        <button \n                            class=\"accordion-header\"\n                            aria-expanded=\"true\"\n                            aria-controls=\"accordion-panel-8\"\n                            id=\"accordion-header-8\"\n                            data-accordion-header\n                        >\n                            <span>Jag ska k\u00f6pa ett redan befintligt f\u00f6retag. Kan jag fortfarande f\u00e5 hj\u00e4lp av er?<\/span>\n                            <div class=\"icon icon-down\"><\/div>\n                        <\/button>\n                    <\/h3>\n                    <section id=\"accordion-panel-8\" aria-labelledby=\"accordion-header-8\">\n                        <span>\n                            <p>Ja, det kan vara klokt att boka r\u00e5dgivning hos Lunds Nyf\u00f6retagarCentrum.<\/p>\n                        <\/span>\n                    <\/section>\n                <\/div>\n                    <\/div>\n    <\/div>\n    <noscript>\n        <style>\n            .accordion-header .icon {\n                display: none !important;\n            }\n        <\/style>\n    <\/noscript>\n<\/section>\n\n\n\n<div style=\"height:100px\" aria-hidden=\"true\" class=\"wp-block-spacer\"><\/div>\n","protected":false},"excerpt":{"rendered":"<p>Vanliga fr\u00e5gor<\/p>\n","protected":false},"author":34,"featured_media":0,"parent":0,"menu_order":0,"comment_status":"closed","ping_status":"closed","template":"","meta":{"footnotes":""},"acf":[],"yoast_head":"<!-- This site is optimized with the Yoast SEO plugin v22.9 - https:\/\/yoast.com\/wordpress\/plugins\/seo\/ -->\n<title>Vanliga fr\u00e5gor - Lund<\/title>\n<meta name=\"robots\" content=\"index, follow, max-snippet:-1, max-image-preview:large, max-video-preview:-1\" \/>\n<link rel=\"canonical\" href=\"https:\/\/nyforetagarcentrum.se\/lund\/vanliga-fragor\/\" \/>\n<meta property=\"og:locale\" content=\"sv_SE\" \/>\n<meta property=\"og:type\" content=\"article\" \/>\n<meta property=\"og:title\" content=\"Vanliga fr\u00e5gor - Lund\" \/>\n<meta property=\"og:description\" content=\"Vanliga fr\u00e5gor\" \/>\n<meta property=\"og:url\" content=\"https:\/\/nyforetagarcentrum.se\/lund\/vanliga-fragor\/\" \/>\n<meta property=\"og:site_name\" content=\"Lund\" \/>\n<meta property=\"article:modified_time\" content=\"2024-05-23T15:25:34+00:00\" \/>\n<meta name=\"twitter:card\" content=\"summary_large_image\" \/>\n<script type=\"application\/ld+json\" class=\"yoast-schema-graph\">{\"@context\":\"https:\/\/schema.org\",\"@graph\":[{\"@type\":\"WebPage\",\"@id\":\"https:\/\/nyforetagarcentrum.se\/lund\/vanliga-fragor\/\",\"url\":\"https:\/\/nyforetagarcentrum.se\/lund\/vanliga-fragor\/\",\"name\":\"Vanliga fr\u00e5gor - Lund\",\"isPartOf\":{\"@id\":\"https:\/\/nyforetagarcentrum.se\/lund\/#website\"},\"datePublished\":\"2024-05-22T14:19:00+00:00\",\"dateModified\":\"2024-05-23T15:25:34+00:00\",\"breadcrumb\":{\"@id\":\"https:\/\/nyforetagarcentrum.se\/lund\/vanliga-fragor\/#breadcrumb\"},\"inLanguage\":\"sv-SE\",\"potentialAction\":[{\"@type\":\"ReadAction\",\"target\":[\"https:\/\/nyforetagarcentrum.se\/lund\/vanliga-fragor\/\"]}]},{\"@type\":\"BreadcrumbList\",\"@id\":\"https:\/\/nyforetagarcentrum.se\/lund\/vanliga-fragor\/#breadcrumb\",\"itemListElement\":[{\"@type\":\"ListItem\",\"position\":1,\"name\":\"Hem\",\"item\":\"https:\/\/nyforetagarcentrum.se\/lund\/\"},{\"@type\":\"ListItem\",\"position\":2,\"name\":\"Vanliga fr\u00e5gor\"}]},{\"@type\":\"WebSite\",\"@id\":\"https:\/\/nyforetagarcentrum.se\/lund\/#website\",\"url\":\"https:\/\/nyforetagarcentrum.se\/lund\/\",\"name\":\"Lund\",\"description\":\"Sveriges ledande kraft f\u00f6r fler nya livskraftiga f\u00f6retag\",\"publisher\":{\"@id\":\"https:\/\/nyforetagarcentrum.se\/lund\/#organization\"},\"potentialAction\":[{\"@type\":\"SearchAction\",\"target\":{\"@type\":\"EntryPoint\",\"urlTemplate\":\"https:\/\/nyforetagarcentrum.se\/lund\/?s={search_term_string}\"},\"query-input\":\"required name=search_term_string\"}],\"inLanguage\":\"sv-SE\"},{\"@type\":\"Organization\",\"@id\":\"https:\/\/nyforetagarcentrum.se\/lund\/#organization\",\"name\":\"Lund\",\"url\":\"https:\/\/nyforetagarcentrum.se\/lund\/\",\"logo\":{\"@type\":\"ImageObject\",\"inLanguage\":\"sv-SE\",\"@id\":\"https:\/\/nyforetagarcentrum.se\/lund\/#\/schema\/logo\/image\/\",\"url\":\"https:\/\/nyforetagarcentrum.se\/lund\/wp-content\/uploads\/sites\/62\/2024\/07\/lund_bla.png\",\"contentUrl\":\"https:\/\/nyforetagarcentrum.se\/lund\/wp-content\/uploads\/sites\/62\/2024\/07\/lund_bla.png\",\"width\":870,\"height\":355,\"caption\":\"Lund\"},\"image\":{\"@id\":\"https:\/\/nyforetagarcentrum.se\/lund\/#\/schema\/logo\/image\/\"}}]}<\/script>\n<!-- \/ Yoast SEO plugin. -->","yoast_head_json":{"title":"Vanliga fr\u00e5gor - Lund","robots":{"index":"index","follow":"follow","max-snippet":"max-snippet:-1","max-image-preview":"max-image-preview:large","max-video-preview":"max-video-preview:-1"},"canonical":"https:\/\/nyforetagarcentrum.se\/lund\/vanliga-fragor\/","og_locale":"sv_SE","og_type":"article","og_title":"Vanliga fr\u00e5gor - Lund","og_description":"Vanliga fr\u00e5gor","og_url":"https:\/\/nyforetagarcentrum.se\/lund\/vanliga-fragor\/","og_site_name":"Lund","article_modified_time":"2024-05-23T15:25:34+00:00","twitter_card":"summary_large_image","schema":{"@context":"https:\/\/schema.org","@graph":[{"@type":"WebPage","@id":"https:\/\/nyforetagarcentrum.se\/lund\/vanliga-fragor\/","url":"https:\/\/nyforetagarcentrum.se\/lund\/vanliga-fragor\/","name":"Vanliga fr\u00e5gor - Lund","isPartOf":{"@id":"https:\/\/nyforetagarcentrum.se\/lund\/#website"},"datePublished":"2024-05-22T14:19:00+00:00","dateModified":"2024-05-23T15:25:34+00:00","breadcrumb":{"@id":"https:\/\/nyforetagarcentrum.se\/lund\/vanliga-fragor\/#breadcrumb"},"inLanguage":"sv-SE","potentialAction":[{"@type":"ReadAction","target":["https:\/\/nyforetagarcentrum.se\/lund\/vanliga-fragor\/"]}]},{"@type":"BreadcrumbList","@id":"https:\/\/nyforetagarcentrum.se\/lund\/vanliga-fragor\/#breadcrumb","itemListElement":[{"@type":"ListItem","position":1,"name":"Hem","item":"https:\/\/nyforetagarcentrum.se\/lund\/"},{"@type":"ListItem","position":2,"name":"Vanliga fr\u00e5gor"}]},{"@type":"WebSite","@id":"https:\/\/nyforetagarcentrum.se\/lund\/#website","url":"https:\/\/nyforetagarcentrum.se\/lund\/","name":"Lund","description":"Sveriges ledande kraft f\u00f6r fler nya livskraftiga f\u00f6retag","publisher":{"@id":"https:\/\/nyforetagarcentrum.se\/lund\/#organization"},"potentialAction":[{"@type":"SearchAction","target":{"@type":"EntryPoint","urlTemplate":"https:\/\/nyforetagarcentrum.se\/lund\/?s={search_term_string}"},"query-input":"required name=search_term_string"}],"inLanguage":"sv-SE"},{"@type":"Organization","@id":"https:\/\/nyforetagarcentrum.se\/lund\/#organization","name":"Lund","url":"https:\/\/nyforetagarcentrum.se\/lund\/","logo":{"@type":"ImageObject","inLanguage":"sv-SE","@id":"https:\/\/nyforetagarcentrum.se\/lund\/#\/schema\/logo\/image\/","url":"https:\/\/nyforetagarcentrum.se\/lund\/wp-content\/uploads\/sites\/62\/2024\/07\/lund_bla.png","contentUrl":"https:\/\/nyforetagarcentrum.se\/lund\/wp-content\/uploads\/sites\/62\/2024\/07\/lund_bla.png","width":870,"height":355,"caption":"Lund"},"image":{"@id":"https:\/\/nyforetagarcentrum.se\/lund\/#\/schema\/logo\/image\/"}}]}},"_links":{"self":[{"href":"https:\/\/nyforetagarcentrum.se\/lund\/wp-json\/wp\/v2\/pages\/821"}],"collection":[{"href":"https:\/\/nyforetagarcentrum.se\/lund\/wp-json\/wp\/v2\/pages"}],"about":[{"href":"https:\/\/nyforetagarcentrum.se\/lund\/wp-json\/wp\/v2\/types\/page"}],"author":[{"embeddable":true,"href":"https:\/\/nyforetagarcentrum.se\/lund\/wp-json\/wp\/v2\/users\/34"}],"replies":[{"embeddable":true,"href":"https:\/\/nyforetagarcentrum.se\/lund\/wp-json\/wp\/v2\/comments?post=821"}],"version-history":[{"count":13,"href":"https:\/\/nyforetagarcentrum.se\/lund\/wp-json\/wp\/v2\/pages\/821\/revisions"}],"predecessor-version":[{"id":996,"href":"https:\/\/nyforetagarcentrum.se\/lund\/wp-json\/wp\/v2\/pages\/821\/revisions\/996"}],"wp:attachment":[{"href":"https:\/\/nyforetagarcentrum.se\/lund\/wp-json\/wp\/v2\/media?parent=821"}],"curies":[{"name":"wp","href":"https:\/\/api.w.org\/{rel}","templated":true}]}}