{"id":164,"date":"2024-02-27T16:05:17","date_gmt":"2024-02-27T15:05:17","guid":{"rendered":"https:\/\/nyforetagarcentrum.se\/lund\/?page_id=164"},"modified":"2024-05-23T18:01:39","modified_gmt":"2024-05-23T16:01:39","slug":"var-styrelse","status":"publish","type":"page","link":"https:\/\/nyforetagarcentrum.se\/lund\/var-styrelse\/","title":{"rendered":"V\u00e5r styrelse"},"content":{"rendered":"\n<div style=\"height:24px\" aria-hidden=\"true\" class=\"wp-block-spacer\"><\/div>\n\n\n<section  class=\"nfc-block-breadcrumbs alignwide\">\n    <div class=\"wrapper contained\">\n        <ol class=\"breadcrumbs\" itemscope itemtype=\"https:\/\/schema.org\/BreadcrumbList\">\n            <li itemprop=\"itemListElement\" itemscope itemtype=\"https:\/\/schema.org\/ListItem\">\n            \n\n                            <span class=\"current\" itemprop=\"name\">Hem<\/span>\n            \n            <meta itemprop=\"position\" content=\"1\" \/>\n        <\/li>\n    <\/ol>    <\/div>\n<\/section>\n\n\n<div style=\"height:48px\" aria-hidden=\"true\" class=\"wp-block-spacer\"><\/div>\n\n\n\n<div class=\"wp-block-group is-layout-constrained wp-block-group-is-layout-constrained\">\n<h1 class=\"wp-block-heading\">V\u00e5r styrelse<\/h1>\n\n\n\n<p class=\"has-medium-font-size\">V\u00e5r styrelse \u00e4r otroligt viktig f\u00f6r oss, d\u00e4r n\u00e4ringsliv och kommunal verksamhet finns representerat. Med en stark styrelse skapar vi f\u00f6ruts\u00e4ttningar till att skapa \u00e4nnu mer merv\u00e4rde f\u00f6r v\u00e5ra kunder och samarbetspartners.<\/p>\n<\/div>\n\n\n\n<div style=\"height:48px\" aria-hidden=\"true\" class=\"wp-block-spacer\"><\/div>\n\n\n\n<h2 class=\"wp-block-heading alignwide\">Ordf\u00f6rande<\/h2>\n\n\n<section  class=\"nfc-block-person_grid alignwide layout-small\">\n    <div class=\"contained\">\n        <div class=\"grid\">\n            <div class=\"person-card\">\n    \n            <div class=\"featured_image\">\n            <img loading=\"lazy\" decoding=\"async\" width=\"150\" height=\"150\" src=\"https:\/\/nyforetagarcentrum.se\/lund\/wp-content\/uploads\/sites\/62\/2024\/05\/hakan-palsson-150x150.jpg\" class=\"attachment-thumbnail size-thumbnail\" alt=\"\" \/>        <\/div>\n    \n    <div class=\"content-wrapper\">\n        <div class=\"top\">\n                    <\/div>\n        \n        <h3>H\u00e5kan K P\u00e5lsson<\/h3>\n\n        <div class=\"excerpt\">\n            InnerFuture AB        <\/div>\n\n        <div class=\"links\">\n                            <a href=\"tel:070-580 18 95\">\n                    Telefon: 070-580 18 95                <\/a>\n            \n                            <a href=\"mailto:hakan.palsson@hjarntrusten.se\">\n                    MAIL: hakan.palsson@hjarntrusten.se                <\/a>\n                    <\/div>\n        \n    <\/div>\n<\/div>        <\/div>\n    <\/div>\n<\/section>\n\n\n<h2 class=\"wp-block-heading alignwide\">Ledam\u00f6ter<\/h2>\n\n\n<section  class=\"nfc-block-person_grid alignwide layout-small\">\n    <div class=\"contained\">\n        <div class=\"grid\">\n            <div class=\"person-card\">\n    \n            <div class=\"featured_image\">\n            <img loading=\"lazy\" decoding=\"async\" width=\"150\" height=\"150\" src=\"https:\/\/nyforetagarcentrum.se\/lund\/wp-content\/uploads\/sites\/62\/2025\/10\/Unknown-rotated-e1761053015563-150x150.jpeg\" class=\"attachment-thumbnail size-thumbnail\" alt=\"\" \/>        <\/div>\n    \n    <div class=\"content-wrapper\">\n        <div class=\"top\">\n                    <\/div>\n        \n        <h3>Christoffer Karlsson<\/h3>\n\n        <div class=\"excerpt\">\n            Lunds kommun        <\/div>\n\n        <div class=\"links\">\n                            <a href=\"tel:0730-67 39 26\">\n                    Telefon: 0730-67 39 26                <\/a>\n            \n                            <a href=\"mailto:christoffer.karlsson@lund.se\">\n                    MAIL: christoffer.karlsson@lund.se                <\/a>\n                    <\/div>\n        \n    <\/div>\n<\/div><div class=\"person-card\">\n    \n    \n    <div class=\"content-wrapper\">\n        <div class=\"top\">\n                    <\/div>\n        \n        <h3>Lotta Wessfeldt<\/h3>\n\n        <div class=\"excerpt\">\n            Ideon        <\/div>\n\n        <div class=\"links\">\n            \n                            <a href=\"mailto:lotta.wessfeldt@ideon.se\">\n                    MAIL: lotta.wessfeldt@ideon.se                <\/a>\n                    <\/div>\n        \n    <\/div>\n<\/div><div class=\"person-card\">\n    \n            <div class=\"featured_image\">\n            <img loading=\"lazy\" decoding=\"async\" width=\"150\" height=\"150\" src=\"https:\/\/nyforetagarcentrum.se\/lund\/wp-content\/uploads\/sites\/62\/2024\/05\/philip-sandberg-e1756287279184-150x150.webp\" class=\"attachment-thumbnail size-thumbnail\" alt=\"\" \/>        <\/div>\n    \n    <div class=\"content-wrapper\">\n        <div class=\"top\">\n                    <\/div>\n        \n        <h3>Philip Sandberg<\/h3>\n\n        <div class=\"excerpt\">\n            Lunds kommun        <\/div>\n\n        <div class=\"links\">\n                            <a href=\"tel:072-194 05 53\">\n                    Telefon: 072-194 05 53                <\/a>\n            \n                            <a href=\"mailto:philip.sandberg@lund.se\">\n                    MAIL: philip.sandberg@lund.se                <\/a>\n                    <\/div>\n        \n    <\/div>\n<\/div><div class=\"person-card\">\n    \n            <div class=\"featured_image\">\n            <img loading=\"lazy\" decoding=\"async\" width=\"150\" height=\"150\" src=\"https:\/\/nyforetagarcentrum.se\/lund\/wp-content\/uploads\/sites\/62\/2024\/05\/almgren-150x150.png\" class=\"attachment-thumbnail size-thumbnail\" alt=\"\" srcset=\"https:\/\/nyforetagarcentrum.se\/lund\/wp-content\/uploads\/sites\/62\/2024\/05\/almgren-150x150.png 150w, https:\/\/nyforetagarcentrum.se\/lund\/wp-content\/uploads\/sites\/62\/2024\/05\/almgren-300x300.png 300w, https:\/\/nyforetagarcentrum.se\/lund\/wp-content\/uploads\/sites\/62\/2024\/05\/almgren.png 525w\" sizes=\"(max-width: 150px) 100vw, 150px\" \/>        <\/div>\n    \n    <div class=\"content-wrapper\">\n        <div class=\"top\">\n                    <\/div>\n        \n        <h3>Anders Almgren<\/h3>\n\n        <div class=\"excerpt\">\n            Lunds kommun        <\/div>\n\n        <div class=\"links\">\n                            <a href=\"tel:070-847 88 17\">\n                    Telefon: 070-847 88 17                <\/a>\n            \n                            <a href=\"mailto:anders.almgren@lund.se\">\n                    MAIL: anders.almgren@lund.se                <\/a>\n                    <\/div>\n        \n    <\/div>\n<\/div><div class=\"person-card\">\n    \n            <div class=\"featured_image\">\n            <img loading=\"lazy\" decoding=\"async\" width=\"150\" height=\"150\" src=\"https:\/\/nyforetagarcentrum.se\/lund\/wp-content\/uploads\/sites\/62\/2024\/05\/charlotte-andersson-150x150.jpg\" class=\"attachment-thumbnail size-thumbnail\" alt=\"\" \/>        <\/div>\n    \n    <div class=\"content-wrapper\">\n        <div class=\"top\">\n                    <\/div>\n        \n        <h3>Charlotte Andersson<\/h3>\n\n        <div class=\"excerpt\">\n            Advokatfirman Tr\u00e4g\u00e5rdh        <\/div>\n\n        <div class=\"links\">\n                            <a href=\"tel:070-946 82 83\">\n                    Telefon: 070-946 82 83                <\/a>\n            \n                            <a href=\"mailto:charlotte.andersson@tragardh.se\">\n                    MAIL: charlotte.andersson@tragardh.se                <\/a>\n                    <\/div>\n        \n    <\/div>\n<\/div><div class=\"person-card\">\n    \n    \n    <div class=\"content-wrapper\">\n        <div class=\"top\">\n                    <\/div>\n        \n        <h3>Roger H\u00e5kansson<\/h3>\n\n        <div class=\"excerpt\">\n            Handelsbanken        <\/div>\n\n        <div class=\"links\">\n                            <a href=\"tel:076-820 86 16\">\n                    Telefon: 076-820 86 16                <\/a>\n            \n                            <a href=\"mailto:roha06@handelsbanken.se\">\n                    MAIL: roha06@handelsbanken.se                <\/a>\n                    <\/div>\n        \n    <\/div>\n<\/div><div class=\"person-card\">\n    \n            <div class=\"featured_image\">\n            <img loading=\"lazy\" decoding=\"async\" width=\"150\" height=\"150\" src=\"https:\/\/nyforetagarcentrum.se\/lund\/wp-content\/uploads\/sites\/62\/2024\/05\/Unknown-1-1-e1756288509883-150x150.jpeg\" class=\"attachment-thumbnail size-thumbnail\" alt=\"\" \/>        <\/div>\n    \n    <div class=\"content-wrapper\">\n        <div class=\"top\">\n                    <\/div>\n        \n        <h3>Jens Richter<\/h3>\n\n        <div class=\"excerpt\">\n            Alfa Laval        <\/div>\n\n        <div class=\"links\">\n                            <a href=\"tel:070-936 69 56\">\n                    Telefon: 070-936 69 56                <\/a>\n            \n                            <a href=\"mailto:jens.richter@alfalaval.com\">\n                    MAIL: jens.richter@alfalaval.com                <\/a>\n                    <\/div>\n        \n    <\/div>\n<\/div><div class=\"person-card\">\n    \n    \n    <div class=\"content-wrapper\">\n        <div class=\"top\">\n                    <\/div>\n        \n        <h3>Andreas Nilsson<\/h3>\n\n        <div class=\"excerpt\">\n            Sparbanken Sk\u00e5ne        <\/div>\n\n        <div class=\"links\">\n            \n                            <a href=\"mailto:andreas.p.nilsson@sparbankenskane.se\">\n                    MAIL: andreas.p.nilsson@sparbankenskane.se                <\/a>\n                    <\/div>\n        \n    <\/div>\n<\/div><div class=\"person-card\">\n    \n            <div class=\"featured_image\">\n            <img loading=\"lazy\" decoding=\"async\" width=\"150\" height=\"150\" src=\"https:\/\/nyforetagarcentrum.se\/lund\/wp-content\/uploads\/sites\/62\/2024\/05\/lars-wetterberg-150x150.jpg\" class=\"attachment-thumbnail size-thumbnail\" alt=\"\" \/>        <\/div>\n    \n    <div class=\"content-wrapper\">\n        <div class=\"top\">\n                    <\/div>\n        \n        <h3>Lars Wetterberg<\/h3>\n\n        <div class=\"excerpt\">\n            Senior HR Consultant\/Adv        <\/div>\n\n        <div class=\"links\">\n                            <a href=\"tel:070-836 67 65\">\n                    Telefon: 070-836 67 65                <\/a>\n            \n                            <a href=\"mailto:lars.wetterberg@alfalaval.com\">\n                    MAIL: lars.wetterberg@alfalaval.com                <\/a>\n                    <\/div>\n        \n    <\/div>\n<\/div><div class=\"person-card\">\n    \n    \n    <div class=\"content-wrapper\">\n        <div class=\"top\">\n                    <\/div>\n        \n        <h3>Mats Persson<\/h3>\n\n        <div class=\"excerpt\">\n            SEB        <\/div>\n\n        <div class=\"links\">\n            \n                            <a href=\"mailto:mats.persson@seb.se\">\n                    MAIL: mats.persson@seb.se                <\/a>\n                    <\/div>\n        \n    <\/div>\n<\/div><div class=\"person-card\">\n    \n    \n    <div class=\"content-wrapper\">\n        <div class=\"top\">\n                    <\/div>\n        \n        <h3>Per Persson<\/h3>\n\n        <div class=\"excerpt\">\n            Kungslov Consulting AB        <\/div>\n\n        <div class=\"links\">\n                            <a href=\"tel:070-200 87 95\">\n                    Telefon: 070-200 87 95                <\/a>\n            \n                            <a href=\"mailto:per.kungslov@gmail.com\">\n                    MAIL: per.kungslov@gmail.com                <\/a>\n                    <\/div>\n        \n    <\/div>\n<\/div>        <\/div>\n    <\/div>\n<\/section>\n\n\n<h2 class=\"wp-block-heading alignwide\">Suppleanter<\/h2>\n\n\n<section  class=\"nfc-block-person_grid alignwide layout-small\">\n    <div class=\"contained\">\n        <div class=\"grid\">\n            <div class=\"person-card\">\n    \n            <div class=\"featured_image\">\n            <img loading=\"lazy\" decoding=\"async\" width=\"150\" height=\"150\" src=\"https:\/\/nyforetagarcentrum.se\/lund\/wp-content\/uploads\/sites\/62\/2025\/08\/Unknown-e1756288259964-150x150.jpeg\" class=\"attachment-thumbnail size-thumbnail\" alt=\"\" \/>        <\/div>\n    \n    <div class=\"content-wrapper\">\n        <div class=\"top\">\n                    <\/div>\n        \n        <h3>Sofie Book<\/h3>\n\n        <div class=\"excerpt\">\n            VD, By The Book        <\/div>\n\n        <div class=\"links\">\n            \n                    <\/div>\n        \n    <\/div>\n<\/div><div class=\"person-card\">\n    \n    \n    <div class=\"content-wrapper\">\n        <div class=\"top\">\n                    <\/div>\n        \n        <h3>Adam Sandgren<\/h3>\n\n        <div class=\"excerpt\">\n            Lunds kommun        <\/div>\n\n        <div class=\"links\">\n                            <a href=\"tel:046-35 59 00\">\n                    Telefon: 046-35 59 00                <\/a>\n            \n                            <a href=\"mailto:adam.sandgren@lund.se\">\n                    MAIL: adam.sandgren@lund.se                <\/a>\n                    <\/div>\n        \n    <\/div>\n<\/div>        <\/div>\n    <\/div>\n<\/section>\n\n\n<div style=\"height:100px\" aria-hidden=\"true\" class=\"wp-block-spacer\"><\/div>\n","protected":false},"excerpt":{"rendered":"<p>V\u00e5r styrelse V\u00e5r styrelse \u00e4r otroligt viktig f\u00f6r oss, d\u00e4r n\u00e4ringsliv och kommunal verksamhet finns representerat. Med en stark styrelse skapar vi f\u00f6ruts\u00e4ttningar till att skapa \u00e4nnu mer merv\u00e4rde f\u00f6r v\u00e5ra kunder och samarbetspartners. Ordf\u00f6rande Ledam\u00f6ter Suppleanter<\/p>\n","protected":false},"author":1,"featured_media":0,"parent":0,"menu_order":0,"comment_status":"closed","ping_status":"closed","template":"","meta":{"footnotes":""},"acf":[],"yoast_head":"<!-- This site is optimized with the Yoast SEO plugin v22.9 - https:\/\/yoast.com\/wordpress\/plugins\/seo\/ -->\n<title>V\u00e5r styrelse - Lund<\/title>\n<meta name=\"robots\" content=\"index, follow, max-snippet:-1, max-image-preview:large, max-video-preview:-1\" \/>\n<link rel=\"canonical\" href=\"https:\/\/nyforetagarcentrum.se\/lund\/var-styrelse\/\" \/>\n<meta property=\"og:locale\" content=\"sv_SE\" \/>\n<meta property=\"og:type\" content=\"article\" \/>\n<meta property=\"og:title\" content=\"V\u00e5r styrelse - Lund\" \/>\n<meta property=\"og:description\" content=\"V\u00e5r styrelse V\u00e5r styrelse \u00e4r otroligt viktig f\u00f6r oss, d\u00e4r n\u00e4ringsliv och kommunal verksamhet finns representerat. Med en stark styrelse skapar vi f\u00f6ruts\u00e4ttningar till att skapa \u00e4nnu mer merv\u00e4rde f\u00f6r v\u00e5ra kunder och samarbetspartners. Ordf\u00f6rande Ledam\u00f6ter Suppleanter\" \/>\n<meta property=\"og:url\" content=\"https:\/\/nyforetagarcentrum.se\/lund\/var-styrelse\/\" \/>\n<meta property=\"og:site_name\" content=\"Lund\" \/>\n<meta property=\"article:modified_time\" content=\"2024-05-23T16:01:39+00:00\" \/>\n<meta name=\"twitter:card\" content=\"summary_large_image\" \/>\n<script type=\"application\/ld+json\" class=\"yoast-schema-graph\">{\"@context\":\"https:\/\/schema.org\",\"@graph\":[{\"@type\":\"WebPage\",\"@id\":\"https:\/\/nyforetagarcentrum.se\/lund\/var-styrelse\/\",\"url\":\"https:\/\/nyforetagarcentrum.se\/lund\/var-styrelse\/\",\"name\":\"V\u00e5r styrelse - Lund\",\"isPartOf\":{\"@id\":\"https:\/\/nyforetagarcentrum.se\/lund\/#website\"},\"datePublished\":\"2024-02-27T15:05:17+00:00\",\"dateModified\":\"2024-05-23T16:01:39+00:00\",\"breadcrumb\":{\"@id\":\"https:\/\/nyforetagarcentrum.se\/lund\/var-styrelse\/#breadcrumb\"},\"inLanguage\":\"sv-SE\",\"potentialAction\":[{\"@type\":\"ReadAction\",\"target\":[\"https:\/\/nyforetagarcentrum.se\/lund\/var-styrelse\/\"]}]},{\"@type\":\"BreadcrumbList\",\"@id\":\"https:\/\/nyforetagarcentrum.se\/lund\/var-styrelse\/#breadcrumb\",\"itemListElement\":[{\"@type\":\"ListItem\",\"position\":1,\"name\":\"Hem\",\"item\":\"https:\/\/nyforetagarcentrum.se\/lund\/\"},{\"@type\":\"ListItem\",\"position\":2,\"name\":\"V\u00e5r styrelse\"}]},{\"@type\":\"WebSite\",\"@id\":\"https:\/\/nyforetagarcentrum.se\/lund\/#website\",\"url\":\"https:\/\/nyforetagarcentrum.se\/lund\/\",\"name\":\"Lund\",\"description\":\"Sveriges ledande kraft f\u00f6r fler nya livskraftiga f\u00f6retag\",\"publisher\":{\"@id\":\"https:\/\/nyforetagarcentrum.se\/lund\/#organization\"},\"potentialAction\":[{\"@type\":\"SearchAction\",\"target\":{\"@type\":\"EntryPoint\",\"urlTemplate\":\"https:\/\/nyforetagarcentrum.se\/lund\/?s={search_term_string}\"},\"query-input\":\"required name=search_term_string\"}],\"inLanguage\":\"sv-SE\"},{\"@type\":\"Organization\",\"@id\":\"https:\/\/nyforetagarcentrum.se\/lund\/#organization\",\"name\":\"Lund\",\"url\":\"https:\/\/nyforetagarcentrum.se\/lund\/\",\"logo\":{\"@type\":\"ImageObject\",\"inLanguage\":\"sv-SE\",\"@id\":\"https:\/\/nyforetagarcentrum.se\/lund\/#\/schema\/logo\/image\/\",\"url\":\"https:\/\/nyforetagarcentrum.se\/lund\/wp-content\/uploads\/sites\/62\/2024\/04\/Lund-1.png\",\"contentUrl\":\"https:\/\/nyforetagarcentrum.se\/lund\/wp-content\/uploads\/sites\/62\/2024\/04\/Lund-1.png\",\"width\":1082,\"height\":542,\"caption\":\"Lund\"},\"image\":{\"@id\":\"https:\/\/nyforetagarcentrum.se\/lund\/#\/schema\/logo\/image\/\"}}]}<\/script>\n<!-- \/ Yoast SEO plugin. -->","yoast_head_json":{"title":"V\u00e5r styrelse - Lund","robots":{"index":"index","follow":"follow","max-snippet":"max-snippet:-1","max-image-preview":"max-image-preview:large","max-video-preview":"max-video-preview:-1"},"canonical":"https:\/\/nyforetagarcentrum.se\/lund\/var-styrelse\/","og_locale":"sv_SE","og_type":"article","og_title":"V\u00e5r styrelse - Lund","og_description":"V\u00e5r styrelse V\u00e5r styrelse \u00e4r otroligt viktig f\u00f6r oss, d\u00e4r n\u00e4ringsliv och kommunal verksamhet finns representerat. Med en stark styrelse skapar vi f\u00f6ruts\u00e4ttningar till att skapa \u00e4nnu mer merv\u00e4rde f\u00f6r v\u00e5ra kunder och samarbetspartners. Ordf\u00f6rande Ledam\u00f6ter Suppleanter","og_url":"https:\/\/nyforetagarcentrum.se\/lund\/var-styrelse\/","og_site_name":"Lund","article_modified_time":"2024-05-23T16:01:39+00:00","twitter_card":"summary_large_image","schema":{"@context":"https:\/\/schema.org","@graph":[{"@type":"WebPage","@id":"https:\/\/nyforetagarcentrum.se\/lund\/var-styrelse\/","url":"https:\/\/nyforetagarcentrum.se\/lund\/var-styrelse\/","name":"V\u00e5r styrelse - Lund","isPartOf":{"@id":"https:\/\/nyforetagarcentrum.se\/lund\/#website"},"datePublished":"2024-02-27T15:05:17+00:00","dateModified":"2024-05-23T16:01:39+00:00","breadcrumb":{"@id":"https:\/\/nyforetagarcentrum.se\/lund\/var-styrelse\/#breadcrumb"},"inLanguage":"sv-SE","potentialAction":[{"@type":"ReadAction","target":["https:\/\/nyforetagarcentrum.se\/lund\/var-styrelse\/"]}]},{"@type":"BreadcrumbList","@id":"https:\/\/nyforetagarcentrum.se\/lund\/var-styrelse\/#breadcrumb","itemListElement":[{"@type":"ListItem","position":1,"name":"Hem","item":"https:\/\/nyforetagarcentrum.se\/lund\/"},{"@type":"ListItem","position":2,"name":"V\u00e5r styrelse"}]},{"@type":"WebSite","@id":"https:\/\/nyforetagarcentrum.se\/lund\/#website","url":"https:\/\/nyforetagarcentrum.se\/lund\/","name":"Lund","description":"Sveriges ledande kraft f\u00f6r fler nya livskraftiga f\u00f6retag","publisher":{"@id":"https:\/\/nyforetagarcentrum.se\/lund\/#organization"},"potentialAction":[{"@type":"SearchAction","target":{"@type":"EntryPoint","urlTemplate":"https:\/\/nyforetagarcentrum.se\/lund\/?s={search_term_string}"},"query-input":"required name=search_term_string"}],"inLanguage":"sv-SE"},{"@type":"Organization","@id":"https:\/\/nyforetagarcentrum.se\/lund\/#organization","name":"Lund","url":"https:\/\/nyforetagarcentrum.se\/lund\/","logo":{"@type":"ImageObject","inLanguage":"sv-SE","@id":"https:\/\/nyforetagarcentrum.se\/lund\/#\/schema\/logo\/image\/","url":"https:\/\/nyforetagarcentrum.se\/lund\/wp-content\/uploads\/sites\/62\/2024\/04\/Lund-1.png","contentUrl":"https:\/\/nyforetagarcentrum.se\/lund\/wp-content\/uploads\/sites\/62\/2024\/04\/Lund-1.png","width":1082,"height":542,"caption":"Lund"},"image":{"@id":"https:\/\/nyforetagarcentrum.se\/lund\/#\/schema\/logo\/image\/"}}]}},"_links":{"self":[{"href":"https:\/\/nyforetagarcentrum.se\/lund\/wp-json\/wp\/v2\/pages\/164"}],"collection":[{"href":"https:\/\/nyforetagarcentrum.se\/lund\/wp-json\/wp\/v2\/pages"}],"about":[{"href":"https:\/\/nyforetagarcentrum.se\/lund\/wp-json\/wp\/v2\/types\/page"}],"author":[{"embeddable":true,"href":"https:\/\/nyforetagarcentrum.se\/lund\/wp-json\/wp\/v2\/users\/1"}],"replies":[{"embeddable":true,"href":"https:\/\/nyforetagarcentrum.se\/lund\/wp-json\/wp\/v2\/comments?post=164"}],"version-history":[{"count":20,"href":"https:\/\/nyforetagarcentrum.se\/lund\/wp-json\/wp\/v2\/pages\/164\/revisions"}],"predecessor-version":[{"id":1149,"href":"https:\/\/nyforetagarcentrum.se\/lund\/wp-json\/wp\/v2\/pages\/164\/revisions\/1149"}],"wp:attachment":[{"href":"https:\/\/nyforetagarcentrum.se\/lund\/wp-json\/wp\/v2\/media?parent=164"}],"curies":[{"name":"wp","href":"https:\/\/api.w.org\/{rel}","templated":true}]}}