{"id":161,"date":"2024-02-27T16:04:37","date_gmt":"2024-02-27T15:04:37","guid":{"rendered":"https:\/\/nyforetagarcentrum.se\/lund\/?page_id=161"},"modified":"2024-05-23T17:57:21","modified_gmt":"2024-05-23T15:57:21","slug":"om-oss","status":"publish","type":"page","link":"https:\/\/nyforetagarcentrum.se\/lund\/om-oss\/","title":{"rendered":"Om oss"},"content":{"rendered":"<section  class=\"nfc-block-hero alignfull\">\n\n    <img loading=\"lazy\" decoding=\"async\" width=\"1469\" height=\"981\" src=\"https:\/\/nyforetagarcentrum.se\/lund\/wp-content\/uploads\/sites\/62\/2024\/02\/Allman-bild-6.png\" class=\"attachment-landscape size-landscape\" alt=\"\" srcset=\"https:\/\/nyforetagarcentrum.se\/lund\/wp-content\/uploads\/sites\/62\/2024\/02\/Allman-bild-6.png 1469w, https:\/\/nyforetagarcentrum.se\/lund\/wp-content\/uploads\/sites\/62\/2024\/02\/Allman-bild-6-300x200.png 300w, https:\/\/nyforetagarcentrum.se\/lund\/wp-content\/uploads\/sites\/62\/2024\/02\/Allman-bild-6-1024x684.png 1024w, https:\/\/nyforetagarcentrum.se\/lund\/wp-content\/uploads\/sites\/62\/2024\/02\/Allman-bild-6-768x513.png 768w\" sizes=\"(max-width: 1469px) 100vw, 1469px\" \/>\n    <div class=\"contained\">\n        <h1 class=\"nfc-block-hero__heading\">Om oss<\/h1>\n\n            <\/div>\n<\/section>\n\n\n<div style=\"height:50px\" aria-hidden=\"true\" class=\"wp-block-spacer\"><\/div>\n\n\n<section  class=\"nfc-block-breadcrumbs\">\n    <div class=\"wrapper contained\">\n        <ol class=\"breadcrumbs\" itemscope itemtype=\"https:\/\/schema.org\/BreadcrumbList\">\n            <li itemprop=\"itemListElement\" itemscope itemtype=\"https:\/\/schema.org\/ListItem\">\n            \n\n                            <span class=\"current\" itemprop=\"name\">Hem<\/span>\n            \n            <meta itemprop=\"position\" content=\"1\" \/>\n        <\/li>\n    <\/ol>    <\/div>\n<\/section>\n\n\n<div style=\"height:51px\" aria-hidden=\"true\" class=\"wp-block-spacer\"><\/div>\n\n\n<section  class=\"nfc-block-split_screen alignwide image_alignment-left\">\n    <div class=\"wrapper\">\n        <div class=\"nfc-block-split_screen__image-wrapper\">\n            <img loading=\"lazy\" decoding=\"async\" width=\"1024\" height=\"1024\" src=\"https:\/\/nyforetagarcentrum.se\/lund\/wp-content\/uploads\/sites\/62\/2024\/05\/Christer-Wallin-1024x1024-1.jpg\" class=\"attachment-landscape size-landscape\" alt=\"\" srcset=\"https:\/\/nyforetagarcentrum.se\/lund\/wp-content\/uploads\/sites\/62\/2024\/05\/Christer-Wallin-1024x1024-1.jpg 1024w, https:\/\/nyforetagarcentrum.se\/lund\/wp-content\/uploads\/sites\/62\/2024\/05\/Christer-Wallin-1024x1024-1-300x300.jpg 300w, https:\/\/nyforetagarcentrum.se\/lund\/wp-content\/uploads\/sites\/62\/2024\/05\/Christer-Wallin-1024x1024-1-150x150.jpg 150w, https:\/\/nyforetagarcentrum.se\/lund\/wp-content\/uploads\/sites\/62\/2024\/05\/Christer-Wallin-1024x1024-1-768x768.jpg 768w\" sizes=\"(max-width: 1024px) 100vw, 1024px\" \/>        <\/div>\n\n        <div class=\"nfc-block-split_screen__content-wrapper\">\n            <h2>V\u00e5r verksamhet<\/h2>\n<p>Nyf\u00f6retagarCentrum ger dig som funderar p\u00e5 att starta eget f\u00f6retag \u2013 eller redan har startat \u2013 kostnadsfri r\u00e5dgivning. Vi har erfarna r\u00e5dgivare som hj\u00e4lper dig med din aff\u00e4rsid\u00e9, fr\u00e5gor kring budget, marknadsf\u00f6ring eller vad du vill som r\u00f6r ditt f\u00f6retagande.<\/p>\n<p>N\u00e4r du har varit p\u00e5 r\u00e5dgivning hos oss kommer du att vara v\u00e4l f\u00f6rberedd f\u00f6r livet som egenf\u00f6retagare. Det enda vi kr\u00e4ver av dig \u00e4r ditt engagemang och att du tror p\u00e5 din id\u00e9.<\/p>\n<p>R\u00e5dgivningen \u00e4r helt kostnadsfri tack vare v\u00e5rt n\u00e4tverk av samarbetspartners som st\u00f6der oss, b\u00e5de med finansiella medel och med personlig expertis och engagemang.<\/p>\n<p>LNC har arbetat med r\u00e5dgivning f\u00f6r nyf\u00f6retagare och nystartade f\u00f6retag sedan 1992. Mer 3000 f\u00f6retag har startats med st\u00f6d och hj\u00e4lp fr\u00e5n oss. Vi v\u00e4rderar och utvecklar \u00e5rligen 300 aff\u00e4rsid\u00e9er som utmynnar i 100-talet f\u00f6retag.<\/p>\n\n                            <div class=\"nfc-block-split_screen__buttons\">\n                                            <a href=\"\/lund\/vara-samarbetspartners\/\" class=\"button primary\">V\u00e5ra samarbetspartners<\/a>\n                                    <\/div>\n            \n        <\/div>\n    <\/div>\n<\/section>\n\n\n<div style=\"height:50px\" aria-hidden=\"true\" class=\"wp-block-spacer\"><\/div>\n\n\n\n<div class=\"wp-block-group alignfull has-white-background-color has-background is-layout-constrained wp-block-group-is-layout-constrained\">\n<div style=\"height:51px\" aria-hidden=\"true\" class=\"wp-block-spacer\"><\/div>\n\n\n<section  class=\"nfc-block-quote contained alignfull\">\n    <div class=\"wrapper contained\">\n        <p class=\"quote h2\">\u201dJag \u00e4r glad att kunna konstatera att b\u00e5de det offentliga och n\u00e4ringslivet trofast och solidariskt har st\u00e4llt upp f\u00f6r att v\u00e5r ideella organisation ska kunna blomstra och utvecklas.\u201d<\/p>\n        <div class=\"author\">\n            <div class=\"avatar\">\n                <img loading=\"lazy\" decoding=\"async\" width=\"150\" height=\"150\" src=\"https:\/\/nyforetagarcentrum.se\/lund\/wp-content\/uploads\/sites\/62\/2024\/05\/Christer-Wallin-1024x1024-1-150x150.jpg\" class=\"attachment-thumbnail size-thumbnail\" alt=\"\" srcset=\"https:\/\/nyforetagarcentrum.se\/lund\/wp-content\/uploads\/sites\/62\/2024\/05\/Christer-Wallin-1024x1024-1-150x150.jpg 150w, https:\/\/nyforetagarcentrum.se\/lund\/wp-content\/uploads\/sites\/62\/2024\/05\/Christer-Wallin-1024x1024-1-300x300.jpg 300w, https:\/\/nyforetagarcentrum.se\/lund\/wp-content\/uploads\/sites\/62\/2024\/05\/Christer-Wallin-1024x1024-1-768x768.jpg 768w, https:\/\/nyforetagarcentrum.se\/lund\/wp-content\/uploads\/sites\/62\/2024\/05\/Christer-Wallin-1024x1024-1.jpg 1024w\" sizes=\"(max-width: 150px) 100vw, 150px\" \/>            <\/div>\n            <div class=\"text\">\n                <p class=\"name\">Christer Wallin<\/p>\n                <p class=\"subtitle\">VD sedan 2018<\/p>\n            <\/div>\n        <\/div>\n    <\/div>\n<\/section>\n\n\n<div style=\"height:51px\" aria-hidden=\"true\" class=\"wp-block-spacer\"><\/div>\n\n\n\n<div class=\"wp-block-columns alignwide is-layout-flex wp-container-core-columns-is-layout-1 wp-block-columns-is-layout-flex\">\n<div class=\"wp-block-column is-layout-flow wp-block-column-is-layout-flow\">\n<p class=\"no-margin\" style=\"font-size:100px;font-style:normal;font-weight:700\">&gt;100<\/p>\n\n\n\n<p>\u00d6ver 100 nya f\u00f6retag startas \u00e5rligen<\/p>\n<\/div>\n\n\n\n<div class=\"wp-block-column is-layout-flow wp-block-column-is-layout-flow\">\n<p class=\"no-margin\" style=\"font-size:100px;font-style:normal;font-weight:700\">&gt;4000<\/p>\n\n\n\n<p>\u00d6ver 4000 nya f\u00f6retag har startats sedan 1992<\/p>\n<\/div>\n\n\n\n<div class=\"wp-block-column is-layout-flow wp-block-column-is-layout-flow\">\n<p class=\"no-margin\" style=\"font-size:100px;font-style:normal;font-weight:700\">54%<\/p>\n\n\n\n<p class=\"has-text-color has-link-color wp-elements-547409fe59cd2186fdbb70366d8a9d32\" style=\"color:#4d4d4d\">F\u00f6retag har startats av kvinnor <br>(j\u00e4mf\u00f6rt med rikssnittet p\u00e5 ca 31%)<\/p>\n<\/div>\n<\/div>\n\n\n\n<div class=\"wp-block-columns alignwide is-layout-flex wp-container-core-columns-is-layout-2 wp-block-columns-is-layout-flex\">\n<div class=\"wp-block-column is-layout-flow wp-block-column-is-layout-flow\">\n<p class=\"no-margin\" style=\"font-size:100px;font-style:normal;font-weight:700\">83%<\/p>\n\n\n\n<p>\u00d6verlevnadsgrad efter tre \u00e5r<br>(j\u00e4mf\u00f6rt med rikssnittet p\u00e5 ca 65%)<\/p>\n<\/div>\n\n\n\n<div class=\"wp-block-column is-layout-flow wp-block-column-is-layout-flow\">\n<p class=\"no-margin\" style=\"font-size:100px;font-style:normal;font-weight:700\">&gt;900<\/p>\n\n\n\n<p>\u00d6ver 900 aff\u00e4rsutvecklingsm\u00f6ten med entrepren\u00f6rer \u00e5rligen<\/p>\n<\/div>\n\n\n\n<div class=\"wp-block-column is-layout-flow wp-block-column-is-layout-flow\">\n<p class=\"no-margin\" style=\"font-size:100px;font-style:normal;font-weight:700\">28<\/p>\n\n\n\n<p class=\"has-text-color has-link-color wp-elements-72adfa367b9b0bb7d3aace4a2414bfd1\" style=\"color:#4d4d4d\">Utlandsstudieresor med st\u00f6df\u00f6retagen<\/p>\n<\/div>\n<\/div>\n\n\n\n<div style=\"height:51px\" aria-hidden=\"true\" class=\"wp-block-spacer\"><\/div>\n\n\n<section  class=\"nfc-block-split_screen alignwide image_alignment-left theme-dark\">\n    <div class=\"wrapper\">\n        <div class=\"nfc-block-split_screen__image-wrapper\">\n            <img loading=\"lazy\" decoding=\"async\" width=\"1476\" height=\"984\" src=\"https:\/\/nyforetagarcentrum.se\/lund\/wp-content\/uploads\/sites\/62\/2024\/02\/Nyforetagare-seminarium-LOW.jpg\" class=\"attachment-landscape size-landscape\" alt=\"\" srcset=\"https:\/\/nyforetagarcentrum.se\/lund\/wp-content\/uploads\/sites\/62\/2024\/02\/Nyforetagare-seminarium-LOW.jpg 1476w, https:\/\/nyforetagarcentrum.se\/lund\/wp-content\/uploads\/sites\/62\/2024\/02\/Nyforetagare-seminarium-LOW-300x200.jpg 300w, https:\/\/nyforetagarcentrum.se\/lund\/wp-content\/uploads\/sites\/62\/2024\/02\/Nyforetagare-seminarium-LOW-1024x683.jpg 1024w, https:\/\/nyforetagarcentrum.se\/lund\/wp-content\/uploads\/sites\/62\/2024\/02\/Nyforetagare-seminarium-LOW-768x512.jpg 768w\" sizes=\"(max-width: 1476px) 100vw, 1476px\" \/>        <\/div>\n\n        <div class=\"nfc-block-split_screen__content-wrapper\">\n            <h2>Vill ert f\u00f6retag ocks\u00e5 bli en del i att utveckla Lunds n\u00e4ringsliv?<\/h2>\n<p>V\u00e4lkommen som st\u00f6df\u00f6retag till Lunds Nyf\u00f6retagarCentrum och bli en del av ett av Lunds b\u00e4sta aff\u00e4rsn\u00e4tverk! Redan idag \u00e4r vi \u00f6ver 70 f\u00f6retag som samverkar f\u00f6r att ytterligare utveckla regionens n\u00e4ringsliv.<\/p>\n\n                            <div class=\"nfc-block-split_screen__buttons\">\n                                            <a href=\"\/lund\/vara-samarbetspartners\/bli-stodforetag\/\" class=\"button primary\">L\u00e4s mer<\/a>\n                                    <\/div>\n            \n        <\/div>\n    <\/div>\n<\/section>\n\n\n<div style=\"height:100px\" aria-hidden=\"true\" class=\"wp-block-spacer\"><\/div>\n<\/div>\n\n\n\n<div style=\"height:48px\" aria-hidden=\"true\" class=\"wp-block-spacer\"><\/div>\n\n\n\n<h2 class=\"wp-block-heading alignwide\">V\u00e5ra r\u00e5dgivare<\/h2>\n\n\n<section  class=\"nfc-block-person_grid alignwide layout-small\">\n    <div class=\"contained\">\n        <div class=\"grid\">\n            <div class=\"person-card\">\n    \n            <div class=\"featured_image\">\n            <img loading=\"lazy\" decoding=\"async\" width=\"150\" height=\"150\" src=\"https:\/\/nyforetagarcentrum.se\/lund\/wp-content\/uploads\/sites\/62\/2025\/09\/marie-150x150.jpeg\" class=\"attachment-thumbnail size-thumbnail\" alt=\"\" \/>        <\/div>\n    \n    <div class=\"content-wrapper\">\n        <div class=\"top\">\n                    <\/div>\n        \n        <h3>Marie Nilsson<\/h3>\n\n        <div class=\"excerpt\">\n            R\u00e5dgivare p\u00e5 LNC<br \/>\r\n<i>Advisor at LNC<\/i>        <\/div>\n\n        <div class=\"links\">\n            \n                    <\/div>\n        \n    <\/div>\n<\/div><div class=\"person-card\">\n    \n            <div class=\"featured_image\">\n            <img loading=\"lazy\" decoding=\"async\" width=\"150\" height=\"150\" src=\"https:\/\/nyforetagarcentrum.se\/lund\/wp-content\/uploads\/sites\/62\/2024\/05\/Christer-Wallin-1024x1024-1-150x150.jpg\" class=\"attachment-thumbnail size-thumbnail\" alt=\"\" srcset=\"https:\/\/nyforetagarcentrum.se\/lund\/wp-content\/uploads\/sites\/62\/2024\/05\/Christer-Wallin-1024x1024-1-150x150.jpg 150w, https:\/\/nyforetagarcentrum.se\/lund\/wp-content\/uploads\/sites\/62\/2024\/05\/Christer-Wallin-1024x1024-1-300x300.jpg 300w, https:\/\/nyforetagarcentrum.se\/lund\/wp-content\/uploads\/sites\/62\/2024\/05\/Christer-Wallin-1024x1024-1-768x768.jpg 768w, https:\/\/nyforetagarcentrum.se\/lund\/wp-content\/uploads\/sites\/62\/2024\/05\/Christer-Wallin-1024x1024-1.jpg 1024w\" sizes=\"(max-width: 150px) 100vw, 150px\" \/>        <\/div>\n    \n    <div class=\"content-wrapper\">\n        <div class=\"top\">\n                    <\/div>\n        \n        <h3>Christer Wallin<\/h3>\n\n        <div class=\"excerpt\">\n            Aff\u00e4rsr\u00e5dgivare och VD p\u00e5 LNC<br \/>\r\n<i>Business Counselor and CEO at LNC<\/i>        <\/div>\n\n        <div class=\"links\">\n                            <a href=\"tel:070-835 06 95\">\n                    Telefon: 070-835 06 95                <\/a>\n            \n                            <a href=\"mailto:christer.wallin@nyforetagarcentrum.se\">\n                    MAIL: christer.wallin@nyforetagarcentrum.se                <\/a>\n                    <\/div>\n        \n    <\/div>\n<\/div><div class=\"person-card\">\n    \n            <div class=\"featured_image\">\n            <img loading=\"lazy\" decoding=\"async\" width=\"150\" height=\"150\" src=\"https:\/\/nyforetagarcentrum.se\/lund\/wp-content\/uploads\/sites\/62\/2024\/05\/Unknown-e1725293491453-150x150.jpeg\" class=\"attachment-thumbnail size-thumbnail\" alt=\"\" \/>        <\/div>\n    \n    <div class=\"content-wrapper\">\n        <div class=\"top\">\n                    <\/div>\n        \n        <h3>Hel\u00e9n Forssander<\/h3>\n\n        <div class=\"excerpt\">\n            R\u00e5dgivare p\u00e5 LNC<br \/>\r\n<i>Advisor at LNC<\/i>        <\/div>\n\n        <div class=\"links\">\n                            <a href=\"tel:076-390 90 19\">\n                    Telefon: 076-390 90 19                <\/a>\n            \n                            <a href=\"mailto:helen.forssander@nyforetagarcentrum.se\">\n                    MAIL: helen.forssander@nyforetagarcentrum.se                <\/a>\n                    <\/div>\n        \n    <\/div>\n<\/div><div class=\"person-card\">\n    \n            <div class=\"featured_image\">\n            <img loading=\"lazy\" decoding=\"async\" width=\"150\" height=\"150\" src=\"https:\/\/nyforetagarcentrum.se\/lund\/wp-content\/uploads\/sites\/62\/2024\/05\/mats-johnsson-150x150.png\" class=\"attachment-thumbnail size-thumbnail\" alt=\"\" srcset=\"https:\/\/nyforetagarcentrum.se\/lund\/wp-content\/uploads\/sites\/62\/2024\/05\/mats-johnsson-150x150.png 150w, https:\/\/nyforetagarcentrum.se\/lund\/wp-content\/uploads\/sites\/62\/2024\/05\/mats-johnsson.png 300w\" sizes=\"(max-width: 150px) 100vw, 150px\" \/>        <\/div>\n    \n    <div class=\"content-wrapper\">\n        <div class=\"top\">\n                    <\/div>\n        \n        <h3>Mats Johnsson<\/h3>\n\n        <div class=\"excerpt\">\n            Aff\u00e4rsr\u00e5dgivare<br \/>\r\n<i>Business Counselor<\/i>        <\/div>\n\n        <div class=\"links\">\n                            <a href=\"tel:070-619 08 00\">\n                    Telefon: 070-619 08 00                <\/a>\n            \n                            <a href=\"mailto:mats.johnsson@nyforetagarcentrum.se\">\n                    MAIL: mats.johnsson@nyforetagarcentrum.se                <\/a>\n                    <\/div>\n        \n    <\/div>\n<\/div><div class=\"person-card\">\n    \n            <div class=\"featured_image\">\n            <img loading=\"lazy\" decoding=\"async\" width=\"150\" height=\"150\" src=\"https:\/\/nyforetagarcentrum.se\/lund\/wp-content\/uploads\/sites\/62\/2024\/07\/bibik-150x150.jpeg\" class=\"attachment-thumbnail size-thumbnail\" alt=\"\" \/>        <\/div>\n    \n    <div class=\"content-wrapper\">\n        <div class=\"top\">\n                    <\/div>\n        \n        <h3>Magdalena Bibik<\/h3>\n\n        <div class=\"excerpt\">\n            R\u00e5dgivare LNC<br \/>\r\n<i>Advisor at LNC<\/i><br \/>\r\n<i>Doradca biznesowy<\/i>        <\/div>\n\n        <div class=\"links\">\n                            <a href=\"tel:070-554 96 59\">\n                    Telefon: 070-554 96 59                <\/a>\n            \n                            <a href=\"mailto:magdalena.bibik@nyforetagarcentrum.se\">\n                    MAIL: magdalena.bibik@nyforetagarcentrum.se                <\/a>\n                    <\/div>\n        \n    <\/div>\n<\/div><div class=\"person-card\">\n    \n            <div class=\"featured_image\">\n            <img loading=\"lazy\" decoding=\"async\" width=\"150\" height=\"150\" src=\"https:\/\/nyforetagarcentrum.se\/lund\/wp-content\/uploads\/sites\/62\/2024\/05\/image-150x150.jpeg\" class=\"attachment-thumbnail size-thumbnail\" alt=\"\" \/>        <\/div>\n    \n    <div class=\"content-wrapper\">\n        <div class=\"top\">\n                    <\/div>\n        \n        <h3>Bertil Nilsson<\/h3>\n\n        <div class=\"excerpt\">\n            Aff\u00e4rsr\u00e5dgivare<br \/>\r\n<i>Business Counselor<\/i>        <\/div>\n\n        <div class=\"links\">\n                            <a href=\"tel:070-327 54 99\">\n                    Telefon: 070-327 54 99                <\/a>\n            \n                            <a href=\"mailto:bertil.nilsson@nyforetagarcentrum.se\">\n                    MAIL: bertil.nilsson@nyforetagarcentrum.se                <\/a>\n                    <\/div>\n        \n    <\/div>\n<\/div><div class=\"person-card\">\n    \n            <div class=\"featured_image\">\n            <img loading=\"lazy\" decoding=\"async\" width=\"150\" height=\"150\" src=\"https:\/\/nyforetagarcentrum.se\/lund\/wp-content\/uploads\/sites\/62\/2024\/11\/Unknown-150x150.jpeg\" class=\"attachment-thumbnail size-thumbnail\" alt=\"\" \/>        <\/div>\n    \n    <div class=\"content-wrapper\">\n        <div class=\"top\">\n                    <\/div>\n        \n        <h3>Claes Petr\u00e9n<\/h3>\n\n        <div class=\"excerpt\">\n            R\u00e5dgivare LNC<br \/>\r\n<i>Advisor at LNC<\/i>        <\/div>\n\n        <div class=\"links\">\n                            <a href=\"tel:070-510 10 88\">\n                    Telefon: 070-510 10 88                <\/a>\n            \n                            <a href=\"mailto:claes.petren@nyforetagarcentrum.se\">\n                    MAIL: claes.petren@nyforetagarcentrum.se                <\/a>\n                    <\/div>\n        \n    <\/div>\n<\/div>        <\/div>\n    <\/div>\n<\/section>\n\n\n<div class=\"wp-block-buttons alignwide is-layout-flex wp-block-buttons-is-layout-flex\">\n<div class=\"wp-block-button\"><a class=\"wp-block-button__link wp-element-button\" href=\"https:\/\/nyforetagarcentrum.se\/lund\/vara-radgivare\/\">L\u00e4s mer om v\u00e5ra r\u00e5dgivare<\/a><\/div>\n<\/div>\n\n\n\n<div style=\"height:48px\" aria-hidden=\"true\" class=\"wp-block-spacer\"><\/div>\n","protected":false},"excerpt":{"rendered":"<p>&gt;100 \u00d6ver 100 nya f\u00f6retag startas \u00e5rligen &gt;4000 \u00d6ver 4000 nya f\u00f6retag har startats sedan 1992 54% F\u00f6retag har startats av kvinnor (j\u00e4mf\u00f6rt med rikssnittet p\u00e5 ca 31%) 83% \u00d6verlevnadsgrad efter tre \u00e5r(j\u00e4mf\u00f6rt med rikssnittet p\u00e5 ca 65%) &gt;900 \u00d6ver 900 aff\u00e4rsutvecklingsm\u00f6ten med entrepren\u00f6rer \u00e5rligen 28 Utlandsstudieresor med st\u00f6df\u00f6retagen V\u00e5ra r\u00e5dgivare<\/p>\n","protected":false},"author":1,"featured_media":0,"parent":0,"menu_order":0,"comment_status":"closed","ping_status":"closed","template":"","meta":{"footnotes":""},"acf":[],"yoast_head":"<!-- This site is optimized with the Yoast SEO plugin v22.9 - https:\/\/yoast.com\/wordpress\/plugins\/seo\/ -->\n<title>Om oss - Lund<\/title>\n<meta name=\"robots\" content=\"index, follow, max-snippet:-1, max-image-preview:large, max-video-preview:-1\" \/>\n<link rel=\"canonical\" href=\"https:\/\/nyforetagarcentrum.se\/lund\/om-oss\/\" \/>\n<meta property=\"og:locale\" content=\"sv_SE\" \/>\n<meta property=\"og:type\" content=\"article\" \/>\n<meta property=\"og:title\" content=\"Om oss - Lund\" \/>\n<meta property=\"og:description\" content=\"&gt;100 \u00d6ver 100 nya f\u00f6retag startas \u00e5rligen &gt;4000 \u00d6ver 4000 nya f\u00f6retag har startats sedan 1992 54% F\u00f6retag har startats av kvinnor (j\u00e4mf\u00f6rt med rikssnittet p\u00e5 ca 31%) 83% \u00d6verlevnadsgrad efter tre \u00e5r(j\u00e4mf\u00f6rt med rikssnittet p\u00e5 ca 65%) &gt;900 \u00d6ver 900 aff\u00e4rsutvecklingsm\u00f6ten med entrepren\u00f6rer \u00e5rligen 28 Utlandsstudieresor med st\u00f6df\u00f6retagen V\u00e5ra r\u00e5dgivare\" \/>\n<meta property=\"og:url\" content=\"https:\/\/nyforetagarcentrum.se\/lund\/om-oss\/\" \/>\n<meta property=\"og:site_name\" content=\"Lund\" \/>\n<meta property=\"article:modified_time\" content=\"2024-05-23T15:57:21+00:00\" \/>\n<meta name=\"twitter:card\" content=\"summary_large_image\" \/>\n<script type=\"application\/ld+json\" class=\"yoast-schema-graph\">{\"@context\":\"https:\/\/schema.org\",\"@graph\":[{\"@type\":\"WebPage\",\"@id\":\"https:\/\/nyforetagarcentrum.se\/lund\/om-oss\/\",\"url\":\"https:\/\/nyforetagarcentrum.se\/lund\/om-oss\/\",\"name\":\"Om oss - Lund\",\"isPartOf\":{\"@id\":\"https:\/\/nyforetagarcentrum.se\/lund\/#website\"},\"datePublished\":\"2024-02-27T15:04:37+00:00\",\"dateModified\":\"2024-05-23T15:57:21+00:00\",\"breadcrumb\":{\"@id\":\"https:\/\/nyforetagarcentrum.se\/lund\/om-oss\/#breadcrumb\"},\"inLanguage\":\"sv-SE\",\"potentialAction\":[{\"@type\":\"ReadAction\",\"target\":[\"https:\/\/nyforetagarcentrum.se\/lund\/om-oss\/\"]}]},{\"@type\":\"BreadcrumbList\",\"@id\":\"https:\/\/nyforetagarcentrum.se\/lund\/om-oss\/#breadcrumb\",\"itemListElement\":[{\"@type\":\"ListItem\",\"position\":1,\"name\":\"Hem\",\"item\":\"https:\/\/nyforetagarcentrum.se\/lund\/\"},{\"@type\":\"ListItem\",\"position\":2,\"name\":\"Om oss\"}]},{\"@type\":\"WebSite\",\"@id\":\"https:\/\/nyforetagarcentrum.se\/lund\/#website\",\"url\":\"https:\/\/nyforetagarcentrum.se\/lund\/\",\"name\":\"Lund\",\"description\":\"Sveriges ledande kraft f\u00f6r fler nya livskraftiga f\u00f6retag\",\"publisher\":{\"@id\":\"https:\/\/nyforetagarcentrum.se\/lund\/#organization\"},\"potentialAction\":[{\"@type\":\"SearchAction\",\"target\":{\"@type\":\"EntryPoint\",\"urlTemplate\":\"https:\/\/nyforetagarcentrum.se\/lund\/?s={search_term_string}\"},\"query-input\":\"required name=search_term_string\"}],\"inLanguage\":\"sv-SE\"},{\"@type\":\"Organization\",\"@id\":\"https:\/\/nyforetagarcentrum.se\/lund\/#organization\",\"name\":\"Lund\",\"url\":\"https:\/\/nyforetagarcentrum.se\/lund\/\",\"logo\":{\"@type\":\"ImageObject\",\"inLanguage\":\"sv-SE\",\"@id\":\"https:\/\/nyforetagarcentrum.se\/lund\/#\/schema\/logo\/image\/\",\"url\":\"https:\/\/nyforetagarcentrum.se\/lund\/wp-content\/uploads\/sites\/62\/2024\/04\/Lund-1.png\",\"contentUrl\":\"https:\/\/nyforetagarcentrum.se\/lund\/wp-content\/uploads\/sites\/62\/2024\/04\/Lund-1.png\",\"width\":1082,\"height\":542,\"caption\":\"Lund\"},\"image\":{\"@id\":\"https:\/\/nyforetagarcentrum.se\/lund\/#\/schema\/logo\/image\/\"}}]}<\/script>\n<!-- \/ Yoast SEO plugin. -->","yoast_head_json":{"title":"Om oss - Lund","robots":{"index":"index","follow":"follow","max-snippet":"max-snippet:-1","max-image-preview":"max-image-preview:large","max-video-preview":"max-video-preview:-1"},"canonical":"https:\/\/nyforetagarcentrum.se\/lund\/om-oss\/","og_locale":"sv_SE","og_type":"article","og_title":"Om oss - Lund","og_description":"&gt;100 \u00d6ver 100 nya f\u00f6retag startas \u00e5rligen &gt;4000 \u00d6ver 4000 nya f\u00f6retag har startats sedan 1992 54% F\u00f6retag har startats av kvinnor (j\u00e4mf\u00f6rt med rikssnittet p\u00e5 ca 31%) 83% \u00d6verlevnadsgrad efter tre \u00e5r(j\u00e4mf\u00f6rt med rikssnittet p\u00e5 ca 65%) &gt;900 \u00d6ver 900 aff\u00e4rsutvecklingsm\u00f6ten med entrepren\u00f6rer \u00e5rligen 28 Utlandsstudieresor med st\u00f6df\u00f6retagen V\u00e5ra r\u00e5dgivare","og_url":"https:\/\/nyforetagarcentrum.se\/lund\/om-oss\/","og_site_name":"Lund","article_modified_time":"2024-05-23T15:57:21+00:00","twitter_card":"summary_large_image","schema":{"@context":"https:\/\/schema.org","@graph":[{"@type":"WebPage","@id":"https:\/\/nyforetagarcentrum.se\/lund\/om-oss\/","url":"https:\/\/nyforetagarcentrum.se\/lund\/om-oss\/","name":"Om oss - Lund","isPartOf":{"@id":"https:\/\/nyforetagarcentrum.se\/lund\/#website"},"datePublished":"2024-02-27T15:04:37+00:00","dateModified":"2024-05-23T15:57:21+00:00","breadcrumb":{"@id":"https:\/\/nyforetagarcentrum.se\/lund\/om-oss\/#breadcrumb"},"inLanguage":"sv-SE","potentialAction":[{"@type":"ReadAction","target":["https:\/\/nyforetagarcentrum.se\/lund\/om-oss\/"]}]},{"@type":"BreadcrumbList","@id":"https:\/\/nyforetagarcentrum.se\/lund\/om-oss\/#breadcrumb","itemListElement":[{"@type":"ListItem","position":1,"name":"Hem","item":"https:\/\/nyforetagarcentrum.se\/lund\/"},{"@type":"ListItem","position":2,"name":"Om oss"}]},{"@type":"WebSite","@id":"https:\/\/nyforetagarcentrum.se\/lund\/#website","url":"https:\/\/nyforetagarcentrum.se\/lund\/","name":"Lund","description":"Sveriges ledande kraft f\u00f6r fler nya livskraftiga f\u00f6retag","publisher":{"@id":"https:\/\/nyforetagarcentrum.se\/lund\/#organization"},"potentialAction":[{"@type":"SearchAction","target":{"@type":"EntryPoint","urlTemplate":"https:\/\/nyforetagarcentrum.se\/lund\/?s={search_term_string}"},"query-input":"required name=search_term_string"}],"inLanguage":"sv-SE"},{"@type":"Organization","@id":"https:\/\/nyforetagarcentrum.se\/lund\/#organization","name":"Lund","url":"https:\/\/nyforetagarcentrum.se\/lund\/","logo":{"@type":"ImageObject","inLanguage":"sv-SE","@id":"https:\/\/nyforetagarcentrum.se\/lund\/#\/schema\/logo\/image\/","url":"https:\/\/nyforetagarcentrum.se\/lund\/wp-content\/uploads\/sites\/62\/2024\/04\/Lund-1.png","contentUrl":"https:\/\/nyforetagarcentrum.se\/lund\/wp-content\/uploads\/sites\/62\/2024\/04\/Lund-1.png","width":1082,"height":542,"caption":"Lund"},"image":{"@id":"https:\/\/nyforetagarcentrum.se\/lund\/#\/schema\/logo\/image\/"}}]}},"_links":{"self":[{"href":"https:\/\/nyforetagarcentrum.se\/lund\/wp-json\/wp\/v2\/pages\/161"}],"collection":[{"href":"https:\/\/nyforetagarcentrum.se\/lund\/wp-json\/wp\/v2\/pages"}],"about":[{"href":"https:\/\/nyforetagarcentrum.se\/lund\/wp-json\/wp\/v2\/types\/page"}],"author":[{"embeddable":true,"href":"https:\/\/nyforetagarcentrum.se\/lund\/wp-json\/wp\/v2\/users\/1"}],"replies":[{"embeddable":true,"href":"https:\/\/nyforetagarcentrum.se\/lund\/wp-json\/wp\/v2\/comments?post=161"}],"version-history":[{"count":26,"href":"https:\/\/nyforetagarcentrum.se\/lund\/wp-json\/wp\/v2\/pages\/161\/revisions"}],"predecessor-version":[{"id":1011,"href":"https:\/\/nyforetagarcentrum.se\/lund\/wp-json\/wp\/v2\/pages\/161\/revisions\/1011"}],"wp:attachment":[{"href":"https:\/\/nyforetagarcentrum.se\/lund\/wp-json\/wp\/v2\/media?parent=161"}],"curies":[{"name":"wp","href":"https:\/\/api.w.org\/{rel}","templated":true}]}}