{"id":128,"date":"2024-02-22T11:27:10","date_gmt":"2024-02-22T10:27:10","guid":{"rendered":"https:\/\/nyforetagarcentrum.se\/lund\/?page_id=128"},"modified":"2024-12-03T14:50:12","modified_gmt":"2024-12-03T13:50:12","slug":"mentor","status":"publish","type":"page","link":"https:\/\/nyforetagarcentrum.se\/lund\/mentor\/","title":{"rendered":"Mentor"},"content":{"rendered":"<section  class=\"nfc-block-breadcrumbs alignwide\">\n    <div class=\"wrapper contained\">\n        <ol class=\"breadcrumbs\" itemscope itemtype=\"https:\/\/schema.org\/BreadcrumbList\">\n            <li itemprop=\"itemListElement\" itemscope itemtype=\"https:\/\/schema.org\/ListItem\">\n            \n\n                            <span class=\"current\" itemprop=\"name\">Hem<\/span>\n            \n            <meta itemprop=\"position\" content=\"1\" \/>\n        <\/li>\n    <\/ol>    <\/div>\n<\/section>\n\n\n<div style=\"height:var(--wp--preset--spacing--50)\" aria-hidden=\"true\" class=\"wp-block-spacer\"><\/div>\n\n\n<section  class=\"nfc-block-split_screen alignwide image_alignment-left\">\n    <div class=\"wrapper\">\n        <div class=\"nfc-block-split_screen__image-wrapper\">\n            <img loading=\"lazy\" decoding=\"async\" width=\"1476\" height=\"984\" src=\"https:\/\/nyforetagarcentrum.se\/lund\/wp-content\/uploads\/sites\/62\/2024\/02\/Nyforetagare-kultur-LOW.jpg\" class=\"attachment-landscape size-landscape\" alt=\"\" srcset=\"https:\/\/nyforetagarcentrum.se\/lund\/wp-content\/uploads\/sites\/62\/2024\/02\/Nyforetagare-kultur-LOW.jpg 1476w, https:\/\/nyforetagarcentrum.se\/lund\/wp-content\/uploads\/sites\/62\/2024\/02\/Nyforetagare-kultur-LOW-300x200.jpg 300w, https:\/\/nyforetagarcentrum.se\/lund\/wp-content\/uploads\/sites\/62\/2024\/02\/Nyforetagare-kultur-LOW-1024x683.jpg 1024w, https:\/\/nyforetagarcentrum.se\/lund\/wp-content\/uploads\/sites\/62\/2024\/02\/Nyforetagare-kultur-LOW-768x512.jpg 768w\" sizes=\"(max-width: 1476px) 100vw, 1476px\" \/>        <\/div>\n\n        <div class=\"nfc-block-split_screen__content-wrapper\">\n            <h1>Vill du bli f\u00f6retagare och f\u00e5 en s\u00e5 bra f\u00f6retagsstart, l\u00f6nsamhet och framg\u00e5ng som m\u00f6jligt?<\/h1>\n<div>\n<p><!-- wp:paragraph {\"align\":\"left\"} --><\/p>\n<p class=\"has-text-align-left\">Vi deltar i det nationella programmet Mentor Eget F\u00f6retag, ett program som drivs av v\u00e5r moderorganisation Nyf\u00f6retagarCentrum Sverige. Programmet inneb\u00e4r att en nyf\u00f6retagare kostnadsfritt f\u00e5r tillg\u00e5ng till en mentor, som bidrar med sina erfarenheter och sitt n\u00e4tverk p\u00e5 ideell basis under ett \u00e5r.<\/p>\n<p><!-- \/wp:paragraph --> <!-- wp:paragraph {\"align\":\"left\"} --><\/p>\n<p class=\"has-text-align-left\">Vi p\u00e5 Nyf\u00f6retagarCentrum har ett begr\u00e4nsat antal par mentor\/nyf\u00f6retagare varje \u00e5r. Alla som vill kan tyv\u00e4rr inte f\u00e5 en egen mentor, men vi g\u00f6r allt vad vi kan f\u00f6r alla som anm\u00e4ler sig!<!-- \/wp:paragraph --><\/p>\n<\/div>\n\n                            <div class=\"nfc-block-split_screen__buttons\">\n                                            <a href=\"#ansokan\" class=\"button primary\">Jag vill f\u00e5 en mentor<\/a>\n                                    <\/div>\n            \n        <\/div>\n    <\/div>\n<\/section>\n\n\n<div style=\"height:54px\" aria-hidden=\"true\" class=\"wp-block-spacer\"><\/div>\n\n\n\n<div class=\"wp-block-group alignfull has-background is-layout-constrained wp-block-group-is-layout-constrained\" id=\"ansokan\" style=\"background-color:#f2e1d7\">\n<div style=\"height:100px\" aria-hidden=\"true\" class=\"wp-block-spacer\"><\/div>\n\n\n\n<div class=\"wp-block-group is-layout-constrained wp-block-group-is-layout-constrained\">\n<h2 class=\"wp-block-heading\">Skicka in din ans\u00f6kan h\u00e4r<\/h2>\n\n\n\n<p>N\u00e4r du skickat in din ans\u00f6kan kommer du bokas in f\u00f6r en intervju f\u00f6r att se vilka\/vilket behov du har f\u00f6r att kunna matcha dig mot r\u00e4tt mentor. Du som vill vara mentor blir kontaktad och f\u00e5r information om din kommande adept.<\/p>\n\n\n<section  class=\"nfc-block-form aligncontent layout-small\">\n    <div class=\"contained\">\n\n        <form data-nfc-form=\"block_4793d6fef1290ed0349ee082996e2e75\" data-nfc-page=\"128\">\n            <label class=\"input-wrapper required\" for=\"namn\">\n    <span>Namn<\/span>\n    <input type=\"text\" name=\"namn\" id=\"namn\" placeholder=\"\" required>\n<\/label><label class=\"input-wrapper required\" for=\"fodelsedatum\">\n    <span>F\u00f6delsedatum<\/span>\n    <input type=\"text\" name=\"fodelsedatum\" id=\"fodelsedatum\" placeholder=\"\" required>\n<\/label><label class=\"input-wrapper required\" for=\"e-post\">\n    <span>E-post<\/span>\n    <input type=\"text\" name=\"e-post\" id=\"e-post\" placeholder=\"\" required>\n<\/label><label class=\"input-wrapper required\" for=\"telefon\">\n    <span>Telefon<\/span>\n    <input type=\"text\" name=\"telefon\" id=\"telefon\" placeholder=\"\" required>\n<\/label><label class=\"input-wrapper required\" for=\"postadress\">\n    <span>Postadress<\/span>\n    <input type=\"text\" name=\"postadress\" id=\"postadress\" placeholder=\"\" required>\n<\/label><label class=\"input-wrapper\" for=\"radgivare-idag\">\n    <span>R\u00e5dgivare idag<\/span>\n    <select name=\"radgivare-idag\" id=\"radgivare-idag\" >\n                    <option value=\"\">Christer Wallin<\/option>\n                    <option value=\"\">Helen\u00e9 Forssander<\/option>\n                    <option value=\"\">Mats Johnsson<\/option>\n                    <option value=\"\">Magdalena Bibik<\/option>\n                    <option value=\"\">Bertil Nilsson<\/option>\n                    <option value=\"\">Claes Petr\u00e9n<\/option>\n            <\/select>\n<\/label><label class=\"input-wrapper\" for=\"status-pa-foretaget\">\n    <span>Status p\u00e5 f\u00f6retaget<\/span>\n    <textarea type=\"text\" name=\"status-pa-foretaget\" id=\"status-pa-foretaget\" placeholder=\"\"  rows=\"6\"><\/textarea>\n<\/label><label class=\"input-wrapper\" for=\"affarside\">\n    <span>Aff\u00e4rsid\u00e9<\/span>\n    <textarea type=\"text\" name=\"affarside\" id=\"affarside\" placeholder=\"\"  rows=\"6\"><\/textarea>\n<\/label><label class=\"input-wrapper\" for=\"bakgrund-branschkunskap\">\n    <span>Bakgrund &amp; branschkunskap<\/span>\n    <textarea type=\"text\" name=\"bakgrund-branschkunskap\" id=\"bakgrund-branschkunskap\" placeholder=\"\"  rows=\"6\"><\/textarea>\n<\/label><label class=\"input-wrapper\" for=\"ev-onskemal-om-mentor\">\n    <span>Ev. \u00f6nskem\u00e5l om mentor<\/span>\n    <textarea type=\"text\" name=\"ev-onskemal-om-mentor\" id=\"ev-onskemal-om-mentor\" placeholder=\"\"  rows=\"6\"><\/textarea>\n<\/label>\n            <div class=\"input-wrapper\">\n                <button type=\"submit\" class=\"button\">Skicka<\/button>\n            <\/div>\n        <\/form>\n    <\/div>\n<\/section><\/div>\n\n\n\n<div style=\"height:100px\" aria-hidden=\"true\" class=\"wp-block-spacer\"><\/div>\n<\/div>\n\n\n\n<div style=\"height:100px\" aria-hidden=\"true\" class=\"wp-block-spacer\"><\/div>\n\n\n\n<h2 class=\"wp-block-heading alignwide has-x-large-font-size\">Mentorhandledare hos Lunds Nyf\u00f6retagarCentrum<\/h2>\n\n\n<section  class=\"nfc-block-person_grid alignwide layout-small\">\n    <div class=\"contained\">\n        <div class=\"grid\">\n            <div class=\"person-card\">\n    \n            <div class=\"featured_image\">\n            <img loading=\"lazy\" decoding=\"async\" width=\"150\" height=\"150\" src=\"https:\/\/nyforetagarcentrum.se\/lund\/wp-content\/uploads\/sites\/62\/2024\/11\/Unknown-1-150x150.jpeg\" class=\"attachment-thumbnail size-thumbnail\" alt=\"\" \/>        <\/div>\n    \n    <div class=\"content-wrapper\">\n        <div class=\"top\">\n                    <\/div>\n        \n        <h3>Robert Hofbauer<\/h3>\n\n        <div class=\"excerpt\">\n            Mentor och ansvarig projektledare f\u00f6r v\u00e5rt mentorskap.        <\/div>\n\n        <div class=\"links\">\n            \n                    <\/div>\n        \n    <\/div>\n<\/div>        <\/div>\n    <\/div>\n<\/section>\n\n\n<div style=\"height:100px\" aria-hidden=\"true\" class=\"wp-block-spacer\"><\/div>\n\n\n<section  class=\"nfc-block-split_screen alignwide image_alignment-left\">\n    <div class=\"wrapper\">\n        <div class=\"nfc-block-split_screen__image-wrapper\">\n            <img loading=\"lazy\" decoding=\"async\" width=\"1476\" height=\"984\" src=\"https:\/\/nyforetagarcentrum.se\/lund\/wp-content\/uploads\/sites\/62\/2024\/02\/Nyforetagare-seminarium-2-LOW.jpg\" class=\"attachment-landscape size-landscape\" alt=\"\" srcset=\"https:\/\/nyforetagarcentrum.se\/lund\/wp-content\/uploads\/sites\/62\/2024\/02\/Nyforetagare-seminarium-2-LOW.jpg 1476w, https:\/\/nyforetagarcentrum.se\/lund\/wp-content\/uploads\/sites\/62\/2024\/02\/Nyforetagare-seminarium-2-LOW-300x200.jpg 300w, https:\/\/nyforetagarcentrum.se\/lund\/wp-content\/uploads\/sites\/62\/2024\/02\/Nyforetagare-seminarium-2-LOW-1024x683.jpg 1024w, https:\/\/nyforetagarcentrum.se\/lund\/wp-content\/uploads\/sites\/62\/2024\/02\/Nyforetagare-seminarium-2-LOW-768x512.jpg 768w\" sizes=\"(max-width: 1476px) 100vw, 1476px\" \/>        <\/div>\n\n        <div class=\"nfc-block-split_screen__content-wrapper\">\n            <h2>Vill du bli mentor?<\/h2>\n<p>Du blir en viktig del i att hj\u00e4lpa Lunds entrepren\u00f6rer att utveckla nya sp\u00e4nnande f\u00f6retag.<\/p>\n\n                            <div class=\"nfc-block-split_screen__buttons\">\n                                            <a href=\"\/lund\/bli-mentor\/\" class=\"button primary\">Jag vill bli mentor<\/a>\n                                    <\/div>\n            \n        <\/div>\n    <\/div>\n<\/section>\n\n\n<div style=\"height:100px\" aria-hidden=\"true\" class=\"wp-block-spacer\"><\/div>\n","protected":false},"excerpt":{"rendered":"<p>Skicka in din ans\u00f6kan h\u00e4r N\u00e4r du skickat in din ans\u00f6kan kommer du bokas in f\u00f6r en intervju f\u00f6r att se vilka\/vilket behov du har f\u00f6r att kunna matcha dig mot r\u00e4tt mentor. Du som vill vara mentor blir kontaktad och f\u00e5r information om din kommande adept. Mentorhandledare hos Lunds Nyf\u00f6retagarCentrum<\/p>\n","protected":false},"author":1,"featured_media":0,"parent":0,"menu_order":0,"comment_status":"closed","ping_status":"closed","template":"","meta":{"footnotes":""},"acf":[],"yoast_head":"<!-- This site is optimized with the Yoast SEO plugin v22.9 - https:\/\/yoast.com\/wordpress\/plugins\/seo\/ -->\n<title>Mentor - Lund<\/title>\n<meta name=\"robots\" content=\"index, follow, max-snippet:-1, max-image-preview:large, max-video-preview:-1\" \/>\n<link rel=\"canonical\" href=\"https:\/\/nyforetagarcentrum.se\/lund\/mentor\/\" \/>\n<meta property=\"og:locale\" content=\"sv_SE\" \/>\n<meta property=\"og:type\" content=\"article\" \/>\n<meta property=\"og:title\" content=\"Mentor - Lund\" \/>\n<meta property=\"og:description\" content=\"Skicka in din ans\u00f6kan h\u00e4r N\u00e4r du skickat in din ans\u00f6kan kommer du bokas in f\u00f6r en intervju f\u00f6r att se vilka\/vilket behov du har f\u00f6r att kunna matcha dig mot r\u00e4tt mentor. Du som vill vara mentor blir kontaktad och f\u00e5r information om din kommande adept. Mentorhandledare hos Lunds Nyf\u00f6retagarCentrum\" \/>\n<meta property=\"og:url\" content=\"https:\/\/nyforetagarcentrum.se\/lund\/mentor\/\" \/>\n<meta property=\"og:site_name\" content=\"Lund\" \/>\n<meta property=\"article:modified_time\" content=\"2024-12-03T13:50:12+00:00\" \/>\n<meta name=\"twitter:card\" content=\"summary_large_image\" \/>\n<meta name=\"twitter:label1\" content=\"Ber\u00e4knad l\u00e4stid\" \/>\n\t<meta name=\"twitter:data1\" content=\"1 minut\" \/>\n<script type=\"application\/ld+json\" class=\"yoast-schema-graph\">{\"@context\":\"https:\/\/schema.org\",\"@graph\":[{\"@type\":\"WebPage\",\"@id\":\"https:\/\/nyforetagarcentrum.se\/lund\/mentor\/\",\"url\":\"https:\/\/nyforetagarcentrum.se\/lund\/mentor\/\",\"name\":\"Mentor - Lund\",\"isPartOf\":{\"@id\":\"https:\/\/nyforetagarcentrum.se\/lund\/#website\"},\"datePublished\":\"2024-02-22T10:27:10+00:00\",\"dateModified\":\"2024-12-03T13:50:12+00:00\",\"breadcrumb\":{\"@id\":\"https:\/\/nyforetagarcentrum.se\/lund\/mentor\/#breadcrumb\"},\"inLanguage\":\"sv-SE\",\"potentialAction\":[{\"@type\":\"ReadAction\",\"target\":[\"https:\/\/nyforetagarcentrum.se\/lund\/mentor\/\"]}]},{\"@type\":\"BreadcrumbList\",\"@id\":\"https:\/\/nyforetagarcentrum.se\/lund\/mentor\/#breadcrumb\",\"itemListElement\":[{\"@type\":\"ListItem\",\"position\":1,\"name\":\"Hem\",\"item\":\"https:\/\/nyforetagarcentrum.se\/lund\/\"},{\"@type\":\"ListItem\",\"position\":2,\"name\":\"Mentor\"}]},{\"@type\":\"WebSite\",\"@id\":\"https:\/\/nyforetagarcentrum.se\/lund\/#website\",\"url\":\"https:\/\/nyforetagarcentrum.se\/lund\/\",\"name\":\"Lund\",\"description\":\"Sveriges ledande kraft f\u00f6r fler nya livskraftiga f\u00f6retag\",\"publisher\":{\"@id\":\"https:\/\/nyforetagarcentrum.se\/lund\/#organization\"},\"potentialAction\":[{\"@type\":\"SearchAction\",\"target\":{\"@type\":\"EntryPoint\",\"urlTemplate\":\"https:\/\/nyforetagarcentrum.se\/lund\/?s={search_term_string}\"},\"query-input\":\"required name=search_term_string\"}],\"inLanguage\":\"sv-SE\"},{\"@type\":\"Organization\",\"@id\":\"https:\/\/nyforetagarcentrum.se\/lund\/#organization\",\"name\":\"Lund\",\"url\":\"https:\/\/nyforetagarcentrum.se\/lund\/\",\"logo\":{\"@type\":\"ImageObject\",\"inLanguage\":\"sv-SE\",\"@id\":\"https:\/\/nyforetagarcentrum.se\/lund\/#\/schema\/logo\/image\/\",\"url\":\"https:\/\/nyforetagarcentrum.se\/lund\/wp-content\/uploads\/sites\/62\/2024\/04\/Lund-1.png\",\"contentUrl\":\"https:\/\/nyforetagarcentrum.se\/lund\/wp-content\/uploads\/sites\/62\/2024\/04\/Lund-1.png\",\"width\":1082,\"height\":542,\"caption\":\"Lund\"},\"image\":{\"@id\":\"https:\/\/nyforetagarcentrum.se\/lund\/#\/schema\/logo\/image\/\"}}]}<\/script>\n<!-- \/ Yoast SEO plugin. -->","yoast_head_json":{"title":"Mentor - Lund","robots":{"index":"index","follow":"follow","max-snippet":"max-snippet:-1","max-image-preview":"max-image-preview:large","max-video-preview":"max-video-preview:-1"},"canonical":"https:\/\/nyforetagarcentrum.se\/lund\/mentor\/","og_locale":"sv_SE","og_type":"article","og_title":"Mentor - Lund","og_description":"Skicka in din ans\u00f6kan h\u00e4r N\u00e4r du skickat in din ans\u00f6kan kommer du bokas in f\u00f6r en intervju f\u00f6r att se vilka\/vilket behov du har f\u00f6r att kunna matcha dig mot r\u00e4tt mentor. Du som vill vara mentor blir kontaktad och f\u00e5r information om din kommande adept. Mentorhandledare hos Lunds Nyf\u00f6retagarCentrum","og_url":"https:\/\/nyforetagarcentrum.se\/lund\/mentor\/","og_site_name":"Lund","article_modified_time":"2024-12-03T13:50:12+00:00","twitter_card":"summary_large_image","twitter_misc":{"Ber\u00e4knad l\u00e4stid":"1 minut"},"schema":{"@context":"https:\/\/schema.org","@graph":[{"@type":"WebPage","@id":"https:\/\/nyforetagarcentrum.se\/lund\/mentor\/","url":"https:\/\/nyforetagarcentrum.se\/lund\/mentor\/","name":"Mentor - Lund","isPartOf":{"@id":"https:\/\/nyforetagarcentrum.se\/lund\/#website"},"datePublished":"2024-02-22T10:27:10+00:00","dateModified":"2024-12-03T13:50:12+00:00","breadcrumb":{"@id":"https:\/\/nyforetagarcentrum.se\/lund\/mentor\/#breadcrumb"},"inLanguage":"sv-SE","potentialAction":[{"@type":"ReadAction","target":["https:\/\/nyforetagarcentrum.se\/lund\/mentor\/"]}]},{"@type":"BreadcrumbList","@id":"https:\/\/nyforetagarcentrum.se\/lund\/mentor\/#breadcrumb","itemListElement":[{"@type":"ListItem","position":1,"name":"Hem","item":"https:\/\/nyforetagarcentrum.se\/lund\/"},{"@type":"ListItem","position":2,"name":"Mentor"}]},{"@type":"WebSite","@id":"https:\/\/nyforetagarcentrum.se\/lund\/#website","url":"https:\/\/nyforetagarcentrum.se\/lund\/","name":"Lund","description":"Sveriges ledande kraft f\u00f6r fler nya livskraftiga f\u00f6retag","publisher":{"@id":"https:\/\/nyforetagarcentrum.se\/lund\/#organization"},"potentialAction":[{"@type":"SearchAction","target":{"@type":"EntryPoint","urlTemplate":"https:\/\/nyforetagarcentrum.se\/lund\/?s={search_term_string}"},"query-input":"required name=search_term_string"}],"inLanguage":"sv-SE"},{"@type":"Organization","@id":"https:\/\/nyforetagarcentrum.se\/lund\/#organization","name":"Lund","url":"https:\/\/nyforetagarcentrum.se\/lund\/","logo":{"@type":"ImageObject","inLanguage":"sv-SE","@id":"https:\/\/nyforetagarcentrum.se\/lund\/#\/schema\/logo\/image\/","url":"https:\/\/nyforetagarcentrum.se\/lund\/wp-content\/uploads\/sites\/62\/2024\/04\/Lund-1.png","contentUrl":"https:\/\/nyforetagarcentrum.se\/lund\/wp-content\/uploads\/sites\/62\/2024\/04\/Lund-1.png","width":1082,"height":542,"caption":"Lund"},"image":{"@id":"https:\/\/nyforetagarcentrum.se\/lund\/#\/schema\/logo\/image\/"}}]}},"_links":{"self":[{"href":"https:\/\/nyforetagarcentrum.se\/lund\/wp-json\/wp\/v2\/pages\/128"}],"collection":[{"href":"https:\/\/nyforetagarcentrum.se\/lund\/wp-json\/wp\/v2\/pages"}],"about":[{"href":"https:\/\/nyforetagarcentrum.se\/lund\/wp-json\/wp\/v2\/types\/page"}],"author":[{"embeddable":true,"href":"https:\/\/nyforetagarcentrum.se\/lund\/wp-json\/wp\/v2\/users\/1"}],"replies":[{"embeddable":true,"href":"https:\/\/nyforetagarcentrum.se\/lund\/wp-json\/wp\/v2\/comments?post=128"}],"version-history":[{"count":46,"href":"https:\/\/nyforetagarcentrum.se\/lund\/wp-json\/wp\/v2\/pages\/128\/revisions"}],"predecessor-version":[{"id":1264,"href":"https:\/\/nyforetagarcentrum.se\/lund\/wp-json\/wp\/v2\/pages\/128\/revisions\/1264"}],"wp:attachment":[{"href":"https:\/\/nyforetagarcentrum.se\/lund\/wp-json\/wp\/v2\/media?parent=128"}],"curies":[{"name":"wp","href":"https:\/\/api.w.org\/{rel}","templated":true}]}}