{"id":93,"date":"2024-02-22T10:59:00","date_gmt":"2024-02-22T09:59:00","guid":{"rendered":"https:\/\/nyforetagarcentrum.se\/ludvika\/?page_id=93"},"modified":"2026-01-13T12:12:28","modified_gmt":"2026-01-13T11:12:28","slug":"radgivning","status":"publish","type":"page","link":"https:\/\/nyforetagarcentrum.se\/ludvika\/radgivning\/","title":{"rendered":"R\u00e5dgivning"},"content":{"rendered":"<section  class=\"nfc-block-breadcrumbs alignwide\">\n    <div class=\"wrapper contained\">\n        <ol class=\"breadcrumbs\" itemscope itemtype=\"https:\/\/schema.org\/BreadcrumbList\">\n            <li itemprop=\"itemListElement\" itemscope itemtype=\"https:\/\/schema.org\/ListItem\">\n            \n\n                            <span class=\"current\" itemprop=\"name\">Hem<\/span>\n            \n            <meta itemprop=\"position\" content=\"1\" \/>\n        <\/li>\n    <\/ol>    <\/div>\n<\/section>\n\n\n<div style=\"height:var(--wp--preset--spacing--50)\" aria-hidden=\"true\" class=\"wp-block-spacer\"><\/div>\n\n\n<section  class=\"nfc-block-split_screen alignwide image_alignment-left no_gap\">\n    <div class=\"wrapper\">\n        <div class=\"nfc-block-split_screen__image-wrapper\">\n            <img loading=\"lazy\" decoding=\"async\" width=\"1100\" height=\"726\" src=\"https:\/\/nyforetagarcentrum.se\/ludvika\/wp-content\/uploads\/sites\/29\/2024\/03\/Skarmbild-2023-09-26-113334-e1718786000339.png\" class=\"attachment-landscape size-landscape\" alt=\"\" \/>        <\/div>\n\n        <div class=\"nfc-block-split_screen__content-wrapper\">\n            <h1>Beh\u00f6ver du hj\u00e4lp med ditt f\u00f6retag eller din aff\u00e4rsid\u00e9?<\/h1>\n<div>\n<div>\n<div>\n<p>Nyf\u00f6retagarCentrum st\u00f6djer dig med att utveckla din aff\u00e4rsid\u00e9 till en l\u00f6nsam verksamhet och fungerar \u00e4ven som bland annat bollplank till redan etablerade f\u00f6retag.<\/p>\n<\/div>\n<div>\n<p>Oavsett vart i aff\u00e4rsprocessen du befinner dig, s\u00e5 finns vi h\u00e4r f\u00f6r att hj\u00e4lpa dig.\u00a0 Allt fr\u00e5n uppstart till utveckling.<\/p>\n<\/div>\n<\/div>\n<p>Hos oss kommer du att tr\u00e4ffa en diplomerade r\u00e5dgivare \/ verksamhetsledare som sj\u00e4lv \u00e4r entrepren\u00f6r med m\u00e5nga \u00e5rs erfarenhet.<\/p>\n<\/div>\n\n                            <div class=\"nfc-block-split_screen__buttons\">\n                                            <a href=\"https:\/\/jobsdata-nyforetagarcentrum.se\/ExternBooking?OfficeId=470912c3-4396-e811-80d7-0050568571f4\" class=\"button primary\">Boka r\u00e5dgivning h\u00e4r<\/a>\n                                    <\/div>\n            \n        <\/div>\n    <\/div>\n<\/section>\n\n\n<div style=\"height:100px\" aria-hidden=\"true\" class=\"wp-block-spacer\"><\/div>\n\n\n\n<h2 class=\"wp-block-heading alignwide has-x-large-font-size\">S\u00e5 h\u00e4r g\u00e5r det till<\/h2>\n\n\n<section  class=\"nfc-block-text_cards alignwide show_numbers\">\n    <div class=\"wrapper contained\">\n                    <div class=\"text-card\">\n                <div class=\"text-card__content\">\n                    <h3 class=\"heading\" data-number=\"1\">H\u00f6r av dig till oss.<\/h3>\n\n                                            <div class=\"description\">Funderar du p\u00e5 att starta eget?  Det gl\u00e4dja oss p\u00e5 Nyf\u00f6rtagarCentrum Ludvika- Smedjebacken och vi \u00e4r h\u00e4r f\u00f6r att v\u00e4gleda dig i hela processen fram\u00e5t och d\u00e4rmed \u00f6kar m\u00f6jligheter till att driva ett h\u00e5llbart f\u00f6retag. <br \/>\r\n<br \/>\r\nAlla r\u00e5dgivningar \u00e4r kostnadsfria tack vare v\u00e5ra samarbetspartners.  Hittar du ingen passande tid i v\u00e5rt bokningssystem s\u00e5 \u00e4r du v\u00e4lkommen att h\u00f6ra av dig via e-post, sms eller telefon.<br \/>\r\n<\/div>\n                    \n                                            <a href=\"mailto:ludvika@nyforetagarcentrum.se\" class=\"button primary\">Mejla oss<\/a>\n                    \n                <\/div>\n            <\/div>\n                    <div class=\"text-card\">\n                <div class=\"text-card__content\">\n                    <h3 class=\"heading\" data-number=\"2\">N\u00e4r vi ses<\/h3>\n\n                                            <div class=\"description\">Vid v\u00e5rt f\u00f6rsta m\u00f6te f\u00e5 du g\u00e4rna ber\u00e4tta om dina planer, var du befinner dig i processen, vad du beh\u00f6ver hj\u00e4lp med och vilka arbets- och livserfarenheter du har. Din r\u00e5dgivare kommer att g\u00f6ra en \u00f6versiktlig kartl\u00e4ggning baserad p\u00e5 den information du ger och ge dig r\u00e5d om din aff\u00e4rsid\u00e9 och vi l\u00e4gger upp en plan p\u00e5 vart du ska b\u00f6rja. <br \/>\r\n<br \/>\r\nEfter v\u00e5rt f\u00f6rsta m\u00f6te \u00e4r det helt upp till dig om du vill forts\u00e4tta enligt v\u00e5r plan eller k\u00e4nner dig tillr\u00e4ckligt rustat f\u00f6r att g\u00e5 vidare p\u00e5 egen hand.<br \/>\r\n<br \/>\r\n. <\/div>\n                    \n                                            <a href=\"www.affarsplan.com\" class=\"button primary\">Mall aff\u00e4rsplan<\/a>\n                    \n                <\/div>\n            <\/div>\n                    <div class=\"text-card\">\n                <div class=\"text-card__content\">\n                    <h3 class=\"heading\" data-number=\"3\">Om du redan driver ett f\u00f6retag.<\/h3>\n\n                                            <div class=\"description\">Om du redan driver ett f\u00f6retag kan vi bist\u00e5 dig med de fr\u00e5gor som kan uppst\u00e5. Vi kan ansluta dig till andra akt\u00f6rer inom v\u00e5rt n\u00e4tverk eller vara tillg\u00e4ngliga f\u00f6r dig om du vill diskutera med en erfaren r\u00e5dgivare som sj\u00e4lv \u00e4r f\u00f6retagare. Allt som diskuteras f\u00f6rblir konfidentiellt, det kan lita p\u00e5!<br \/>\r\n<br \/>\r\nH\u00f6r g\u00e4rna av dig till oss s\u00e5 bokar vi in en tid som passar dig. Har du sv\u00e5rt att komma ifr\u00e5n ditt f\u00f6retag s\u00e5 kommer v\u00e5r r\u00e5dgivare g\u00e4rna ut till ditt f\u00f6retag. \u00c4ven f\u00f6r dig som redan driver ett f\u00f6retag \u00e4r r\u00e5dgivningen kostnadsfri.<br \/>\r\n<\/div>\n                    \n                                            <a href=\"tel:+46240-860 40\" class=\"button primary\">E-post: ludvika@nyforetagarcentrum.se<\/a>\n                    \n                <\/div>\n            <\/div>\n            <\/div>\n<\/section>\n\n\n<div style=\"height:var(--wp--preset--spacing--80)\" aria-hidden=\"true\" class=\"wp-block-spacer\"><\/div>\n\n\n\n<h2 class=\"wp-block-heading has-text-align-center has-x-large-font-size\">Vanliga fr\u00e5gor om r\u00e5dgivning<\/h2>\n\n\n            <script type=\"application\/ld+json\">\n                {\n                    \"@context\": \"https:\/\/schema.org\",\n                    \"@type\": \"FAQPage\",\n                    \"mainEntity\": [\n                                                    {\n                                \"@type\": \"Question\",\n                                \"name\": \"\u00c4r r\u00e5dgivningen kostnadsfri?\",\n                                \"acceptedAnswer\": {\n                                    \"@type\": \"Answer\",\n                                    \"text\": \"<p>Ja! R\u00e5dgivning hos Nyf\u00f6retagarCentrum \u00e4r helt kostnadsfri.<\/p>\"\n                                }\n                            },                                                    {\n                                \"@type\": \"Question\",\n                                \"name\": \"\u00c4r r\u00e5dgivningen helt konfidentiell?\",\n                                \"acceptedAnswer\": {\n                                    \"@type\": \"Answer\",\n                                    \"text\": \"<p>V\u00e5r r\u00e5dgivning \u00e4r konfidentiell vilket inneb\u00e4r att den r\u00e5dgivare du g\u00e5r till f\u00e5r inte tala om f\u00f6r n\u00e5gon att du varit hos oss eller vad din aff\u00e4rsid\u00e9 handlar om. Den dag du registrerar ditt f\u00f6retag s\u00e5 kommer det att bli offentliga uppgifter.<\/p>\"\n                                }\n                            },                                                    {\n                                \"@type\": \"Question\",\n                                \"name\": \"Jag ska ta k\u00f6pa ett redan befintligt f\u00f6retag. Kan jag fortfarande f\u00e5 hj\u00e4lp av er?\",\n                                \"acceptedAnswer\": {\n                                    \"@type\": \"Answer\",\n                                    \"text\": \"<p>\u00c4ven n\u00e4r man tar \u00f6ver ett familjef\u00f6retag eller om man k\u00f6per ett f\u00f6retag s\u00e5 \u00e4r man ju ny som f\u00f6retagare och \u00e4r sj\u00e4lvklart v\u00e4lkommen till oss f\u00f6r hj\u00e4lp.<\/p>\"\n                                }\n                            },                                                    {\n                                \"@type\": \"Question\",\n                                \"name\": \"\u00c4r Nyf\u00f6retagarCentrum en del av arbetsf\u00f6rmedlingen?\",\n                                \"acceptedAnswer\": {\n                                    \"@type\": \"Answer\",\n                                    \"text\": \"<p>Nej, Nyf\u00f6retagarCentrum \u00e4r inte en del av Arbetsf\u00f6rmedlingen eller annan myndighet.<\/p>\"\n                                }\n                            }                                            ]\n                }\n            <\/script>\n        <section  class=\"nfc-block-accordions alignwide\">\n    <div class=\"wrapper contained\">\n        <div class=\"accordions\">\n\n                            <div class=\"accordion\">\n                    <h3>\n                        <button \n                            class=\"accordion-header\"\n                            aria-expanded=\"true\"\n                            aria-controls=\"accordion-panel-0\"\n                            id=\"accordion-header-0\"\n                            data-accordion-header\n                        >\n                            <span>\u00c4r r\u00e5dgivningen kostnadsfri?<\/span>\n                            <div class=\"icon icon-down\"><\/div>\n                        <\/button>\n                    <\/h3>\n                    <section id=\"accordion-panel-0\" aria-labelledby=\"accordion-header-0\">\n                        <span>\n                            <p>Ja! R\u00e5dgivning hos Nyf\u00f6retagarCentrum \u00e4r helt kostnadsfri.<\/p>\n                        <\/span>\n                    <\/section>\n                <\/div>\n                            <div class=\"accordion\">\n                    <h3>\n                        <button \n                            class=\"accordion-header\"\n                            aria-expanded=\"true\"\n                            aria-controls=\"accordion-panel-1\"\n                            id=\"accordion-header-1\"\n                            data-accordion-header\n                        >\n                            <span>\u00c4r r\u00e5dgivningen helt konfidentiell?<\/span>\n                            <div class=\"icon icon-down\"><\/div>\n                        <\/button>\n                    <\/h3>\n                    <section id=\"accordion-panel-1\" aria-labelledby=\"accordion-header-1\">\n                        <span>\n                            <p>V\u00e5r r\u00e5dgivning \u00e4r konfidentiell vilket inneb\u00e4r att den r\u00e5dgivare du g\u00e5r till f\u00e5r inte tala om f\u00f6r n\u00e5gon att du varit hos oss eller vad din aff\u00e4rsid\u00e9 handlar om. Den dag du registrerar ditt f\u00f6retag s\u00e5 kommer det att bli offentliga uppgifter.<\/p>\n                        <\/span>\n                    <\/section>\n                <\/div>\n                            <div class=\"accordion\">\n                    <h3>\n                        <button \n                            class=\"accordion-header\"\n                            aria-expanded=\"true\"\n                            aria-controls=\"accordion-panel-2\"\n                            id=\"accordion-header-2\"\n                            data-accordion-header\n                        >\n                            <span>Jag ska ta k\u00f6pa ett redan befintligt f\u00f6retag. Kan jag fortfarande f\u00e5 hj\u00e4lp av er?<\/span>\n                            <div class=\"icon icon-down\"><\/div>\n                        <\/button>\n                    <\/h3>\n                    <section id=\"accordion-panel-2\" aria-labelledby=\"accordion-header-2\">\n                        <span>\n                            <p>\u00c4ven n\u00e4r man tar \u00f6ver ett familjef\u00f6retag eller om man k\u00f6per ett f\u00f6retag s\u00e5 \u00e4r man ju ny som f\u00f6retagare och \u00e4r sj\u00e4lvklart v\u00e4lkommen till oss f\u00f6r hj\u00e4lp.<\/p>\n                        <\/span>\n                    <\/section>\n                <\/div>\n                            <div class=\"accordion\">\n                    <h3>\n                        <button \n                            class=\"accordion-header\"\n                            aria-expanded=\"true\"\n                            aria-controls=\"accordion-panel-3\"\n                            id=\"accordion-header-3\"\n                            data-accordion-header\n                        >\n                            <span>\u00c4r Nyf\u00f6retagarCentrum en del av arbetsf\u00f6rmedlingen?<\/span>\n                            <div class=\"icon icon-down\"><\/div>\n                        <\/button>\n                    <\/h3>\n                    <section id=\"accordion-panel-3\" aria-labelledby=\"accordion-header-3\">\n                        <span>\n                            <p>Nej, Nyf\u00f6retagarCentrum \u00e4r inte en del av Arbetsf\u00f6rmedlingen eller annan myndighet.<\/p>\n                        <\/span>\n                    <\/section>\n                <\/div>\n                    <\/div>\n    <\/div>\n    <noscript>\n        <style>\n            .accordion-header .icon {\n                display: none !important;\n            }\n        <\/style>\n    <\/noscript>\n<\/section>\n\n\n\n<div style=\"height:var(--wp--preset--spacing--80)\" aria-hidden=\"true\" class=\"wp-block-spacer\"><\/div>\n","protected":false},"excerpt":{"rendered":"<p>S\u00e5 h\u00e4r g\u00e5r det till Vanliga fr\u00e5gor om r\u00e5dgivning<\/p>\n","protected":false},"author":1,"featured_media":0,"parent":0,"menu_order":0,"comment_status":"closed","ping_status":"closed","template":"","meta":{"footnotes":""},"acf":[],"yoast_head":"<!-- This site is optimized with the Yoast SEO plugin v22.9 - https:\/\/yoast.com\/wordpress\/plugins\/seo\/ -->\n<title>R\u00e5dgivning - Ludvika - Smedjebacken<\/title>\n<meta name=\"robots\" content=\"index, follow, max-snippet:-1, max-image-preview:large, max-video-preview:-1\" \/>\n<link rel=\"canonical\" href=\"https:\/\/nyforetagarcentrum.se\/ludvika\/radgivning\/\" \/>\n<meta property=\"og:locale\" content=\"sv_SE\" \/>\n<meta property=\"og:type\" content=\"article\" \/>\n<meta property=\"og:title\" content=\"R\u00e5dgivning - Ludvika - Smedjebacken\" \/>\n<meta property=\"og:description\" content=\"S\u00e5 h\u00e4r g\u00e5r det till Vanliga fr\u00e5gor om r\u00e5dgivning\" \/>\n<meta property=\"og:url\" content=\"https:\/\/nyforetagarcentrum.se\/ludvika\/radgivning\/\" \/>\n<meta property=\"og:site_name\" content=\"Ludvika - Smedjebacken\" \/>\n<meta property=\"article:modified_time\" content=\"2026-01-13T11:12:28+00:00\" \/>\n<meta name=\"twitter:card\" content=\"summary_large_image\" \/>\n<meta name=\"twitter:label1\" content=\"Ber\u00e4knad l\u00e4stid\" \/>\n\t<meta name=\"twitter:data1\" content=\"1 minut\" \/>\n<script type=\"application\/ld+json\" class=\"yoast-schema-graph\">{\"@context\":\"https:\/\/schema.org\",\"@graph\":[{\"@type\":\"WebPage\",\"@id\":\"https:\/\/nyforetagarcentrum.se\/ludvika\/radgivning\/\",\"url\":\"https:\/\/nyforetagarcentrum.se\/ludvika\/radgivning\/\",\"name\":\"R\u00e5dgivning - Ludvika - Smedjebacken\",\"isPartOf\":{\"@id\":\"https:\/\/nyforetagarcentrum.se\/ludvika\/#website\"},\"datePublished\":\"2024-02-22T09:59:00+00:00\",\"dateModified\":\"2026-01-13T11:12:28+00:00\",\"breadcrumb\":{\"@id\":\"https:\/\/nyforetagarcentrum.se\/ludvika\/radgivning\/#breadcrumb\"},\"inLanguage\":\"sv-SE\",\"potentialAction\":[{\"@type\":\"ReadAction\",\"target\":[\"https:\/\/nyforetagarcentrum.se\/ludvika\/radgivning\/\"]}]},{\"@type\":\"BreadcrumbList\",\"@id\":\"https:\/\/nyforetagarcentrum.se\/ludvika\/radgivning\/#breadcrumb\",\"itemListElement\":[{\"@type\":\"ListItem\",\"position\":1,\"name\":\"Hem\",\"item\":\"https:\/\/nyforetagarcentrum.se\/ludvika\/\"},{\"@type\":\"ListItem\",\"position\":2,\"name\":\"R\u00e5dgivning\"}]},{\"@type\":\"WebSite\",\"@id\":\"https:\/\/nyforetagarcentrum.se\/ludvika\/#website\",\"url\":\"https:\/\/nyforetagarcentrum.se\/ludvika\/\",\"name\":\"Ludvika - Smedjebacken\",\"description\":\"Sveriges ledande kraft f\u00f6r fler nya livskraftiga f\u00f6retag\",\"publisher\":{\"@id\":\"https:\/\/nyforetagarcentrum.se\/ludvika\/#organization\"},\"potentialAction\":[{\"@type\":\"SearchAction\",\"target\":{\"@type\":\"EntryPoint\",\"urlTemplate\":\"https:\/\/nyforetagarcentrum.se\/ludvika\/?s={search_term_string}\"},\"query-input\":\"required name=search_term_string\"}],\"inLanguage\":\"sv-SE\"},{\"@type\":\"Organization\",\"@id\":\"https:\/\/nyforetagarcentrum.se\/ludvika\/#organization\",\"name\":\"Ludvika - Smedjebacken\",\"url\":\"https:\/\/nyforetagarcentrum.se\/ludvika\/\",\"logo\":{\"@type\":\"ImageObject\",\"inLanguage\":\"sv-SE\",\"@id\":\"https:\/\/nyforetagarcentrum.se\/ludvika\/#\/schema\/logo\/image\/\",\"url\":\"https:\/\/nyforetagarcentrum.se\/ludvika\/wp-content\/uploads\/sites\/29\/2024\/04\/ludvika-smedjebacken.png\",\"contentUrl\":\"https:\/\/nyforetagarcentrum.se\/ludvika\/wp-content\/uploads\/sites\/29\/2024\/04\/ludvika-smedjebacken.png\",\"width\":1082,\"height\":542,\"caption\":\"Ludvika - Smedjebacken\"},\"image\":{\"@id\":\"https:\/\/nyforetagarcentrum.se\/ludvika\/#\/schema\/logo\/image\/\"}}]}<\/script>\n<!-- \/ Yoast SEO plugin. -->","yoast_head_json":{"title":"R\u00e5dgivning - Ludvika - Smedjebacken","robots":{"index":"index","follow":"follow","max-snippet":"max-snippet:-1","max-image-preview":"max-image-preview:large","max-video-preview":"max-video-preview:-1"},"canonical":"https:\/\/nyforetagarcentrum.se\/ludvika\/radgivning\/","og_locale":"sv_SE","og_type":"article","og_title":"R\u00e5dgivning - Ludvika - Smedjebacken","og_description":"S\u00e5 h\u00e4r g\u00e5r det till Vanliga fr\u00e5gor om r\u00e5dgivning","og_url":"https:\/\/nyforetagarcentrum.se\/ludvika\/radgivning\/","og_site_name":"Ludvika - Smedjebacken","article_modified_time":"2026-01-13T11:12:28+00:00","twitter_card":"summary_large_image","twitter_misc":{"Ber\u00e4knad l\u00e4stid":"1 minut"},"schema":{"@context":"https:\/\/schema.org","@graph":[{"@type":"WebPage","@id":"https:\/\/nyforetagarcentrum.se\/ludvika\/radgivning\/","url":"https:\/\/nyforetagarcentrum.se\/ludvika\/radgivning\/","name":"R\u00e5dgivning - Ludvika - Smedjebacken","isPartOf":{"@id":"https:\/\/nyforetagarcentrum.se\/ludvika\/#website"},"datePublished":"2024-02-22T09:59:00+00:00","dateModified":"2026-01-13T11:12:28+00:00","breadcrumb":{"@id":"https:\/\/nyforetagarcentrum.se\/ludvika\/radgivning\/#breadcrumb"},"inLanguage":"sv-SE","potentialAction":[{"@type":"ReadAction","target":["https:\/\/nyforetagarcentrum.se\/ludvika\/radgivning\/"]}]},{"@type":"BreadcrumbList","@id":"https:\/\/nyforetagarcentrum.se\/ludvika\/radgivning\/#breadcrumb","itemListElement":[{"@type":"ListItem","position":1,"name":"Hem","item":"https:\/\/nyforetagarcentrum.se\/ludvika\/"},{"@type":"ListItem","position":2,"name":"R\u00e5dgivning"}]},{"@type":"WebSite","@id":"https:\/\/nyforetagarcentrum.se\/ludvika\/#website","url":"https:\/\/nyforetagarcentrum.se\/ludvika\/","name":"Ludvika - Smedjebacken","description":"Sveriges ledande kraft f\u00f6r fler nya livskraftiga f\u00f6retag","publisher":{"@id":"https:\/\/nyforetagarcentrum.se\/ludvika\/#organization"},"potentialAction":[{"@type":"SearchAction","target":{"@type":"EntryPoint","urlTemplate":"https:\/\/nyforetagarcentrum.se\/ludvika\/?s={search_term_string}"},"query-input":"required name=search_term_string"}],"inLanguage":"sv-SE"},{"@type":"Organization","@id":"https:\/\/nyforetagarcentrum.se\/ludvika\/#organization","name":"Ludvika - Smedjebacken","url":"https:\/\/nyforetagarcentrum.se\/ludvika\/","logo":{"@type":"ImageObject","inLanguage":"sv-SE","@id":"https:\/\/nyforetagarcentrum.se\/ludvika\/#\/schema\/logo\/image\/","url":"https:\/\/nyforetagarcentrum.se\/ludvika\/wp-content\/uploads\/sites\/29\/2024\/04\/ludvika-smedjebacken.png","contentUrl":"https:\/\/nyforetagarcentrum.se\/ludvika\/wp-content\/uploads\/sites\/29\/2024\/04\/ludvika-smedjebacken.png","width":1082,"height":542,"caption":"Ludvika - Smedjebacken"},"image":{"@id":"https:\/\/nyforetagarcentrum.se\/ludvika\/#\/schema\/logo\/image\/"}}]}},"_links":{"self":[{"href":"https:\/\/nyforetagarcentrum.se\/ludvika\/wp-json\/wp\/v2\/pages\/93"}],"collection":[{"href":"https:\/\/nyforetagarcentrum.se\/ludvika\/wp-json\/wp\/v2\/pages"}],"about":[{"href":"https:\/\/nyforetagarcentrum.se\/ludvika\/wp-json\/wp\/v2\/types\/page"}],"author":[{"embeddable":true,"href":"https:\/\/nyforetagarcentrum.se\/ludvika\/wp-json\/wp\/v2\/users\/1"}],"replies":[{"embeddable":true,"href":"https:\/\/nyforetagarcentrum.se\/ludvika\/wp-json\/wp\/v2\/comments?post=93"}],"version-history":[{"count":71,"href":"https:\/\/nyforetagarcentrum.se\/ludvika\/wp-json\/wp\/v2\/pages\/93\/revisions"}],"predecessor-version":[{"id":932,"href":"https:\/\/nyforetagarcentrum.se\/ludvika\/wp-json\/wp\/v2\/pages\/93\/revisions\/932"}],"wp:attachment":[{"href":"https:\/\/nyforetagarcentrum.se\/ludvika\/wp-json\/wp\/v2\/media?parent=93"}],"curies":[{"name":"wp","href":"https:\/\/api.w.org\/{rel}","templated":true}]}}