{"id":41,"date":"2024-02-22T10:24:51","date_gmt":"2024-02-22T09:24:51","guid":{"rendered":"https:\/\/nyforetagarcentrum.se\/ludvika\/?page_id=41"},"modified":"2026-01-13T12:35:58","modified_gmt":"2026-01-13T11:35:58","slug":"var-styrelse","status":"publish","type":"page","link":"https:\/\/nyforetagarcentrum.se\/ludvika\/var-styrelse\/","title":{"rendered":"Om oss"},"content":{"rendered":"<section  class=\"block-our-partners nfc-block-partners\">\n    <div class=\"contained\">\n            <\/div>\n<\/section>\n\n<section  class=\"nfc-block-breadcrumbs\">\n    <div class=\"wrapper contained\">\n        <ol class=\"breadcrumbs\" itemscope itemtype=\"https:\/\/schema.org\/BreadcrumbList\">\n            <li itemprop=\"itemListElement\" itemscope itemtype=\"https:\/\/schema.org\/ListItem\">\n            \n\n                            <span class=\"current\" itemprop=\"name\">Hem<\/span>\n            \n            <meta itemprop=\"position\" content=\"1\" \/>\n        <\/li>\n    <\/ol>    <\/div>\n<\/section>\n\n\n<div style=\"height:50px\" aria-hidden=\"true\" class=\"wp-block-spacer\"><\/div>\n\n\n<section  class=\"nfc-block-hero alignfull\">\n\n    <img loading=\"lazy\" decoding=\"async\" width=\"1476\" height=\"962\" src=\"https:\/\/nyforetagarcentrum.se\/ludvika\/wp-content\/uploads\/sites\/29\/2024\/03\/Nyforetagare-ung-kvinna-cafe-LOW.jpg\" class=\"attachment-landscape size-landscape\" alt=\"\" \/>\n    <div class=\"contained\">\n        <h1 class=\"nfc-block-hero__heading\">Om oss.<\/h1>\n\n            <\/div>\n<\/section>\n\n\n<h2 class=\"wp-block-heading has-text-align-center\">V\u00e5rt syfte \u00e4r att fr\u00e4mja entrepren\u00f6rskap och medverka till livskraftiga f\u00f6retag i Ludvika-Smedjebacken<\/h2>\n\n\n            <script type=\"application\/ld+json\">\n                {\n                    \"@context\": \"https:\/\/schema.org\",\n                    \"@type\": \"FAQPage\",\n                    \"mainEntity\": [\n                                                    {\n                                \"@type\": \"Question\",\n                                \"name\": \"V\u00e5r styrelse\",\n                                \"acceptedAnswer\": {\n                                    \"@type\": \"Answer\",\n                                    \"text\": \"<ul>\n<li><strong>Styrelseledamot | Ordf\u00f6rande Lars Lindblom.<\/strong><\/li>\n<\/ul>\n<p>AB Samarkand 2015 | E-post: lars.lindblom@samarkand2015.com<\/p>\n<p>______________________________________________<\/p>\n<ul>\n<li><strong>Styrelseledamot\u00a0 Andreas Abraham<\/strong><\/li>\n<\/ul>\n<p>Handelsbanken<\/p>\n<p>______________________________________________<\/p>\n<ul>\n<li><strong>Styrelseledamot | Valberedning Roger Sj\u00f6berg<\/strong><\/li>\n<\/ul>\n<p>Smedjebackens Kommun<\/p>\n<p>______________________________________________<\/p>\n<ul>\n<li><strong>Styrelseledamot | Valberedning Erik Odens<\/strong><\/li>\n<\/ul>\n<p>Ludvika Kommun<\/p>\n<p>______________________________________________<\/p>\n<ul>\n<li><strong>Styrelseledamot H\u00e5kan Flink\u00a0<\/strong><\/li>\n<\/ul>\n<p>Hitachi Energi<\/p>\n<p>______________________________________________<\/p>\n<ul>\n<li><strong>Styrelseledamot Elin Hussfeldt<\/strong><\/li>\n<\/ul>\n<p>L\u00e4nsf\u00f6rs\u00e4kringar<\/p>\n<p>______________________________________________<\/p>\n<ul>\n<li><strong>Styrelseledamot Emma Nyhem<\/strong><\/li>\n<\/ul>\n<p>Norrb\u00e4rke Sparbank AB<\/p>\n<p>______________________________________________<\/p>\n<ul>\n<li><strong>Styrelseledamot Stefan Pettersson<\/strong><\/li>\n<\/ul>\n<p>F\u00f6retagarna<\/p>\n<p>______________________________________________<\/p>\n<ul>\n<li><strong>Styrelsesuppleant Monica Bork<\/strong><\/li>\n<\/ul>\n<p>Engelbrekt ekonomi AB<\/p>\n<p>______________________________________________<\/p>\n<ul>\n<li><strong>Styrelsesuppleant Tobias Hansson\u00a0<\/strong><\/li>\n<\/ul>\n<p>Hitachi Energi<\/p>\n<p>______________________________________________<\/p>\n<ul>\n<li><strong>Revisor Stefan Bengtsson<\/strong><\/li>\n<\/ul>\n<p>Auktoriserad revisor Cedra AB<\/p>\n<p>______________________________________________<\/p>\n<p>&nbsp;<\/p>\"\n                                }\n                            },                                                    {\n                                \"@type\": \"Question\",\n                                \"name\": \"V\u00e5r r\u00e5dgivare och verksamhetsledare\",\n                                \"acceptedAnswer\": {\n                                    \"@type\": \"Answer\",\n                                    \"text\": \"<p>V\u00e5r diplomerade r\u00e5dgivare \/ verksamhetsledare \u00e4r sj\u00e4lv \u00e4r entrepren\u00f6r med m\u00e5nga \u00e5rs erfarenhet.<\/p>\n<div>\n<div>\n<p>Inga fr\u00e5gor \u00e4r f\u00f6r dumma, och alla \u00e4r v\u00e4lkomna oavsett var i processen du befinner dig.<\/p>\n<\/div>\n<\/div>\n<p><strong>E-post<\/strong>:ludvika@nyforetagarcentrum.se<\/p>\n<p>&nbsp;<\/p>\n<p>&nbsp;<\/p>\n<p>&nbsp;<\/p>\"\n                                }\n                            },                                                    {\n                                \"@type\": \"Question\",\n                                \"name\": \"V\u00e5ra samarbetspartners\",\n                                \"acceptedAnswer\": {\n                                    \"@type\": \"Answer\",\n                                    \"text\": \"<p>Tack vare v\u00e5ra lokala samarbetspartners kan vi erbjuda kostnadsfri r\u00e5dgivning. Du kan hitta deras logotyp p\u00e5 v\u00e5r startsida, men h\u00e4r \u00e4r l\u00e4nken till deras webbplats.<\/p>\n<ul>\n<li><a href=\"https:\/\/www.samarkand2015.com\/sv-SE\">AB Samarkand 2015<\/a><\/li>\n<li><a href=\"https:\/\/www.lansforsakringar.se\/dalarna\/foretag\/\">L\u00e4nsf\u00f6rs\u00e4kringar, Dalarna f\u00f6rs\u00e4kringsbolag\u00a0<\/a><\/li>\n<li><a href=\"https:\/\/www.handelsbanken.se\/sv\/hitta-bankkontor\/ludvika\">Handelsbanken i Ludvika<\/a><\/li>\n<li><a href=\"https:\/\/www.norrbarke-sparbank.se\/foretag.html\">Norrb\u00e4rke Sparbank<\/a><\/li>\n<li><a href=\"https:\/\/www.hitachienergy.com\/se\/sv\/about-us\/who-we-are\/our-history\/ludvika-120-ar\">Hitachi Energi AB<\/a><\/li>\n<li><a href=\"https:\/\/www.smedjebacken.se\/arbete-och-naringsliv.html\">Smedjebacken kommun<\/a><\/li>\n<li><a href=\"https:\/\/www.ludvika.se\/jobb-och-foretagande\/foretagande\/starta-och-driva-foretag\/motesplats-naringsliv\">Ludvika kommun<\/a><\/li>\n<li><a href=\"https:\/\/www.spendrups.se\/avp\/?returnUrl=%2f\">Spendrups AB<\/a><\/li>\n<li><a href=\"https:\/\/www.vbenergi.se\/\">VB Energi AB<\/a><\/li>\n<li><a href=\"https:\/\/cedra.se\/kontor\/falun\/\">Cedra AB<\/a><\/li>\n<li><a href=\"https:\/\/www.ovako.com\/sv\/\">Ovako AB<\/a><\/li>\n<li><a href=\"https:\/\/www.foretagarna.se\/teckna-medlemskap\/?campaign=13349190471&amp;adgroup=123249468899&amp;keyword=f%C3%B6retagarna&amp;matchtype=p&amp;device=c&amp;utm_campaign=&amp;utm_source=google&amp;utm_medium=cpc&amp;gad_source=1&amp;gclid=CjwKCAjwg8qzBhAoEiwAWagLrDPnlJNj41718n4eJ6dBYMEImU4bQUIbHPDANhuuESrFitiAxNULRhoCS04QAvD_BwE\">F\u00f6retagarna<\/a><\/li>\n<li><a href=\"https:\/\/www.ludvikahem.se\/\">Ludvika hem AB<\/a><\/li>\n<li><a href=\"http:\/\/www.farstukvisten.se\">Farstukvisten AB<\/a><\/li>\n<li><a href=\"https:\/\/www.swedbank.se\/om-oss\/kontakta-oss\/kontor\/ludvika.html\">Swedbank<\/a><\/li>\n<\/ul>\"\n                                }\n                            }                                            ]\n                }\n            <\/script>\n        <section  class=\"nfc-block-accordions alignwide\">\n    <div class=\"wrapper contained\">\n        <div class=\"accordions\">\n\n                            <div class=\"accordion\">\n                    <h3>\n                        <button \n                            class=\"accordion-header\"\n                            aria-expanded=\"true\"\n                            aria-controls=\"accordion-panel-0\"\n                            id=\"accordion-header-0\"\n                            data-accordion-header\n                        >\n                            <span>V\u00e5r styrelse<\/span>\n                            <div class=\"icon icon-down\"><\/div>\n                        <\/button>\n                    <\/h3>\n                    <section id=\"accordion-panel-0\" aria-labelledby=\"accordion-header-0\">\n                        <span>\n                            <ul>\n<li><strong>Styrelseledamot | Ordf\u00f6rande Lars Lindblom.<\/strong><\/li>\n<\/ul>\n<p>AB Samarkand 2015 | E-post: lars.lindblom@samarkand2015.com<\/p>\n<p>______________________________________________<\/p>\n<ul>\n<li><strong>Styrelseledamot\u00a0 Andreas Abraham<\/strong><\/li>\n<\/ul>\n<p>Handelsbanken<\/p>\n<p>______________________________________________<\/p>\n<ul>\n<li><strong>Styrelseledamot | Valberedning Roger Sj\u00f6berg<\/strong><\/li>\n<\/ul>\n<p>Smedjebackens Kommun<\/p>\n<p>______________________________________________<\/p>\n<ul>\n<li><strong>Styrelseledamot | Valberedning Erik Odens<\/strong><\/li>\n<\/ul>\n<p>Ludvika Kommun<\/p>\n<p>______________________________________________<\/p>\n<ul>\n<li><strong>Styrelseledamot H\u00e5kan Flink\u00a0<\/strong><\/li>\n<\/ul>\n<p>Hitachi Energi<\/p>\n<p>______________________________________________<\/p>\n<ul>\n<li><strong>Styrelseledamot Elin Hussfeldt<\/strong><\/li>\n<\/ul>\n<p>L\u00e4nsf\u00f6rs\u00e4kringar<\/p>\n<p>______________________________________________<\/p>\n<ul>\n<li><strong>Styrelseledamot Emma Nyhem<\/strong><\/li>\n<\/ul>\n<p>Norrb\u00e4rke Sparbank AB<\/p>\n<p>______________________________________________<\/p>\n<ul>\n<li><strong>Styrelseledamot Stefan Pettersson<\/strong><\/li>\n<\/ul>\n<p>F\u00f6retagarna<\/p>\n<p>______________________________________________<\/p>\n<ul>\n<li><strong>Styrelsesuppleant Monica Bork<\/strong><\/li>\n<\/ul>\n<p>Engelbrekt ekonomi AB<\/p>\n<p>______________________________________________<\/p>\n<ul>\n<li><strong>Styrelsesuppleant Tobias Hansson\u00a0<\/strong><\/li>\n<\/ul>\n<p>Hitachi Energi<\/p>\n<p>______________________________________________<\/p>\n<ul>\n<li><strong>Revisor Stefan Bengtsson<\/strong><\/li>\n<\/ul>\n<p>Auktoriserad revisor Cedra AB<\/p>\n<p>______________________________________________<\/p>\n<p>&nbsp;<\/p>\n                        <\/span>\n                    <\/section>\n                <\/div>\n                            <div class=\"accordion\">\n                    <h3>\n                        <button \n                            class=\"accordion-header\"\n                            aria-expanded=\"true\"\n                            aria-controls=\"accordion-panel-1\"\n                            id=\"accordion-header-1\"\n                            data-accordion-header\n                        >\n                            <span>V\u00e5r r\u00e5dgivare och verksamhetsledare<\/span>\n                            <div class=\"icon icon-down\"><\/div>\n                        <\/button>\n                    <\/h3>\n                    <section id=\"accordion-panel-1\" aria-labelledby=\"accordion-header-1\">\n                        <span>\n                            <p>V\u00e5r diplomerade r\u00e5dgivare \/ verksamhetsledare \u00e4r sj\u00e4lv \u00e4r entrepren\u00f6r med m\u00e5nga \u00e5rs erfarenhet.<\/p>\n<div>\n<div>\n<p>Inga fr\u00e5gor \u00e4r f\u00f6r dumma, och alla \u00e4r v\u00e4lkomna oavsett var i processen du befinner dig.<\/p>\n<\/div>\n<\/div>\n<p><strong>E-post<\/strong>:ludvika@nyforetagarcentrum.se<\/p>\n<p>&nbsp;<\/p>\n<p>&nbsp;<\/p>\n<p>&nbsp;<\/p>\n                        <\/span>\n                    <\/section>\n                <\/div>\n                            <div class=\"accordion\">\n                    <h3>\n                        <button \n                            class=\"accordion-header\"\n                            aria-expanded=\"true\"\n                            aria-controls=\"accordion-panel-2\"\n                            id=\"accordion-header-2\"\n                            data-accordion-header\n                        >\n                            <span>V\u00e5ra samarbetspartners<\/span>\n                            <div class=\"icon icon-down\"><\/div>\n                        <\/button>\n                    <\/h3>\n                    <section id=\"accordion-panel-2\" aria-labelledby=\"accordion-header-2\">\n                        <span>\n                            <p>Tack vare v\u00e5ra lokala samarbetspartners kan vi erbjuda kostnadsfri r\u00e5dgivning. Du kan hitta deras logotyp p\u00e5 v\u00e5r startsida, men h\u00e4r \u00e4r l\u00e4nken till deras webbplats.<\/p>\n<ul>\n<li><a href=\"https:\/\/www.samarkand2015.com\/sv-SE\">AB Samarkand 2015<\/a><\/li>\n<li><a href=\"https:\/\/www.lansforsakringar.se\/dalarna\/foretag\/\">L\u00e4nsf\u00f6rs\u00e4kringar, Dalarna f\u00f6rs\u00e4kringsbolag\u00a0<\/a><\/li>\n<li><a href=\"https:\/\/www.handelsbanken.se\/sv\/hitta-bankkontor\/ludvika\">Handelsbanken i Ludvika<\/a><\/li>\n<li><a href=\"https:\/\/www.norrbarke-sparbank.se\/foretag.html\">Norrb\u00e4rke Sparbank<\/a><\/li>\n<li><a href=\"https:\/\/www.hitachienergy.com\/se\/sv\/about-us\/who-we-are\/our-history\/ludvika-120-ar\">Hitachi Energi AB<\/a><\/li>\n<li><a href=\"https:\/\/www.smedjebacken.se\/arbete-och-naringsliv.html\">Smedjebacken kommun<\/a><\/li>\n<li><a href=\"https:\/\/www.ludvika.se\/jobb-och-foretagande\/foretagande\/starta-och-driva-foretag\/motesplats-naringsliv\">Ludvika kommun<\/a><\/li>\n<li><a href=\"https:\/\/www.spendrups.se\/avp\/?returnUrl=%2f\">Spendrups AB<\/a><\/li>\n<li><a href=\"https:\/\/www.vbenergi.se\/\">VB Energi AB<\/a><\/li>\n<li><a href=\"https:\/\/cedra.se\/kontor\/falun\/\">Cedra AB<\/a><\/li>\n<li><a href=\"https:\/\/www.ovako.com\/sv\/\">Ovako AB<\/a><\/li>\n<li><a href=\"https:\/\/www.foretagarna.se\/teckna-medlemskap\/?campaign=13349190471&amp;adgroup=123249468899&amp;keyword=f%C3%B6retagarna&amp;matchtype=p&amp;device=c&amp;utm_campaign=&amp;utm_source=google&amp;utm_medium=cpc&amp;gad_source=1&amp;gclid=CjwKCAjwg8qzBhAoEiwAWagLrDPnlJNj41718n4eJ6dBYMEImU4bQUIbHPDANhuuESrFitiAxNULRhoCS04QAvD_BwE\">F\u00f6retagarna<\/a><\/li>\n<li><a href=\"https:\/\/www.ludvikahem.se\/\">Ludvika hem AB<\/a><\/li>\n<li><a href=\"http:\/\/www.farstukvisten.se\">Farstukvisten AB<\/a><\/li>\n<li><a href=\"https:\/\/www.swedbank.se\/om-oss\/kontakta-oss\/kontor\/ludvika.html\">Swedbank<\/a><\/li>\n<\/ul>\n                        <\/span>\n                    <\/section>\n                <\/div>\n                    <\/div>\n    <\/div>\n    <noscript>\n        <style>\n            .accordion-header .icon {\n                display: none !important;\n            }\n        <\/style>\n    <\/noscript>\n<\/section>\n","protected":false},"excerpt":{"rendered":"<p>V\u00e5rt syfte \u00e4r att fr\u00e4mja entrepren\u00f6rskap och medverka till livskraftiga f\u00f6retag i Ludvika-Smedjebacken<\/p>\n","protected":false},"author":1,"featured_media":0,"parent":0,"menu_order":0,"comment_status":"closed","ping_status":"closed","template":"","meta":{"footnotes":""},"acf":[],"yoast_head":"<!-- This site is optimized with the Yoast SEO plugin v22.9 - https:\/\/yoast.com\/wordpress\/plugins\/seo\/ -->\n<title>Om oss - Ludvika - Smedjebacken<\/title>\n<meta name=\"robots\" content=\"index, follow, max-snippet:-1, max-image-preview:large, max-video-preview:-1\" \/>\n<link rel=\"canonical\" href=\"https:\/\/nyforetagarcentrum.se\/ludvika\/var-styrelse\/\" \/>\n<meta property=\"og:locale\" content=\"sv_SE\" \/>\n<meta property=\"og:type\" content=\"article\" \/>\n<meta property=\"og:title\" content=\"Om oss - Ludvika - Smedjebacken\" \/>\n<meta property=\"og:description\" content=\"V\u00e5rt syfte \u00e4r att fr\u00e4mja entrepren\u00f6rskap och medverka till livskraftiga f\u00f6retag i Ludvika-Smedjebacken\" \/>\n<meta property=\"og:url\" content=\"https:\/\/nyforetagarcentrum.se\/ludvika\/var-styrelse\/\" \/>\n<meta property=\"og:site_name\" content=\"Ludvika - Smedjebacken\" \/>\n<meta property=\"article:modified_time\" content=\"2026-01-13T11:35:58+00:00\" \/>\n<meta name=\"twitter:card\" content=\"summary_large_image\" \/>\n<meta name=\"twitter:label1\" content=\"Ber\u00e4knad l\u00e4stid\" \/>\n\t<meta name=\"twitter:data1\" content=\"1 minut\" \/>\n<script type=\"application\/ld+json\" class=\"yoast-schema-graph\">{\"@context\":\"https:\/\/schema.org\",\"@graph\":[{\"@type\":\"WebPage\",\"@id\":\"https:\/\/nyforetagarcentrum.se\/ludvika\/var-styrelse\/\",\"url\":\"https:\/\/nyforetagarcentrum.se\/ludvika\/var-styrelse\/\",\"name\":\"Om oss - Ludvika - Smedjebacken\",\"isPartOf\":{\"@id\":\"https:\/\/nyforetagarcentrum.se\/ludvika\/#website\"},\"datePublished\":\"2024-02-22T09:24:51+00:00\",\"dateModified\":\"2026-01-13T11:35:58+00:00\",\"breadcrumb\":{\"@id\":\"https:\/\/nyforetagarcentrum.se\/ludvika\/var-styrelse\/#breadcrumb\"},\"inLanguage\":\"sv-SE\",\"potentialAction\":[{\"@type\":\"ReadAction\",\"target\":[\"https:\/\/nyforetagarcentrum.se\/ludvika\/var-styrelse\/\"]}]},{\"@type\":\"BreadcrumbList\",\"@id\":\"https:\/\/nyforetagarcentrum.se\/ludvika\/var-styrelse\/#breadcrumb\",\"itemListElement\":[{\"@type\":\"ListItem\",\"position\":1,\"name\":\"Hem\",\"item\":\"https:\/\/nyforetagarcentrum.se\/ludvika\/\"},{\"@type\":\"ListItem\",\"position\":2,\"name\":\"Om oss\"}]},{\"@type\":\"WebSite\",\"@id\":\"https:\/\/nyforetagarcentrum.se\/ludvika\/#website\",\"url\":\"https:\/\/nyforetagarcentrum.se\/ludvika\/\",\"name\":\"Ludvika - Smedjebacken\",\"description\":\"Sveriges ledande kraft f\u00f6r fler nya livskraftiga f\u00f6retag\",\"publisher\":{\"@id\":\"https:\/\/nyforetagarcentrum.se\/ludvika\/#organization\"},\"potentialAction\":[{\"@type\":\"SearchAction\",\"target\":{\"@type\":\"EntryPoint\",\"urlTemplate\":\"https:\/\/nyforetagarcentrum.se\/ludvika\/?s={search_term_string}\"},\"query-input\":\"required name=search_term_string\"}],\"inLanguage\":\"sv-SE\"},{\"@type\":\"Organization\",\"@id\":\"https:\/\/nyforetagarcentrum.se\/ludvika\/#organization\",\"name\":\"Ludvika - Smedjebacken\",\"url\":\"https:\/\/nyforetagarcentrum.se\/ludvika\/\",\"logo\":{\"@type\":\"ImageObject\",\"inLanguage\":\"sv-SE\",\"@id\":\"https:\/\/nyforetagarcentrum.se\/ludvika\/#\/schema\/logo\/image\/\",\"url\":\"https:\/\/nyforetagarcentrum.se\/ludvika\/wp-content\/uploads\/sites\/29\/2024\/07\/ludvika_bla-1.png\",\"contentUrl\":\"https:\/\/nyforetagarcentrum.se\/ludvika\/wp-content\/uploads\/sites\/29\/2024\/07\/ludvika_bla-1.png\",\"width\":870,\"height\":421,\"caption\":\"Ludvika - Smedjebacken\"},\"image\":{\"@id\":\"https:\/\/nyforetagarcentrum.se\/ludvika\/#\/schema\/logo\/image\/\"}}]}<\/script>\n<!-- \/ Yoast SEO plugin. -->","yoast_head_json":{"title":"Om oss - Ludvika - Smedjebacken","robots":{"index":"index","follow":"follow","max-snippet":"max-snippet:-1","max-image-preview":"max-image-preview:large","max-video-preview":"max-video-preview:-1"},"canonical":"https:\/\/nyforetagarcentrum.se\/ludvika\/var-styrelse\/","og_locale":"sv_SE","og_type":"article","og_title":"Om oss - Ludvika - Smedjebacken","og_description":"V\u00e5rt syfte \u00e4r att fr\u00e4mja entrepren\u00f6rskap och medverka till livskraftiga f\u00f6retag i Ludvika-Smedjebacken","og_url":"https:\/\/nyforetagarcentrum.se\/ludvika\/var-styrelse\/","og_site_name":"Ludvika - Smedjebacken","article_modified_time":"2026-01-13T11:35:58+00:00","twitter_card":"summary_large_image","twitter_misc":{"Ber\u00e4knad l\u00e4stid":"1 minut"},"schema":{"@context":"https:\/\/schema.org","@graph":[{"@type":"WebPage","@id":"https:\/\/nyforetagarcentrum.se\/ludvika\/var-styrelse\/","url":"https:\/\/nyforetagarcentrum.se\/ludvika\/var-styrelse\/","name":"Om oss - Ludvika - Smedjebacken","isPartOf":{"@id":"https:\/\/nyforetagarcentrum.se\/ludvika\/#website"},"datePublished":"2024-02-22T09:24:51+00:00","dateModified":"2026-01-13T11:35:58+00:00","breadcrumb":{"@id":"https:\/\/nyforetagarcentrum.se\/ludvika\/var-styrelse\/#breadcrumb"},"inLanguage":"sv-SE","potentialAction":[{"@type":"ReadAction","target":["https:\/\/nyforetagarcentrum.se\/ludvika\/var-styrelse\/"]}]},{"@type":"BreadcrumbList","@id":"https:\/\/nyforetagarcentrum.se\/ludvika\/var-styrelse\/#breadcrumb","itemListElement":[{"@type":"ListItem","position":1,"name":"Hem","item":"https:\/\/nyforetagarcentrum.se\/ludvika\/"},{"@type":"ListItem","position":2,"name":"Om oss"}]},{"@type":"WebSite","@id":"https:\/\/nyforetagarcentrum.se\/ludvika\/#website","url":"https:\/\/nyforetagarcentrum.se\/ludvika\/","name":"Ludvika - Smedjebacken","description":"Sveriges ledande kraft f\u00f6r fler nya livskraftiga f\u00f6retag","publisher":{"@id":"https:\/\/nyforetagarcentrum.se\/ludvika\/#organization"},"potentialAction":[{"@type":"SearchAction","target":{"@type":"EntryPoint","urlTemplate":"https:\/\/nyforetagarcentrum.se\/ludvika\/?s={search_term_string}"},"query-input":"required name=search_term_string"}],"inLanguage":"sv-SE"},{"@type":"Organization","@id":"https:\/\/nyforetagarcentrum.se\/ludvika\/#organization","name":"Ludvika - Smedjebacken","url":"https:\/\/nyforetagarcentrum.se\/ludvika\/","logo":{"@type":"ImageObject","inLanguage":"sv-SE","@id":"https:\/\/nyforetagarcentrum.se\/ludvika\/#\/schema\/logo\/image\/","url":"https:\/\/nyforetagarcentrum.se\/ludvika\/wp-content\/uploads\/sites\/29\/2024\/07\/ludvika_bla-1.png","contentUrl":"https:\/\/nyforetagarcentrum.se\/ludvika\/wp-content\/uploads\/sites\/29\/2024\/07\/ludvika_bla-1.png","width":870,"height":421,"caption":"Ludvika - Smedjebacken"},"image":{"@id":"https:\/\/nyforetagarcentrum.se\/ludvika\/#\/schema\/logo\/image\/"}}]}},"_links":{"self":[{"href":"https:\/\/nyforetagarcentrum.se\/ludvika\/wp-json\/wp\/v2\/pages\/41"}],"collection":[{"href":"https:\/\/nyforetagarcentrum.se\/ludvika\/wp-json\/wp\/v2\/pages"}],"about":[{"href":"https:\/\/nyforetagarcentrum.se\/ludvika\/wp-json\/wp\/v2\/types\/page"}],"author":[{"embeddable":true,"href":"https:\/\/nyforetagarcentrum.se\/ludvika\/wp-json\/wp\/v2\/users\/1"}],"replies":[{"embeddable":true,"href":"https:\/\/nyforetagarcentrum.se\/ludvika\/wp-json\/wp\/v2\/comments?post=41"}],"version-history":[{"count":78,"href":"https:\/\/nyforetagarcentrum.se\/ludvika\/wp-json\/wp\/v2\/pages\/41\/revisions"}],"predecessor-version":[{"id":950,"href":"https:\/\/nyforetagarcentrum.se\/ludvika\/wp-json\/wp\/v2\/pages\/41\/revisions\/950"}],"wp:attachment":[{"href":"https:\/\/nyforetagarcentrum.se\/ludvika\/wp-json\/wp\/v2\/media?parent=41"}],"curies":[{"name":"wp","href":"https:\/\/api.w.org\/{rel}","templated":true}]}}