{"id":41,"date":"2024-02-22T10:24:51","date_gmt":"2024-02-22T09:24:51","guid":{"rendered":"https:\/\/nyforetagarcentrum.se\/lidkoping\/?page_id=41"},"modified":"2026-03-02T11:13:52","modified_gmt":"2026-03-02T10:13:52","slug":"vara-samarbetspartners","status":"publish","type":"page","link":"https:\/\/nyforetagarcentrum.se\/lidkoping\/vara-samarbetspartners\/","title":{"rendered":"V\u00e5ra samarbetspartners"},"content":{"rendered":"<section  class=\"nfc-block-hero alignfull\">\n\n    <img loading=\"lazy\" decoding=\"async\" width=\"1470\" height=\"980\" src=\"https:\/\/nyforetagarcentrum.se\/lidkoping\/wp-content\/uploads\/sites\/60\/2024\/02\/Medium_JM.png\" class=\"attachment-landscape size-landscape\" alt=\"\" srcset=\"https:\/\/nyforetagarcentrum.se\/lidkoping\/wp-content\/uploads\/sites\/60\/2024\/02\/Medium_JM.png 1470w, https:\/\/nyforetagarcentrum.se\/lidkoping\/wp-content\/uploads\/sites\/60\/2024\/02\/Medium_JM-300x200.png 300w, https:\/\/nyforetagarcentrum.se\/lidkoping\/wp-content\/uploads\/sites\/60\/2024\/02\/Medium_JM-1024x683.png 1024w, https:\/\/nyforetagarcentrum.se\/lidkoping\/wp-content\/uploads\/sites\/60\/2024\/02\/Medium_JM-768x512.png 768w\" sizes=\"(max-width: 1470px) 100vw, 1470px\" \/>\n    <div class=\"contained\">\n        <h1 class=\"nfc-block-hero__heading\">V\u00e5ra samarbetspartners<\/h1>\n\n            <\/div>\n<\/section>\n\n<section  class=\"block-our-partners nfc-block-partners\">\n    <div class=\"contained\">\n            <\/div>\n<\/section>\n\n\n<div style=\"height:50px\" aria-hidden=\"true\" class=\"wp-block-spacer\"><\/div>\n\n\n<section  class=\"nfc-block-breadcrumbs\">\n    <div class=\"wrapper contained\">\n        <ol class=\"breadcrumbs\" itemscope itemtype=\"https:\/\/schema.org\/BreadcrumbList\">\n            <li itemprop=\"itemListElement\" itemscope itemtype=\"https:\/\/schema.org\/ListItem\">\n            \n\n                            <span class=\"current\" itemprop=\"name\">Hem<\/span>\n            \n            <meta itemprop=\"position\" content=\"1\" \/>\n        <\/li>\n    <\/ol>    <\/div>\n<\/section>\n\n\n<div style=\"height:51px\" aria-hidden=\"true\" class=\"wp-block-spacer\"><\/div>\n\n\n<section  class=\"block-our-partners nfc-block-partners\">\n    <div class=\"contained\">\n                                    <div class=\"partner-card\">\n                    <div class=\"logo-wrapper\">\n                        <img decoding=\"async\" src=\"https:\/\/nyforetagarcentrum.se\/lidkoping\/wp-content\/uploads\/sites\/60\/2024\/05\/lidkoping-kommun.png\" alt=\"\">\n                    <\/div>\n                    \n                                            <div class=\"h4\"><b>Lidk\u00f6pings Kommun<\/b><\/div>\n                                                                <p class=\"description\">Tel: 0510 &#8211; 77 00 00,  Adress: Skaragatan 8, 531 32 Lidk\u00f6ping\r\n<\/p>\n                                                                                                        <div class=\"item link\"><b><a href=\"https:\/\/lidkoping.se\/\" target=\"_blank\" > Hemsida<\/a><\/b><\/div>\n                                    <\/div>\n                            <div class=\"partner-card\">\n                    <div class=\"logo-wrapper\">\n                        <img decoding=\"async\" src=\"https:\/\/nyforetagarcentrum.se\/lidkoping\/wp-content\/uploads\/sites\/60\/2024\/05\/sparbanken.png\" alt=\"\">\n                    <\/div>\n                    \n                                            <div class=\"h4\"><b>Sparbanken Lidk\u00f6ping<\/b><\/div>\n                                                                <p class=\"description\">Tel: 0510-54 55 00, \r\nAdress: Nya Stadens torg 3, 531 31 Lidk\u00f6ping\r\n<\/p>\n                                                                                                        <div class=\"item link\"><b><a href=\"https:\/\/www.sparbankenlidkoping.se\/\" target=\"_blank\" > Hemsida<\/a><\/b><\/div>\n                                    <\/div>\n                            <div class=\"partner-card\">\n                    <div class=\"logo-wrapper\">\n                        <img decoding=\"async\" src=\"https:\/\/nyforetagarcentrum.se\/lidkoping\/wp-content\/uploads\/sites\/60\/2024\/05\/dina-forsakringar.png\" alt=\"\">\n                    <\/div>\n                    \n                                            <div class=\"h4\"><b>Dina F\u00f6rs\u00e4kringar<\/b><\/div>\n                                                                <p class=\"description\">Tel: 0770-16 05 00, Adress: Hamngatan 17, 531 16 Lidk\u00f6ping<\/p>\n                                                                                                        <div class=\"item link\"><b><a href=\"https:\/\/www.dina.se\/lokala-bolag\/dina-forsakringar-gota.html\" target=\"_blank\" > Hemsida<\/a><\/b><\/div>\n                                    <\/div>\n                            <div class=\"partner-card\">\n                    <div class=\"logo-wrapper\">\n                        <img decoding=\"async\" src=\"https:\/\/nyforetagarcentrum.se\/lidkoping\/wp-content\/uploads\/sites\/60\/2024\/05\/nordea.png\" alt=\"\">\n                    <\/div>\n                    \n                                            <div class=\"h4\"><b>Nordea Lidk\u00f6ping<\/b><\/div>\n                                                                <p class=\"description\">Tel: 0771-22 44 88 Adress: Nya Stadens torg 1, 531 31 Lidk\u00f6ping<\/p>\n                                                                                                        <div class=\"item link\"><b><a href=\"https:\/\/www.nordea.se\/\" target=\"_blank\" > Hemsida<\/a><\/b><\/div>\n                                    <\/div>\n                            <div class=\"partner-card\">\n                    <div class=\"logo-wrapper\">\n                        <img decoding=\"async\" src=\"https:\/\/nyforetagarcentrum.se\/lidkoping\/wp-content\/uploads\/sites\/60\/2024\/05\/skaraborgs-kommunalforbund.png\" alt=\"\">\n                    <\/div>\n                    \n                                            <div class=\"h4\"><b>Skaraborgs Kommunalf\u00f6rbund<\/b><\/div>\n                                                                <p class=\"description\">Tel: 0500-49 72 00, Adress: Stationsgatan 3, 541 30 Sk\u00f6vde<\/p>\n                                                                                                        <div class=\"item link\"><b><a href=\"https:\/\/skaraborg.se\/\" target=\"_blank\" > Hemsida<\/a><\/b><\/div>\n                                    <\/div>\n                            <div class=\"partner-card\">\n                    <div class=\"logo-wrapper\">\n                        <img decoding=\"async\" src=\"https:\/\/nyforetagarcentrum.se\/lidkoping\/wp-content\/uploads\/sites\/60\/2024\/05\/ekogruppen.png\" alt=\"\">\n                    <\/div>\n                    \n                                            <div class=\"h4\"><b>EkoGruppen i V\u00e4st<\/b><\/div>\n                                                                <p class=\"description\">Tel: 0702-02 12 14,  Adress: Fabriksgatan 4, 531 60 Lidk\u00f6ping <\/p>\n                                                                                                        <div class=\"item link\"><b><a href=\"https:\/\/www.ekogruppen.com\/\" target=\"_blank\" > Hemsida<\/a><\/b><\/div>\n                                    <\/div>\n                            <div class=\"partner-card\">\n                    <div class=\"logo-wrapper\">\n                        <img decoding=\"async\" src=\"https:\/\/nyforetagarcentrum.se\/lidkoping\/wp-content\/uploads\/sites\/60\/2024\/05\/karlsborg.png\" alt=\"\">\n                    <\/div>\n                    \n                                            <div class=\"h4\"><b>L\u00e4nsf\u00f6rs\u00e4kringar Skaraborg<\/b><\/div>\n                                                                <p class=\"description\">Tel: 0510-77 72 20, Adress: Torggatan 8, 531 31 Lidk\u00f6ping <\/p>\n                                                                                                        <div class=\"item link\"><b><a href=\"https:\/\/www.lansforsakringar.se\/skaraborg\/privat\/?utm_source=google&amp;utm_medium=organic&amp;utm_campaign=businessprofile\" target=\"_blank\" > Hemsida<\/a><\/b><\/div>\n                                    <\/div>\n                            <div class=\"partner-card\">\n                    <div class=\"logo-wrapper\">\n                        <img decoding=\"async\" src=\"https:\/\/nyforetagarcentrum.se\/lidkoping\/wp-content\/uploads\/sites\/60\/2025\/04\/Naringslivsfastigheter.png\" alt=\"\">\n                    <\/div>\n                    \n                                            <div class=\"h4\"><b>Lidk\u00f6pings N\u00e4ringslivsfastigheter<\/b><\/div>\n                                                                <p class=\"description\">Tel: 0510-77 12 04, Adress: Sockerbruksgatan 1, 531 40 Lidk\u00f6ping<\/p>\n                                                                                                        <div class=\"item link\"><b><a href=\"https:\/\/lidkoping.se\/foretag-naringsliv-och-exploatering\/lidkopings-naringslivsfastigheter-ab\" target=\"_blank\" > Hemsida<\/a><\/b><\/div>\n                                    <\/div>\n                            <div class=\"partner-card\">\n                    <div class=\"logo-wrapper\">\n                        <img decoding=\"async\" src=\"https:\/\/nyforetagarcentrum.se\/lidkoping\/wp-content\/uploads\/sites\/60\/2026\/03\/Haga-logotyp-vit-med-petrol-platta-scaled.jpg\" alt=\"\">\n                    <\/div>\n                    \n                                            <div class=\"h4\"><b>Haga Ekonomi<\/b><\/div>\n                                                                <p class=\"description\">Tel: 0510-605 00\r\nAdress: Gasverksgatan 1, 531 60 Lidk\u00f6ping<\/p>\n                                                                                                        <div class=\"item link\"><b><a href=\"https:\/\/haga-ekonomi.se\/\" target=\"_blank\" > Hemsida<\/a><\/b><\/div>\n                                    <\/div>\n                            <div class=\"partner-card\">\n                    <div class=\"logo-wrapper\">\n                        <img decoding=\"async\" src=\"https:\/\/nyforetagarcentrum.se\/lidkoping\/wp-content\/uploads\/sites\/60\/2024\/05\/youlo.png\" alt=\"\">\n                    <\/div>\n                    \n                                            <div class=\"h4\"><b>Youlo Ekonomikonsulterna<\/b><\/div>\n                                                                <p class=\"description\">Tel: 0510-30 11 40 \r\nAdress: Norra Torngatan 22, 531 31 Lidk\u00f6ping<\/p>\n                                                                                                        <div class=\"item link\"><b><a href=\"https:\/\/2youlo.se\/\" target=\"_blank\" > Hemsida<\/a><\/b><\/div>\n                                    <\/div>\n                            <div class=\"partner-card\">\n                    <div class=\"logo-wrapper\">\n                        <img decoding=\"async\" src=\"https:\/\/nyforetagarcentrum.se\/lidkoping\/wp-content\/uploads\/sites\/60\/2024\/11\/Bahnhof-svart.png\" alt=\"\">\n                    <\/div>\n                    \n                                            <div class=\"h4\"><b>Bahnhof Cowork<\/b><\/div>\n                                                                <p class=\"description\">Tel: 010-263 23 30, \r\nAdress: Sockerbruksgatan 1, 531 40 Lidk\u00f6ping<\/p>\n                                                                                                        <div class=\"item link\"><b><a href=\"https:\/\/www.bahnhofcowork.se\/lidk%C3%B6ping\" target=\"_blank\" > Hemsida<\/a><\/b><\/div>\n                                    <\/div>\n                            <div class=\"partner-card\">\n                    <div class=\"logo-wrapper\">\n                        <img decoding=\"async\" src=\"https:\/\/nyforetagarcentrum.se\/lidkoping\/wp-content\/uploads\/sites\/60\/2024\/05\/foretagarna.png\" alt=\"\">\n                    <\/div>\n                    \n                                            <div class=\"h4\"><b>F\u00f6retagarna Lidk\u00f6ping<\/b><\/div>\n                                                                <p class=\"description\">Tel: 070-976 76 90, Adress: Sockerbruksgatan 7, 531 40 Lidk\u00f6ping<\/p>\n                                                                                                        <div class=\"item link\"><b><a href=\"https:\/\/www.foretagarna.se\/foreningar\/lidkoping\/\" target=\"_blank\" > Hemsida<\/a><\/b><\/div>\n                                    <\/div>\n                        <\/div>\n<\/section>\n\n\n<div style=\"height:80px\" aria-hidden=\"true\" class=\"wp-block-spacer\"><\/div>\n","protected":false},"excerpt":{"rendered":"","protected":false},"author":1,"featured_media":0,"parent":0,"menu_order":0,"comment_status":"closed","ping_status":"closed","template":"","meta":{"footnotes":""},"acf":[],"yoast_head":"<!-- This site is optimized with the Yoast SEO plugin v22.9 - https:\/\/yoast.com\/wordpress\/plugins\/seo\/ -->\n<title>V\u00e5ra samarbetspartners - Lidk\u00f6ping<\/title>\n<meta name=\"robots\" content=\"index, follow, max-snippet:-1, max-image-preview:large, max-video-preview:-1\" \/>\n<link rel=\"canonical\" href=\"https:\/\/nyforetagarcentrum.se\/lidkoping\/vara-samarbetspartners\/\" \/>\n<meta property=\"og:locale\" content=\"sv_SE\" \/>\n<meta property=\"og:type\" content=\"article\" \/>\n<meta property=\"og:title\" content=\"V\u00e5ra samarbetspartners - Lidk\u00f6ping\" \/>\n<meta property=\"og:url\" content=\"https:\/\/nyforetagarcentrum.se\/lidkoping\/vara-samarbetspartners\/\" \/>\n<meta property=\"og:site_name\" content=\"Lidk\u00f6ping\" \/>\n<meta property=\"article:modified_time\" content=\"2026-03-02T10:13:52+00:00\" \/>\n<meta name=\"twitter:card\" content=\"summary_large_image\" \/>\n<script type=\"application\/ld+json\" class=\"yoast-schema-graph\">{\"@context\":\"https:\/\/schema.org\",\"@graph\":[{\"@type\":\"WebPage\",\"@id\":\"https:\/\/nyforetagarcentrum.se\/lidkoping\/vara-samarbetspartners\/\",\"url\":\"https:\/\/nyforetagarcentrum.se\/lidkoping\/vara-samarbetspartners\/\",\"name\":\"V\u00e5ra samarbetspartners - Lidk\u00f6ping\",\"isPartOf\":{\"@id\":\"https:\/\/nyforetagarcentrum.se\/lidkoping\/#website\"},\"datePublished\":\"2024-02-22T09:24:51+00:00\",\"dateModified\":\"2026-03-02T10:13:52+00:00\",\"breadcrumb\":{\"@id\":\"https:\/\/nyforetagarcentrum.se\/lidkoping\/vara-samarbetspartners\/#breadcrumb\"},\"inLanguage\":\"sv-SE\",\"potentialAction\":[{\"@type\":\"ReadAction\",\"target\":[\"https:\/\/nyforetagarcentrum.se\/lidkoping\/vara-samarbetspartners\/\"]}]},{\"@type\":\"BreadcrumbList\",\"@id\":\"https:\/\/nyforetagarcentrum.se\/lidkoping\/vara-samarbetspartners\/#breadcrumb\",\"itemListElement\":[{\"@type\":\"ListItem\",\"position\":1,\"name\":\"Hem\",\"item\":\"https:\/\/nyforetagarcentrum.se\/lidkoping\/\"},{\"@type\":\"ListItem\",\"position\":2,\"name\":\"V\u00e5ra samarbetspartners\"}]},{\"@type\":\"WebSite\",\"@id\":\"https:\/\/nyforetagarcentrum.se\/lidkoping\/#website\",\"url\":\"https:\/\/nyforetagarcentrum.se\/lidkoping\/\",\"name\":\"Lidk\u00f6ping\",\"description\":\"Sveriges ledande kraft f\u00f6r fler nya livskraftiga f\u00f6retag\",\"publisher\":{\"@id\":\"https:\/\/nyforetagarcentrum.se\/lidkoping\/#organization\"},\"potentialAction\":[{\"@type\":\"SearchAction\",\"target\":{\"@type\":\"EntryPoint\",\"urlTemplate\":\"https:\/\/nyforetagarcentrum.se\/lidkoping\/?s={search_term_string}\"},\"query-input\":\"required name=search_term_string\"}],\"inLanguage\":\"sv-SE\"},{\"@type\":\"Organization\",\"@id\":\"https:\/\/nyforetagarcentrum.se\/lidkoping\/#organization\",\"name\":\"Lidk\u00f6ping\",\"url\":\"https:\/\/nyforetagarcentrum.se\/lidkoping\/\",\"logo\":{\"@type\":\"ImageObject\",\"inLanguage\":\"sv-SE\",\"@id\":\"https:\/\/nyforetagarcentrum.se\/lidkoping\/#\/schema\/logo\/image\/\",\"url\":\"https:\/\/nyforetagarcentrum.se\/lidkoping\/wp-content\/uploads\/sites\/60\/2024\/04\/Lidkoping-1.png\",\"contentUrl\":\"https:\/\/nyforetagarcentrum.se\/lidkoping\/wp-content\/uploads\/sites\/60\/2024\/04\/Lidkoping-1.png\",\"width\":1082,\"height\":542,\"caption\":\"Lidk\u00f6ping\"},\"image\":{\"@id\":\"https:\/\/nyforetagarcentrum.se\/lidkoping\/#\/schema\/logo\/image\/\"}}]}<\/script>\n<!-- \/ Yoast SEO plugin. -->","yoast_head_json":{"title":"V\u00e5ra samarbetspartners - Lidk\u00f6ping","robots":{"index":"index","follow":"follow","max-snippet":"max-snippet:-1","max-image-preview":"max-image-preview:large","max-video-preview":"max-video-preview:-1"},"canonical":"https:\/\/nyforetagarcentrum.se\/lidkoping\/vara-samarbetspartners\/","og_locale":"sv_SE","og_type":"article","og_title":"V\u00e5ra samarbetspartners - Lidk\u00f6ping","og_url":"https:\/\/nyforetagarcentrum.se\/lidkoping\/vara-samarbetspartners\/","og_site_name":"Lidk\u00f6ping","article_modified_time":"2026-03-02T10:13:52+00:00","twitter_card":"summary_large_image","schema":{"@context":"https:\/\/schema.org","@graph":[{"@type":"WebPage","@id":"https:\/\/nyforetagarcentrum.se\/lidkoping\/vara-samarbetspartners\/","url":"https:\/\/nyforetagarcentrum.se\/lidkoping\/vara-samarbetspartners\/","name":"V\u00e5ra samarbetspartners - Lidk\u00f6ping","isPartOf":{"@id":"https:\/\/nyforetagarcentrum.se\/lidkoping\/#website"},"datePublished":"2024-02-22T09:24:51+00:00","dateModified":"2026-03-02T10:13:52+00:00","breadcrumb":{"@id":"https:\/\/nyforetagarcentrum.se\/lidkoping\/vara-samarbetspartners\/#breadcrumb"},"inLanguage":"sv-SE","potentialAction":[{"@type":"ReadAction","target":["https:\/\/nyforetagarcentrum.se\/lidkoping\/vara-samarbetspartners\/"]}]},{"@type":"BreadcrumbList","@id":"https:\/\/nyforetagarcentrum.se\/lidkoping\/vara-samarbetspartners\/#breadcrumb","itemListElement":[{"@type":"ListItem","position":1,"name":"Hem","item":"https:\/\/nyforetagarcentrum.se\/lidkoping\/"},{"@type":"ListItem","position":2,"name":"V\u00e5ra samarbetspartners"}]},{"@type":"WebSite","@id":"https:\/\/nyforetagarcentrum.se\/lidkoping\/#website","url":"https:\/\/nyforetagarcentrum.se\/lidkoping\/","name":"Lidk\u00f6ping","description":"Sveriges ledande kraft f\u00f6r fler nya livskraftiga f\u00f6retag","publisher":{"@id":"https:\/\/nyforetagarcentrum.se\/lidkoping\/#organization"},"potentialAction":[{"@type":"SearchAction","target":{"@type":"EntryPoint","urlTemplate":"https:\/\/nyforetagarcentrum.se\/lidkoping\/?s={search_term_string}"},"query-input":"required name=search_term_string"}],"inLanguage":"sv-SE"},{"@type":"Organization","@id":"https:\/\/nyforetagarcentrum.se\/lidkoping\/#organization","name":"Lidk\u00f6ping","url":"https:\/\/nyforetagarcentrum.se\/lidkoping\/","logo":{"@type":"ImageObject","inLanguage":"sv-SE","@id":"https:\/\/nyforetagarcentrum.se\/lidkoping\/#\/schema\/logo\/image\/","url":"https:\/\/nyforetagarcentrum.se\/lidkoping\/wp-content\/uploads\/sites\/60\/2024\/04\/Lidkoping-1.png","contentUrl":"https:\/\/nyforetagarcentrum.se\/lidkoping\/wp-content\/uploads\/sites\/60\/2024\/04\/Lidkoping-1.png","width":1082,"height":542,"caption":"Lidk\u00f6ping"},"image":{"@id":"https:\/\/nyforetagarcentrum.se\/lidkoping\/#\/schema\/logo\/image\/"}}]}},"_links":{"self":[{"href":"https:\/\/nyforetagarcentrum.se\/lidkoping\/wp-json\/wp\/v2\/pages\/41"}],"collection":[{"href":"https:\/\/nyforetagarcentrum.se\/lidkoping\/wp-json\/wp\/v2\/pages"}],"about":[{"href":"https:\/\/nyforetagarcentrum.se\/lidkoping\/wp-json\/wp\/v2\/types\/page"}],"author":[{"embeddable":true,"href":"https:\/\/nyforetagarcentrum.se\/lidkoping\/wp-json\/wp\/v2\/users\/1"}],"replies":[{"embeddable":true,"href":"https:\/\/nyforetagarcentrum.se\/lidkoping\/wp-json\/wp\/v2\/comments?post=41"}],"version-history":[{"count":44,"href":"https:\/\/nyforetagarcentrum.se\/lidkoping\/wp-json\/wp\/v2\/pages\/41\/revisions"}],"predecessor-version":[{"id":1018,"href":"https:\/\/nyforetagarcentrum.se\/lidkoping\/wp-json\/wp\/v2\/pages\/41\/revisions\/1018"}],"wp:attachment":[{"href":"https:\/\/nyforetagarcentrum.se\/lidkoping\/wp-json\/wp\/v2\/media?parent=41"}],"curies":[{"name":"wp","href":"https:\/\/api.w.org\/{rel}","templated":true}]}}