{"id":239,"date":"2024-02-29T13:59:39","date_gmt":"2024-02-29T12:59:39","guid":{"rendered":"https:\/\/nyforetagarcentrum.se\/lidkoping\/?page_id=239"},"modified":"2024-11-26T12:12:14","modified_gmt":"2024-11-26T11:12:14","slug":"vara-radgivare","status":"publish","type":"page","link":"https:\/\/nyforetagarcentrum.se\/lidkoping\/vara-radgivare\/","title":{"rendered":"V\u00e5ra r\u00e5dgivare"},"content":{"rendered":"<section  class=\"nfc-block-hero alignfull\">\n\n    <img loading=\"lazy\" decoding=\"async\" width=\"1620\" height=\"1080\" src=\"https:\/\/nyforetagarcentrum.se\/lidkoping\/wp-content\/uploads\/sites\/60\/2024\/05\/MG_2194-1620x1080.jpg\" class=\"attachment-landscape size-landscape\" alt=\"R\u00e5dgivning starta eget\" srcset=\"https:\/\/nyforetagarcentrum.se\/lidkoping\/wp-content\/uploads\/sites\/60\/2024\/05\/MG_2194-1620x1080.jpg 1620w, https:\/\/nyforetagarcentrum.se\/lidkoping\/wp-content\/uploads\/sites\/60\/2024\/05\/MG_2194-300x200.jpg 300w, https:\/\/nyforetagarcentrum.se\/lidkoping\/wp-content\/uploads\/sites\/60\/2024\/05\/MG_2194-1024x683.jpg 1024w, https:\/\/nyforetagarcentrum.se\/lidkoping\/wp-content\/uploads\/sites\/60\/2024\/05\/MG_2194-768x512.jpg 768w, https:\/\/nyforetagarcentrum.se\/lidkoping\/wp-content\/uploads\/sites\/60\/2024\/05\/MG_2194-1536x1024.jpg 1536w, https:\/\/nyforetagarcentrum.se\/lidkoping\/wp-content\/uploads\/sites\/60\/2024\/05\/MG_2194-2048x1365.jpg 2048w\" sizes=\"(max-width: 1620px) 100vw, 1620px\" \/>\n    <div class=\"contained\">\n        <h1 class=\"nfc-block-hero__heading\">V\u00e5ra r\u00e5dgivare<\/h1>\n\n            <\/div>\n<\/section>\n\n\n<div style=\"height:49px\" aria-hidden=\"true\" class=\"wp-block-spacer\"><\/div>\n\n\n<section  class=\"nfc-block-breadcrumbs\">\n    <div class=\"wrapper contained\">\n        <ol class=\"breadcrumbs\" itemscope itemtype=\"https:\/\/schema.org\/BreadcrumbList\">\n            <li itemprop=\"itemListElement\" itemscope itemtype=\"https:\/\/schema.org\/ListItem\">\n            \n\n                            <span class=\"current\" itemprop=\"name\">Hem<\/span>\n            \n            <meta itemprop=\"position\" content=\"1\" \/>\n        <\/li>\n    <\/ol>    <\/div>\n<\/section>\n\n\n<div style=\"height:100px\" aria-hidden=\"true\" class=\"wp-block-spacer\"><\/div>\n\n\n<section  class=\"nfc-block-person_grid alignwide layout-featured\">\n    <div class=\"contained\">\n        <div class=\"grid\">\n            <div class=\"person-featured-card\">\n    \n    <div class=\"featured_image\">\n                    <img loading=\"lazy\" decoding=\"async\" width=\"1024\" height=\"683\" src=\"https:\/\/nyforetagarcentrum.se\/lidkoping\/wp-content\/uploads\/sites\/60\/2024\/02\/strandrothsfotografi_nfc_lidkoping_farg_10.jpg\" class=\"attachment-large size-large\" alt=\"\" srcset=\"https:\/\/nyforetagarcentrum.se\/lidkoping\/wp-content\/uploads\/sites\/60\/2024\/02\/strandrothsfotografi_nfc_lidkoping_farg_10.jpg 1024w, https:\/\/nyforetagarcentrum.se\/lidkoping\/wp-content\/uploads\/sites\/60\/2024\/02\/strandrothsfotografi_nfc_lidkoping_farg_10-300x200.jpg 300w, https:\/\/nyforetagarcentrum.se\/lidkoping\/wp-content\/uploads\/sites\/60\/2024\/02\/strandrothsfotografi_nfc_lidkoping_farg_10-768x512.jpg 768w\" sizes=\"(max-width: 1024px) 100vw, 1024px\" \/>            <\/div>\n\n    <div class=\"content-wrapper\">\n        <h3>Elin \u00d6berg<\/h3>\n\n                    <div class=\"tags\">\n                Inriktning:\n                                    <span class=\"tag small\">Marknad<\/span>\n                                    <span class=\"tag small\">Organisationsutveckling<\/span>\n                            <\/div>\n        \n                    <div class=\"excerpt\">\n                Elin \u00d6berg \u00e4r ny verksamhetsledare och r\u00e5dgivare p\u00e5 Nyf\u00f6retagarCentrum Lidk\u00f6ping. Hon har n\u00e4rmare 20 \u00e5rs erfarenhet av f\u00f6retagande. Hon gick sj\u00e4lv Starta eget kursen f\u00f6r \u00f6ver 20 \u00e5r sedan.<br \/>\r\nSom r\u00e5dgivare p\u00e5 Nyf\u00f6retagarCentrum vill hon agera bollplank och hj\u00e4lpa dig att f\u00f6rverkliga dina dr\u00f6mmar om att starta och driva eget f\u00f6retag.<br \/>\r\n<br \/>\r\nMail: lidkoping@nyforetagarcentrum.se<br \/>\r\nTelefon: 0709-92 95 98                <br\/>\n                            <\/div>\n        \n                    <a href=\"https:\/\/jobsdata-nyforetagarcentrum.se\/ExternBooking?OfficeId=129daf2d-4396-e811-80d7-0050568571f4\" class=\"booking-button button outlined\">Boka r\u00e5dgivning<\/a>\n            <\/div>\n<\/div>        <\/div>\n    <\/div>\n<\/section>\n\n\n<div style=\"height:100px\" aria-hidden=\"true\" class=\"wp-block-spacer\"><\/div>\n","protected":false},"excerpt":{"rendered":"","protected":false},"author":1,"featured_media":0,"parent":0,"menu_order":0,"comment_status":"closed","ping_status":"closed","template":"","meta":{"footnotes":""},"acf":[],"yoast_head":"<!-- This site is optimized with the Yoast SEO plugin v22.9 - https:\/\/yoast.com\/wordpress\/plugins\/seo\/ -->\n<title>V\u00e5ra r\u00e5dgivare - Lidk\u00f6ping<\/title>\n<meta name=\"robots\" content=\"index, follow, max-snippet:-1, max-image-preview:large, max-video-preview:-1\" \/>\n<link rel=\"canonical\" href=\"https:\/\/nyforetagarcentrum.se\/lidkoping\/vara-radgivare\/\" \/>\n<meta property=\"og:locale\" content=\"sv_SE\" \/>\n<meta property=\"og:type\" content=\"article\" \/>\n<meta property=\"og:title\" content=\"V\u00e5ra r\u00e5dgivare - Lidk\u00f6ping\" \/>\n<meta property=\"og:url\" content=\"https:\/\/nyforetagarcentrum.se\/lidkoping\/vara-radgivare\/\" \/>\n<meta property=\"og:site_name\" content=\"Lidk\u00f6ping\" \/>\n<meta property=\"article:modified_time\" content=\"2024-11-26T11:12:14+00:00\" \/>\n<meta name=\"twitter:card\" content=\"summary_large_image\" \/>\n<script type=\"application\/ld+json\" class=\"yoast-schema-graph\">{\"@context\":\"https:\/\/schema.org\",\"@graph\":[{\"@type\":\"WebPage\",\"@id\":\"https:\/\/nyforetagarcentrum.se\/lidkoping\/vara-radgivare\/\",\"url\":\"https:\/\/nyforetagarcentrum.se\/lidkoping\/vara-radgivare\/\",\"name\":\"V\u00e5ra r\u00e5dgivare - Lidk\u00f6ping\",\"isPartOf\":{\"@id\":\"https:\/\/nyforetagarcentrum.se\/lidkoping\/#website\"},\"datePublished\":\"2024-02-29T12:59:39+00:00\",\"dateModified\":\"2024-11-26T11:12:14+00:00\",\"breadcrumb\":{\"@id\":\"https:\/\/nyforetagarcentrum.se\/lidkoping\/vara-radgivare\/#breadcrumb\"},\"inLanguage\":\"sv-SE\",\"potentialAction\":[{\"@type\":\"ReadAction\",\"target\":[\"https:\/\/nyforetagarcentrum.se\/lidkoping\/vara-radgivare\/\"]}]},{\"@type\":\"BreadcrumbList\",\"@id\":\"https:\/\/nyforetagarcentrum.se\/lidkoping\/vara-radgivare\/#breadcrumb\",\"itemListElement\":[{\"@type\":\"ListItem\",\"position\":1,\"name\":\"Hem\",\"item\":\"https:\/\/nyforetagarcentrum.se\/lidkoping\/\"},{\"@type\":\"ListItem\",\"position\":2,\"name\":\"V\u00e5ra r\u00e5dgivare\"}]},{\"@type\":\"WebSite\",\"@id\":\"https:\/\/nyforetagarcentrum.se\/lidkoping\/#website\",\"url\":\"https:\/\/nyforetagarcentrum.se\/lidkoping\/\",\"name\":\"Lidk\u00f6ping\",\"description\":\"Sveriges ledande kraft f\u00f6r fler nya livskraftiga f\u00f6retag\",\"publisher\":{\"@id\":\"https:\/\/nyforetagarcentrum.se\/lidkoping\/#organization\"},\"potentialAction\":[{\"@type\":\"SearchAction\",\"target\":{\"@type\":\"EntryPoint\",\"urlTemplate\":\"https:\/\/nyforetagarcentrum.se\/lidkoping\/?s={search_term_string}\"},\"query-input\":\"required name=search_term_string\"}],\"inLanguage\":\"sv-SE\"},{\"@type\":\"Organization\",\"@id\":\"https:\/\/nyforetagarcentrum.se\/lidkoping\/#organization\",\"name\":\"Lidk\u00f6ping\",\"url\":\"https:\/\/nyforetagarcentrum.se\/lidkoping\/\",\"logo\":{\"@type\":\"ImageObject\",\"inLanguage\":\"sv-SE\",\"@id\":\"https:\/\/nyforetagarcentrum.se\/lidkoping\/#\/schema\/logo\/image\/\",\"url\":\"https:\/\/nyforetagarcentrum.se\/lidkoping\/wp-content\/uploads\/sites\/60\/2024\/04\/Lidkoping-1.png\",\"contentUrl\":\"https:\/\/nyforetagarcentrum.se\/lidkoping\/wp-content\/uploads\/sites\/60\/2024\/04\/Lidkoping-1.png\",\"width\":1082,\"height\":542,\"caption\":\"Lidk\u00f6ping\"},\"image\":{\"@id\":\"https:\/\/nyforetagarcentrum.se\/lidkoping\/#\/schema\/logo\/image\/\"}}]}<\/script>\n<!-- \/ Yoast SEO plugin. -->","yoast_head_json":{"title":"V\u00e5ra r\u00e5dgivare - Lidk\u00f6ping","robots":{"index":"index","follow":"follow","max-snippet":"max-snippet:-1","max-image-preview":"max-image-preview:large","max-video-preview":"max-video-preview:-1"},"canonical":"https:\/\/nyforetagarcentrum.se\/lidkoping\/vara-radgivare\/","og_locale":"sv_SE","og_type":"article","og_title":"V\u00e5ra r\u00e5dgivare - Lidk\u00f6ping","og_url":"https:\/\/nyforetagarcentrum.se\/lidkoping\/vara-radgivare\/","og_site_name":"Lidk\u00f6ping","article_modified_time":"2024-11-26T11:12:14+00:00","twitter_card":"summary_large_image","schema":{"@context":"https:\/\/schema.org","@graph":[{"@type":"WebPage","@id":"https:\/\/nyforetagarcentrum.se\/lidkoping\/vara-radgivare\/","url":"https:\/\/nyforetagarcentrum.se\/lidkoping\/vara-radgivare\/","name":"V\u00e5ra r\u00e5dgivare - Lidk\u00f6ping","isPartOf":{"@id":"https:\/\/nyforetagarcentrum.se\/lidkoping\/#website"},"datePublished":"2024-02-29T12:59:39+00:00","dateModified":"2024-11-26T11:12:14+00:00","breadcrumb":{"@id":"https:\/\/nyforetagarcentrum.se\/lidkoping\/vara-radgivare\/#breadcrumb"},"inLanguage":"sv-SE","potentialAction":[{"@type":"ReadAction","target":["https:\/\/nyforetagarcentrum.se\/lidkoping\/vara-radgivare\/"]}]},{"@type":"BreadcrumbList","@id":"https:\/\/nyforetagarcentrum.se\/lidkoping\/vara-radgivare\/#breadcrumb","itemListElement":[{"@type":"ListItem","position":1,"name":"Hem","item":"https:\/\/nyforetagarcentrum.se\/lidkoping\/"},{"@type":"ListItem","position":2,"name":"V\u00e5ra r\u00e5dgivare"}]},{"@type":"WebSite","@id":"https:\/\/nyforetagarcentrum.se\/lidkoping\/#website","url":"https:\/\/nyforetagarcentrum.se\/lidkoping\/","name":"Lidk\u00f6ping","description":"Sveriges ledande kraft f\u00f6r fler nya livskraftiga f\u00f6retag","publisher":{"@id":"https:\/\/nyforetagarcentrum.se\/lidkoping\/#organization"},"potentialAction":[{"@type":"SearchAction","target":{"@type":"EntryPoint","urlTemplate":"https:\/\/nyforetagarcentrum.se\/lidkoping\/?s={search_term_string}"},"query-input":"required name=search_term_string"}],"inLanguage":"sv-SE"},{"@type":"Organization","@id":"https:\/\/nyforetagarcentrum.se\/lidkoping\/#organization","name":"Lidk\u00f6ping","url":"https:\/\/nyforetagarcentrum.se\/lidkoping\/","logo":{"@type":"ImageObject","inLanguage":"sv-SE","@id":"https:\/\/nyforetagarcentrum.se\/lidkoping\/#\/schema\/logo\/image\/","url":"https:\/\/nyforetagarcentrum.se\/lidkoping\/wp-content\/uploads\/sites\/60\/2024\/04\/Lidkoping-1.png","contentUrl":"https:\/\/nyforetagarcentrum.se\/lidkoping\/wp-content\/uploads\/sites\/60\/2024\/04\/Lidkoping-1.png","width":1082,"height":542,"caption":"Lidk\u00f6ping"},"image":{"@id":"https:\/\/nyforetagarcentrum.se\/lidkoping\/#\/schema\/logo\/image\/"}}]}},"_links":{"self":[{"href":"https:\/\/nyforetagarcentrum.se\/lidkoping\/wp-json\/wp\/v2\/pages\/239"}],"collection":[{"href":"https:\/\/nyforetagarcentrum.se\/lidkoping\/wp-json\/wp\/v2\/pages"}],"about":[{"href":"https:\/\/nyforetagarcentrum.se\/lidkoping\/wp-json\/wp\/v2\/types\/page"}],"author":[{"embeddable":true,"href":"https:\/\/nyforetagarcentrum.se\/lidkoping\/wp-json\/wp\/v2\/users\/1"}],"replies":[{"embeddable":true,"href":"https:\/\/nyforetagarcentrum.se\/lidkoping\/wp-json\/wp\/v2\/comments?post=239"}],"version-history":[{"count":8,"href":"https:\/\/nyforetagarcentrum.se\/lidkoping\/wp-json\/wp\/v2\/pages\/239\/revisions"}],"predecessor-version":[{"id":685,"href":"https:\/\/nyforetagarcentrum.se\/lidkoping\/wp-json\/wp\/v2\/pages\/239\/revisions\/685"}],"wp:attachment":[{"href":"https:\/\/nyforetagarcentrum.se\/lidkoping\/wp-json\/wp\/v2\/media?parent=239"}],"curies":[{"name":"wp","href":"https:\/\/api.w.org\/{rel}","templated":true}]}}