{"id":161,"date":"2024-02-27T16:04:37","date_gmt":"2024-02-27T15:04:37","guid":{"rendered":"https:\/\/nyforetagarcentrum.se\/lidkoping\/?page_id=161"},"modified":"2025-05-27T09:39:44","modified_gmt":"2025-05-27T07:39:44","slug":"om-oss","status":"publish","type":"page","link":"https:\/\/nyforetagarcentrum.se\/lidkoping\/om-oss\/","title":{"rendered":"Om oss"},"content":{"rendered":"<section  class=\"nfc-block-hero alignfull\">\n\n    <img loading=\"lazy\" decoding=\"async\" width=\"714\" height=\"622\" src=\"https:\/\/nyforetagarcentrum.se\/lidkoping\/wp-content\/uploads\/sites\/60\/2024\/02\/ySLeov8m_8.png\" class=\"attachment-landscape size-landscape\" alt=\"\" srcset=\"https:\/\/nyforetagarcentrum.se\/lidkoping\/wp-content\/uploads\/sites\/60\/2024\/02\/ySLeov8m_8.png 714w, https:\/\/nyforetagarcentrum.se\/lidkoping\/wp-content\/uploads\/sites\/60\/2024\/02\/ySLeov8m_8-300x261.png 300w\" sizes=\"(max-width: 714px) 100vw, 714px\" \/>\n    <div class=\"contained\">\n        <h1 class=\"nfc-block-hero__heading\">Om oss<\/h1>\n\n            <\/div>\n<\/section>\n\n\n<div style=\"height:50px\" aria-hidden=\"true\" class=\"wp-block-spacer\"><\/div>\n\n\n<section  class=\"nfc-block-breadcrumbs\">\n    <div class=\"wrapper contained\">\n        <ol class=\"breadcrumbs\" itemscope itemtype=\"https:\/\/schema.org\/BreadcrumbList\">\n            <li itemprop=\"itemListElement\" itemscope itemtype=\"https:\/\/schema.org\/ListItem\">\n            \n\n                            <span class=\"current\" itemprop=\"name\">Hem<\/span>\n            \n            <meta itemprop=\"position\" content=\"1\" \/>\n        <\/li>\n    <\/ol>    <\/div>\n<\/section>\n\n\n<div style=\"height:51px\" aria-hidden=\"true\" class=\"wp-block-spacer\"><\/div>\n\n\n<section  class=\"nfc-block-split_screen alignwide image_alignment-left\">\n    <div class=\"wrapper\">\n        <div class=\"nfc-block-split_screen__image-wrapper\">\n            <img loading=\"lazy\" decoding=\"async\" width=\"1469\" height=\"981\" src=\"https:\/\/nyforetagarcentrum.se\/lidkoping\/wp-content\/uploads\/sites\/60\/2024\/02\/4083b98ac6a43f162142a286decbc08f.png\" class=\"attachment-landscape size-landscape\" alt=\"\" srcset=\"https:\/\/nyforetagarcentrum.se\/lidkoping\/wp-content\/uploads\/sites\/60\/2024\/02\/4083b98ac6a43f162142a286decbc08f.png 1469w, https:\/\/nyforetagarcentrum.se\/lidkoping\/wp-content\/uploads\/sites\/60\/2024\/02\/4083b98ac6a43f162142a286decbc08f-300x200.png 300w, https:\/\/nyforetagarcentrum.se\/lidkoping\/wp-content\/uploads\/sites\/60\/2024\/02\/4083b98ac6a43f162142a286decbc08f-1024x684.png 1024w, https:\/\/nyforetagarcentrum.se\/lidkoping\/wp-content\/uploads\/sites\/60\/2024\/02\/4083b98ac6a43f162142a286decbc08f-768x513.png 768w\" sizes=\"(max-width: 1469px) 100vw, 1469px\" \/>        <\/div>\n\n        <div class=\"nfc-block-split_screen__content-wrapper\">\n            <h3><strong>Starta f\u00f6retag <\/strong><strong>&#8211; Ta hj\u00e4lp av <\/strong><strong>Nyf\u00f6retagarCentrum Lidk\u00f6ping!<\/strong><\/h3>\n<p>Nyf\u00f6retagarCentrum Lidk\u00f6ping ger dig som funderar p\u00e5 att starta eget f\u00f6retag, eller redan har startat, kostnadsfri r\u00e5dgivning. Vi finns f\u00f6r dig som bor eller t\u00e4nker starta en verksamhet i Lidk\u00f6pings kommun. Vi har erfarna r\u00e5dgivare som hj\u00e4lper dig med din aff\u00e4rsid\u00e9, fr\u00e5gor kring budget, marknadsf\u00f6ring eller andra fr\u00e5gor du kan ha. Vi har idag v\u00e5rt kontor p\u00e5 Bahnhof Cowork, Sockerbruksgatan 1 i Lidk\u00f6ping.<\/p>\n<p>Nyf\u00f6retagarCentrum Lidk\u00f6ping ing\u00e5r i en riksomfattande organisation med syfte att hj\u00e4lpa och st\u00f6dja blivande och nyblivna f\u00f6retagare. Nyf\u00f6retagarCentrum finns i mer \u00e4n 230 av landets 290 kommuner och \u00e4r Sveriges ledande kraft f\u00f6r nyf\u00f6retagande. Nyf\u00f6retagarCentrum Lidk\u00f6ping startade 1994 s\u00e5 i \u00e5r fyller vi 30 \u00e5r!<\/p>\n<p>N\u00e4r du har varit p\u00e5 r\u00e5dgivning hos oss kommer du att vara v\u00e4l f\u00f6rberedd f\u00f6r livet som egenf\u00f6retagare. Det enda vi kr\u00e4ver av dig \u00e4r ditt engagemang och att du tror p\u00e5 din id\u00e9. R\u00e5dgivningen \u00e4r helt kostnadsfri tack vare v\u00e5rt n\u00e4tverk av samarbetspartners som st\u00f6der oss, b\u00e5de med finansiella medel och med personlig expertis och engagemang.<\/p>\n<p>F\u00f6retag som startar med hj\u00e4lp av Nyf\u00f6retagarCentrum \u00e4r v\u00e4l f\u00f6rberedda \u2013 har h\u00f6gre \u00f6verlevnad, har h\u00f6gre produktivitet och \u00e4r mer l\u00f6nsamma.<\/p>\n<p>Tillsammans med n\u00e4ringslivet och Lidk\u00f6pings kommun arbetar Nyf\u00f6retagarCentrum Lidk\u00f6ping f\u00f6r att \u00f6ka nyf\u00f6retagandet genom att skapa goda f\u00f6ruts\u00e4ttningar och ett gott f\u00f6retagsklimat.<\/p>\n\n                            <div class=\"nfc-block-split_screen__buttons\">\n                                            <a href=\"vara-samarbetspartners\/\" class=\"button outlined\">V\u00e5ra samarbetspartners<\/a>\n                                    <\/div>\n            \n        <\/div>\n    <\/div>\n<\/section>\n\n\n<div style=\"height:50px\" aria-hidden=\"true\" class=\"wp-block-spacer\"><\/div>\n\n\n\n<div class=\"wp-block-group alignfull has-white-background-color has-background is-layout-constrained wp-block-group-is-layout-constrained\">\n<div style=\"height:51px\" aria-hidden=\"true\" class=\"wp-block-spacer\"><\/div>\n\n\n<section  class=\"nfc-block-quote contained alignfull\">\n    <div class=\"wrapper contained\">\n        <p class=\"quote h2\">Nyf\u00f6retagarCentrum \u00e4r Sveriges ledande kraft n\u00e4r det g\u00e4ller nyf\u00f6retagande!<\/p>\n        <div class=\"author\">\n            <div class=\"avatar\">\n                <img loading=\"lazy\" decoding=\"async\" width=\"150\" height=\"150\" src=\"https:\/\/nyforetagarcentrum.se\/lidkoping\/wp-content\/uploads\/sites\/60\/2024\/02\/cropped-NFC_CMYK_2010_logo-150x150.png\" class=\"attachment-thumbnail size-thumbnail\" alt=\"\" srcset=\"https:\/\/nyforetagarcentrum.se\/lidkoping\/wp-content\/uploads\/sites\/60\/2024\/02\/cropped-NFC_CMYK_2010_logo-150x150.png 150w, https:\/\/nyforetagarcentrum.se\/lidkoping\/wp-content\/uploads\/sites\/60\/2024\/02\/cropped-NFC_CMYK_2010_logo-300x300.png 300w, https:\/\/nyforetagarcentrum.se\/lidkoping\/wp-content\/uploads\/sites\/60\/2024\/02\/cropped-NFC_CMYK_2010_logo.png 512w\" sizes=\"(max-width: 150px) 100vw, 150px\" \/>            <\/div>\n            <div class=\"text\">\n                <p class=\"name\">Nyf\u00f6retagarCentrum Lidk\u00f6ping<\/p>\n                <p class=\"subtitle\">Siffror fr\u00e5n verksamheten 2024<\/p>\n            <\/div>\n        <\/div>\n    <\/div>\n<\/section>\n\n\n<div style=\"height:51px\" aria-hidden=\"true\" class=\"wp-block-spacer\"><\/div>\n\n\n\n<div class=\"wp-block-columns alignwide is-layout-flex wp-container-core-columns-is-layout-1 wp-block-columns-is-layout-flex\">\n<div class=\"wp-block-column is-layout-flow wp-block-column-is-layout-flow\">\n<p class=\"no-margin\" style=\"font-size:100px;font-style:normal;font-weight:700\">112<\/p>\n\n\n\n<p class=\"has-text-color has-link-color wp-elements-d9e6a97e6da2a54e2cc2ee2af778222d\" style=\"color:#4d4d4d\">F\u00f6rra \u00e5ret gav vi 104 r\u00e5dgivningar till personer som var p\u00e5 v\u00e4g att starta eller nyss har gjort det. <\/p>\n<\/div>\n\n\n\n<div class=\"wp-block-column is-layout-flow wp-block-column-is-layout-flow\">\n<p class=\"no-margin\" style=\"font-size:100px;font-style:normal;font-weight:700\">64<\/p>\n\n\n\n<p class=\"has-text-color has-link-color wp-elements-3bc9d406e0af759b428c83fdc1b5c898\" style=\"color:#4d4d4d\">De r\u00e5dgivningar som genomf\u00f6rdes 2024 ber\u00f6rde 74 olika aff\u00e4rsid\u00e9er. <\/p>\n<\/div>\n\n\n\n<div class=\"wp-block-column is-layout-flow wp-block-column-is-layout-flow\">\n<p class=\"no-margin\" style=\"font-size:100px;font-style:normal;font-weight:700\">51<\/p>\n\n\n\n<p class=\"has-text-color has-link-color wp-elements-9dbc40ad8f7f99f46de69b0dc9ad0334\" style=\"color:#4d4d4d\">F\u00f6rra \u00e5ret startades 56 nya f\u00f6retag i Lidk\u00f6ping med hj\u00e4lp av Nyf\u00f6retagarCentrum. <\/p>\n<\/div>\n<\/div>\n\n\n\n<div style=\"height:51px\" aria-hidden=\"true\" class=\"wp-block-spacer\"><\/div>\n\n\n\n<div class=\"wp-block-buttons alignwide is-layout-flex wp-block-buttons-is-layout-flex\"><\/div>\n\n\n\n<div style=\"height:51px\" aria-hidden=\"true\" class=\"wp-block-spacer\"><\/div>\n<\/div>\n\n\n\n<div style=\"height:50px\" aria-hidden=\"true\" class=\"wp-block-spacer\"><\/div>\n\n\n\n<h2 class=\"wp-block-heading has-text-align-center\">\u00c4r ditt f\u00f6retag eller organisation intresserad av att st\u00f6dja Nyf\u00f6retagarCentrum Lidk\u00f6pings arbete?<\/h2>\n\n\n\n<div class=\"wp-block-group alignfull is-layout-constrained wp-block-group-is-layout-constrained\"><section  class=\"nfc-block-form aligncontent layout-small\">\n    <div class=\"contained\">\n\n        <form data-nfc-form=\"block_84f086999862d30ded06df3d68353f27\" data-nfc-page=\"161\">\n            <label class=\"input-wrapper\" for=\"namn\">\n    <span>Namn<\/span>\n    <input type=\"text\" name=\"namn\" id=\"namn\" placeholder=\"\" >\n<\/label><label class=\"input-wrapper\" for=\"foretag-eller-organisation\">\n    <span>F\u00f6retag eller organisation<\/span>\n    <input type=\"text\" name=\"foretag-eller-organisation\" id=\"foretag-eller-organisation\" placeholder=\"\" >\n<\/label><label class=\"input-wrapper\" for=\"e-post\">\n    <span>E-post<\/span>\n    <input type=\"text\" name=\"e-post\" id=\"e-post\" placeholder=\"\" >\n<\/label>\n            <div class=\"input-wrapper\">\n                <button type=\"submit\" class=\"button\">Skicka<\/button>\n            <\/div>\n        <\/form>\n    <\/div>\n<\/section><\/div>\n\n\n\n<div style=\"height:100px\" aria-hidden=\"true\" class=\"wp-block-spacer\"><\/div>\n","protected":false},"excerpt":{"rendered":"<p>112 F\u00f6rra \u00e5ret gav vi 104 r\u00e5dgivningar till personer som var p\u00e5 v\u00e4g att starta eller nyss har gjort det. 64 De r\u00e5dgivningar som genomf\u00f6rdes 2024 ber\u00f6rde 74 olika aff\u00e4rsid\u00e9er. 51 F\u00f6rra \u00e5ret startades 56 nya f\u00f6retag i Lidk\u00f6ping med hj\u00e4lp av Nyf\u00f6retagarCentrum. \u00c4r ditt f\u00f6retag eller organisation intresserad av att st\u00f6dja Nyf\u00f6retagarCentrum Lidk\u00f6pings arbete?<\/p>\n","protected":false},"author":1,"featured_media":0,"parent":0,"menu_order":0,"comment_status":"closed","ping_status":"closed","template":"","meta":{"footnotes":""},"acf":[],"yoast_head":"<!-- This site is optimized with the Yoast SEO plugin v22.9 - https:\/\/yoast.com\/wordpress\/plugins\/seo\/ -->\n<title>Om oss - Lidk\u00f6ping<\/title>\n<meta name=\"robots\" content=\"index, follow, max-snippet:-1, max-image-preview:large, max-video-preview:-1\" \/>\n<link rel=\"canonical\" href=\"https:\/\/nyforetagarcentrum.se\/lidkoping\/om-oss\/\" \/>\n<meta property=\"og:locale\" content=\"sv_SE\" \/>\n<meta property=\"og:type\" content=\"article\" \/>\n<meta property=\"og:title\" content=\"Om oss - Lidk\u00f6ping\" \/>\n<meta property=\"og:description\" content=\"112 F\u00f6rra \u00e5ret gav vi 104 r\u00e5dgivningar till personer som var p\u00e5 v\u00e4g att starta eller nyss har gjort det. 64 De r\u00e5dgivningar som genomf\u00f6rdes 2024 ber\u00f6rde 74 olika aff\u00e4rsid\u00e9er. 51 F\u00f6rra \u00e5ret startades 56 nya f\u00f6retag i Lidk\u00f6ping med hj\u00e4lp av Nyf\u00f6retagarCentrum. \u00c4r ditt f\u00f6retag eller organisation intresserad av att st\u00f6dja Nyf\u00f6retagarCentrum Lidk\u00f6pings arbete?\" \/>\n<meta property=\"og:url\" content=\"https:\/\/nyforetagarcentrum.se\/lidkoping\/om-oss\/\" \/>\n<meta property=\"og:site_name\" content=\"Lidk\u00f6ping\" \/>\n<meta property=\"article:modified_time\" content=\"2025-05-27T07:39:44+00:00\" \/>\n<meta name=\"twitter:card\" content=\"summary_large_image\" \/>\n<meta name=\"twitter:label1\" content=\"Ber\u00e4knad l\u00e4stid\" \/>\n\t<meta name=\"twitter:data1\" content=\"1 minut\" \/>\n<script type=\"application\/ld+json\" class=\"yoast-schema-graph\">{\"@context\":\"https:\/\/schema.org\",\"@graph\":[{\"@type\":\"WebPage\",\"@id\":\"https:\/\/nyforetagarcentrum.se\/lidkoping\/om-oss\/\",\"url\":\"https:\/\/nyforetagarcentrum.se\/lidkoping\/om-oss\/\",\"name\":\"Om oss - Lidk\u00f6ping\",\"isPartOf\":{\"@id\":\"https:\/\/nyforetagarcentrum.se\/lidkoping\/#website\"},\"datePublished\":\"2024-02-27T15:04:37+00:00\",\"dateModified\":\"2025-05-27T07:39:44+00:00\",\"breadcrumb\":{\"@id\":\"https:\/\/nyforetagarcentrum.se\/lidkoping\/om-oss\/#breadcrumb\"},\"inLanguage\":\"sv-SE\",\"potentialAction\":[{\"@type\":\"ReadAction\",\"target\":[\"https:\/\/nyforetagarcentrum.se\/lidkoping\/om-oss\/\"]}]},{\"@type\":\"BreadcrumbList\",\"@id\":\"https:\/\/nyforetagarcentrum.se\/lidkoping\/om-oss\/#breadcrumb\",\"itemListElement\":[{\"@type\":\"ListItem\",\"position\":1,\"name\":\"Hem\",\"item\":\"https:\/\/nyforetagarcentrum.se\/lidkoping\/\"},{\"@type\":\"ListItem\",\"position\":2,\"name\":\"Om oss\"}]},{\"@type\":\"WebSite\",\"@id\":\"https:\/\/nyforetagarcentrum.se\/lidkoping\/#website\",\"url\":\"https:\/\/nyforetagarcentrum.se\/lidkoping\/\",\"name\":\"Lidk\u00f6ping\",\"description\":\"Sveriges ledande kraft f\u00f6r fler nya livskraftiga f\u00f6retag\",\"publisher\":{\"@id\":\"https:\/\/nyforetagarcentrum.se\/lidkoping\/#organization\"},\"potentialAction\":[{\"@type\":\"SearchAction\",\"target\":{\"@type\":\"EntryPoint\",\"urlTemplate\":\"https:\/\/nyforetagarcentrum.se\/lidkoping\/?s={search_term_string}\"},\"query-input\":\"required name=search_term_string\"}],\"inLanguage\":\"sv-SE\"},{\"@type\":\"Organization\",\"@id\":\"https:\/\/nyforetagarcentrum.se\/lidkoping\/#organization\",\"name\":\"Lidk\u00f6ping\",\"url\":\"https:\/\/nyforetagarcentrum.se\/lidkoping\/\",\"logo\":{\"@type\":\"ImageObject\",\"inLanguage\":\"sv-SE\",\"@id\":\"https:\/\/nyforetagarcentrum.se\/lidkoping\/#\/schema\/logo\/image\/\",\"url\":\"https:\/\/nyforetagarcentrum.se\/lidkoping\/wp-content\/uploads\/sites\/60\/2024\/04\/Lidkoping-1.png\",\"contentUrl\":\"https:\/\/nyforetagarcentrum.se\/lidkoping\/wp-content\/uploads\/sites\/60\/2024\/04\/Lidkoping-1.png\",\"width\":1082,\"height\":542,\"caption\":\"Lidk\u00f6ping\"},\"image\":{\"@id\":\"https:\/\/nyforetagarcentrum.se\/lidkoping\/#\/schema\/logo\/image\/\"}}]}<\/script>\n<!-- \/ Yoast SEO plugin. -->","yoast_head_json":{"title":"Om oss - Lidk\u00f6ping","robots":{"index":"index","follow":"follow","max-snippet":"max-snippet:-1","max-image-preview":"max-image-preview:large","max-video-preview":"max-video-preview:-1"},"canonical":"https:\/\/nyforetagarcentrum.se\/lidkoping\/om-oss\/","og_locale":"sv_SE","og_type":"article","og_title":"Om oss - Lidk\u00f6ping","og_description":"112 F\u00f6rra \u00e5ret gav vi 104 r\u00e5dgivningar till personer som var p\u00e5 v\u00e4g att starta eller nyss har gjort det. 64 De r\u00e5dgivningar som genomf\u00f6rdes 2024 ber\u00f6rde 74 olika aff\u00e4rsid\u00e9er. 51 F\u00f6rra \u00e5ret startades 56 nya f\u00f6retag i Lidk\u00f6ping med hj\u00e4lp av Nyf\u00f6retagarCentrum. \u00c4r ditt f\u00f6retag eller organisation intresserad av att st\u00f6dja Nyf\u00f6retagarCentrum Lidk\u00f6pings arbete?","og_url":"https:\/\/nyforetagarcentrum.se\/lidkoping\/om-oss\/","og_site_name":"Lidk\u00f6ping","article_modified_time":"2025-05-27T07:39:44+00:00","twitter_card":"summary_large_image","twitter_misc":{"Ber\u00e4knad l\u00e4stid":"1 minut"},"schema":{"@context":"https:\/\/schema.org","@graph":[{"@type":"WebPage","@id":"https:\/\/nyforetagarcentrum.se\/lidkoping\/om-oss\/","url":"https:\/\/nyforetagarcentrum.se\/lidkoping\/om-oss\/","name":"Om oss - Lidk\u00f6ping","isPartOf":{"@id":"https:\/\/nyforetagarcentrum.se\/lidkoping\/#website"},"datePublished":"2024-02-27T15:04:37+00:00","dateModified":"2025-05-27T07:39:44+00:00","breadcrumb":{"@id":"https:\/\/nyforetagarcentrum.se\/lidkoping\/om-oss\/#breadcrumb"},"inLanguage":"sv-SE","potentialAction":[{"@type":"ReadAction","target":["https:\/\/nyforetagarcentrum.se\/lidkoping\/om-oss\/"]}]},{"@type":"BreadcrumbList","@id":"https:\/\/nyforetagarcentrum.se\/lidkoping\/om-oss\/#breadcrumb","itemListElement":[{"@type":"ListItem","position":1,"name":"Hem","item":"https:\/\/nyforetagarcentrum.se\/lidkoping\/"},{"@type":"ListItem","position":2,"name":"Om oss"}]},{"@type":"WebSite","@id":"https:\/\/nyforetagarcentrum.se\/lidkoping\/#website","url":"https:\/\/nyforetagarcentrum.se\/lidkoping\/","name":"Lidk\u00f6ping","description":"Sveriges ledande kraft f\u00f6r fler nya livskraftiga f\u00f6retag","publisher":{"@id":"https:\/\/nyforetagarcentrum.se\/lidkoping\/#organization"},"potentialAction":[{"@type":"SearchAction","target":{"@type":"EntryPoint","urlTemplate":"https:\/\/nyforetagarcentrum.se\/lidkoping\/?s={search_term_string}"},"query-input":"required name=search_term_string"}],"inLanguage":"sv-SE"},{"@type":"Organization","@id":"https:\/\/nyforetagarcentrum.se\/lidkoping\/#organization","name":"Lidk\u00f6ping","url":"https:\/\/nyforetagarcentrum.se\/lidkoping\/","logo":{"@type":"ImageObject","inLanguage":"sv-SE","@id":"https:\/\/nyforetagarcentrum.se\/lidkoping\/#\/schema\/logo\/image\/","url":"https:\/\/nyforetagarcentrum.se\/lidkoping\/wp-content\/uploads\/sites\/60\/2024\/04\/Lidkoping-1.png","contentUrl":"https:\/\/nyforetagarcentrum.se\/lidkoping\/wp-content\/uploads\/sites\/60\/2024\/04\/Lidkoping-1.png","width":1082,"height":542,"caption":"Lidk\u00f6ping"},"image":{"@id":"https:\/\/nyforetagarcentrum.se\/lidkoping\/#\/schema\/logo\/image\/"}}]}},"_links":{"self":[{"href":"https:\/\/nyforetagarcentrum.se\/lidkoping\/wp-json\/wp\/v2\/pages\/161"}],"collection":[{"href":"https:\/\/nyforetagarcentrum.se\/lidkoping\/wp-json\/wp\/v2\/pages"}],"about":[{"href":"https:\/\/nyforetagarcentrum.se\/lidkoping\/wp-json\/wp\/v2\/types\/page"}],"author":[{"embeddable":true,"href":"https:\/\/nyforetagarcentrum.se\/lidkoping\/wp-json\/wp\/v2\/users\/1"}],"replies":[{"embeddable":true,"href":"https:\/\/nyforetagarcentrum.se\/lidkoping\/wp-json\/wp\/v2\/comments?post=161"}],"version-history":[{"count":51,"href":"https:\/\/nyforetagarcentrum.se\/lidkoping\/wp-json\/wp\/v2\/pages\/161\/revisions"}],"predecessor-version":[{"id":948,"href":"https:\/\/nyforetagarcentrum.se\/lidkoping\/wp-json\/wp\/v2\/pages\/161\/revisions\/948"}],"wp:attachment":[{"href":"https:\/\/nyforetagarcentrum.se\/lidkoping\/wp-json\/wp\/v2\/media?parent=161"}],"curies":[{"name":"wp","href":"https:\/\/api.w.org\/{rel}","templated":true}]}}