{"id":128,"date":"2024-02-22T11:27:10","date_gmt":"2024-02-22T10:27:10","guid":{"rendered":"https:\/\/nyforetagarcentrum.se\/lidkoping\/?page_id=128"},"modified":"2024-08-23T11:49:29","modified_gmt":"2024-08-23T09:49:29","slug":"mentor","status":"publish","type":"page","link":"https:\/\/nyforetagarcentrum.se\/lidkoping\/mentor\/","title":{"rendered":"Mentor"},"content":{"rendered":"<section  class=\"nfc-block-breadcrumbs alignwide\">\n    <div class=\"wrapper contained\">\n        <ol class=\"breadcrumbs\" itemscope itemtype=\"https:\/\/schema.org\/BreadcrumbList\">\n            <li itemprop=\"itemListElement\" itemscope itemtype=\"https:\/\/schema.org\/ListItem\">\n            \n\n                            <span class=\"current\" itemprop=\"name\">Hem<\/span>\n            \n            <meta itemprop=\"position\" content=\"1\" \/>\n        <\/li>\n    <\/ol>    <\/div>\n<\/section>\n\n\n<div style=\"height:var(--wp--preset--spacing--50)\" aria-hidden=\"true\" class=\"wp-block-spacer\"><\/div>\n\n\n<section  class=\"nfc-block-split_screen alignwide image_alignment-left\">\n    <div class=\"wrapper\">\n        <div class=\"nfc-block-split_screen__image-wrapper\">\n            <img loading=\"lazy\" decoding=\"async\" width=\"1470\" height=\"980\" src=\"https:\/\/nyforetagarcentrum.se\/lidkoping\/wp-content\/uploads\/sites\/60\/2024\/02\/ff0c142f817a811d1f53e3e824c71240.png\" class=\"attachment-landscape size-landscape\" alt=\"\" srcset=\"https:\/\/nyforetagarcentrum.se\/lidkoping\/wp-content\/uploads\/sites\/60\/2024\/02\/ff0c142f817a811d1f53e3e824c71240.png 1470w, https:\/\/nyforetagarcentrum.se\/lidkoping\/wp-content\/uploads\/sites\/60\/2024\/02\/ff0c142f817a811d1f53e3e824c71240-300x200.png 300w, https:\/\/nyforetagarcentrum.se\/lidkoping\/wp-content\/uploads\/sites\/60\/2024\/02\/ff0c142f817a811d1f53e3e824c71240-1024x683.png 1024w, https:\/\/nyforetagarcentrum.se\/lidkoping\/wp-content\/uploads\/sites\/60\/2024\/02\/ff0c142f817a811d1f53e3e824c71240-768x512.png 768w\" sizes=\"(max-width: 1470px) 100vw, 1470px\" \/>        <\/div>\n\n        <div class=\"nfc-block-split_screen__content-wrapper\">\n            <h1>\u00c4r du intresserad av att delta i v\u00e5rt mentorsprogram?<\/h1>\n<div>\n<p>Livet som ny f\u00f6retagare \u00e4r inte l\u00e4tt, det \u00e4r m\u00e5nga utmaningar och problem man st\u00e4lls inf\u00f6r. Med\u00a0<b>st\u00f6d och support<\/b>\u00a0av en mentor, en\u00a0<b>oberoende och erfaren<\/b>\u00a0f\u00f6retagare, underl\u00e4ttas starten enormt.<\/p>\n<p>Nyf\u00f6retagarCentrums mentorer arbetar\u00a0<b>ideellt<\/b>\u00a0och erbjuder adepterna sina\u00a0<b>erfarenheter och kunskaper<\/b>\u00a0likv\u00e4l som sina\u00a0<b>n\u00e4tverk<\/b>. Under 12 m\u00e5nader har man m\u00f6jlighet att\u00a0<b>kostnadsfritt<\/b>\u00a0f\u00e5: n\u00e5gon att\u00a0<b>bolla med<\/b>\u00a0och utmana id\u00e9er, hj\u00e4lpen att hitta de l\u00e4mpligaste l\u00f6sningarna och komma till beslut, utveckling av\u00a0<b>kommunikation<\/b>\u00a0och\u00a0<b>n\u00e4tverkande\u00a0<\/b>men framf\u00f6r allt\u2026. n\u00e5gon som utan baktankar <b>st\u00f6ttar, motiverar<\/b>\u00a0och hj\u00e4lper till att\u00a0<b>h\u00e5lla fokus<\/b>\u00a0fram\u00e5t.<\/p>\n<\/div>\n\n                            <div class=\"nfc-block-split_screen__buttons\">\n                                            <a href=\"\/mentor\" class=\"button primary\">L\u00e4s mer och anm\u00e4l dig h\u00e4r<\/a>\n                                    <\/div>\n            \n        <\/div>\n    <\/div>\n<\/section>\n\n\n<div style=\"height:54px\" aria-hidden=\"true\" class=\"wp-block-spacer\"><\/div>\n","protected":false},"excerpt":{"rendered":"","protected":false},"author":1,"featured_media":0,"parent":0,"menu_order":0,"comment_status":"closed","ping_status":"closed","template":"","meta":{"footnotes":""},"acf":[],"yoast_head":"<!-- This site is optimized with the Yoast SEO plugin v22.9 - https:\/\/yoast.com\/wordpress\/plugins\/seo\/ -->\n<title>Mentor - Lidk\u00f6ping<\/title>\n<meta name=\"robots\" content=\"index, follow, max-snippet:-1, max-image-preview:large, max-video-preview:-1\" \/>\n<link rel=\"canonical\" href=\"https:\/\/nyforetagarcentrum.se\/lidkoping\/mentor\/\" \/>\n<meta property=\"og:locale\" content=\"sv_SE\" \/>\n<meta property=\"og:type\" content=\"article\" \/>\n<meta property=\"og:title\" content=\"Mentor - Lidk\u00f6ping\" \/>\n<meta property=\"og:url\" content=\"https:\/\/nyforetagarcentrum.se\/lidkoping\/mentor\/\" \/>\n<meta property=\"og:site_name\" content=\"Lidk\u00f6ping\" \/>\n<meta property=\"article:modified_time\" content=\"2024-08-23T09:49:29+00:00\" \/>\n<meta name=\"twitter:card\" content=\"summary_large_image\" \/>\n<script type=\"application\/ld+json\" class=\"yoast-schema-graph\">{\"@context\":\"https:\/\/schema.org\",\"@graph\":[{\"@type\":\"WebPage\",\"@id\":\"https:\/\/nyforetagarcentrum.se\/lidkoping\/mentor\/\",\"url\":\"https:\/\/nyforetagarcentrum.se\/lidkoping\/mentor\/\",\"name\":\"Mentor - Lidk\u00f6ping\",\"isPartOf\":{\"@id\":\"https:\/\/nyforetagarcentrum.se\/lidkoping\/#website\"},\"datePublished\":\"2024-02-22T10:27:10+00:00\",\"dateModified\":\"2024-08-23T09:49:29+00:00\",\"breadcrumb\":{\"@id\":\"https:\/\/nyforetagarcentrum.se\/lidkoping\/mentor\/#breadcrumb\"},\"inLanguage\":\"sv-SE\",\"potentialAction\":[{\"@type\":\"ReadAction\",\"target\":[\"https:\/\/nyforetagarcentrum.se\/lidkoping\/mentor\/\"]}]},{\"@type\":\"BreadcrumbList\",\"@id\":\"https:\/\/nyforetagarcentrum.se\/lidkoping\/mentor\/#breadcrumb\",\"itemListElement\":[{\"@type\":\"ListItem\",\"position\":1,\"name\":\"Hem\",\"item\":\"https:\/\/nyforetagarcentrum.se\/lidkoping\/\"},{\"@type\":\"ListItem\",\"position\":2,\"name\":\"Mentor\"}]},{\"@type\":\"WebSite\",\"@id\":\"https:\/\/nyforetagarcentrum.se\/lidkoping\/#website\",\"url\":\"https:\/\/nyforetagarcentrum.se\/lidkoping\/\",\"name\":\"Lidk\u00f6ping\",\"description\":\"Sveriges ledande kraft f\u00f6r fler nya livskraftiga f\u00f6retag\",\"publisher\":{\"@id\":\"https:\/\/nyforetagarcentrum.se\/lidkoping\/#organization\"},\"potentialAction\":[{\"@type\":\"SearchAction\",\"target\":{\"@type\":\"EntryPoint\",\"urlTemplate\":\"https:\/\/nyforetagarcentrum.se\/lidkoping\/?s={search_term_string}\"},\"query-input\":\"required name=search_term_string\"}],\"inLanguage\":\"sv-SE\"},{\"@type\":\"Organization\",\"@id\":\"https:\/\/nyforetagarcentrum.se\/lidkoping\/#organization\",\"name\":\"Lidk\u00f6ping\",\"url\":\"https:\/\/nyforetagarcentrum.se\/lidkoping\/\",\"logo\":{\"@type\":\"ImageObject\",\"inLanguage\":\"sv-SE\",\"@id\":\"https:\/\/nyforetagarcentrum.se\/lidkoping\/#\/schema\/logo\/image\/\",\"url\":\"https:\/\/nyforetagarcentrum.se\/lidkoping\/wp-content\/uploads\/sites\/60\/2024\/04\/Lidkoping-1.png\",\"contentUrl\":\"https:\/\/nyforetagarcentrum.se\/lidkoping\/wp-content\/uploads\/sites\/60\/2024\/04\/Lidkoping-1.png\",\"width\":1082,\"height\":542,\"caption\":\"Lidk\u00f6ping\"},\"image\":{\"@id\":\"https:\/\/nyforetagarcentrum.se\/lidkoping\/#\/schema\/logo\/image\/\"}}]}<\/script>\n<!-- \/ Yoast SEO plugin. -->","yoast_head_json":{"title":"Mentor - Lidk\u00f6ping","robots":{"index":"index","follow":"follow","max-snippet":"max-snippet:-1","max-image-preview":"max-image-preview:large","max-video-preview":"max-video-preview:-1"},"canonical":"https:\/\/nyforetagarcentrum.se\/lidkoping\/mentor\/","og_locale":"sv_SE","og_type":"article","og_title":"Mentor - Lidk\u00f6ping","og_url":"https:\/\/nyforetagarcentrum.se\/lidkoping\/mentor\/","og_site_name":"Lidk\u00f6ping","article_modified_time":"2024-08-23T09:49:29+00:00","twitter_card":"summary_large_image","schema":{"@context":"https:\/\/schema.org","@graph":[{"@type":"WebPage","@id":"https:\/\/nyforetagarcentrum.se\/lidkoping\/mentor\/","url":"https:\/\/nyforetagarcentrum.se\/lidkoping\/mentor\/","name":"Mentor - Lidk\u00f6ping","isPartOf":{"@id":"https:\/\/nyforetagarcentrum.se\/lidkoping\/#website"},"datePublished":"2024-02-22T10:27:10+00:00","dateModified":"2024-08-23T09:49:29+00:00","breadcrumb":{"@id":"https:\/\/nyforetagarcentrum.se\/lidkoping\/mentor\/#breadcrumb"},"inLanguage":"sv-SE","potentialAction":[{"@type":"ReadAction","target":["https:\/\/nyforetagarcentrum.se\/lidkoping\/mentor\/"]}]},{"@type":"BreadcrumbList","@id":"https:\/\/nyforetagarcentrum.se\/lidkoping\/mentor\/#breadcrumb","itemListElement":[{"@type":"ListItem","position":1,"name":"Hem","item":"https:\/\/nyforetagarcentrum.se\/lidkoping\/"},{"@type":"ListItem","position":2,"name":"Mentor"}]},{"@type":"WebSite","@id":"https:\/\/nyforetagarcentrum.se\/lidkoping\/#website","url":"https:\/\/nyforetagarcentrum.se\/lidkoping\/","name":"Lidk\u00f6ping","description":"Sveriges ledande kraft f\u00f6r fler nya livskraftiga f\u00f6retag","publisher":{"@id":"https:\/\/nyforetagarcentrum.se\/lidkoping\/#organization"},"potentialAction":[{"@type":"SearchAction","target":{"@type":"EntryPoint","urlTemplate":"https:\/\/nyforetagarcentrum.se\/lidkoping\/?s={search_term_string}"},"query-input":"required name=search_term_string"}],"inLanguage":"sv-SE"},{"@type":"Organization","@id":"https:\/\/nyforetagarcentrum.se\/lidkoping\/#organization","name":"Lidk\u00f6ping","url":"https:\/\/nyforetagarcentrum.se\/lidkoping\/","logo":{"@type":"ImageObject","inLanguage":"sv-SE","@id":"https:\/\/nyforetagarcentrum.se\/lidkoping\/#\/schema\/logo\/image\/","url":"https:\/\/nyforetagarcentrum.se\/lidkoping\/wp-content\/uploads\/sites\/60\/2024\/04\/Lidkoping-1.png","contentUrl":"https:\/\/nyforetagarcentrum.se\/lidkoping\/wp-content\/uploads\/sites\/60\/2024\/04\/Lidkoping-1.png","width":1082,"height":542,"caption":"Lidk\u00f6ping"},"image":{"@id":"https:\/\/nyforetagarcentrum.se\/lidkoping\/#\/schema\/logo\/image\/"}}]}},"_links":{"self":[{"href":"https:\/\/nyforetagarcentrum.se\/lidkoping\/wp-json\/wp\/v2\/pages\/128"}],"collection":[{"href":"https:\/\/nyforetagarcentrum.se\/lidkoping\/wp-json\/wp\/v2\/pages"}],"about":[{"href":"https:\/\/nyforetagarcentrum.se\/lidkoping\/wp-json\/wp\/v2\/types\/page"}],"author":[{"embeddable":true,"href":"https:\/\/nyforetagarcentrum.se\/lidkoping\/wp-json\/wp\/v2\/users\/1"}],"replies":[{"embeddable":true,"href":"https:\/\/nyforetagarcentrum.se\/lidkoping\/wp-json\/wp\/v2\/comments?post=128"}],"version-history":[{"count":17,"href":"https:\/\/nyforetagarcentrum.se\/lidkoping\/wp-json\/wp\/v2\/pages\/128\/revisions"}],"predecessor-version":[{"id":611,"href":"https:\/\/nyforetagarcentrum.se\/lidkoping\/wp-json\/wp\/v2\/pages\/128\/revisions\/611"}],"wp:attachment":[{"href":"https:\/\/nyforetagarcentrum.se\/lidkoping\/wp-json\/wp\/v2\/media?parent=128"}],"curies":[{"name":"wp","href":"https:\/\/api.w.org\/{rel}","templated":true}]}}