{"id":575,"date":"2025-10-23T11:25:19","date_gmt":"2025-10-23T09:25:19","guid":{"rendered":"https:\/\/nyforetagarcentrum.se\/lidingo\/?page_id=575"},"modified":"2026-02-21T17:40:25","modified_gmt":"2026-02-21T16:40:25","slug":"var-styrelse","status":"publish","type":"page","link":"https:\/\/nyforetagarcentrum.se\/lidingo\/var-styrelse\/","title":{"rendered":"V\u00e5r styrelse"},"content":{"rendered":"<section  class=\"nfc-block-split_screen alignwide image_alignment-left\">\n    <div class=\"wrapper\">\n        <div class=\"nfc-block-split_screen__image-wrapper\">\n            <img loading=\"lazy\" decoding=\"async\" width=\"1090\" height=\"777\" src=\"https:\/\/nyforetagarcentrum.se\/lidingo\/wp-content\/uploads\/sites\/103\/2024\/03\/Skarmbild-2023-10-09-113838.png\" class=\"attachment-landscape size-landscape\" alt=\"\" srcset=\"https:\/\/nyforetagarcentrum.se\/lidingo\/wp-content\/uploads\/sites\/103\/2024\/03\/Skarmbild-2023-10-09-113838.png 1090w, https:\/\/nyforetagarcentrum.se\/lidingo\/wp-content\/uploads\/sites\/103\/2024\/03\/Skarmbild-2023-10-09-113838-300x214.png 300w, https:\/\/nyforetagarcentrum.se\/lidingo\/wp-content\/uploads\/sites\/103\/2024\/03\/Skarmbild-2023-10-09-113838-1024x730.png 1024w, https:\/\/nyforetagarcentrum.se\/lidingo\/wp-content\/uploads\/sites\/103\/2024\/03\/Skarmbild-2023-10-09-113838-768x547.png 768w\" sizes=\"(max-width: 1090px) 100vw, 1090px\" \/>        <\/div>\n\n        <div class=\"nfc-block-split_screen__content-wrapper\">\n            <h2>V\u00e5r styrelse<\/h2>\n<p><strong><strong>Styrelseledam\u00f6ter:<\/strong><\/strong><br \/>\nMarika Lagerberg<br \/>\nMalin Rosenqvist<br \/>\nRoland Sigbladh<br \/>\nJ\u00f6rgen Friman<\/p>\n<p><strong>Ordf\u00f6rande:<\/strong><br \/>\nDaniel Nakell<br \/>\n<em>mejl: daniel.nakell@nyforetagarcentrum.se\u00a0<\/em><br \/>\n<em>telefon: 070 292 31 19<\/em><\/p>\n\n            \n        <\/div>\n    <\/div>\n<\/section>\n\n\n<div style=\"height:70px\" aria-hidden=\"true\" class=\"wp-block-spacer\"><\/div>\n","protected":false},"excerpt":{"rendered":"","protected":false},"author":94,"featured_media":0,"parent":0,"menu_order":0,"comment_status":"closed","ping_status":"closed","template":"","meta":{"footnotes":""},"acf":[],"yoast_head":"<!-- This site is optimized with the Yoast SEO plugin v22.9 - https:\/\/yoast.com\/wordpress\/plugins\/seo\/ -->\n<title>V\u00e5r styrelse - Liding\u00f6<\/title>\n<meta name=\"robots\" content=\"index, follow, max-snippet:-1, max-image-preview:large, max-video-preview:-1\" \/>\n<link rel=\"canonical\" href=\"https:\/\/nyforetagarcentrum.se\/lidingo\/var-styrelse\/\" \/>\n<meta property=\"og:locale\" content=\"sv_SE\" \/>\n<meta property=\"og:type\" content=\"article\" \/>\n<meta property=\"og:title\" content=\"V\u00e5r styrelse - Liding\u00f6\" \/>\n<meta property=\"og:url\" content=\"https:\/\/nyforetagarcentrum.se\/lidingo\/var-styrelse\/\" \/>\n<meta property=\"og:site_name\" content=\"Liding\u00f6\" \/>\n<meta property=\"article:modified_time\" content=\"2026-02-21T16:40:25+00:00\" \/>\n<meta name=\"twitter:card\" content=\"summary_large_image\" \/>\n<script type=\"application\/ld+json\" class=\"yoast-schema-graph\">{\"@context\":\"https:\/\/schema.org\",\"@graph\":[{\"@type\":\"WebPage\",\"@id\":\"https:\/\/nyforetagarcentrum.se\/lidingo\/var-styrelse\/\",\"url\":\"https:\/\/nyforetagarcentrum.se\/lidingo\/var-styrelse\/\",\"name\":\"V\u00e5r styrelse - Liding\u00f6\",\"isPartOf\":{\"@id\":\"https:\/\/nyforetagarcentrum.se\/lidingo\/#website\"},\"datePublished\":\"2025-10-23T09:25:19+00:00\",\"dateModified\":\"2026-02-21T16:40:25+00:00\",\"breadcrumb\":{\"@id\":\"https:\/\/nyforetagarcentrum.se\/lidingo\/var-styrelse\/#breadcrumb\"},\"inLanguage\":\"sv-SE\",\"potentialAction\":[{\"@type\":\"ReadAction\",\"target\":[\"https:\/\/nyforetagarcentrum.se\/lidingo\/var-styrelse\/\"]}]},{\"@type\":\"BreadcrumbList\",\"@id\":\"https:\/\/nyforetagarcentrum.se\/lidingo\/var-styrelse\/#breadcrumb\",\"itemListElement\":[{\"@type\":\"ListItem\",\"position\":1,\"name\":\"Hem\",\"item\":\"https:\/\/nyforetagarcentrum.se\/lidingo\/\"},{\"@type\":\"ListItem\",\"position\":2,\"name\":\"V\u00e5r styrelse\"}]},{\"@type\":\"WebSite\",\"@id\":\"https:\/\/nyforetagarcentrum.se\/lidingo\/#website\",\"url\":\"https:\/\/nyforetagarcentrum.se\/lidingo\/\",\"name\":\"Nyf\u00f6retagarCentrum Liding\u00f6\",\"description\":\"Sveriges ledande kraft inom nyf\u00f6retagande\",\"publisher\":{\"@id\":\"https:\/\/nyforetagarcentrum.se\/lidingo\/#organization\"},\"potentialAction\":[{\"@type\":\"SearchAction\",\"target\":{\"@type\":\"EntryPoint\",\"urlTemplate\":\"https:\/\/nyforetagarcentrum.se\/lidingo\/?s={search_term_string}\"},\"query-input\":\"required name=search_term_string\"}],\"inLanguage\":\"sv-SE\"},{\"@type\":\"Organization\",\"@id\":\"https:\/\/nyforetagarcentrum.se\/lidingo\/#organization\",\"name\":\"Nyf\u00f6retagarCentrum Liding\u00f6\",\"url\":\"https:\/\/nyforetagarcentrum.se\/lidingo\/\",\"logo\":{\"@type\":\"ImageObject\",\"inLanguage\":\"sv-SE\",\"@id\":\"https:\/\/nyforetagarcentrum.se\/lidingo\/#\/schema\/logo\/image\/\",\"url\":\"https:\/\/nyforetagarcentrum.se\/lidingo\/wp-content\/uploads\/sites\/103\/2025\/05\/cropped-NyforetagarCentrumLidingo.png\",\"contentUrl\":\"https:\/\/nyforetagarcentrum.se\/lidingo\/wp-content\/uploads\/sites\/103\/2025\/05\/cropped-NyforetagarCentrumLidingo.png\",\"width\":1000,\"height\":483,\"caption\":\"Nyf\u00f6retagarCentrum Liding\u00f6\"},\"image\":{\"@id\":\"https:\/\/nyforetagarcentrum.se\/lidingo\/#\/schema\/logo\/image\/\"}}]}<\/script>\n<!-- \/ Yoast SEO plugin. -->","yoast_head_json":{"title":"V\u00e5r styrelse - Liding\u00f6","robots":{"index":"index","follow":"follow","max-snippet":"max-snippet:-1","max-image-preview":"max-image-preview:large","max-video-preview":"max-video-preview:-1"},"canonical":"https:\/\/nyforetagarcentrum.se\/lidingo\/var-styrelse\/","og_locale":"sv_SE","og_type":"article","og_title":"V\u00e5r styrelse - Liding\u00f6","og_url":"https:\/\/nyforetagarcentrum.se\/lidingo\/var-styrelse\/","og_site_name":"Liding\u00f6","article_modified_time":"2026-02-21T16:40:25+00:00","twitter_card":"summary_large_image","schema":{"@context":"https:\/\/schema.org","@graph":[{"@type":"WebPage","@id":"https:\/\/nyforetagarcentrum.se\/lidingo\/var-styrelse\/","url":"https:\/\/nyforetagarcentrum.se\/lidingo\/var-styrelse\/","name":"V\u00e5r styrelse - Liding\u00f6","isPartOf":{"@id":"https:\/\/nyforetagarcentrum.se\/lidingo\/#website"},"datePublished":"2025-10-23T09:25:19+00:00","dateModified":"2026-02-21T16:40:25+00:00","breadcrumb":{"@id":"https:\/\/nyforetagarcentrum.se\/lidingo\/var-styrelse\/#breadcrumb"},"inLanguage":"sv-SE","potentialAction":[{"@type":"ReadAction","target":["https:\/\/nyforetagarcentrum.se\/lidingo\/var-styrelse\/"]}]},{"@type":"BreadcrumbList","@id":"https:\/\/nyforetagarcentrum.se\/lidingo\/var-styrelse\/#breadcrumb","itemListElement":[{"@type":"ListItem","position":1,"name":"Hem","item":"https:\/\/nyforetagarcentrum.se\/lidingo\/"},{"@type":"ListItem","position":2,"name":"V\u00e5r styrelse"}]},{"@type":"WebSite","@id":"https:\/\/nyforetagarcentrum.se\/lidingo\/#website","url":"https:\/\/nyforetagarcentrum.se\/lidingo\/","name":"Nyf\u00f6retagarCentrum Liding\u00f6","description":"Sveriges ledande kraft inom nyf\u00f6retagande","publisher":{"@id":"https:\/\/nyforetagarcentrum.se\/lidingo\/#organization"},"potentialAction":[{"@type":"SearchAction","target":{"@type":"EntryPoint","urlTemplate":"https:\/\/nyforetagarcentrum.se\/lidingo\/?s={search_term_string}"},"query-input":"required name=search_term_string"}],"inLanguage":"sv-SE"},{"@type":"Organization","@id":"https:\/\/nyforetagarcentrum.se\/lidingo\/#organization","name":"Nyf\u00f6retagarCentrum Liding\u00f6","url":"https:\/\/nyforetagarcentrum.se\/lidingo\/","logo":{"@type":"ImageObject","inLanguage":"sv-SE","@id":"https:\/\/nyforetagarcentrum.se\/lidingo\/#\/schema\/logo\/image\/","url":"https:\/\/nyforetagarcentrum.se\/lidingo\/wp-content\/uploads\/sites\/103\/2025\/05\/cropped-NyforetagarCentrumLidingo.png","contentUrl":"https:\/\/nyforetagarcentrum.se\/lidingo\/wp-content\/uploads\/sites\/103\/2025\/05\/cropped-NyforetagarCentrumLidingo.png","width":1000,"height":483,"caption":"Nyf\u00f6retagarCentrum Liding\u00f6"},"image":{"@id":"https:\/\/nyforetagarcentrum.se\/lidingo\/#\/schema\/logo\/image\/"}}]}},"_links":{"self":[{"href":"https:\/\/nyforetagarcentrum.se\/lidingo\/wp-json\/wp\/v2\/pages\/575"}],"collection":[{"href":"https:\/\/nyforetagarcentrum.se\/lidingo\/wp-json\/wp\/v2\/pages"}],"about":[{"href":"https:\/\/nyforetagarcentrum.se\/lidingo\/wp-json\/wp\/v2\/types\/page"}],"author":[{"embeddable":true,"href":"https:\/\/nyforetagarcentrum.se\/lidingo\/wp-json\/wp\/v2\/users\/94"}],"replies":[{"embeddable":true,"href":"https:\/\/nyforetagarcentrum.se\/lidingo\/wp-json\/wp\/v2\/comments?post=575"}],"version-history":[{"count":40,"href":"https:\/\/nyforetagarcentrum.se\/lidingo\/wp-json\/wp\/v2\/pages\/575\/revisions"}],"predecessor-version":[{"id":756,"href":"https:\/\/nyforetagarcentrum.se\/lidingo\/wp-json\/wp\/v2\/pages\/575\/revisions\/756"}],"wp:attachment":[{"href":"https:\/\/nyforetagarcentrum.se\/lidingo\/wp-json\/wp\/v2\/media?parent=575"}],"curies":[{"name":"wp","href":"https:\/\/api.w.org\/{rel}","templated":true}]}}