{"id":494,"date":"2025-05-30T11:31:59","date_gmt":"2025-05-30T09:31:59","guid":{"rendered":"https:\/\/nyforetagarcentrum.se\/lidingo\/?page_id=494"},"modified":"2025-05-30T11:31:59","modified_gmt":"2025-05-30T09:31:59","slug":"affarsnatverk","status":"publish","type":"page","link":"https:\/\/nyforetagarcentrum.se\/lidingo\/affarsnatverk\/","title":{"rendered":"Aff\u00e4rsn\u00e4tverk"},"content":{"rendered":"","protected":false},"excerpt":{"rendered":"","protected":false},"author":94,"featured_media":0,"parent":0,"menu_order":0,"comment_status":"closed","ping_status":"closed","template":"","meta":{"footnotes":""},"acf":[],"yoast_head":"<!-- This site is optimized with the Yoast SEO plugin v22.9 - https:\/\/yoast.com\/wordpress\/plugins\/seo\/ -->\n<title>Aff\u00e4rsn\u00e4tverk - Liding\u00f6<\/title>\n<meta name=\"robots\" content=\"index, follow, max-snippet:-1, max-image-preview:large, max-video-preview:-1\" \/>\n<link rel=\"canonical\" href=\"https:\/\/nyforetagarcentrum.se\/lidingo\/affarsnatverk\/\" \/>\n<meta property=\"og:locale\" content=\"sv_SE\" \/>\n<meta property=\"og:type\" content=\"article\" \/>\n<meta property=\"og:title\" content=\"Aff\u00e4rsn\u00e4tverk - Liding\u00f6\" \/>\n<meta property=\"og:url\" content=\"https:\/\/nyforetagarcentrum.se\/lidingo\/affarsnatverk\/\" \/>\n<meta property=\"og:site_name\" content=\"Liding\u00f6\" \/>\n<meta name=\"twitter:card\" content=\"summary_large_image\" \/>\n<script type=\"application\/ld+json\" class=\"yoast-schema-graph\">{\"@context\":\"https:\/\/schema.org\",\"@graph\":[{\"@type\":\"WebPage\",\"@id\":\"https:\/\/nyforetagarcentrum.se\/lidingo\/affarsnatverk\/\",\"url\":\"https:\/\/nyforetagarcentrum.se\/lidingo\/affarsnatverk\/\",\"name\":\"Aff\u00e4rsn\u00e4tverk - Liding\u00f6\",\"isPartOf\":{\"@id\":\"https:\/\/nyforetagarcentrum.se\/lidingo\/#website\"},\"datePublished\":\"2025-05-30T09:31:59+00:00\",\"dateModified\":\"2025-05-30T09:31:59+00:00\",\"breadcrumb\":{\"@id\":\"https:\/\/nyforetagarcentrum.se\/lidingo\/affarsnatverk\/#breadcrumb\"},\"inLanguage\":\"sv-SE\",\"potentialAction\":[{\"@type\":\"ReadAction\",\"target\":[\"https:\/\/nyforetagarcentrum.se\/lidingo\/affarsnatverk\/\"]}]},{\"@type\":\"BreadcrumbList\",\"@id\":\"https:\/\/nyforetagarcentrum.se\/lidingo\/affarsnatverk\/#breadcrumb\",\"itemListElement\":[{\"@type\":\"ListItem\",\"position\":1,\"name\":\"Hem\",\"item\":\"https:\/\/nyforetagarcentrum.se\/lidingo\/\"},{\"@type\":\"ListItem\",\"position\":2,\"name\":\"Aff\u00e4rsn\u00e4tverk\"}]},{\"@type\":\"WebSite\",\"@id\":\"https:\/\/nyforetagarcentrum.se\/lidingo\/#website\",\"url\":\"https:\/\/nyforetagarcentrum.se\/lidingo\/\",\"name\":\"Nyf\u00f6retagarCentrum Liding\u00f6\",\"description\":\"Sveriges ledande kraft inom nyf\u00f6retagande\",\"publisher\":{\"@id\":\"https:\/\/nyforetagarcentrum.se\/lidingo\/#organization\"},\"potentialAction\":[{\"@type\":\"SearchAction\",\"target\":{\"@type\":\"EntryPoint\",\"urlTemplate\":\"https:\/\/nyforetagarcentrum.se\/lidingo\/?s={search_term_string}\"},\"query-input\":\"required name=search_term_string\"}],\"inLanguage\":\"sv-SE\"},{\"@type\":\"Organization\",\"@id\":\"https:\/\/nyforetagarcentrum.se\/lidingo\/#organization\",\"name\":\"Nyf\u00f6retagarCentrum Liding\u00f6\",\"url\":\"https:\/\/nyforetagarcentrum.se\/lidingo\/\",\"logo\":{\"@type\":\"ImageObject\",\"inLanguage\":\"sv-SE\",\"@id\":\"https:\/\/nyforetagarcentrum.se\/lidingo\/#\/schema\/logo\/image\/\",\"url\":\"https:\/\/nyforetagarcentrum.se\/lidingo\/wp-content\/uploads\/sites\/103\/2025\/05\/cropped-NyforetagarCentrumLidingo.png\",\"contentUrl\":\"https:\/\/nyforetagarcentrum.se\/lidingo\/wp-content\/uploads\/sites\/103\/2025\/05\/cropped-NyforetagarCentrumLidingo.png\",\"width\":1000,\"height\":483,\"caption\":\"Nyf\u00f6retagarCentrum Liding\u00f6\"},\"image\":{\"@id\":\"https:\/\/nyforetagarcentrum.se\/lidingo\/#\/schema\/logo\/image\/\"}}]}<\/script>\n<!-- \/ Yoast SEO plugin. -->","yoast_head_json":{"title":"Aff\u00e4rsn\u00e4tverk - Liding\u00f6","robots":{"index":"index","follow":"follow","max-snippet":"max-snippet:-1","max-image-preview":"max-image-preview:large","max-video-preview":"max-video-preview:-1"},"canonical":"https:\/\/nyforetagarcentrum.se\/lidingo\/affarsnatverk\/","og_locale":"sv_SE","og_type":"article","og_title":"Aff\u00e4rsn\u00e4tverk - Liding\u00f6","og_url":"https:\/\/nyforetagarcentrum.se\/lidingo\/affarsnatverk\/","og_site_name":"Liding\u00f6","twitter_card":"summary_large_image","schema":{"@context":"https:\/\/schema.org","@graph":[{"@type":"WebPage","@id":"https:\/\/nyforetagarcentrum.se\/lidingo\/affarsnatverk\/","url":"https:\/\/nyforetagarcentrum.se\/lidingo\/affarsnatverk\/","name":"Aff\u00e4rsn\u00e4tverk - Liding\u00f6","isPartOf":{"@id":"https:\/\/nyforetagarcentrum.se\/lidingo\/#website"},"datePublished":"2025-05-30T09:31:59+00:00","dateModified":"2025-05-30T09:31:59+00:00","breadcrumb":{"@id":"https:\/\/nyforetagarcentrum.se\/lidingo\/affarsnatverk\/#breadcrumb"},"inLanguage":"sv-SE","potentialAction":[{"@type":"ReadAction","target":["https:\/\/nyforetagarcentrum.se\/lidingo\/affarsnatverk\/"]}]},{"@type":"BreadcrumbList","@id":"https:\/\/nyforetagarcentrum.se\/lidingo\/affarsnatverk\/#breadcrumb","itemListElement":[{"@type":"ListItem","position":1,"name":"Hem","item":"https:\/\/nyforetagarcentrum.se\/lidingo\/"},{"@type":"ListItem","position":2,"name":"Aff\u00e4rsn\u00e4tverk"}]},{"@type":"WebSite","@id":"https:\/\/nyforetagarcentrum.se\/lidingo\/#website","url":"https:\/\/nyforetagarcentrum.se\/lidingo\/","name":"Nyf\u00f6retagarCentrum Liding\u00f6","description":"Sveriges ledande kraft inom nyf\u00f6retagande","publisher":{"@id":"https:\/\/nyforetagarcentrum.se\/lidingo\/#organization"},"potentialAction":[{"@type":"SearchAction","target":{"@type":"EntryPoint","urlTemplate":"https:\/\/nyforetagarcentrum.se\/lidingo\/?s={search_term_string}"},"query-input":"required name=search_term_string"}],"inLanguage":"sv-SE"},{"@type":"Organization","@id":"https:\/\/nyforetagarcentrum.se\/lidingo\/#organization","name":"Nyf\u00f6retagarCentrum Liding\u00f6","url":"https:\/\/nyforetagarcentrum.se\/lidingo\/","logo":{"@type":"ImageObject","inLanguage":"sv-SE","@id":"https:\/\/nyforetagarcentrum.se\/lidingo\/#\/schema\/logo\/image\/","url":"https:\/\/nyforetagarcentrum.se\/lidingo\/wp-content\/uploads\/sites\/103\/2025\/05\/cropped-NyforetagarCentrumLidingo.png","contentUrl":"https:\/\/nyforetagarcentrum.se\/lidingo\/wp-content\/uploads\/sites\/103\/2025\/05\/cropped-NyforetagarCentrumLidingo.png","width":1000,"height":483,"caption":"Nyf\u00f6retagarCentrum Liding\u00f6"},"image":{"@id":"https:\/\/nyforetagarcentrum.se\/lidingo\/#\/schema\/logo\/image\/"}}]}},"_links":{"self":[{"href":"https:\/\/nyforetagarcentrum.se\/lidingo\/wp-json\/wp\/v2\/pages\/494"}],"collection":[{"href":"https:\/\/nyforetagarcentrum.se\/lidingo\/wp-json\/wp\/v2\/pages"}],"about":[{"href":"https:\/\/nyforetagarcentrum.se\/lidingo\/wp-json\/wp\/v2\/types\/page"}],"author":[{"embeddable":true,"href":"https:\/\/nyforetagarcentrum.se\/lidingo\/wp-json\/wp\/v2\/users\/94"}],"replies":[{"embeddable":true,"href":"https:\/\/nyforetagarcentrum.se\/lidingo\/wp-json\/wp\/v2\/comments?post=494"}],"version-history":[{"count":1,"href":"https:\/\/nyforetagarcentrum.se\/lidingo\/wp-json\/wp\/v2\/pages\/494\/revisions"}],"predecessor-version":[{"id":498,"href":"https:\/\/nyforetagarcentrum.se\/lidingo\/wp-json\/wp\/v2\/pages\/494\/revisions\/498"}],"wp:attachment":[{"href":"https:\/\/nyforetagarcentrum.se\/lidingo\/wp-json\/wp\/v2\/media?parent=494"}],"curies":[{"name":"wp","href":"https:\/\/api.w.org\/{rel}","templated":true}]}}