{"id":48,"date":"2024-02-22T10:29:05","date_gmt":"2024-02-22T09:29:05","guid":{"rendered":"https:\/\/nyforetagarcentrum.se\/lidingo\/?page_id=48"},"modified":"2025-05-11T21:42:43","modified_gmt":"2025-05-11T19:42:43","slug":"erbjudanden","status":"publish","type":"page","link":"https:\/\/nyforetagarcentrum.se\/lidingo\/erbjudanden\/","title":{"rendered":"Erbjudanden"},"content":{"rendered":"<section  class=\"nfc-block-hero alignfull\">\n\n    <img loading=\"lazy\" decoding=\"async\" width=\"1512\" height=\"745\" src=\"https:\/\/nyforetagarcentrum.se\/lidingo\/wp-content\/uploads\/sites\/103\/2024\/02\/Topp-banner-2.png\" class=\"attachment-landscape size-landscape\" alt=\"\" srcset=\"https:\/\/nyforetagarcentrum.se\/lidingo\/wp-content\/uploads\/sites\/103\/2024\/02\/Topp-banner-2.png 1512w, https:\/\/nyforetagarcentrum.se\/lidingo\/wp-content\/uploads\/sites\/103\/2024\/02\/Topp-banner-2-300x148.png 300w, https:\/\/nyforetagarcentrum.se\/lidingo\/wp-content\/uploads\/sites\/103\/2024\/02\/Topp-banner-2-1024x505.png 1024w, https:\/\/nyforetagarcentrum.se\/lidingo\/wp-content\/uploads\/sites\/103\/2024\/02\/Topp-banner-2-768x378.png 768w\" sizes=\"(max-width: 1512px) 100vw, 1512px\" \/>\n    <div class=\"contained\">\n        <h1 class=\"nfc-block-hero__heading\">V\u00e5ra erbjudanden till dig som \u00e4r f\u00f6retagare<\/h1>\n\n            <\/div>\n<\/section>\n\n\n<div style=\"height:50px\" aria-hidden=\"true\" class=\"wp-block-spacer\"><\/div>\n\n\n<section  class=\"nfc-block-breadcrumbs\">\n    <div class=\"wrapper contained\">\n        <ol class=\"breadcrumbs\" itemscope itemtype=\"https:\/\/schema.org\/BreadcrumbList\">\n            <li itemprop=\"itemListElement\" itemscope itemtype=\"https:\/\/schema.org\/ListItem\">\n            \n\n                            <span class=\"current\" itemprop=\"name\">Hem<\/span>\n            \n            <meta itemprop=\"position\" content=\"1\" \/>\n        <\/li>\n    <\/ol>    <\/div>\n<\/section>\n\n\n<h2 class=\"wp-block-heading alignwide has-x-large-font-size\">Ta del av exklusiva erbjudanden<\/h2>\n\n\n<section  class=\"nfc-block-offer_grid alignwide layout-small\">\n    <div class=\"contained\">\n\n        <div class=\"filter-row\">\n            \n                            <button id=\"local-offers-button\">\n                    Lokala partners\n                <\/button>\n                <button id=\"national-offers-button\" class=\"outlined\">\n                    Nationella partners\n                <\/button>\n                    <\/div>\n\n        <div class=\"grid\" id=\"offers-grid\">\n            <div class=\"offer-card\">\n\n    <div class=\"gallery-wrapper\">\n                    <div class=\"selected-media\">\n                                    <img loading=\"lazy\" decoding=\"async\" width=\"683\" height=\"1024\" src=\"https:\/\/nyforetagarcentrum.se\/lidingo\/wp-content\/uploads\/sites\/103\/2024\/02\/074fbd4f185748329fcc0d3630a184b2-720x1080-1-683x1024.png\" class=\"attachment-large size-large\" alt=\"\" srcset=\"https:\/\/nyforetagarcentrum.se\/lidingo\/wp-content\/uploads\/sites\/103\/2024\/02\/074fbd4f185748329fcc0d3630a184b2-720x1080-1-683x1024.png 683w, https:\/\/nyforetagarcentrum.se\/lidingo\/wp-content\/uploads\/sites\/103\/2024\/02\/074fbd4f185748329fcc0d3630a184b2-720x1080-1-200x300.png 200w, https:\/\/nyforetagarcentrum.se\/lidingo\/wp-content\/uploads\/sites\/103\/2024\/02\/074fbd4f185748329fcc0d3630a184b2-720x1080-1.png 720w\" sizes=\"(max-width: 683px) 100vw, 683px\" \/>                            <\/div>\n        \n            <\/div>\n\n\n    <div class=\"content-wrapper\">\n        \n        <h3>Nyf\u00f6retagarCentrum Liding\u00f6<\/h3>\n\n        \n        <div class=\"content\">\n            <p data-olk-copy-source=\"MessageBody\">Vi brinner f\u00f6r att fler ska kunna starta f\u00f6retag och f\u00f6rverkliga sina aff\u00e4rsid\u00e9er. Nyf\u00f6retagarCentrum Liding\u00f6 hj\u00e4lper dig att g\u00e5 fr\u00e5n att dr\u00f6mma till att b\u00f6rja g\u00f6ra! Hos oss f\u00e5r du kostnadsfri aff\u00e4rsr\u00e5dgivning, expertr\u00e5dgivning och tillg\u00e5ng till ett stort n\u00e4tverk av f\u00f6retagare p\u00e5 Liding\u00f6.<\/p>\n<p>Nyf\u00f6retagarCentrum erbjuder specialistkompetens inom bland annat kommunikation, PR, ekonomi,\u00a0 ledarskapscoaching, finansiering och marknadsf\u00f6ring f\u00f6r dig som vill ta n\u00e4sta steg i ditt nyf\u00f6retagande.<\/p>\n<p>Genom f\u00f6rel\u00e4sningar, workshops och individuell r\u00e5dgivning hj\u00e4lper vi s\u00e5 m\u00e5nga som m\u00f6jligt med att forma sina id\u00e9er till livskraftiga f\u00f6retag.<\/p>\n        <\/div>\n\n            <\/div>\n<\/div>        <\/div>\n    <\/div>\n<\/section>\n\n\n<div style=\"height:80px\" aria-hidden=\"true\" class=\"wp-block-spacer\"><\/div>\n","protected":false},"excerpt":{"rendered":"<p>Ta del av exklusiva erbjudanden<\/p>\n","protected":false},"author":1,"featured_media":0,"parent":0,"menu_order":0,"comment_status":"closed","ping_status":"closed","template":"","meta":{"footnotes":""},"acf":[],"yoast_head":"<!-- This site is optimized with the Yoast SEO plugin v22.9 - https:\/\/yoast.com\/wordpress\/plugins\/seo\/ -->\n<title>Erbjudanden - Liding\u00f6<\/title>\n<meta name=\"robots\" content=\"index, follow, max-snippet:-1, max-image-preview:large, max-video-preview:-1\" \/>\n<link rel=\"canonical\" href=\"https:\/\/nyforetagarcentrum.se\/lidingo\/erbjudanden\/\" \/>\n<meta property=\"og:locale\" content=\"sv_SE\" \/>\n<meta property=\"og:type\" content=\"article\" \/>\n<meta property=\"og:title\" content=\"Erbjudanden - Liding\u00f6\" \/>\n<meta property=\"og:description\" content=\"Ta del av exklusiva erbjudanden\" \/>\n<meta property=\"og:url\" content=\"https:\/\/nyforetagarcentrum.se\/lidingo\/erbjudanden\/\" \/>\n<meta property=\"og:site_name\" content=\"Liding\u00f6\" \/>\n<meta property=\"article:modified_time\" content=\"2025-05-11T19:42:43+00:00\" \/>\n<meta name=\"twitter:card\" content=\"summary_large_image\" \/>\n<script type=\"application\/ld+json\" class=\"yoast-schema-graph\">{\"@context\":\"https:\/\/schema.org\",\"@graph\":[{\"@type\":\"WebPage\",\"@id\":\"https:\/\/nyforetagarcentrum.se\/lidingo\/erbjudanden\/\",\"url\":\"https:\/\/nyforetagarcentrum.se\/lidingo\/erbjudanden\/\",\"name\":\"Erbjudanden - Liding\u00f6\",\"isPartOf\":{\"@id\":\"https:\/\/nyforetagarcentrum.se\/lidingo\/#website\"},\"datePublished\":\"2024-02-22T09:29:05+00:00\",\"dateModified\":\"2025-05-11T19:42:43+00:00\",\"breadcrumb\":{\"@id\":\"https:\/\/nyforetagarcentrum.se\/lidingo\/erbjudanden\/#breadcrumb\"},\"inLanguage\":\"sv-SE\",\"potentialAction\":[{\"@type\":\"ReadAction\",\"target\":[\"https:\/\/nyforetagarcentrum.se\/lidingo\/erbjudanden\/\"]}]},{\"@type\":\"BreadcrumbList\",\"@id\":\"https:\/\/nyforetagarcentrum.se\/lidingo\/erbjudanden\/#breadcrumb\",\"itemListElement\":[{\"@type\":\"ListItem\",\"position\":1,\"name\":\"Hem\",\"item\":\"https:\/\/nyforetagarcentrum.se\/lidingo\/\"},{\"@type\":\"ListItem\",\"position\":2,\"name\":\"Erbjudanden\"}]},{\"@type\":\"WebSite\",\"@id\":\"https:\/\/nyforetagarcentrum.se\/lidingo\/#website\",\"url\":\"https:\/\/nyforetagarcentrum.se\/lidingo\/\",\"name\":\"Nyf\u00f6retagarCentrum Liding\u00f6\",\"description\":\"Sveriges ledande kraft inom nyf\u00f6retagande\",\"publisher\":{\"@id\":\"https:\/\/nyforetagarcentrum.se\/lidingo\/#organization\"},\"potentialAction\":[{\"@type\":\"SearchAction\",\"target\":{\"@type\":\"EntryPoint\",\"urlTemplate\":\"https:\/\/nyforetagarcentrum.se\/lidingo\/?s={search_term_string}\"},\"query-input\":\"required name=search_term_string\"}],\"inLanguage\":\"sv-SE\"},{\"@type\":\"Organization\",\"@id\":\"https:\/\/nyforetagarcentrum.se\/lidingo\/#organization\",\"name\":\"Nyf\u00f6retagarCentrum Liding\u00f6\",\"url\":\"https:\/\/nyforetagarcentrum.se\/lidingo\/\",\"logo\":{\"@type\":\"ImageObject\",\"inLanguage\":\"sv-SE\",\"@id\":\"https:\/\/nyforetagarcentrum.se\/lidingo\/#\/schema\/logo\/image\/\",\"url\":\"https:\/\/nyforetagarcentrum.se\/lidingo\/wp-content\/uploads\/sites\/103\/2025\/05\/cropped-NyforetagarCentrumLidingo.png\",\"contentUrl\":\"https:\/\/nyforetagarcentrum.se\/lidingo\/wp-content\/uploads\/sites\/103\/2025\/05\/cropped-NyforetagarCentrumLidingo.png\",\"width\":1000,\"height\":483,\"caption\":\"Nyf\u00f6retagarCentrum Liding\u00f6\"},\"image\":{\"@id\":\"https:\/\/nyforetagarcentrum.se\/lidingo\/#\/schema\/logo\/image\/\"}}]}<\/script>\n<!-- \/ Yoast SEO plugin. -->","yoast_head_json":{"title":"Erbjudanden - Liding\u00f6","robots":{"index":"index","follow":"follow","max-snippet":"max-snippet:-1","max-image-preview":"max-image-preview:large","max-video-preview":"max-video-preview:-1"},"canonical":"https:\/\/nyforetagarcentrum.se\/lidingo\/erbjudanden\/","og_locale":"sv_SE","og_type":"article","og_title":"Erbjudanden - Liding\u00f6","og_description":"Ta del av exklusiva erbjudanden","og_url":"https:\/\/nyforetagarcentrum.se\/lidingo\/erbjudanden\/","og_site_name":"Liding\u00f6","article_modified_time":"2025-05-11T19:42:43+00:00","twitter_card":"summary_large_image","schema":{"@context":"https:\/\/schema.org","@graph":[{"@type":"WebPage","@id":"https:\/\/nyforetagarcentrum.se\/lidingo\/erbjudanden\/","url":"https:\/\/nyforetagarcentrum.se\/lidingo\/erbjudanden\/","name":"Erbjudanden - Liding\u00f6","isPartOf":{"@id":"https:\/\/nyforetagarcentrum.se\/lidingo\/#website"},"datePublished":"2024-02-22T09:29:05+00:00","dateModified":"2025-05-11T19:42:43+00:00","breadcrumb":{"@id":"https:\/\/nyforetagarcentrum.se\/lidingo\/erbjudanden\/#breadcrumb"},"inLanguage":"sv-SE","potentialAction":[{"@type":"ReadAction","target":["https:\/\/nyforetagarcentrum.se\/lidingo\/erbjudanden\/"]}]},{"@type":"BreadcrumbList","@id":"https:\/\/nyforetagarcentrum.se\/lidingo\/erbjudanden\/#breadcrumb","itemListElement":[{"@type":"ListItem","position":1,"name":"Hem","item":"https:\/\/nyforetagarcentrum.se\/lidingo\/"},{"@type":"ListItem","position":2,"name":"Erbjudanden"}]},{"@type":"WebSite","@id":"https:\/\/nyforetagarcentrum.se\/lidingo\/#website","url":"https:\/\/nyforetagarcentrum.se\/lidingo\/","name":"Nyf\u00f6retagarCentrum Liding\u00f6","description":"Sveriges ledande kraft inom nyf\u00f6retagande","publisher":{"@id":"https:\/\/nyforetagarcentrum.se\/lidingo\/#organization"},"potentialAction":[{"@type":"SearchAction","target":{"@type":"EntryPoint","urlTemplate":"https:\/\/nyforetagarcentrum.se\/lidingo\/?s={search_term_string}"},"query-input":"required name=search_term_string"}],"inLanguage":"sv-SE"},{"@type":"Organization","@id":"https:\/\/nyforetagarcentrum.se\/lidingo\/#organization","name":"Nyf\u00f6retagarCentrum Liding\u00f6","url":"https:\/\/nyforetagarcentrum.se\/lidingo\/","logo":{"@type":"ImageObject","inLanguage":"sv-SE","@id":"https:\/\/nyforetagarcentrum.se\/lidingo\/#\/schema\/logo\/image\/","url":"https:\/\/nyforetagarcentrum.se\/lidingo\/wp-content\/uploads\/sites\/103\/2025\/05\/cropped-NyforetagarCentrumLidingo.png","contentUrl":"https:\/\/nyforetagarcentrum.se\/lidingo\/wp-content\/uploads\/sites\/103\/2025\/05\/cropped-NyforetagarCentrumLidingo.png","width":1000,"height":483,"caption":"Nyf\u00f6retagarCentrum Liding\u00f6"},"image":{"@id":"https:\/\/nyforetagarcentrum.se\/lidingo\/#\/schema\/logo\/image\/"}}]}},"_links":{"self":[{"href":"https:\/\/nyforetagarcentrum.se\/lidingo\/wp-json\/wp\/v2\/pages\/48"}],"collection":[{"href":"https:\/\/nyforetagarcentrum.se\/lidingo\/wp-json\/wp\/v2\/pages"}],"about":[{"href":"https:\/\/nyforetagarcentrum.se\/lidingo\/wp-json\/wp\/v2\/types\/page"}],"author":[{"embeddable":true,"href":"https:\/\/nyforetagarcentrum.se\/lidingo\/wp-json\/wp\/v2\/users\/1"}],"replies":[{"embeddable":true,"href":"https:\/\/nyforetagarcentrum.se\/lidingo\/wp-json\/wp\/v2\/comments?post=48"}],"version-history":[{"count":8,"href":"https:\/\/nyforetagarcentrum.se\/lidingo\/wp-json\/wp\/v2\/pages\/48\/revisions"}],"predecessor-version":[{"id":339,"href":"https:\/\/nyforetagarcentrum.se\/lidingo\/wp-json\/wp\/v2\/pages\/48\/revisions\/339"}],"wp:attachment":[{"href":"https:\/\/nyforetagarcentrum.se\/lidingo\/wp-json\/wp\/v2\/media?parent=48"}],"curies":[{"name":"wp","href":"https:\/\/api.w.org\/{rel}","templated":true}]}}