{"id":449,"date":"2025-05-16T09:51:31","date_gmt":"2025-05-16T07:51:31","guid":{"rendered":"https:\/\/nyforetagarcentrum.se\/lidingo\/?page_id=449"},"modified":"2026-01-16T12:31:30","modified_gmt":"2026-01-16T11:31:30","slug":"kontakt","status":"publish","type":"page","link":"https:\/\/nyforetagarcentrum.se\/lidingo\/kontakt\/","title":{"rendered":"Kontakt"},"content":{"rendered":"<section  class=\"nfc-block-split_screen alignwide image_alignment-left\">\n    <div class=\"wrapper\">\n        <div class=\"nfc-block-split_screen__image-wrapper\">\n            <img loading=\"lazy\" decoding=\"async\" width=\"1476\" height=\"984\" src=\"https:\/\/nyforetagarcentrum.se\/lidingo\/wp-content\/uploads\/sites\/103\/2024\/03\/Tillvaxt-planta-LOW.jpg\" class=\"attachment-landscape size-landscape\" alt=\"\" srcset=\"https:\/\/nyforetagarcentrum.se\/lidingo\/wp-content\/uploads\/sites\/103\/2024\/03\/Tillvaxt-planta-LOW.jpg 1476w, https:\/\/nyforetagarcentrum.se\/lidingo\/wp-content\/uploads\/sites\/103\/2024\/03\/Tillvaxt-planta-LOW-300x200.jpg 300w, https:\/\/nyforetagarcentrum.se\/lidingo\/wp-content\/uploads\/sites\/103\/2024\/03\/Tillvaxt-planta-LOW-1024x683.jpg 1024w, https:\/\/nyforetagarcentrum.se\/lidingo\/wp-content\/uploads\/sites\/103\/2024\/03\/Tillvaxt-planta-LOW-768x512.jpg 768w\" sizes=\"(max-width: 1476px) 100vw, 1476px\" \/>        <\/div>\n\n        <div class=\"nfc-block-split_screen__content-wrapper\">\n            <h2>Kontakta oss<\/h2>\n<p><b><strong>Nyf\u00f6retagarCentrum Liding\u00f6<\/strong><\/b><\/p>\n<p><strong>Maria H\u00f6gberg<\/p>\n<p>Telefon:<\/strong> 070 &#8211; 485 71 41<br \/>\n<strong>E-post:<\/strong> <a href=\"mailto:maria.hogberg@nyforetagarcentrum.se\">maria.hogberg@nyforetagarcentrum.se<\/a><\/p>\n<p><strong>E-post:<\/strong> <a href=\"mailto:lidingo@nyforetagarcentrum.se\">lidingo@nyforetagarcentrum.se<\/a><\/p>\n<p>&nbsp;<\/p>\n\n                            <div class=\"nfc-block-split_screen__buttons\">\n                                            <a href=\"https:\/\/jobsdata-nyforetagarcentrum.se\/ExternBooking?OfficeId=ad90a0f3-4296-e811-80d7-0050568571f4\" class=\"button primary\">Boka r\u00e5dgivning<\/a>\n                                    <\/div>\n            \n        <\/div>\n    <\/div>\n<\/section>\n\n\n<div style=\"height:100px\" aria-hidden=\"true\" class=\"wp-block-spacer\"><\/div>\n\n\n<section  class=\"nfc-block-form aligncontent layout-small\">\n    <div class=\"contained\">\n\n        <form data-nfc-form=\"block_60e8b5db1cb6f64eaf7281cd047a80f0\" data-nfc-page=\"449\">\n            <label class=\"input-wrapper required\" for=\"namn-och-efternamn\">\n    <span>F\u00f6r- och efternamn<\/span>\n    <input type=\"text\" name=\"namn-och-efternamn\" id=\"namn-och-efternamn\" placeholder=\"Ditt namn\" required>\n<\/label><label class=\"input-wrapper required\" for=\"mailadress\">\n    <span>E-postadress<\/span>\n    <input type=\"text\" name=\"mailadress\" id=\"mailadress\" placeholder=\"Din e-postadress\" required>\n<\/label><label class=\"input-wrapper\" for=\"mobilnummer\">\n    <span>Mobilnummer<\/span>\n    <input type=\"text\" name=\"mobilnummer\" id=\"mobilnummer\" placeholder=\"Ditt mobilnummer\" >\n<\/label><label class=\"input-wrapper required\" for=\"meddelande\">\n    <span>Meddelande<\/span>\n    <textarea type=\"text\" name=\"meddelande\" id=\"meddelande\" placeholder=\"Skriv ditt meddelande h\u00e4r\" required rows=\"6\"><\/textarea>\n<\/label>\n            <div class=\"input-wrapper\">\n                <button type=\"submit\" class=\"button\">Skicka<\/button>\n            <\/div>\n        <\/form>\n    <\/div>\n<\/section>\n\n\n<div style=\"height:30px\" aria-hidden=\"true\" class=\"wp-block-spacer\"><\/div>\n","protected":false},"excerpt":{"rendered":"","protected":false},"author":94,"featured_media":0,"parent":0,"menu_order":0,"comment_status":"closed","ping_status":"closed","template":"","meta":{"footnotes":""},"acf":[],"yoast_head":"<!-- This site is optimized with the Yoast SEO plugin v22.9 - https:\/\/yoast.com\/wordpress\/plugins\/seo\/ -->\n<title>Kontakt - Liding\u00f6<\/title>\n<meta name=\"robots\" content=\"index, follow, max-snippet:-1, max-image-preview:large, max-video-preview:-1\" \/>\n<link rel=\"canonical\" href=\"https:\/\/nyforetagarcentrum.se\/lidingo\/kontakt\/\" \/>\n<meta property=\"og:locale\" content=\"sv_SE\" \/>\n<meta property=\"og:type\" content=\"article\" \/>\n<meta property=\"og:title\" content=\"Kontakt - Liding\u00f6\" \/>\n<meta property=\"og:url\" content=\"https:\/\/nyforetagarcentrum.se\/lidingo\/kontakt\/\" \/>\n<meta property=\"og:site_name\" content=\"Liding\u00f6\" \/>\n<meta property=\"article:modified_time\" content=\"2026-01-16T11:31:30+00:00\" \/>\n<meta name=\"twitter:card\" content=\"summary_large_image\" \/>\n<script type=\"application\/ld+json\" class=\"yoast-schema-graph\">{\"@context\":\"https:\/\/schema.org\",\"@graph\":[{\"@type\":\"WebPage\",\"@id\":\"https:\/\/nyforetagarcentrum.se\/lidingo\/kontakt\/\",\"url\":\"https:\/\/nyforetagarcentrum.se\/lidingo\/kontakt\/\",\"name\":\"Kontakt - Liding\u00f6\",\"isPartOf\":{\"@id\":\"https:\/\/nyforetagarcentrum.se\/lidingo\/#website\"},\"datePublished\":\"2025-05-16T07:51:31+00:00\",\"dateModified\":\"2026-01-16T11:31:30+00:00\",\"breadcrumb\":{\"@id\":\"https:\/\/nyforetagarcentrum.se\/lidingo\/kontakt\/#breadcrumb\"},\"inLanguage\":\"sv-SE\",\"potentialAction\":[{\"@type\":\"ReadAction\",\"target\":[\"https:\/\/nyforetagarcentrum.se\/lidingo\/kontakt\/\"]}]},{\"@type\":\"BreadcrumbList\",\"@id\":\"https:\/\/nyforetagarcentrum.se\/lidingo\/kontakt\/#breadcrumb\",\"itemListElement\":[{\"@type\":\"ListItem\",\"position\":1,\"name\":\"Hem\",\"item\":\"https:\/\/nyforetagarcentrum.se\/lidingo\/\"},{\"@type\":\"ListItem\",\"position\":2,\"name\":\"Kontakt\"}]},{\"@type\":\"WebSite\",\"@id\":\"https:\/\/nyforetagarcentrum.se\/lidingo\/#website\",\"url\":\"https:\/\/nyforetagarcentrum.se\/lidingo\/\",\"name\":\"Nyf\u00f6retagarCentrum Liding\u00f6\",\"description\":\"Sveriges ledande kraft inom nyf\u00f6retagande\",\"publisher\":{\"@id\":\"https:\/\/nyforetagarcentrum.se\/lidingo\/#organization\"},\"potentialAction\":[{\"@type\":\"SearchAction\",\"target\":{\"@type\":\"EntryPoint\",\"urlTemplate\":\"https:\/\/nyforetagarcentrum.se\/lidingo\/?s={search_term_string}\"},\"query-input\":\"required name=search_term_string\"}],\"inLanguage\":\"sv-SE\"},{\"@type\":\"Organization\",\"@id\":\"https:\/\/nyforetagarcentrum.se\/lidingo\/#organization\",\"name\":\"Nyf\u00f6retagarCentrum Liding\u00f6\",\"url\":\"https:\/\/nyforetagarcentrum.se\/lidingo\/\",\"logo\":{\"@type\":\"ImageObject\",\"inLanguage\":\"sv-SE\",\"@id\":\"https:\/\/nyforetagarcentrum.se\/lidingo\/#\/schema\/logo\/image\/\",\"url\":\"https:\/\/nyforetagarcentrum.se\/lidingo\/wp-content\/uploads\/sites\/103\/2025\/05\/cropped-NyforetagarCentrumLidingo.png\",\"contentUrl\":\"https:\/\/nyforetagarcentrum.se\/lidingo\/wp-content\/uploads\/sites\/103\/2025\/05\/cropped-NyforetagarCentrumLidingo.png\",\"width\":1000,\"height\":483,\"caption\":\"Nyf\u00f6retagarCentrum Liding\u00f6\"},\"image\":{\"@id\":\"https:\/\/nyforetagarcentrum.se\/lidingo\/#\/schema\/logo\/image\/\"}}]}<\/script>\n<!-- \/ Yoast SEO plugin. -->","yoast_head_json":{"title":"Kontakt - Liding\u00f6","robots":{"index":"index","follow":"follow","max-snippet":"max-snippet:-1","max-image-preview":"max-image-preview:large","max-video-preview":"max-video-preview:-1"},"canonical":"https:\/\/nyforetagarcentrum.se\/lidingo\/kontakt\/","og_locale":"sv_SE","og_type":"article","og_title":"Kontakt - Liding\u00f6","og_url":"https:\/\/nyforetagarcentrum.se\/lidingo\/kontakt\/","og_site_name":"Liding\u00f6","article_modified_time":"2026-01-16T11:31:30+00:00","twitter_card":"summary_large_image","schema":{"@context":"https:\/\/schema.org","@graph":[{"@type":"WebPage","@id":"https:\/\/nyforetagarcentrum.se\/lidingo\/kontakt\/","url":"https:\/\/nyforetagarcentrum.se\/lidingo\/kontakt\/","name":"Kontakt - Liding\u00f6","isPartOf":{"@id":"https:\/\/nyforetagarcentrum.se\/lidingo\/#website"},"datePublished":"2025-05-16T07:51:31+00:00","dateModified":"2026-01-16T11:31:30+00:00","breadcrumb":{"@id":"https:\/\/nyforetagarcentrum.se\/lidingo\/kontakt\/#breadcrumb"},"inLanguage":"sv-SE","potentialAction":[{"@type":"ReadAction","target":["https:\/\/nyforetagarcentrum.se\/lidingo\/kontakt\/"]}]},{"@type":"BreadcrumbList","@id":"https:\/\/nyforetagarcentrum.se\/lidingo\/kontakt\/#breadcrumb","itemListElement":[{"@type":"ListItem","position":1,"name":"Hem","item":"https:\/\/nyforetagarcentrum.se\/lidingo\/"},{"@type":"ListItem","position":2,"name":"Kontakt"}]},{"@type":"WebSite","@id":"https:\/\/nyforetagarcentrum.se\/lidingo\/#website","url":"https:\/\/nyforetagarcentrum.se\/lidingo\/","name":"Nyf\u00f6retagarCentrum Liding\u00f6","description":"Sveriges ledande kraft inom nyf\u00f6retagande","publisher":{"@id":"https:\/\/nyforetagarcentrum.se\/lidingo\/#organization"},"potentialAction":[{"@type":"SearchAction","target":{"@type":"EntryPoint","urlTemplate":"https:\/\/nyforetagarcentrum.se\/lidingo\/?s={search_term_string}"},"query-input":"required name=search_term_string"}],"inLanguage":"sv-SE"},{"@type":"Organization","@id":"https:\/\/nyforetagarcentrum.se\/lidingo\/#organization","name":"Nyf\u00f6retagarCentrum Liding\u00f6","url":"https:\/\/nyforetagarcentrum.se\/lidingo\/","logo":{"@type":"ImageObject","inLanguage":"sv-SE","@id":"https:\/\/nyforetagarcentrum.se\/lidingo\/#\/schema\/logo\/image\/","url":"https:\/\/nyforetagarcentrum.se\/lidingo\/wp-content\/uploads\/sites\/103\/2025\/05\/cropped-NyforetagarCentrumLidingo.png","contentUrl":"https:\/\/nyforetagarcentrum.se\/lidingo\/wp-content\/uploads\/sites\/103\/2025\/05\/cropped-NyforetagarCentrumLidingo.png","width":1000,"height":483,"caption":"Nyf\u00f6retagarCentrum Liding\u00f6"},"image":{"@id":"https:\/\/nyforetagarcentrum.se\/lidingo\/#\/schema\/logo\/image\/"}}]}},"_links":{"self":[{"href":"https:\/\/nyforetagarcentrum.se\/lidingo\/wp-json\/wp\/v2\/pages\/449"}],"collection":[{"href":"https:\/\/nyforetagarcentrum.se\/lidingo\/wp-json\/wp\/v2\/pages"}],"about":[{"href":"https:\/\/nyforetagarcentrum.se\/lidingo\/wp-json\/wp\/v2\/types\/page"}],"author":[{"embeddable":true,"href":"https:\/\/nyforetagarcentrum.se\/lidingo\/wp-json\/wp\/v2\/users\/94"}],"replies":[{"embeddable":true,"href":"https:\/\/nyforetagarcentrum.se\/lidingo\/wp-json\/wp\/v2\/comments?post=449"}],"version-history":[{"count":26,"href":"https:\/\/nyforetagarcentrum.se\/lidingo\/wp-json\/wp\/v2\/pages\/449\/revisions"}],"predecessor-version":[{"id":722,"href":"https:\/\/nyforetagarcentrum.se\/lidingo\/wp-json\/wp\/v2\/pages\/449\/revisions\/722"}],"wp:attachment":[{"href":"https:\/\/nyforetagarcentrum.se\/lidingo\/wp-json\/wp\/v2\/media?parent=449"}],"curies":[{"name":"wp","href":"https:\/\/api.w.org\/{rel}","templated":true}]}}