{"id":439,"date":"2025-05-16T09:43:56","date_gmt":"2025-05-16T07:43:56","guid":{"rendered":"https:\/\/nyforetagarcentrum.se\/lidingo\/?page_id=439"},"modified":"2025-05-16T11:03:56","modified_gmt":"2025-05-16T09:03:56","slug":"om-oss","status":"publish","type":"page","link":"https:\/\/nyforetagarcentrum.se\/lidingo\/om-oss\/","title":{"rendered":"Om oss"},"content":{"rendered":"<section  class=\"nfc-block-hero alignfull\">\n\n    <img loading=\"lazy\" decoding=\"async\" width=\"714\" height=\"622\" src=\"https:\/\/nyforetagarcentrum.se\/lidingo\/wp-content\/uploads\/sites\/103\/2024\/02\/ySLeov8m_8.png\" class=\"attachment-landscape size-landscape\" alt=\"\" srcset=\"https:\/\/nyforetagarcentrum.se\/lidingo\/wp-content\/uploads\/sites\/103\/2024\/02\/ySLeov8m_8.png 714w, https:\/\/nyforetagarcentrum.se\/lidingo\/wp-content\/uploads\/sites\/103\/2024\/02\/ySLeov8m_8-300x261.png 300w\" sizes=\"(max-width: 714px) 100vw, 714px\" \/>\n    <div class=\"contained\">\n        <h1 class=\"nfc-block-hero__heading\">Om oss<\/h1>\n\n            <\/div>\n<\/section>\n\n\n<div style=\"height:100px\" aria-hidden=\"true\" class=\"wp-block-spacer\"><\/div>\n\n\n<section  class=\"nfc-block-split_screen alignwide image_alignment-left\">\n    <div class=\"wrapper\">\n        <div class=\"nfc-block-split_screen__image-wrapper\">\n            <img loading=\"lazy\" decoding=\"async\" width=\"1469\" height=\"981\" src=\"https:\/\/nyforetagarcentrum.se\/lidingo\/wp-content\/uploads\/sites\/103\/2024\/03\/4083b98ac6a43f162142a286decbc08f.png\" class=\"attachment-landscape size-landscape\" alt=\"\" srcset=\"https:\/\/nyforetagarcentrum.se\/lidingo\/wp-content\/uploads\/sites\/103\/2024\/03\/4083b98ac6a43f162142a286decbc08f.png 1469w, https:\/\/nyforetagarcentrum.se\/lidingo\/wp-content\/uploads\/sites\/103\/2024\/03\/4083b98ac6a43f162142a286decbc08f-300x200.png 300w, https:\/\/nyforetagarcentrum.se\/lidingo\/wp-content\/uploads\/sites\/103\/2024\/03\/4083b98ac6a43f162142a286decbc08f-1024x684.png 1024w, https:\/\/nyforetagarcentrum.se\/lidingo\/wp-content\/uploads\/sites\/103\/2024\/03\/4083b98ac6a43f162142a286decbc08f-768x513.png 768w\" sizes=\"(max-width: 1469px) 100vw, 1469px\" \/>        <\/div>\n\n        <div class=\"nfc-block-split_screen__content-wrapper\">\n            <h3>F\u00f6r fler nya livskraftiga f\u00f6retag!<\/h3>\n<p><span data-olk-copy-source=\"MessageBody\">Nyf\u00f6retagarCentrum Liding\u00f6 (fd Startup Liding\u00f6) har funnits sedan 1992 i olika konstellationer och \u00e4r en k\u00e4nd akt\u00f6r p\u00e5 Liding\u00f6. Genom \u00e5ren har ca 4000 Liding\u00f6bor tagit del av v\u00e5r r\u00e5dgivning och av dessa har ca 1500 valt att starta eget.<\/span><\/p>\n<p>Vi \u00e4r en ideell stiftelse (Stiftelsen Liding\u00f6 Nyf\u00f6retagarcentrum ) som genom bidrag fr\u00e5n Liding\u00f6 Stad samt v\u00e5ra partners, lokala f\u00f6retag p\u00e5 Liding\u00f6, kan bedriva v\u00e5r verksamhet. Vi har en bred och djup kompetens inom omr\u00e5den som \u00e4r h\u00f6gaktuella f\u00f6r att starta och driva ett eget f\u00f6retag. V\u00e5ra aff\u00e4rsr\u00e5dgivare \u00e4r sj\u00e4lva egenf\u00f6retagare och har erfarenheter fr\u00e5n finansiering, ekonomi, n\u00e4tverksbyggande, kommunikation, PR, varum\u00e4rkeskommunikation, h\u00e5llbart f\u00f6retagande, marknadsf\u00f6ring, f\u00f6rs\u00e4ljning och mentorskap.<\/p>\n<div>\n<p>Vi riktar oss till dig som bor p\u00e5 Liding\u00f6 och som vill starta eget f\u00f6retag, ta n\u00e4sta steg i ditt nyf\u00f6retagande, beh\u00f6ver coachning eller vill bolla din aff\u00e4rsid\u00e9.<\/p>\n<\/div>\n\n                            <div class=\"nfc-block-split_screen__buttons\">\n                                            <a href=\"https:\/\/jobsdata-nyforetagarcentrum.se\/ExternBooking?OfficeId=ad90a0f3-4296-e811-80d7-0050568571f4\" class=\"button primary\">Boka R\u00e5dgivning<\/a>\n                                    <\/div>\n            \n        <\/div>\n    <\/div>\n<\/section>\n\n\n<div style=\"height:100px\" aria-hidden=\"true\" class=\"wp-block-spacer\"><\/div>\n","protected":false},"excerpt":{"rendered":"","protected":false},"author":94,"featured_media":0,"parent":0,"menu_order":0,"comment_status":"closed","ping_status":"closed","template":"","meta":{"footnotes":""},"acf":[],"yoast_head":"<!-- This site is optimized with the Yoast SEO plugin v22.9 - https:\/\/yoast.com\/wordpress\/plugins\/seo\/ -->\n<title>Om oss - Liding\u00f6<\/title>\n<meta name=\"robots\" content=\"index, follow, max-snippet:-1, max-image-preview:large, max-video-preview:-1\" \/>\n<link rel=\"canonical\" href=\"https:\/\/nyforetagarcentrum.se\/lidingo\/om-oss\/\" \/>\n<meta property=\"og:locale\" content=\"sv_SE\" \/>\n<meta property=\"og:type\" content=\"article\" \/>\n<meta property=\"og:title\" content=\"Om oss - Liding\u00f6\" \/>\n<meta property=\"og:url\" content=\"https:\/\/nyforetagarcentrum.se\/lidingo\/om-oss\/\" \/>\n<meta property=\"og:site_name\" content=\"Liding\u00f6\" \/>\n<meta property=\"article:modified_time\" content=\"2025-05-16T09:03:56+00:00\" \/>\n<meta name=\"twitter:card\" content=\"summary_large_image\" \/>\n<script type=\"application\/ld+json\" class=\"yoast-schema-graph\">{\"@context\":\"https:\/\/schema.org\",\"@graph\":[{\"@type\":\"WebPage\",\"@id\":\"https:\/\/nyforetagarcentrum.se\/lidingo\/om-oss\/\",\"url\":\"https:\/\/nyforetagarcentrum.se\/lidingo\/om-oss\/\",\"name\":\"Om oss - Liding\u00f6\",\"isPartOf\":{\"@id\":\"https:\/\/nyforetagarcentrum.se\/lidingo\/#website\"},\"datePublished\":\"2025-05-16T07:43:56+00:00\",\"dateModified\":\"2025-05-16T09:03:56+00:00\",\"breadcrumb\":{\"@id\":\"https:\/\/nyforetagarcentrum.se\/lidingo\/om-oss\/#breadcrumb\"},\"inLanguage\":\"sv-SE\",\"potentialAction\":[{\"@type\":\"ReadAction\",\"target\":[\"https:\/\/nyforetagarcentrum.se\/lidingo\/om-oss\/\"]}]},{\"@type\":\"BreadcrumbList\",\"@id\":\"https:\/\/nyforetagarcentrum.se\/lidingo\/om-oss\/#breadcrumb\",\"itemListElement\":[{\"@type\":\"ListItem\",\"position\":1,\"name\":\"Hem\",\"item\":\"https:\/\/nyforetagarcentrum.se\/lidingo\/\"},{\"@type\":\"ListItem\",\"position\":2,\"name\":\"Om oss\"}]},{\"@type\":\"WebSite\",\"@id\":\"https:\/\/nyforetagarcentrum.se\/lidingo\/#website\",\"url\":\"https:\/\/nyforetagarcentrum.se\/lidingo\/\",\"name\":\"Nyf\u00f6retagarCentrum Liding\u00f6\",\"description\":\"Sveriges ledande kraft inom nyf\u00f6retagande\",\"publisher\":{\"@id\":\"https:\/\/nyforetagarcentrum.se\/lidingo\/#organization\"},\"potentialAction\":[{\"@type\":\"SearchAction\",\"target\":{\"@type\":\"EntryPoint\",\"urlTemplate\":\"https:\/\/nyforetagarcentrum.se\/lidingo\/?s={search_term_string}\"},\"query-input\":\"required name=search_term_string\"}],\"inLanguage\":\"sv-SE\"},{\"@type\":\"Organization\",\"@id\":\"https:\/\/nyforetagarcentrum.se\/lidingo\/#organization\",\"name\":\"Nyf\u00f6retagarCentrum Liding\u00f6\",\"url\":\"https:\/\/nyforetagarcentrum.se\/lidingo\/\",\"logo\":{\"@type\":\"ImageObject\",\"inLanguage\":\"sv-SE\",\"@id\":\"https:\/\/nyforetagarcentrum.se\/lidingo\/#\/schema\/logo\/image\/\",\"url\":\"https:\/\/nyforetagarcentrum.se\/lidingo\/wp-content\/uploads\/sites\/103\/2025\/05\/cropped-NyforetagarCentrumLidingo.png\",\"contentUrl\":\"https:\/\/nyforetagarcentrum.se\/lidingo\/wp-content\/uploads\/sites\/103\/2025\/05\/cropped-NyforetagarCentrumLidingo.png\",\"width\":1000,\"height\":483,\"caption\":\"Nyf\u00f6retagarCentrum Liding\u00f6\"},\"image\":{\"@id\":\"https:\/\/nyforetagarcentrum.se\/lidingo\/#\/schema\/logo\/image\/\"}}]}<\/script>\n<!-- \/ Yoast SEO plugin. -->","yoast_head_json":{"title":"Om oss - Liding\u00f6","robots":{"index":"index","follow":"follow","max-snippet":"max-snippet:-1","max-image-preview":"max-image-preview:large","max-video-preview":"max-video-preview:-1"},"canonical":"https:\/\/nyforetagarcentrum.se\/lidingo\/om-oss\/","og_locale":"sv_SE","og_type":"article","og_title":"Om oss - Liding\u00f6","og_url":"https:\/\/nyforetagarcentrum.se\/lidingo\/om-oss\/","og_site_name":"Liding\u00f6","article_modified_time":"2025-05-16T09:03:56+00:00","twitter_card":"summary_large_image","schema":{"@context":"https:\/\/schema.org","@graph":[{"@type":"WebPage","@id":"https:\/\/nyforetagarcentrum.se\/lidingo\/om-oss\/","url":"https:\/\/nyforetagarcentrum.se\/lidingo\/om-oss\/","name":"Om oss - Liding\u00f6","isPartOf":{"@id":"https:\/\/nyforetagarcentrum.se\/lidingo\/#website"},"datePublished":"2025-05-16T07:43:56+00:00","dateModified":"2025-05-16T09:03:56+00:00","breadcrumb":{"@id":"https:\/\/nyforetagarcentrum.se\/lidingo\/om-oss\/#breadcrumb"},"inLanguage":"sv-SE","potentialAction":[{"@type":"ReadAction","target":["https:\/\/nyforetagarcentrum.se\/lidingo\/om-oss\/"]}]},{"@type":"BreadcrumbList","@id":"https:\/\/nyforetagarcentrum.se\/lidingo\/om-oss\/#breadcrumb","itemListElement":[{"@type":"ListItem","position":1,"name":"Hem","item":"https:\/\/nyforetagarcentrum.se\/lidingo\/"},{"@type":"ListItem","position":2,"name":"Om oss"}]},{"@type":"WebSite","@id":"https:\/\/nyforetagarcentrum.se\/lidingo\/#website","url":"https:\/\/nyforetagarcentrum.se\/lidingo\/","name":"Nyf\u00f6retagarCentrum Liding\u00f6","description":"Sveriges ledande kraft inom nyf\u00f6retagande","publisher":{"@id":"https:\/\/nyforetagarcentrum.se\/lidingo\/#organization"},"potentialAction":[{"@type":"SearchAction","target":{"@type":"EntryPoint","urlTemplate":"https:\/\/nyforetagarcentrum.se\/lidingo\/?s={search_term_string}"},"query-input":"required name=search_term_string"}],"inLanguage":"sv-SE"},{"@type":"Organization","@id":"https:\/\/nyforetagarcentrum.se\/lidingo\/#organization","name":"Nyf\u00f6retagarCentrum Liding\u00f6","url":"https:\/\/nyforetagarcentrum.se\/lidingo\/","logo":{"@type":"ImageObject","inLanguage":"sv-SE","@id":"https:\/\/nyforetagarcentrum.se\/lidingo\/#\/schema\/logo\/image\/","url":"https:\/\/nyforetagarcentrum.se\/lidingo\/wp-content\/uploads\/sites\/103\/2025\/05\/cropped-NyforetagarCentrumLidingo.png","contentUrl":"https:\/\/nyforetagarcentrum.se\/lidingo\/wp-content\/uploads\/sites\/103\/2025\/05\/cropped-NyforetagarCentrumLidingo.png","width":1000,"height":483,"caption":"Nyf\u00f6retagarCentrum Liding\u00f6"},"image":{"@id":"https:\/\/nyforetagarcentrum.se\/lidingo\/#\/schema\/logo\/image\/"}}]}},"_links":{"self":[{"href":"https:\/\/nyforetagarcentrum.se\/lidingo\/wp-json\/wp\/v2\/pages\/439"}],"collection":[{"href":"https:\/\/nyforetagarcentrum.se\/lidingo\/wp-json\/wp\/v2\/pages"}],"about":[{"href":"https:\/\/nyforetagarcentrum.se\/lidingo\/wp-json\/wp\/v2\/types\/page"}],"author":[{"embeddable":true,"href":"https:\/\/nyforetagarcentrum.se\/lidingo\/wp-json\/wp\/v2\/users\/94"}],"replies":[{"embeddable":true,"href":"https:\/\/nyforetagarcentrum.se\/lidingo\/wp-json\/wp\/v2\/comments?post=439"}],"version-history":[{"count":6,"href":"https:\/\/nyforetagarcentrum.se\/lidingo\/wp-json\/wp\/v2\/pages\/439\/revisions"}],"predecessor-version":[{"id":480,"href":"https:\/\/nyforetagarcentrum.se\/lidingo\/wp-json\/wp\/v2\/pages\/439\/revisions\/480"}],"wp:attachment":[{"href":"https:\/\/nyforetagarcentrum.se\/lidingo\/wp-json\/wp\/v2\/media?parent=439"}],"curies":[{"name":"wp","href":"https:\/\/api.w.org\/{rel}","templated":true}]}}