{"id":813,"date":"2025-02-18T10:55:03","date_gmt":"2025-02-18T09:55:03","guid":{"rendered":"https:\/\/nyforetagarcentrum.se\/lerum\/?page_id=813"},"modified":"2025-02-23T13:15:00","modified_gmt":"2025-02-23T12:15:00","slug":"i-fokus-hos-nyforetagarcentrum-lerum","status":"publish","type":"page","link":"https:\/\/nyforetagarcentrum.se\/lerum\/i-fokus-hos-nyforetagarcentrum-lerum\/","title":{"rendered":"I Fokus hos Nyf\u00f6retagarCentrum Lerum"},"content":{"rendered":"\n<h1 class=\"wp-block-heading\">I Fokus hos Nyf\u00f6retagarCentrum Lerum<\/h1>\n\n\n\n<p>V\u00e4lkommen till &#8221;I Fokus&#8221; \u2013 din k\u00e4lla f\u00f6r inspirerande ber\u00e4ttelser och aktuella annonser inom Nyf\u00f6retagarCentrum Lerum. H\u00e4r samlar vi intervjuer, artiklar och reportage som belyser framg\u00e5ngarna hos v\u00e5ra entrepren\u00f6rer och deras resor mot att f\u00f6rverkliga sina aff\u00e4rsid\u00e9er. Uppt\u00e4ck hur lokala f\u00f6retagare har navigerat genom utmaningar och tagit steget mot framg\u00e5ng. H\u00e5ll dig ocks\u00e5 uppdaterad med v\u00e5ra senaste annonser och evenemang. L\u00e5t dig inspireras och hitta m\u00f6jligheter f\u00f6r din egen f\u00f6retagsresa!<\/p>\n\n\n\n<h2 class=\"wp-block-heading\">Lokalpressen 250215<\/h2>\n\n\n\n<figure class=\"wp-block-image size-large\"><a href=\"https:\/\/e-tidning.lokalpressen.se\/p\/lerum\/2025-02-15\/r\/6\/10-11\/2535\/1840363\"><img loading=\"lazy\" decoding=\"async\" width=\"682\" height=\"1024\" src=\"https:\/\/nyforetagarcentrum.se\/lerum\/wp-content\/uploads\/sites\/28\/2025\/02\/250216Annons-Lokalpressen--682x1024.png\" alt=\"\" class=\"wp-image-815\" srcset=\"https:\/\/nyforetagarcentrum.se\/lerum\/wp-content\/uploads\/sites\/28\/2025\/02\/250216Annons-Lokalpressen--682x1024.png 682w, https:\/\/nyforetagarcentrum.se\/lerum\/wp-content\/uploads\/sites\/28\/2025\/02\/250216Annons-Lokalpressen--200x300.png 200w, https:\/\/nyforetagarcentrum.se\/lerum\/wp-content\/uploads\/sites\/28\/2025\/02\/250216Annons-Lokalpressen--768x1153.png 768w, https:\/\/nyforetagarcentrum.se\/lerum\/wp-content\/uploads\/sites\/28\/2025\/02\/250216Annons-Lokalpressen--1023x1536.png 1023w, https:\/\/nyforetagarcentrum.se\/lerum\/wp-content\/uploads\/sites\/28\/2025\/02\/250216Annons-Lokalpressen--720x1080.png 720w, https:\/\/nyforetagarcentrum.se\/lerum\/wp-content\/uploads\/sites\/28\/2025\/02\/250216Annons-Lokalpressen-.png 1330w\" sizes=\"(max-width: 682px) 100vw, 682px\" \/><\/a><\/figure>\n\n\n\n<h2 class=\"wp-block-heading\">Artikel i Lokalpressen 250125<\/h2>\n\n\n\n<figure class=\"wp-block-image size-large\"><a href=\"https:\/\/e-tidning.lokalpressen.se\/p\/lerum\/2025-01-25\/a\/nyforetagarcentrum-hoppfulla-infor-framtiden\/2535\/1815831\/60193581\"><img loading=\"lazy\" decoding=\"async\" width=\"720\" height=\"1024\" src=\"https:\/\/nyforetagarcentrum.se\/lerum\/wp-content\/uploads\/sites\/28\/2025\/02\/250208-Artikel-lokalpressen-720x1024.png\" alt=\"\" class=\"wp-image-814\" srcset=\"https:\/\/nyforetagarcentrum.se\/lerum\/wp-content\/uploads\/sites\/28\/2025\/02\/250208-Artikel-lokalpressen-720x1024.png 720w, https:\/\/nyforetagarcentrum.se\/lerum\/wp-content\/uploads\/sites\/28\/2025\/02\/250208-Artikel-lokalpressen-211x300.png 211w, https:\/\/nyforetagarcentrum.se\/lerum\/wp-content\/uploads\/sites\/28\/2025\/02\/250208-Artikel-lokalpressen-768x1092.png 768w, https:\/\/nyforetagarcentrum.se\/lerum\/wp-content\/uploads\/sites\/28\/2025\/02\/250208-Artikel-lokalpressen-759x1080.png 759w, https:\/\/nyforetagarcentrum.se\/lerum\/wp-content\/uploads\/sites\/28\/2025\/02\/250208-Artikel-lokalpressen.png 800w\" sizes=\"(max-width: 720px) 100vw, 720px\" \/><\/a><\/figure>\n\n\n\n<p><\/p>\n","protected":false},"excerpt":{"rendered":"<p>I Fokus hos Nyf\u00f6retagarCentrum Lerum V\u00e4lkommen till &#8221;I Fokus&#8221; \u2013 din k\u00e4lla f\u00f6r inspirerande ber\u00e4ttelser och aktuella annonser inom Nyf\u00f6retagarCentrum Lerum. H\u00e4r samlar vi intervjuer, artiklar och reportage som belyser framg\u00e5ngarna hos v\u00e5ra entrepren\u00f6rer och deras resor mot att f\u00f6rverkliga sina aff\u00e4rsid\u00e9er. Uppt\u00e4ck hur lokala f\u00f6retagare har navigerat genom utmaningar och tagit steget mot framg\u00e5ng. [&hellip;]<\/p>\n","protected":false},"author":33,"featured_media":0,"parent":0,"menu_order":0,"comment_status":"closed","ping_status":"closed","template":"","meta":{"footnotes":""},"acf":[],"yoast_head":"<!-- This site is optimized with the Yoast SEO plugin v22.9 - https:\/\/yoast.com\/wordpress\/plugins\/seo\/ -->\n<title>I Fokus hos Nyf\u00f6retagarCentrum Lerum - Lerum<\/title>\n<meta name=\"robots\" content=\"index, follow, max-snippet:-1, max-image-preview:large, max-video-preview:-1\" \/>\n<link rel=\"canonical\" href=\"https:\/\/nyforetagarcentrum.se\/lerum\/i-fokus-hos-nyforetagarcentrum-lerum\/\" \/>\n<meta property=\"og:locale\" content=\"sv_SE\" \/>\n<meta property=\"og:type\" content=\"article\" \/>\n<meta property=\"og:title\" content=\"I Fokus hos Nyf\u00f6retagarCentrum Lerum - Lerum\" \/>\n<meta property=\"og:description\" content=\"I Fokus hos Nyf\u00f6retagarCentrum Lerum V\u00e4lkommen till &#8221;I Fokus&#8221; \u2013 din k\u00e4lla f\u00f6r inspirerande ber\u00e4ttelser och aktuella annonser inom Nyf\u00f6retagarCentrum Lerum. H\u00e4r samlar vi intervjuer, artiklar och reportage som belyser framg\u00e5ngarna hos v\u00e5ra entrepren\u00f6rer och deras resor mot att f\u00f6rverkliga sina aff\u00e4rsid\u00e9er. Uppt\u00e4ck hur lokala f\u00f6retagare har navigerat genom utmaningar och tagit steget mot framg\u00e5ng. [&hellip;]\" \/>\n<meta property=\"og:url\" content=\"https:\/\/nyforetagarcentrum.se\/lerum\/i-fokus-hos-nyforetagarcentrum-lerum\/\" \/>\n<meta property=\"og:site_name\" content=\"Lerum\" \/>\n<meta property=\"article:modified_time\" content=\"2025-02-23T12:15:00+00:00\" \/>\n<meta property=\"og:image\" content=\"https:\/\/nyforetagarcentrum.se\/lerum\/wp-content\/uploads\/sites\/28\/2025\/02\/250216Annons-Lokalpressen--682x1024.png\" \/>\n<meta name=\"twitter:card\" content=\"summary_large_image\" \/>\n<meta name=\"twitter:label1\" content=\"Ber\u00e4knad l\u00e4stid\" \/>\n\t<meta name=\"twitter:data1\" content=\"1 minut\" \/>\n<script type=\"application\/ld+json\" class=\"yoast-schema-graph\">{\"@context\":\"https:\/\/schema.org\",\"@graph\":[{\"@type\":\"WebPage\",\"@id\":\"https:\/\/nyforetagarcentrum.se\/lerum\/i-fokus-hos-nyforetagarcentrum-lerum\/\",\"url\":\"https:\/\/nyforetagarcentrum.se\/lerum\/i-fokus-hos-nyforetagarcentrum-lerum\/\",\"name\":\"I Fokus hos Nyf\u00f6retagarCentrum Lerum - Lerum\",\"isPartOf\":{\"@id\":\"https:\/\/nyforetagarcentrum.se\/lerum\/#website\"},\"primaryImageOfPage\":{\"@id\":\"https:\/\/nyforetagarcentrum.se\/lerum\/i-fokus-hos-nyforetagarcentrum-lerum\/#primaryimage\"},\"image\":{\"@id\":\"https:\/\/nyforetagarcentrum.se\/lerum\/i-fokus-hos-nyforetagarcentrum-lerum\/#primaryimage\"},\"thumbnailUrl\":\"https:\/\/nyforetagarcentrum.se\/lerum\/wp-content\/uploads\/sites\/28\/2025\/02\/250216Annons-Lokalpressen--682x1024.png\",\"datePublished\":\"2025-02-18T09:55:03+00:00\",\"dateModified\":\"2025-02-23T12:15:00+00:00\",\"breadcrumb\":{\"@id\":\"https:\/\/nyforetagarcentrum.se\/lerum\/i-fokus-hos-nyforetagarcentrum-lerum\/#breadcrumb\"},\"inLanguage\":\"sv-SE\",\"potentialAction\":[{\"@type\":\"ReadAction\",\"target\":[\"https:\/\/nyforetagarcentrum.se\/lerum\/i-fokus-hos-nyforetagarcentrum-lerum\/\"]}]},{\"@type\":\"ImageObject\",\"inLanguage\":\"sv-SE\",\"@id\":\"https:\/\/nyforetagarcentrum.se\/lerum\/i-fokus-hos-nyforetagarcentrum-lerum\/#primaryimage\",\"url\":\"https:\/\/nyforetagarcentrum.se\/lerum\/wp-content\/uploads\/sites\/28\/2025\/02\/250216Annons-Lokalpressen-.png\",\"contentUrl\":\"https:\/\/nyforetagarcentrum.se\/lerum\/wp-content\/uploads\/sites\/28\/2025\/02\/250216Annons-Lokalpressen-.png\",\"width\":1330,\"height\":1996},{\"@type\":\"BreadcrumbList\",\"@id\":\"https:\/\/nyforetagarcentrum.se\/lerum\/i-fokus-hos-nyforetagarcentrum-lerum\/#breadcrumb\",\"itemListElement\":[{\"@type\":\"ListItem\",\"position\":1,\"name\":\"Hem\",\"item\":\"https:\/\/nyforetagarcentrum.se\/lerum\/\"},{\"@type\":\"ListItem\",\"position\":2,\"name\":\"I Fokus hos Nyf\u00f6retagarCentrum Lerum\"}]},{\"@type\":\"WebSite\",\"@id\":\"https:\/\/nyforetagarcentrum.se\/lerum\/#website\",\"url\":\"https:\/\/nyforetagarcentrum.se\/lerum\/\",\"name\":\"Lerum\",\"description\":\"Sveriges ledande kraft f\u00f6r fler nya livskraftiga f\u00f6retag\",\"publisher\":{\"@id\":\"https:\/\/nyforetagarcentrum.se\/lerum\/#organization\"},\"potentialAction\":[{\"@type\":\"SearchAction\",\"target\":{\"@type\":\"EntryPoint\",\"urlTemplate\":\"https:\/\/nyforetagarcentrum.se\/lerum\/?s={search_term_string}\"},\"query-input\":\"required name=search_term_string\"}],\"inLanguage\":\"sv-SE\"},{\"@type\":\"Organization\",\"@id\":\"https:\/\/nyforetagarcentrum.se\/lerum\/#organization\",\"name\":\"Lerum\",\"url\":\"https:\/\/nyforetagarcentrum.se\/lerum\/\",\"logo\":{\"@type\":\"ImageObject\",\"inLanguage\":\"sv-SE\",\"@id\":\"https:\/\/nyforetagarcentrum.se\/lerum\/#\/schema\/logo\/image\/\",\"url\":\"https:\/\/nyforetagarcentrum.se\/lerum\/wp-content\/uploads\/sites\/28\/2026\/04\/lerum_vit.png\",\"contentUrl\":\"https:\/\/nyforetagarcentrum.se\/lerum\/wp-content\/uploads\/sites\/28\/2026\/04\/lerum_vit.png\",\"width\":870,\"height\":355,\"caption\":\"Lerum\"},\"image\":{\"@id\":\"https:\/\/nyforetagarcentrum.se\/lerum\/#\/schema\/logo\/image\/\"}}]}<\/script>\n<!-- \/ Yoast SEO plugin. -->","yoast_head_json":{"title":"I Fokus hos Nyf\u00f6retagarCentrum Lerum - Lerum","robots":{"index":"index","follow":"follow","max-snippet":"max-snippet:-1","max-image-preview":"max-image-preview:large","max-video-preview":"max-video-preview:-1"},"canonical":"https:\/\/nyforetagarcentrum.se\/lerum\/i-fokus-hos-nyforetagarcentrum-lerum\/","og_locale":"sv_SE","og_type":"article","og_title":"I Fokus hos Nyf\u00f6retagarCentrum Lerum - Lerum","og_description":"I Fokus hos Nyf\u00f6retagarCentrum Lerum V\u00e4lkommen till &#8221;I Fokus&#8221; \u2013 din k\u00e4lla f\u00f6r inspirerande ber\u00e4ttelser och aktuella annonser inom Nyf\u00f6retagarCentrum Lerum. H\u00e4r samlar vi intervjuer, artiklar och reportage som belyser framg\u00e5ngarna hos v\u00e5ra entrepren\u00f6rer och deras resor mot att f\u00f6rverkliga sina aff\u00e4rsid\u00e9er. Uppt\u00e4ck hur lokala f\u00f6retagare har navigerat genom utmaningar och tagit steget mot framg\u00e5ng. [&hellip;]","og_url":"https:\/\/nyforetagarcentrum.se\/lerum\/i-fokus-hos-nyforetagarcentrum-lerum\/","og_site_name":"Lerum","article_modified_time":"2025-02-23T12:15:00+00:00","og_image":[{"url":"https:\/\/nyforetagarcentrum.se\/lerum\/wp-content\/uploads\/sites\/28\/2025\/02\/250216Annons-Lokalpressen--682x1024.png"}],"twitter_card":"summary_large_image","twitter_misc":{"Ber\u00e4knad l\u00e4stid":"1 minut"},"schema":{"@context":"https:\/\/schema.org","@graph":[{"@type":"WebPage","@id":"https:\/\/nyforetagarcentrum.se\/lerum\/i-fokus-hos-nyforetagarcentrum-lerum\/","url":"https:\/\/nyforetagarcentrum.se\/lerum\/i-fokus-hos-nyforetagarcentrum-lerum\/","name":"I Fokus hos Nyf\u00f6retagarCentrum Lerum - Lerum","isPartOf":{"@id":"https:\/\/nyforetagarcentrum.se\/lerum\/#website"},"primaryImageOfPage":{"@id":"https:\/\/nyforetagarcentrum.se\/lerum\/i-fokus-hos-nyforetagarcentrum-lerum\/#primaryimage"},"image":{"@id":"https:\/\/nyforetagarcentrum.se\/lerum\/i-fokus-hos-nyforetagarcentrum-lerum\/#primaryimage"},"thumbnailUrl":"https:\/\/nyforetagarcentrum.se\/lerum\/wp-content\/uploads\/sites\/28\/2025\/02\/250216Annons-Lokalpressen--682x1024.png","datePublished":"2025-02-18T09:55:03+00:00","dateModified":"2025-02-23T12:15:00+00:00","breadcrumb":{"@id":"https:\/\/nyforetagarcentrum.se\/lerum\/i-fokus-hos-nyforetagarcentrum-lerum\/#breadcrumb"},"inLanguage":"sv-SE","potentialAction":[{"@type":"ReadAction","target":["https:\/\/nyforetagarcentrum.se\/lerum\/i-fokus-hos-nyforetagarcentrum-lerum\/"]}]},{"@type":"ImageObject","inLanguage":"sv-SE","@id":"https:\/\/nyforetagarcentrum.se\/lerum\/i-fokus-hos-nyforetagarcentrum-lerum\/#primaryimage","url":"https:\/\/nyforetagarcentrum.se\/lerum\/wp-content\/uploads\/sites\/28\/2025\/02\/250216Annons-Lokalpressen-.png","contentUrl":"https:\/\/nyforetagarcentrum.se\/lerum\/wp-content\/uploads\/sites\/28\/2025\/02\/250216Annons-Lokalpressen-.png","width":1330,"height":1996},{"@type":"BreadcrumbList","@id":"https:\/\/nyforetagarcentrum.se\/lerum\/i-fokus-hos-nyforetagarcentrum-lerum\/#breadcrumb","itemListElement":[{"@type":"ListItem","position":1,"name":"Hem","item":"https:\/\/nyforetagarcentrum.se\/lerum\/"},{"@type":"ListItem","position":2,"name":"I Fokus hos Nyf\u00f6retagarCentrum Lerum"}]},{"@type":"WebSite","@id":"https:\/\/nyforetagarcentrum.se\/lerum\/#website","url":"https:\/\/nyforetagarcentrum.se\/lerum\/","name":"Lerum","description":"Sveriges ledande kraft f\u00f6r fler nya livskraftiga f\u00f6retag","publisher":{"@id":"https:\/\/nyforetagarcentrum.se\/lerum\/#organization"},"potentialAction":[{"@type":"SearchAction","target":{"@type":"EntryPoint","urlTemplate":"https:\/\/nyforetagarcentrum.se\/lerum\/?s={search_term_string}"},"query-input":"required name=search_term_string"}],"inLanguage":"sv-SE"},{"@type":"Organization","@id":"https:\/\/nyforetagarcentrum.se\/lerum\/#organization","name":"Lerum","url":"https:\/\/nyforetagarcentrum.se\/lerum\/","logo":{"@type":"ImageObject","inLanguage":"sv-SE","@id":"https:\/\/nyforetagarcentrum.se\/lerum\/#\/schema\/logo\/image\/","url":"https:\/\/nyforetagarcentrum.se\/lerum\/wp-content\/uploads\/sites\/28\/2026\/04\/lerum_vit.png","contentUrl":"https:\/\/nyforetagarcentrum.se\/lerum\/wp-content\/uploads\/sites\/28\/2026\/04\/lerum_vit.png","width":870,"height":355,"caption":"Lerum"},"image":{"@id":"https:\/\/nyforetagarcentrum.se\/lerum\/#\/schema\/logo\/image\/"}}]}},"_links":{"self":[{"href":"https:\/\/nyforetagarcentrum.se\/lerum\/wp-json\/wp\/v2\/pages\/813"}],"collection":[{"href":"https:\/\/nyforetagarcentrum.se\/lerum\/wp-json\/wp\/v2\/pages"}],"about":[{"href":"https:\/\/nyforetagarcentrum.se\/lerum\/wp-json\/wp\/v2\/types\/page"}],"author":[{"embeddable":true,"href":"https:\/\/nyforetagarcentrum.se\/lerum\/wp-json\/wp\/v2\/users\/33"}],"replies":[{"embeddable":true,"href":"https:\/\/nyforetagarcentrum.se\/lerum\/wp-json\/wp\/v2\/comments?post=813"}],"version-history":[{"count":2,"href":"https:\/\/nyforetagarcentrum.se\/lerum\/wp-json\/wp\/v2\/pages\/813\/revisions"}],"predecessor-version":[{"id":820,"href":"https:\/\/nyforetagarcentrum.se\/lerum\/wp-json\/wp\/v2\/pages\/813\/revisions\/820"}],"wp:attachment":[{"href":"https:\/\/nyforetagarcentrum.se\/lerum\/wp-json\/wp\/v2\/media?parent=813"}],"curies":[{"name":"wp","href":"https:\/\/api.w.org\/{rel}","templated":true}]}}