{"id":239,"date":"2024-02-29T13:59:39","date_gmt":"2024-02-29T12:59:39","guid":{"rendered":"https:\/\/nyforetagarcentrum.se\/lerum\/?page_id=239"},"modified":"2024-06-04T13:06:20","modified_gmt":"2024-06-04T11:06:20","slug":"vara-radgivare","status":"publish","type":"page","link":"https:\/\/nyforetagarcentrum.se\/lerum\/vara-radgivare\/","title":{"rendered":"V\u00e5ra r\u00e5dgivare"},"content":{"rendered":"<section  class=\"nfc-block-hero alignfull\">\n\n    \n    <div class=\"contained\">\n        <h1 class=\"nfc-block-hero__heading\">V\u00e5ra r\u00e5dgivare<\/h1>\n\n            <\/div>\n<\/section>\n\n\n<div style=\"height:49px\" aria-hidden=\"true\" class=\"wp-block-spacer\"><\/div>\n\n\n<section  class=\"nfc-block-breadcrumbs\">\n    <div class=\"wrapper contained\">\n        <ol class=\"breadcrumbs\" itemscope itemtype=\"https:\/\/schema.org\/BreadcrumbList\">\n            <li itemprop=\"itemListElement\" itemscope itemtype=\"https:\/\/schema.org\/ListItem\">\n            \n\n                            <span class=\"current\" itemprop=\"name\">Hem<\/span>\n            \n            <meta itemprop=\"position\" content=\"1\" \/>\n        <\/li>\n    <\/ol>    <\/div>\n<\/section>\n\n\n<div style=\"height:100px\" aria-hidden=\"true\" class=\"wp-block-spacer\"><\/div>\n\n\n<section  class=\"nfc-block-person_grid alignwide layout-featured\">\n    <div class=\"contained\">\n        <div class=\"grid\">\n            <div class=\"person-featured-card\">\n    \n    <div class=\"featured_image\">\n                    <img loading=\"lazy\" decoding=\"async\" width=\"765\" height=\"1024\" src=\"https:\/\/nyforetagarcentrum.se\/lerum\/wp-content\/uploads\/sites\/28\/2024\/02\/andreas-radgivare-765x1024.jpg\" class=\"attachment-large size-large\" alt=\"ANDREAS Sk\u00f6ld Nyf\u00f6retagarCentrum Lerum\" srcset=\"https:\/\/nyforetagarcentrum.se\/lerum\/wp-content\/uploads\/sites\/28\/2024\/02\/andreas-radgivare-765x1024.jpg 765w, https:\/\/nyforetagarcentrum.se\/lerum\/wp-content\/uploads\/sites\/28\/2024\/02\/andreas-radgivare-224x300.jpg 224w, https:\/\/nyforetagarcentrum.se\/lerum\/wp-content\/uploads\/sites\/28\/2024\/02\/andreas-radgivare-768x1028.jpg 768w, https:\/\/nyforetagarcentrum.se\/lerum\/wp-content\/uploads\/sites\/28\/2024\/02\/andreas-radgivare-807x1080.jpg 807w, https:\/\/nyforetagarcentrum.se\/lerum\/wp-content\/uploads\/sites\/28\/2024\/02\/andreas-radgivare.jpg 848w\" sizes=\"(max-width: 765px) 100vw, 765px\" \/>            <\/div>\n\n    <div class=\"content-wrapper\">\n        <h3>Andreas Sk\u00f6ld<\/h3>\n\n                    <div class=\"tags\">\n                Inriktning:\n                                    <span class=\"tag small\">Aff\u00e4rsplan<\/span>\n                                    <span class=\"tag small\">F\u00f6rs\u00e4ljning<\/span>\n                                    <span class=\"tag small\">Marknad<\/span>\n                                    <span class=\"tag small\">verksamt.se<\/span>\n                            <\/div>\n        \n                    <div class=\"excerpt\">\n                Jag \u00e4r utbildad civilekonom med en Magister examen i Management av tillv\u00e4xtbolag fr\u00e5n Handels G\u00f6teborg. Jag \u00e4r \u00e4ven utbildad i Katalyserande Coachning av GA Akademin. <br \/>\r\nTillsammans med min fru  driver jag en f\u00f6retagsfastighet under namnet Lerums Fastigheter (www.lerumsfastigheter.se) i Stenkullen. Tidigare driver vi Moonrise of Sweden, d\u00e4r vi designar badshorts f\u00f6r kvinnor genom v\u00e5r egen webbshop (s\u00e5ldes h\u00f6sten 2025)Jag har arbetat med f\u00f6rs\u00e4ljning i \u00f6ver 15 \u00e5rs tid p\u00e5 en rad olika bolag och i en rad olika positioner. Brinner f\u00f6r ledarskapsutveckling, marknadsf\u00f6ring och kommunikation. Varf\u00f6r r\u00e5dgivare? Varje r\u00e5dgivning inneb\u00e4r nya personer och nya aff\u00e4rsid\u00e9er. Alltid lika sp\u00e4nnande att f\u00e5 vara en del men framf\u00f6rallt fantastiskt givande att f\u00e5 vara med och hj\u00e4lp till p\u00e5 v\u00e4gen mot f\u00f6rverkligade av n\u00e5gons dr\u00f6mma. Bokar man tid med mig kan man f\u00e5 r\u00e5dgivning p\u00e5 svenska &amp; engelska. R\u00e5dgivningen sker mesta dels via l\u00e4nk men fysiska m\u00f6ten \u00e4r ocks\u00e5 m\u00f6jligt. <br \/>\r\n<br \/>\r\n                <br\/>\n                            <\/div>\n        \n                    <a href=\"https:\/\/jobsdata-nyforetagarcentrum.se\/ExternBooking?OfficeId=dab86ad4-275b-eb11-90fb-005056854b61\" class=\"booking-button button outlined\">Boka r\u00e5dgivning<\/a>\n            <\/div>\n<\/div>        <\/div>\n    <\/div>\n<\/section>\n\n\n<div style=\"height:100px\" aria-hidden=\"true\" class=\"wp-block-spacer\"><\/div>\n","protected":false},"excerpt":{"rendered":"","protected":false},"author":1,"featured_media":0,"parent":0,"menu_order":0,"comment_status":"closed","ping_status":"closed","template":"","meta":{"footnotes":""},"acf":[],"yoast_head":"<!-- This site is optimized with the Yoast SEO plugin v22.9 - https:\/\/yoast.com\/wordpress\/plugins\/seo\/ -->\n<title>V\u00e5ra r\u00e5dgivare - Lerum<\/title>\n<meta name=\"robots\" content=\"index, follow, max-snippet:-1, max-image-preview:large, max-video-preview:-1\" \/>\n<link rel=\"canonical\" href=\"https:\/\/nyforetagarcentrum.se\/lerum\/vara-radgivare\/\" \/>\n<meta property=\"og:locale\" content=\"sv_SE\" \/>\n<meta property=\"og:type\" content=\"article\" \/>\n<meta property=\"og:title\" content=\"V\u00e5ra r\u00e5dgivare - Lerum\" \/>\n<meta property=\"og:url\" content=\"https:\/\/nyforetagarcentrum.se\/lerum\/vara-radgivare\/\" \/>\n<meta property=\"og:site_name\" content=\"Lerum\" \/>\n<meta property=\"article:modified_time\" content=\"2024-06-04T11:06:20+00:00\" \/>\n<meta name=\"twitter:card\" content=\"summary_large_image\" \/>\n<script type=\"application\/ld+json\" class=\"yoast-schema-graph\">{\"@context\":\"https:\/\/schema.org\",\"@graph\":[{\"@type\":\"WebPage\",\"@id\":\"https:\/\/nyforetagarcentrum.se\/lerum\/vara-radgivare\/\",\"url\":\"https:\/\/nyforetagarcentrum.se\/lerum\/vara-radgivare\/\",\"name\":\"V\u00e5ra r\u00e5dgivare - Lerum\",\"isPartOf\":{\"@id\":\"https:\/\/nyforetagarcentrum.se\/lerum\/#website\"},\"datePublished\":\"2024-02-29T12:59:39+00:00\",\"dateModified\":\"2024-06-04T11:06:20+00:00\",\"breadcrumb\":{\"@id\":\"https:\/\/nyforetagarcentrum.se\/lerum\/vara-radgivare\/#breadcrumb\"},\"inLanguage\":\"sv-SE\",\"potentialAction\":[{\"@type\":\"ReadAction\",\"target\":[\"https:\/\/nyforetagarcentrum.se\/lerum\/vara-radgivare\/\"]}]},{\"@type\":\"BreadcrumbList\",\"@id\":\"https:\/\/nyforetagarcentrum.se\/lerum\/vara-radgivare\/#breadcrumb\",\"itemListElement\":[{\"@type\":\"ListItem\",\"position\":1,\"name\":\"Hem\",\"item\":\"https:\/\/nyforetagarcentrum.se\/lerum\/\"},{\"@type\":\"ListItem\",\"position\":2,\"name\":\"V\u00e5ra r\u00e5dgivare\"}]},{\"@type\":\"WebSite\",\"@id\":\"https:\/\/nyforetagarcentrum.se\/lerum\/#website\",\"url\":\"https:\/\/nyforetagarcentrum.se\/lerum\/\",\"name\":\"Lerum\",\"description\":\"Sveriges ledande kraft f\u00f6r fler nya livskraftiga f\u00f6retag\",\"publisher\":{\"@id\":\"https:\/\/nyforetagarcentrum.se\/lerum\/#organization\"},\"potentialAction\":[{\"@type\":\"SearchAction\",\"target\":{\"@type\":\"EntryPoint\",\"urlTemplate\":\"https:\/\/nyforetagarcentrum.se\/lerum\/?s={search_term_string}\"},\"query-input\":\"required name=search_term_string\"}],\"inLanguage\":\"sv-SE\"},{\"@type\":\"Organization\",\"@id\":\"https:\/\/nyforetagarcentrum.se\/lerum\/#organization\",\"name\":\"Lerum\",\"url\":\"https:\/\/nyforetagarcentrum.se\/lerum\/\",\"logo\":{\"@type\":\"ImageObject\",\"inLanguage\":\"sv-SE\",\"@id\":\"https:\/\/nyforetagarcentrum.se\/lerum\/#\/schema\/logo\/image\/\",\"url\":\"https:\/\/nyforetagarcentrum.se\/lerum\/wp-content\/uploads\/sites\/28\/2026\/04\/lerum_vit.png\",\"contentUrl\":\"https:\/\/nyforetagarcentrum.se\/lerum\/wp-content\/uploads\/sites\/28\/2026\/04\/lerum_vit.png\",\"width\":870,\"height\":355,\"caption\":\"Lerum\"},\"image\":{\"@id\":\"https:\/\/nyforetagarcentrum.se\/lerum\/#\/schema\/logo\/image\/\"}}]}<\/script>\n<!-- \/ Yoast SEO plugin. -->","yoast_head_json":{"title":"V\u00e5ra r\u00e5dgivare - Lerum","robots":{"index":"index","follow":"follow","max-snippet":"max-snippet:-1","max-image-preview":"max-image-preview:large","max-video-preview":"max-video-preview:-1"},"canonical":"https:\/\/nyforetagarcentrum.se\/lerum\/vara-radgivare\/","og_locale":"sv_SE","og_type":"article","og_title":"V\u00e5ra r\u00e5dgivare - Lerum","og_url":"https:\/\/nyforetagarcentrum.se\/lerum\/vara-radgivare\/","og_site_name":"Lerum","article_modified_time":"2024-06-04T11:06:20+00:00","twitter_card":"summary_large_image","schema":{"@context":"https:\/\/schema.org","@graph":[{"@type":"WebPage","@id":"https:\/\/nyforetagarcentrum.se\/lerum\/vara-radgivare\/","url":"https:\/\/nyforetagarcentrum.se\/lerum\/vara-radgivare\/","name":"V\u00e5ra r\u00e5dgivare - Lerum","isPartOf":{"@id":"https:\/\/nyforetagarcentrum.se\/lerum\/#website"},"datePublished":"2024-02-29T12:59:39+00:00","dateModified":"2024-06-04T11:06:20+00:00","breadcrumb":{"@id":"https:\/\/nyforetagarcentrum.se\/lerum\/vara-radgivare\/#breadcrumb"},"inLanguage":"sv-SE","potentialAction":[{"@type":"ReadAction","target":["https:\/\/nyforetagarcentrum.se\/lerum\/vara-radgivare\/"]}]},{"@type":"BreadcrumbList","@id":"https:\/\/nyforetagarcentrum.se\/lerum\/vara-radgivare\/#breadcrumb","itemListElement":[{"@type":"ListItem","position":1,"name":"Hem","item":"https:\/\/nyforetagarcentrum.se\/lerum\/"},{"@type":"ListItem","position":2,"name":"V\u00e5ra r\u00e5dgivare"}]},{"@type":"WebSite","@id":"https:\/\/nyforetagarcentrum.se\/lerum\/#website","url":"https:\/\/nyforetagarcentrum.se\/lerum\/","name":"Lerum","description":"Sveriges ledande kraft f\u00f6r fler nya livskraftiga f\u00f6retag","publisher":{"@id":"https:\/\/nyforetagarcentrum.se\/lerum\/#organization"},"potentialAction":[{"@type":"SearchAction","target":{"@type":"EntryPoint","urlTemplate":"https:\/\/nyforetagarcentrum.se\/lerum\/?s={search_term_string}"},"query-input":"required name=search_term_string"}],"inLanguage":"sv-SE"},{"@type":"Organization","@id":"https:\/\/nyforetagarcentrum.se\/lerum\/#organization","name":"Lerum","url":"https:\/\/nyforetagarcentrum.se\/lerum\/","logo":{"@type":"ImageObject","inLanguage":"sv-SE","@id":"https:\/\/nyforetagarcentrum.se\/lerum\/#\/schema\/logo\/image\/","url":"https:\/\/nyforetagarcentrum.se\/lerum\/wp-content\/uploads\/sites\/28\/2026\/04\/lerum_vit.png","contentUrl":"https:\/\/nyforetagarcentrum.se\/lerum\/wp-content\/uploads\/sites\/28\/2026\/04\/lerum_vit.png","width":870,"height":355,"caption":"Lerum"},"image":{"@id":"https:\/\/nyforetagarcentrum.se\/lerum\/#\/schema\/logo\/image\/"}}]}},"_links":{"self":[{"href":"https:\/\/nyforetagarcentrum.se\/lerum\/wp-json\/wp\/v2\/pages\/239"}],"collection":[{"href":"https:\/\/nyforetagarcentrum.se\/lerum\/wp-json\/wp\/v2\/pages"}],"about":[{"href":"https:\/\/nyforetagarcentrum.se\/lerum\/wp-json\/wp\/v2\/types\/page"}],"author":[{"embeddable":true,"href":"https:\/\/nyforetagarcentrum.se\/lerum\/wp-json\/wp\/v2\/users\/1"}],"replies":[{"embeddable":true,"href":"https:\/\/nyforetagarcentrum.se\/lerum\/wp-json\/wp\/v2\/comments?post=239"}],"version-history":[{"count":5,"href":"https:\/\/nyforetagarcentrum.se\/lerum\/wp-json\/wp\/v2\/pages\/239\/revisions"}],"predecessor-version":[{"id":556,"href":"https:\/\/nyforetagarcentrum.se\/lerum\/wp-json\/wp\/v2\/pages\/239\/revisions\/556"}],"wp:attachment":[{"href":"https:\/\/nyforetagarcentrum.se\/lerum\/wp-json\/wp\/v2\/media?parent=239"}],"curies":[{"name":"wp","href":"https:\/\/api.w.org\/{rel}","templated":true}]}}