{"id":239,"date":"2024-02-29T13:59:39","date_gmt":"2024-02-29T12:59:39","guid":{"rendered":"https:\/\/nyforetagarcentrum.se\/vaxjo\/?page_id=239"},"modified":"2025-12-29T12:43:34","modified_gmt":"2025-12-29T11:43:34","slug":"vara-radgivare","status":"publish","type":"page","link":"https:\/\/nyforetagarcentrum.se\/kronoberg\/vara-radgivare\/","title":{"rendered":"V\u00e5ra r\u00e5dgivare"},"content":{"rendered":"<section  class=\"nfc-block-hero alignfull\">\n\n    \n    <div class=\"contained\">\n        <h1 class=\"nfc-block-hero__heading\">V\u00e5ra r\u00e5dgivare<\/h1>\n\n                    <div class=\"nfc-block-hero__buttons\">\n                                    <a href=\"\" class=\"button primary\">Klicka h\u00e4r<\/a>\n                            <\/div>\n            <\/div>\n<\/section>\n\n\n<div style=\"height:49px\" aria-hidden=\"true\" class=\"wp-block-spacer\"><\/div>\n\n\n<section  class=\"nfc-block-breadcrumbs alignwide\">\n    <div class=\"wrapper contained\">\n        <ol class=\"breadcrumbs\" itemscope itemtype=\"https:\/\/schema.org\/BreadcrumbList\">\n            <li itemprop=\"itemListElement\" itemscope itemtype=\"https:\/\/schema.org\/ListItem\">\n            \n\n                            <span class=\"current\" itemprop=\"name\">Hem<\/span>\n            \n            <meta itemprop=\"position\" content=\"1\" \/>\n        <\/li>\n    <\/ol>    <\/div>\n<\/section>\n\n\n<div class=\"wp-block-group alignfull is-layout-constrained wp-block-group-is-layout-constrained\">\n<div style=\"height:var(--wp--preset--spacing--80)\" aria-hidden=\"true\" class=\"wp-block-spacer\"><\/div>\n\n\n\n<p class=\"has-text-align-center\">V\u00e5ra r\u00e5dgivare \u00e4r samtliga sj\u00e4lva egna f\u00f6retagare, med erfarenhet av vad det inneb\u00e4r att b\u00f6rja fr\u00e5n b\u00f6rjan. De har ocks\u00e5 n\u00e4tverk i sina respektive hemorter, en lokal f\u00f6rankring och kan guida dig till n\u00e4ringslivskontakter som du kan ha stor nytta av i ditt blivande aff\u00e4rsliv.<\/p>\n\n\n\n<div style=\"height:21px\" aria-hidden=\"true\" class=\"wp-block-spacer\"><\/div>\n\n\n\n<div class=\"wp-block-buttons is-content-justification-center is-layout-flex wp-container-core-buttons-is-layout-1 wp-block-buttons-is-layout-flex\">\n<div class=\"wp-block-button is-style-outline\"><a class=\"wp-block-button__link wp-element-button\" href=\"https:\/\/jobsdata-nyforetagarcentrum.se\/ExternBooking?OfficeId=88075c8c-5b96-e811-80d7-0050568571f4&amp;_gl=1*z1gu06*_ga*MjM3MzkyMTUuMTcwODU0OTMxNg..*_ga_9RRJJK0Y4R*MTcxMzUxMTM1Ny4xMS4wLjE3MTM1MTEzNTcuNjAuMC4w\" target=\"_blank\" rel=\"noreferrer noopener\">Boka r\u00e5dgivning h\u00e4r<\/a><\/div>\n<\/div>\n\n\n\n<div style=\"height:var(--wp--preset--spacing--80)\" aria-hidden=\"true\" class=\"wp-block-spacer\"><\/div>\n<\/div>\n\n\n<section  class=\"nfc-block-person_grid alignwide layout-large\">\n    <div class=\"contained\">\n        <div class=\"grid\">\n            <div class=\"person-large-card\">\n    \n    <div class=\"featured_image\">\n                    <img loading=\"lazy\" decoding=\"async\" width=\"1024\" height=\"683\" src=\"https:\/\/nyforetagarcentrum.se\/kronoberg\/wp-content\/uploads\/sites\/90\/2025\/12\/085A1403-1024x683.webp\" class=\"attachment-large size-large\" alt=\"\" srcset=\"https:\/\/nyforetagarcentrum.se\/kronoberg\/wp-content\/uploads\/sites\/90\/2025\/12\/085A1403-1024x683.webp 1024w, https:\/\/nyforetagarcentrum.se\/kronoberg\/wp-content\/uploads\/sites\/90\/2025\/12\/085A1403-300x200.webp 300w, https:\/\/nyforetagarcentrum.se\/kronoberg\/wp-content\/uploads\/sites\/90\/2025\/12\/085A1403-768x512.webp 768w, https:\/\/nyforetagarcentrum.se\/kronoberg\/wp-content\/uploads\/sites\/90\/2025\/12\/085A1403-1536x1025.webp 1536w, https:\/\/nyforetagarcentrum.se\/kronoberg\/wp-content\/uploads\/sites\/90\/2025\/12\/085A1403-2048x1366.webp 2048w, https:\/\/nyforetagarcentrum.se\/kronoberg\/wp-content\/uploads\/sites\/90\/2025\/12\/085A1403-1619x1080.webp 1619w\" sizes=\"(max-width: 1024px) 100vw, 1024px\" \/>            <\/div>\n\n    <div class=\"content-wrapper\">\n        <h3>Anna Olsberg Tuneskog<\/h3>\n\n                    <div class=\"excerpt\">\n                R\u00e5dgivare (Ljungby, Tingsryd &amp; V\u00e4xj\u00f6)<br \/>\r\nAnsvarig Kvinnors f\u00f6retagande<br \/>\r\nAnsvarig mentorsprogrammet<br \/>\r\n            <\/div>\n        \n        <div class=\"links\">\n\n            \n                            <a href=\"mailto:anna.olsberg.tuneskog@nyforetagarcentrum.se\">\n                    anna.olsberg.tuneskog@nyforetagarcentrum.se                <\/a>\n                    <\/div>\n        \n    <\/div>\n<\/div><div class=\"person-large-card\">\n    \n    <div class=\"featured_image\">\n                    <img loading=\"lazy\" decoding=\"async\" width=\"683\" height=\"1024\" src=\"https:\/\/nyforetagarcentrum.se\/kronoberg\/wp-content\/uploads\/sites\/90\/2024\/07\/085A4765-683x1024.jpg\" class=\"attachment-large size-large\" alt=\"\" srcset=\"https:\/\/nyforetagarcentrum.se\/kronoberg\/wp-content\/uploads\/sites\/90\/2024\/07\/085A4765-683x1024.jpg 683w, https:\/\/nyforetagarcentrum.se\/kronoberg\/wp-content\/uploads\/sites\/90\/2024\/07\/085A4765-200x300.jpg 200w, https:\/\/nyforetagarcentrum.se\/kronoberg\/wp-content\/uploads\/sites\/90\/2024\/07\/085A4765-768x1151.jpg 768w, https:\/\/nyforetagarcentrum.se\/kronoberg\/wp-content\/uploads\/sites\/90\/2024\/07\/085A4765-1025x1536.jpg 1025w, https:\/\/nyforetagarcentrum.se\/kronoberg\/wp-content\/uploads\/sites\/90\/2024\/07\/085A4765-720x1080.jpg 720w\" sizes=\"(max-width: 683px) 100vw, 683px\" \/>            <\/div>\n\n    <div class=\"content-wrapper\">\n        <h3>Lars Andersson<\/h3>\n\n                    <div class=\"excerpt\">\n                R\u00e5dgivare<br \/>\r\nLessebo            <\/div>\n        \n        <div class=\"links\">\n\n            \n                            <a href=\"mailto:lars.i.andersson@nyforetagarcentrum.se\">\n                    lars.i.andersson@nyforetagarcentrum.se                <\/a>\n                    <\/div>\n        \n    <\/div>\n<\/div><div class=\"person-large-card\">\n    \n    <div class=\"featured_image\">\n                    <img loading=\"lazy\" decoding=\"async\" width=\"1024\" height=\"683\" src=\"https:\/\/nyforetagarcentrum.se\/kronoberg\/wp-content\/uploads\/sites\/90\/2024\/04\/Boka-tid-med-thomas.png\" class=\"attachment-large size-large\" alt=\"\" srcset=\"https:\/\/nyforetagarcentrum.se\/kronoberg\/wp-content\/uploads\/sites\/90\/2024\/04\/Boka-tid-med-thomas.png 1025w, https:\/\/nyforetagarcentrum.se\/kronoberg\/wp-content\/uploads\/sites\/90\/2024\/04\/Boka-tid-med-thomas-300x200.png 300w, https:\/\/nyforetagarcentrum.se\/kronoberg\/wp-content\/uploads\/sites\/90\/2024\/04\/Boka-tid-med-thomas-768x512.png 768w\" sizes=\"(max-width: 1024px) 100vw, 1024px\" \/>            <\/div>\n\n    <div class=\"content-wrapper\">\n        <h3>Thomas Wahlqvist<\/h3>\n\n                    <div class=\"excerpt\">\n                R\u00e5dgivare<br \/>\r\nFramtidsv\u00e4gen 12A,<br \/>\r\n351 96 V\u00e4xj\u00f6            <\/div>\n        \n        <div class=\"links\">\n\n            \n                            <a href=\"mailto:thomas.wahlquist@nyforetagarcentrum.se\">\n                    thomas.wahlquist@nyforetagarcentrum.se                <\/a>\n                    <\/div>\n        \n    <\/div>\n<\/div><div class=\"person-large-card\">\n    \n    <div class=\"featured_image\">\n                    <img loading=\"lazy\" decoding=\"async\" width=\"1024\" height=\"683\" src=\"https:\/\/nyforetagarcentrum.se\/kronoberg\/wp-content\/uploads\/sites\/90\/2024\/04\/Luljeta-Jetullahu-verksamhetsledare-och-Radgivare.png\" class=\"attachment-large size-large\" alt=\"\" srcset=\"https:\/\/nyforetagarcentrum.se\/kronoberg\/wp-content\/uploads\/sites\/90\/2024\/04\/Luljeta-Jetullahu-verksamhetsledare-och-Radgivare.png 1025w, https:\/\/nyforetagarcentrum.se\/kronoberg\/wp-content\/uploads\/sites\/90\/2024\/04\/Luljeta-Jetullahu-verksamhetsledare-och-Radgivare-300x200.png 300w, https:\/\/nyforetagarcentrum.se\/kronoberg\/wp-content\/uploads\/sites\/90\/2024\/04\/Luljeta-Jetullahu-verksamhetsledare-och-Radgivare-768x512.png 768w\" sizes=\"(max-width: 1024px) 100vw, 1024px\" \/>            <\/div>\n\n    <div class=\"content-wrapper\">\n        <h3>Luljeta Jetullahu<\/h3>\n\n                    <div class=\"excerpt\">\n                Verksamhetsansvarig och r\u00e5dgivare<br \/>\r\nFramtidsv\u00e4gen 12A,<br \/>\r\n351 96 V\u00e4xj\u00f6            <\/div>\n        \n        <div class=\"links\">\n\n                            <a href=\"tel:073-705 56 55\">\n                    073-705 56 55                <\/a>\n            \n                            <a href=\"mailto:luljeta.jetullahu@nyforetagarcentrum.se\">\n                    luljeta.jetullahu@nyforetagarcentrum.se                <\/a>\n                    <\/div>\n        \n    <\/div>\n<\/div>        <\/div>\n    <\/div>\n<\/section>\n\n\n<div style=\"height:100px\" aria-hidden=\"true\" class=\"wp-block-spacer\"><\/div>\n","protected":false},"excerpt":{"rendered":"<p>V\u00e5ra r\u00e5dgivare \u00e4r samtliga sj\u00e4lva egna f\u00f6retagare, med erfarenhet av vad det inneb\u00e4r att b\u00f6rja fr\u00e5n b\u00f6rjan. De har ocks\u00e5 n\u00e4tverk i sina respektive hemorter, en lokal f\u00f6rankring och kan guida dig till n\u00e4ringslivskontakter som du kan ha stor nytta av i ditt blivande aff\u00e4rsliv.<\/p>\n","protected":false},"author":1,"featured_media":2284,"parent":0,"menu_order":0,"comment_status":"closed","ping_status":"closed","template":"","meta":{"footnotes":""},"acf":[],"yoast_head":"<!-- This site is optimized with the Yoast SEO plugin v22.9 - https:\/\/yoast.com\/wordpress\/plugins\/seo\/ -->\n<title>V\u00e5ra r\u00e5dgivare | NFC V\u00e4xj\u00f6<\/title>\n<meta name=\"description\" content=\"F\u00e5 kostnadsfri och personlig r\u00e5dgivning fr\u00e5n experter som hj\u00e4lper dig att starta och utveckla ditt f\u00f6retag!\" \/>\n<meta name=\"robots\" content=\"index, follow, max-snippet:-1, max-image-preview:large, max-video-preview:-1\" \/>\n<link rel=\"canonical\" href=\"https:\/\/nyforetagarcentrum.se\/kronoberg\/vara-radgivare\/\" \/>\n<meta property=\"og:locale\" content=\"sv_SE\" \/>\n<meta property=\"og:type\" content=\"article\" \/>\n<meta property=\"og:title\" content=\"V\u00e5ra r\u00e5dgivare | NFC V\u00e4xj\u00f6\" \/>\n<meta property=\"og:description\" content=\"F\u00e5 kostnadsfri och personlig r\u00e5dgivning fr\u00e5n experter som hj\u00e4lper dig att starta och utveckla ditt f\u00f6retag!\" \/>\n<meta property=\"og:url\" content=\"https:\/\/nyforetagarcentrum.se\/kronoberg\/vara-radgivare\/\" \/>\n<meta property=\"og:site_name\" content=\"Kronoberg\" \/>\n<meta property=\"article:modified_time\" content=\"2025-12-29T11:43:34+00:00\" \/>\n<meta property=\"og:image\" content=\"https:\/\/nyforetagarcentrum.se\/kronoberg\/wp-content\/uploads\/sites\/90\/2024\/07\/Luljeta.jpg\" \/>\n\t<meta property=\"og:image:width\" content=\"1237\" \/>\n\t<meta property=\"og:image:height\" content=\"1440\" \/>\n\t<meta property=\"og:image:type\" content=\"image\/jpeg\" \/>\n<meta name=\"twitter:card\" content=\"summary_large_image\" \/>\n<meta name=\"twitter:label1\" content=\"Ber\u00e4knad l\u00e4stid\" \/>\n\t<meta name=\"twitter:data1\" content=\"1 minut\" \/>\n<script type=\"application\/ld+json\" class=\"yoast-schema-graph\">{\"@context\":\"https:\/\/schema.org\",\"@graph\":[{\"@type\":\"WebPage\",\"@id\":\"https:\/\/nyforetagarcentrum.se\/kronoberg\/vara-radgivare\/\",\"url\":\"https:\/\/nyforetagarcentrum.se\/kronoberg\/vara-radgivare\/\",\"name\":\"V\u00e5ra r\u00e5dgivare | NFC V\u00e4xj\u00f6\",\"isPartOf\":{\"@id\":\"https:\/\/nyforetagarcentrum.se\/kronoberg\/#website\"},\"primaryImageOfPage\":{\"@id\":\"https:\/\/nyforetagarcentrum.se\/kronoberg\/vara-radgivare\/#primaryimage\"},\"image\":{\"@id\":\"https:\/\/nyforetagarcentrum.se\/kronoberg\/vara-radgivare\/#primaryimage\"},\"thumbnailUrl\":\"https:\/\/nyforetagarcentrum.se\/kronoberg\/wp-content\/uploads\/sites\/90\/2024\/07\/Luljeta.jpg\",\"datePublished\":\"2024-02-29T12:59:39+00:00\",\"dateModified\":\"2025-12-29T11:43:34+00:00\",\"description\":\"F\u00e5 kostnadsfri och personlig r\u00e5dgivning fr\u00e5n experter som hj\u00e4lper dig att starta och utveckla ditt f\u00f6retag!\",\"breadcrumb\":{\"@id\":\"https:\/\/nyforetagarcentrum.se\/kronoberg\/vara-radgivare\/#breadcrumb\"},\"inLanguage\":\"sv-SE\",\"potentialAction\":[{\"@type\":\"ReadAction\",\"target\":[\"https:\/\/nyforetagarcentrum.se\/kronoberg\/vara-radgivare\/\"]}]},{\"@type\":\"ImageObject\",\"inLanguage\":\"sv-SE\",\"@id\":\"https:\/\/nyforetagarcentrum.se\/kronoberg\/vara-radgivare\/#primaryimage\",\"url\":\"https:\/\/nyforetagarcentrum.se\/kronoberg\/wp-content\/uploads\/sites\/90\/2024\/07\/Luljeta.jpg\",\"contentUrl\":\"https:\/\/nyforetagarcentrum.se\/kronoberg\/wp-content\/uploads\/sites\/90\/2024\/07\/Luljeta.jpg\",\"width\":1237,\"height\":1440},{\"@type\":\"BreadcrumbList\",\"@id\":\"https:\/\/nyforetagarcentrum.se\/kronoberg\/vara-radgivare\/#breadcrumb\",\"itemListElement\":[{\"@type\":\"ListItem\",\"position\":1,\"name\":\"Hem\",\"item\":\"https:\/\/nyforetagarcentrum.se\/kronoberg\/\"},{\"@type\":\"ListItem\",\"position\":2,\"name\":\"V\u00e5ra r\u00e5dgivare\"}]},{\"@type\":\"WebSite\",\"@id\":\"https:\/\/nyforetagarcentrum.se\/kronoberg\/#website\",\"url\":\"https:\/\/nyforetagarcentrum.se\/kronoberg\/\",\"name\":\"Kronoberg\",\"description\":\"Sveriges ledande kraft f\u00f6r fler nya livskraftiga f\u00f6retag\",\"publisher\":{\"@id\":\"https:\/\/nyforetagarcentrum.se\/kronoberg\/#organization\"},\"potentialAction\":[{\"@type\":\"SearchAction\",\"target\":{\"@type\":\"EntryPoint\",\"urlTemplate\":\"https:\/\/nyforetagarcentrum.se\/kronoberg\/?s={search_term_string}\"},\"query-input\":\"required name=search_term_string\"}],\"inLanguage\":\"sv-SE\"},{\"@type\":\"Organization\",\"@id\":\"https:\/\/nyforetagarcentrum.se\/kronoberg\/#organization\",\"name\":\"Kronoberg\",\"url\":\"https:\/\/nyforetagarcentrum.se\/kronoberg\/\",\"logo\":{\"@type\":\"ImageObject\",\"inLanguage\":\"sv-SE\",\"@id\":\"https:\/\/nyforetagarcentrum.se\/kronoberg\/#\/schema\/logo\/image\/\",\"url\":\"https:\/\/nyforetagarcentrum.se\/kronoberg\/wp-content\/uploads\/sites\/90\/2025\/01\/cropped-NFC-kronoberg-logo.png\",\"contentUrl\":\"https:\/\/nyforetagarcentrum.se\/kronoberg\/wp-content\/uploads\/sites\/90\/2025\/01\/cropped-NFC-kronoberg-logo.png\",\"width\":1078,\"height\":506,\"caption\":\"Kronoberg\"},\"image\":{\"@id\":\"https:\/\/nyforetagarcentrum.se\/kronoberg\/#\/schema\/logo\/image\/\"}}]}<\/script>\n<!-- \/ Yoast SEO plugin. -->","yoast_head_json":{"title":"V\u00e5ra r\u00e5dgivare | NFC V\u00e4xj\u00f6","description":"F\u00e5 kostnadsfri och personlig r\u00e5dgivning fr\u00e5n experter som hj\u00e4lper dig att starta och utveckla ditt f\u00f6retag!","robots":{"index":"index","follow":"follow","max-snippet":"max-snippet:-1","max-image-preview":"max-image-preview:large","max-video-preview":"max-video-preview:-1"},"canonical":"https:\/\/nyforetagarcentrum.se\/kronoberg\/vara-radgivare\/","og_locale":"sv_SE","og_type":"article","og_title":"V\u00e5ra r\u00e5dgivare | NFC V\u00e4xj\u00f6","og_description":"F\u00e5 kostnadsfri och personlig r\u00e5dgivning fr\u00e5n experter som hj\u00e4lper dig att starta och utveckla ditt f\u00f6retag!","og_url":"https:\/\/nyforetagarcentrum.se\/kronoberg\/vara-radgivare\/","og_site_name":"Kronoberg","article_modified_time":"2025-12-29T11:43:34+00:00","og_image":[{"width":1237,"height":1440,"url":"https:\/\/nyforetagarcentrum.se\/kronoberg\/wp-content\/uploads\/sites\/90\/2024\/07\/Luljeta.jpg","type":"image\/jpeg"}],"twitter_card":"summary_large_image","twitter_misc":{"Ber\u00e4knad l\u00e4stid":"1 minut"},"schema":{"@context":"https:\/\/schema.org","@graph":[{"@type":"WebPage","@id":"https:\/\/nyforetagarcentrum.se\/kronoberg\/vara-radgivare\/","url":"https:\/\/nyforetagarcentrum.se\/kronoberg\/vara-radgivare\/","name":"V\u00e5ra r\u00e5dgivare | NFC V\u00e4xj\u00f6","isPartOf":{"@id":"https:\/\/nyforetagarcentrum.se\/kronoberg\/#website"},"primaryImageOfPage":{"@id":"https:\/\/nyforetagarcentrum.se\/kronoberg\/vara-radgivare\/#primaryimage"},"image":{"@id":"https:\/\/nyforetagarcentrum.se\/kronoberg\/vara-radgivare\/#primaryimage"},"thumbnailUrl":"https:\/\/nyforetagarcentrum.se\/kronoberg\/wp-content\/uploads\/sites\/90\/2024\/07\/Luljeta.jpg","datePublished":"2024-02-29T12:59:39+00:00","dateModified":"2025-12-29T11:43:34+00:00","description":"F\u00e5 kostnadsfri och personlig r\u00e5dgivning fr\u00e5n experter som hj\u00e4lper dig att starta och utveckla ditt f\u00f6retag!","breadcrumb":{"@id":"https:\/\/nyforetagarcentrum.se\/kronoberg\/vara-radgivare\/#breadcrumb"},"inLanguage":"sv-SE","potentialAction":[{"@type":"ReadAction","target":["https:\/\/nyforetagarcentrum.se\/kronoberg\/vara-radgivare\/"]}]},{"@type":"ImageObject","inLanguage":"sv-SE","@id":"https:\/\/nyforetagarcentrum.se\/kronoberg\/vara-radgivare\/#primaryimage","url":"https:\/\/nyforetagarcentrum.se\/kronoberg\/wp-content\/uploads\/sites\/90\/2024\/07\/Luljeta.jpg","contentUrl":"https:\/\/nyforetagarcentrum.se\/kronoberg\/wp-content\/uploads\/sites\/90\/2024\/07\/Luljeta.jpg","width":1237,"height":1440},{"@type":"BreadcrumbList","@id":"https:\/\/nyforetagarcentrum.se\/kronoberg\/vara-radgivare\/#breadcrumb","itemListElement":[{"@type":"ListItem","position":1,"name":"Hem","item":"https:\/\/nyforetagarcentrum.se\/kronoberg\/"},{"@type":"ListItem","position":2,"name":"V\u00e5ra r\u00e5dgivare"}]},{"@type":"WebSite","@id":"https:\/\/nyforetagarcentrum.se\/kronoberg\/#website","url":"https:\/\/nyforetagarcentrum.se\/kronoberg\/","name":"Kronoberg","description":"Sveriges ledande kraft f\u00f6r fler nya livskraftiga f\u00f6retag","publisher":{"@id":"https:\/\/nyforetagarcentrum.se\/kronoberg\/#organization"},"potentialAction":[{"@type":"SearchAction","target":{"@type":"EntryPoint","urlTemplate":"https:\/\/nyforetagarcentrum.se\/kronoberg\/?s={search_term_string}"},"query-input":"required name=search_term_string"}],"inLanguage":"sv-SE"},{"@type":"Organization","@id":"https:\/\/nyforetagarcentrum.se\/kronoberg\/#organization","name":"Kronoberg","url":"https:\/\/nyforetagarcentrum.se\/kronoberg\/","logo":{"@type":"ImageObject","inLanguage":"sv-SE","@id":"https:\/\/nyforetagarcentrum.se\/kronoberg\/#\/schema\/logo\/image\/","url":"https:\/\/nyforetagarcentrum.se\/kronoberg\/wp-content\/uploads\/sites\/90\/2025\/01\/cropped-NFC-kronoberg-logo.png","contentUrl":"https:\/\/nyforetagarcentrum.se\/kronoberg\/wp-content\/uploads\/sites\/90\/2025\/01\/cropped-NFC-kronoberg-logo.png","width":1078,"height":506,"caption":"Kronoberg"},"image":{"@id":"https:\/\/nyforetagarcentrum.se\/kronoberg\/#\/schema\/logo\/image\/"}}]}},"_links":{"self":[{"href":"https:\/\/nyforetagarcentrum.se\/kronoberg\/wp-json\/wp\/v2\/pages\/239"}],"collection":[{"href":"https:\/\/nyforetagarcentrum.se\/kronoberg\/wp-json\/wp\/v2\/pages"}],"about":[{"href":"https:\/\/nyforetagarcentrum.se\/kronoberg\/wp-json\/wp\/v2\/types\/page"}],"author":[{"embeddable":true,"href":"https:\/\/nyforetagarcentrum.se\/kronoberg\/wp-json\/wp\/v2\/users\/1"}],"replies":[{"embeddable":true,"href":"https:\/\/nyforetagarcentrum.se\/kronoberg\/wp-json\/wp\/v2\/comments?post=239"}],"version-history":[{"count":74,"href":"https:\/\/nyforetagarcentrum.se\/kronoberg\/wp-json\/wp\/v2\/pages\/239\/revisions"}],"predecessor-version":[{"id":3537,"href":"https:\/\/nyforetagarcentrum.se\/kronoberg\/wp-json\/wp\/v2\/pages\/239\/revisions\/3537"}],"wp:featuredmedia":[{"embeddable":true,"href":"https:\/\/nyforetagarcentrum.se\/kronoberg\/wp-json\/wp\/v2\/media\/2284"}],"wp:attachment":[{"href":"https:\/\/nyforetagarcentrum.se\/kronoberg\/wp-json\/wp\/v2\/media?parent=239"}],"curies":[{"name":"wp","href":"https:\/\/api.w.org\/{rel}","templated":true}]}}