{"id":161,"date":"2024-02-27T16:04:37","date_gmt":"2024-02-27T15:04:37","guid":{"rendered":"https:\/\/nyforetagarcentrum.se\/vaxjo\/?page_id=161"},"modified":"2025-04-30T13:41:00","modified_gmt":"2025-04-30T11:41:00","slug":"om-oss","status":"publish","type":"page","link":"https:\/\/nyforetagarcentrum.se\/kronoberg\/om-oss\/","title":{"rendered":"Om oss"},"content":{"rendered":"<section  class=\"nfc-block-hero alignfull\">\n\n    <img loading=\"lazy\" decoding=\"async\" width=\"1619\" height=\"1080\" src=\"https:\/\/nyforetagarcentrum.se\/kronoberg\/wp-content\/uploads\/sites\/90\/2025\/04\/Luljeta-och-thomas-fikar-1619x1080.jpg\" class=\"attachment-landscape size-landscape\" alt=\"Thomas Wahlqvist och Luljeta Jetullahu\" srcset=\"https:\/\/nyforetagarcentrum.se\/kronoberg\/wp-content\/uploads\/sites\/90\/2025\/04\/Luljeta-och-thomas-fikar-1619x1080.jpg 1619w, https:\/\/nyforetagarcentrum.se\/kronoberg\/wp-content\/uploads\/sites\/90\/2025\/04\/Luljeta-och-thomas-fikar-300x200.jpg 300w, https:\/\/nyforetagarcentrum.se\/kronoberg\/wp-content\/uploads\/sites\/90\/2025\/04\/Luljeta-och-thomas-fikar-1024x683.jpg 1024w, https:\/\/nyforetagarcentrum.se\/kronoberg\/wp-content\/uploads\/sites\/90\/2025\/04\/Luljeta-och-thomas-fikar-768x512.jpg 768w, https:\/\/nyforetagarcentrum.se\/kronoberg\/wp-content\/uploads\/sites\/90\/2025\/04\/Luljeta-och-thomas-fikar-1536x1025.jpg 1536w, https:\/\/nyforetagarcentrum.se\/kronoberg\/wp-content\/uploads\/sites\/90\/2025\/04\/Luljeta-och-thomas-fikar.jpg 2048w\" sizes=\"(max-width: 1619px) 100vw, 1619px\" \/>\n    <div class=\"contained\">\n        <h1 class=\"nfc-block-hero__heading\">Om oss<\/h1>\n\n            <\/div>\n<\/section>\n\n\n<div style=\"height:50px\" aria-hidden=\"true\" class=\"wp-block-spacer\"><\/div>\n\n\n<section  class=\"nfc-block-breadcrumbs alignwide\">\n    <div class=\"wrapper contained\">\n        <ol class=\"breadcrumbs\" itemscope itemtype=\"https:\/\/schema.org\/BreadcrumbList\">\n            <li itemprop=\"itemListElement\" itemscope itemtype=\"https:\/\/schema.org\/ListItem\">\n            \n\n                            <span class=\"current\" itemprop=\"name\">Hem<\/span>\n            \n            <meta itemprop=\"position\" content=\"1\" \/>\n        <\/li>\n    <\/ol>    <\/div>\n<\/section>\n\n\n<div style=\"height:51px\" aria-hidden=\"true\" class=\"wp-block-spacer\"><\/div>\n\n\n<section  class=\"nfc-block-split_screen alignwide image_alignment-right no_gap\">\n    <div class=\"wrapper\">\n        <div class=\"nfc-block-split_screen__image-wrapper\">\n            <img loading=\"lazy\" decoding=\"async\" width=\"1080\" height=\"1080\" src=\"https:\/\/nyforetagarcentrum.se\/kronoberg\/wp-content\/uploads\/sites\/90\/2025\/04\/Fler-ger-mer-textmarke-1080x1080.jpg\" class=\"attachment-landscape size-landscape\" alt=\"Fler ger mer textm\u00e4rke\" srcset=\"https:\/\/nyforetagarcentrum.se\/kronoberg\/wp-content\/uploads\/sites\/90\/2025\/04\/Fler-ger-mer-textmarke-1080x1080.jpg 1080w, https:\/\/nyforetagarcentrum.se\/kronoberg\/wp-content\/uploads\/sites\/90\/2025\/04\/Fler-ger-mer-textmarke-300x300.jpg 300w, https:\/\/nyforetagarcentrum.se\/kronoberg\/wp-content\/uploads\/sites\/90\/2025\/04\/Fler-ger-mer-textmarke-1024x1024.jpg 1024w, https:\/\/nyforetagarcentrum.se\/kronoberg\/wp-content\/uploads\/sites\/90\/2025\/04\/Fler-ger-mer-textmarke-150x150.jpg 150w, https:\/\/nyforetagarcentrum.se\/kronoberg\/wp-content\/uploads\/sites\/90\/2025\/04\/Fler-ger-mer-textmarke-768x768.jpg 768w, https:\/\/nyforetagarcentrum.se\/kronoberg\/wp-content\/uploads\/sites\/90\/2025\/04\/Fler-ger-mer-textmarke.jpg 1500w\" sizes=\"(max-width: 1080px) 100vw, 1080px\" \/>        <\/div>\n\n        <div class=\"nfc-block-split_screen__content-wrapper\">\n            <h2>Vi hj\u00e4lper dig att lyckas!<\/h2>\n<p class=\"p1\">N\u00e4r dina dr\u00f6mmar och id\u00e9er ska bli verklighet finns Nyf\u00f6retagarCentrum d\u00e4r f\u00f6r att st\u00f6tta och vara bollplank. V\u00e5ra r\u00e5dgivare med all sin erfarenhet och kunskap och v\u00e5ra partners \u00e4r k\u00e4rnan i v\u00e5r verksamhet. Tillsammans bygger vi f\u00f6retag som \u00e4r livskraftiga och h\u00e5llbara \u00f6ver tid.<\/p>\n<p class=\"p1\">Fler f\u00f6retag som g\u00e5r bra inneb\u00e4r fler nya jobb i v\u00e5r region. N\u00e4r fler delar av Sverige utvecklas och blomstrar \u2013 ja, d\u00e5 m\u00e5r hela landet bra. Tillsammans med v\u00e5ra partners st\u00f6ttar vi ditt f\u00f6retag med r\u00e5dgivning. Ju fler vi \u00e4r, desto fler v\u00e4lm\u00e5ende verksamheter kan vi vara med och skapa.<\/p>\n\n                            <div class=\"nfc-block-split_screen__buttons\">\n                                            <a href=\"https:\/\/jobsdata-nyforetagarcentrum.se\/ExternBooking?OfficeId=88075c8c-5b96-e811-80d7-0050568571f4&amp;_gl=1*1etcd3r*_ga*MjM3MzkyMTUuMTcwODU0OTMxNg..*_ga_9RRJJK0Y4R*MTcxMzQ0NTc4NC45LjEuMTcxMzQ0NjA3MC40NS4wLjA.\" class=\"button primary\">Boka r\u00e5dgvining<\/a>\n                                    <\/div>\n            \n        <\/div>\n    <\/div>\n<\/section>\n\n\n<div style=\"height:50px\" aria-hidden=\"true\" class=\"wp-block-spacer\"><\/div>\n\n\n<section  class=\"nfc-block-split_screen alignwide image_alignment-left mobile_full_width no_gap theme-dark\">\n    <div class=\"wrapper\">\n        <div class=\"nfc-block-split_screen__image-wrapper\">\n            <img loading=\"lazy\" decoding=\"async\" width=\"1080\" height=\"1080\" src=\"https:\/\/nyforetagarcentrum.se\/kronoberg\/wp-content\/uploads\/sites\/90\/2025\/04\/luljeta-samtal-1080x1080.jpg\" class=\"attachment-landscape size-landscape\" alt=\"Luljeta Jetullahu, verksamhetsansvarig och r\u00e5dgivare Nyf\u00f6retagarCentrum Kronoberg\" srcset=\"https:\/\/nyforetagarcentrum.se\/kronoberg\/wp-content\/uploads\/sites\/90\/2025\/04\/luljeta-samtal-1080x1080.jpg 1080w, https:\/\/nyforetagarcentrum.se\/kronoberg\/wp-content\/uploads\/sites\/90\/2025\/04\/luljeta-samtal-300x300.jpg 300w, https:\/\/nyforetagarcentrum.se\/kronoberg\/wp-content\/uploads\/sites\/90\/2025\/04\/luljeta-samtal-1024x1024.jpg 1024w, https:\/\/nyforetagarcentrum.se\/kronoberg\/wp-content\/uploads\/sites\/90\/2025\/04\/luljeta-samtal-150x150.jpg 150w, https:\/\/nyforetagarcentrum.se\/kronoberg\/wp-content\/uploads\/sites\/90\/2025\/04\/luljeta-samtal-768x768.jpg 768w, https:\/\/nyforetagarcentrum.se\/kronoberg\/wp-content\/uploads\/sites\/90\/2025\/04\/luljeta-samtal.jpg 1500w\" sizes=\"(max-width: 1080px) 100vw, 1080px\" \/>        <\/div>\n\n        <div class=\"nfc-block-split_screen__content-wrapper\">\n            <h2 class=\"p1\"><b>S\u00e5 jobbar vi<\/b><\/h2>\n<p class=\"p1\">N\u00e4r dina dr\u00f6mmar och id\u00e9er ska bli verklighet finns Nyf\u00f6retagarCentrum d\u00e4r f\u00f6r att st\u00f6tta och vara bollplank. V\u00e5ra r\u00e5dgivare med all sin erfarenhet och kunskap och v\u00e5ra partners \u00e4r k\u00e4rnan i v\u00e5r verksamhet. Tillsammans bygger vi f\u00f6retag som \u00e4r livskraftiga och h\u00e5llbara \u00f6ver tid.<\/p>\n<p class=\"p1\">Fler f\u00f6retag som g\u00e5r bra inneb\u00e4r fler nya jobb i v\u00e5r region. N\u00e4r fler delar av Sverige utvecklas och blomstrar \u2013 ja, d\u00e5 m\u00e5r hela landet bra. Tillsammans med v\u00e5ra partners st\u00f6ttar vi ditt f\u00f6retag med r\u00e5dgivning. Ju fler vi \u00e4r, desto fler v\u00e4lm\u00e5ende verksamheter kan vi vara med och skapa.<\/p>\n\n            \n        <\/div>\n    <\/div>\n<\/section>\n\n\n<h2 class=\"wp-block-heading has-text-align-center\">\u00c4r ditt f\u00f6retag eller organisation intresserad av att st\u00f6dja Nyf\u00f6retagarCentrum V\u00e4xj\u00f6s arbete?<\/h2>\n\n\n\n<div class=\"wp-block-group alignfull is-layout-constrained wp-block-group-is-layout-constrained\"><section  class=\"nfc-block-form aligncontent layout-small\">\n    <div class=\"contained\">\n\n        <form data-nfc-form=\"block_825cec98d8dd48cc6f732736cc918a11\" data-nfc-page=\"161\">\n            <label class=\"input-wrapper required\" for=\"namn\">\n    <span>Namn<\/span>\n    <input type=\"text\" name=\"namn\" id=\"namn\" placeholder=\"\" required>\n<\/label><label class=\"input-wrapper required\" for=\"foretag-eller-organisation\">\n    <span>F\u00f6retag eller organisation<\/span>\n    <input type=\"text\" name=\"foretag-eller-organisation\" id=\"foretag-eller-organisation\" placeholder=\"\" required>\n<\/label><label class=\"input-wrapper required\" for=\"e-post\">\n    <span>E-post<\/span>\n    <input type=\"text\" name=\"e-post\" id=\"e-post\" placeholder=\"\" required>\n<\/label>\n            <div class=\"input-wrapper\">\n                <button type=\"submit\" class=\"button\">Skicka<\/button>\n            <\/div>\n        <\/form>\n    <\/div>\n<\/section><\/div>\n\n\n\n<div style=\"height:100px\" aria-hidden=\"true\" class=\"wp-block-spacer\"><\/div>\n\n\n\n<div class=\"wp-block-group alignfull has-white-background-color has-background is-layout-constrained wp-block-group-is-layout-constrained\">\n<div style=\"height:51px\" aria-hidden=\"true\" class=\"wp-block-spacer\"><\/div>\n\n\n<section  class=\"nfc-block-quote contained alignfull\">\n    <div class=\"wrapper contained\">\n        <p class=\"quote h2\">De senaste tre \u00e5ren har vi som unik f\u00f6retagsfr\u00e4mjande organisation i Kronoberg rustat\r\nnyf\u00f6retagare genom v\u00e5ra utbildningsinsatser<\/p>\n        <div class=\"author\">\n            <div class=\"avatar\">\n                            <\/div>\n            <div class=\"text\">\n                <p class=\"name\"><\/p>\n                <p class=\"subtitle\"><\/p>\n            <\/div>\n        <\/div>\n    <\/div>\n<\/section>\n\n\n<div style=\"height:51px\" aria-hidden=\"true\" class=\"wp-block-spacer\"><\/div>\n\n\n\n<div class=\"wp-block-columns alignwide is-layout-flex wp-container-core-columns-is-layout-1 wp-block-columns-is-layout-flex\">\n<div class=\"wp-block-column is-layout-flow wp-block-column-is-layout-flow\">\n<p class=\"no-margin\" style=\"font-size:100px;font-style:normal;font-weight:700\">62%<\/p>\n\n\n\n<p>Av de f\u00f6retag som startar UTAN v\u00e5r r\u00e5dgivning \u00f6verlever efter tre \u00e5r. <\/p>\n<\/div>\n\n\n\n<div class=\"wp-block-column is-layout-flow wp-block-column-is-layout-flow\">\n<p class=\"no-margin\" style=\"font-size:100px;font-style:normal;font-weight:700\">84%<\/p>\n\n\n\n<p class=\"has-text-color has-link-color wp-elements-7a10163c9a661e2f1c715842dff9ae8a\" style=\"color:#4d4d4d\">F\u00e5r f\u00f6retag r\u00e5dgivning av oss \u00f6kar chansen att \u00f6verleva efter tre \u00e5r till hela 84 %. <\/p>\n<\/div>\n\n\n\n<div class=\"wp-block-column is-layout-flow wp-block-column-is-layout-flow\">\n<p class=\"no-margin\" style=\"font-size:100px;font-style:normal;font-weight:700\">87%<\/p>\n\n\n\n<p class=\"has-text-color has-link-color wp-elements-2bea60c0b2358a882f09aac1d17a7599\" style=\"color:#4d4d4d\">G\u00e5r de dessutom mentorsprogrammet \u00f6kar chansen upp till 87%.<\/p>\n<\/div>\n<\/div>\n\n\n\n<div style=\"height:51px\" aria-hidden=\"true\" class=\"wp-block-spacer\"><\/div>\n\n\n\n<div style=\"height:51px\" aria-hidden=\"true\" class=\"wp-block-spacer\"><\/div>\n<\/div>\n","protected":false},"excerpt":{"rendered":"<p>\u00c4r ditt f\u00f6retag eller organisation intresserad av att st\u00f6dja Nyf\u00f6retagarCentrum V\u00e4xj\u00f6s arbete? 62% Av de f\u00f6retag som startar UTAN v\u00e5r r\u00e5dgivning \u00f6verlever efter tre \u00e5r. 84% F\u00e5r f\u00f6retag r\u00e5dgivning av oss \u00f6kar chansen att \u00f6verleva efter tre \u00e5r till hela 84 %. 87% G\u00e5r de dessutom mentorsprogrammet \u00f6kar chansen upp till 87%.<\/p>\n","protected":false},"author":1,"featured_media":0,"parent":0,"menu_order":0,"comment_status":"closed","ping_status":"closed","template":"","meta":{"footnotes":""},"acf":[],"yoast_head":"<!-- This site is optimized with the Yoast SEO plugin v22.9 - https:\/\/yoast.com\/wordpress\/plugins\/seo\/ -->\n<title>Om oss - Kronoberg<\/title>\n<meta name=\"description\" content=\"L\u00e4s om hur Nyf\u00f6retagarCentrum V\u00e4xj\u00f6 arbetar f\u00f6r att fr\u00e4mja f\u00f6retagande genom st\u00f6d, r\u00e5dgivning och utbildning.\" \/>\n<meta name=\"robots\" content=\"index, follow, max-snippet:-1, max-image-preview:large, max-video-preview:-1\" \/>\n<link rel=\"canonical\" href=\"https:\/\/nyforetagarcentrum.se\/kronoberg\/om-oss\/\" \/>\n<meta property=\"og:locale\" content=\"sv_SE\" \/>\n<meta property=\"og:type\" content=\"article\" \/>\n<meta property=\"og:title\" content=\"Om oss - Kronoberg\" \/>\n<meta property=\"og:description\" content=\"L\u00e4s om hur Nyf\u00f6retagarCentrum V\u00e4xj\u00f6 arbetar f\u00f6r att fr\u00e4mja f\u00f6retagande genom st\u00f6d, r\u00e5dgivning och utbildning.\" \/>\n<meta property=\"og:url\" content=\"https:\/\/nyforetagarcentrum.se\/kronoberg\/om-oss\/\" \/>\n<meta property=\"og:site_name\" content=\"Kronoberg\" \/>\n<meta property=\"article:modified_time\" content=\"2025-04-30T11:41:00+00:00\" \/>\n<meta name=\"twitter:card\" content=\"summary_large_image\" \/>\n<meta name=\"twitter:label1\" content=\"Ber\u00e4knad l\u00e4stid\" \/>\n\t<meta name=\"twitter:data1\" content=\"1 minut\" \/>\n<script type=\"application\/ld+json\" class=\"yoast-schema-graph\">{\"@context\":\"https:\/\/schema.org\",\"@graph\":[{\"@type\":\"WebPage\",\"@id\":\"https:\/\/nyforetagarcentrum.se\/kronoberg\/om-oss\/\",\"url\":\"https:\/\/nyforetagarcentrum.se\/kronoberg\/om-oss\/\",\"name\":\"Om oss - Kronoberg\",\"isPartOf\":{\"@id\":\"https:\/\/nyforetagarcentrum.se\/kronoberg\/#website\"},\"datePublished\":\"2024-02-27T15:04:37+00:00\",\"dateModified\":\"2025-04-30T11:41:00+00:00\",\"description\":\"L\u00e4s om hur Nyf\u00f6retagarCentrum V\u00e4xj\u00f6 arbetar f\u00f6r att fr\u00e4mja f\u00f6retagande genom st\u00f6d, r\u00e5dgivning och utbildning.\",\"breadcrumb\":{\"@id\":\"https:\/\/nyforetagarcentrum.se\/kronoberg\/om-oss\/#breadcrumb\"},\"inLanguage\":\"sv-SE\",\"potentialAction\":[{\"@type\":\"ReadAction\",\"target\":[\"https:\/\/nyforetagarcentrum.se\/kronoberg\/om-oss\/\"]}]},{\"@type\":\"BreadcrumbList\",\"@id\":\"https:\/\/nyforetagarcentrum.se\/kronoberg\/om-oss\/#breadcrumb\",\"itemListElement\":[{\"@type\":\"ListItem\",\"position\":1,\"name\":\"Hem\",\"item\":\"https:\/\/nyforetagarcentrum.se\/kronoberg\/\"},{\"@type\":\"ListItem\",\"position\":2,\"name\":\"Om oss\"}]},{\"@type\":\"WebSite\",\"@id\":\"https:\/\/nyforetagarcentrum.se\/kronoberg\/#website\",\"url\":\"https:\/\/nyforetagarcentrum.se\/kronoberg\/\",\"name\":\"Kronoberg\",\"description\":\"Sveriges ledande kraft f\u00f6r fler nya livskraftiga f\u00f6retag\",\"publisher\":{\"@id\":\"https:\/\/nyforetagarcentrum.se\/kronoberg\/#organization\"},\"potentialAction\":[{\"@type\":\"SearchAction\",\"target\":{\"@type\":\"EntryPoint\",\"urlTemplate\":\"https:\/\/nyforetagarcentrum.se\/kronoberg\/?s={search_term_string}\"},\"query-input\":\"required name=search_term_string\"}],\"inLanguage\":\"sv-SE\"},{\"@type\":\"Organization\",\"@id\":\"https:\/\/nyforetagarcentrum.se\/kronoberg\/#organization\",\"name\":\"Kronoberg\",\"url\":\"https:\/\/nyforetagarcentrum.se\/kronoberg\/\",\"logo\":{\"@type\":\"ImageObject\",\"inLanguage\":\"sv-SE\",\"@id\":\"https:\/\/nyforetagarcentrum.se\/kronoberg\/#\/schema\/logo\/image\/\",\"url\":\"https:\/\/nyforetagarcentrum.se\/kronoberg\/wp-content\/uploads\/sites\/90\/2025\/01\/cropped-NFC-kronoberg-logo.png\",\"contentUrl\":\"https:\/\/nyforetagarcentrum.se\/kronoberg\/wp-content\/uploads\/sites\/90\/2025\/01\/cropped-NFC-kronoberg-logo.png\",\"width\":1078,\"height\":506,\"caption\":\"Kronoberg\"},\"image\":{\"@id\":\"https:\/\/nyforetagarcentrum.se\/kronoberg\/#\/schema\/logo\/image\/\"}}]}<\/script>\n<!-- \/ Yoast SEO plugin. -->","yoast_head_json":{"title":"Om oss - Kronoberg","description":"L\u00e4s om hur Nyf\u00f6retagarCentrum V\u00e4xj\u00f6 arbetar f\u00f6r att fr\u00e4mja f\u00f6retagande genom st\u00f6d, r\u00e5dgivning och utbildning.","robots":{"index":"index","follow":"follow","max-snippet":"max-snippet:-1","max-image-preview":"max-image-preview:large","max-video-preview":"max-video-preview:-1"},"canonical":"https:\/\/nyforetagarcentrum.se\/kronoberg\/om-oss\/","og_locale":"sv_SE","og_type":"article","og_title":"Om oss - Kronoberg","og_description":"L\u00e4s om hur Nyf\u00f6retagarCentrum V\u00e4xj\u00f6 arbetar f\u00f6r att fr\u00e4mja f\u00f6retagande genom st\u00f6d, r\u00e5dgivning och utbildning.","og_url":"https:\/\/nyforetagarcentrum.se\/kronoberg\/om-oss\/","og_site_name":"Kronoberg","article_modified_time":"2025-04-30T11:41:00+00:00","twitter_card":"summary_large_image","twitter_misc":{"Ber\u00e4knad l\u00e4stid":"1 minut"},"schema":{"@context":"https:\/\/schema.org","@graph":[{"@type":"WebPage","@id":"https:\/\/nyforetagarcentrum.se\/kronoberg\/om-oss\/","url":"https:\/\/nyforetagarcentrum.se\/kronoberg\/om-oss\/","name":"Om oss - Kronoberg","isPartOf":{"@id":"https:\/\/nyforetagarcentrum.se\/kronoberg\/#website"},"datePublished":"2024-02-27T15:04:37+00:00","dateModified":"2025-04-30T11:41:00+00:00","description":"L\u00e4s om hur Nyf\u00f6retagarCentrum V\u00e4xj\u00f6 arbetar f\u00f6r att fr\u00e4mja f\u00f6retagande genom st\u00f6d, r\u00e5dgivning och utbildning.","breadcrumb":{"@id":"https:\/\/nyforetagarcentrum.se\/kronoberg\/om-oss\/#breadcrumb"},"inLanguage":"sv-SE","potentialAction":[{"@type":"ReadAction","target":["https:\/\/nyforetagarcentrum.se\/kronoberg\/om-oss\/"]}]},{"@type":"BreadcrumbList","@id":"https:\/\/nyforetagarcentrum.se\/kronoberg\/om-oss\/#breadcrumb","itemListElement":[{"@type":"ListItem","position":1,"name":"Hem","item":"https:\/\/nyforetagarcentrum.se\/kronoberg\/"},{"@type":"ListItem","position":2,"name":"Om oss"}]},{"@type":"WebSite","@id":"https:\/\/nyforetagarcentrum.se\/kronoberg\/#website","url":"https:\/\/nyforetagarcentrum.se\/kronoberg\/","name":"Kronoberg","description":"Sveriges ledande kraft f\u00f6r fler nya livskraftiga f\u00f6retag","publisher":{"@id":"https:\/\/nyforetagarcentrum.se\/kronoberg\/#organization"},"potentialAction":[{"@type":"SearchAction","target":{"@type":"EntryPoint","urlTemplate":"https:\/\/nyforetagarcentrum.se\/kronoberg\/?s={search_term_string}"},"query-input":"required name=search_term_string"}],"inLanguage":"sv-SE"},{"@type":"Organization","@id":"https:\/\/nyforetagarcentrum.se\/kronoberg\/#organization","name":"Kronoberg","url":"https:\/\/nyforetagarcentrum.se\/kronoberg\/","logo":{"@type":"ImageObject","inLanguage":"sv-SE","@id":"https:\/\/nyforetagarcentrum.se\/kronoberg\/#\/schema\/logo\/image\/","url":"https:\/\/nyforetagarcentrum.se\/kronoberg\/wp-content\/uploads\/sites\/90\/2025\/01\/cropped-NFC-kronoberg-logo.png","contentUrl":"https:\/\/nyforetagarcentrum.se\/kronoberg\/wp-content\/uploads\/sites\/90\/2025\/01\/cropped-NFC-kronoberg-logo.png","width":1078,"height":506,"caption":"Kronoberg"},"image":{"@id":"https:\/\/nyforetagarcentrum.se\/kronoberg\/#\/schema\/logo\/image\/"}}]}},"_links":{"self":[{"href":"https:\/\/nyforetagarcentrum.se\/kronoberg\/wp-json\/wp\/v2\/pages\/161"}],"collection":[{"href":"https:\/\/nyforetagarcentrum.se\/kronoberg\/wp-json\/wp\/v2\/pages"}],"about":[{"href":"https:\/\/nyforetagarcentrum.se\/kronoberg\/wp-json\/wp\/v2\/types\/page"}],"author":[{"embeddable":true,"href":"https:\/\/nyforetagarcentrum.se\/kronoberg\/wp-json\/wp\/v2\/users\/1"}],"replies":[{"embeddable":true,"href":"https:\/\/nyforetagarcentrum.se\/kronoberg\/wp-json\/wp\/v2\/comments?post=161"}],"version-history":[{"count":90,"href":"https:\/\/nyforetagarcentrum.se\/kronoberg\/wp-json\/wp\/v2\/pages\/161\/revisions"}],"predecessor-version":[{"id":2919,"href":"https:\/\/nyforetagarcentrum.se\/kronoberg\/wp-json\/wp\/v2\/pages\/161\/revisions\/2919"}],"wp:attachment":[{"href":"https:\/\/nyforetagarcentrum.se\/kronoberg\/wp-json\/wp\/v2\/media?parent=161"}],"curies":[{"name":"wp","href":"https:\/\/api.w.org\/{rel}","templated":true}]}}