{"id":128,"date":"2024-02-22T11:27:10","date_gmt":"2024-02-22T10:27:10","guid":{"rendered":"https:\/\/nyforetagarcentrum.se\/kristinehamn\/?page_id=128"},"modified":"2024-05-22T13:20:23","modified_gmt":"2024-05-22T11:20:23","slug":"mentor","status":"publish","type":"page","link":"https:\/\/nyforetagarcentrum.se\/kristinehamn\/mentor\/","title":{"rendered":"Mentor"},"content":{"rendered":"<section  class=\"nfc-block-breadcrumbs alignwide\">\n    <div class=\"wrapper contained\">\n        <ol class=\"breadcrumbs\" itemscope itemtype=\"https:\/\/schema.org\/BreadcrumbList\">\n            <li itemprop=\"itemListElement\" itemscope itemtype=\"https:\/\/schema.org\/ListItem\">\n            \n\n                            <span class=\"current\" itemprop=\"name\">Hem<\/span>\n            \n            <meta itemprop=\"position\" content=\"1\" \/>\n        <\/li>\n    <\/ol>    <\/div>\n<\/section>\n\n\n<div style=\"height:var(--wp--preset--spacing--50)\" aria-hidden=\"true\" class=\"wp-block-spacer\"><\/div>\n\n\n<section  class=\"nfc-block-split_screen alignwide image_alignment-left\">\n    <div class=\"wrapper\">\n        <div class=\"nfc-block-split_screen__image-wrapper\">\n            <img loading=\"lazy\" decoding=\"async\" width=\"1470\" height=\"980\" src=\"https:\/\/nyforetagarcentrum.se\/kristinehamn\/wp-content\/uploads\/sites\/54\/2024\/03\/ff0c142f817a811d1f53e3e824c71240.png\" class=\"attachment-landscape size-landscape\" alt=\"\" srcset=\"https:\/\/nyforetagarcentrum.se\/kristinehamn\/wp-content\/uploads\/sites\/54\/2024\/03\/ff0c142f817a811d1f53e3e824c71240.png 1470w, https:\/\/nyforetagarcentrum.se\/kristinehamn\/wp-content\/uploads\/sites\/54\/2024\/03\/ff0c142f817a811d1f53e3e824c71240-300x200.png 300w, https:\/\/nyforetagarcentrum.se\/kristinehamn\/wp-content\/uploads\/sites\/54\/2024\/03\/ff0c142f817a811d1f53e3e824c71240-1024x683.png 1024w, https:\/\/nyforetagarcentrum.se\/kristinehamn\/wp-content\/uploads\/sites\/54\/2024\/03\/ff0c142f817a811d1f53e3e824c71240-768x512.png 768w\" sizes=\"(max-width: 1470px) 100vw, 1470px\" \/>        <\/div>\n\n        <div class=\"nfc-block-split_screen__content-wrapper\">\n            <h2>\u00c4r du intresserad av att delta i v\u00e5rt mentorsprogram?<\/h2>\n<div>\n<p>Livet som ny f\u00f6retagare \u00e4r inte l\u00e4tt, det \u00e4r m\u00e5nga utmaningar och problem man st\u00e4lls inf\u00f6r. Med\u00a0st\u00f6d och support\u00a0av en mentor, en\u00a0oberoende och erfaren\u00a0f\u00f6retagare, underl\u00e4ttas starten enormt.<\/p>\n<p>Nyf\u00f6retagarCentrums mentorer arbetar ideellt och erbjuder adepterna sina erfarenheter och kunskaper likv\u00e4l som sina n\u00e4tverk. Under 12 m\u00e5nader har man m\u00f6jlighet att kostnadsfritt f\u00e5: n\u00e5gon att bolla med och utmana id\u00e9er, hj\u00e4lpen att hitta de l\u00e4mpligaste l\u00f6sningarna och komma till beslut, utveckling av kommunikation och n\u00e4tverkande men framf\u00f6r allt\u2026. n\u00e5gon som utan baktankar st\u00f6ttar, motiverar och hj\u00e4lper till att h\u00e5lla fokus fram\u00e5t.<\/p>\n<\/div>\n\n                            <div class=\"nfc-block-split_screen__buttons\">\n                                            <a href=\"\/mentor\" class=\"button primary\">L\u00e4s mer och anm\u00e4l dig h\u00e4r<\/a>\n                                    <\/div>\n            \n        <\/div>\n    <\/div>\n<\/section>\n\n\n<div style=\"height:100px\" aria-hidden=\"true\" class=\"wp-block-spacer\"><\/div>\n\n\n\n<div class=\"wp-block-group alignfull has-background is-layout-constrained wp-block-group-is-layout-constrained\" style=\"background-color:#f2e1d7\">\n<div style=\"height:200px\" aria-hidden=\"true\" class=\"wp-block-spacer\"><\/div>\n\n\n\n<h2 class=\"wp-block-heading has-text-align-center has-large-font-size\">vi i Kristinehamn har mentorprogram<\/h2>\n\n\n\n<p class=\"has-text-align-center\">V\u00e4lkommen att anm\u00e4la intresse .<\/p>\n\n\n\n<div style=\"height:21px\" aria-hidden=\"true\" class=\"wp-block-spacer\"><\/div>\n\n\n\n<div class=\"wp-block-buttons is-content-justification-center is-layout-flex wp-container-core-buttons-is-layout-1 wp-block-buttons-is-layout-flex\">\n<div class=\"wp-block-button\"><a class=\"wp-block-button__link wp-element-button\">I h\u00f6st startar vi i g\u00e5ng med nya mentors par <\/a><\/div>\n<\/div>\n\n\n\n<div style=\"height:200px\" aria-hidden=\"true\" class=\"wp-block-spacer\"><\/div>\n<\/div>\n\n\n\n<div style=\"height:100px\" aria-hidden=\"true\" class=\"wp-block-spacer\"><\/div>\n\n\n\n<h2 class=\"wp-block-heading alignwide has-x-large-font-size\">Mentorhandledare hos Nyf\u00f6retagarCentrum Kristinehamn<\/h2>\n\n\n\n<div style=\"height:100px\" aria-hidden=\"true\" class=\"wp-block-spacer\"><\/div>\n","protected":false},"excerpt":{"rendered":"<p>vi i Kristinehamn har mentorprogram V\u00e4lkommen att anm\u00e4la intresse . Mentorhandledare hos Nyf\u00f6retagarCentrum Kristinehamn<\/p>\n","protected":false},"author":1,"featured_media":0,"parent":0,"menu_order":0,"comment_status":"closed","ping_status":"closed","template":"","meta":{"footnotes":""},"acf":[],"yoast_head":"<!-- This site is optimized with the Yoast SEO plugin v22.9 - https:\/\/yoast.com\/wordpress\/plugins\/seo\/ -->\n<title>Mentor - Kristinehamn<\/title>\n<meta name=\"robots\" content=\"index, follow, max-snippet:-1, max-image-preview:large, max-video-preview:-1\" \/>\n<link rel=\"canonical\" href=\"https:\/\/nyforetagarcentrum.se\/kristinehamn\/mentor\/\" \/>\n<meta property=\"og:locale\" content=\"sv_SE\" \/>\n<meta property=\"og:type\" content=\"article\" \/>\n<meta property=\"og:title\" content=\"Mentor - Kristinehamn\" \/>\n<meta property=\"og:description\" content=\"vi i Kristinehamn har mentorprogram V\u00e4lkommen att anm\u00e4la intresse . Mentorhandledare hos Nyf\u00f6retagarCentrum Kristinehamn\" \/>\n<meta property=\"og:url\" content=\"https:\/\/nyforetagarcentrum.se\/kristinehamn\/mentor\/\" \/>\n<meta property=\"og:site_name\" content=\"Kristinehamn\" \/>\n<meta property=\"article:modified_time\" content=\"2024-05-22T11:20:23+00:00\" \/>\n<meta name=\"twitter:card\" content=\"summary_large_image\" \/>\n<script type=\"application\/ld+json\" class=\"yoast-schema-graph\">{\"@context\":\"https:\/\/schema.org\",\"@graph\":[{\"@type\":\"WebPage\",\"@id\":\"https:\/\/nyforetagarcentrum.se\/kristinehamn\/mentor\/\",\"url\":\"https:\/\/nyforetagarcentrum.se\/kristinehamn\/mentor\/\",\"name\":\"Mentor - Kristinehamn\",\"isPartOf\":{\"@id\":\"https:\/\/nyforetagarcentrum.se\/kristinehamn\/#website\"},\"datePublished\":\"2024-02-22T10:27:10+00:00\",\"dateModified\":\"2024-05-22T11:20:23+00:00\",\"breadcrumb\":{\"@id\":\"https:\/\/nyforetagarcentrum.se\/kristinehamn\/mentor\/#breadcrumb\"},\"inLanguage\":\"sv-SE\",\"potentialAction\":[{\"@type\":\"ReadAction\",\"target\":[\"https:\/\/nyforetagarcentrum.se\/kristinehamn\/mentor\/\"]}]},{\"@type\":\"BreadcrumbList\",\"@id\":\"https:\/\/nyforetagarcentrum.se\/kristinehamn\/mentor\/#breadcrumb\",\"itemListElement\":[{\"@type\":\"ListItem\",\"position\":1,\"name\":\"Hem\",\"item\":\"https:\/\/nyforetagarcentrum.se\/kristinehamn\/\"},{\"@type\":\"ListItem\",\"position\":2,\"name\":\"Mentor\"}]},{\"@type\":\"WebSite\",\"@id\":\"https:\/\/nyforetagarcentrum.se\/kristinehamn\/#website\",\"url\":\"https:\/\/nyforetagarcentrum.se\/kristinehamn\/\",\"name\":\"Kristinehamn\",\"description\":\"Sveriges ledande kraft f\u00f6r fler nya livskraftiga f\u00f6retag\",\"publisher\":{\"@id\":\"https:\/\/nyforetagarcentrum.se\/kristinehamn\/#organization\"},\"potentialAction\":[{\"@type\":\"SearchAction\",\"target\":{\"@type\":\"EntryPoint\",\"urlTemplate\":\"https:\/\/nyforetagarcentrum.se\/kristinehamn\/?s={search_term_string}\"},\"query-input\":\"required name=search_term_string\"}],\"inLanguage\":\"sv-SE\"},{\"@type\":\"Organization\",\"@id\":\"https:\/\/nyforetagarcentrum.se\/kristinehamn\/#organization\",\"name\":\"Kristinehamn\",\"url\":\"https:\/\/nyforetagarcentrum.se\/kristinehamn\/\",\"logo\":{\"@type\":\"ImageObject\",\"inLanguage\":\"sv-SE\",\"@id\":\"https:\/\/nyforetagarcentrum.se\/kristinehamn\/#\/schema\/logo\/image\/\",\"url\":\"https:\/\/nyforetagarcentrum.se\/kristinehamn\/wp-content\/uploads\/sites\/54\/2024\/04\/Kristinehamn-1.png\",\"contentUrl\":\"https:\/\/nyforetagarcentrum.se\/kristinehamn\/wp-content\/uploads\/sites\/54\/2024\/04\/Kristinehamn-1.png\",\"width\":1082,\"height\":542,\"caption\":\"Kristinehamn\"},\"image\":{\"@id\":\"https:\/\/nyforetagarcentrum.se\/kristinehamn\/#\/schema\/logo\/image\/\"}}]}<\/script>\n<!-- \/ Yoast SEO plugin. -->","yoast_head_json":{"title":"Mentor - Kristinehamn","robots":{"index":"index","follow":"follow","max-snippet":"max-snippet:-1","max-image-preview":"max-image-preview:large","max-video-preview":"max-video-preview:-1"},"canonical":"https:\/\/nyforetagarcentrum.se\/kristinehamn\/mentor\/","og_locale":"sv_SE","og_type":"article","og_title":"Mentor - Kristinehamn","og_description":"vi i Kristinehamn har mentorprogram V\u00e4lkommen att anm\u00e4la intresse . Mentorhandledare hos Nyf\u00f6retagarCentrum Kristinehamn","og_url":"https:\/\/nyforetagarcentrum.se\/kristinehamn\/mentor\/","og_site_name":"Kristinehamn","article_modified_time":"2024-05-22T11:20:23+00:00","twitter_card":"summary_large_image","schema":{"@context":"https:\/\/schema.org","@graph":[{"@type":"WebPage","@id":"https:\/\/nyforetagarcentrum.se\/kristinehamn\/mentor\/","url":"https:\/\/nyforetagarcentrum.se\/kristinehamn\/mentor\/","name":"Mentor - Kristinehamn","isPartOf":{"@id":"https:\/\/nyforetagarcentrum.se\/kristinehamn\/#website"},"datePublished":"2024-02-22T10:27:10+00:00","dateModified":"2024-05-22T11:20:23+00:00","breadcrumb":{"@id":"https:\/\/nyforetagarcentrum.se\/kristinehamn\/mentor\/#breadcrumb"},"inLanguage":"sv-SE","potentialAction":[{"@type":"ReadAction","target":["https:\/\/nyforetagarcentrum.se\/kristinehamn\/mentor\/"]}]},{"@type":"BreadcrumbList","@id":"https:\/\/nyforetagarcentrum.se\/kristinehamn\/mentor\/#breadcrumb","itemListElement":[{"@type":"ListItem","position":1,"name":"Hem","item":"https:\/\/nyforetagarcentrum.se\/kristinehamn\/"},{"@type":"ListItem","position":2,"name":"Mentor"}]},{"@type":"WebSite","@id":"https:\/\/nyforetagarcentrum.se\/kristinehamn\/#website","url":"https:\/\/nyforetagarcentrum.se\/kristinehamn\/","name":"Kristinehamn","description":"Sveriges ledande kraft f\u00f6r fler nya livskraftiga f\u00f6retag","publisher":{"@id":"https:\/\/nyforetagarcentrum.se\/kristinehamn\/#organization"},"potentialAction":[{"@type":"SearchAction","target":{"@type":"EntryPoint","urlTemplate":"https:\/\/nyforetagarcentrum.se\/kristinehamn\/?s={search_term_string}"},"query-input":"required name=search_term_string"}],"inLanguage":"sv-SE"},{"@type":"Organization","@id":"https:\/\/nyforetagarcentrum.se\/kristinehamn\/#organization","name":"Kristinehamn","url":"https:\/\/nyforetagarcentrum.se\/kristinehamn\/","logo":{"@type":"ImageObject","inLanguage":"sv-SE","@id":"https:\/\/nyforetagarcentrum.se\/kristinehamn\/#\/schema\/logo\/image\/","url":"https:\/\/nyforetagarcentrum.se\/kristinehamn\/wp-content\/uploads\/sites\/54\/2024\/04\/Kristinehamn-1.png","contentUrl":"https:\/\/nyforetagarcentrum.se\/kristinehamn\/wp-content\/uploads\/sites\/54\/2024\/04\/Kristinehamn-1.png","width":1082,"height":542,"caption":"Kristinehamn"},"image":{"@id":"https:\/\/nyforetagarcentrum.se\/kristinehamn\/#\/schema\/logo\/image\/"}}]}},"_links":{"self":[{"href":"https:\/\/nyforetagarcentrum.se\/kristinehamn\/wp-json\/wp\/v2\/pages\/128"}],"collection":[{"href":"https:\/\/nyforetagarcentrum.se\/kristinehamn\/wp-json\/wp\/v2\/pages"}],"about":[{"href":"https:\/\/nyforetagarcentrum.se\/kristinehamn\/wp-json\/wp\/v2\/types\/page"}],"author":[{"embeddable":true,"href":"https:\/\/nyforetagarcentrum.se\/kristinehamn\/wp-json\/wp\/v2\/users\/1"}],"replies":[{"embeddable":true,"href":"https:\/\/nyforetagarcentrum.se\/kristinehamn\/wp-json\/wp\/v2\/comments?post=128"}],"version-history":[{"count":19,"href":"https:\/\/nyforetagarcentrum.se\/kristinehamn\/wp-json\/wp\/v2\/pages\/128\/revisions"}],"predecessor-version":[{"id":386,"href":"https:\/\/nyforetagarcentrum.se\/kristinehamn\/wp-json\/wp\/v2\/pages\/128\/revisions\/386"}],"wp:attachment":[{"href":"https:\/\/nyforetagarcentrum.se\/kristinehamn\/wp-json\/wp\/v2\/media?parent=128"}],"curies":[{"name":"wp","href":"https:\/\/api.w.org\/{rel}","templated":true}]}}