{"id":48,"date":"2024-02-22T10:29:05","date_gmt":"2024-02-22T09:29:05","guid":{"rendered":"https:\/\/nyforetagarcentrum.se\/kristianstad\/?page_id=48"},"modified":"2025-05-22T10:42:05","modified_gmt":"2025-05-22T08:42:05","slug":"erbjudanden","status":"publish","type":"page","link":"https:\/\/nyforetagarcentrum.se\/kristianstad\/erbjudanden\/","title":{"rendered":"Erbjudanden"},"content":{"rendered":"<section  class=\"nfc-block-hero alignfull\">\n\n    <img loading=\"lazy\" decoding=\"async\" width=\"1512\" height=\"745\" src=\"https:\/\/nyforetagarcentrum.se\/kristianstad\/wp-content\/uploads\/sites\/51\/2024\/02\/Topp-banner-2.png\" class=\"attachment-landscape size-landscape\" alt=\"\" srcset=\"https:\/\/nyforetagarcentrum.se\/kristianstad\/wp-content\/uploads\/sites\/51\/2024\/02\/Topp-banner-2.png 1512w, https:\/\/nyforetagarcentrum.se\/kristianstad\/wp-content\/uploads\/sites\/51\/2024\/02\/Topp-banner-2-300x148.png 300w, https:\/\/nyforetagarcentrum.se\/kristianstad\/wp-content\/uploads\/sites\/51\/2024\/02\/Topp-banner-2-1024x505.png 1024w, https:\/\/nyforetagarcentrum.se\/kristianstad\/wp-content\/uploads\/sites\/51\/2024\/02\/Topp-banner-2-768x378.png 768w\" sizes=\"(max-width: 1512px) 100vw, 1512px\" \/>\n    <div class=\"contained\">\n        <h1 class=\"nfc-block-hero__heading\">V\u00e5ra erbjudanden till dig som \u00e4r f\u00f6retagare<\/h1>\n\n            <\/div>\n<\/section>\n\n\n<div style=\"height:50px\" aria-hidden=\"true\" class=\"wp-block-spacer\"><\/div>\n\n\n<section  class=\"nfc-block-breadcrumbs\">\n    <div class=\"wrapper contained\">\n        <ol class=\"breadcrumbs\" itemscope itemtype=\"https:\/\/schema.org\/BreadcrumbList\">\n            <li itemprop=\"itemListElement\" itemscope itemtype=\"https:\/\/schema.org\/ListItem\">\n            \n\n                            <span class=\"current\" itemprop=\"name\">Hem<\/span>\n            \n            <meta itemprop=\"position\" content=\"1\" \/>\n        <\/li>\n    <\/ol>    <\/div>\n<\/section>\n\n\n<h2 class=\"wp-block-heading alignwide has-x-large-font-size\">Ta del av exklusiva erbjudanden<\/h2>\n\n\n<section  class=\"nfc-block-offer_grid alignwide layout-small\">\n    <div class=\"contained\">\n\n        <div class=\"filter-row\">\n            \n                            <button id=\"local-offers-button\">\n                    Lokala partners\n                <\/button>\n                <button id=\"national-offers-button\" class=\"outlined\">\n                    Nationella partners\n                <\/button>\n                    <\/div>\n\n        <div class=\"grid\" id=\"offers-grid\">\n            <div class=\"offer-card\">\n\n    <div class=\"gallery-wrapper\">\n                    <div class=\"selected-media\">\n                                    <video controls>\n                        <source src=\"https:\/\/nyforetagarcentrum.se\/kristianstad\/wp-content\/uploads\/sites\/51\/2024\/09\/copy_A32F51B6-1DC8-438B-8A0E-B69F6ECEC87E_1.mp4\" type=\"video\/mp4\">\n                    <\/video>\n                            <\/div>\n        \n            <\/div>\n\n\n    <div class=\"content-wrapper\">\n        \n        <h3>Erbjudande fr\u00e5n Foodtruck Nordic<\/h3>\n\n        \n        <div class=\"content\">\n            <p style=\"font-weight: 400\">Foodtrucknordic \u00e4r ett svenskt f\u00f6retag specialiserade p\u00e5 att tillverka matvagnar, foodtrucks, glassvagnar, eventvagnar och andra f\u00f6rs\u00e4ljningsvagnar till marknadens b\u00e4sta priser med en outstanding service, allt f\u00f6r att du som kund ska k\u00e4nna dig trygg. De \u00e4r \u00e4ven exklusiva distribut\u00f6rer av de Tyska varum\u00e4rket Buddystars vagnar i Skandinavien.<\/p>\n<p style=\"font-weight: 400\">Men Foodtruck Nordic bygger inte bara matvagnar, utan de \u00e4r med dig vid din sida f\u00f6r att hj\u00e4lpa dig att uppfylla din dr\u00f6m om en egen matvagn. F\u00f6r att hj\u00e4lpa dig \u00e4nnu mer p\u00e5 v\u00e4gen s\u00e5 har Foodtruck Nordic tagit fram ett attraktivt erbjudande f\u00f6r dig som nyf\u00f6retagare. Eftersom de vet hur mycket utseendet p\u00e5 matvagnen betyder s\u00e5 erbjuder de nu dig att vid k\u00f6p av en matvagn f\u00e5 det grafiska arbetet p\u00e5 designen gratis.<\/p>\n<p style=\"font-weight: 400\"><strong>ERBJUDANDE NYF\u00d6RETAGARCENTRUM!<\/strong><\/p>\n<p style=\"font-weight: 400\">Vid k\u00f6p av en ny matvagn bjuder vi p\u00e5 designen (det grafiska arbetet) till din nya matvagn v\u00e4rde ca 10 000 kr.<\/p>\n<p style=\"font-weight: 400\"><strong>Kontakta\u00a0\u00a0<\/strong>Adam Tell f\u00f6r att nyttja erbjudandet <a href=\"mailto:adam@foodtrucknordic.com\">adam@foodtrucknordic.com<\/a><\/p>\n<p>&nbsp;<\/p>\n        <\/div>\n\n                    <a href=\"https:\/\/foodtrucknordic.com\/\" class=\"offer-button button outlined\" target=\"_blank\">\n                L\u00e4s mer om Foodtruck Nordic                                    <div class=\"icon icon-external\"><\/div>\n                            <\/a>\n            <\/div>\n<\/div><div class=\"offer-card\">\n\n    <div class=\"gallery-wrapper\">\n                    <div class=\"selected-media\">\n                                    <img loading=\"lazy\" decoding=\"async\" width=\"1024\" height=\"683\" src=\"https:\/\/nyforetagarcentrum.se\/kristianstad\/wp-content\/uploads\/sites\/51\/2024\/12\/SCP_0406-1024x683.jpg\" class=\"attachment-large size-large\" alt=\"\" srcset=\"https:\/\/nyforetagarcentrum.se\/kristianstad\/wp-content\/uploads\/sites\/51\/2024\/12\/SCP_0406-1024x683.jpg 1024w, https:\/\/nyforetagarcentrum.se\/kristianstad\/wp-content\/uploads\/sites\/51\/2024\/12\/SCP_0406-300x200.jpg 300w, https:\/\/nyforetagarcentrum.se\/kristianstad\/wp-content\/uploads\/sites\/51\/2024\/12\/SCP_0406-768x512.jpg 768w, https:\/\/nyforetagarcentrum.se\/kristianstad\/wp-content\/uploads\/sites\/51\/2024\/12\/SCP_0406-1536x1024.jpg 1536w, https:\/\/nyforetagarcentrum.se\/kristianstad\/wp-content\/uploads\/sites\/51\/2024\/12\/SCP_0406-2048x1365.jpg 2048w, https:\/\/nyforetagarcentrum.se\/kristianstad\/wp-content\/uploads\/sites\/51\/2024\/12\/SCP_0406-1620x1080.jpg 1620w\" sizes=\"(max-width: 1024px) 100vw, 1024px\" \/>                            <\/div>\n        \n            <\/div>\n\n\n    <div class=\"content-wrapper\">\n        \n        <h3>Erbjudande till Nyf\u00f6retagare \u2013 Kommunicera professionellt fr\u00e5n start<\/h3>\n\n        \n        <div class=\"content\">\n            <h3><span style=\"font-size: 16px\">Som nyf\u00f6retagare \u00e4r det viktigt att skapa ett starkt och professionellt f\u00f6rsta intryck. Vi p\u00e5 SAY Kommunikation &amp; Event vill hj\u00e4lpa dig att komma ig\u00e5ng med r\u00e4tt kommunikation, s\u00e5 att du kan fokusera p\u00e5 att bygga ditt f\u00f6retag.<\/span><\/h3>\n<div class=\"content\">\n<p>D\u00e4rf\u00f6r erbjuder vi ett skr\u00e4ddarsytt\u00a0<strong>kommunikationspaket<\/strong>\u00a0f\u00f6r dig som \u00e4r nyf\u00f6retagare under ditt f\u00f6rsta \u00e5r. Med detta paket f\u00e5r du allt du beh\u00f6ver f\u00f6r att skapa en sammanh\u00e5llen och professionell visuell identitet \u2013 till ett f\u00f6rm\u00e5nligt pris!<br \/>\n<strong>Vi erbjuder hela 44% rabatt p\u00e5 ordinarie pris.\u00a0<\/strong><\/p>\n<p><strong>Vad ing\u00e5r i v\u00e5rt kommunikationspaket?<\/strong><\/p>\n<ul>\n<li><strong>Grafisk profil \u201dlight\u201d<\/strong>\u00a0\u2013 en f\u00f6renklad version av en grafisk profil som inneh\u00e5ller de viktigaste elementen f\u00f6r att skapa en konsekvent visuell kommunikation.<\/li>\n<li><strong>Logotyp<\/strong>\u00a0\u2013 design av en unik logotyp som representerar ditt varum\u00e4rke.<\/li>\n<li><strong>Enklare hemsida \u201dvisitkort\u201d<\/strong>\u00a0\u2013 en professionell, responsiv hemsida som fungerar som en digital presentation av ditt f\u00f6retag.<\/li>\n<li><strong>Bildbank med 20 bilder<\/strong>\u00a0\u2013 h\u00f6gkvalitativa bilder f\u00f6r anv\u00e4ndning i din marknadsf\u00f6ring och kommunikation.<\/li>\n<\/ul>\n<p>Detta exklusiva erbjudande \u00e4r endast tillg\u00e4ngligt f\u00f6r nyf\u00f6retagare under det f\u00f6rsta \u00e5ret efter registrering. Passa p\u00e5 att investera i en professionell grund f\u00f6r ditt varum\u00e4rke och skapa ett starkt avtryck fr\u00e5n b\u00f6rjan.<\/p>\n<p><strong>Ta steget idag!<\/strong>\u00a0Kontakta oss f\u00f6r att boka ditt kommunikationspaket och b\u00f6rja din resa som nyf\u00f6retagare med en stark visuell identitet.<\/p>\n<p>Du n\u00e5r oss p\u00e5\u00a0<a href=\"mailto:hey@saykommunikation.se\">hey@saykommunikation.se<\/a><\/p>\n<\/div>\n        <\/div>\n\n                    <a href=\"http:\/\/www.saykommunikation.se\" class=\"offer-button button outlined\" target=\"_blank\">\n                L\u00e4s mer om SAY Kommunikation &amp; Event                                    <div class=\"icon icon-external\"><\/div>\n                            <\/a>\n            <\/div>\n<\/div><div class=\"offer-card\">\n\n    <div class=\"gallery-wrapper\">\n                    <div class=\"selected-media\">\n                                    <img loading=\"lazy\" decoding=\"async\" width=\"1024\" height=\"819\" src=\"https:\/\/nyforetagarcentrum.se\/kristianstad\/wp-content\/uploads\/sites\/51\/2025\/01\/image002-scaled-e1737545738836-1024x819.jpg\" class=\"attachment-large size-large\" alt=\"\" srcset=\"https:\/\/nyforetagarcentrum.se\/kristianstad\/wp-content\/uploads\/sites\/51\/2025\/01\/image002-scaled-e1737545738836-1024x819.jpg 1024w, https:\/\/nyforetagarcentrum.se\/kristianstad\/wp-content\/uploads\/sites\/51\/2025\/01\/image002-scaled-e1737545738836-300x240.jpg 300w, https:\/\/nyforetagarcentrum.se\/kristianstad\/wp-content\/uploads\/sites\/51\/2025\/01\/image002-scaled-e1737545738836-768x614.jpg 768w, https:\/\/nyforetagarcentrum.se\/kristianstad\/wp-content\/uploads\/sites\/51\/2025\/01\/image002-scaled-e1737545738836-1536x1229.jpg 1536w, https:\/\/nyforetagarcentrum.se\/kristianstad\/wp-content\/uploads\/sites\/51\/2025\/01\/image002-scaled-e1737545738836-1350x1080.jpg 1350w, https:\/\/nyforetagarcentrum.se\/kristianstad\/wp-content\/uploads\/sites\/51\/2025\/01\/image002-scaled-e1737545738836.jpg 1920w\" sizes=\"(max-width: 1024px) 100vw, 1024px\" \/>                            <\/div>\n        \n            <\/div>\n\n\n    <div class=\"content-wrapper\">\n        \n        <h3>Hj\u00e4lp med IT-genomg\u00e5ng och genomlysning f\u00f6r nyf\u00f6retagare<\/h3>\n\n        \n        <div class=\"content\">\n            <p>Vill du starta ditt f\u00f6retag p\u00e5 r\u00e4tt IT-fot? Datasupport i \u00c5hus erbjuder en unik m\u00f6jlighet f\u00f6r nyf\u00f6retagare att f\u00e5 en professionell genomg\u00e5ng och genomlysning av ditt f\u00f6retags IT-behov.<\/p>\n<p>I erbjudandet ing\u00e5r:<\/p>\n<ul>\n<li>Tv\u00e5 timmar individuell r\u00e5dgivning<\/li>\n<li>Identifiering av grundl\u00e4ggande och specifika IT-behov<\/li>\n<li>Rekommendationer p\u00e5 effektiva och kostnadssmarta IT-l\u00f6sningar<\/li>\n<\/ul>\n<p><strong>Kampanjpris:<\/strong><br \/>\n950 kr + moms (ordinarie pris: 1900 kr)<br \/>\nErbjudandet g\u00e4ller under en begr\u00e4nsad tid och \u00e4r exklusivt f\u00f6r nyf\u00f6retagare i samarbete med Nyf\u00f6retagarcentrum.<br \/>\n<strong>Boka din tid idag!<\/strong><\/p>\n<p>Ulf Hansson<br \/>\nDatasupport I \u00c5hus AB<br \/>\n<a href=\"mailto:kontakt@datasupportiahus.com\">kontakt@datasupportiahus.com<\/a><\/p>\n        <\/div>\n\n                    <a href=\"http:\/\/kontakt@datasupportiahus.com\" class=\"offer-button button outlined\" target=\"_blank\">\n                L\u00e4s mer om Datasupport i \u00c5hus                                    <div class=\"icon icon-external\"><\/div>\n                            <\/a>\n            <\/div>\n<\/div>        <\/div>\n    <\/div>\n<\/section>\n\n\n<div style=\"height:80px\" aria-hidden=\"true\" class=\"wp-block-spacer\"><\/div>\n","protected":false},"excerpt":{"rendered":"<p>Ta del av exklusiva erbjudanden<\/p>\n","protected":false},"author":1,"featured_media":0,"parent":0,"menu_order":0,"comment_status":"closed","ping_status":"closed","template":"","meta":{"footnotes":""},"acf":[],"yoast_head":"<!-- This site is optimized with the Yoast SEO plugin v22.9 - https:\/\/yoast.com\/wordpress\/plugins\/seo\/ -->\n<title>Erbjudanden - Kristianstad<\/title>\n<meta name=\"robots\" content=\"index, follow, max-snippet:-1, max-image-preview:large, max-video-preview:-1\" \/>\n<link rel=\"canonical\" href=\"https:\/\/nyforetagarcentrum.se\/kristianstad\/erbjudanden\/\" \/>\n<meta property=\"og:locale\" content=\"sv_SE\" \/>\n<meta property=\"og:type\" content=\"article\" \/>\n<meta property=\"og:title\" content=\"Erbjudanden - Kristianstad\" \/>\n<meta property=\"og:description\" content=\"Ta del av exklusiva erbjudanden\" \/>\n<meta property=\"og:url\" content=\"https:\/\/nyforetagarcentrum.se\/kristianstad\/erbjudanden\/\" \/>\n<meta property=\"og:site_name\" content=\"Kristianstad\" \/>\n<meta property=\"article:modified_time\" content=\"2025-05-22T08:42:05+00:00\" \/>\n<meta name=\"twitter:card\" content=\"summary_large_image\" \/>\n<meta name=\"twitter:label1\" content=\"Ber\u00e4knad l\u00e4stid\" \/>\n\t<meta name=\"twitter:data1\" content=\"1 minut\" \/>\n<script type=\"application\/ld+json\" class=\"yoast-schema-graph\">{\"@context\":\"https:\/\/schema.org\",\"@graph\":[{\"@type\":\"WebPage\",\"@id\":\"https:\/\/nyforetagarcentrum.se\/kristianstad\/erbjudanden\/\",\"url\":\"https:\/\/nyforetagarcentrum.se\/kristianstad\/erbjudanden\/\",\"name\":\"Erbjudanden - Kristianstad\",\"isPartOf\":{\"@id\":\"https:\/\/nyforetagarcentrum.se\/kristianstad\/#website\"},\"datePublished\":\"2024-02-22T09:29:05+00:00\",\"dateModified\":\"2025-05-22T08:42:05+00:00\",\"breadcrumb\":{\"@id\":\"https:\/\/nyforetagarcentrum.se\/kristianstad\/erbjudanden\/#breadcrumb\"},\"inLanguage\":\"sv-SE\",\"potentialAction\":[{\"@type\":\"ReadAction\",\"target\":[\"https:\/\/nyforetagarcentrum.se\/kristianstad\/erbjudanden\/\"]}]},{\"@type\":\"BreadcrumbList\",\"@id\":\"https:\/\/nyforetagarcentrum.se\/kristianstad\/erbjudanden\/#breadcrumb\",\"itemListElement\":[{\"@type\":\"ListItem\",\"position\":1,\"name\":\"Hem\",\"item\":\"https:\/\/nyforetagarcentrum.se\/kristianstad\/\"},{\"@type\":\"ListItem\",\"position\":2,\"name\":\"Erbjudanden\"}]},{\"@type\":\"WebSite\",\"@id\":\"https:\/\/nyforetagarcentrum.se\/kristianstad\/#website\",\"url\":\"https:\/\/nyforetagarcentrum.se\/kristianstad\/\",\"name\":\"Kristianstad\",\"description\":\"Sveriges ledande kraft f\u00f6r fler nya livskraftiga f\u00f6retag\",\"publisher\":{\"@id\":\"https:\/\/nyforetagarcentrum.se\/kristianstad\/#organization\"},\"potentialAction\":[{\"@type\":\"SearchAction\",\"target\":{\"@type\":\"EntryPoint\",\"urlTemplate\":\"https:\/\/nyforetagarcentrum.se\/kristianstad\/?s={search_term_string}\"},\"query-input\":\"required name=search_term_string\"}],\"inLanguage\":\"sv-SE\"},{\"@type\":\"Organization\",\"@id\":\"https:\/\/nyforetagarcentrum.se\/kristianstad\/#organization\",\"name\":\"Kristianstad\",\"url\":\"https:\/\/nyforetagarcentrum.se\/kristianstad\/\",\"logo\":{\"@type\":\"ImageObject\",\"inLanguage\":\"sv-SE\",\"@id\":\"https:\/\/nyforetagarcentrum.se\/kristianstad\/#\/schema\/logo\/image\/\",\"url\":\"https:\/\/nyforetagarcentrum.se\/kristianstad\/wp-content\/uploads\/sites\/51\/2024\/05\/NyFC_Kristianstad_Ostra_Goinge_big.png\",\"contentUrl\":\"https:\/\/nyforetagarcentrum.se\/kristianstad\/wp-content\/uploads\/sites\/51\/2024\/05\/NyFC_Kristianstad_Ostra_Goinge_big.png\",\"width\":1000,\"height\":462,\"caption\":\"Kristianstad\"},\"image\":{\"@id\":\"https:\/\/nyforetagarcentrum.se\/kristianstad\/#\/schema\/logo\/image\/\"}}]}<\/script>\n<!-- \/ Yoast SEO plugin. -->","yoast_head_json":{"title":"Erbjudanden - Kristianstad","robots":{"index":"index","follow":"follow","max-snippet":"max-snippet:-1","max-image-preview":"max-image-preview:large","max-video-preview":"max-video-preview:-1"},"canonical":"https:\/\/nyforetagarcentrum.se\/kristianstad\/erbjudanden\/","og_locale":"sv_SE","og_type":"article","og_title":"Erbjudanden - Kristianstad","og_description":"Ta del av exklusiva erbjudanden","og_url":"https:\/\/nyforetagarcentrum.se\/kristianstad\/erbjudanden\/","og_site_name":"Kristianstad","article_modified_time":"2025-05-22T08:42:05+00:00","twitter_card":"summary_large_image","twitter_misc":{"Ber\u00e4knad l\u00e4stid":"1 minut"},"schema":{"@context":"https:\/\/schema.org","@graph":[{"@type":"WebPage","@id":"https:\/\/nyforetagarcentrum.se\/kristianstad\/erbjudanden\/","url":"https:\/\/nyforetagarcentrum.se\/kristianstad\/erbjudanden\/","name":"Erbjudanden - Kristianstad","isPartOf":{"@id":"https:\/\/nyforetagarcentrum.se\/kristianstad\/#website"},"datePublished":"2024-02-22T09:29:05+00:00","dateModified":"2025-05-22T08:42:05+00:00","breadcrumb":{"@id":"https:\/\/nyforetagarcentrum.se\/kristianstad\/erbjudanden\/#breadcrumb"},"inLanguage":"sv-SE","potentialAction":[{"@type":"ReadAction","target":["https:\/\/nyforetagarcentrum.se\/kristianstad\/erbjudanden\/"]}]},{"@type":"BreadcrumbList","@id":"https:\/\/nyforetagarcentrum.se\/kristianstad\/erbjudanden\/#breadcrumb","itemListElement":[{"@type":"ListItem","position":1,"name":"Hem","item":"https:\/\/nyforetagarcentrum.se\/kristianstad\/"},{"@type":"ListItem","position":2,"name":"Erbjudanden"}]},{"@type":"WebSite","@id":"https:\/\/nyforetagarcentrum.se\/kristianstad\/#website","url":"https:\/\/nyforetagarcentrum.se\/kristianstad\/","name":"Kristianstad","description":"Sveriges ledande kraft f\u00f6r fler nya livskraftiga f\u00f6retag","publisher":{"@id":"https:\/\/nyforetagarcentrum.se\/kristianstad\/#organization"},"potentialAction":[{"@type":"SearchAction","target":{"@type":"EntryPoint","urlTemplate":"https:\/\/nyforetagarcentrum.se\/kristianstad\/?s={search_term_string}"},"query-input":"required name=search_term_string"}],"inLanguage":"sv-SE"},{"@type":"Organization","@id":"https:\/\/nyforetagarcentrum.se\/kristianstad\/#organization","name":"Kristianstad","url":"https:\/\/nyforetagarcentrum.se\/kristianstad\/","logo":{"@type":"ImageObject","inLanguage":"sv-SE","@id":"https:\/\/nyforetagarcentrum.se\/kristianstad\/#\/schema\/logo\/image\/","url":"https:\/\/nyforetagarcentrum.se\/kristianstad\/wp-content\/uploads\/sites\/51\/2024\/05\/NyFC_Kristianstad_Ostra_Goinge_big.png","contentUrl":"https:\/\/nyforetagarcentrum.se\/kristianstad\/wp-content\/uploads\/sites\/51\/2024\/05\/NyFC_Kristianstad_Ostra_Goinge_big.png","width":1000,"height":462,"caption":"Kristianstad"},"image":{"@id":"https:\/\/nyforetagarcentrum.se\/kristianstad\/#\/schema\/logo\/image\/"}}]}},"_links":{"self":[{"href":"https:\/\/nyforetagarcentrum.se\/kristianstad\/wp-json\/wp\/v2\/pages\/48"}],"collection":[{"href":"https:\/\/nyforetagarcentrum.se\/kristianstad\/wp-json\/wp\/v2\/pages"}],"about":[{"href":"https:\/\/nyforetagarcentrum.se\/kristianstad\/wp-json\/wp\/v2\/types\/page"}],"author":[{"embeddable":true,"href":"https:\/\/nyforetagarcentrum.se\/kristianstad\/wp-json\/wp\/v2\/users\/1"}],"replies":[{"embeddable":true,"href":"https:\/\/nyforetagarcentrum.se\/kristianstad\/wp-json\/wp\/v2\/comments?post=48"}],"version-history":[{"count":10,"href":"https:\/\/nyforetagarcentrum.se\/kristianstad\/wp-json\/wp\/v2\/pages\/48\/revisions"}],"predecessor-version":[{"id":827,"href":"https:\/\/nyforetagarcentrum.se\/kristianstad\/wp-json\/wp\/v2\/pages\/48\/revisions\/827"}],"wp:attachment":[{"href":"https:\/\/nyforetagarcentrum.se\/kristianstad\/wp-json\/wp\/v2\/media?parent=48"}],"curies":[{"name":"wp","href":"https:\/\/api.w.org\/{rel}","templated":true}]}}