{"id":239,"date":"2024-02-29T13:59:39","date_gmt":"2024-02-29T12:59:39","guid":{"rendered":"https:\/\/nyforetagarcentrum.se\/kristianstad\/?page_id=239"},"modified":"2025-05-26T15:34:28","modified_gmt":"2025-05-26T13:34:28","slug":"vara-radgivare","status":"publish","type":"page","link":"https:\/\/nyforetagarcentrum.se\/kristianstad\/vara-radgivare\/","title":{"rendered":"V\u00e5ra r\u00e5dgivare"},"content":{"rendered":"<section  class=\"nfc-block-hero alignfull\">\n\n    <img loading=\"lazy\" decoding=\"async\" width=\"1476\" height=\"984\" src=\"https:\/\/nyforetagarcentrum.se\/kristianstad\/wp-content\/uploads\/sites\/51\/2024\/02\/Nyforetagare-ung-LOW.jpg\" class=\"attachment-landscape size-landscape\" alt=\"\" srcset=\"https:\/\/nyforetagarcentrum.se\/kristianstad\/wp-content\/uploads\/sites\/51\/2024\/02\/Nyforetagare-ung-LOW.jpg 1476w, https:\/\/nyforetagarcentrum.se\/kristianstad\/wp-content\/uploads\/sites\/51\/2024\/02\/Nyforetagare-ung-LOW-300x200.jpg 300w, https:\/\/nyforetagarcentrum.se\/kristianstad\/wp-content\/uploads\/sites\/51\/2024\/02\/Nyforetagare-ung-LOW-1024x683.jpg 1024w, https:\/\/nyforetagarcentrum.se\/kristianstad\/wp-content\/uploads\/sites\/51\/2024\/02\/Nyforetagare-ung-LOW-768x512.jpg 768w\" sizes=\"(max-width: 1476px) 100vw, 1476px\" \/>\n    <div class=\"contained\">\n        <h1 class=\"nfc-block-hero__heading\">V\u00e5r r\u00e5dgivare<\/h1>\n\n            <\/div>\n<\/section>\n\n\n<div style=\"height:49px\" aria-hidden=\"true\" class=\"wp-block-spacer\"><\/div>\n\n\n<section  class=\"nfc-block-breadcrumbs\">\n    <div class=\"wrapper contained\">\n        <ol class=\"breadcrumbs\" itemscope itemtype=\"https:\/\/schema.org\/BreadcrumbList\">\n            <li itemprop=\"itemListElement\" itemscope itemtype=\"https:\/\/schema.org\/ListItem\">\n            \n\n                            <span class=\"current\" itemprop=\"name\">Hem<\/span>\n            \n            <meta itemprop=\"position\" content=\"1\" \/>\n        <\/li>\n    <\/ol>    <\/div>\n<\/section>\n\n\n<div style=\"height:100px\" aria-hidden=\"true\" class=\"wp-block-spacer\"><\/div>\n\n\n<section  class=\"nfc-block-person_grid alignwide layout-featured\">\n    <div class=\"contained\">\n        <div class=\"grid\">\n            <div class=\"person-featured-card\">\n    \n    <div class=\"featured_image\">\n                    <img loading=\"lazy\" decoding=\"async\" width=\"427\" height=\"640\" src=\"https:\/\/nyforetagarcentrum.se\/kristianstad\/wp-content\/uploads\/sites\/51\/2024\/05\/570A9749.jpg\" class=\"attachment-large size-large\" alt=\"\" srcset=\"https:\/\/nyforetagarcentrum.se\/kristianstad\/wp-content\/uploads\/sites\/51\/2024\/05\/570A9749.jpg 427w, https:\/\/nyforetagarcentrum.se\/kristianstad\/wp-content\/uploads\/sites\/51\/2024\/05\/570A9749-200x300.jpg 200w\" sizes=\"(max-width: 427px) 100vw, 427px\" \/>            <\/div>\n\n    <div class=\"content-wrapper\">\n        <h3>Susanne Kikki Israelsson<\/h3>\n\n                    <div class=\"tags\">\n                Inriktning:\n                                    <span class=\"tag small\">Marknad<\/span>\n                                    <span class=\"tag small\">Redovisning<\/span>\n                            <\/div>\n        \n                    <div class=\"excerpt\">\n                Mitt namn \u00e4r Susanne-Kikki Israelsson och jag \u00e4r r\u00e5dgivare p\u00e5 Nyf\u00f6retagarCentrum i Kristianstad och \u00d6stra G\u00f6inge. Med \u00f6ver 30 \u00e5rs erfarenhet inom aff\u00e4rsutveckling och 13 \u00e5r som egenf\u00f6retagare, \u00e4r jag passionerad \u00f6ver att hj\u00e4lpa andra p\u00e5 deras entrepren\u00f6rsresa. Jag \u00e4lskar att m\u00f6ta nyf\u00f6retagare och guida dem i att starta och utveckla sina verksamheter.<br \/>\r\n<br \/>\r\nNyf\u00f6retagarCentrum \u00e4r, enligt mig, en verklig dr\u00f6mfabrik. M\u00e4nniskor kommer hit med stora id\u00e9er och visioner, och vi \u00e4r h\u00e4r f\u00f6r att ge dem de verktyg och den kunskap de beh\u00f6ver f\u00f6r att f\u00f6rverkliga sina dr\u00f6mmar. Att f\u00e5 vara en del av deras framg\u00e5ngsresor \u00e4r b\u00e5de inspirerande och givande.<br \/>\r\n<br \/>\r\nHos oss p\u00e5 Nyf\u00f6retagarCentrum f\u00e5r nyf\u00f6retagare inte bara r\u00e5dgivning, utan ocks\u00e5 st\u00f6d, uppmuntran och en skr\u00e4ddarsydd v\u00e4gledning som hj\u00e4lper dem att navigera genom f\u00f6retagsv\u00e4rldens alla utmaningar. Vi tror p\u00e5 varje individs potential att skapa n\u00e5got fantastiskt, och vi \u00e4r h\u00e4r f\u00f6r att g\u00f6ra den resan m\u00f6jlig.                <br\/>\n                            <\/div>\n        \n                    <a href=\"https:\/\/jobsdata-nyforetagarcentrum.se\/ExternBooking?OfficeId=48f9e3a4-4196-e811-80d7-0050568571f4\" class=\"booking-button button outlined\">Boka r\u00e5dgivning<\/a>\n            <\/div>\n<\/div>        <\/div>\n    <\/div>\n<\/section>\n\n\n<div style=\"height:100px\" aria-hidden=\"true\" class=\"wp-block-spacer\"><\/div>\n","protected":false},"excerpt":{"rendered":"","protected":false},"author":1,"featured_media":0,"parent":0,"menu_order":0,"comment_status":"closed","ping_status":"closed","template":"","meta":{"footnotes":""},"acf":[],"yoast_head":"<!-- This site is optimized with the Yoast SEO plugin v22.9 - https:\/\/yoast.com\/wordpress\/plugins\/seo\/ -->\n<title>V\u00e5ra r\u00e5dgivare - Kristianstad<\/title>\n<meta name=\"robots\" content=\"index, follow, max-snippet:-1, max-image-preview:large, max-video-preview:-1\" \/>\n<link rel=\"canonical\" href=\"https:\/\/nyforetagarcentrum.se\/kristianstad\/vara-radgivare\/\" \/>\n<meta property=\"og:locale\" content=\"sv_SE\" \/>\n<meta property=\"og:type\" content=\"article\" \/>\n<meta property=\"og:title\" content=\"V\u00e5ra r\u00e5dgivare - Kristianstad\" \/>\n<meta property=\"og:url\" content=\"https:\/\/nyforetagarcentrum.se\/kristianstad\/vara-radgivare\/\" \/>\n<meta property=\"og:site_name\" content=\"Kristianstad\" \/>\n<meta property=\"article:modified_time\" content=\"2025-05-26T13:34:28+00:00\" \/>\n<meta name=\"twitter:card\" content=\"summary_large_image\" \/>\n<script type=\"application\/ld+json\" class=\"yoast-schema-graph\">{\"@context\":\"https:\/\/schema.org\",\"@graph\":[{\"@type\":\"WebPage\",\"@id\":\"https:\/\/nyforetagarcentrum.se\/kristianstad\/vara-radgivare\/\",\"url\":\"https:\/\/nyforetagarcentrum.se\/kristianstad\/vara-radgivare\/\",\"name\":\"V\u00e5ra r\u00e5dgivare - Kristianstad\",\"isPartOf\":{\"@id\":\"https:\/\/nyforetagarcentrum.se\/kristianstad\/#website\"},\"datePublished\":\"2024-02-29T12:59:39+00:00\",\"dateModified\":\"2025-05-26T13:34:28+00:00\",\"breadcrumb\":{\"@id\":\"https:\/\/nyforetagarcentrum.se\/kristianstad\/vara-radgivare\/#breadcrumb\"},\"inLanguage\":\"sv-SE\",\"potentialAction\":[{\"@type\":\"ReadAction\",\"target\":[\"https:\/\/nyforetagarcentrum.se\/kristianstad\/vara-radgivare\/\"]}]},{\"@type\":\"BreadcrumbList\",\"@id\":\"https:\/\/nyforetagarcentrum.se\/kristianstad\/vara-radgivare\/#breadcrumb\",\"itemListElement\":[{\"@type\":\"ListItem\",\"position\":1,\"name\":\"Hem\",\"item\":\"https:\/\/nyforetagarcentrum.se\/kristianstad\/\"},{\"@type\":\"ListItem\",\"position\":2,\"name\":\"V\u00e5ra r\u00e5dgivare\"}]},{\"@type\":\"WebSite\",\"@id\":\"https:\/\/nyforetagarcentrum.se\/kristianstad\/#website\",\"url\":\"https:\/\/nyforetagarcentrum.se\/kristianstad\/\",\"name\":\"Kristianstad\",\"description\":\"Sveriges ledande kraft f\u00f6r fler nya livskraftiga f\u00f6retag\",\"publisher\":{\"@id\":\"https:\/\/nyforetagarcentrum.se\/kristianstad\/#organization\"},\"potentialAction\":[{\"@type\":\"SearchAction\",\"target\":{\"@type\":\"EntryPoint\",\"urlTemplate\":\"https:\/\/nyforetagarcentrum.se\/kristianstad\/?s={search_term_string}\"},\"query-input\":\"required name=search_term_string\"}],\"inLanguage\":\"sv-SE\"},{\"@type\":\"Organization\",\"@id\":\"https:\/\/nyforetagarcentrum.se\/kristianstad\/#organization\",\"name\":\"Kristianstad\",\"url\":\"https:\/\/nyforetagarcentrum.se\/kristianstad\/\",\"logo\":{\"@type\":\"ImageObject\",\"inLanguage\":\"sv-SE\",\"@id\":\"https:\/\/nyforetagarcentrum.se\/kristianstad\/#\/schema\/logo\/image\/\",\"url\":\"https:\/\/nyforetagarcentrum.se\/kristianstad\/wp-content\/uploads\/sites\/51\/2024\/05\/NyFC_Kristianstad_Ostra_Goinge_big.png\",\"contentUrl\":\"https:\/\/nyforetagarcentrum.se\/kristianstad\/wp-content\/uploads\/sites\/51\/2024\/05\/NyFC_Kristianstad_Ostra_Goinge_big.png\",\"width\":1000,\"height\":462,\"caption\":\"Kristianstad\"},\"image\":{\"@id\":\"https:\/\/nyforetagarcentrum.se\/kristianstad\/#\/schema\/logo\/image\/\"}}]}<\/script>\n<!-- \/ Yoast SEO plugin. -->","yoast_head_json":{"title":"V\u00e5ra r\u00e5dgivare - Kristianstad","robots":{"index":"index","follow":"follow","max-snippet":"max-snippet:-1","max-image-preview":"max-image-preview:large","max-video-preview":"max-video-preview:-1"},"canonical":"https:\/\/nyforetagarcentrum.se\/kristianstad\/vara-radgivare\/","og_locale":"sv_SE","og_type":"article","og_title":"V\u00e5ra r\u00e5dgivare - Kristianstad","og_url":"https:\/\/nyforetagarcentrum.se\/kristianstad\/vara-radgivare\/","og_site_name":"Kristianstad","article_modified_time":"2025-05-26T13:34:28+00:00","twitter_card":"summary_large_image","schema":{"@context":"https:\/\/schema.org","@graph":[{"@type":"WebPage","@id":"https:\/\/nyforetagarcentrum.se\/kristianstad\/vara-radgivare\/","url":"https:\/\/nyforetagarcentrum.se\/kristianstad\/vara-radgivare\/","name":"V\u00e5ra r\u00e5dgivare - Kristianstad","isPartOf":{"@id":"https:\/\/nyforetagarcentrum.se\/kristianstad\/#website"},"datePublished":"2024-02-29T12:59:39+00:00","dateModified":"2025-05-26T13:34:28+00:00","breadcrumb":{"@id":"https:\/\/nyforetagarcentrum.se\/kristianstad\/vara-radgivare\/#breadcrumb"},"inLanguage":"sv-SE","potentialAction":[{"@type":"ReadAction","target":["https:\/\/nyforetagarcentrum.se\/kristianstad\/vara-radgivare\/"]}]},{"@type":"BreadcrumbList","@id":"https:\/\/nyforetagarcentrum.se\/kristianstad\/vara-radgivare\/#breadcrumb","itemListElement":[{"@type":"ListItem","position":1,"name":"Hem","item":"https:\/\/nyforetagarcentrum.se\/kristianstad\/"},{"@type":"ListItem","position":2,"name":"V\u00e5ra r\u00e5dgivare"}]},{"@type":"WebSite","@id":"https:\/\/nyforetagarcentrum.se\/kristianstad\/#website","url":"https:\/\/nyforetagarcentrum.se\/kristianstad\/","name":"Kristianstad","description":"Sveriges ledande kraft f\u00f6r fler nya livskraftiga f\u00f6retag","publisher":{"@id":"https:\/\/nyforetagarcentrum.se\/kristianstad\/#organization"},"potentialAction":[{"@type":"SearchAction","target":{"@type":"EntryPoint","urlTemplate":"https:\/\/nyforetagarcentrum.se\/kristianstad\/?s={search_term_string}"},"query-input":"required name=search_term_string"}],"inLanguage":"sv-SE"},{"@type":"Organization","@id":"https:\/\/nyforetagarcentrum.se\/kristianstad\/#organization","name":"Kristianstad","url":"https:\/\/nyforetagarcentrum.se\/kristianstad\/","logo":{"@type":"ImageObject","inLanguage":"sv-SE","@id":"https:\/\/nyforetagarcentrum.se\/kristianstad\/#\/schema\/logo\/image\/","url":"https:\/\/nyforetagarcentrum.se\/kristianstad\/wp-content\/uploads\/sites\/51\/2024\/05\/NyFC_Kristianstad_Ostra_Goinge_big.png","contentUrl":"https:\/\/nyforetagarcentrum.se\/kristianstad\/wp-content\/uploads\/sites\/51\/2024\/05\/NyFC_Kristianstad_Ostra_Goinge_big.png","width":1000,"height":462,"caption":"Kristianstad"},"image":{"@id":"https:\/\/nyforetagarcentrum.se\/kristianstad\/#\/schema\/logo\/image\/"}}]}},"_links":{"self":[{"href":"https:\/\/nyforetagarcentrum.se\/kristianstad\/wp-json\/wp\/v2\/pages\/239"}],"collection":[{"href":"https:\/\/nyforetagarcentrum.se\/kristianstad\/wp-json\/wp\/v2\/pages"}],"about":[{"href":"https:\/\/nyforetagarcentrum.se\/kristianstad\/wp-json\/wp\/v2\/types\/page"}],"author":[{"embeddable":true,"href":"https:\/\/nyforetagarcentrum.se\/kristianstad\/wp-json\/wp\/v2\/users\/1"}],"replies":[{"embeddable":true,"href":"https:\/\/nyforetagarcentrum.se\/kristianstad\/wp-json\/wp\/v2\/comments?post=239"}],"version-history":[{"count":6,"href":"https:\/\/nyforetagarcentrum.se\/kristianstad\/wp-json\/wp\/v2\/pages\/239\/revisions"}],"predecessor-version":[{"id":831,"href":"https:\/\/nyforetagarcentrum.se\/kristianstad\/wp-json\/wp\/v2\/pages\/239\/revisions\/831"}],"wp:attachment":[{"href":"https:\/\/nyforetagarcentrum.se\/kristianstad\/wp-json\/wp\/v2\/media?parent=239"}],"curies":[{"name":"wp","href":"https:\/\/api.w.org\/{rel}","templated":true}]}}