{"id":161,"date":"2024-02-27T16:04:37","date_gmt":"2024-02-27T15:04:37","guid":{"rendered":"https:\/\/nyforetagarcentrum.se\/kristianstad\/?page_id=161"},"modified":"2025-07-02T08:40:15","modified_gmt":"2025-07-02T06:40:15","slug":"om-oss","status":"publish","type":"page","link":"https:\/\/nyforetagarcentrum.se\/kristianstad\/om-oss\/","title":{"rendered":"Om oss"},"content":{"rendered":"<section  class=\"nfc-block-hero alignfull\">\n\n    <img loading=\"lazy\" decoding=\"async\" width=\"714\" height=\"622\" src=\"https:\/\/nyforetagarcentrum.se\/kristianstad\/wp-content\/uploads\/sites\/51\/2024\/02\/ySLeov8m_8.png\" class=\"attachment-landscape size-landscape\" alt=\"\" srcset=\"https:\/\/nyforetagarcentrum.se\/kristianstad\/wp-content\/uploads\/sites\/51\/2024\/02\/ySLeov8m_8.png 714w, https:\/\/nyforetagarcentrum.se\/kristianstad\/wp-content\/uploads\/sites\/51\/2024\/02\/ySLeov8m_8-300x261.png 300w\" sizes=\"(max-width: 714px) 100vw, 714px\" \/>\n    <div class=\"contained\">\n        <h1 class=\"nfc-block-hero__heading\">Om oss<\/h1>\n\n            <\/div>\n<\/section>\n\n\n<div style=\"height:50px\" aria-hidden=\"true\" class=\"wp-block-spacer\"><\/div>\n\n\n<section  class=\"nfc-block-breadcrumbs\">\n    <div class=\"wrapper contained\">\n        <ol class=\"breadcrumbs\" itemscope itemtype=\"https:\/\/schema.org\/BreadcrumbList\">\n            <li itemprop=\"itemListElement\" itemscope itemtype=\"https:\/\/schema.org\/ListItem\">\n            \n\n                            <span class=\"current\" itemprop=\"name\">Hem<\/span>\n            \n            <meta itemprop=\"position\" content=\"1\" \/>\n        <\/li>\n    <\/ol>    <\/div>\n<\/section>\n\n\n<div style=\"height:51px\" aria-hidden=\"true\" class=\"wp-block-spacer\"><\/div>\n\n\n<section  class=\"nfc-block-split_screen alignwide image_alignment-left\">\n    <div class=\"wrapper\">\n        <div class=\"nfc-block-split_screen__image-wrapper\">\n            <img loading=\"lazy\" decoding=\"async\" width=\"696\" height=\"496\" src=\"https:\/\/nyforetagarcentrum.se\/kristianstad\/wp-content\/uploads\/sites\/51\/2024\/05\/570A9810-e1727424078395.jpg\" class=\"attachment-landscape size-landscape\" alt=\"\" srcset=\"https:\/\/nyforetagarcentrum.se\/kristianstad\/wp-content\/uploads\/sites\/51\/2024\/05\/570A9810-e1727424078395.jpg 696w, https:\/\/nyforetagarcentrum.se\/kristianstad\/wp-content\/uploads\/sites\/51\/2024\/05\/570A9810-e1727424078395-300x214.jpg 300w\" sizes=\"(max-width: 696px) 100vw, 696px\" \/>        <\/div>\n\n        <div class=\"nfc-block-split_screen__content-wrapper\">\n            <h2>V\u00e5r verksamhet<\/h2>\n<p>Du hittar oss p\u00e5 Nyf\u00f6retagarCentrum i Krinovas lokaler p\u00e5 N\u00e4sby. H\u00e4r sitter vi tillsammans med andra entrepren\u00f6rer och vision\u00e4rer som tillsammans skapar den b\u00e4sta f\u00f6retagsandan du kan t\u00e4nka dig.<\/p>\n<p>V\u00e5ra r\u00e5dgivare hj\u00e4lper dig komma ig\u00e5ng med din verksamhet och utmanar dig till att ta din dr\u00f6m till n\u00e4sta niv\u00e5.<\/p>\n\n                            <div class=\"nfc-block-split_screen__buttons\">\n                                            <a href=\"vara-samarbetspartners\/\" class=\"button outlined\">V\u00e5ra samarbetspartners<\/a>\n                                    <\/div>\n            \n        <\/div>\n    <\/div>\n<\/section>\n\n\n<div style=\"height:50px\" aria-hidden=\"true\" class=\"wp-block-spacer\"><\/div>\n\n\n\n<div class=\"wp-block-group alignfull has-white-background-color has-background is-layout-constrained wp-block-group-is-layout-constrained\">\n<div style=\"height:51px\" aria-hidden=\"true\" class=\"wp-block-spacer\"><\/div>\n\n\n<section  class=\"nfc-block-quote contained alignfull\">\n    <div class=\"wrapper contained\">\n        <p class=\"quote h2\"><\/p>\n        <div class=\"author\">\n            <div class=\"avatar\">\n                <img loading=\"lazy\" decoding=\"async\" width=\"150\" height=\"150\" src=\"https:\/\/nyforetagarcentrum.se\/kristianstad\/wp-content\/uploads\/sites\/51\/2024\/02\/cropped-NFC_CMYK_2010_logo-150x150.png\" class=\"attachment-thumbnail size-thumbnail\" alt=\"\" srcset=\"https:\/\/nyforetagarcentrum.se\/kristianstad\/wp-content\/uploads\/sites\/51\/2024\/02\/cropped-NFC_CMYK_2010_logo-150x150.png 150w, https:\/\/nyforetagarcentrum.se\/kristianstad\/wp-content\/uploads\/sites\/51\/2024\/02\/cropped-NFC_CMYK_2010_logo-300x300.png 300w, https:\/\/nyforetagarcentrum.se\/kristianstad\/wp-content\/uploads\/sites\/51\/2024\/02\/cropped-NFC_CMYK_2010_logo.png 512w\" sizes=\"(max-width: 150px) 100vw, 150px\" \/>            <\/div>\n            <div class=\"text\">\n                <p class=\"name\">Nyf\u00f6retagarCentrum<\/p>\n                <p class=\"subtitle\">Kristianstad \u00d6stra G\u00f6inge<\/p>\n            <\/div>\n        <\/div>\n    <\/div>\n<\/section>\n\n\n<div style=\"height:51px\" aria-hidden=\"true\" class=\"wp-block-spacer\"><\/div>\n\n\n\n<div class=\"wp-block-columns alignwide is-layout-flex wp-container-core-columns-is-layout-1 wp-block-columns-is-layout-flex\">\n<div class=\"wp-block-column is-layout-flow wp-block-column-is-layout-flow\">\n<p class=\"no-margin\" style=\"font-size:100px;font-style:normal;font-weight:700\">17%<\/p>\n\n\n\n<p class=\"has-text-color has-link-color wp-elements-15f03158ea0e0687e0ccd7397910300f\" style=\"color:#4d4d4d\">Av de f\u00f6retag som startades under 2024 i Kristianstad och \u00d6stra G\u00f6inge har 17% g\u00e5tt genom Nyf\u00f6retagarCentrum.<\/p>\n<\/div>\n\n\n\n<div class=\"wp-block-column is-layout-flow wp-block-column-is-layout-flow\">\n<p class=\"no-margin\" style=\"font-size:100px;font-style:normal;font-weight:700\">103<\/p>\n\n\n\n<p class=\"has-text-color has-link-color wp-elements-76dbfb8e2156174fd0800c5cf96f0fb5\" style=\"color:#4d4d4d\">F\u00f6rra \u00e5ret hj\u00e4lpte vi 103 st nyf\u00f6retagare med personlig r\u00e5dgivning.<\/p>\n<\/div>\n\n\n\n<div class=\"wp-block-column is-layout-flow wp-block-column-is-layout-flow\">\n<p class=\"no-margin\" style=\"font-size:100px;font-style:normal;font-weight:700\">75<\/p>\n\n\n\n<p class=\"has-text-color has-link-color wp-elements-caaf077924cb1031856f90b752df5b62\" style=\"color:#4d4d4d\">Under 2024 skapades 75 nya f\u00f6retag i Kristianstad och \u00d6stra G\u00f6inge med r\u00e5dgivning av Nyf\u00f6retagarCentrum.<\/p>\n<\/div>\n<\/div>\n\n\n\n<div style=\"height:51px\" aria-hidden=\"true\" class=\"wp-block-spacer\"><\/div>\n\n\n\n<div style=\"height:51px\" aria-hidden=\"true\" class=\"wp-block-spacer\"><\/div>\n<\/div>\n\n\n\n<div style=\"height:50px\" aria-hidden=\"true\" class=\"wp-block-spacer\"><\/div>\n\n\n\n<h2 class=\"wp-block-heading has-text-align-center\">\u00c4r ditt f\u00f6retag eller organisation intresserad av att st\u00f6tta Nyf\u00f6retagarCentrum Kristianstad \u00d6stra G\u00f6inges arbete?<\/h2>\n\n\n\n<div class=\"wp-block-group alignfull is-layout-constrained wp-block-group-is-layout-constrained\"><section  class=\"nfc-block-form aligncontent layout-small\">\n    <div class=\"contained\">\n\n        <form data-nfc-form=\"block_84f086999862d30ded06df3d68353f27\" data-nfc-page=\"161\">\n            <label class=\"input-wrapper\" for=\"namn\">\n    <span>Namn<\/span>\n    <input type=\"text\" name=\"namn\" id=\"namn\" placeholder=\"\" >\n<\/label><label class=\"input-wrapper\" for=\"foretag-eller-organisation\">\n    <span>F\u00f6retag eller organisation<\/span>\n    <input type=\"text\" name=\"foretag-eller-organisation\" id=\"foretag-eller-organisation\" placeholder=\"\" >\n<\/label><label class=\"input-wrapper\" for=\"e-post\">\n    <span>E-post<\/span>\n    <input type=\"text\" name=\"e-post\" id=\"e-post\" placeholder=\"\" >\n<\/label>\n            <div class=\"input-wrapper\">\n                <button type=\"submit\" class=\"button\">Skicka<\/button>\n            <\/div>\n        <\/form>\n    <\/div>\n<\/section><\/div>\n\n\n\n<div style=\"height:100px\" aria-hidden=\"true\" class=\"wp-block-spacer\"><\/div>\n\n\n<section  class=\"nfc-block-split_screen alignwide image_alignment-left\">\n    <div class=\"wrapper\">\n        <div class=\"nfc-block-split_screen__image-wrapper\">\n            <img loading=\"lazy\" decoding=\"async\" width=\"1080\" height=\"1080\" src=\"https:\/\/nyforetagarcentrum.se\/kristianstad\/wp-content\/uploads\/sites\/51\/2025\/07\/Globala-mal-kvadrat-2048x2048-1-1080x1080.png\" class=\"attachment-landscape size-landscape\" alt=\"\" srcset=\"https:\/\/nyforetagarcentrum.se\/kristianstad\/wp-content\/uploads\/sites\/51\/2025\/07\/Globala-mal-kvadrat-2048x2048-1-1080x1080.png 1080w, https:\/\/nyforetagarcentrum.se\/kristianstad\/wp-content\/uploads\/sites\/51\/2025\/07\/Globala-mal-kvadrat-2048x2048-1-300x300.png 300w, https:\/\/nyforetagarcentrum.se\/kristianstad\/wp-content\/uploads\/sites\/51\/2025\/07\/Globala-mal-kvadrat-2048x2048-1-1024x1024.png 1024w, https:\/\/nyforetagarcentrum.se\/kristianstad\/wp-content\/uploads\/sites\/51\/2025\/07\/Globala-mal-kvadrat-2048x2048-1-150x150.png 150w, https:\/\/nyforetagarcentrum.se\/kristianstad\/wp-content\/uploads\/sites\/51\/2025\/07\/Globala-mal-kvadrat-2048x2048-1-768x768.png 768w, https:\/\/nyforetagarcentrum.se\/kristianstad\/wp-content\/uploads\/sites\/51\/2025\/07\/Globala-mal-kvadrat-2048x2048-1-1536x1536.png 1536w, https:\/\/nyforetagarcentrum.se\/kristianstad\/wp-content\/uploads\/sites\/51\/2025\/07\/Globala-mal-kvadrat-2048x2048-1.png 2048w\" sizes=\"(max-width: 1080px) 100vw, 1080px\" \/>        <\/div>\n\n        <div class=\"nfc-block-split_screen__content-wrapper\">\n            <h2>H\u00e5llbarhetsarbete<\/h2>\n<p>Ett h\u00e5llbart f\u00f6retagande \u00e4r en viktig del i att skapa ett h\u00e5llbart samh\u00e4lle. Genom Nyf\u00f6retagarCentrums r\u00e5dgivning belyses h\u00e5llbarhetsaspekten inf\u00f6r varje f\u00f6retagsstart. F\u00f6retagens sociala ansvar st\u00e5r st\u00e4ndigt i fokus.<\/p>\n<p>Nyf\u00f6retagarCentrum har en tradition vad g\u00e4ller CSR (Corporate Social Responsibility), som medgrundare 1995 till CSR Europe och 2004 till CSR Sweden. Vi anknyter i v\u00e5r verksamhet till FN:s globala m\u00e5l. 2015 antog FN:s medlemsstater Agenda 2030 (se nedan). Syftet h\u00e4r \u00e4r att \u00e5r 2030 uppn\u00e5 en socialt, milj\u00f6m\u00e4ssigt och ekonomiskt h\u00e5llbar utveckling v\u00e4rlden \u00f6ver.<\/p>\n\n            \n        <\/div>\n    <\/div>\n<\/section>","protected":false},"excerpt":{"rendered":"<p>17% Av de f\u00f6retag som startades under 2024 i Kristianstad och \u00d6stra G\u00f6inge har 17% g\u00e5tt genom Nyf\u00f6retagarCentrum. 103 F\u00f6rra \u00e5ret hj\u00e4lpte vi 103 st nyf\u00f6retagare med personlig r\u00e5dgivning. 75 Under 2024 skapades 75 nya f\u00f6retag i Kristianstad och \u00d6stra G\u00f6inge med r\u00e5dgivning av Nyf\u00f6retagarCentrum. \u00c4r ditt f\u00f6retag eller organisation intresserad av att st\u00f6tta Nyf\u00f6retagarCentrum [&hellip;]<\/p>\n","protected":false},"author":1,"featured_media":0,"parent":0,"menu_order":0,"comment_status":"closed","ping_status":"closed","template":"","meta":{"footnotes":""},"acf":[],"yoast_head":"<!-- This site is optimized with the Yoast SEO plugin v22.9 - https:\/\/yoast.com\/wordpress\/plugins\/seo\/ -->\n<title>Om oss - Kristianstad<\/title>\n<meta name=\"robots\" content=\"index, follow, max-snippet:-1, max-image-preview:large, max-video-preview:-1\" \/>\n<link rel=\"canonical\" href=\"https:\/\/nyforetagarcentrum.se\/kristianstad\/om-oss\/\" \/>\n<meta property=\"og:locale\" content=\"sv_SE\" \/>\n<meta property=\"og:type\" content=\"article\" \/>\n<meta property=\"og:title\" content=\"Om oss - Kristianstad\" \/>\n<meta property=\"og:description\" content=\"17% Av de f\u00f6retag som startades under 2024 i Kristianstad och \u00d6stra G\u00f6inge har 17% g\u00e5tt genom Nyf\u00f6retagarCentrum. 103 F\u00f6rra \u00e5ret hj\u00e4lpte vi 103 st nyf\u00f6retagare med personlig r\u00e5dgivning. 75 Under 2024 skapades 75 nya f\u00f6retag i Kristianstad och \u00d6stra G\u00f6inge med r\u00e5dgivning av Nyf\u00f6retagarCentrum. \u00c4r ditt f\u00f6retag eller organisation intresserad av att st\u00f6tta Nyf\u00f6retagarCentrum [&hellip;]\" \/>\n<meta property=\"og:url\" content=\"https:\/\/nyforetagarcentrum.se\/kristianstad\/om-oss\/\" \/>\n<meta property=\"og:site_name\" content=\"Kristianstad\" \/>\n<meta property=\"article:modified_time\" content=\"2025-07-02T06:40:15+00:00\" \/>\n<meta name=\"twitter:card\" content=\"summary_large_image\" \/>\n<meta name=\"twitter:label1\" content=\"Ber\u00e4knad l\u00e4stid\" \/>\n\t<meta name=\"twitter:data1\" content=\"1 minut\" \/>\n<script type=\"application\/ld+json\" class=\"yoast-schema-graph\">{\"@context\":\"https:\/\/schema.org\",\"@graph\":[{\"@type\":\"WebPage\",\"@id\":\"https:\/\/nyforetagarcentrum.se\/kristianstad\/om-oss\/\",\"url\":\"https:\/\/nyforetagarcentrum.se\/kristianstad\/om-oss\/\",\"name\":\"Om oss - Kristianstad\",\"isPartOf\":{\"@id\":\"https:\/\/nyforetagarcentrum.se\/kristianstad\/#website\"},\"datePublished\":\"2024-02-27T15:04:37+00:00\",\"dateModified\":\"2025-07-02T06:40:15+00:00\",\"breadcrumb\":{\"@id\":\"https:\/\/nyforetagarcentrum.se\/kristianstad\/om-oss\/#breadcrumb\"},\"inLanguage\":\"sv-SE\",\"potentialAction\":[{\"@type\":\"ReadAction\",\"target\":[\"https:\/\/nyforetagarcentrum.se\/kristianstad\/om-oss\/\"]}]},{\"@type\":\"BreadcrumbList\",\"@id\":\"https:\/\/nyforetagarcentrum.se\/kristianstad\/om-oss\/#breadcrumb\",\"itemListElement\":[{\"@type\":\"ListItem\",\"position\":1,\"name\":\"Hem\",\"item\":\"https:\/\/nyforetagarcentrum.se\/kristianstad\/\"},{\"@type\":\"ListItem\",\"position\":2,\"name\":\"Om oss\"}]},{\"@type\":\"WebSite\",\"@id\":\"https:\/\/nyforetagarcentrum.se\/kristianstad\/#website\",\"url\":\"https:\/\/nyforetagarcentrum.se\/kristianstad\/\",\"name\":\"Kristianstad\",\"description\":\"Sveriges ledande kraft f\u00f6r fler nya livskraftiga f\u00f6retag\",\"publisher\":{\"@id\":\"https:\/\/nyforetagarcentrum.se\/kristianstad\/#organization\"},\"potentialAction\":[{\"@type\":\"SearchAction\",\"target\":{\"@type\":\"EntryPoint\",\"urlTemplate\":\"https:\/\/nyforetagarcentrum.se\/kristianstad\/?s={search_term_string}\"},\"query-input\":\"required name=search_term_string\"}],\"inLanguage\":\"sv-SE\"},{\"@type\":\"Organization\",\"@id\":\"https:\/\/nyforetagarcentrum.se\/kristianstad\/#organization\",\"name\":\"Kristianstad\",\"url\":\"https:\/\/nyforetagarcentrum.se\/kristianstad\/\",\"logo\":{\"@type\":\"ImageObject\",\"inLanguage\":\"sv-SE\",\"@id\":\"https:\/\/nyforetagarcentrum.se\/kristianstad\/#\/schema\/logo\/image\/\",\"url\":\"https:\/\/nyforetagarcentrum.se\/kristianstad\/wp-content\/uploads\/sites\/51\/2024\/05\/NyFC_Kristianstad_Ostra_Goinge_big.png\",\"contentUrl\":\"https:\/\/nyforetagarcentrum.se\/kristianstad\/wp-content\/uploads\/sites\/51\/2024\/05\/NyFC_Kristianstad_Ostra_Goinge_big.png\",\"width\":1000,\"height\":462,\"caption\":\"Kristianstad\"},\"image\":{\"@id\":\"https:\/\/nyforetagarcentrum.se\/kristianstad\/#\/schema\/logo\/image\/\"}}]}<\/script>\n<!-- \/ Yoast SEO plugin. -->","yoast_head_json":{"title":"Om oss - Kristianstad","robots":{"index":"index","follow":"follow","max-snippet":"max-snippet:-1","max-image-preview":"max-image-preview:large","max-video-preview":"max-video-preview:-1"},"canonical":"https:\/\/nyforetagarcentrum.se\/kristianstad\/om-oss\/","og_locale":"sv_SE","og_type":"article","og_title":"Om oss - Kristianstad","og_description":"17% Av de f\u00f6retag som startades under 2024 i Kristianstad och \u00d6stra G\u00f6inge har 17% g\u00e5tt genom Nyf\u00f6retagarCentrum. 103 F\u00f6rra \u00e5ret hj\u00e4lpte vi 103 st nyf\u00f6retagare med personlig r\u00e5dgivning. 75 Under 2024 skapades 75 nya f\u00f6retag i Kristianstad och \u00d6stra G\u00f6inge med r\u00e5dgivning av Nyf\u00f6retagarCentrum. \u00c4r ditt f\u00f6retag eller organisation intresserad av att st\u00f6tta Nyf\u00f6retagarCentrum [&hellip;]","og_url":"https:\/\/nyforetagarcentrum.se\/kristianstad\/om-oss\/","og_site_name":"Kristianstad","article_modified_time":"2025-07-02T06:40:15+00:00","twitter_card":"summary_large_image","twitter_misc":{"Ber\u00e4knad l\u00e4stid":"1 minut"},"schema":{"@context":"https:\/\/schema.org","@graph":[{"@type":"WebPage","@id":"https:\/\/nyforetagarcentrum.se\/kristianstad\/om-oss\/","url":"https:\/\/nyforetagarcentrum.se\/kristianstad\/om-oss\/","name":"Om oss - Kristianstad","isPartOf":{"@id":"https:\/\/nyforetagarcentrum.se\/kristianstad\/#website"},"datePublished":"2024-02-27T15:04:37+00:00","dateModified":"2025-07-02T06:40:15+00:00","breadcrumb":{"@id":"https:\/\/nyforetagarcentrum.se\/kristianstad\/om-oss\/#breadcrumb"},"inLanguage":"sv-SE","potentialAction":[{"@type":"ReadAction","target":["https:\/\/nyforetagarcentrum.se\/kristianstad\/om-oss\/"]}]},{"@type":"BreadcrumbList","@id":"https:\/\/nyforetagarcentrum.se\/kristianstad\/om-oss\/#breadcrumb","itemListElement":[{"@type":"ListItem","position":1,"name":"Hem","item":"https:\/\/nyforetagarcentrum.se\/kristianstad\/"},{"@type":"ListItem","position":2,"name":"Om oss"}]},{"@type":"WebSite","@id":"https:\/\/nyforetagarcentrum.se\/kristianstad\/#website","url":"https:\/\/nyforetagarcentrum.se\/kristianstad\/","name":"Kristianstad","description":"Sveriges ledande kraft f\u00f6r fler nya livskraftiga f\u00f6retag","publisher":{"@id":"https:\/\/nyforetagarcentrum.se\/kristianstad\/#organization"},"potentialAction":[{"@type":"SearchAction","target":{"@type":"EntryPoint","urlTemplate":"https:\/\/nyforetagarcentrum.se\/kristianstad\/?s={search_term_string}"},"query-input":"required name=search_term_string"}],"inLanguage":"sv-SE"},{"@type":"Organization","@id":"https:\/\/nyforetagarcentrum.se\/kristianstad\/#organization","name":"Kristianstad","url":"https:\/\/nyforetagarcentrum.se\/kristianstad\/","logo":{"@type":"ImageObject","inLanguage":"sv-SE","@id":"https:\/\/nyforetagarcentrum.se\/kristianstad\/#\/schema\/logo\/image\/","url":"https:\/\/nyforetagarcentrum.se\/kristianstad\/wp-content\/uploads\/sites\/51\/2024\/05\/NyFC_Kristianstad_Ostra_Goinge_big.png","contentUrl":"https:\/\/nyforetagarcentrum.se\/kristianstad\/wp-content\/uploads\/sites\/51\/2024\/05\/NyFC_Kristianstad_Ostra_Goinge_big.png","width":1000,"height":462,"caption":"Kristianstad"},"image":{"@id":"https:\/\/nyforetagarcentrum.se\/kristianstad\/#\/schema\/logo\/image\/"}}]}},"_links":{"self":[{"href":"https:\/\/nyforetagarcentrum.se\/kristianstad\/wp-json\/wp\/v2\/pages\/161"}],"collection":[{"href":"https:\/\/nyforetagarcentrum.se\/kristianstad\/wp-json\/wp\/v2\/pages"}],"about":[{"href":"https:\/\/nyforetagarcentrum.se\/kristianstad\/wp-json\/wp\/v2\/types\/page"}],"author":[{"embeddable":true,"href":"https:\/\/nyforetagarcentrum.se\/kristianstad\/wp-json\/wp\/v2\/users\/1"}],"replies":[{"embeddable":true,"href":"https:\/\/nyforetagarcentrum.se\/kristianstad\/wp-json\/wp\/v2\/comments?post=161"}],"version-history":[{"count":28,"href":"https:\/\/nyforetagarcentrum.se\/kristianstad\/wp-json\/wp\/v2\/pages\/161\/revisions"}],"predecessor-version":[{"id":849,"href":"https:\/\/nyforetagarcentrum.se\/kristianstad\/wp-json\/wp\/v2\/pages\/161\/revisions\/849"}],"wp:attachment":[{"href":"https:\/\/nyforetagarcentrum.se\/kristianstad\/wp-json\/wp\/v2\/media?parent=161"}],"curies":[{"name":"wp","href":"https:\/\/api.w.org\/{rel}","templated":true}]}}