{"id":239,"date":"2024-02-29T13:59:39","date_gmt":"2024-02-29T12:59:39","guid":{"rendered":"https:\/\/nyforetagarcentrum.se\/kramfors\/?page_id=239"},"modified":"2025-04-23T14:55:11","modified_gmt":"2025-04-23T12:55:11","slug":"vara-radgivare","status":"publish","type":"page","link":"https:\/\/nyforetagarcentrum.se\/kramfors\/vara-radgivare\/","title":{"rendered":"V\u00e5ra r\u00e5dgivare"},"content":{"rendered":"<section  class=\"nfc-block-hero alignfull\">\n\n    <img loading=\"lazy\" decoding=\"async\" width=\"1476\" height=\"984\" src=\"https:\/\/nyforetagarcentrum.se\/kramfors\/wp-content\/uploads\/sites\/22\/2024\/02\/Nyforetagare-ung-LOW.jpg\" class=\"attachment-landscape size-landscape\" alt=\"\" srcset=\"https:\/\/nyforetagarcentrum.se\/kramfors\/wp-content\/uploads\/sites\/22\/2024\/02\/Nyforetagare-ung-LOW.jpg 1476w, https:\/\/nyforetagarcentrum.se\/kramfors\/wp-content\/uploads\/sites\/22\/2024\/02\/Nyforetagare-ung-LOW-300x200.jpg 300w, https:\/\/nyforetagarcentrum.se\/kramfors\/wp-content\/uploads\/sites\/22\/2024\/02\/Nyforetagare-ung-LOW-1024x683.jpg 1024w, https:\/\/nyforetagarcentrum.se\/kramfors\/wp-content\/uploads\/sites\/22\/2024\/02\/Nyforetagare-ung-LOW-768x512.jpg 768w\" sizes=\"(max-width: 1476px) 100vw, 1476px\" \/>\n    <div class=\"contained\">\n        <h1 class=\"nfc-block-hero__heading\">V\u00e5ra r\u00e5dgivare<\/h1>\n\n            <\/div>\n<\/section>\n\n\n<div style=\"height:49px\" aria-hidden=\"true\" class=\"wp-block-spacer\"><\/div>\n\n\n<section  class=\"nfc-block-breadcrumbs\">\n    <div class=\"wrapper contained\">\n        <ol class=\"breadcrumbs\" itemscope itemtype=\"https:\/\/schema.org\/BreadcrumbList\">\n            <li itemprop=\"itemListElement\" itemscope itemtype=\"https:\/\/schema.org\/ListItem\">\n            \n\n                            <span class=\"current\" itemprop=\"name\">Hem<\/span>\n            \n            <meta itemprop=\"position\" content=\"1\" \/>\n        <\/li>\n    <\/ol>    <\/div>\n<\/section>\n\n\n<div class=\"wp-block-group alignwide is-layout-constrained wp-block-group-is-layout-constrained\"><section  class=\"nfc-block-person_grid alignwide layout-featured\">\n    <div class=\"contained\">\n        <div class=\"grid\">\n            <div class=\"person-featured-card\">\n    \n    <div class=\"featured_image\">\n                    <img loading=\"lazy\" decoding=\"async\" width=\"768\" height=\"1024\" src=\"https:\/\/nyforetagarcentrum.se\/kramfors\/wp-content\/uploads\/sites\/22\/2025\/07\/Rasmus-768x1024.jpg\" class=\"attachment-large size-large\" alt=\"\" srcset=\"https:\/\/nyforetagarcentrum.se\/kramfors\/wp-content\/uploads\/sites\/22\/2025\/07\/Rasmus-768x1024.jpg 768w, https:\/\/nyforetagarcentrum.se\/kramfors\/wp-content\/uploads\/sites\/22\/2025\/07\/Rasmus-225x300.jpg 225w, https:\/\/nyforetagarcentrum.se\/kramfors\/wp-content\/uploads\/sites\/22\/2025\/07\/Rasmus-1152x1536.jpg 1152w, https:\/\/nyforetagarcentrum.se\/kramfors\/wp-content\/uploads\/sites\/22\/2025\/07\/Rasmus-1536x2048.jpg 1536w, https:\/\/nyforetagarcentrum.se\/kramfors\/wp-content\/uploads\/sites\/22\/2025\/07\/Rasmus-810x1080.jpg 810w, https:\/\/nyforetagarcentrum.se\/kramfors\/wp-content\/uploads\/sites\/22\/2025\/07\/Rasmus-scaled.jpg 1920w\" sizes=\"(max-width: 768px) 100vw, 768px\" \/>            <\/div>\n\n    <div class=\"content-wrapper\">\n        <h3>Rasmus Johansson<\/h3>\n\n        \n                    <div class=\"excerpt\">\n                Rasmus Johansson \u00e4r v\u00e5rt senaste tillskott av r\u00e5dgivare.<br \/>\r\n<br \/>\r\nJag \u00e4r en helt vanlig landsbygdskille med stort intresse f\u00f6r utvecklingsfr\u00e5gor och entrepren\u00f6rskap ute i v\u00e5r landsbygd som erbjuder helt unika m\u00f6jligheter och utmaningar. Jag fascineras varje dag \u00f6ver m\u00e4nniskor som har id\u00e9er och de som v\u00e5gar ta steget att satsa p\u00e5 sina dr\u00f6mmar.<br \/>\r\n<br \/>\r\nJag driver sj\u00e4lv tv\u00e5 f\u00f6retag p\u00e5 sl\u00e4ktg\u00e5rden i Junsele tillsammans med mina f\u00f6r\u00e4ldrar \u2013 inom b\u00e5de mathantverk och turism. Ut\u00f6ver det \u00e4r jag engagerad i lokala f\u00f6retagarf\u00f6reningen, landsbygdsr\u00e5det, H\u00f6ga Kusten Turism och mycket mer. Ett riktigt energiknippe med andra ord \u2013 och med en stark tro p\u00e5 att tillsammans \u00e4r vi starkare.<br \/>\r\n<br \/>\r\nMitt b\u00e4sta tips: V\u00e5ga att ha dr\u00f6mmar och m\u00e5l \u2013 men gl\u00f6m inte bort verklighetsf\u00f6rankringen.<br \/>\r\n<br \/>\r\nVi ses! <br \/>\r\nrasmus.johansson@nyforetagarcentrum.se                <br\/>\n                            <\/div>\n        \n                    <a href=\"https:\/\/jobsdata-nyforetagarcentrum.se\/ExternBooking?OfficeId=d2eb2900-2ed4-eb11-90fb-005056854b61&#038;_gl=1*2u245y*_ga*MTEwMzcxNDIwNC4xNzQxNjk1OTY4*_ga_9RRJJK0Y4R*MTc0NTQwNzkxNC4yNi4xLjE3NDU0MTI4MjcuNjAuMC4w\" class=\"booking-button button outlined\">Boka r\u00e5dgivning<\/a>\n            <\/div>\n<\/div><div class=\"person-featured-card\">\n    \n    <div class=\"featured_image\">\n                    <img loading=\"lazy\" decoding=\"async\" width=\"768\" height=\"1024\" src=\"https:\/\/nyforetagarcentrum.se\/kramfors\/wp-content\/uploads\/sites\/22\/2025\/06\/20250520_121733462_iOS-768x1024.jpg\" class=\"attachment-large size-large\" alt=\"\" srcset=\"https:\/\/nyforetagarcentrum.se\/kramfors\/wp-content\/uploads\/sites\/22\/2025\/06\/20250520_121733462_iOS-768x1024.jpg 768w, https:\/\/nyforetagarcentrum.se\/kramfors\/wp-content\/uploads\/sites\/22\/2025\/06\/20250520_121733462_iOS-225x300.jpg 225w, https:\/\/nyforetagarcentrum.se\/kramfors\/wp-content\/uploads\/sites\/22\/2025\/06\/20250520_121733462_iOS-1152x1536.jpg 1152w, https:\/\/nyforetagarcentrum.se\/kramfors\/wp-content\/uploads\/sites\/22\/2025\/06\/20250520_121733462_iOS-1536x2048.jpg 1536w, https:\/\/nyforetagarcentrum.se\/kramfors\/wp-content\/uploads\/sites\/22\/2025\/06\/20250520_121733462_iOS-810x1080.jpg 810w, https:\/\/nyforetagarcentrum.se\/kramfors\/wp-content\/uploads\/sites\/22\/2025\/06\/20250520_121733462_iOS-scaled.jpg 1920w\" sizes=\"(max-width: 768px) 100vw, 768px\" \/>            <\/div>\n\n    <div class=\"content-wrapper\">\n        <h3>Sofia Wolfenstein<\/h3>\n\n        \n                    <div class=\"excerpt\">\n                Jag heter Sofia Wolfenstein och \u00e4r verksamhetsledare och r\u00e5dgivare p\u00e5 Nyf\u00f6retagarcentrum Kramfors Sollefte\u00e5. Sedan 2021 driver jag mitt f\u00f6retag, Wolfen Project Consulting, d\u00e4r jag erbjuder skr\u00e4ddarsydda konsulttj\u00e4nster f\u00f6r f\u00f6retag och f\u00f6reningar som vill g\u00f6ra skillnad. Min expertis ligger inom projektledning, processutbildning och evenemangsutveckling, alltid med fokus p\u00e5 h\u00e5llbara samarbeten och konkreta resultat.<br \/>\r\n<br \/>\r\nJag \u00e4r sekreterare i styrelsen f\u00f6r F\u00f6retagarna Kramfors och engagerad i det lokala n\u00e4ringslivet \u2013 n\u00e5got jag brinner f\u00f6r. <br \/>\r\n<br \/>\r\nN\u00e4r jag inte arbetar hittar du mig ofta bakom ratten.  Jag t\u00e4vlar inom bilsport, b\u00e5de som folkracef\u00f6rare och rallyf\u00f6rare. Det \u00e4r en v\u00e4rld d\u00e4r strategi, fokus och mod m\u00f6ts, precis som i entrepren\u00f6rskapet.<br \/>\r\n<br \/>\r\nVi ses!<br \/>\r\nsofia.wolfenstein@nyforetagarcentrum.se                <br\/>\n                            <\/div>\n        \n                    <a href=\"https:\/\/jobsdata-nyforetagarcentrum.se\/ExternBooking?OfficeId=d2eb2900-2ed4-eb11-90fb-005056854b61&#038;_gl=1*2u245y*_ga*MTEwMzcxNDIwNC4xNzQxNjk1OTY4*_ga_9RRJJK0Y4R*MTc0NTQwNzkxNC4yNi4xLjE3NDU0MTI4MjcuNjAuMC4w\" class=\"booking-button button outlined\">Boka r\u00e5dgivning<\/a>\n            <\/div>\n<\/div><div class=\"person-featured-card\">\n    \n    <div class=\"featured_image\">\n                    <img loading=\"lazy\" decoding=\"async\" width=\"768\" height=\"1024\" src=\"https:\/\/nyforetagarcentrum.se\/kramfors\/wp-content\/uploads\/sites\/22\/2025\/06\/20250520_121702106_iOS-768x1024.jpg\" class=\"attachment-large size-large\" alt=\"\" srcset=\"https:\/\/nyforetagarcentrum.se\/kramfors\/wp-content\/uploads\/sites\/22\/2025\/06\/20250520_121702106_iOS-768x1024.jpg 768w, https:\/\/nyforetagarcentrum.se\/kramfors\/wp-content\/uploads\/sites\/22\/2025\/06\/20250520_121702106_iOS-225x300.jpg 225w, https:\/\/nyforetagarcentrum.se\/kramfors\/wp-content\/uploads\/sites\/22\/2025\/06\/20250520_121702106_iOS-1152x1536.jpg 1152w, https:\/\/nyforetagarcentrum.se\/kramfors\/wp-content\/uploads\/sites\/22\/2025\/06\/20250520_121702106_iOS-1536x2048.jpg 1536w, https:\/\/nyforetagarcentrum.se\/kramfors\/wp-content\/uploads\/sites\/22\/2025\/06\/20250520_121702106_iOS-810x1080.jpg 810w, https:\/\/nyforetagarcentrum.se\/kramfors\/wp-content\/uploads\/sites\/22\/2025\/06\/20250520_121702106_iOS-scaled.jpg 1920w\" sizes=\"(max-width: 768px) 100vw, 768px\" \/>            <\/div>\n\n    <div class=\"content-wrapper\">\n        <h3>Sofia Bj\u00f6rklund (f.d. Jonsson)<\/h3>\n\n        \n                    <div class=\"excerpt\">\n                Sofia Bj\u00f6rklund heter jag och bor i Kramfors och Sollefte\u00e5. Sedan 2021 driver jag f\u00f6retag som utbildningskonsult och doula &#8211; inom f\u00f6rlossningsst\u00f6d. Jag kombinerar mitt f\u00f6retag med anst\u00e4llning hos ADC Media d\u00e4r jag har stort fokus p\u00e5 s\u00e4lj, kundv\u00e5rd och tillv\u00e4xt f\u00f6r andra organisationer genom marknadsf\u00f6ring.<br \/>\r\n<br \/>\r\nF\u00f6rtroendeuppdrag: huvudman i Swedbanks \u00c4garstiftelse Norrland och styrelseledamot i Svan\u00f6 Folkets Hus-f\u00f6rening och BRF Gjutaren.<br \/>\r\n<br \/>\r\nNyfikenhet, stora dr\u00f6mmar som jag alltid lyckas uppfylla och ett stort n\u00e4tverk \u00e4r n\u00e5got jag alltid b\u00e4r med mig.<br \/>\r\n<br \/>\r\nVi ses!<br \/>\r\nsofia.jonsson@nyforetagarcentrum.se                <br\/>\n                            <\/div>\n        \n                    <a href=\"https:\/\/jobsdata-nyforetagarcentrum.se\/ExternBooking?OfficeId=d2eb2900-2ed4-eb11-90fb-005056854b61&#038;_gl=1*2u245y*_ga*MTEwMzcxNDIwNC4xNzQxNjk1OTY4*_ga_9RRJJK0Y4R*MTc0NTQwNzkxNC4yNi4xLjE3NDU0MTI4MjcuNjAuMC4w\" class=\"booking-button button outlined\">Boka r\u00e5dgivning<\/a>\n            <\/div>\n<\/div>        <\/div>\n    <\/div>\n<\/section><\/div>\n\n\n\n<div style=\"height:100px\" aria-hidden=\"true\" class=\"wp-block-spacer\"><\/div>\n","protected":false},"excerpt":{"rendered":"","protected":false},"author":1,"featured_media":0,"parent":0,"menu_order":0,"comment_status":"closed","ping_status":"closed","template":"","meta":{"footnotes":""},"acf":[],"yoast_head":"<!-- This site is optimized with the Yoast SEO plugin v22.9 - https:\/\/yoast.com\/wordpress\/plugins\/seo\/ -->\n<title>V\u00e5ra r\u00e5dgivare - Kramfors<\/title>\n<meta name=\"robots\" content=\"index, follow, max-snippet:-1, max-image-preview:large, max-video-preview:-1\" \/>\n<link rel=\"canonical\" href=\"https:\/\/nyforetagarcentrum.se\/kramfors\/vara-radgivare\/\" \/>\n<meta property=\"og:locale\" content=\"sv_SE\" \/>\n<meta property=\"og:type\" content=\"article\" \/>\n<meta property=\"og:title\" content=\"V\u00e5ra r\u00e5dgivare - Kramfors\" \/>\n<meta property=\"og:url\" content=\"https:\/\/nyforetagarcentrum.se\/kramfors\/vara-radgivare\/\" \/>\n<meta property=\"og:site_name\" content=\"Kramfors\" \/>\n<meta property=\"article:modified_time\" content=\"2025-04-23T12:55:11+00:00\" \/>\n<meta name=\"twitter:card\" content=\"summary_large_image\" \/>\n<script type=\"application\/ld+json\" class=\"yoast-schema-graph\">{\"@context\":\"https:\/\/schema.org\",\"@graph\":[{\"@type\":\"WebPage\",\"@id\":\"https:\/\/nyforetagarcentrum.se\/kramfors\/vara-radgivare\/\",\"url\":\"https:\/\/nyforetagarcentrum.se\/kramfors\/vara-radgivare\/\",\"name\":\"V\u00e5ra r\u00e5dgivare - Kramfors\",\"isPartOf\":{\"@id\":\"https:\/\/nyforetagarcentrum.se\/kramfors\/#website\"},\"datePublished\":\"2024-02-29T12:59:39+00:00\",\"dateModified\":\"2025-04-23T12:55:11+00:00\",\"breadcrumb\":{\"@id\":\"https:\/\/nyforetagarcentrum.se\/kramfors\/vara-radgivare\/#breadcrumb\"},\"inLanguage\":\"sv-SE\",\"potentialAction\":[{\"@type\":\"ReadAction\",\"target\":[\"https:\/\/nyforetagarcentrum.se\/kramfors\/vara-radgivare\/\"]}]},{\"@type\":\"BreadcrumbList\",\"@id\":\"https:\/\/nyforetagarcentrum.se\/kramfors\/vara-radgivare\/#breadcrumb\",\"itemListElement\":[{\"@type\":\"ListItem\",\"position\":1,\"name\":\"Hem\",\"item\":\"https:\/\/nyforetagarcentrum.se\/kramfors\/\"},{\"@type\":\"ListItem\",\"position\":2,\"name\":\"V\u00e5ra r\u00e5dgivare\"}]},{\"@type\":\"WebSite\",\"@id\":\"https:\/\/nyforetagarcentrum.se\/kramfors\/#website\",\"url\":\"https:\/\/nyforetagarcentrum.se\/kramfors\/\",\"name\":\"Kramfors\",\"description\":\"Sveriges ledande kraft f\u00f6r fler nya livskraftiga f\u00f6retag\",\"publisher\":{\"@id\":\"https:\/\/nyforetagarcentrum.se\/kramfors\/#organization\"},\"potentialAction\":[{\"@type\":\"SearchAction\",\"target\":{\"@type\":\"EntryPoint\",\"urlTemplate\":\"https:\/\/nyforetagarcentrum.se\/kramfors\/?s={search_term_string}\"},\"query-input\":\"required name=search_term_string\"}],\"inLanguage\":\"sv-SE\"},{\"@type\":\"Organization\",\"@id\":\"https:\/\/nyforetagarcentrum.se\/kramfors\/#organization\",\"name\":\"Kramfors\",\"url\":\"https:\/\/nyforetagarcentrum.se\/kramfors\/\",\"logo\":{\"@type\":\"ImageObject\",\"inLanguage\":\"sv-SE\",\"@id\":\"https:\/\/nyforetagarcentrum.se\/kramfors\/#\/schema\/logo\/image\/\",\"url\":\"https:\/\/nyforetagarcentrum.se\/kramfors\/wp-content\/uploads\/sites\/22\/2024\/04\/Kramfors-Solleftea.png\",\"contentUrl\":\"https:\/\/nyforetagarcentrum.se\/kramfors\/wp-content\/uploads\/sites\/22\/2024\/04\/Kramfors-Solleftea.png\",\"width\":1082,\"height\":542,\"caption\":\"Kramfors\"},\"image\":{\"@id\":\"https:\/\/nyforetagarcentrum.se\/kramfors\/#\/schema\/logo\/image\/\"}}]}<\/script>\n<!-- \/ Yoast SEO plugin. -->","yoast_head_json":{"title":"V\u00e5ra r\u00e5dgivare - Kramfors","robots":{"index":"index","follow":"follow","max-snippet":"max-snippet:-1","max-image-preview":"max-image-preview:large","max-video-preview":"max-video-preview:-1"},"canonical":"https:\/\/nyforetagarcentrum.se\/kramfors\/vara-radgivare\/","og_locale":"sv_SE","og_type":"article","og_title":"V\u00e5ra r\u00e5dgivare - Kramfors","og_url":"https:\/\/nyforetagarcentrum.se\/kramfors\/vara-radgivare\/","og_site_name":"Kramfors","article_modified_time":"2025-04-23T12:55:11+00:00","twitter_card":"summary_large_image","schema":{"@context":"https:\/\/schema.org","@graph":[{"@type":"WebPage","@id":"https:\/\/nyforetagarcentrum.se\/kramfors\/vara-radgivare\/","url":"https:\/\/nyforetagarcentrum.se\/kramfors\/vara-radgivare\/","name":"V\u00e5ra r\u00e5dgivare - Kramfors","isPartOf":{"@id":"https:\/\/nyforetagarcentrum.se\/kramfors\/#website"},"datePublished":"2024-02-29T12:59:39+00:00","dateModified":"2025-04-23T12:55:11+00:00","breadcrumb":{"@id":"https:\/\/nyforetagarcentrum.se\/kramfors\/vara-radgivare\/#breadcrumb"},"inLanguage":"sv-SE","potentialAction":[{"@type":"ReadAction","target":["https:\/\/nyforetagarcentrum.se\/kramfors\/vara-radgivare\/"]}]},{"@type":"BreadcrumbList","@id":"https:\/\/nyforetagarcentrum.se\/kramfors\/vara-radgivare\/#breadcrumb","itemListElement":[{"@type":"ListItem","position":1,"name":"Hem","item":"https:\/\/nyforetagarcentrum.se\/kramfors\/"},{"@type":"ListItem","position":2,"name":"V\u00e5ra r\u00e5dgivare"}]},{"@type":"WebSite","@id":"https:\/\/nyforetagarcentrum.se\/kramfors\/#website","url":"https:\/\/nyforetagarcentrum.se\/kramfors\/","name":"Kramfors","description":"Sveriges ledande kraft f\u00f6r fler nya livskraftiga f\u00f6retag","publisher":{"@id":"https:\/\/nyforetagarcentrum.se\/kramfors\/#organization"},"potentialAction":[{"@type":"SearchAction","target":{"@type":"EntryPoint","urlTemplate":"https:\/\/nyforetagarcentrum.se\/kramfors\/?s={search_term_string}"},"query-input":"required name=search_term_string"}],"inLanguage":"sv-SE"},{"@type":"Organization","@id":"https:\/\/nyforetagarcentrum.se\/kramfors\/#organization","name":"Kramfors","url":"https:\/\/nyforetagarcentrum.se\/kramfors\/","logo":{"@type":"ImageObject","inLanguage":"sv-SE","@id":"https:\/\/nyforetagarcentrum.se\/kramfors\/#\/schema\/logo\/image\/","url":"https:\/\/nyforetagarcentrum.se\/kramfors\/wp-content\/uploads\/sites\/22\/2024\/04\/Kramfors-Solleftea.png","contentUrl":"https:\/\/nyforetagarcentrum.se\/kramfors\/wp-content\/uploads\/sites\/22\/2024\/04\/Kramfors-Solleftea.png","width":1082,"height":542,"caption":"Kramfors"},"image":{"@id":"https:\/\/nyforetagarcentrum.se\/kramfors\/#\/schema\/logo\/image\/"}}]}},"_links":{"self":[{"href":"https:\/\/nyforetagarcentrum.se\/kramfors\/wp-json\/wp\/v2\/pages\/239"}],"collection":[{"href":"https:\/\/nyforetagarcentrum.se\/kramfors\/wp-json\/wp\/v2\/pages"}],"about":[{"href":"https:\/\/nyforetagarcentrum.se\/kramfors\/wp-json\/wp\/v2\/types\/page"}],"author":[{"embeddable":true,"href":"https:\/\/nyforetagarcentrum.se\/kramfors\/wp-json\/wp\/v2\/users\/1"}],"replies":[{"embeddable":true,"href":"https:\/\/nyforetagarcentrum.se\/kramfors\/wp-json\/wp\/v2\/comments?post=239"}],"version-history":[{"count":7,"href":"https:\/\/nyforetagarcentrum.se\/kramfors\/wp-json\/wp\/v2\/pages\/239\/revisions"}],"predecessor-version":[{"id":855,"href":"https:\/\/nyforetagarcentrum.se\/kramfors\/wp-json\/wp\/v2\/pages\/239\/revisions\/855"}],"wp:attachment":[{"href":"https:\/\/nyforetagarcentrum.se\/kramfors\/wp-json\/wp\/v2\/media?parent=239"}],"curies":[{"name":"wp","href":"https:\/\/api.w.org\/{rel}","templated":true}]}}