{"id":164,"date":"2024-02-27T16:05:17","date_gmt":"2024-02-27T15:05:17","guid":{"rendered":"https:\/\/nyforetagarcentrum.se\/kramfors\/?page_id=164"},"modified":"2024-05-07T20:49:12","modified_gmt":"2024-05-07T18:49:12","slug":"var-styrelse","status":"publish","type":"page","link":"https:\/\/nyforetagarcentrum.se\/kramfors\/var-styrelse\/","title":{"rendered":"V\u00e5r styrelse"},"content":{"rendered":"<section  class=\"nfc-block-hero alignfull\">\n\n    <img loading=\"lazy\" decoding=\"async\" width=\"1476\" height=\"984\" src=\"https:\/\/nyforetagarcentrum.se\/kramfors\/wp-content\/uploads\/sites\/22\/2024\/02\/Nyforetagare-kultur-LOW.jpg\" class=\"attachment-landscape size-landscape\" alt=\"\" srcset=\"https:\/\/nyforetagarcentrum.se\/kramfors\/wp-content\/uploads\/sites\/22\/2024\/02\/Nyforetagare-kultur-LOW.jpg 1476w, https:\/\/nyforetagarcentrum.se\/kramfors\/wp-content\/uploads\/sites\/22\/2024\/02\/Nyforetagare-kultur-LOW-300x200.jpg 300w, https:\/\/nyforetagarcentrum.se\/kramfors\/wp-content\/uploads\/sites\/22\/2024\/02\/Nyforetagare-kultur-LOW-1024x683.jpg 1024w, https:\/\/nyforetagarcentrum.se\/kramfors\/wp-content\/uploads\/sites\/22\/2024\/02\/Nyforetagare-kultur-LOW-768x512.jpg 768w\" sizes=\"(max-width: 1476px) 100vw, 1476px\" \/>\n    <div class=\"contained\">\n        <h1 class=\"nfc-block-hero__heading\">V\u00e5r styrelse<\/h1>\n\n            <\/div>\n<\/section>\n\n\n<div style=\"height:50px\" aria-hidden=\"true\" class=\"wp-block-spacer\"><\/div>\n\n\n<section  class=\"nfc-block-breadcrumbs\">\n    <div class=\"wrapper contained\">\n        <ol class=\"breadcrumbs\" itemscope itemtype=\"https:\/\/schema.org\/BreadcrumbList\">\n            <li itemprop=\"itemListElement\" itemscope itemtype=\"https:\/\/schema.org\/ListItem\">\n            \n\n                            <span class=\"current\" itemprop=\"name\">Hem<\/span>\n            \n            <meta itemprop=\"position\" content=\"1\" \/>\n        <\/li>\n    <\/ol>    <\/div>\n<\/section>\n\n\n<div class=\"wp-block-group alignwide is-layout-constrained wp-block-group-is-layout-constrained\"><section  class=\"nfc-block-person_grid alignwide layout-large\">\n    <div class=\"contained\">\n        <div class=\"grid\">\n            <div class=\"person-large-card\">\n    \n    <div class=\"featured_image\">\n                    <img loading=\"lazy\" decoding=\"async\" width=\"768\" height=\"1024\" src=\"https:\/\/nyforetagarcentrum.se\/kramfors\/wp-content\/uploads\/sites\/22\/2025\/07\/20250520_121408810_iOS-768x1024.jpg\" class=\"attachment-large size-large\" alt=\"\" srcset=\"https:\/\/nyforetagarcentrum.se\/kramfors\/wp-content\/uploads\/sites\/22\/2025\/07\/20250520_121408810_iOS-768x1024.jpg 768w, https:\/\/nyforetagarcentrum.se\/kramfors\/wp-content\/uploads\/sites\/22\/2025\/07\/20250520_121408810_iOS-225x300.jpg 225w, https:\/\/nyforetagarcentrum.se\/kramfors\/wp-content\/uploads\/sites\/22\/2025\/07\/20250520_121408810_iOS-1152x1536.jpg 1152w, https:\/\/nyforetagarcentrum.se\/kramfors\/wp-content\/uploads\/sites\/22\/2025\/07\/20250520_121408810_iOS-1536x2048.jpg 1536w, https:\/\/nyforetagarcentrum.se\/kramfors\/wp-content\/uploads\/sites\/22\/2025\/07\/20250520_121408810_iOS-810x1080.jpg 810w, https:\/\/nyforetagarcentrum.se\/kramfors\/wp-content\/uploads\/sites\/22\/2025\/07\/20250520_121408810_iOS-scaled.jpg 1920w\" sizes=\"(max-width: 768px) 100vw, 768px\" \/>            <\/div>\n\n    <div class=\"content-wrapper\">\n        <h3>Styrelsen<\/h3>\n\n                    <div class=\"excerpt\">\n                Styrelsen f\u00f6r Nyf\u00f6retagarcentrum Kramfors Sollefte\u00e5!            <\/div>\n        \n        <div class=\"links\">\n\n            \n                    <\/div>\n        \n    <\/div>\n<\/div><div class=\"person-large-card\">\n    \n    <div class=\"featured_image\">\n                    <img loading=\"lazy\" decoding=\"async\" width=\"1024\" height=\"1024\" src=\"https:\/\/nyforetagarcentrum.se\/kramfors\/wp-content\/uploads\/sites\/22\/2025\/08\/Micke-Berggren-1024x1024.jpg\" class=\"attachment-large size-large\" alt=\"\" srcset=\"https:\/\/nyforetagarcentrum.se\/kramfors\/wp-content\/uploads\/sites\/22\/2025\/08\/Micke-Berggren-1024x1024.jpg 1024w, https:\/\/nyforetagarcentrum.se\/kramfors\/wp-content\/uploads\/sites\/22\/2025\/08\/Micke-Berggren-300x300.jpg 300w, https:\/\/nyforetagarcentrum.se\/kramfors\/wp-content\/uploads\/sites\/22\/2025\/08\/Micke-Berggren-150x150.jpg 150w, https:\/\/nyforetagarcentrum.se\/kramfors\/wp-content\/uploads\/sites\/22\/2025\/08\/Micke-Berggren-768x768.jpg 768w, https:\/\/nyforetagarcentrum.se\/kramfors\/wp-content\/uploads\/sites\/22\/2025\/08\/Micke-Berggren-1080x1080.jpg 1080w, https:\/\/nyforetagarcentrum.se\/kramfors\/wp-content\/uploads\/sites\/22\/2025\/08\/Micke-Berggren.jpg 1536w\" sizes=\"(max-width: 1024px) 100vw, 1024px\" \/>            <\/div>\n\n    <div class=\"content-wrapper\">\n        <h3>Mikael Berggren<\/h3>\n\n                    <div class=\"excerpt\">\n                Pension\u00e4r.<br \/>\r\n<br \/>\r\nMed egen erfarenhet av f\u00f6retagande vet han hur v\u00e4rdefullt det \u00e4r att ha n\u00e5gon att bolla id\u00e9er med n\u00e4r man st\u00e5r inf\u00f6r att starta eget. Att starta f\u00f6retag inneb\u00e4r b\u00e5de m\u00f6jligheter och fallgropar. Hos Nyf\u00f6retagarcentrum f\u00e5r man v\u00e4gledning och st\u00f6d \u2013 n\u00e5got Mikael sj\u00e4lv hade stor nytta av i sin tidigare f\u00f6retagskarri\u00e4r.            <\/div>\n        \n        <div class=\"links\">\n\n            \n                            <a href=\"mailto:mikael.berggren@kramfors.se\">\n                    mikael.berggren@kramfors.se                <\/a>\n                    <\/div>\n        \n    <\/div>\n<\/div><div class=\"person-large-card\">\n    \n    <div class=\"featured_image\">\n                    <img loading=\"lazy\" decoding=\"async\" width=\"768\" height=\"1024\" src=\"https:\/\/nyforetagarcentrum.se\/kramfors\/wp-content\/uploads\/sites\/22\/2025\/06\/20250520_121619253_iOS-768x1024.jpg\" class=\"attachment-large size-large\" alt=\"\" srcset=\"https:\/\/nyforetagarcentrum.se\/kramfors\/wp-content\/uploads\/sites\/22\/2025\/06\/20250520_121619253_iOS-768x1024.jpg 768w, https:\/\/nyforetagarcentrum.se\/kramfors\/wp-content\/uploads\/sites\/22\/2025\/06\/20250520_121619253_iOS-225x300.jpg 225w, https:\/\/nyforetagarcentrum.se\/kramfors\/wp-content\/uploads\/sites\/22\/2025\/06\/20250520_121619253_iOS-1152x1536.jpg 1152w, https:\/\/nyforetagarcentrum.se\/kramfors\/wp-content\/uploads\/sites\/22\/2025\/06\/20250520_121619253_iOS-1536x2048.jpg 1536w, https:\/\/nyforetagarcentrum.se\/kramfors\/wp-content\/uploads\/sites\/22\/2025\/06\/20250520_121619253_iOS-810x1080.jpg 810w, https:\/\/nyforetagarcentrum.se\/kramfors\/wp-content\/uploads\/sites\/22\/2025\/06\/20250520_121619253_iOS-scaled.jpg 1920w\" sizes=\"(max-width: 768px) 100vw, 768px\" \/>            <\/div>\n\n    <div class=\"content-wrapper\">\n        <h3>Lena Nordlander<\/h3>\n\n                    <div class=\"excerpt\">\n                Konsult, Lena Nordlander AB. Ordf\u00f6rande i Nyf\u00f6retagarcentrum Kramfors Sollefte\u00e5.<br \/>\r\n<br \/>\r\nLena har arbetat i sitt egna f\u00f6retag sedan 2005. Hon har varit med och startat flera f\u00f6retag under \u00e5ren i olika konstellationer och tycker att friheten med f\u00f6retagande \u00e4r \u00f6verl\u00e4gset allt. Idag arbetar hon fr\u00e4mst med ledarutveckling och kompetenf\u00f6rs\u00f6rjning.            <\/div>\n        \n        <div class=\"links\">\n\n            \n                            <a href=\"mailto:lena@nordlanderab.se\">\n                    lena@nordlanderab.se                <\/a>\n                    <\/div>\n        \n    <\/div>\n<\/div><div class=\"person-large-card\">\n    \n    <div class=\"featured_image\">\n                    <img loading=\"lazy\" decoding=\"async\" width=\"681\" height=\"1024\" src=\"https:\/\/nyforetagarcentrum.se\/kramfors\/wp-content\/uploads\/sites\/22\/2024\/05\/Pressbild-1-Thomas-Ostlund-681x1024.jpg\" class=\"attachment-large size-large\" alt=\"\" srcset=\"https:\/\/nyforetagarcentrum.se\/kramfors\/wp-content\/uploads\/sites\/22\/2024\/05\/Pressbild-1-Thomas-Ostlund-681x1024.jpg 681w, https:\/\/nyforetagarcentrum.se\/kramfors\/wp-content\/uploads\/sites\/22\/2024\/05\/Pressbild-1-Thomas-Ostlund-200x300.jpg 200w, https:\/\/nyforetagarcentrum.se\/kramfors\/wp-content\/uploads\/sites\/22\/2024\/05\/Pressbild-1-Thomas-Ostlund-768x1154.jpg 768w, https:\/\/nyforetagarcentrum.se\/kramfors\/wp-content\/uploads\/sites\/22\/2024\/05\/Pressbild-1-Thomas-Ostlund-1022x1536.jpg 1022w, https:\/\/nyforetagarcentrum.se\/kramfors\/wp-content\/uploads\/sites\/22\/2024\/05\/Pressbild-1-Thomas-Ostlund-1363x2048.jpg 1363w, https:\/\/nyforetagarcentrum.se\/kramfors\/wp-content\/uploads\/sites\/22\/2024\/05\/Pressbild-1-Thomas-Ostlund-719x1080.jpg 719w, https:\/\/nyforetagarcentrum.se\/kramfors\/wp-content\/uploads\/sites\/22\/2024\/05\/Pressbild-1-Thomas-Ostlund-scaled.jpg 1703w\" sizes=\"(max-width: 681px) 100vw, 681px\" \/>            <\/div>\n\n    <div class=\"content-wrapper\">\n        <h3>Thomas \u00d6stlund<\/h3>\n\n                    <div class=\"excerpt\">\n                N\u00e4ringslivsansvarig hos Sollefte\u00e5 kommun. <br \/>\r\n<br \/>\r\nArbetar med kommunens service till f\u00f6retag, utvecklingsarbete kring f\u00f6retagsklimat, stadsk\u00e4rnan, bes\u00f6ksn\u00e4ring, entrepren\u00f6rskap och kommunens attraktionsarbete.<br \/>\r\nHar ocks\u00e5 ett finger med i kompetensf\u00f6rs\u00f6rjningsfr\u00e5gor f\u00f6r f\u00f6retagen och i hur vi kan utveckla och s\u00e4kerst\u00e4lla boende i en tillv\u00e4xtprocess. Deltar i en hel del n\u00e4tverk lokalt, regionalt och nationellt.            <\/div>\n        \n        <div class=\"links\">\n\n            \n                            <a href=\"mailto:thomas.ostlund@solleftea.se\">\n                    thomas.ostlund@solleftea.se                <\/a>\n                    <\/div>\n        \n    <\/div>\n<\/div><div class=\"person-large-card\">\n    \n    <div class=\"featured_image\">\n                    <img loading=\"lazy\" decoding=\"async\" width=\"768\" height=\"1024\" src=\"https:\/\/nyforetagarcentrum.se\/kramfors\/wp-content\/uploads\/sites\/22\/2025\/06\/20250520_121516096_iOS-768x1024.jpg\" class=\"attachment-large size-large\" alt=\"\" srcset=\"https:\/\/nyforetagarcentrum.se\/kramfors\/wp-content\/uploads\/sites\/22\/2025\/06\/20250520_121516096_iOS-768x1024.jpg 768w, https:\/\/nyforetagarcentrum.se\/kramfors\/wp-content\/uploads\/sites\/22\/2025\/06\/20250520_121516096_iOS-225x300.jpg 225w, https:\/\/nyforetagarcentrum.se\/kramfors\/wp-content\/uploads\/sites\/22\/2025\/06\/20250520_121516096_iOS-1152x1536.jpg 1152w, https:\/\/nyforetagarcentrum.se\/kramfors\/wp-content\/uploads\/sites\/22\/2025\/06\/20250520_121516096_iOS-1536x2048.jpg 1536w, https:\/\/nyforetagarcentrum.se\/kramfors\/wp-content\/uploads\/sites\/22\/2025\/06\/20250520_121516096_iOS-810x1080.jpg 810w, https:\/\/nyforetagarcentrum.se\/kramfors\/wp-content\/uploads\/sites\/22\/2025\/06\/20250520_121516096_iOS-scaled.jpg 1920w\" sizes=\"(max-width: 768px) 100vw, 768px\" \/>            <\/div>\n\n    <div class=\"content-wrapper\">\n        <h3>Sara Lerdahl-Laukka<\/h3>\n\n                    <div class=\"excerpt\">\n                F\u00f6retagsr\u00e5dgivare p\u00e5 Handelsbanken.<br \/>\r\n<br \/>\r\nUtbildad civilekonom och har jobbat p\u00e5 Handelsbanken i olika roller i drygt 15 \u00e5r. Har kunder i b\u00e5de Kramfors och Sollefte\u00e5. Jag brinner f\u00f6r det lokala och min drivkraft \u00e4r att utveckla v\u00e5ra lokala f\u00f6retag till att bli \u00e4nnu mer l\u00f6nsamma.             <\/div>\n        \n        <div class=\"links\">\n\n            \n                            <a href=\"mailto:sara.lerdahl.laukka@handelsbanken.se\">\n                    sara.lerdahl.laukka@handelsbanken.se                <\/a>\n                    <\/div>\n        \n    <\/div>\n<\/div><div class=\"person-large-card\">\n    \n    <div class=\"featured_image\">\n                    <img loading=\"lazy\" decoding=\"async\" width=\"768\" height=\"1024\" src=\"https:\/\/nyforetagarcentrum.se\/kramfors\/wp-content\/uploads\/sites\/22\/2025\/06\/20250520_121457478_iOS-768x1024.jpg\" class=\"attachment-large size-large\" alt=\"\" srcset=\"https:\/\/nyforetagarcentrum.se\/kramfors\/wp-content\/uploads\/sites\/22\/2025\/06\/20250520_121457478_iOS-768x1024.jpg 768w, https:\/\/nyforetagarcentrum.se\/kramfors\/wp-content\/uploads\/sites\/22\/2025\/06\/20250520_121457478_iOS-225x300.jpg 225w, https:\/\/nyforetagarcentrum.se\/kramfors\/wp-content\/uploads\/sites\/22\/2025\/06\/20250520_121457478_iOS-1152x1536.jpg 1152w, https:\/\/nyforetagarcentrum.se\/kramfors\/wp-content\/uploads\/sites\/22\/2025\/06\/20250520_121457478_iOS-1536x2048.jpg 1536w, https:\/\/nyforetagarcentrum.se\/kramfors\/wp-content\/uploads\/sites\/22\/2025\/06\/20250520_121457478_iOS-810x1080.jpg 810w, https:\/\/nyforetagarcentrum.se\/kramfors\/wp-content\/uploads\/sites\/22\/2025\/06\/20250520_121457478_iOS-scaled.jpg 1920w\" sizes=\"(max-width: 768px) 100vw, 768px\" \/>            <\/div>\n\n    <div class=\"content-wrapper\">\n        <h3>Louise Frederiksen<\/h3>\n\n                    <div class=\"excerpt\">\n                Kontorschef och Auktoriserad Redovisningskonsult p\u00e5 RedoVi.<br \/>\r\n<br \/>\r\nHar 18 \u00e5rs erfarenhet i redovisningsbranschen och driver redovisningsbyr\u00e5n RedoVi. Tjusningen med Louises arbete \u00e4r att f\u00e5 tr\u00e4ffa och f\u00f6lja lokala f\u00f6retagares resa och kunna vara med att st\u00f6tta dom p\u00e5 v\u00e4gen.            <\/div>\n        \n        <div class=\"links\">\n\n            \n                            <a href=\"mailto:louise@redovi.se\">\n                    louise@redovi.se                <\/a>\n                    <\/div>\n        \n    <\/div>\n<\/div><div class=\"person-large-card\">\n    \n    <div class=\"featured_image\">\n                    <img loading=\"lazy\" decoding=\"async\" width=\"768\" height=\"1024\" src=\"https:\/\/nyforetagarcentrum.se\/kramfors\/wp-content\/uploads\/sites\/22\/2025\/06\/20250520_121530529_iOS-768x1024.jpg\" class=\"attachment-large size-large\" alt=\"\" srcset=\"https:\/\/nyforetagarcentrum.se\/kramfors\/wp-content\/uploads\/sites\/22\/2025\/06\/20250520_121530529_iOS-768x1024.jpg 768w, https:\/\/nyforetagarcentrum.se\/kramfors\/wp-content\/uploads\/sites\/22\/2025\/06\/20250520_121530529_iOS-225x300.jpg 225w, https:\/\/nyforetagarcentrum.se\/kramfors\/wp-content\/uploads\/sites\/22\/2025\/06\/20250520_121530529_iOS-1152x1536.jpg 1152w, https:\/\/nyforetagarcentrum.se\/kramfors\/wp-content\/uploads\/sites\/22\/2025\/06\/20250520_121530529_iOS-1536x2048.jpg 1536w, https:\/\/nyforetagarcentrum.se\/kramfors\/wp-content\/uploads\/sites\/22\/2025\/06\/20250520_121530529_iOS-810x1080.jpg 810w, https:\/\/nyforetagarcentrum.se\/kramfors\/wp-content\/uploads\/sites\/22\/2025\/06\/20250520_121530529_iOS-scaled.jpg 1920w\" sizes=\"(max-width: 768px) 100vw, 768px\" \/>            <\/div>\n\n    <div class=\"content-wrapper\">\n        <h3>Marielle Bergqvist<\/h3>\n\n                    <div class=\"excerpt\">\n                Auktoriserad redovisningskonsult hos Baker Tilly Asplunds AB, Kramfors.<br \/>\r\n<br \/>\r\nHar under 12 \u00e5r arbetat som redovisningskonsult \u00e5t f\u00f6retag i v\u00e5rt omr\u00e5de. De dagliga kontakterna med f\u00f6retagare som brinner f\u00f6r sina verksamheter \u00e4r v\u00e4ldigt inspirerande. Att f\u00e5 vara en del av Nyf\u00f6retagarcentrum och p\u00e5 s\u00e5 s\u00e4tt vara med och utveckla det lokala n\u00e4ringslivet k\u00e4nns b\u00e5de roligt och viktigt f\u00f6r Marielle.            <\/div>\n        \n        <div class=\"links\">\n\n            \n                            <a href=\"mailto:marielle.bergqvist@bakertilly.se\">\n                    marielle.bergqvist@bakertilly.se                <\/a>\n                    <\/div>\n        \n    <\/div>\n<\/div><div class=\"person-large-card\">\n    \n    <div class=\"featured_image\">\n                    <img loading=\"lazy\" decoding=\"async\" width=\"768\" height=\"1024\" src=\"https:\/\/nyforetagarcentrum.se\/kramfors\/wp-content\/uploads\/sites\/22\/2025\/06\/20250520_121435209_iOS-768x1024.jpg\" class=\"attachment-large size-large\" alt=\"\" srcset=\"https:\/\/nyforetagarcentrum.se\/kramfors\/wp-content\/uploads\/sites\/22\/2025\/06\/20250520_121435209_iOS-768x1024.jpg 768w, https:\/\/nyforetagarcentrum.se\/kramfors\/wp-content\/uploads\/sites\/22\/2025\/06\/20250520_121435209_iOS-225x300.jpg 225w, https:\/\/nyforetagarcentrum.se\/kramfors\/wp-content\/uploads\/sites\/22\/2025\/06\/20250520_121435209_iOS-1152x1536.jpg 1152w, https:\/\/nyforetagarcentrum.se\/kramfors\/wp-content\/uploads\/sites\/22\/2025\/06\/20250520_121435209_iOS-1536x2048.jpg 1536w, https:\/\/nyforetagarcentrum.se\/kramfors\/wp-content\/uploads\/sites\/22\/2025\/06\/20250520_121435209_iOS-810x1080.jpg 810w, https:\/\/nyforetagarcentrum.se\/kramfors\/wp-content\/uploads\/sites\/22\/2025\/06\/20250520_121435209_iOS-scaled.jpg 1920w\" sizes=\"(max-width: 768px) 100vw, 768px\" \/>            <\/div>\n\n    <div class=\"content-wrapper\">\n        <h3>Anna Hassel<\/h3>\n\n                    <div class=\"excerpt\">\n                Partneransvarig p\u00e5 Dina F\u00f6rs\u00e4kringar.<br \/>\r\n<br \/>\r\nAnna utvecklar och f\u00f6rvaltar Dina F\u00f6rs\u00e4kringars externa samarbeten. Med en bakgrund av 20 \u00e5r som f\u00f6retagsr\u00e5dgivare har hon omfattande erfarenhet och insikt i f\u00f6retagares behov. \u00c4ven engagerad i det lokala n\u00e4ringslivet genom styrelseuppdrag i Nyf\u00f6retagarcentrum Kramfors-Sollefte\u00e5 och Nyf\u00f6retagarcentrum MITT, samt driver tillsammans med maken eget f\u00f6retag vid sidan av sin anst\u00e4llning.            <\/div>\n        \n        <div class=\"links\">\n\n            \n                            <a href=\"mailto:anna.hassel@dina.se\">\n                    anna.hassel@dina.se                <\/a>\n                    <\/div>\n        \n    <\/div>\n<\/div>        <\/div>\n    <\/div>\n<\/section><\/div>\n\n\n\n<div style=\"height:100px\" aria-hidden=\"true\" class=\"wp-block-spacer\"><\/div>\n","protected":false},"excerpt":{"rendered":"","protected":false},"author":1,"featured_media":0,"parent":0,"menu_order":0,"comment_status":"closed","ping_status":"closed","template":"","meta":{"footnotes":""},"acf":[],"yoast_head":"<!-- This site is optimized with the Yoast SEO plugin v22.9 - https:\/\/yoast.com\/wordpress\/plugins\/seo\/ -->\n<title>V\u00e5r styrelse - Kramfors<\/title>\n<meta name=\"robots\" content=\"index, follow, max-snippet:-1, max-image-preview:large, max-video-preview:-1\" \/>\n<link rel=\"canonical\" href=\"https:\/\/nyforetagarcentrum.se\/kramfors\/var-styrelse\/\" \/>\n<meta property=\"og:locale\" content=\"sv_SE\" \/>\n<meta property=\"og:type\" content=\"article\" \/>\n<meta property=\"og:title\" content=\"V\u00e5r styrelse - Kramfors\" \/>\n<meta property=\"og:url\" content=\"https:\/\/nyforetagarcentrum.se\/kramfors\/var-styrelse\/\" \/>\n<meta property=\"og:site_name\" content=\"Kramfors\" \/>\n<meta property=\"article:modified_time\" content=\"2024-05-07T18:49:12+00:00\" \/>\n<meta name=\"twitter:card\" content=\"summary_large_image\" \/>\n<script type=\"application\/ld+json\" class=\"yoast-schema-graph\">{\"@context\":\"https:\/\/schema.org\",\"@graph\":[{\"@type\":\"WebPage\",\"@id\":\"https:\/\/nyforetagarcentrum.se\/kramfors\/var-styrelse\/\",\"url\":\"https:\/\/nyforetagarcentrum.se\/kramfors\/var-styrelse\/\",\"name\":\"V\u00e5r styrelse - Kramfors\",\"isPartOf\":{\"@id\":\"https:\/\/nyforetagarcentrum.se\/kramfors\/#website\"},\"datePublished\":\"2024-02-27T15:05:17+00:00\",\"dateModified\":\"2024-05-07T18:49:12+00:00\",\"breadcrumb\":{\"@id\":\"https:\/\/nyforetagarcentrum.se\/kramfors\/var-styrelse\/#breadcrumb\"},\"inLanguage\":\"sv-SE\",\"potentialAction\":[{\"@type\":\"ReadAction\",\"target\":[\"https:\/\/nyforetagarcentrum.se\/kramfors\/var-styrelse\/\"]}]},{\"@type\":\"BreadcrumbList\",\"@id\":\"https:\/\/nyforetagarcentrum.se\/kramfors\/var-styrelse\/#breadcrumb\",\"itemListElement\":[{\"@type\":\"ListItem\",\"position\":1,\"name\":\"Hem\",\"item\":\"https:\/\/nyforetagarcentrum.se\/kramfors\/\"},{\"@type\":\"ListItem\",\"position\":2,\"name\":\"V\u00e5r styrelse\"}]},{\"@type\":\"WebSite\",\"@id\":\"https:\/\/nyforetagarcentrum.se\/kramfors\/#website\",\"url\":\"https:\/\/nyforetagarcentrum.se\/kramfors\/\",\"name\":\"Kramfors\",\"description\":\"Sveriges ledande kraft f\u00f6r fler nya livskraftiga f\u00f6retag\",\"publisher\":{\"@id\":\"https:\/\/nyforetagarcentrum.se\/kramfors\/#organization\"},\"potentialAction\":[{\"@type\":\"SearchAction\",\"target\":{\"@type\":\"EntryPoint\",\"urlTemplate\":\"https:\/\/nyforetagarcentrum.se\/kramfors\/?s={search_term_string}\"},\"query-input\":\"required name=search_term_string\"}],\"inLanguage\":\"sv-SE\"},{\"@type\":\"Organization\",\"@id\":\"https:\/\/nyforetagarcentrum.se\/kramfors\/#organization\",\"name\":\"Kramfors\",\"url\":\"https:\/\/nyforetagarcentrum.se\/kramfors\/\",\"logo\":{\"@type\":\"ImageObject\",\"inLanguage\":\"sv-SE\",\"@id\":\"https:\/\/nyforetagarcentrum.se\/kramfors\/#\/schema\/logo\/image\/\",\"url\":\"https:\/\/nyforetagarcentrum.se\/kramfors\/wp-content\/uploads\/sites\/22\/2024\/04\/Kramfors-Solleftea.png\",\"contentUrl\":\"https:\/\/nyforetagarcentrum.se\/kramfors\/wp-content\/uploads\/sites\/22\/2024\/04\/Kramfors-Solleftea.png\",\"width\":1082,\"height\":542,\"caption\":\"Kramfors\"},\"image\":{\"@id\":\"https:\/\/nyforetagarcentrum.se\/kramfors\/#\/schema\/logo\/image\/\"}}]}<\/script>\n<!-- \/ Yoast SEO plugin. -->","yoast_head_json":{"title":"V\u00e5r styrelse - Kramfors","robots":{"index":"index","follow":"follow","max-snippet":"max-snippet:-1","max-image-preview":"max-image-preview:large","max-video-preview":"max-video-preview:-1"},"canonical":"https:\/\/nyforetagarcentrum.se\/kramfors\/var-styrelse\/","og_locale":"sv_SE","og_type":"article","og_title":"V\u00e5r styrelse - Kramfors","og_url":"https:\/\/nyforetagarcentrum.se\/kramfors\/var-styrelse\/","og_site_name":"Kramfors","article_modified_time":"2024-05-07T18:49:12+00:00","twitter_card":"summary_large_image","schema":{"@context":"https:\/\/schema.org","@graph":[{"@type":"WebPage","@id":"https:\/\/nyforetagarcentrum.se\/kramfors\/var-styrelse\/","url":"https:\/\/nyforetagarcentrum.se\/kramfors\/var-styrelse\/","name":"V\u00e5r styrelse - Kramfors","isPartOf":{"@id":"https:\/\/nyforetagarcentrum.se\/kramfors\/#website"},"datePublished":"2024-02-27T15:05:17+00:00","dateModified":"2024-05-07T18:49:12+00:00","breadcrumb":{"@id":"https:\/\/nyforetagarcentrum.se\/kramfors\/var-styrelse\/#breadcrumb"},"inLanguage":"sv-SE","potentialAction":[{"@type":"ReadAction","target":["https:\/\/nyforetagarcentrum.se\/kramfors\/var-styrelse\/"]}]},{"@type":"BreadcrumbList","@id":"https:\/\/nyforetagarcentrum.se\/kramfors\/var-styrelse\/#breadcrumb","itemListElement":[{"@type":"ListItem","position":1,"name":"Hem","item":"https:\/\/nyforetagarcentrum.se\/kramfors\/"},{"@type":"ListItem","position":2,"name":"V\u00e5r styrelse"}]},{"@type":"WebSite","@id":"https:\/\/nyforetagarcentrum.se\/kramfors\/#website","url":"https:\/\/nyforetagarcentrum.se\/kramfors\/","name":"Kramfors","description":"Sveriges ledande kraft f\u00f6r fler nya livskraftiga f\u00f6retag","publisher":{"@id":"https:\/\/nyforetagarcentrum.se\/kramfors\/#organization"},"potentialAction":[{"@type":"SearchAction","target":{"@type":"EntryPoint","urlTemplate":"https:\/\/nyforetagarcentrum.se\/kramfors\/?s={search_term_string}"},"query-input":"required name=search_term_string"}],"inLanguage":"sv-SE"},{"@type":"Organization","@id":"https:\/\/nyforetagarcentrum.se\/kramfors\/#organization","name":"Kramfors","url":"https:\/\/nyforetagarcentrum.se\/kramfors\/","logo":{"@type":"ImageObject","inLanguage":"sv-SE","@id":"https:\/\/nyforetagarcentrum.se\/kramfors\/#\/schema\/logo\/image\/","url":"https:\/\/nyforetagarcentrum.se\/kramfors\/wp-content\/uploads\/sites\/22\/2024\/04\/Kramfors-Solleftea.png","contentUrl":"https:\/\/nyforetagarcentrum.se\/kramfors\/wp-content\/uploads\/sites\/22\/2024\/04\/Kramfors-Solleftea.png","width":1082,"height":542,"caption":"Kramfors"},"image":{"@id":"https:\/\/nyforetagarcentrum.se\/kramfors\/#\/schema\/logo\/image\/"}}]}},"_links":{"self":[{"href":"https:\/\/nyforetagarcentrum.se\/kramfors\/wp-json\/wp\/v2\/pages\/164"}],"collection":[{"href":"https:\/\/nyforetagarcentrum.se\/kramfors\/wp-json\/wp\/v2\/pages"}],"about":[{"href":"https:\/\/nyforetagarcentrum.se\/kramfors\/wp-json\/wp\/v2\/types\/page"}],"author":[{"embeddable":true,"href":"https:\/\/nyforetagarcentrum.se\/kramfors\/wp-json\/wp\/v2\/users\/1"}],"replies":[{"embeddable":true,"href":"https:\/\/nyforetagarcentrum.se\/kramfors\/wp-json\/wp\/v2\/comments?post=164"}],"version-history":[{"count":21,"href":"https:\/\/nyforetagarcentrum.se\/kramfors\/wp-json\/wp\/v2\/pages\/164\/revisions"}],"predecessor-version":[{"id":716,"href":"https:\/\/nyforetagarcentrum.se\/kramfors\/wp-json\/wp\/v2\/pages\/164\/revisions\/716"}],"wp:attachment":[{"href":"https:\/\/nyforetagarcentrum.se\/kramfors\/wp-json\/wp\/v2\/media?parent=164"}],"curies":[{"name":"wp","href":"https:\/\/api.w.org\/{rel}","templated":true}]}}