{"id":161,"date":"2024-02-27T16:04:37","date_gmt":"2024-02-27T15:04:37","guid":{"rendered":"https:\/\/nyforetagarcentrum.se\/kramfors\/?page_id=161"},"modified":"2024-06-05T21:03:19","modified_gmt":"2024-06-05T19:03:19","slug":"om-oss","status":"publish","type":"page","link":"https:\/\/nyforetagarcentrum.se\/kramfors\/om-oss\/","title":{"rendered":"Om oss"},"content":{"rendered":"<section  class=\"nfc-block-hero alignfull\">\n\n    <img loading=\"lazy\" decoding=\"async\" width=\"714\" height=\"622\" src=\"https:\/\/nyforetagarcentrum.se\/kramfors\/wp-content\/uploads\/sites\/22\/2024\/02\/ySLeov8m_8.png\" class=\"attachment-landscape size-landscape\" alt=\"\" srcset=\"https:\/\/nyforetagarcentrum.se\/kramfors\/wp-content\/uploads\/sites\/22\/2024\/02\/ySLeov8m_8.png 714w, https:\/\/nyforetagarcentrum.se\/kramfors\/wp-content\/uploads\/sites\/22\/2024\/02\/ySLeov8m_8-300x261.png 300w\" sizes=\"(max-width: 714px) 100vw, 714px\" \/>\n    <div class=\"contained\">\n        <h1 class=\"nfc-block-hero__heading\">Om oss<\/h1>\n\n            <\/div>\n<\/section>\n\n\n<div style=\"height:50px\" aria-hidden=\"true\" class=\"wp-block-spacer\"><\/div>\n\n\n<section  class=\"nfc-block-breadcrumbs\">\n    <div class=\"wrapper contained\">\n        <ol class=\"breadcrumbs\" itemscope itemtype=\"https:\/\/schema.org\/BreadcrumbList\">\n            <li itemprop=\"itemListElement\" itemscope itemtype=\"https:\/\/schema.org\/ListItem\">\n            \n\n                            <span class=\"current\" itemprop=\"name\">Hem<\/span>\n            \n            <meta itemprop=\"position\" content=\"1\" \/>\n        <\/li>\n    <\/ol>    <\/div>\n<\/section>\n\n\n<div style=\"height:51px\" aria-hidden=\"true\" class=\"wp-block-spacer\"><\/div>\n\n\n<section  class=\"nfc-block-split_screen alignwide image_alignment-left\">\n    <div class=\"wrapper\">\n        <div class=\"nfc-block-split_screen__image-wrapper\">\n            <img loading=\"lazy\" decoding=\"async\" width=\"1469\" height=\"981\" src=\"https:\/\/nyforetagarcentrum.se\/kramfors\/wp-content\/uploads\/sites\/22\/2024\/02\/4083b98ac6a43f162142a286decbc08f.png\" class=\"attachment-landscape size-landscape\" alt=\"\" srcset=\"https:\/\/nyforetagarcentrum.se\/kramfors\/wp-content\/uploads\/sites\/22\/2024\/02\/4083b98ac6a43f162142a286decbc08f.png 1469w, https:\/\/nyforetagarcentrum.se\/kramfors\/wp-content\/uploads\/sites\/22\/2024\/02\/4083b98ac6a43f162142a286decbc08f-300x200.png 300w, https:\/\/nyforetagarcentrum.se\/kramfors\/wp-content\/uploads\/sites\/22\/2024\/02\/4083b98ac6a43f162142a286decbc08f-1024x684.png 1024w, https:\/\/nyforetagarcentrum.se\/kramfors\/wp-content\/uploads\/sites\/22\/2024\/02\/4083b98ac6a43f162142a286decbc08f-768x513.png 768w\" sizes=\"(max-width: 1469px) 100vw, 1469px\" \/>        <\/div>\n\n        <div class=\"nfc-block-split_screen__content-wrapper\">\n            <h2>V\u00e5r verksamhet<\/h2>\n<p>Nyf\u00f6retagarcentrum Kramfors bildades 2021. Id\u00e9n om att k\u00f6ra ig\u00e5ng i Kramfors kl\u00e4cktes i N\u00e4ringslivsr\u00e5det och \u00e4r en viktig del i m\u00e5let att skapa V\u00e4sternorrlands b\u00e4sta f\u00f6retagsklimat till 2025. 2022 ansl\u00f6t \u00e4ven Sollefte\u00e5 och Nyf\u00f6retagarcentrum Kramfors Sollefte\u00e5 bildades. Att ha ett gemensamt Nyf\u00f6retagarcentrum blev naturligt d\u00e5 kommunerna \u00e4r vana att samarbeta \u00f6ver kommungr\u00e4nserna. Dessutom har flera av v\u00e5ra partners kontor, kunder och anst\u00e4llda p\u00e5 b\u00e5da orterna.<\/p>\n\n                            <div class=\"nfc-block-split_screen__buttons\">\n                                            <a href=\"vara-samarbetspartners\/\" class=\"button outlined\">V\u00e5ra samarbetspartners<\/a>\n                                    <\/div>\n            \n        <\/div>\n    <\/div>\n<\/section>\n\n\n<div style=\"height:50px\" aria-hidden=\"true\" class=\"wp-block-spacer\"><\/div>\n\n\n\n<div class=\"wp-block-group alignfull has-white-background-color has-background is-layout-constrained wp-block-group-is-layout-constrained\">\n<div style=\"height:51px\" aria-hidden=\"true\" class=\"wp-block-spacer\"><\/div>\n\n\n<section  class=\"nfc-block-quote contained alignfull\">\n    <div class=\"wrapper contained\">\n        <p class=\"quote h2\">V\u00e5r ambition \u00e4r att det ska vara l\u00e4tt och smidigt att starta och driva ett livskraftigt f\u00f6retag!<\/p>\n        <div class=\"author\">\n            <div class=\"avatar\">\n                <img loading=\"lazy\" decoding=\"async\" width=\"150\" height=\"150\" src=\"https:\/\/nyforetagarcentrum.se\/kramfors\/wp-content\/uploads\/sites\/22\/2024\/02\/cropped-NFC_CMYK_2010_logo-150x150.png\" class=\"attachment-thumbnail size-thumbnail\" alt=\"\" srcset=\"https:\/\/nyforetagarcentrum.se\/kramfors\/wp-content\/uploads\/sites\/22\/2024\/02\/cropped-NFC_CMYK_2010_logo-150x150.png 150w, https:\/\/nyforetagarcentrum.se\/kramfors\/wp-content\/uploads\/sites\/22\/2024\/02\/cropped-NFC_CMYK_2010_logo-300x300.png 300w, https:\/\/nyforetagarcentrum.se\/kramfors\/wp-content\/uploads\/sites\/22\/2024\/02\/cropped-NFC_CMYK_2010_logo.png 512w\" sizes=\"(max-width: 150px) 100vw, 150px\" \/>            <\/div>\n            <div class=\"text\">\n                <p class=\"name\">Lena Nordlander<\/p>\n                <p class=\"subtitle\">Ordf\u00f6rande<\/p>\n            <\/div>\n        <\/div>\n    <\/div>\n<\/section>\n\n\n<div style=\"height:51px\" aria-hidden=\"true\" class=\"wp-block-spacer\"><\/div>\n\n\n\n<div class=\"wp-block-columns alignwide is-layout-flex wp-container-core-columns-is-layout-1 wp-block-columns-is-layout-flex\">\n<div class=\"wp-block-column is-layout-flow wp-block-column-is-layout-flow\">\n<p class=\"no-margin\" style=\"font-size:100px;font-style:normal;font-weight:700\">10<\/p>\n\n\n\n<p class=\"has-text-color has-link-color wp-elements-2017cd7036798ce220ee92f780331356\" style=\"color:#4d4d4d\">\u00c5r 2023 bidrog vi till att 10 st f\u00f6retag startades upp<\/p>\n<\/div>\n\n\n\n<div class=\"wp-block-column is-layout-flow wp-block-column-is-layout-flow\">\n<p class=\"no-margin\" style=\"font-size:100px;font-style:normal;font-weight:700\">43<\/p>\n\n\n\n<p class=\"has-text-color has-link-color wp-elements-b15e9ceb4bb7ffdef6cca2177101f01f\" style=\"color:#4d4d4d\">\u00c5r 2023 hade vi 43 st r\u00e5dgivningar<\/p>\n<\/div>\n\n\n\n<div class=\"wp-block-column is-layout-flow wp-block-column-is-layout-flow\">\n<p class=\"no-margin\" style=\"font-size:100px;font-style:normal;font-weight:700\"><\/p>\n\n\n\n<p class=\"has-text-color has-link-color wp-elements-ff875892b7aea781b042e4f44b4f3b64\" style=\"color:#4d4d4d\"><\/p>\n<\/div>\n<\/div>\n\n\n\n<div style=\"height:51px\" aria-hidden=\"true\" class=\"wp-block-spacer\"><\/div>\n\n\n\n<div style=\"height:51px\" aria-hidden=\"true\" class=\"wp-block-spacer\"><\/div>\n<\/div>\n\n\n\n<div style=\"height:50px\" aria-hidden=\"true\" class=\"wp-block-spacer\"><\/div>\n\n\n\n<h2 class=\"wp-block-heading has-text-align-center\">\u00c4r ditt f\u00f6retag eller organisation intresserad av att st\u00f6da Nyf\u00f6retagarCentrum Kramfors Sollefte\u00e5s arbete?<\/h2>\n\n\n\n<div class=\"wp-block-group alignfull is-layout-constrained wp-block-group-is-layout-constrained\"><section  class=\"nfc-block-form aligncontent layout-small\">\n    <div class=\"contained\">\n\n        <form data-nfc-form=\"block_84f086999862d30ded06df3d68353f27\" data-nfc-page=\"161\">\n            <label class=\"input-wrapper\" for=\"namn\">\n    <span>Namn<\/span>\n    <input type=\"text\" name=\"namn\" id=\"namn\" placeholder=\"\" >\n<\/label><label class=\"input-wrapper\" for=\"foretag-eller-organisation\">\n    <span>F\u00f6retag eller organisation<\/span>\n    <input type=\"text\" name=\"foretag-eller-organisation\" id=\"foretag-eller-organisation\" placeholder=\"\" >\n<\/label><label class=\"input-wrapper\" for=\"e-post\">\n    <span>E-post<\/span>\n    <input type=\"text\" name=\"e-post\" id=\"e-post\" placeholder=\"\" >\n<\/label>\n            <div class=\"input-wrapper\">\n                <button type=\"submit\" class=\"button\">Skicka<\/button>\n            <\/div>\n        <\/form>\n    <\/div>\n<\/section><\/div>\n\n\n\n<div style=\"height:100px\" aria-hidden=\"true\" class=\"wp-block-spacer\"><\/div>\n","protected":false},"excerpt":{"rendered":"<p>10 \u00c5r 2023 bidrog vi till att 10 st f\u00f6retag startades upp 43 \u00c5r 2023 hade vi 43 st r\u00e5dgivningar \u00c4r ditt f\u00f6retag eller organisation intresserad av att st\u00f6da Nyf\u00f6retagarCentrum Kramfors Sollefte\u00e5s arbete?<\/p>\n","protected":false},"author":1,"featured_media":0,"parent":0,"menu_order":0,"comment_status":"closed","ping_status":"closed","template":"","meta":{"footnotes":""},"acf":[],"yoast_head":"<!-- This site is optimized with the Yoast SEO plugin v22.9 - https:\/\/yoast.com\/wordpress\/plugins\/seo\/ -->\n<title>Om oss - Kramfors<\/title>\n<meta name=\"robots\" content=\"index, follow, max-snippet:-1, max-image-preview:large, max-video-preview:-1\" \/>\n<link rel=\"canonical\" href=\"https:\/\/nyforetagarcentrum.se\/kramfors\/om-oss\/\" \/>\n<meta property=\"og:locale\" content=\"sv_SE\" \/>\n<meta property=\"og:type\" content=\"article\" \/>\n<meta property=\"og:title\" content=\"Om oss - Kramfors\" \/>\n<meta property=\"og:description\" content=\"10 \u00c5r 2023 bidrog vi till att 10 st f\u00f6retag startades upp 43 \u00c5r 2023 hade vi 43 st r\u00e5dgivningar \u00c4r ditt f\u00f6retag eller organisation intresserad av att st\u00f6da Nyf\u00f6retagarCentrum Kramfors Sollefte\u00e5s arbete?\" \/>\n<meta property=\"og:url\" content=\"https:\/\/nyforetagarcentrum.se\/kramfors\/om-oss\/\" \/>\n<meta property=\"og:site_name\" content=\"Kramfors\" \/>\n<meta property=\"article:modified_time\" content=\"2024-06-05T19:03:19+00:00\" \/>\n<meta name=\"twitter:card\" content=\"summary_large_image\" \/>\n<meta name=\"twitter:label1\" content=\"Ber\u00e4knad l\u00e4stid\" \/>\n\t<meta name=\"twitter:data1\" content=\"1 minut\" \/>\n<script type=\"application\/ld+json\" class=\"yoast-schema-graph\">{\"@context\":\"https:\/\/schema.org\",\"@graph\":[{\"@type\":\"WebPage\",\"@id\":\"https:\/\/nyforetagarcentrum.se\/kramfors\/om-oss\/\",\"url\":\"https:\/\/nyforetagarcentrum.se\/kramfors\/om-oss\/\",\"name\":\"Om oss - Kramfors\",\"isPartOf\":{\"@id\":\"https:\/\/nyforetagarcentrum.se\/kramfors\/#website\"},\"datePublished\":\"2024-02-27T15:04:37+00:00\",\"dateModified\":\"2024-06-05T19:03:19+00:00\",\"breadcrumb\":{\"@id\":\"https:\/\/nyforetagarcentrum.se\/kramfors\/om-oss\/#breadcrumb\"},\"inLanguage\":\"sv-SE\",\"potentialAction\":[{\"@type\":\"ReadAction\",\"target\":[\"https:\/\/nyforetagarcentrum.se\/kramfors\/om-oss\/\"]}]},{\"@type\":\"BreadcrumbList\",\"@id\":\"https:\/\/nyforetagarcentrum.se\/kramfors\/om-oss\/#breadcrumb\",\"itemListElement\":[{\"@type\":\"ListItem\",\"position\":1,\"name\":\"Hem\",\"item\":\"https:\/\/nyforetagarcentrum.se\/kramfors\/\"},{\"@type\":\"ListItem\",\"position\":2,\"name\":\"Om oss\"}]},{\"@type\":\"WebSite\",\"@id\":\"https:\/\/nyforetagarcentrum.se\/kramfors\/#website\",\"url\":\"https:\/\/nyforetagarcentrum.se\/kramfors\/\",\"name\":\"Kramfors\",\"description\":\"Sveriges ledande kraft f\u00f6r fler nya livskraftiga f\u00f6retag\",\"publisher\":{\"@id\":\"https:\/\/nyforetagarcentrum.se\/kramfors\/#organization\"},\"potentialAction\":[{\"@type\":\"SearchAction\",\"target\":{\"@type\":\"EntryPoint\",\"urlTemplate\":\"https:\/\/nyforetagarcentrum.se\/kramfors\/?s={search_term_string}\"},\"query-input\":\"required name=search_term_string\"}],\"inLanguage\":\"sv-SE\"},{\"@type\":\"Organization\",\"@id\":\"https:\/\/nyforetagarcentrum.se\/kramfors\/#organization\",\"name\":\"Kramfors\",\"url\":\"https:\/\/nyforetagarcentrum.se\/kramfors\/\",\"logo\":{\"@type\":\"ImageObject\",\"inLanguage\":\"sv-SE\",\"@id\":\"https:\/\/nyforetagarcentrum.se\/kramfors\/#\/schema\/logo\/image\/\",\"url\":\"https:\/\/nyforetagarcentrum.se\/kramfors\/wp-content\/uploads\/sites\/22\/2024\/04\/Kramfors-Solleftea.png\",\"contentUrl\":\"https:\/\/nyforetagarcentrum.se\/kramfors\/wp-content\/uploads\/sites\/22\/2024\/04\/Kramfors-Solleftea.png\",\"width\":1082,\"height\":542,\"caption\":\"Kramfors\"},\"image\":{\"@id\":\"https:\/\/nyforetagarcentrum.se\/kramfors\/#\/schema\/logo\/image\/\"}}]}<\/script>\n<!-- \/ Yoast SEO plugin. -->","yoast_head_json":{"title":"Om oss - Kramfors","robots":{"index":"index","follow":"follow","max-snippet":"max-snippet:-1","max-image-preview":"max-image-preview:large","max-video-preview":"max-video-preview:-1"},"canonical":"https:\/\/nyforetagarcentrum.se\/kramfors\/om-oss\/","og_locale":"sv_SE","og_type":"article","og_title":"Om oss - Kramfors","og_description":"10 \u00c5r 2023 bidrog vi till att 10 st f\u00f6retag startades upp 43 \u00c5r 2023 hade vi 43 st r\u00e5dgivningar \u00c4r ditt f\u00f6retag eller organisation intresserad av att st\u00f6da Nyf\u00f6retagarCentrum Kramfors Sollefte\u00e5s arbete?","og_url":"https:\/\/nyforetagarcentrum.se\/kramfors\/om-oss\/","og_site_name":"Kramfors","article_modified_time":"2024-06-05T19:03:19+00:00","twitter_card":"summary_large_image","twitter_misc":{"Ber\u00e4knad l\u00e4stid":"1 minut"},"schema":{"@context":"https:\/\/schema.org","@graph":[{"@type":"WebPage","@id":"https:\/\/nyforetagarcentrum.se\/kramfors\/om-oss\/","url":"https:\/\/nyforetagarcentrum.se\/kramfors\/om-oss\/","name":"Om oss - Kramfors","isPartOf":{"@id":"https:\/\/nyforetagarcentrum.se\/kramfors\/#website"},"datePublished":"2024-02-27T15:04:37+00:00","dateModified":"2024-06-05T19:03:19+00:00","breadcrumb":{"@id":"https:\/\/nyforetagarcentrum.se\/kramfors\/om-oss\/#breadcrumb"},"inLanguage":"sv-SE","potentialAction":[{"@type":"ReadAction","target":["https:\/\/nyforetagarcentrum.se\/kramfors\/om-oss\/"]}]},{"@type":"BreadcrumbList","@id":"https:\/\/nyforetagarcentrum.se\/kramfors\/om-oss\/#breadcrumb","itemListElement":[{"@type":"ListItem","position":1,"name":"Hem","item":"https:\/\/nyforetagarcentrum.se\/kramfors\/"},{"@type":"ListItem","position":2,"name":"Om oss"}]},{"@type":"WebSite","@id":"https:\/\/nyforetagarcentrum.se\/kramfors\/#website","url":"https:\/\/nyforetagarcentrum.se\/kramfors\/","name":"Kramfors","description":"Sveriges ledande kraft f\u00f6r fler nya livskraftiga f\u00f6retag","publisher":{"@id":"https:\/\/nyforetagarcentrum.se\/kramfors\/#organization"},"potentialAction":[{"@type":"SearchAction","target":{"@type":"EntryPoint","urlTemplate":"https:\/\/nyforetagarcentrum.se\/kramfors\/?s={search_term_string}"},"query-input":"required name=search_term_string"}],"inLanguage":"sv-SE"},{"@type":"Organization","@id":"https:\/\/nyforetagarcentrum.se\/kramfors\/#organization","name":"Kramfors","url":"https:\/\/nyforetagarcentrum.se\/kramfors\/","logo":{"@type":"ImageObject","inLanguage":"sv-SE","@id":"https:\/\/nyforetagarcentrum.se\/kramfors\/#\/schema\/logo\/image\/","url":"https:\/\/nyforetagarcentrum.se\/kramfors\/wp-content\/uploads\/sites\/22\/2024\/04\/Kramfors-Solleftea.png","contentUrl":"https:\/\/nyforetagarcentrum.se\/kramfors\/wp-content\/uploads\/sites\/22\/2024\/04\/Kramfors-Solleftea.png","width":1082,"height":542,"caption":"Kramfors"},"image":{"@id":"https:\/\/nyforetagarcentrum.se\/kramfors\/#\/schema\/logo\/image\/"}}]}},"_links":{"self":[{"href":"https:\/\/nyforetagarcentrum.se\/kramfors\/wp-json\/wp\/v2\/pages\/161"}],"collection":[{"href":"https:\/\/nyforetagarcentrum.se\/kramfors\/wp-json\/wp\/v2\/pages"}],"about":[{"href":"https:\/\/nyforetagarcentrum.se\/kramfors\/wp-json\/wp\/v2\/types\/page"}],"author":[{"embeddable":true,"href":"https:\/\/nyforetagarcentrum.se\/kramfors\/wp-json\/wp\/v2\/users\/1"}],"replies":[{"embeddable":true,"href":"https:\/\/nyforetagarcentrum.se\/kramfors\/wp-json\/wp\/v2\/comments?post=161"}],"version-history":[{"count":20,"href":"https:\/\/nyforetagarcentrum.se\/kramfors\/wp-json\/wp\/v2\/pages\/161\/revisions"}],"predecessor-version":[{"id":692,"href":"https:\/\/nyforetagarcentrum.se\/kramfors\/wp-json\/wp\/v2\/pages\/161\/revisions\/692"}],"wp:attachment":[{"href":"https:\/\/nyforetagarcentrum.se\/kramfors\/wp-json\/wp\/v2\/media?parent=161"}],"curies":[{"name":"wp","href":"https:\/\/api.w.org\/{rel}","templated":true}]}}