{"id":93,"date":"2024-02-22T10:59:00","date_gmt":"2024-02-22T09:59:00","guid":{"rendered":"https:\/\/nyforetagarcentrum.se\/knivsta\/?page_id=93"},"modified":"2025-06-24T11:08:59","modified_gmt":"2025-06-24T09:08:59","slug":"radgivning","status":"publish","type":"page","link":"https:\/\/nyforetagarcentrum.se\/knivsta\/radgivning\/","title":{"rendered":"R\u00e5dgivning"},"content":{"rendered":"<section  class=\"nfc-block-breadcrumbs alignwide\">\n    <div class=\"wrapper contained\">\n        <ol class=\"breadcrumbs\" itemscope itemtype=\"https:\/\/schema.org\/BreadcrumbList\">\n            <li itemprop=\"itemListElement\" itemscope itemtype=\"https:\/\/schema.org\/ListItem\">\n            \n\n                            <span class=\"current\" itemprop=\"name\">Hem<\/span>\n            \n            <meta itemprop=\"position\" content=\"1\" \/>\n        <\/li>\n    <\/ol>    <\/div>\n<\/section>\n\n\n<div style=\"height:var(--wp--preset--spacing--50)\" aria-hidden=\"true\" class=\"wp-block-spacer\"><\/div>\n\n\n<section  class=\"nfc-block-split_screen alignwide image_alignment-left\">\n    <div class=\"wrapper\">\n        <div class=\"nfc-block-split_screen__image-wrapper\">\n            <img loading=\"lazy\" decoding=\"async\" width=\"1325\" height=\"1060\" src=\"https:\/\/nyforetagarcentrum.se\/knivsta\/wp-content\/uploads\/sites\/87\/2024\/02\/97e726f851796068d32cb1f9ccf88d57.png\" class=\"attachment-landscape size-landscape\" alt=\"\" srcset=\"https:\/\/nyforetagarcentrum.se\/knivsta\/wp-content\/uploads\/sites\/87\/2024\/02\/97e726f851796068d32cb1f9ccf88d57.png 1325w, https:\/\/nyforetagarcentrum.se\/knivsta\/wp-content\/uploads\/sites\/87\/2024\/02\/97e726f851796068d32cb1f9ccf88d57-300x240.png 300w, https:\/\/nyforetagarcentrum.se\/knivsta\/wp-content\/uploads\/sites\/87\/2024\/02\/97e726f851796068d32cb1f9ccf88d57-1024x819.png 1024w, https:\/\/nyforetagarcentrum.se\/knivsta\/wp-content\/uploads\/sites\/87\/2024\/02\/97e726f851796068d32cb1f9ccf88d57-768x614.png 768w\" sizes=\"(max-width: 1325px) 100vw, 1325px\" \/>        <\/div>\n\n        <div class=\"nfc-block-split_screen__content-wrapper\">\n            <h1>Beh\u00f6ver du hj\u00e4lp med ditt f\u00f6retag eller din aff\u00e4rsid\u00e9?<\/h1>\n<div>\n<p>Nyf\u00f6retagarCentrum hj\u00e4lper dig f\u00f6rverkliga dina dr\u00f6mmar samtidigt som vi bidrar till ett mer h\u00e5llbart samh\u00e4lle genom att hj\u00e4lpa fler starta f\u00f6retag som \u00f6verlever.<\/p>\n<p>Hos Nyf\u00f6retagarCentrum kan du f\u00e5 kostnadsfri konfidentiell r\u00e5dgivning av n\u00e5gon av alla v\u00e5ra r\u00e5dgivare som runt om i landet.<\/p>\n<p>De hj\u00e4lper dig med dina fr\u00e5gor oavsett om det g\u00e4ller att utveckla din aff\u00e4rsid\u00e9, n\u00e4r du \u00e4r i uppstart eller om du nyss har startat.<br \/>\nTa chansen att f\u00e5 en tryggare, stabilare start.<\/p>\n<\/div>\n\n                            <div class=\"nfc-block-split_screen__buttons\">\n                                            <a href=\"https:\/\/jobsdata-nyforetagarcentrum.se\/ExternBooking?OfficeId=7a56b441-4196-e811-80d7-0050568571f4\" class=\"button primary\">Boka r\u00e5dgivning h\u00e4r<\/a>\n                                    <\/div>\n            \n        <\/div>\n    <\/div>\n<\/section>\n\n\n<div style=\"height:100px\" aria-hidden=\"true\" class=\"wp-block-spacer\"><\/div>\n\n\n\n<h2 class=\"wp-block-heading alignwide has-x-large-font-size\">S\u00e5 h\u00e4r g\u00e5r det till<\/h2>\n\n\n<section  class=\"nfc-block-text_cards alignwide show_numbers\">\n    <div class=\"wrapper contained\">\n                    <div class=\"text-card\">\n                <div class=\"text-card__content\">\n                    <h3 class=\"heading\" data-number=\"1\">Hitta ditt n\u00e4rmaste lokala Nyf\u00f6retagarCentrum<\/h3>\n\n                                            <div class=\"description\">Det finns lokala Nyf\u00f6retagarCentrum och r\u00e5dgivare som sj\u00e4lva \u00e4r erfarna f\u00f6retagare. Oavsett var du bor \u00e4r chansen stor att det finns ett lokalt Nyf\u00f6retagarCentrum i din n\u00e4rhet.<\/div>\n                    \n                                            <a href=\"\/hitta-kontor\" class=\"button primary\">Alla Nyf\u00f6retagarCentrum<\/a>\n                    \n                <\/div>\n            <\/div>\n                    <div class=\"text-card\">\n                <div class=\"text-card__content\">\n                    <h3 class=\"heading\" data-number=\"2\">V\u00e4lj en r\u00e5dgivare som passar dina behov<\/h3>\n\n                                            <div class=\"description\">Alla v\u00e5ra r\u00e5dgivare \u00e4r sj\u00e4lva erfarna f\u00f6retagare. Med m\u00e5nga \u00e5rs erfarenhet av f\u00f6retagande inom olika branscher kan de alla ge bra hj\u00e4lp och st\u00f6d n\u00e4r du startar ditt f\u00f6retag. P\u00e5 den lokala bokningssidan v\u00e4ljer du sj\u00e4lv vilken tid och r\u00e5dgivare som passar.<\/div>\n                    \n                    \n                <\/div>\n            <\/div>\n                    <div class=\"text-card\">\n                <div class=\"text-card__content\">\n                    <h3 class=\"heading\" data-number=\"3\">Ha r\u00e4tt underlag och kom f\u00f6rberedd<\/h3>\n\n                                            <div class=\"description\">T\u00e4nk p\u00e5 att f\u00f6r att f\u00e5 ut s\u00e5 mycket som m\u00f6jligt av r\u00e5dgivningen s\u00e5 \u00e4r det bra att vara f\u00f6rberedd inf\u00f6r m\u00f6tet. Arbeta p\u00e5 din aff\u00e4rsplan, fundera p\u00e5 om det \u00e4r n\u00e5gra specifika fr\u00e5gor du beh\u00f6ver ha hj\u00e4lp med eller om du har n\u00e5got annat underlag som \u00e4r bra om r\u00e5dgivaren f\u00e5r se.<\/div>\n                    \n                    \n                <\/div>\n            <\/div>\n            <\/div>\n<\/section>\n\n\n<div style=\"height:var(--wp--preset--spacing--80)\" aria-hidden=\"true\" class=\"wp-block-spacer\"><\/div>\n\n\n\n<h2 class=\"wp-block-heading has-text-align-center has-x-large-font-size\">Vanliga fr\u00e5gor om r\u00e5dgivning<\/h2>\n\n\n            <script type=\"application\/ld+json\">\n                {\n                    \"@context\": \"https:\/\/schema.org\",\n                    \"@type\": \"FAQPage\",\n                    \"mainEntity\": [\n                                                    {\n                                \"@type\": \"Question\",\n                                \"name\": \"\u00c4r r\u00e5dgivningen kostnadsfri?\",\n                                \"acceptedAnswer\": {\n                                    \"@type\": \"Answer\",\n                                    \"text\": \"<p>Ja! R\u00e5dgivning hos Nyf\u00f6retagarCentrum \u00e4r helt kostnadsfri.<\/p>\"\n                                }\n                            },                                                    {\n                                \"@type\": \"Question\",\n                                \"name\": \"\u00c4r r\u00e5dgivningen helt konfidentiell?\",\n                                \"acceptedAnswer\": {\n                                    \"@type\": \"Answer\",\n                                    \"text\": \"<p>V\u00e5r r\u00e5dgivning \u00e4r konfidentiell vilket inneb\u00e4r att den r\u00e5dgivare du g\u00e5r till f\u00e5r inte tala om f\u00f6r n\u00e5gon att du varit hos oss eller vad din aff\u00e4rsid\u00e9 handlar om. Den dag du registrerar ditt f\u00f6retag s\u00e5 kommer det att bli offentliga uppgifter.<\/p>\"\n                                }\n                            },                                                    {\n                                \"@type\": \"Question\",\n                                \"name\": \"Jag ska ta k\u00f6pa ett redan befintligt f\u00f6retag. Kan jag fortfarande f\u00e5 hj\u00e4lp av er?\",\n                                \"acceptedAnswer\": {\n                                    \"@type\": \"Answer\",\n                                    \"text\": \"<div class=\"faq-item active\">\n<div class=\"faq-body\">\n<p>\u00c4ven n\u00e4r man tar \u00f6ver ett familjef\u00f6retag eller om man k\u00f6per ett f\u00f6retag s\u00e5 \u00e4r man ju ny som f\u00f6retagare och \u00e4r sj\u00e4lvklart v\u00e4lkommen till oss f\u00f6r hj\u00e4lp.<\/p>\n<\/div>\n<\/div>\"\n                                }\n                            },                                                    {\n                                \"@type\": \"Question\",\n                                \"name\": \"\u00c4r Nyf\u00f6retagarCentrum en del av arbetsf\u00f6rmedlingen?\",\n                                \"acceptedAnswer\": {\n                                    \"@type\": \"Answer\",\n                                    \"text\": \"<div class=\"faq-wrapper\">\n<div class=\"faq-item active\">\n<div class=\"faq-body\">\n<p>Nej, Nyf\u00f6retagarCentrum \u00e4r inte en del av Arbetsf\u00f6rmedlingen eller annan myndighet.<\/p>\n<\/div>\n<\/div>\n<\/div>\"\n                                }\n                            }                                            ]\n                }\n            <\/script>\n        <section  class=\"nfc-block-accordions alignwide\">\n    <div class=\"wrapper contained\">\n        <div class=\"accordions\">\n\n                            <div class=\"accordion\">\n                    <h3>\n                        <button \n                            class=\"accordion-header\"\n                            aria-expanded=\"true\"\n                            aria-controls=\"accordion-panel-0\"\n                            id=\"accordion-header-0\"\n                            data-accordion-header\n                        >\n                            <span>\u00c4r r\u00e5dgivningen kostnadsfri?<\/span>\n                            <div class=\"icon icon-down\"><\/div>\n                        <\/button>\n                    <\/h3>\n                    <section id=\"accordion-panel-0\" aria-labelledby=\"accordion-header-0\">\n                        <span>\n                            <p>Ja! R\u00e5dgivning hos Nyf\u00f6retagarCentrum \u00e4r helt kostnadsfri.<\/p>\n                        <\/span>\n                    <\/section>\n                <\/div>\n                            <div class=\"accordion\">\n                    <h3>\n                        <button \n                            class=\"accordion-header\"\n                            aria-expanded=\"true\"\n                            aria-controls=\"accordion-panel-1\"\n                            id=\"accordion-header-1\"\n                            data-accordion-header\n                        >\n                            <span>\u00c4r r\u00e5dgivningen helt konfidentiell?<\/span>\n                            <div class=\"icon icon-down\"><\/div>\n                        <\/button>\n                    <\/h3>\n                    <section id=\"accordion-panel-1\" aria-labelledby=\"accordion-header-1\">\n                        <span>\n                            <p>V\u00e5r r\u00e5dgivning \u00e4r konfidentiell vilket inneb\u00e4r att den r\u00e5dgivare du g\u00e5r till f\u00e5r inte tala om f\u00f6r n\u00e5gon att du varit hos oss eller vad din aff\u00e4rsid\u00e9 handlar om. Den dag du registrerar ditt f\u00f6retag s\u00e5 kommer det att bli offentliga uppgifter.<\/p>\n                        <\/span>\n                    <\/section>\n                <\/div>\n                            <div class=\"accordion\">\n                    <h3>\n                        <button \n                            class=\"accordion-header\"\n                            aria-expanded=\"true\"\n                            aria-controls=\"accordion-panel-2\"\n                            id=\"accordion-header-2\"\n                            data-accordion-header\n                        >\n                            <span>Jag ska ta k\u00f6pa ett redan befintligt f\u00f6retag. Kan jag fortfarande f\u00e5 hj\u00e4lp av er?<\/span>\n                            <div class=\"icon icon-down\"><\/div>\n                        <\/button>\n                    <\/h3>\n                    <section id=\"accordion-panel-2\" aria-labelledby=\"accordion-header-2\">\n                        <span>\n                            <div class=\"faq-item active\">\n<div class=\"faq-body\">\n<p>\u00c4ven n\u00e4r man tar \u00f6ver ett familjef\u00f6retag eller om man k\u00f6per ett f\u00f6retag s\u00e5 \u00e4r man ju ny som f\u00f6retagare och \u00e4r sj\u00e4lvklart v\u00e4lkommen till oss f\u00f6r hj\u00e4lp.<\/p>\n<\/div>\n<\/div>\n                        <\/span>\n                    <\/section>\n                <\/div>\n                            <div class=\"accordion\">\n                    <h3>\n                        <button \n                            class=\"accordion-header\"\n                            aria-expanded=\"true\"\n                            aria-controls=\"accordion-panel-3\"\n                            id=\"accordion-header-3\"\n                            data-accordion-header\n                        >\n                            <span>\u00c4r Nyf\u00f6retagarCentrum en del av arbetsf\u00f6rmedlingen?<\/span>\n                            <div class=\"icon icon-down\"><\/div>\n                        <\/button>\n                    <\/h3>\n                    <section id=\"accordion-panel-3\" aria-labelledby=\"accordion-header-3\">\n                        <span>\n                            <div class=\"faq-wrapper\">\n<div class=\"faq-item active\">\n<div class=\"faq-body\">\n<p>Nej, Nyf\u00f6retagarCentrum \u00e4r inte en del av Arbetsf\u00f6rmedlingen eller annan myndighet.<\/p>\n<\/div>\n<\/div>\n<\/div>\n                        <\/span>\n                    <\/section>\n                <\/div>\n                    <\/div>\n    <\/div>\n    <noscript>\n        <style>\n            .accordion-header .icon {\n                display: none !important;\n            }\n        <\/style>\n    <\/noscript>\n<\/section>\n\n\n\n<div style=\"height:var(--wp--preset--spacing--80)\" aria-hidden=\"true\" class=\"wp-block-spacer\"><\/div>\n","protected":false},"excerpt":{"rendered":"<p>S\u00e5 h\u00e4r g\u00e5r det till Vanliga fr\u00e5gor om r\u00e5dgivning<\/p>\n","protected":false},"author":1,"featured_media":0,"parent":0,"menu_order":0,"comment_status":"closed","ping_status":"closed","template":"","meta":{"footnotes":""},"acf":[],"yoast_head":"<!-- This site is optimized with the Yoast SEO plugin v22.9 - https:\/\/yoast.com\/wordpress\/plugins\/seo\/ -->\n<title>R\u00e5dgivning - Knivsta<\/title>\n<meta name=\"robots\" content=\"index, follow, max-snippet:-1, max-image-preview:large, max-video-preview:-1\" \/>\n<link rel=\"canonical\" href=\"https:\/\/nyforetagarcentrum.se\/knivsta\/radgivning\/\" \/>\n<meta property=\"og:locale\" content=\"sv_SE\" \/>\n<meta property=\"og:type\" content=\"article\" \/>\n<meta property=\"og:title\" content=\"R\u00e5dgivning - Knivsta\" \/>\n<meta property=\"og:description\" content=\"S\u00e5 h\u00e4r g\u00e5r det till Vanliga fr\u00e5gor om r\u00e5dgivning\" \/>\n<meta property=\"og:url\" content=\"https:\/\/nyforetagarcentrum.se\/knivsta\/radgivning\/\" \/>\n<meta property=\"og:site_name\" content=\"Knivsta\" \/>\n<meta property=\"article:modified_time\" content=\"2025-06-24T09:08:59+00:00\" \/>\n<meta name=\"twitter:card\" content=\"summary_large_image\" \/>\n<meta name=\"twitter:label1\" content=\"Ber\u00e4knad l\u00e4stid\" \/>\n\t<meta name=\"twitter:data1\" content=\"1 minut\" \/>\n<script type=\"application\/ld+json\" class=\"yoast-schema-graph\">{\"@context\":\"https:\/\/schema.org\",\"@graph\":[{\"@type\":\"WebPage\",\"@id\":\"https:\/\/nyforetagarcentrum.se\/knivsta\/radgivning\/\",\"url\":\"https:\/\/nyforetagarcentrum.se\/knivsta\/radgivning\/\",\"name\":\"R\u00e5dgivning - Knivsta\",\"isPartOf\":{\"@id\":\"https:\/\/nyforetagarcentrum.se\/knivsta\/#website\"},\"datePublished\":\"2024-02-22T09:59:00+00:00\",\"dateModified\":\"2025-06-24T09:08:59+00:00\",\"breadcrumb\":{\"@id\":\"https:\/\/nyforetagarcentrum.se\/knivsta\/radgivning\/#breadcrumb\"},\"inLanguage\":\"sv-SE\",\"potentialAction\":[{\"@type\":\"ReadAction\",\"target\":[\"https:\/\/nyforetagarcentrum.se\/knivsta\/radgivning\/\"]}]},{\"@type\":\"BreadcrumbList\",\"@id\":\"https:\/\/nyforetagarcentrum.se\/knivsta\/radgivning\/#breadcrumb\",\"itemListElement\":[{\"@type\":\"ListItem\",\"position\":1,\"name\":\"Hem\",\"item\":\"https:\/\/nyforetagarcentrum.se\/knivsta\/\"},{\"@type\":\"ListItem\",\"position\":2,\"name\":\"R\u00e5dgivning\"}]},{\"@type\":\"WebSite\",\"@id\":\"https:\/\/nyforetagarcentrum.se\/knivsta\/#website\",\"url\":\"https:\/\/nyforetagarcentrum.se\/knivsta\/\",\"name\":\"Knivsta\",\"description\":\"Sveriges ledande kraft f\u00f6r fler nya livskraftiga f\u00f6retag\",\"publisher\":{\"@id\":\"https:\/\/nyforetagarcentrum.se\/knivsta\/#organization\"},\"potentialAction\":[{\"@type\":\"SearchAction\",\"target\":{\"@type\":\"EntryPoint\",\"urlTemplate\":\"https:\/\/nyforetagarcentrum.se\/knivsta\/?s={search_term_string}\"},\"query-input\":\"required name=search_term_string\"}],\"inLanguage\":\"sv-SE\"},{\"@type\":\"Organization\",\"@id\":\"https:\/\/nyforetagarcentrum.se\/knivsta\/#organization\",\"name\":\"Knivsta\",\"url\":\"https:\/\/nyforetagarcentrum.se\/knivsta\/\",\"logo\":{\"@type\":\"ImageObject\",\"inLanguage\":\"sv-SE\",\"@id\":\"https:\/\/nyforetagarcentrum.se\/knivsta\/#\/schema\/logo\/image\/\",\"url\":\"https:\/\/nyforetagarcentrum.se\/knivsta\/wp-content\/uploads\/sites\/87\/2024\/04\/Knivsta.png\",\"contentUrl\":\"https:\/\/nyforetagarcentrum.se\/knivsta\/wp-content\/uploads\/sites\/87\/2024\/04\/Knivsta.png\",\"width\":1082,\"height\":542,\"caption\":\"Knivsta\"},\"image\":{\"@id\":\"https:\/\/nyforetagarcentrum.se\/knivsta\/#\/schema\/logo\/image\/\"}}]}<\/script>\n<!-- \/ Yoast SEO plugin. -->","yoast_head_json":{"title":"R\u00e5dgivning - Knivsta","robots":{"index":"index","follow":"follow","max-snippet":"max-snippet:-1","max-image-preview":"max-image-preview:large","max-video-preview":"max-video-preview:-1"},"canonical":"https:\/\/nyforetagarcentrum.se\/knivsta\/radgivning\/","og_locale":"sv_SE","og_type":"article","og_title":"R\u00e5dgivning - Knivsta","og_description":"S\u00e5 h\u00e4r g\u00e5r det till Vanliga fr\u00e5gor om r\u00e5dgivning","og_url":"https:\/\/nyforetagarcentrum.se\/knivsta\/radgivning\/","og_site_name":"Knivsta","article_modified_time":"2025-06-24T09:08:59+00:00","twitter_card":"summary_large_image","twitter_misc":{"Ber\u00e4knad l\u00e4stid":"1 minut"},"schema":{"@context":"https:\/\/schema.org","@graph":[{"@type":"WebPage","@id":"https:\/\/nyforetagarcentrum.se\/knivsta\/radgivning\/","url":"https:\/\/nyforetagarcentrum.se\/knivsta\/radgivning\/","name":"R\u00e5dgivning - Knivsta","isPartOf":{"@id":"https:\/\/nyforetagarcentrum.se\/knivsta\/#website"},"datePublished":"2024-02-22T09:59:00+00:00","dateModified":"2025-06-24T09:08:59+00:00","breadcrumb":{"@id":"https:\/\/nyforetagarcentrum.se\/knivsta\/radgivning\/#breadcrumb"},"inLanguage":"sv-SE","potentialAction":[{"@type":"ReadAction","target":["https:\/\/nyforetagarcentrum.se\/knivsta\/radgivning\/"]}]},{"@type":"BreadcrumbList","@id":"https:\/\/nyforetagarcentrum.se\/knivsta\/radgivning\/#breadcrumb","itemListElement":[{"@type":"ListItem","position":1,"name":"Hem","item":"https:\/\/nyforetagarcentrum.se\/knivsta\/"},{"@type":"ListItem","position":2,"name":"R\u00e5dgivning"}]},{"@type":"WebSite","@id":"https:\/\/nyforetagarcentrum.se\/knivsta\/#website","url":"https:\/\/nyforetagarcentrum.se\/knivsta\/","name":"Knivsta","description":"Sveriges ledande kraft f\u00f6r fler nya livskraftiga f\u00f6retag","publisher":{"@id":"https:\/\/nyforetagarcentrum.se\/knivsta\/#organization"},"potentialAction":[{"@type":"SearchAction","target":{"@type":"EntryPoint","urlTemplate":"https:\/\/nyforetagarcentrum.se\/knivsta\/?s={search_term_string}"},"query-input":"required name=search_term_string"}],"inLanguage":"sv-SE"},{"@type":"Organization","@id":"https:\/\/nyforetagarcentrum.se\/knivsta\/#organization","name":"Knivsta","url":"https:\/\/nyforetagarcentrum.se\/knivsta\/","logo":{"@type":"ImageObject","inLanguage":"sv-SE","@id":"https:\/\/nyforetagarcentrum.se\/knivsta\/#\/schema\/logo\/image\/","url":"https:\/\/nyforetagarcentrum.se\/knivsta\/wp-content\/uploads\/sites\/87\/2024\/04\/Knivsta.png","contentUrl":"https:\/\/nyforetagarcentrum.se\/knivsta\/wp-content\/uploads\/sites\/87\/2024\/04\/Knivsta.png","width":1082,"height":542,"caption":"Knivsta"},"image":{"@id":"https:\/\/nyforetagarcentrum.se\/knivsta\/#\/schema\/logo\/image\/"}}]}},"_links":{"self":[{"href":"https:\/\/nyforetagarcentrum.se\/knivsta\/wp-json\/wp\/v2\/pages\/93"}],"collection":[{"href":"https:\/\/nyforetagarcentrum.se\/knivsta\/wp-json\/wp\/v2\/pages"}],"about":[{"href":"https:\/\/nyforetagarcentrum.se\/knivsta\/wp-json\/wp\/v2\/types\/page"}],"author":[{"embeddable":true,"href":"https:\/\/nyforetagarcentrum.se\/knivsta\/wp-json\/wp\/v2\/users\/1"}],"replies":[{"embeddable":true,"href":"https:\/\/nyforetagarcentrum.se\/knivsta\/wp-json\/wp\/v2\/comments?post=93"}],"version-history":[{"count":12,"href":"https:\/\/nyforetagarcentrum.se\/knivsta\/wp-json\/wp\/v2\/pages\/93\/revisions"}],"predecessor-version":[{"id":381,"href":"https:\/\/nyforetagarcentrum.se\/knivsta\/wp-json\/wp\/v2\/pages\/93\/revisions\/381"}],"wp:attachment":[{"href":"https:\/\/nyforetagarcentrum.se\/knivsta\/wp-json\/wp\/v2\/media?parent=93"}],"curies":[{"name":"wp","href":"https:\/\/api.w.org\/{rel}","templated":true}]}}