{"id":48,"date":"2024-02-22T10:29:05","date_gmt":"2024-02-22T09:29:05","guid":{"rendered":"https:\/\/nyforetagarcentrum.se\/karlskrona\/?page_id=48"},"modified":"2025-12-15T10:44:32","modified_gmt":"2025-12-15T09:44:32","slug":"erbjudanden","status":"publish","type":"page","link":"https:\/\/nyforetagarcentrum.se\/karlskrona\/erbjudanden\/","title":{"rendered":"Erbjudanden"},"content":{"rendered":"<section  class=\"nfc-block-hero alignfull\">\n\n    <img loading=\"lazy\" decoding=\"async\" width=\"1512\" height=\"745\" src=\"https:\/\/nyforetagarcentrum.se\/karlskrona\/wp-content\/uploads\/sites\/83\/2024\/02\/Topp-banner-2.png\" class=\"attachment-landscape size-landscape\" alt=\"\" srcset=\"https:\/\/nyforetagarcentrum.se\/karlskrona\/wp-content\/uploads\/sites\/83\/2024\/02\/Topp-banner-2.png 1512w, https:\/\/nyforetagarcentrum.se\/karlskrona\/wp-content\/uploads\/sites\/83\/2024\/02\/Topp-banner-2-300x148.png 300w, https:\/\/nyforetagarcentrum.se\/karlskrona\/wp-content\/uploads\/sites\/83\/2024\/02\/Topp-banner-2-1024x505.png 1024w, https:\/\/nyforetagarcentrum.se\/karlskrona\/wp-content\/uploads\/sites\/83\/2024\/02\/Topp-banner-2-768x378.png 768w\" sizes=\"(max-width: 1512px) 100vw, 1512px\" \/>\n    <div class=\"contained\">\n        <h1 class=\"nfc-block-hero__heading\">V\u00e5ra erbjudanden till dig som \u00e4r f\u00f6retagare<\/h1>\n\n            <\/div>\n<\/section>\n\n\n<div style=\"height:50px\" aria-hidden=\"true\" class=\"wp-block-spacer\"><\/div>\n\n\n<section  class=\"nfc-block-breadcrumbs alignwide\">\n    <div class=\"wrapper contained\">\n        <ol class=\"breadcrumbs\" itemscope itemtype=\"https:\/\/schema.org\/BreadcrumbList\">\n            <li itemprop=\"itemListElement\" itemscope itemtype=\"https:\/\/schema.org\/ListItem\">\n            \n\n                            <span class=\"current\" itemprop=\"name\">Hem<\/span>\n            \n            <meta itemprop=\"position\" content=\"1\" \/>\n        <\/li>\n    <\/ol>    <\/div>\n<\/section>\n\n\n<h2 class=\"wp-block-heading alignwide has-x-large-font-size\">Ta del av exklusiva erbjudanden<\/h2>\n\n\n<section  class=\"nfc-block-offer_grid alignwide layout-small\">\n    <div class=\"contained\">\n\n        <div class=\"filter-row\">\n            \n                            <button id=\"local-offers-button\">\n                    Lokala partners\n                <\/button>\n                <button id=\"national-offers-button\" class=\"outlined\">\n                    Nationella partners\n                <\/button>\n                    <\/div>\n\n        <div class=\"grid\" id=\"offers-grid\">\n            <div class=\"offer-card\">\n\n    <div class=\"gallery-wrapper\">\n                    <div class=\"selected-media\">\n                                    <img loading=\"lazy\" decoding=\"async\" width=\"1024\" height=\"553\" src=\"https:\/\/nyforetagarcentrum.se\/karlskrona\/wp-content\/uploads\/sites\/83\/2026\/02\/Skarmavbild-2026-02-19-kl.-10.32.01-1024x553.png\" class=\"attachment-large size-large\" alt=\"\" srcset=\"https:\/\/nyforetagarcentrum.se\/karlskrona\/wp-content\/uploads\/sites\/83\/2026\/02\/Skarmavbild-2026-02-19-kl.-10.32.01-1024x553.png 1024w, https:\/\/nyforetagarcentrum.se\/karlskrona\/wp-content\/uploads\/sites\/83\/2026\/02\/Skarmavbild-2026-02-19-kl.-10.32.01-300x162.png 300w, https:\/\/nyforetagarcentrum.se\/karlskrona\/wp-content\/uploads\/sites\/83\/2026\/02\/Skarmavbild-2026-02-19-kl.-10.32.01-768x415.png 768w, https:\/\/nyforetagarcentrum.se\/karlskrona\/wp-content\/uploads\/sites\/83\/2026\/02\/Skarmavbild-2026-02-19-kl.-10.32.01.png 1408w\" sizes=\"(max-width: 1024px) 100vw, 1024px\" \/>                            <\/div>\n        \n            <\/div>\n\n\n    <div class=\"content-wrapper\">\n        \n        <h3>Enskilt avlopp \u2013 tryggt och enkelt<\/h3>\n\n        \n        <div class=\"content\">\n            <p class=\"lineheight10\"><span lang=\"SV\"><span class=\"fontsizelarge\">Vi erbjuder h\u00e5llbara l\u00f6sningar inom\u00a0<\/span><strong>vattenhantering<\/strong><span class=\"fontsizelarge\">\u00a0och ligger i framkant inom teknik f\u00f6r avloppsrening av\u00a0<\/span><strong>enskilda avlopp<\/strong><span class=\"fontsizelarge\">.\u00a0<\/span><\/span><span lang=\"SV\"><br \/>\n<\/span><span class=\"fontsizelarge\"><span lang=\"SV\">Ut\u00f6ver reningssystem har vi ett sortiment av\u00a0<\/span><\/span><strong><span lang=\"SV\">f\u00f6rvaringstankar<\/span><\/strong><span class=\"fontsizelarge\"><span lang=\"SV\"> som m\u00f6ter olika behov.\u00a0<\/span><\/span><\/p>\n<p class=\"lineheight10\"><span class=\"fontsizelarge\"><span lang=\"SV\">Kingspan BAGA har\u00a0<\/span><\/span><strong><span lang=\"SV\">s\u00e4ljkontor \u00f6ver hela landet<\/span><\/strong><span class=\"fontsizelarge\"><span lang=\"SV\">. Med en\u00a0<\/span><\/span><strong><span lang=\"SV\">rikst\u00e4ckande serviceorganisation\u00a0<\/span><\/strong><span class=\"fontsizelarge\"><span lang=\"SV\">i Sverige \u2013 och verksamhet \u00e4ven i Norge \u2013 kan vi ge v\u00e5ra kunder\u00a0<\/span><\/span><strong><span lang=\"SV\">trygg support\u00a0<\/span><\/strong><span class=\"fontsizelarge\"><span lang=\"SV\">samt l\u00e5ngsiktiga och\u00a0<\/span><\/span><strong><span lang=\"SV\">kundanpassade l\u00f6sningar<\/span><\/strong><span class=\"fontsizelarge\"><span lang=\"SV\">.<\/span><\/span><\/p>\n<p class=\"lineheight10\"><span class=\"fontsizelarge\"><span lang=\"SV\">F\u00f6retaget ing\u00e5r i den globala koncernen Kingspan med \u00f6ver <\/span><\/span><strong><span lang=\"SV\">24.000 medarbetare<\/span><\/strong><span class=\"fontsizelarge\"><span lang=\"SV\">.<\/span><\/span><\/p>\n        <\/div>\n\n                    <a href=\"https:\/\/www.kingspan.com\/se\/sv\/produkter\/vattenhantering\/reningsverk\/?utm_source=google&amp;utm_medium=cpc&amp;utm_campaign=Sweden-BAGA&amp;utm_term=baga+avlopp&amp;gad_source=1&amp;gad_campaignid=19642692199&amp;gclid=Cj0KCQiAhtvMBhDBARIsAL26pjGq_pgkTyPBXNBHceozAedCOp6DgXtQEkg2B_Rj7UhFEkVlqVO_b6waAgGPEALw_wcB\" class=\"offer-button button outlined\" target=\"\">\n                Till webbplats                            <\/a>\n            <\/div>\n<\/div><div class=\"offer-card\">\n\n    <div class=\"gallery-wrapper\">\n                    <div class=\"selected-media\">\n                                    <img loading=\"lazy\" decoding=\"async\" width=\"1024\" height=\"493\" src=\"https:\/\/nyforetagarcentrum.se\/karlskrona\/wp-content\/uploads\/sites\/83\/2025\/01\/Skarmavbild-2025-01-27-kl.-15.47.48-1024x493.png\" class=\"attachment-large size-large\" alt=\"\" srcset=\"https:\/\/nyforetagarcentrum.se\/karlskrona\/wp-content\/uploads\/sites\/83\/2025\/01\/Skarmavbild-2025-01-27-kl.-15.47.48-1024x493.png 1024w, https:\/\/nyforetagarcentrum.se\/karlskrona\/wp-content\/uploads\/sites\/83\/2025\/01\/Skarmavbild-2025-01-27-kl.-15.47.48-300x144.png 300w, https:\/\/nyforetagarcentrum.se\/karlskrona\/wp-content\/uploads\/sites\/83\/2025\/01\/Skarmavbild-2025-01-27-kl.-15.47.48-768x370.png 768w, https:\/\/nyforetagarcentrum.se\/karlskrona\/wp-content\/uploads\/sites\/83\/2025\/01\/Skarmavbild-2025-01-27-kl.-15.47.48-1536x739.png 1536w, https:\/\/nyforetagarcentrum.se\/karlskrona\/wp-content\/uploads\/sites\/83\/2025\/01\/Skarmavbild-2025-01-27-kl.-15.47.48-2048x985.png 2048w, https:\/\/nyforetagarcentrum.se\/karlskrona\/wp-content\/uploads\/sites\/83\/2025\/01\/Skarmavbild-2025-01-27-kl.-15.47.48-1920x924.png 1920w\" sizes=\"(max-width: 1024px) 100vw, 1024px\" \/>                            <\/div>\n        \n            <\/div>\n\n\n    <div class=\"content-wrapper\">\n        \n        <h3>Midcon IT-l\u00f6sningar och IT-produkter<\/h3>\n\n        \n        <div class=\"content\">\n            <p><strong>Vi optimerar din IT, Dokumenthantering och Kommunikation<\/strong><\/p>\n<p>Midcon AB \u00e4r en av syd\u00f6stra Sveriges ledande partner inom IT-infrastrukturtj\u00e4nster, Dokumenthantering och M\u00f6testeknik.<\/p>\n<p>Kommunikation \u00e4r nyckeln f\u00f6r att allting ska fungera, och det \u00e4r h\u00e4r vi kommer in i bilden. Vi levererar ett f\u00f6rstklassigt tj\u00e4nsteutbud f\u00f6r IT-infrastruktur, Dokumenthantering, och M\u00f6testeknik. V\u00e5rt m\u00e5l \u00e4r att alltid addera tydligt kundv\u00e4rde och d\u00e4rmed \u00f6ka effektivitet och l\u00f6nsamhet hos v\u00e5ra kunder.<\/p>\n<p>V\u00e5ra kunder \u00e4r b\u00e5de sm\u00e5 och medelstora f\u00f6retag samt offentlig f\u00f6rvaltning. F\u00f6r sm\u00e5 och medelstora kunder \u00e4r vi ofta en sj\u00e4lvklar totalleverant\u00f6r av Dokumenthantering, IT-produkter, IT-drifttj\u00e4nster, IT-konsulttj\u00e4nster och M\u00f6testeknik.<\/p>\n<p><a href=\"https:\/\/www.midcon.se\/blogg\/vad-behover-du-for-it-losningar-och-it-produkter-nar-du-startar-foretag\/\">H\u00e4r kan du l\u00e4sa Midcons blogg som riktar sig till dig som ny f\u00f6retagare!<\/a><\/p>\n        <\/div>\n\n                    <a href=\"https:\/\/www.midcon.se\/?utm_campaign=C56%20-%20Performance%20Max%20%28Midcon%29&amp;utm_source=adwords&amp;utm_content=Startsida&amp;utm_term&amp;utm_medium=ppc&amp;hsa_acc=7441891181&amp;hsa_cam=16821602386&amp;hsa_grp&amp;hsa_ad&amp;hsa_src=x&amp;hsa_tgt&amp;hsa_kw&amp;hsa_mt&amp;hsa_net=adwords&amp;hsa_ver=3&amp;gad_source=1&amp;gad_campaignid=21503848312&amp;gclid=Cj0KCQiAhtvMBhDBARIsAL26pjHCKqT8nal4x6OYpf0RDRnrWxIe0i4RzNU8mWyH_4Ua2i2drk7-vcsaAvLZEALw_wcB\" class=\"offer-button button outlined\" target=\"\">\n                Till webbplats                            <\/a>\n            <\/div>\n<\/div><div class=\"offer-card\">\n\n    <div class=\"gallery-wrapper\">\n                    <div class=\"selected-media\">\n                                    <img loading=\"lazy\" decoding=\"async\" width=\"526\" height=\"378\" src=\"https:\/\/nyforetagarcentrum.se\/karlskrona\/wp-content\/uploads\/sites\/83\/2024\/04\/image003-526x378-1.jpg\" class=\"attachment-large size-large\" alt=\"\" srcset=\"https:\/\/nyforetagarcentrum.se\/karlskrona\/wp-content\/uploads\/sites\/83\/2024\/04\/image003-526x378-1.jpg 526w, https:\/\/nyforetagarcentrum.se\/karlskrona\/wp-content\/uploads\/sites\/83\/2024\/04\/image003-526x378-1-300x216.jpg 300w\" sizes=\"(max-width: 526px) 100vw, 526px\" \/>                            <\/div>\n        \n            <\/div>\n\n\n    <div class=\"content-wrapper\">\n        \n        <h3>Ekonominavigation<\/h3>\n\n        \n        <div class=\"content\">\n            <p><em><strong>Ekonominavigation i Karlskrona bjuder p\u00e5 Fortnox i ett helt \u00e5r om ni startar upp ert aktiebolag genom oss.<\/strong><\/em><\/p>\n<p>G\u00f6r det inte sv\u00e5rare \u00e4n det beh\u00f6ver vara. Vi hj\u00e4lper er tryggt och enkelt, hela v\u00e4gen med all formalia och sk\u00f6ter kontakten med Bolagsverket, samt ser till att allt g\u00e5r smidigt och r\u00e4tt till. Allt ni beh\u00f6ver \u00e4r medel till ert aktiekapital om minst 25 000 kr.<\/p>\n<p>G\u00e5r ni i tankar att utveckla ert f\u00f6retagande?<br \/>\nStarta en ny verksamhet eller beh\u00f6ver ni avlastning med er bokf\u00f6ring?<br \/>\nVi finns h\u00e4r f\u00f6r er, n\u00e4ra marknaden, tillg\u00e4ngliga med lokal f\u00f6rankring!<\/p>\n<p>Kontakta oss f\u00f6r mer ett m\u00f6te, s\u00e5 ber\u00e4ttar vi mer:<br \/>\nFilip Aronsson Issal <a href=\"mailto:info@ekonominavigation.se\">info@ekonominavigation.se<\/a> 0455-69 49 80<\/p>\n<p>&nbsp;<\/p>\n        <\/div>\n\n                    <a href=\"https:\/\/www.ekonominavigation.se\/\" class=\"offer-button button outlined\" target=\"\">\n                Till webbplats                            <\/a>\n            <\/div>\n<\/div><div class=\"offer-card\">\n\n    <div class=\"gallery-wrapper\">\n                    <div class=\"selected-media\">\n                                    <img loading=\"lazy\" decoding=\"async\" width=\"1024\" height=\"553\" src=\"https:\/\/nyforetagarcentrum.se\/karlskrona\/wp-content\/uploads\/sites\/83\/2026\/02\/2026-02-TC-NFC-Erbjudande.jpg\" class=\"attachment-large size-large\" alt=\"\" srcset=\"https:\/\/nyforetagarcentrum.se\/karlskrona\/wp-content\/uploads\/sites\/83\/2026\/02\/2026-02-TC-NFC-Erbjudande.jpg 1024w, https:\/\/nyforetagarcentrum.se\/karlskrona\/wp-content\/uploads\/sites\/83\/2026\/02\/2026-02-TC-NFC-Erbjudande-300x162.jpg 300w, https:\/\/nyforetagarcentrum.se\/karlskrona\/wp-content\/uploads\/sites\/83\/2026\/02\/2026-02-TC-NFC-Erbjudande-768x415.jpg 768w\" sizes=\"(max-width: 1024px) 100vw, 1024px\" \/>                            <\/div>\n        \n            <\/div>\n\n\n    <div class=\"content-wrapper\">\n        \n        <h3>Syns man inte finns man inte&#8230;<\/h3>\n\n        \n        <div class=\"content\">\n            <p>Som nystartat f\u00f6retag kan det vara sv\u00e5rt att veta vad och hur man kan g\u00f6ra f\u00f6r att f\u00e5 fram sitt budskap p\u00e5 b\u00e4sta s\u00e4tt. Vi p\u00e5 Tryckcentrum vill g\u00e4rna hj\u00e4lpa till och erbjuder d\u00e4rf\u00f6r en gratis r\u00e5dgivningstimme d\u00e4r vi utg\u00e5r fr\u00e5n ditt f\u00f6retag och ger f\u00f6rslag p\u00e5 hur du kan g\u00e5 tillv\u00e4ga f\u00f6r att synas s\u00e5 bra som m\u00f6jligt!<\/p>\n<p><strong>Print, webbyr\u00e5, skylt &amp; dekor och profil- &amp; arbetskl\u00e4der. <\/strong><\/p>\n<p>Det \u00e4r v\u00e5ra spjutspetsomr\u00e5den som vi rymmer under ett tak och ett namn: Tryckcentrum!<\/p>\n<p>Hos oss f\u00e5r du en kvalitetsleverant\u00f6r av trycksaker och en samarbets-partner som f\u00e5r dina budskap och din verksamhet att synas \u2013 \u00e4nnu b\u00e4ttre.<\/p>\n<p>H\u00f6r av dig till David Altefur, <a href=\"mailto:david@tryckcentrum.se\">david@tryckcentrum.se<\/a> eller 0733-14 88 00 f\u00f6r att boka en tid.<\/p>\n        <\/div>\n\n                    <a href=\"http:\/\/www.tryckcentrum.se\" class=\"offer-button button outlined\" target=\"\">\n                Till webbplats                            <\/a>\n            <\/div>\n<\/div><div class=\"offer-card\">\n\n    <div class=\"gallery-wrapper\">\n                    <div class=\"selected-media\">\n                                    <img loading=\"lazy\" decoding=\"async\" width=\"567\" height=\"378\" src=\"https:\/\/nyforetagarcentrum.se\/karlskrona\/wp-content\/uploads\/sites\/83\/2024\/04\/JPG-Cozy-Kitchen-6-nzegs64ftirl3bdonrjwxwa1cu4yx0dytlvxjlfckk-567x378-1.jpg\" class=\"attachment-large size-large\" alt=\"\" srcset=\"https:\/\/nyforetagarcentrum.se\/karlskrona\/wp-content\/uploads\/sites\/83\/2024\/04\/JPG-Cozy-Kitchen-6-nzegs64ftirl3bdonrjwxwa1cu4yx0dytlvxjlfckk-567x378-1.jpg 567w, https:\/\/nyforetagarcentrum.se\/karlskrona\/wp-content\/uploads\/sites\/83\/2024\/04\/JPG-Cozy-Kitchen-6-nzegs64ftirl3bdonrjwxwa1cu4yx0dytlvxjlfckk-567x378-1-300x200.jpg 300w\" sizes=\"(max-width: 567px) 100vw, 567px\" \/>                            <\/div>\n        \n            <\/div>\n\n\n    <div class=\"content-wrapper\">\n        \n        <h3>Bistro &amp; Catering i centrala Karlskrona<\/h3>\n\n        \n        <div class=\"content\">\n            <div class=\"elementor-element elementor-element-31db615 elementor-widget elementor-widget-text-editor\" data-id=\"31db615\" data-element_type=\"text-editor.default\">\n<div class=\"elementor-widget-container\">\n<div class=\"elementor-text-editor elementor-clearfix\">\n<div class=\"elementor-element elementor-element-3a9a39ca elementor-widget elementor-widget-theme-post-content\" data-id=\"3a9a39ca\" data-element_type=\"theme-post-content.default\">\n<div class=\"elementor-widget-container\">\n<div class=\"elementor elementor-1019\" data-elementor-type=\"post\" data-elementor-id=\"1019\" data-elementor-settings=\"[]\">\n<div class=\"elementor-inner\">\n<div class=\"elementor-section-wrap\">\n<section class=\"elementor-element elementor-element-6da9bf46 elementor-section-boxed elementor-section-height-default elementor-section-height-default elementor-section elementor-top-section\" data-id=\"6da9bf46\" data-element_type=\"section\">\n<div class=\"elementor-container elementor-column-gap-default\">\n<div class=\"elementor-row\">\n<div class=\"elementor-element elementor-element-6d7e021c elementor-column elementor-col-100 elementor-top-column\" data-id=\"6d7e021c\" data-element_type=\"column\">\n<div class=\"elementor-column-wrap elementor-element-populated\">\n<div class=\"elementor-widget-wrap\">\n<div class=\"elementor-element elementor-element-567ba67 elementor-widget elementor-widget-text-editor\" data-id=\"567ba67\" data-element_type=\"text-editor.default\">\n<div class=\"elementor-widget-container\">\n<div class=\"elementor-text-editor elementor-clearfix\">\n<div class=\"elementor-element elementor-element-31db615 elementor-widget elementor-widget-text-editor\" data-id=\"31db615\" data-element_type=\"widget\" data-widget_type=\"text-editor.default\">\n<div class=\"elementor-widget-container\">\n<p>Varmt v\u00e4lkommen en trappa ner till v\u00e5r mysiga lilla restaurang p\u00e5 Landbrogatan 1 i centrala Karlskrona!<\/p>\n<p>Med k\u00e4rlek och passion str\u00e4var vi efter att ge dig en unik upplevelse.<br \/>\nVi tror p\u00e5 h\u00e5llbarhet, kvalitet och en personlig touch i allt vi g\u00f6r.<\/p>\n<p>V\u00e4lkommen f\u00f6rbi p\u00e5 en trevlig lunch<br \/>\neller ta med dig upplevelsen hem med Take away &amp; Catering.<\/p>\n<\/div>\n<\/div>\n<p>Vi erbjuder catering f\u00f6r alla tillf\u00e4llen, buff\u00e9, middagskasse, br\u00f6llop, fest och event \u2013 stora som sm\u00e5, vi har l\u00f6sningen f\u00f6r dig!<\/p>\n<p>Med l\u00e5ng erfarenhet inom restaurangbranchen tar vi v\u00e5r kunskap, passion och k\u00e4rlek f\u00f6r att ge dig en unik och smakrik catering lagad fr\u00e5n grunden p\u00e5 kvalitativa r\u00e5varor i s\u00e4song \u2013 g\u00e4rna svenska och n\u00e4rproducerade.<\/p>\n<p>V\u00e4lkommen att utforska bland v\u00e5ra menyer.<br \/>\nHar du andra \u00f6nskem\u00e5l \u00e4r du mer \u00e4n v\u00e4lkommen med din f\u00f6rfr\u00e5gan.<\/p>\n<\/div>\n<\/div>\n<\/div>\n<\/div>\n<\/div>\n<\/div>\n<\/div>\n<\/div>\n<\/section>\n<\/div>\n<\/div>\n<\/div>\n<\/div>\n<\/div>\n<\/div>\n<\/div>\n<\/div>\n        <\/div>\n\n                    <a href=\"https:\/\/www.cozykitchen.se\/\" class=\"offer-button button outlined\" target=\"\">\n                Till webbplats                            <\/a>\n            <\/div>\n<\/div>        <\/div>\n    <\/div>\n<\/section>\n\n\n<div style=\"height:80px\" aria-hidden=\"true\" class=\"wp-block-spacer\"><\/div>\n","protected":false},"excerpt":{"rendered":"<p>Ta del av exklusiva erbjudanden<\/p>\n","protected":false},"author":1,"featured_media":0,"parent":0,"menu_order":0,"comment_status":"closed","ping_status":"closed","template":"","meta":{"footnotes":""},"acf":[],"yoast_head":"<!-- This site is optimized with the Yoast SEO plugin v22.9 - https:\/\/yoast.com\/wordpress\/plugins\/seo\/ -->\n<title>Erbjudanden - Karlskrona<\/title>\n<meta name=\"description\" content=\"H\u00e4r hittar du Nyf\u00f6retagarcentrum Karlskrona exklusiva erbjudanden fr\u00e5n lokala samarbetspartners. F\u00f6r dig som \u00e4r nyf\u00f6retagare.\" \/>\n<meta name=\"robots\" content=\"index, follow, max-snippet:-1, max-image-preview:large, max-video-preview:-1\" \/>\n<link rel=\"canonical\" href=\"https:\/\/nyforetagarcentrum.se\/karlskrona\/erbjudanden\/\" \/>\n<meta property=\"og:locale\" content=\"sv_SE\" \/>\n<meta property=\"og:type\" content=\"article\" \/>\n<meta property=\"og:title\" content=\"Erbjudanden - Karlskrona\" \/>\n<meta property=\"og:description\" content=\"H\u00e4r hittar du Nyf\u00f6retagarcentrum Karlskrona exklusiva erbjudanden fr\u00e5n lokala samarbetspartners. F\u00f6r dig som \u00e4r nyf\u00f6retagare.\" \/>\n<meta property=\"og:url\" content=\"https:\/\/nyforetagarcentrum.se\/karlskrona\/erbjudanden\/\" \/>\n<meta property=\"og:site_name\" content=\"Karlskrona\" \/>\n<meta property=\"article:modified_time\" content=\"2025-12-15T09:44:32+00:00\" \/>\n<meta name=\"twitter:card\" content=\"summary_large_image\" \/>\n<meta name=\"twitter:label1\" content=\"Ber\u00e4knad l\u00e4stid\" \/>\n\t<meta name=\"twitter:data1\" content=\"1 minut\" \/>\n<script type=\"application\/ld+json\" class=\"yoast-schema-graph\">{\"@context\":\"https:\/\/schema.org\",\"@graph\":[{\"@type\":\"WebPage\",\"@id\":\"https:\/\/nyforetagarcentrum.se\/karlskrona\/erbjudanden\/\",\"url\":\"https:\/\/nyforetagarcentrum.se\/karlskrona\/erbjudanden\/\",\"name\":\"Erbjudanden - Karlskrona\",\"isPartOf\":{\"@id\":\"https:\/\/nyforetagarcentrum.se\/karlskrona\/#website\"},\"datePublished\":\"2024-02-22T09:29:05+00:00\",\"dateModified\":\"2025-12-15T09:44:32+00:00\",\"description\":\"H\u00e4r hittar du Nyf\u00f6retagarcentrum Karlskrona exklusiva erbjudanden fr\u00e5n lokala samarbetspartners. F\u00f6r dig som \u00e4r nyf\u00f6retagare.\",\"breadcrumb\":{\"@id\":\"https:\/\/nyforetagarcentrum.se\/karlskrona\/erbjudanden\/#breadcrumb\"},\"inLanguage\":\"sv-SE\",\"potentialAction\":[{\"@type\":\"ReadAction\",\"target\":[\"https:\/\/nyforetagarcentrum.se\/karlskrona\/erbjudanden\/\"]}]},{\"@type\":\"BreadcrumbList\",\"@id\":\"https:\/\/nyforetagarcentrum.se\/karlskrona\/erbjudanden\/#breadcrumb\",\"itemListElement\":[{\"@type\":\"ListItem\",\"position\":1,\"name\":\"Hem\",\"item\":\"https:\/\/nyforetagarcentrum.se\/karlskrona\/\"},{\"@type\":\"ListItem\",\"position\":2,\"name\":\"Erbjudanden\"}]},{\"@type\":\"WebSite\",\"@id\":\"https:\/\/nyforetagarcentrum.se\/karlskrona\/#website\",\"url\":\"https:\/\/nyforetagarcentrum.se\/karlskrona\/\",\"name\":\"Karlskrona\",\"description\":\"Sveriges ledande kraft f\u00f6r fler nya livskraftiga f\u00f6retag\",\"publisher\":{\"@id\":\"https:\/\/nyforetagarcentrum.se\/karlskrona\/#organization\"},\"potentialAction\":[{\"@type\":\"SearchAction\",\"target\":{\"@type\":\"EntryPoint\",\"urlTemplate\":\"https:\/\/nyforetagarcentrum.se\/karlskrona\/?s={search_term_string}\"},\"query-input\":\"required name=search_term_string\"}],\"inLanguage\":\"sv-SE\"},{\"@type\":\"Organization\",\"@id\":\"https:\/\/nyforetagarcentrum.se\/karlskrona\/#organization\",\"name\":\"Karlskrona\",\"url\":\"https:\/\/nyforetagarcentrum.se\/karlskrona\/\",\"logo\":{\"@type\":\"ImageObject\",\"inLanguage\":\"sv-SE\",\"@id\":\"https:\/\/nyforetagarcentrum.se\/karlskrona\/#\/schema\/logo\/image\/\",\"url\":\"https:\/\/nyforetagarcentrum.se\/karlskrona\/wp-content\/uploads\/sites\/83\/2024\/07\/karlskrona_bla.png\",\"contentUrl\":\"https:\/\/nyforetagarcentrum.se\/karlskrona\/wp-content\/uploads\/sites\/83\/2024\/07\/karlskrona_bla.png\",\"width\":870,\"height\":355,\"caption\":\"Karlskrona\"},\"image\":{\"@id\":\"https:\/\/nyforetagarcentrum.se\/karlskrona\/#\/schema\/logo\/image\/\"}}]}<\/script>\n<!-- \/ Yoast SEO plugin. -->","yoast_head_json":{"title":"Erbjudanden - Karlskrona","description":"H\u00e4r hittar du Nyf\u00f6retagarcentrum Karlskrona exklusiva erbjudanden fr\u00e5n lokala samarbetspartners. F\u00f6r dig som \u00e4r nyf\u00f6retagare.","robots":{"index":"index","follow":"follow","max-snippet":"max-snippet:-1","max-image-preview":"max-image-preview:large","max-video-preview":"max-video-preview:-1"},"canonical":"https:\/\/nyforetagarcentrum.se\/karlskrona\/erbjudanden\/","og_locale":"sv_SE","og_type":"article","og_title":"Erbjudanden - Karlskrona","og_description":"H\u00e4r hittar du Nyf\u00f6retagarcentrum Karlskrona exklusiva erbjudanden fr\u00e5n lokala samarbetspartners. F\u00f6r dig som \u00e4r nyf\u00f6retagare.","og_url":"https:\/\/nyforetagarcentrum.se\/karlskrona\/erbjudanden\/","og_site_name":"Karlskrona","article_modified_time":"2025-12-15T09:44:32+00:00","twitter_card":"summary_large_image","twitter_misc":{"Ber\u00e4knad l\u00e4stid":"1 minut"},"schema":{"@context":"https:\/\/schema.org","@graph":[{"@type":"WebPage","@id":"https:\/\/nyforetagarcentrum.se\/karlskrona\/erbjudanden\/","url":"https:\/\/nyforetagarcentrum.se\/karlskrona\/erbjudanden\/","name":"Erbjudanden - Karlskrona","isPartOf":{"@id":"https:\/\/nyforetagarcentrum.se\/karlskrona\/#website"},"datePublished":"2024-02-22T09:29:05+00:00","dateModified":"2025-12-15T09:44:32+00:00","description":"H\u00e4r hittar du Nyf\u00f6retagarcentrum Karlskrona exklusiva erbjudanden fr\u00e5n lokala samarbetspartners. F\u00f6r dig som \u00e4r nyf\u00f6retagare.","breadcrumb":{"@id":"https:\/\/nyforetagarcentrum.se\/karlskrona\/erbjudanden\/#breadcrumb"},"inLanguage":"sv-SE","potentialAction":[{"@type":"ReadAction","target":["https:\/\/nyforetagarcentrum.se\/karlskrona\/erbjudanden\/"]}]},{"@type":"BreadcrumbList","@id":"https:\/\/nyforetagarcentrum.se\/karlskrona\/erbjudanden\/#breadcrumb","itemListElement":[{"@type":"ListItem","position":1,"name":"Hem","item":"https:\/\/nyforetagarcentrum.se\/karlskrona\/"},{"@type":"ListItem","position":2,"name":"Erbjudanden"}]},{"@type":"WebSite","@id":"https:\/\/nyforetagarcentrum.se\/karlskrona\/#website","url":"https:\/\/nyforetagarcentrum.se\/karlskrona\/","name":"Karlskrona","description":"Sveriges ledande kraft f\u00f6r fler nya livskraftiga f\u00f6retag","publisher":{"@id":"https:\/\/nyforetagarcentrum.se\/karlskrona\/#organization"},"potentialAction":[{"@type":"SearchAction","target":{"@type":"EntryPoint","urlTemplate":"https:\/\/nyforetagarcentrum.se\/karlskrona\/?s={search_term_string}"},"query-input":"required name=search_term_string"}],"inLanguage":"sv-SE"},{"@type":"Organization","@id":"https:\/\/nyforetagarcentrum.se\/karlskrona\/#organization","name":"Karlskrona","url":"https:\/\/nyforetagarcentrum.se\/karlskrona\/","logo":{"@type":"ImageObject","inLanguage":"sv-SE","@id":"https:\/\/nyforetagarcentrum.se\/karlskrona\/#\/schema\/logo\/image\/","url":"https:\/\/nyforetagarcentrum.se\/karlskrona\/wp-content\/uploads\/sites\/83\/2024\/07\/karlskrona_bla.png","contentUrl":"https:\/\/nyforetagarcentrum.se\/karlskrona\/wp-content\/uploads\/sites\/83\/2024\/07\/karlskrona_bla.png","width":870,"height":355,"caption":"Karlskrona"},"image":{"@id":"https:\/\/nyforetagarcentrum.se\/karlskrona\/#\/schema\/logo\/image\/"}}]}},"_links":{"self":[{"href":"https:\/\/nyforetagarcentrum.se\/karlskrona\/wp-json\/wp\/v2\/pages\/48"}],"collection":[{"href":"https:\/\/nyforetagarcentrum.se\/karlskrona\/wp-json\/wp\/v2\/pages"}],"about":[{"href":"https:\/\/nyforetagarcentrum.se\/karlskrona\/wp-json\/wp\/v2\/types\/page"}],"author":[{"embeddable":true,"href":"https:\/\/nyforetagarcentrum.se\/karlskrona\/wp-json\/wp\/v2\/users\/1"}],"replies":[{"embeddable":true,"href":"https:\/\/nyforetagarcentrum.se\/karlskrona\/wp-json\/wp\/v2\/comments?post=48"}],"version-history":[{"count":14,"href":"https:\/\/nyforetagarcentrum.se\/karlskrona\/wp-json\/wp\/v2\/pages\/48\/revisions"}],"predecessor-version":[{"id":2966,"href":"https:\/\/nyforetagarcentrum.se\/karlskrona\/wp-json\/wp\/v2\/pages\/48\/revisions\/2966"}],"wp:attachment":[{"href":"https:\/\/nyforetagarcentrum.se\/karlskrona\/wp-json\/wp\/v2\/media?parent=48"}],"curies":[{"name":"wp","href":"https:\/\/api.w.org\/{rel}","templated":true}]}}