{"id":239,"date":"2024-02-29T13:59:39","date_gmt":"2024-02-29T12:59:39","guid":{"rendered":"https:\/\/nyforetagarcentrum.se\/karlshamn\/?page_id=239"},"modified":"2026-02-12T16:40:13","modified_gmt":"2026-02-12T15:40:13","slug":"vara-radgivare","status":"publish","type":"page","link":"https:\/\/nyforetagarcentrum.se\/karlshamn\/vara-radgivare\/","title":{"rendered":"V\u00e5ra r\u00e5dgivare"},"content":{"rendered":"<section  class=\"nfc-block-hero alignfull\">\n\n    <img loading=\"lazy\" decoding=\"async\" width=\"1476\" height=\"984\" src=\"https:\/\/nyforetagarcentrum.se\/karlshamn\/wp-content\/uploads\/sites\/9\/2024\/02\/Nyforetagare-ung-LOW.jpg\" class=\"attachment-landscape size-landscape\" alt=\"\" srcset=\"https:\/\/nyforetagarcentrum.se\/karlshamn\/wp-content\/uploads\/sites\/9\/2024\/02\/Nyforetagare-ung-LOW.jpg 1476w, https:\/\/nyforetagarcentrum.se\/karlshamn\/wp-content\/uploads\/sites\/9\/2024\/02\/Nyforetagare-ung-LOW-300x200.jpg 300w, https:\/\/nyforetagarcentrum.se\/karlshamn\/wp-content\/uploads\/sites\/9\/2024\/02\/Nyforetagare-ung-LOW-1024x683.jpg 1024w, https:\/\/nyforetagarcentrum.se\/karlshamn\/wp-content\/uploads\/sites\/9\/2024\/02\/Nyforetagare-ung-LOW-768x512.jpg 768w\" sizes=\"(max-width: 1476px) 100vw, 1476px\" \/>\n    <div class=\"contained\">\n        <h1 class=\"nfc-block-hero__heading\">V\u00e5ra r\u00e5dgivare<\/h1>\n\n            <\/div>\n<\/section>\n\n\n<div style=\"height:49px\" aria-hidden=\"true\" class=\"wp-block-spacer\"><\/div>\n\n\n<section  class=\"nfc-block-breadcrumbs alignwide\">\n    <div class=\"wrapper contained\">\n        <ol class=\"breadcrumbs\" itemscope itemtype=\"https:\/\/schema.org\/BreadcrumbList\">\n            <li itemprop=\"itemListElement\" itemscope itemtype=\"https:\/\/schema.org\/ListItem\">\n            \n\n                            <span class=\"current\" itemprop=\"name\">Hem<\/span>\n            \n            <meta itemprop=\"position\" content=\"1\" \/>\n        <\/li>\n    <\/ol>    <\/div>\n<\/section>\n\n\n<div class=\"wp-block-group alignfull is-layout-constrained wp-block-group-is-layout-constrained\">\n<div style=\"height:var(--wp--preset--spacing--80)\" aria-hidden=\"true\" class=\"wp-block-spacer\"><\/div>\n\n\n\n<p class=\"has-text-align-center\">V\u00e5ra r\u00e5dgivare \u00e4r eller har varit f\u00f6retagare sj\u00e4lva, med erfarenhet av vad det inneb\u00e4r att b\u00f6rja fr\u00e5n b\u00f6rjan. De har ocks\u00e5 n\u00e4tverk i sina respektive hemorter, en lokal f\u00f6rankring och kan guida dig till n\u00e4ringslivskontakter som du kan ha stor nytta av i ditt blivande aff\u00e4rsliv.<\/p>\n\n\n\n<div style=\"height:21px\" aria-hidden=\"true\" class=\"wp-block-spacer\"><\/div>\n\n\n\n<div class=\"wp-block-buttons is-content-justification-center is-layout-flex wp-container-core-buttons-is-layout-1 wp-block-buttons-is-layout-flex\">\n<div class=\"wp-block-button is-style-outline\"><a class=\"wp-block-button__link wp-element-button\" href=\"https:\/\/jobsdata-nyforetagarcentrum.se\/ExternBooking?OfficeId=4da927d1-3996-e811-80d7-0050568571f4&amp;_gl=1*ap28l2*_ga*MjM3MzkyMTUuMTcwODU0OTMxNg..*_ga_9RRJJK0Y4R*MTcxMTUyNzU0MS44LjEuMTcxMTUyODEwOS41NC4wLjA.\" target=\"_blank\" rel=\"noreferrer noopener\">Boka r\u00e5dgivning h\u00e4r<\/a><\/div>\n<\/div>\n\n\n\n<div style=\"height:var(--wp--preset--spacing--80)\" aria-hidden=\"true\" class=\"wp-block-spacer\"><\/div>\n<\/div>\n\n\n<section  class=\"nfc-block-person_grid alignwide layout-featured\">\n    <div class=\"contained\">\n        <div class=\"grid\">\n            <div class=\"person-featured-card\">\n    \n    <div class=\"featured_image\">\n                    <img loading=\"lazy\" decoding=\"async\" width=\"792\" height=\"1024\" src=\"https:\/\/nyforetagarcentrum.se\/karlshamn\/wp-content\/uploads\/sites\/9\/2026\/01\/Nina-Andersson-bild-NFC-003-792x1024.jpg\" class=\"attachment-large size-large\" alt=\"\" srcset=\"https:\/\/nyforetagarcentrum.se\/karlshamn\/wp-content\/uploads\/sites\/9\/2026\/01\/Nina-Andersson-bild-NFC-003-792x1024.jpg 792w, https:\/\/nyforetagarcentrum.se\/karlshamn\/wp-content\/uploads\/sites\/9\/2026\/01\/Nina-Andersson-bild-NFC-003-232x300.jpg 232w, https:\/\/nyforetagarcentrum.se\/karlshamn\/wp-content\/uploads\/sites\/9\/2026\/01\/Nina-Andersson-bild-NFC-003-768x993.jpg 768w, https:\/\/nyforetagarcentrum.se\/karlshamn\/wp-content\/uploads\/sites\/9\/2026\/01\/Nina-Andersson-bild-NFC-003-1188x1536.jpg 1188w, https:\/\/nyforetagarcentrum.se\/karlshamn\/wp-content\/uploads\/sites\/9\/2026\/01\/Nina-Andersson-bild-NFC-003-835x1080.jpg 835w, https:\/\/nyforetagarcentrum.se\/karlshamn\/wp-content\/uploads\/sites\/9\/2026\/01\/Nina-Andersson-bild-NFC-003.jpg 1582w\" sizes=\"(max-width: 792px) 100vw, 792px\" \/>            <\/div>\n\n    <div class=\"content-wrapper\">\n        <h3>Nina Andersson<\/h3>\n\n        \n                    <div class=\"excerpt\">\n                V\u00e5r diplomerade r\u00e5dgivare p\u00e5 Nyf\u00f6retagarCentrum Karlshamn \u00e4r Nina Andersson som \u00e4r f\u00f6retagare sj\u00e4lv, och som har stor erfarenhet av vad det inneb\u00e4r att starta, driva och utveckla f\u00f6retag. Nina brinner f\u00f6r entrepren\u00f6rskap, Karlshamns n\u00e4ringsliv och samh\u00e4llsutveckling i stort.<br \/>\r\n<br \/>\r\n&#8221;N\u00e4r du kommer p\u00e5 r\u00e5dgivning hos mig hoppas jag kunna bidra med kunskap, energi och n\u00e4tverk som g\u00f6r att du k\u00e4nner dig inspirerad att ta n\u00e4sta steg i just din f\u00f6retagsresa.  \u2002\u2002\u2002\u2002\u2002\u2002\u2002\u2002\u2002\u2002\u2002\u2002\u2002\u2002\u2002\u2002\u2002\u2002\u2002\u2002\u2002\u2002\u2002\u2002\u2002\u2002\u2002\u2002\u2002\u2002\u2002\u2002\u2002\u2002\u2002\u2002\u2002\u2002\u2002\u2002\u2002\u2002\u2002\u2002\u2002\u2002\u2002\u2002\u2002\u2002\u2002\u2002\u2002\u2002<br \/>\r\nV\u00e5r r\u00e5dgivare har ett stort engagemang f\u00f6r f\u00f6retagarfr\u00e5gor och hj\u00e4lper dig g\u00e4rna b\u00e5de med specifika fr\u00e5gor om f\u00f6retagande eller bara som bollplank.<br \/>\r\n                <br\/>\n                            <\/div>\n        \n                    <a href=\"https:\/\/jobsdata-nyforetagarcentrum.se\/ExternBooking?OfficeId=4da927d1-3996-e811-80d7-0050568571f4\" class=\"booking-button button outlined\">Boka r\u00e5dgivning<\/a>\n            <\/div>\n<\/div>        <\/div>\n    <\/div>\n<\/section>\n\n\n<div style=\"height:100px\" aria-hidden=\"true\" class=\"wp-block-spacer\"><\/div>\n","protected":false},"excerpt":{"rendered":"<p>V\u00e5ra r\u00e5dgivare \u00e4r eller har varit f\u00f6retagare sj\u00e4lva, med erfarenhet av vad det inneb\u00e4r att b\u00f6rja fr\u00e5n b\u00f6rjan. De har ocks\u00e5 n\u00e4tverk i sina respektive hemorter, en lokal f\u00f6rankring och kan guida dig till n\u00e4ringslivskontakter som du kan ha stor nytta av i ditt blivande aff\u00e4rsliv.<\/p>\n","protected":false},"author":1,"featured_media":0,"parent":0,"menu_order":0,"comment_status":"closed","ping_status":"closed","template":"","meta":{"footnotes":""},"acf":[],"yoast_head":"<!-- This site is optimized with the Yoast SEO plugin v22.9 - https:\/\/yoast.com\/wordpress\/plugins\/seo\/ -->\n<title>V\u00e5ra r\u00e5dgivare | NFC Karlshamn<\/title>\n<meta name=\"description\" content=\"F\u00e5 kostnadsfri och personlig r\u00e5dgivning fr\u00e5n experter som hj\u00e4lper dig att starta och utveckla ditt f\u00f6retag!\" \/>\n<meta name=\"robots\" content=\"index, follow, max-snippet:-1, max-image-preview:large, max-video-preview:-1\" \/>\n<link rel=\"canonical\" href=\"https:\/\/nyforetagarcentrum.se\/karlshamn\/vara-radgivare\/\" \/>\n<meta property=\"og:locale\" content=\"sv_SE\" \/>\n<meta property=\"og:type\" content=\"article\" \/>\n<meta property=\"og:title\" content=\"V\u00e5ra r\u00e5dgivare | NFC Karlshamn\" \/>\n<meta property=\"og:description\" content=\"F\u00e5 kostnadsfri och personlig r\u00e5dgivning fr\u00e5n experter som hj\u00e4lper dig att starta och utveckla ditt f\u00f6retag!\" \/>\n<meta property=\"og:url\" content=\"https:\/\/nyforetagarcentrum.se\/karlshamn\/vara-radgivare\/\" \/>\n<meta property=\"og:site_name\" content=\"Karlshamn\" \/>\n<meta property=\"article:modified_time\" content=\"2026-02-12T15:40:13+00:00\" \/>\n<meta name=\"twitter:card\" content=\"summary_large_image\" \/>\n<meta name=\"twitter:label1\" content=\"Ber\u00e4knad l\u00e4stid\" \/>\n\t<meta name=\"twitter:data1\" content=\"1 minut\" \/>\n<script type=\"application\/ld+json\" class=\"yoast-schema-graph\">{\"@context\":\"https:\/\/schema.org\",\"@graph\":[{\"@type\":\"WebPage\",\"@id\":\"https:\/\/nyforetagarcentrum.se\/karlshamn\/vara-radgivare\/\",\"url\":\"https:\/\/nyforetagarcentrum.se\/karlshamn\/vara-radgivare\/\",\"name\":\"V\u00e5ra r\u00e5dgivare | NFC Karlshamn\",\"isPartOf\":{\"@id\":\"https:\/\/nyforetagarcentrum.se\/karlshamn\/#website\"},\"datePublished\":\"2024-02-29T12:59:39+00:00\",\"dateModified\":\"2026-02-12T15:40:13+00:00\",\"description\":\"F\u00e5 kostnadsfri och personlig r\u00e5dgivning fr\u00e5n experter som hj\u00e4lper dig att starta och utveckla ditt f\u00f6retag!\",\"breadcrumb\":{\"@id\":\"https:\/\/nyforetagarcentrum.se\/karlshamn\/vara-radgivare\/#breadcrumb\"},\"inLanguage\":\"sv-SE\",\"potentialAction\":[{\"@type\":\"ReadAction\",\"target\":[\"https:\/\/nyforetagarcentrum.se\/karlshamn\/vara-radgivare\/\"]}]},{\"@type\":\"BreadcrumbList\",\"@id\":\"https:\/\/nyforetagarcentrum.se\/karlshamn\/vara-radgivare\/#breadcrumb\",\"itemListElement\":[{\"@type\":\"ListItem\",\"position\":1,\"name\":\"Hem\",\"item\":\"https:\/\/nyforetagarcentrum.se\/karlshamn\/\"},{\"@type\":\"ListItem\",\"position\":2,\"name\":\"V\u00e5ra r\u00e5dgivare\"}]},{\"@type\":\"WebSite\",\"@id\":\"https:\/\/nyforetagarcentrum.se\/karlshamn\/#website\",\"url\":\"https:\/\/nyforetagarcentrum.se\/karlshamn\/\",\"name\":\"Karlshamn\",\"description\":\"Sveriges ledande kraft f\u00f6r fler nya livskraftiga f\u00f6retag\",\"publisher\":{\"@id\":\"https:\/\/nyforetagarcentrum.se\/karlshamn\/#organization\"},\"potentialAction\":[{\"@type\":\"SearchAction\",\"target\":{\"@type\":\"EntryPoint\",\"urlTemplate\":\"https:\/\/nyforetagarcentrum.se\/karlshamn\/?s={search_term_string}\"},\"query-input\":\"required name=search_term_string\"}],\"inLanguage\":\"sv-SE\"},{\"@type\":\"Organization\",\"@id\":\"https:\/\/nyforetagarcentrum.se\/karlshamn\/#organization\",\"name\":\"Karlshamn\",\"url\":\"https:\/\/nyforetagarcentrum.se\/karlshamn\/\",\"logo\":{\"@type\":\"ImageObject\",\"inLanguage\":\"sv-SE\",\"@id\":\"https:\/\/nyforetagarcentrum.se\/karlshamn\/#\/schema\/logo\/image\/\",\"url\":\"https:\/\/nyforetagarcentrum.se\/karlshamn\/wp-content\/uploads\/sites\/9\/2024\/03\/cropped-NFC_Karlshamn_194x90.png\",\"contentUrl\":\"https:\/\/nyforetagarcentrum.se\/karlshamn\/wp-content\/uploads\/sites\/9\/2024\/03\/cropped-NFC_Karlshamn_194x90.png\",\"width\":194,\"height\":90,\"caption\":\"Karlshamn\"},\"image\":{\"@id\":\"https:\/\/nyforetagarcentrum.se\/karlshamn\/#\/schema\/logo\/image\/\"}}]}<\/script>\n<!-- \/ Yoast SEO plugin. -->","yoast_head_json":{"title":"V\u00e5ra r\u00e5dgivare | NFC Karlshamn","description":"F\u00e5 kostnadsfri och personlig r\u00e5dgivning fr\u00e5n experter som hj\u00e4lper dig att starta och utveckla ditt f\u00f6retag!","robots":{"index":"index","follow":"follow","max-snippet":"max-snippet:-1","max-image-preview":"max-image-preview:large","max-video-preview":"max-video-preview:-1"},"canonical":"https:\/\/nyforetagarcentrum.se\/karlshamn\/vara-radgivare\/","og_locale":"sv_SE","og_type":"article","og_title":"V\u00e5ra r\u00e5dgivare | NFC Karlshamn","og_description":"F\u00e5 kostnadsfri och personlig r\u00e5dgivning fr\u00e5n experter som hj\u00e4lper dig att starta och utveckla ditt f\u00f6retag!","og_url":"https:\/\/nyforetagarcentrum.se\/karlshamn\/vara-radgivare\/","og_site_name":"Karlshamn","article_modified_time":"2026-02-12T15:40:13+00:00","twitter_card":"summary_large_image","twitter_misc":{"Ber\u00e4knad l\u00e4stid":"1 minut"},"schema":{"@context":"https:\/\/schema.org","@graph":[{"@type":"WebPage","@id":"https:\/\/nyforetagarcentrum.se\/karlshamn\/vara-radgivare\/","url":"https:\/\/nyforetagarcentrum.se\/karlshamn\/vara-radgivare\/","name":"V\u00e5ra r\u00e5dgivare | NFC Karlshamn","isPartOf":{"@id":"https:\/\/nyforetagarcentrum.se\/karlshamn\/#website"},"datePublished":"2024-02-29T12:59:39+00:00","dateModified":"2026-02-12T15:40:13+00:00","description":"F\u00e5 kostnadsfri och personlig r\u00e5dgivning fr\u00e5n experter som hj\u00e4lper dig att starta och utveckla ditt f\u00f6retag!","breadcrumb":{"@id":"https:\/\/nyforetagarcentrum.se\/karlshamn\/vara-radgivare\/#breadcrumb"},"inLanguage":"sv-SE","potentialAction":[{"@type":"ReadAction","target":["https:\/\/nyforetagarcentrum.se\/karlshamn\/vara-radgivare\/"]}]},{"@type":"BreadcrumbList","@id":"https:\/\/nyforetagarcentrum.se\/karlshamn\/vara-radgivare\/#breadcrumb","itemListElement":[{"@type":"ListItem","position":1,"name":"Hem","item":"https:\/\/nyforetagarcentrum.se\/karlshamn\/"},{"@type":"ListItem","position":2,"name":"V\u00e5ra r\u00e5dgivare"}]},{"@type":"WebSite","@id":"https:\/\/nyforetagarcentrum.se\/karlshamn\/#website","url":"https:\/\/nyforetagarcentrum.se\/karlshamn\/","name":"Karlshamn","description":"Sveriges ledande kraft f\u00f6r fler nya livskraftiga f\u00f6retag","publisher":{"@id":"https:\/\/nyforetagarcentrum.se\/karlshamn\/#organization"},"potentialAction":[{"@type":"SearchAction","target":{"@type":"EntryPoint","urlTemplate":"https:\/\/nyforetagarcentrum.se\/karlshamn\/?s={search_term_string}"},"query-input":"required name=search_term_string"}],"inLanguage":"sv-SE"},{"@type":"Organization","@id":"https:\/\/nyforetagarcentrum.se\/karlshamn\/#organization","name":"Karlshamn","url":"https:\/\/nyforetagarcentrum.se\/karlshamn\/","logo":{"@type":"ImageObject","inLanguage":"sv-SE","@id":"https:\/\/nyforetagarcentrum.se\/karlshamn\/#\/schema\/logo\/image\/","url":"https:\/\/nyforetagarcentrum.se\/karlshamn\/wp-content\/uploads\/sites\/9\/2024\/03\/cropped-NFC_Karlshamn_194x90.png","contentUrl":"https:\/\/nyforetagarcentrum.se\/karlshamn\/wp-content\/uploads\/sites\/9\/2024\/03\/cropped-NFC_Karlshamn_194x90.png","width":194,"height":90,"caption":"Karlshamn"},"image":{"@id":"https:\/\/nyforetagarcentrum.se\/karlshamn\/#\/schema\/logo\/image\/"}}]}},"_links":{"self":[{"href":"https:\/\/nyforetagarcentrum.se\/karlshamn\/wp-json\/wp\/v2\/pages\/239"}],"collection":[{"href":"https:\/\/nyforetagarcentrum.se\/karlshamn\/wp-json\/wp\/v2\/pages"}],"about":[{"href":"https:\/\/nyforetagarcentrum.se\/karlshamn\/wp-json\/wp\/v2\/types\/page"}],"author":[{"embeddable":true,"href":"https:\/\/nyforetagarcentrum.se\/karlshamn\/wp-json\/wp\/v2\/users\/1"}],"replies":[{"embeddable":true,"href":"https:\/\/nyforetagarcentrum.se\/karlshamn\/wp-json\/wp\/v2\/comments?post=239"}],"version-history":[{"count":41,"href":"https:\/\/nyforetagarcentrum.se\/karlshamn\/wp-json\/wp\/v2\/pages\/239\/revisions"}],"predecessor-version":[{"id":1129,"href":"https:\/\/nyforetagarcentrum.se\/karlshamn\/wp-json\/wp\/v2\/pages\/239\/revisions\/1129"}],"wp:attachment":[{"href":"https:\/\/nyforetagarcentrum.se\/karlshamn\/wp-json\/wp\/v2\/media?parent=239"}],"curies":[{"name":"wp","href":"https:\/\/api.w.org\/{rel}","templated":true}]}}